{"id":36689,"date":"2026-03-23T11:23:40","date_gmt":"2026-03-23T10:23:40","guid":{"rendered":"https:\/\/caviar-de-neuvic.com\/?page_id=36689"},"modified":"2026-03-24T14:26:18","modified_gmt":"2026-03-24T13:26:18","slug":"comptoir-de-bordeaux","status":"publish","type":"page","link":"https:\/\/caviar-de-neuvic.com\/de\/nos-boutiques\/comptoir-de-bordeaux\/","title":{"rendered":"Comptoir de Bordeaux"},"content":{"rendered":"<div data-elementor-type=\"wp-page\" data-elementor-id=\"36689\" class=\"elementor elementor-36689\" data-elementor-post-type=\"page\">\n\t\t\t\t<div class=\"elementor-element elementor-element-533811c0 fullwidth_fix e-flex e-con-boxed e-con e-parent\" data-id=\"533811c0\" data-element_type=\"container\" data-e-type=\"container\" data-settings=\"{&quot;background_background&quot;:&quot;classic&quot;}\">\n\t\t\t\t\t<div class=\"e-con-inner\">\n\t\t\t\t\t<\/div>\n\t\t\t\t<\/div>\n\t\t<div class=\"elementor-element elementor-element-aada360 e-flex e-con-boxed e-con e-parent\" data-id=\"aada360\" data-element_type=\"container\" data-e-type=\"container\">\n\t\t\t\t\t<div class=\"e-con-inner\">\n\t\t<div class=\"elementor-element elementor-element-7b9a6b4e e-con-full e-flex e-con e-child\" data-id=\"7b9a6b4e\" data-element_type=\"container\" data-e-type=\"container\">\n\t\t\t\t<div class=\"elementor-element elementor-element-5289f27c elementor-widget elementor-widget-heading\" data-id=\"5289f27c\" data-element_type=\"widget\" data-e-type=\"widget\" data-widget_type=\"heading.default\">\n\t\t\t\t<div class=\"elementor-widget-container\">\n\t\t\t\t\t<h2 class=\"elementor-heading-title elementor-size-default\">Comptoir de Bordeaux<\/h2>\t\t\t\t<\/div>\n\t\t\t\t<\/div>\n\t\t\t\t<\/div>\n\t\t\t\t\t<\/div>\n\t\t\t\t<\/div>\n\t\t<div class=\"elementor-element elementor-element-16817f08 e-flex e-con-boxed e-con e-parent\" data-id=\"16817f08\" data-element_type=\"container\" data-e-type=\"container\">\n\t\t\t\t\t<div class=\"e-con-inner\">\n\t\t<div class=\"elementor-element elementor-element-589afea9 e-con-full e-flex e-con e-child\" data-id=\"589afea9\" data-element_type=\"container\" data-e-type=\"container\">\n\t\t\t\t<div class=\"elementor-element elementor-element-658f0d61 elementor-widget elementor-widget-image\" data-id=\"658f0d61\" data-element_type=\"widget\" data-e-type=\"widget\" data-widget_type=\"image.default\">\n\t\t\t\t<div class=\"elementor-widget-container\">\n\t\t\t\t\t\t\t\t\t\t\t\t\t\t\t<img fetchpriority=\"high\" decoding=\"async\" width=\"750\" height=\"500\" src=\"https:\/\/caviar-de-neuvic.com\/wp-content\/uploads\/2026\/03\/comptoir-bordeaux.jpg\" class=\"attachment-large size-large wp-image-36646\" alt=\"comptoir de bordeaux\" srcset=\"https:\/\/caviar-de-neuvic.com\/wp-content\/uploads\/2026\/03\/comptoir-bordeaux.jpg 750w, https:\/\/caviar-de-neuvic.com\/wp-content\/uploads\/2026\/03\/comptoir-bordeaux-300x200.jpg 300w, https:\/\/caviar-de-neuvic.com\/wp-content\/uploads\/2026\/03\/comptoir-bordeaux-18x12.jpg 18w, https:\/\/caviar-de-neuvic.com\/wp-content\/uploads\/2026\/03\/comptoir-bordeaux-454x303.jpg 454w\" sizes=\"(max-width: 750px) 100vw, 750px\" \/>\t\t\t\t\t\t\t\t\t\t\t\t\t\t\t<\/div>\n\t\t\t\t<\/div>\n\t\t\t\t<\/div>\n\t\t<div class=\"elementor-element elementor-element-3b60ff67 e-con-full e-flex e-con e-child\" data-id=\"3b60ff67\" data-element_type=\"container\" data-e-type=\"container\">\n\t\t\t\t<div class=\"elementor-element elementor-element-46c916d1 elementor-widget elementor-widget-heading\" data-id=\"46c916d1\" data-element_type=\"widget\" data-e-type=\"widget\" data-widget_type=\"heading.default\">\n\t\t\t\t<div class=\"elementor-widget-container\">\n\t\t\t\t\t<h3 class=\"elementor-heading-title elementor-size-default\">Comptoir de Bordeaux<\/h3>\t\t\t\t<\/div>\n\t\t\t\t<\/div>\n\t\t\t\t<div class=\"elementor-element elementor-element-291aca3b elementor-widget elementor-widget-text-editor\" data-id=\"291aca3b\" data-element_type=\"widget\" data-e-type=\"widget\" data-widget_type=\"text-editor.default\">\n\t\t\t\t<div class=\"elementor-widget-container\">\n\t\t\t\t\t\t\t\t\t<p>14, Passage Sarget<br \/>33000 BORDEAUX<\/p><p>T\u00e9l\u00e9phone : <a href=\"tel:+33557595486\">05 57 59 54 86<\/a><\/p><p>Email : bordeaux@caviardeneuvic.com<\/p>\t\t\t\t\t\t\t\t<\/div>\n\t\t\t\t<\/div>\n\t\t\t\t<\/div>\n\t\t<div class=\"elementor-element elementor-element-7f0fc94c e-con-full e-flex e-con e-child\" data-id=\"7f0fc94c\" data-element_type=\"container\" data-e-type=\"container\">\n\t\t\t\t<div class=\"elementor-element elementor-element-6ba0129d elementor-widget elementor-widget-text-editor\" data-id=\"6ba0129d\" data-element_type=\"widget\" data-e-type=\"widget\" data-widget_type=\"text-editor.default\">\n\t\t\t\t<div class=\"elementor-widget-container\">\n\t\t\t\t\t\t\t\t\t<p>\u00d6ffnungszeiten<\/p><p>Lundi : Ferm\u00e9<br \/>Mardi : 15h \u00e0 20h<br \/>Mercredi : 15h \u00e0 20h<br \/>Jeudi : 10h30 \u00e0 12h30 et 13h30 19h<br \/>Vendredi : 10h30 \u00e0 12h30 et 13h30 19h<br \/>Samedi : 10h30 \u00e0 12h30 et 13h30 19h<br \/>Dimanche : Ferm\u00e9<\/p>\t\t\t\t\t\t\t\t<\/div>\n\t\t\t\t<\/div>\n\t\t\t\t<\/div>\n\t\t\t\t\t<\/div>\n\t\t\t\t<\/div>\n\t\t<div class=\"elementor-element elementor-element-538c09fe e-flex e-con-boxed e-con e-parent\" data-id=\"538c09fe\" data-element_type=\"container\" data-e-type=\"container\">\n\t\t\t\t\t<div class=\"e-con-inner\">\n\t\t<div class=\"elementor-element elementor-element-18b2892f e-con-full e-flex e-con e-child\" data-id=\"18b2892f\" data-element_type=\"container\" data-e-type=\"container\">\n\t\t\t\t<div class=\"elementor-element elementor-element-5202760a elementor-align-center elementor-widget elementor-widget-button\" data-id=\"5202760a\" data-element_type=\"widget\" data-e-type=\"widget\" data-widget_type=\"button.default\">\n\t\t\t\t<div class=\"elementor-widget-container\">\n\t\t\t\t\t\t\t\t\t<div class=\"elementor-button-wrapper\">\n\t\t\t\t\t<a class=\"elementor-button elementor-button-link elementor-size-sm\" href=\"https:\/\/caviar-de-neuvic.com\/de\/nos-boutiques\/comptoir-de-bordeaux\/degustations-repas-a-bordeaux\/\">\n\t\t\t\t\t\t<span class=\"elementor-button-content-wrapper\">\n\t\t\t\t\t\t\t\t\t<span class=\"elementor-button-text\">D\u00e9gustations et repas caviar<\/span>\n\t\t\t\t\t<\/span>\n\t\t\t\t\t<\/a>\n\t\t\t\t<\/div>\n\t\t\t\t\t\t\t\t<\/div>\n\t\t\t\t<\/div>\n\t\t\t\t<\/div>\n\t\t<div class=\"elementor-element elementor-element-32ffa9fa e-con-full e-flex e-con e-child\" data-id=\"32ffa9fa\" data-element_type=\"container\" data-e-type=\"container\">\n\t\t\t\t<div class=\"elementor-element elementor-element-6646b6f2 elementor-align-center elementor-widget elementor-widget-button\" data-id=\"6646b6f2\" data-element_type=\"widget\" data-e-type=\"widget\" data-widget_type=\"button.default\">\n\t\t\t\t<div class=\"elementor-widget-container\">\n\t\t\t\t\t\t\t\t\t<div class=\"elementor-button-wrapper\">\n\t\t\t\t\t<a class=\"elementor-button elementor-size-sm\" role=\"button\">\n\t\t\t\t\t\t<span class=\"elementor-button-content-wrapper\">\n\t\t\t\t\t\t<span class=\"elementor-button-icon\">\n\t\t\t\t<svg aria-hidden=\"true\" class=\"e-font-icon-svg e-fas-angle-double-down\" viewbox=\"0 0 320 512\" xmlns=\"http:\/\/www.w3.org\/2000\/svg\"><path d=\"M143 256.3L7 120.3c-9.4-9.4-9.4-24.6 0-33.9l22.6-22.6c9.4-9.4 24.6-9.4 33.9 0l96.4 96.4 96.4-96.4c9.4-9.4 24.6-9.4 33.9 0L313 86.3c9.4 9.4 9.4 24.6 0 33.9l-136 136c-9.4 9.5-24.6 9.5-34 .1zm34 192l136-136c9.4-9.4 9.4-24.6 0-33.9l-22.6-22.6c-9.4-9.4-24.6-9.4-33.9 0L160 352.1l-96.4-96.4c-9.4-9.4-24.6-9.4-33.9 0L7 278.3c-9.4 9.4-9.4 24.6 0 33.9l136 136c9.4 9.5 24.6 9.5 34 .1z\"><\/path><\/svg>\t\t\t<\/span>\n\t\t\t\t\t\t\t\t\t<span class=\"elementor-button-text\">\u00c9v\u00e9nement (prochainement)<\/span>\n\t\t\t\t\t<\/span>\n\t\t\t\t\t<\/a>\n\t\t\t\t<\/div>\n\t\t\t\t\t\t\t\t<\/div>\n\t\t\t\t<\/div>\n\t\t\t\t<\/div>\n\t\t<div class=\"elementor-element elementor-element-1fe96317 e-con-full e-flex e-con e-child\" data-id=\"1fe96317\" data-element_type=\"container\" data-e-type=\"container\">\n\t\t\t\t<div class=\"elementor-element elementor-element-69ea3b9f elementor-align-center elementor-widget elementor-widget-button\" data-id=\"69ea3b9f\" data-element_type=\"widget\" data-e-type=\"widget\" data-widget_type=\"button.default\">\n\t\t\t\t<div class=\"elementor-widget-container\">\n\t\t\t\t\t\t\t\t\t<div class=\"elementor-button-wrapper\">\n\t\t\t\t\t<a class=\"elementor-button elementor-button-link elementor-size-sm\" href=\"https:\/\/caviar-de-neuvic.com\/de\/nos-boutiques\/les-services-de-nos-comptoirs\/\">\n\t\t\t\t\t\t<span class=\"elementor-button-content-wrapper\">\n\t\t\t\t\t\t\t\t\t<span class=\"elementor-button-text\">Unsere Dienstleistungen<\/span>\n\t\t\t\t\t<\/span>\n\t\t\t\t\t<\/a>\n\t\t\t\t<\/div>\n\t\t\t\t\t\t\t\t<\/div>\n\t\t\t\t<\/div>\n\t\t\t\t<\/div>\n\t\t\t\t\t<\/div>\n\t\t\t\t<\/div>\n\t\t\t\t<\/div>","protected":false},"excerpt":{"rendered":"<p>Comptoir de Bordeaux Comptoir de Bordeaux 14, Passage Sarget33000 BORDEAUX T\u00e9l\u00e9phone : 05 57 59 54 86 Email : bordeaux@caviardeneuvic.com Horaires Lundi : Ferm\u00e9Mardi : 15h \u00e0 20hMercredi : 15h \u00e0 20hJeudi : 10h30 \u00e0 12h30 et 13h30 19hVendredi : 10h30 \u00e0 12h30 et 13h30 19hSamedi : 10h30 \u00e0 12h30 et 13h30 19hDimanche : Ferm\u00e9 [&hellip;]<\/p>\n","protected":false},"author":3,"featured_media":0,"parent":23302,"menu_order":0,"comment_status":"closed","ping_status":"closed","template":"","meta":{"_acf_changed":false,"ocean_post_layout":"","ocean_both_sidebars_style":"","ocean_both_sidebars_content_width":0,"ocean_both_sidebars_sidebars_width":0,"ocean_sidebar":"","ocean_second_sidebar":"","ocean_disable_margins":"enable","ocean_add_body_class":"","ocean_shortcode_before_top_bar":"","ocean_shortcode_after_top_bar":"","ocean_shortcode_before_header":"","ocean_shortcode_after_header":"","ocean_has_shortcode":"","ocean_shortcode_after_title":"","ocean_shortcode_before_footer_widgets":"","ocean_shortcode_after_footer_widgets":"","ocean_shortcode_before_footer_bottom":"","ocean_shortcode_after_footer_bottom":"","ocean_display_top_bar":"default","ocean_display_header":"default","ocean_header_style":"","ocean_center_header_left_menu":"","ocean_custom_header_template":"","ocean_custom_logo":0,"ocean_custom_retina_logo":0,"ocean_custom_logo_max_width":0,"ocean_custom_logo_tablet_max_width":0,"ocean_custom_logo_mobile_max_width":0,"ocean_custom_logo_max_height":0,"ocean_custom_logo_tablet_max_height":0,"ocean_custom_logo_mobile_max_height":0,"ocean_header_custom_menu":"","ocean_menu_typo_font_family":"","ocean_menu_typo_font_subset":"","ocean_menu_typo_font_size":0,"ocean_menu_typo_font_size_tablet":0,"ocean_menu_typo_font_size_mobile":0,"ocean_menu_typo_font_size_unit":"px","ocean_menu_typo_font_weight":"","ocean_menu_typo_font_weight_tablet":"","ocean_menu_typo_font_weight_mobile":"","ocean_menu_typo_transform":"","ocean_menu_typo_transform_tablet":"","ocean_menu_typo_transform_mobile":"","ocean_menu_typo_line_height":0,"ocean_menu_typo_line_height_tablet":0,"ocean_menu_typo_line_height_mobile":0,"ocean_menu_typo_line_height_unit":"","ocean_menu_typo_spacing":0,"ocean_menu_typo_spacing_tablet":0,"ocean_menu_typo_spacing_mobile":0,"ocean_menu_typo_spacing_unit":"","ocean_menu_link_color":"","ocean_menu_link_color_hover":"","ocean_menu_link_color_active":"","ocean_menu_link_background":"","ocean_menu_link_hover_background":"","ocean_menu_link_active_background":"","ocean_menu_social_links_bg":"","ocean_menu_social_hover_links_bg":"","ocean_menu_social_links_color":"","ocean_menu_social_hover_links_color":"","ocean_disable_title":"default","ocean_disable_heading":"default","ocean_post_title":"","ocean_post_subheading":"","ocean_post_title_style":"","ocean_post_title_background_color":"","ocean_post_title_background":0,"ocean_post_title_bg_image_position":"","ocean_post_title_bg_image_attachment":"","ocean_post_title_bg_image_repeat":"","ocean_post_title_bg_image_size":"","ocean_post_title_height":0,"ocean_post_title_bg_overlay":0.5,"ocean_post_title_bg_overlay_color":"","ocean_disable_breadcrumbs":"default","ocean_breadcrumbs_color":"","ocean_breadcrumbs_separator_color":"","ocean_breadcrumbs_links_color":"","ocean_breadcrumbs_links_hover_color":"","ocean_display_footer_widgets":"default","ocean_display_footer_bottom":"default","ocean_custom_footer_template":"","omw_enable_modal_window":"enable","footnotes":""},"class_list":["post-36689","page","type-page","status-publish","hentry","entry","owp-thumbs-layout-vertical","owp-btn-normal","owp-tabs-layout-horizontal","has-no-thumbnails"],"acf":[],"yoast_head":"<!-- This site is optimized with the Yoast SEO plugin v27.4 - https:\/\/yoast.com\/product\/yoast-seo-wordpress\/ -->\n<title>Comptoir de Bordeaux - Producteur Fran\u00e7ais De Caviar<\/title>\n<meta name=\"robots\" content=\"index, follow, max-snippet:-1, max-image-preview:large, max-video-preview:-1\" \/>\n<link rel=\"canonical\" href=\"https:\/\/caviar-de-neuvic.com\/de\/nos-boutiques\/comptoir-de-bordeaux\/\" \/>\n<meta property=\"og:locale\" content=\"de_DE\" \/>\n<meta property=\"og:type\" content=\"article\" \/>\n<meta property=\"og:title\" content=\"Comptoir de Bordeaux - Producteur Fran\u00e7ais De Caviar\" \/>\n<meta property=\"og:description\" content=\"Comptoir de Bordeaux Comptoir de Bordeaux 14, Passage Sarget33000 BORDEAUX T\u00e9l\u00e9phone : 05 57 59 54 86 Email : bordeaux@caviardeneuvic.com Horaires Lundi : Ferm\u00e9Mardi : 15h \u00e0 20hMercredi : 15h \u00e0 20hJeudi : 10h30 \u00e0 12h30 et 13h30 19hVendredi : 10h30 \u00e0 12h30 et 13h30 19hSamedi : 10h30 \u00e0 12h30 et 13h30 19hDimanche : Ferm\u00e9 [&hellip;]\" \/>\n<meta property=\"og:url\" content=\"https:\/\/caviar-de-neuvic.com\/de\/nos-boutiques\/comptoir-de-bordeaux\/\" \/>\n<meta property=\"og:site_name\" content=\"Producteur Fran\u00e7ais De Caviar\" \/>\n<meta property=\"article:modified_time\" content=\"2026-03-24T13:26:18+00:00\" \/>\n<meta property=\"og:image\" content=\"https:\/\/caviar-de-neuvic.com\/wp-content\/uploads\/2026\/03\/comptoir-bordeaux.jpg\" \/>\n\t<meta property=\"og:image:width\" content=\"750\" \/>\n\t<meta property=\"og:image:height\" content=\"500\" \/>\n\t<meta property=\"og:image:type\" content=\"image\/jpeg\" \/>\n<meta name=\"twitter:card\" content=\"summary_large_image\" \/>\n<meta name=\"twitter:label1\" content=\"Gesch\u00e4tzte Lesezeit\" \/>\n\t<meta name=\"twitter:data1\" content=\"1\u00a0Minute\" \/>\n<script type=\"application\/ld+json\" class=\"yoast-schema-graph\">{\"@context\":\"https:\\\/\\\/schema.org\",\"@graph\":[{\"@type\":\"WebPage\",\"@id\":\"https:\\\/\\\/caviar-de-neuvic.com\\\/nos-boutiques\\\/comptoir-de-bordeaux\\\/\",\"url\":\"https:\\\/\\\/caviar-de-neuvic.com\\\/nos-boutiques\\\/comptoir-de-bordeaux\\\/\",\"name\":\"Comptoir de Bordeaux - Producteur Fran\u00e7ais De Caviar\",\"isPartOf\":{\"@id\":\"http:\\\/\\\/caviar-de-neuvic.com\\\/fr\\\/#website\"},\"primaryImageOfPage\":{\"@id\":\"https:\\\/\\\/caviar-de-neuvic.com\\\/nos-boutiques\\\/comptoir-de-bordeaux\\\/#primaryimage\"},\"image\":{\"@id\":\"https:\\\/\\\/caviar-de-neuvic.com\\\/nos-boutiques\\\/comptoir-de-bordeaux\\\/#primaryimage\"},\"thumbnailUrl\":\"https:\\\/\\\/caviar-de-neuvic.com\\\/wp-content\\\/uploads\\\/2026\\\/03\\\/comptoir-bordeaux.jpg\",\"datePublished\":\"2026-03-23T10:23:40+00:00\",\"dateModified\":\"2026-03-24T13:26:18+00:00\",\"breadcrumb\":{\"@id\":\"https:\\\/\\\/caviar-de-neuvic.com\\\/nos-boutiques\\\/comptoir-de-bordeaux\\\/#breadcrumb\"},\"inLanguage\":\"de\",\"potentialAction\":[{\"@type\":\"ReadAction\",\"target\":[\"https:\\\/\\\/caviar-de-neuvic.com\\\/nos-boutiques\\\/comptoir-de-bordeaux\\\/\"]}]},{\"@type\":\"ImageObject\",\"inLanguage\":\"de\",\"@id\":\"https:\\\/\\\/caviar-de-neuvic.com\\\/nos-boutiques\\\/comptoir-de-bordeaux\\\/#primaryimage\",\"url\":\"https:\\\/\\\/caviar-de-neuvic.com\\\/wp-content\\\/uploads\\\/2026\\\/03\\\/comptoir-bordeaux.jpg\",\"contentUrl\":\"https:\\\/\\\/caviar-de-neuvic.com\\\/wp-content\\\/uploads\\\/2026\\\/03\\\/comptoir-bordeaux.jpg\"},{\"@type\":\"BreadcrumbList\",\"@id\":\"https:\\\/\\\/caviar-de-neuvic.com\\\/nos-boutiques\\\/comptoir-de-bordeaux\\\/#breadcrumb\",\"itemListElement\":[{\"@type\":\"ListItem\",\"position\":1,\"name\":\"Caviar de Neuvic\",\"item\":\"https:\\\/\\\/caviar-de-neuvic.com\\\/\"},{\"@type\":\"ListItem\",\"position\":2,\"name\":\"Nos boutiques\",\"item\":\"https:\\\/\\\/caviar-de-neuvic.com\\\/nos-boutiques\\\/\"},{\"@type\":\"ListItem\",\"position\":3,\"name\":\"Comptoir de Bordeaux\"}]},{\"@type\":\"WebSite\",\"@id\":\"http:\\\/\\\/caviar-de-neuvic.com\\\/fr\\\/#website\",\"url\":\"http:\\\/\\\/caviar-de-neuvic.com\\\/fr\\\/\",\"name\":\"Producteur Fran\u00e7ais De Caviar\",\"description\":\"\",\"publisher\":{\"@id\":\"http:\\\/\\\/caviar-de-neuvic.com\\\/fr\\\/#organization\"},\"potentialAction\":[{\"@type\":\"SearchAction\",\"target\":{\"@type\":\"EntryPoint\",\"urlTemplate\":\"http:\\\/\\\/caviar-de-neuvic.com\\\/fr\\\/?s={search_term_string}\"},\"query-input\":{\"@type\":\"PropertyValueSpecification\",\"valueRequired\":true,\"valueName\":\"search_term_string\"}}],\"inLanguage\":\"de\"},{\"@type\":\"Organization\",\"@id\":\"http:\\\/\\\/caviar-de-neuvic.com\\\/fr\\\/#organization\",\"name\":\"Producteur Fran\u00e7ais De Caviar\",\"url\":\"http:\\\/\\\/caviar-de-neuvic.com\\\/fr\\\/\",\"logo\":{\"@type\":\"ImageObject\",\"inLanguage\":\"de\",\"@id\":\"http:\\\/\\\/caviar-de-neuvic.com\\\/fr\\\/#\\\/schema\\\/logo\\\/image\\\/\",\"url\":\"\",\"contentUrl\":\"\",\"caption\":\"Producteur Fran\u00e7ais De Caviar\"},\"image\":{\"@id\":\"http:\\\/\\\/caviar-de-neuvic.com\\\/fr\\\/#\\\/schema\\\/logo\\\/image\\\/\"}}]}<\/script>\n<!-- \/ Yoast SEO plugin. -->","yoast_head_json":{"title":"Comptoir de Bordeaux - Producteur Fran\u00e7ais De Caviar","robots":{"index":"index","follow":"follow","max-snippet":"max-snippet:-1","max-image-preview":"max-image-preview:large","max-video-preview":"max-video-preview:-1"},"canonical":"https:\/\/caviar-de-neuvic.com\/de\/nos-boutiques\/comptoir-de-bordeaux\/","og_locale":"de_DE","og_type":"article","og_title":"Comptoir de Bordeaux - Producteur Fran\u00e7ais De Caviar","og_description":"Comptoir de Bordeaux Comptoir de Bordeaux 14, Passage Sarget33000 BORDEAUX T\u00e9l\u00e9phone : 05 57 59 54 86 Email : bordeaux@caviardeneuvic.com Horaires Lundi : Ferm\u00e9Mardi : 15h \u00e0 20hMercredi : 15h \u00e0 20hJeudi : 10h30 \u00e0 12h30 et 13h30 19hVendredi : 10h30 \u00e0 12h30 et 13h30 19hSamedi : 10h30 \u00e0 12h30 et 13h30 19hDimanche : Ferm\u00e9 [&hellip;]","og_url":"https:\/\/caviar-de-neuvic.com\/de\/nos-boutiques\/comptoir-de-bordeaux\/","og_site_name":"Producteur Fran\u00e7ais De Caviar","article_modified_time":"2026-03-24T13:26:18+00:00","og_image":[{"width":750,"height":500,"url":"https:\/\/caviar-de-neuvic.com\/wp-content\/uploads\/2026\/03\/comptoir-bordeaux.jpg","type":"image\/jpeg"}],"twitter_card":"summary_large_image","twitter_misc":{"Gesch\u00e4tzte Lesezeit":"1\u00a0Minute"},"schema":{"@context":"https:\/\/schema.org","@graph":[{"@type":"WebPage","@id":"https:\/\/caviar-de-neuvic.com\/nos-boutiques\/comptoir-de-bordeaux\/","url":"https:\/\/caviar-de-neuvic.com\/nos-boutiques\/comptoir-de-bordeaux\/","name":"Comptoir de Bordeaux - Producteur Fran\u00e7ais De Caviar","isPartOf":{"@id":"http:\/\/caviar-de-neuvic.com\/fr\/#website"},"primaryImageOfPage":{"@id":"https:\/\/caviar-de-neuvic.com\/nos-boutiques\/comptoir-de-bordeaux\/#primaryimage"},"image":{"@id":"https:\/\/caviar-de-neuvic.com\/nos-boutiques\/comptoir-de-bordeaux\/#primaryimage"},"thumbnailUrl":"https:\/\/caviar-de-neuvic.com\/wp-content\/uploads\/2026\/03\/comptoir-bordeaux.jpg","datePublished":"2026-03-23T10:23:40+00:00","dateModified":"2026-03-24T13:26:18+00:00","breadcrumb":{"@id":"https:\/\/caviar-de-neuvic.com\/nos-boutiques\/comptoir-de-bordeaux\/#breadcrumb"},"inLanguage":"de","potentialAction":[{"@type":"ReadAction","target":["https:\/\/caviar-de-neuvic.com\/nos-boutiques\/comptoir-de-bordeaux\/"]}]},{"@type":"ImageObject","inLanguage":"de","@id":"https:\/\/caviar-de-neuvic.com\/nos-boutiques\/comptoir-de-bordeaux\/#primaryimage","url":"https:\/\/caviar-de-neuvic.com\/wp-content\/uploads\/2026\/03\/comptoir-bordeaux.jpg","contentUrl":"https:\/\/caviar-de-neuvic.com\/wp-content\/uploads\/2026\/03\/comptoir-bordeaux.jpg"},{"@type":"BreadcrumbList","@id":"https:\/\/caviar-de-neuvic.com\/nos-boutiques\/comptoir-de-bordeaux\/#breadcrumb","itemListElement":[{"@type":"ListItem","position":1,"name":"Caviar de Neuvic","item":"https:\/\/caviar-de-neuvic.com\/"},{"@type":"ListItem","position":2,"name":"Nos boutiques","item":"https:\/\/caviar-de-neuvic.com\/nos-boutiques\/"},{"@type":"ListItem","position":3,"name":"Comptoir de Bordeaux"}]},{"@type":"WebSite","@id":"http:\/\/caviar-de-neuvic.com\/fr\/#website","url":"http:\/\/caviar-de-neuvic.com\/fr\/","name":"Producteur Fran\u00e7ais De Caviar","description":"","publisher":{"@id":"http:\/\/caviar-de-neuvic.com\/fr\/#organization"},"potentialAction":[{"@type":"SearchAction","target":{"@type":"EntryPoint","urlTemplate":"http:\/\/caviar-de-neuvic.com\/fr\/?s={search_term_string}"},"query-input":{"@type":"PropertyValueSpecification","valueRequired":true,"valueName":"search_term_string"}}],"inLanguage":"de"},{"@type":"Organization","@id":"http:\/\/caviar-de-neuvic.com\/fr\/#organization","name":"Producteur Fran\u00e7ais De Caviar","url":"http:\/\/caviar-de-neuvic.com\/fr\/","logo":{"@type":"ImageObject","inLanguage":"de","@id":"http:\/\/caviar-de-neuvic.com\/fr\/#\/schema\/logo\/image\/","url":"","contentUrl":"","caption":"Producteur Fran\u00e7ais De Caviar"},"image":{"@id":"http:\/\/caviar-de-neuvic.com\/fr\/#\/schema\/logo\/image\/"}}]}},"_links":{"self":[{"href":"https:\/\/caviar-de-neuvic.com\/de\/wp-json\/wp\/v2\/pages\/36689","targetHints":{"allow":["GET"]}}],"collection":[{"href":"https:\/\/caviar-de-neuvic.com\/de\/wp-json\/wp\/v2\/pages"}],"about":[{"href":"https:\/\/caviar-de-neuvic.com\/de\/wp-json\/wp\/v2\/types\/page"}],"author":[{"embeddable":true,"href":"https:\/\/caviar-de-neuvic.com\/de\/wp-json\/wp\/v2\/users\/3"}],"replies":[{"embeddable":true,"href":"https:\/\/caviar-de-neuvic.com\/de\/wp-json\/wp\/v2\/comments?post=36689"}],"version-history":[{"count":16,"href":"https:\/\/caviar-de-neuvic.com\/de\/wp-json\/wp\/v2\/pages\/36689\/revisions"}],"predecessor-version":[{"id":36765,"href":"https:\/\/caviar-de-neuvic.com\/de\/wp-json\/wp\/v2\/pages\/36689\/revisions\/36765"}],"up":[{"embeddable":true,"href":"https:\/\/caviar-de-neuvic.com\/de\/wp-json\/wp\/v2\/pages\/23302"}],"wp:attachment":[{"href":"https:\/\/caviar-de-neuvic.com\/de\/wp-json\/wp\/v2\/media?parent=36689"}],"curies":[{"name":"wp","href":"https:\/\/api.w.org\/{rel}","templated":true}]}}