{"id":1125,"date":"2019-10-21T10:10:09","date_gmt":"2019-10-21T10:10:09","guid":{"rendered":"https:\/\/caviar-de-neuvic.com\/produits\/caviar-baeri-reserve-boite-origine\/"},"modified":"2025-12-17T13:48:58","modified_gmt":"2025-12-17T12:48:58","slug":"caviar-baeri-reserve-boite-origine","status":"publish","type":"product","link":"https:\/\/caviar-de-neuvic.com\/de\/p\/accueil\/caviar\/caviar-baeri\/caviar-baeri-reserve-boite-origine\/","title":{"rendered":"Baeri Kaviar Reserve \u2013 Originaldose"},"content":{"rendered":"<h3>Kaviar mit einer Boite Origine servieren<\/h3>\n<p>Entfernen Sie das Gummiband um die Dose und heben Sie den Deckel vorsichtig ab. Nehmen Sie mit einem Perlmuttl\u00f6ffel eine gro\u00dfz\u00fcgige Portion Kaviar aus der Mitte der Dose. Legen Sie den Kaviar auf den Handr\u00fccken zwischen Daumen und Zeigefinger, um ihn leicht zu erw\u00e4rmen. Genie\u00dfen Sie ihn direkt von der Haut und lassen Sie die K\u00f6rner auf der Zunge zergehen.<\/p>\n<h3>Mehr dazu im Blog<\/h3>\n<ul style=\"list-style-type: circle;\">\n<li><a href=\"https:\/\/caviar-de-neuvic.com\/de\/universducaviar\/comment-servir-du-caviar\/\">Wie serviert man Kaviar?<\/a><\/li>\n<li><a href=\"https:\/\/caviar-de-neuvic.com\/de\/universducaviar\/quels-sens-mobiliser-pour-la-degustation-de-caviar\/\">Welche Sinne werden bei der Verkostung von Kaviar angesprochen?<\/a><\/li>\n<li><a href=\"https:\/\/caviar-de-neuvic.com\/de\/universducaviar\/comment-accompagner-le-caviar\/\">Wozu passt Kaviar?<\/a><\/li>\n<li><a href=\"https:\/\/caviar-de-neuvic.com\/de\/universducaviar\/comment-deguster-le-caviar\/\">Wie verkostet man Kaviar?<\/a><\/li>\n<li><a href=\"https:\/\/caviar-de-neuvic.com\/de\/universducaviar\/conserver-le-caviar\/\">Wie lagert man Kaviar?<\/a><\/li>\n<li><a href=\"https:\/\/caviar-de-neuvic.com\/de\/universducaviar\/que-boire-avec-le-caviar\/\">Ein ganz einfaches Rezept: das Ei mit Eiern<\/a><\/li>\n<\/ul>","protected":false},"excerpt":{"rendered":"<p>Die legend\u00e4re Originalverpackung in den Farben von Caviar de Neuvic. Die Originalverpackung des Kaviars l\u00e4dt zu einer gro\u00dfz\u00fcgigen und unvergesslichen Verkostung ein. Originalformat, speziell f\u00fcr die Reifung des Kaviars entwickelt und exklusiv in den Farben von Caviar de Neuvic.<\/p>\n<p>Die Bo\u00eete Origine verk\u00f6rpert die ganze Magie des Kaviars von gestern bis heute... In ihr wurde der Kaviar bereits unmittelbar nach dem Fang auf den Booten zu Zeiten des Wildkaviars aufbewahrt.<\/p>\n<h2>Ein Kaviar mit unvergleichlicher L\u00e4nge im Abgang<\/h2>\n<p>Die sch\u00f6nsten Bohnen werden aufgrund ihrer Seltenheit und ihres unvergleichlichen langen Abgangs ausgew\u00e4hlt. Die feste und seidige Textur der Eier entfaltet im Mund buttrige und holzige Noten, deren Aromen lange nachklingen.<\/p>\n<p>Die sch\u00f6nsten Bohnen werden aufgrund ihrer Seltenheit und ihres unvergleichlichen langen Abgangs ausgew\u00e4hlt. Die feste und seidige Textur der Eier entfaltet im Mund buttrige und holzige Noten, deren Aromen lange nachklingen.<\/p>","protected":false},"featured_media":1124,"template":"","meta":{"_acf_changed":false,"ocean_post_layout":"","ocean_both_sidebars_style":"","ocean_both_sidebars_content_width":0,"ocean_both_sidebars_sidebars_width":0,"ocean_sidebar":"0","ocean_second_sidebar":"0","ocean_disable_margins":"enable","ocean_add_body_class":"","ocean_shortcode_before_top_bar":"","ocean_shortcode_after_top_bar":"","ocean_shortcode_before_header":"","ocean_shortcode_after_header":"","ocean_has_shortcode":"","ocean_shortcode_after_title":"","ocean_shortcode_before_footer_widgets":"","ocean_shortcode_after_footer_widgets":"","ocean_shortcode_before_footer_bottom":"","ocean_shortcode_after_footer_bottom":"","ocean_display_top_bar":"default","ocean_display_header":"default","ocean_header_style":"","ocean_center_header_left_menu":"0","ocean_custom_header_template":"0","ocean_custom_logo":0,"ocean_custom_retina_logo":0,"ocean_custom_logo_max_width":0,"ocean_custom_logo_tablet_max_width":0,"ocean_custom_logo_mobile_max_width":0,"ocean_custom_logo_max_height":0,"ocean_custom_logo_tablet_max_height":0,"ocean_custom_logo_mobile_max_height":0,"ocean_header_custom_menu":"0","ocean_menu_typo_font_family":"0","ocean_menu_typo_font_subset":"","ocean_menu_typo_font_size":0,"ocean_menu_typo_font_size_tablet":0,"ocean_menu_typo_font_size_mobile":0,"ocean_menu_typo_font_size_unit":"px","ocean_menu_typo_font_weight":"","ocean_menu_typo_font_weight_tablet":"","ocean_menu_typo_font_weight_mobile":"","ocean_menu_typo_transform":"","ocean_menu_typo_transform_tablet":"","ocean_menu_typo_transform_mobile":"","ocean_menu_typo_line_height":0,"ocean_menu_typo_line_height_tablet":0,"ocean_menu_typo_line_height_mobile":0,"ocean_menu_typo_line_height_unit":"","ocean_menu_typo_spacing":0,"ocean_menu_typo_spacing_tablet":0,"ocean_menu_typo_spacing_mobile":0,"ocean_menu_typo_spacing_unit":"","ocean_menu_link_color":"","ocean_menu_link_color_hover":"","ocean_menu_link_color_active":"","ocean_menu_link_background":"","ocean_menu_link_hover_background":"","ocean_menu_link_active_background":"","ocean_menu_social_links_bg":"","ocean_menu_social_hover_links_bg":"","ocean_menu_social_links_color":"","ocean_menu_social_hover_links_color":"","ocean_disable_title":"default","ocean_disable_heading":"default","ocean_post_title":"","ocean_post_subheading":"","ocean_post_title_style":"","ocean_post_title_background_color":"","ocean_post_title_background":0,"ocean_post_title_bg_image_position":"","ocean_post_title_bg_image_attachment":"","ocean_post_title_bg_image_repeat":"","ocean_post_title_bg_image_size":"","ocean_post_title_height":0,"ocean_post_title_bg_overlay":0.5,"ocean_post_title_bg_overlay_color":"","ocean_disable_breadcrumbs":"default","ocean_breadcrumbs_color":"","ocean_breadcrumbs_separator_color":"","ocean_breadcrumbs_links_color":"","ocean_breadcrumbs_links_hover_color":"","ocean_display_footer_widgets":"default","ocean_display_footer_bottom":"default","ocean_custom_footer_template":"0","omw_enable_modal_window":"enable"},"product_brand":[316],"product_cat":[43,53,312],"product_tag":[],"class_list":{"0":"post-1125","1":"product","2":"type-product","3":"status-publish","4":"has-post-thumbnail","6":"product_brand-caviar-reserve","7":"product_cat-caviar-baeri","8":"product_cat-les-boites-origine","9":"product_cat-nos-caviars-reserve","10":"pa_choisissezlepoids-250g","11":"pa_choisissezlepoids-500g","12":"pa_conservation-88-aurefrigerateurentre0et4c","13":"pa_origine-france","15":"entry","16":"has-media","18":"first","19":"instock","20":"taxable","21":"shipping-taxable","22":"purchasable","23":"product-type-variable","24":"has-default-attributes","25":"has-product-nav","26":"col","27":"span_1_of_3","28":"owp-content-center","29":"item-entry","30":"owp-thumbs-layout-vertical","31":"owp-btn-normal","32":"owp-tabs-layout-horizontal"},"acf":[],"yoast_head":"<!-- This site is optimized with the Yoast SEO plugin v27.6 - https:\/\/yoast.com\/product\/yoast-seo-wordpress\/ -->\n<title>Caviar Baeri R\u00e9serve - Boite Origine - Caviar de Neuvic<\/title>\n<meta name=\"description\" content=\"Les plus beaux grains dans une boite mythique ! Ce caviar est s\u00e9lectionn\u00e9 pour sa raret\u00e9, sa longueur en bouche incomparable et la texture ferme et soyeuse des \u0153ufs.\" \/>\n<meta name=\"robots\" content=\"index, follow, max-snippet:-1, max-image-preview:large, max-video-preview:-1\" \/>\n<link rel=\"canonical\" href=\"https:\/\/caviar-de-neuvic.com\/de\/p\/accueil\/caviar\/caviar-baeri\/caviar-baeri-reserve-boite-origine\/\" \/>\n<meta property=\"og:locale\" content=\"de_DE\" \/>\n<meta property=\"og:type\" content=\"article\" \/>\n<meta property=\"og:title\" content=\"Caviar Baeri R\u00e9serve - Boite Origine - Caviar de Neuvic\" \/>\n<meta property=\"og:description\" content=\"Les plus beaux grains dans une boite mythique ! Ce caviar est s\u00e9lectionn\u00e9 pour sa raret\u00e9, sa longueur en bouche incomparable et la texture ferme et soyeuse des \u0153ufs.\" \/>\n<meta property=\"og:url\" content=\"https:\/\/caviar-de-neuvic.com\/de\/p\/accueil\/caviar\/caviar-baeri\/caviar-baeri-reserve-boite-origine\/\" \/>\n<meta property=\"og:site_name\" content=\"Producteur Fran\u00e7ais De Caviar\" \/>\n<meta property=\"article:modified_time\" content=\"2025-12-17T12:48:58+00:00\" \/>\n<meta property=\"og:image\" content=\"https:\/\/caviar-de-neuvic.com\/wp-content\/uploads\/2019\/10\/2824-Caviar-Baeri-Reserve-Boite-Origine.jpg\" \/>\n\t<meta property=\"og:image:width\" content=\"1100\" \/>\n\t<meta property=\"og:image:height\" content=\"1422\" \/>\n\t<meta property=\"og:image:type\" content=\"image\/jpeg\" \/>\n<meta name=\"twitter:card\" content=\"summary_large_image\" \/>\n<meta name=\"twitter:label1\" content=\"Gesch\u00e4tzte Lesezeit\" \/>\n\t<meta name=\"twitter:data1\" content=\"1\u00a0Minute\" \/>\n<script type=\"application\/ld+json\" class=\"yoast-schema-graph\">{\"@context\":\"https:\\\/\\\/schema.org\",\"@graph\":[{\"@type\":\"WebPage\",\"@id\":\"https:\\\/\\\/caviar-de-neuvic.com\\\/p\\\/accueil\\\/caviar\\\/caviar-baeri\\\/caviar-baeri-reserve-boite-origine\\\/\",\"url\":\"https:\\\/\\\/caviar-de-neuvic.com\\\/p\\\/accueil\\\/caviar\\\/caviar-baeri\\\/caviar-baeri-reserve-boite-origine\\\/\",\"name\":\"Caviar Baeri R\u00e9serve - Boite Origine - Caviar de Neuvic\",\"isPartOf\":{\"@id\":\"http:\\\/\\\/caviar-de-neuvic.com\\\/fr\\\/#website\"},\"primaryImageOfPage\":{\"@id\":\"https:\\\/\\\/caviar-de-neuvic.com\\\/p\\\/accueil\\\/caviar\\\/caviar-baeri\\\/caviar-baeri-reserve-boite-origine\\\/#primaryimage\"},\"image\":{\"@id\":\"https:\\\/\\\/caviar-de-neuvic.com\\\/p\\\/accueil\\\/caviar\\\/caviar-baeri\\\/caviar-baeri-reserve-boite-origine\\\/#primaryimage\"},\"thumbnailUrl\":\"https:\\\/\\\/caviar-de-neuvic.com\\\/wp-content\\\/uploads\\\/2019\\\/10\\\/2824-Caviar-Baeri-Reserve-Boite-Origine.jpg\",\"datePublished\":\"2019-10-21T10:10:09+00:00\",\"dateModified\":\"2025-12-17T12:48:58+00:00\",\"description\":\"Les plus beaux grains dans une boite mythique ! Ce caviar est s\u00e9lectionn\u00e9 pour sa raret\u00e9, sa longueur en bouche incomparable et la texture ferme et soyeuse des \u0153ufs.\",\"breadcrumb\":{\"@id\":\"https:\\\/\\\/caviar-de-neuvic.com\\\/p\\\/accueil\\\/caviar\\\/caviar-baeri\\\/caviar-baeri-reserve-boite-origine\\\/#breadcrumb\"},\"inLanguage\":\"de\",\"potentialAction\":[{\"@type\":\"ReadAction\",\"target\":[\"https:\\\/\\\/caviar-de-neuvic.com\\\/p\\\/accueil\\\/caviar\\\/caviar-baeri\\\/caviar-baeri-reserve-boite-origine\\\/\"]}]},{\"@type\":\"ImageObject\",\"inLanguage\":\"de\",\"@id\":\"https:\\\/\\\/caviar-de-neuvic.com\\\/p\\\/accueil\\\/caviar\\\/caviar-baeri\\\/caviar-baeri-reserve-boite-origine\\\/#primaryimage\",\"url\":\"https:\\\/\\\/caviar-de-neuvic.com\\\/wp-content\\\/uploads\\\/2019\\\/10\\\/2824-Caviar-Baeri-Reserve-Boite-Origine.jpg\",\"contentUrl\":\"https:\\\/\\\/caviar-de-neuvic.com\\\/wp-content\\\/uploads\\\/2019\\\/10\\\/2824-Caviar-Baeri-Reserve-Boite-Origine.jpg\",\"width\":1100,\"height\":1422,\"caption\":\"Caviar Baeri R\u00e9serve - Boite Origine\"},{\"@type\":\"BreadcrumbList\",\"@id\":\"https:\\\/\\\/caviar-de-neuvic.com\\\/p\\\/accueil\\\/caviar\\\/caviar-baeri\\\/caviar-baeri-reserve-boite-origine\\\/#breadcrumb\",\"itemListElement\":[{\"@type\":\"ListItem\",\"position\":1,\"name\":\"Caviar de Neuvic\",\"item\":\"https:\\\/\\\/caviar-de-neuvic.com\\\/\"},{\"@type\":\"ListItem\",\"position\":2,\"name\":\"Shop\",\"item\":\"https:\\\/\\\/caviar-de-neuvic.com\\\/en\\\/shop\\\/\"},{\"@type\":\"ListItem\",\"position\":3,\"name\":\"Caviar Baeri R\u00e9serve &#8211; Boite Origine\"}]},{\"@type\":\"WebSite\",\"@id\":\"http:\\\/\\\/caviar-de-neuvic.com\\\/fr\\\/#website\",\"url\":\"http:\\\/\\\/caviar-de-neuvic.com\\\/fr\\\/\",\"name\":\"Producteur Fran\u00e7ais De Caviar\",\"description\":\"\",\"publisher\":{\"@id\":\"http:\\\/\\\/caviar-de-neuvic.com\\\/fr\\\/#organization\"},\"potentialAction\":[{\"@type\":\"SearchAction\",\"target\":{\"@type\":\"EntryPoint\",\"urlTemplate\":\"http:\\\/\\\/caviar-de-neuvic.com\\\/fr\\\/?s={search_term_string}\"},\"query-input\":{\"@type\":\"PropertyValueSpecification\",\"valueRequired\":true,\"valueName\":\"search_term_string\"}}],\"inLanguage\":\"de\"},{\"@type\":\"Organization\",\"@id\":\"http:\\\/\\\/caviar-de-neuvic.com\\\/fr\\\/#organization\",\"name\":\"Producteur Fran\u00e7ais De Caviar\",\"url\":\"http:\\\/\\\/caviar-de-neuvic.com\\\/fr\\\/\",\"logo\":{\"@type\":\"ImageObject\",\"inLanguage\":\"de\",\"@id\":\"http:\\\/\\\/caviar-de-neuvic.com\\\/fr\\\/#\\\/schema\\\/logo\\\/image\\\/\",\"url\":\"\",\"contentUrl\":\"\",\"caption\":\"Producteur Fran\u00e7ais De Caviar\"},\"image\":{\"@id\":\"http:\\\/\\\/caviar-de-neuvic.com\\\/fr\\\/#\\\/schema\\\/logo\\\/image\\\/\"}}]}<\/script>\n<!-- \/ Yoast SEO plugin. -->","yoast_head_json":{"title":"Caviar Baeri R\u00e9serve - Boite Origine - Caviar de Neuvic","description":"Les plus beaux grains dans une boite mythique ! Ce caviar est s\u00e9lectionn\u00e9 pour sa raret\u00e9, sa longueur en bouche incomparable et la texture ferme et soyeuse des \u0153ufs.","robots":{"index":"index","follow":"follow","max-snippet":"max-snippet:-1","max-image-preview":"max-image-preview:large","max-video-preview":"max-video-preview:-1"},"canonical":"https:\/\/caviar-de-neuvic.com\/de\/p\/accueil\/caviar\/caviar-baeri\/caviar-baeri-reserve-boite-origine\/","og_locale":"de_DE","og_type":"article","og_title":"Caviar Baeri R\u00e9serve - Boite Origine - Caviar de Neuvic","og_description":"Les plus beaux grains dans une boite mythique ! Ce caviar est s\u00e9lectionn\u00e9 pour sa raret\u00e9, sa longueur en bouche incomparable et la texture ferme et soyeuse des \u0153ufs.","og_url":"https:\/\/caviar-de-neuvic.com\/de\/p\/accueil\/caviar\/caviar-baeri\/caviar-baeri-reserve-boite-origine\/","og_site_name":"Producteur Fran\u00e7ais De Caviar","article_modified_time":"2025-12-17T12:48:58+00:00","og_image":[{"width":1100,"height":1422,"url":"https:\/\/caviar-de-neuvic.com\/wp-content\/uploads\/2019\/10\/2824-Caviar-Baeri-Reserve-Boite-Origine.jpg","type":"image\/jpeg"}],"twitter_card":"summary_large_image","twitter_misc":{"Gesch\u00e4tzte Lesezeit":"1\u00a0Minute"},"schema":{"@context":"https:\/\/schema.org","@graph":[{"@type":"WebPage","@id":"https:\/\/caviar-de-neuvic.com\/p\/accueil\/caviar\/caviar-baeri\/caviar-baeri-reserve-boite-origine\/","url":"https:\/\/caviar-de-neuvic.com\/p\/accueil\/caviar\/caviar-baeri\/caviar-baeri-reserve-boite-origine\/","name":"Caviar Baeri R\u00e9serve - Boite Origine - Caviar de Neuvic","isPartOf":{"@id":"http:\/\/caviar-de-neuvic.com\/fr\/#website"},"primaryImageOfPage":{"@id":"https:\/\/caviar-de-neuvic.com\/p\/accueil\/caviar\/caviar-baeri\/caviar-baeri-reserve-boite-origine\/#primaryimage"},"image":{"@id":"https:\/\/caviar-de-neuvic.com\/p\/accueil\/caviar\/caviar-baeri\/caviar-baeri-reserve-boite-origine\/#primaryimage"},"thumbnailUrl":"https:\/\/caviar-de-neuvic.com\/wp-content\/uploads\/2019\/10\/2824-Caviar-Baeri-Reserve-Boite-Origine.jpg","datePublished":"2019-10-21T10:10:09+00:00","dateModified":"2025-12-17T12:48:58+00:00","description":"Les plus beaux grains dans une boite mythique ! Ce caviar est s\u00e9lectionn\u00e9 pour sa raret\u00e9, sa longueur en bouche incomparable et la texture ferme et soyeuse des \u0153ufs.","breadcrumb":{"@id":"https:\/\/caviar-de-neuvic.com\/p\/accueil\/caviar\/caviar-baeri\/caviar-baeri-reserve-boite-origine\/#breadcrumb"},"inLanguage":"de","potentialAction":[{"@type":"ReadAction","target":["https:\/\/caviar-de-neuvic.com\/p\/accueil\/caviar\/caviar-baeri\/caviar-baeri-reserve-boite-origine\/"]}]},{"@type":"ImageObject","inLanguage":"de","@id":"https:\/\/caviar-de-neuvic.com\/p\/accueil\/caviar\/caviar-baeri\/caviar-baeri-reserve-boite-origine\/#primaryimage","url":"https:\/\/caviar-de-neuvic.com\/wp-content\/uploads\/2019\/10\/2824-Caviar-Baeri-Reserve-Boite-Origine.jpg","contentUrl":"https:\/\/caviar-de-neuvic.com\/wp-content\/uploads\/2019\/10\/2824-Caviar-Baeri-Reserve-Boite-Origine.jpg","width":1100,"height":1422,"caption":"Caviar Baeri R\u00e9serve - Boite Origine"},{"@type":"BreadcrumbList","@id":"https:\/\/caviar-de-neuvic.com\/p\/accueil\/caviar\/caviar-baeri\/caviar-baeri-reserve-boite-origine\/#breadcrumb","itemListElement":[{"@type":"ListItem","position":1,"name":"Caviar de Neuvic","item":"https:\/\/caviar-de-neuvic.com\/"},{"@type":"ListItem","position":2,"name":"Shop","item":"https:\/\/caviar-de-neuvic.com\/en\/shop\/"},{"@type":"ListItem","position":3,"name":"Caviar Baeri R\u00e9serve &#8211; Boite Origine"}]},{"@type":"WebSite","@id":"http:\/\/caviar-de-neuvic.com\/fr\/#website","url":"http:\/\/caviar-de-neuvic.com\/fr\/","name":"Producteur Fran\u00e7ais De Caviar","description":"","publisher":{"@id":"http:\/\/caviar-de-neuvic.com\/fr\/#organization"},"potentialAction":[{"@type":"SearchAction","target":{"@type":"EntryPoint","urlTemplate":"http:\/\/caviar-de-neuvic.com\/fr\/?s={search_term_string}"},"query-input":{"@type":"PropertyValueSpecification","valueRequired":true,"valueName":"search_term_string"}}],"inLanguage":"de"},{"@type":"Organization","@id":"http:\/\/caviar-de-neuvic.com\/fr\/#organization","name":"Producteur Fran\u00e7ais De Caviar","url":"http:\/\/caviar-de-neuvic.com\/fr\/","logo":{"@type":"ImageObject","inLanguage":"de","@id":"http:\/\/caviar-de-neuvic.com\/fr\/#\/schema\/logo\/image\/","url":"","contentUrl":"","caption":"Producteur Fran\u00e7ais De Caviar"},"image":{"@id":"http:\/\/caviar-de-neuvic.com\/fr\/#\/schema\/logo\/image\/"}}]}},"_links":{"self":[{"href":"https:\/\/caviar-de-neuvic.com\/de\/wp-json\/wp\/v2\/product\/1125","targetHints":{"allow":["GET"]}}],"collection":[{"href":"https:\/\/caviar-de-neuvic.com\/de\/wp-json\/wp\/v2\/product"}],"about":[{"href":"https:\/\/caviar-de-neuvic.com\/de\/wp-json\/wp\/v2\/types\/product"}],"version-history":[{"count":5,"href":"https:\/\/caviar-de-neuvic.com\/de\/wp-json\/wp\/v2\/product\/1125\/revisions"}],"predecessor-version":[{"id":29973,"href":"https:\/\/caviar-de-neuvic.com\/de\/wp-json\/wp\/v2\/product\/1125\/revisions\/29973"}],"wp:featuredmedia":[{"embeddable":true,"href":"https:\/\/caviar-de-neuvic.com\/de\/wp-json\/wp\/v2\/media\/1124"}],"wp:attachment":[{"href":"https:\/\/caviar-de-neuvic.com\/de\/wp-json\/wp\/v2\/media?parent=1125"}],"wp:term":[{"taxonomy":"product_brand","embeddable":true,"href":"https:\/\/caviar-de-neuvic.com\/de\/wp-json\/wp\/v2\/product_brand?post=1125"},{"taxonomy":"product_cat","embeddable":true,"href":"https:\/\/caviar-de-neuvic.com\/de\/wp-json\/wp\/v2\/product_cat?post=1125"},{"taxonomy":"product_tag","embeddable":true,"href":"https:\/\/caviar-de-neuvic.com\/de\/wp-json\/wp\/v2\/product_tag?post=1125"}],"curies":[{"name":"wp","href":"https:\/\/api.w.org\/{rel}","templated":true}]}}