{"id":2074,"date":"2022-12-02T11:08:10","date_gmt":"2022-12-02T11:08:10","guid":{"rendered":"https:\/\/caviar-de-neuvic.com\/produits\/offre-exclusive-wiseed-oscietre-500g\/"},"modified":"2026-03-12T12:37:33","modified_gmt":"2026-03-12T11:37:33","slug":"offre-exclusive-wiseed-oscietre-500g","status":"publish","type":"product","link":"https:\/\/caviar-de-neuvic.com\/de\/p\/accueil\/les-offres-speciales-wiseed\/offre-exclusive-wiseed-oscietre-500g\/","title":{"rendered":"Offre exclusive WiSEED Osci\u00e8tre 500g"},"content":{"rendered":"<div class=\"col-md-3 titre\">servieren<\/div>\n<div class=\"col-md-9\">\n<p>Nehmen Sie Ihre Kaviar-Dose am besten 5 Minuten vor\u00a0<a href=\"https:\/\/caviar-de-neuvic.com\/de\/accessoires\/16-caviar-on-the-rocks.html\/\">dem Servieren aus<\/a> dem K\u00fchlschrank. Legen Sie sie auf ein Bett aus Eis, damit sie w\u00e4hrend des Genusses frisch bleibt.\u00a0<a href=\"https:\/\/caviar-de-neuvic.com\/de\/accessoires\/30-cuillere-en-nacre.html\/\">Verwenden Sie einen kleinen Perlmuttl\u00f6ffel, der die K\u00f6rner nicht zerbricht<\/a> und keine Oxidation riskiert.<\/p>\n<\/div>\n<div class=\"col-md-3 titre\">begleiten<\/div>\n<div class=\"col-md-9\">\n<p>Die Reinheit und Kraft eines guten Wodkas bilden einen interessanten Kontrast zu den buttrigen und \u00fcppigen Noten des Kaviars und unterstreichen gleichzeitig eine nicht ganz so unschuldige Frische.<\/p>\n<\/div>\n<div class=\"col-md-3 titre\">Recette : comme un oeuf au plat<\/div>\n<div class=\"col-md-9\">\n<p>Chanterelles et caviar. Recette propos\u00e9e par Cook N\u2019Tinem \u2013 Chef \u00e0 domicile (Bordeaux)<\/p>\n<p><img decoding=\"async\" src=\"https:\/\/www.caviar-de-neuvic.com\/img\/cms\/recette.jpg\" alt=\"\" width=\"30\" height=\"38\" \/>\u00a0<a href=\"https:\/\/caviar-de-neuvic.com\/de\/recettes\/Fiche-recette-comme-un-oeuf-au-plat.pdf\/\">T\u00e9l\u00e9charger la recette<\/a> (PDF)<\/p>\n<\/div>\n<div class=\"col-md-3 titre\">N\u00e4hrwerte<\/div>\n<div class=\"col-md-9\">\n<table class=\"table table-bordered valeurs\" border=\"1\">\n<thead>\n<tr>\n<th colspan=\"4\">Pro 100 g<\/th>\n<\/tr>\n<\/thead>\n<tbody>\n<tr>\n<td>Energiewert (kcal)<\/td>\n<td>242<\/td>\n<td>Fett (g) davon ges\u00e4ttigte Fetts\u00e4uren (g)<\/td>\n<td>14,3 (3)<\/td>\n<\/tr>\n<tr>\n<td>Energiewert (kJ)<\/td>\n<td>1012<\/td>\n<td>Kohlenhydrate (g) davon Zucker (g)<\/td>\n<td>7,2 (0,1)<\/td>\n<\/tr>\n<tr>\n<td>Eiwei\u00df (g)<\/td>\n<td>21,2<\/td>\n<td>Salz (g)<\/td>\n<td>2,93<\/td>\n<\/tr>\n<\/tbody>\n<\/table>\n<\/div>","protected":false},"excerpt":{"rendered":"<p>Caviar de Neuvic s&rsquo;associe \u00e0 WiSEED\u00a0pour une vente exclusive.<\/p>\n<p>Ce caviar est issu de l\u2019esturgeon Gueldenstaedtii vers l\u2019\u00e2ge de 12 ans. Il est \u00e9labor\u00e9 au Domaine \u00e0 Neuvic avec tout le savoir-faire et l\u2019engagement qualit\u00e9 propre \u00e0 Caviar de Neuvic. Les esturgeons qui nous donnent le Caviar de Neuvic sont tous \u00e9lev\u00e9s dans les meilleures conditions. Une eau de qualit\u00e9 et renouvel\u00e9e, une alimentation Bio, une faible densit\u00e9 et peu de manipulations.<\/p>\n<h2>Un caviar\u00a0embl\u00e9matique<\/h2>\n<p>Der Oscietra-St\u00f6r ist eine renommierte Art, wenn es um Kaviar geht. Sein Geschmack ist sowohl kr\u00e4ftig als auch strukturiert, sodass er selbst den anspruchsvollsten Gaumen erfreut.<\/p>\n<p><strong>Perlmuttl\u00f6ffel,<\/strong>\u00a0sont comprises dans l&rsquo;offre pour appr\u00e9cier pleinement la finesse et la d\u00e9licatesse du caviar.<\/p>\n<p>Cette offre contient :<\/p>\n<ul>\n<li>1 bo\u00eete de 500g de Caviar Baeri Signature<\/li>\n<li>4 cuill\u00e8res en nacre 9 cm<\/li>\n<\/ul>\n<p>Prix public : 1504 \u20ac<\/p>\n<p><span style=\"text-decoration: underline;\">Les frais de port sont offerts.<\/span><\/p>\n<p><strong>Commandez \u00e9galement par t\u00e9l\u00e9phone au 05 53 80 89 57<\/strong><\/p>","protected":false},"featured_media":2069,"template":"","meta":{"_acf_changed":false,"ocean_post_layout":"","ocean_both_sidebars_style":"","ocean_both_sidebars_content_width":0,"ocean_both_sidebars_sidebars_width":0,"ocean_sidebar":"0","ocean_second_sidebar":"0","ocean_disable_margins":"enable","ocean_add_body_class":"","ocean_shortcode_before_top_bar":"","ocean_shortcode_after_top_bar":"","ocean_shortcode_before_header":"","ocean_shortcode_after_header":"","ocean_has_shortcode":"","ocean_shortcode_after_title":"","ocean_shortcode_before_footer_widgets":"","ocean_shortcode_after_footer_widgets":"","ocean_shortcode_before_footer_bottom":"","ocean_shortcode_after_footer_bottom":"","ocean_display_top_bar":"default","ocean_display_header":"default","ocean_header_style":"","ocean_center_header_left_menu":"0","ocean_custom_header_template":"0","ocean_custom_logo":0,"ocean_custom_retina_logo":0,"ocean_custom_logo_max_width":0,"ocean_custom_logo_tablet_max_width":0,"ocean_custom_logo_mobile_max_width":0,"ocean_custom_logo_max_height":0,"ocean_custom_logo_tablet_max_height":0,"ocean_custom_logo_mobile_max_height":0,"ocean_header_custom_menu":"0","ocean_menu_typo_font_family":"0","ocean_menu_typo_font_subset":"","ocean_menu_typo_font_size":0,"ocean_menu_typo_font_size_tablet":0,"ocean_menu_typo_font_size_mobile":0,"ocean_menu_typo_font_size_unit":"px","ocean_menu_typo_font_weight":"","ocean_menu_typo_font_weight_tablet":"","ocean_menu_typo_font_weight_mobile":"","ocean_menu_typo_transform":"","ocean_menu_typo_transform_tablet":"","ocean_menu_typo_transform_mobile":"","ocean_menu_typo_line_height":0,"ocean_menu_typo_line_height_tablet":0,"ocean_menu_typo_line_height_mobile":0,"ocean_menu_typo_line_height_unit":"","ocean_menu_typo_spacing":0,"ocean_menu_typo_spacing_tablet":0,"ocean_menu_typo_spacing_mobile":0,"ocean_menu_typo_spacing_unit":"","ocean_menu_link_color":"","ocean_menu_link_color_hover":"","ocean_menu_link_color_active":"","ocean_menu_link_background":"","ocean_menu_link_hover_background":"","ocean_menu_link_active_background":"","ocean_menu_social_links_bg":"","ocean_menu_social_hover_links_bg":"","ocean_menu_social_links_color":"","ocean_menu_social_hover_links_color":"","ocean_disable_title":"default","ocean_disable_heading":"default","ocean_post_title":"","ocean_post_subheading":"","ocean_post_title_style":"","ocean_post_title_background_color":"","ocean_post_title_background":0,"ocean_post_title_bg_image_position":"","ocean_post_title_bg_image_attachment":"","ocean_post_title_bg_image_repeat":"","ocean_post_title_bg_image_size":"","ocean_post_title_height":0,"ocean_post_title_bg_overlay":0.5,"ocean_post_title_bg_overlay_color":"","ocean_disable_breadcrumbs":"default","ocean_breadcrumbs_color":"","ocean_breadcrumbs_separator_color":"","ocean_breadcrumbs_links_color":"","ocean_breadcrumbs_links_hover_color":"","ocean_display_footer_widgets":"default","ocean_display_footer_bottom":"default","ocean_custom_footer_template":"0","omw_enable_modal_window":"enable"},"product_brand":[],"product_cat":[33],"product_tag":[],"class_list":{"0":"post-2074","1":"product","2":"type-product","3":"status-publish","4":"has-post-thumbnail","6":"product_cat-les-offres-speciales-wiseed","7":"pa_conservation-bb-aurefrigerateurentre0et4c","8":"pa_origine-france","9":"pa_packdeproduits-oui","11":"entry","12":"has-media","14":"first","15":"outofstock","16":"taxable","17":"shipping-taxable","18":"purchasable","19":"product-type-simple","20":"col","21":"span_1_of_3","22":"owp-content-center","23":"item-entry","24":"owp-thumbs-layout-vertical","25":"owp-btn-normal","26":"owp-tabs-layout-horizontal"},"acf":[],"yoast_head":"<!-- This site is optimized with the Yoast SEO plugin v27.4 - https:\/\/yoast.com\/product\/yoast-seo-wordpress\/ -->\n<title>Offre exclusive WiSEED Osci\u00e8tre 500g - Caviar de Neuvic<\/title>\n<meta name=\"description\" content=\"noindex\" \/>\n<meta name=\"robots\" content=\"noindex, nofollow\" \/>\n<meta property=\"og:locale\" content=\"de_DE\" \/>\n<meta property=\"og:type\" content=\"article\" \/>\n<meta property=\"og:title\" content=\"Offre exclusive WiSEED Osci\u00e8tre 500g - Caviar de Neuvic\" \/>\n<meta property=\"og:description\" content=\"noindex\" \/>\n<meta property=\"og:url\" content=\"https:\/\/caviar-de-neuvic.com\/de\/p\/accueil\/les-offres-speciales-wiseed\/offre-exclusive-wiseed-oscietre-500g\/\" \/>\n<meta property=\"og:site_name\" content=\"Producteur Fran\u00e7ais De Caviar\" \/>\n<meta property=\"article:modified_time\" content=\"2026-03-12T11:37:33+00:00\" \/>\n<meta property=\"og:image\" content=\"https:\/\/caviar-de-neuvic.com\/wp-content\/uploads\/2022\/12\/2458-Offre-de-lautomne-Caviar-Oscietre-500g.jpg\" \/>\n\t<meta property=\"og:image:width\" content=\"1100\" \/>\n\t<meta property=\"og:image:height\" content=\"1422\" \/>\n\t<meta property=\"og:image:type\" content=\"image\/jpeg\" \/>\n<meta name=\"twitter:card\" content=\"summary_large_image\" \/>\n<meta name=\"twitter:label1\" content=\"Gesch\u00e4tzte Lesezeit\" \/>\n\t<meta name=\"twitter:data1\" content=\"2\u00a0Minuten\" \/>\n<script type=\"application\/ld+json\" class=\"yoast-schema-graph\">{\"@context\":\"https:\\\/\\\/schema.org\",\"@graph\":[{\"@type\":\"WebPage\",\"@id\":\"https:\\\/\\\/caviar-de-neuvic.com\\\/p\\\/accueil\\\/les-offres-speciales-wiseed\\\/offre-exclusive-wiseed-oscietre-500g\\\/\",\"url\":\"https:\\\/\\\/caviar-de-neuvic.com\\\/p\\\/accueil\\\/les-offres-speciales-wiseed\\\/offre-exclusive-wiseed-oscietre-500g\\\/\",\"name\":\"Offre exclusive WiSEED Osci\u00e8tre 500g - Caviar de Neuvic\",\"isPartOf\":{\"@id\":\"http:\\\/\\\/caviar-de-neuvic.com\\\/fr\\\/#website\"},\"primaryImageOfPage\":{\"@id\":\"https:\\\/\\\/caviar-de-neuvic.com\\\/p\\\/accueil\\\/les-offres-speciales-wiseed\\\/offre-exclusive-wiseed-oscietre-500g\\\/#primaryimage\"},\"image\":{\"@id\":\"https:\\\/\\\/caviar-de-neuvic.com\\\/p\\\/accueil\\\/les-offres-speciales-wiseed\\\/offre-exclusive-wiseed-oscietre-500g\\\/#primaryimage\"},\"thumbnailUrl\":\"https:\\\/\\\/caviar-de-neuvic.com\\\/wp-content\\\/uploads\\\/2022\\\/12\\\/2458-Offre-de-lautomne-Caviar-Oscietre-500g.jpg\",\"datePublished\":\"2022-12-02T11:08:10+00:00\",\"dateModified\":\"2026-03-12T11:37:33+00:00\",\"description\":\"noindex\",\"breadcrumb\":{\"@id\":\"https:\\\/\\\/caviar-de-neuvic.com\\\/p\\\/accueil\\\/les-offres-speciales-wiseed\\\/offre-exclusive-wiseed-oscietre-500g\\\/#breadcrumb\"},\"inLanguage\":\"de\",\"potentialAction\":[{\"@type\":\"ReadAction\",\"target\":[\"https:\\\/\\\/caviar-de-neuvic.com\\\/p\\\/accueil\\\/les-offres-speciales-wiseed\\\/offre-exclusive-wiseed-oscietre-500g\\\/\"]}]},{\"@type\":\"ImageObject\",\"inLanguage\":\"de\",\"@id\":\"https:\\\/\\\/caviar-de-neuvic.com\\\/p\\\/accueil\\\/les-offres-speciales-wiseed\\\/offre-exclusive-wiseed-oscietre-500g\\\/#primaryimage\",\"url\":\"https:\\\/\\\/caviar-de-neuvic.com\\\/wp-content\\\/uploads\\\/2022\\\/12\\\/2458-Offre-de-lautomne-Caviar-Oscietre-500g.jpg\",\"contentUrl\":\"https:\\\/\\\/caviar-de-neuvic.com\\\/wp-content\\\/uploads\\\/2022\\\/12\\\/2458-Offre-de-lautomne-Caviar-Oscietre-500g.jpg\",\"width\":1100,\"height\":1422,\"caption\":\"Offre de l'automne - Caviar Osci\u00e8tre 500g\"},{\"@type\":\"BreadcrumbList\",\"@id\":\"https:\\\/\\\/caviar-de-neuvic.com\\\/p\\\/accueil\\\/les-offres-speciales-wiseed\\\/offre-exclusive-wiseed-oscietre-500g\\\/#breadcrumb\",\"itemListElement\":[{\"@type\":\"ListItem\",\"position\":1,\"name\":\"Caviar de Neuvic\",\"item\":\"https:\\\/\\\/caviar-de-neuvic.com\\\/\"},{\"@type\":\"ListItem\",\"position\":2,\"name\":\"Shop\",\"item\":\"https:\\\/\\\/caviar-de-neuvic.com\\\/en\\\/shop\\\/\"},{\"@type\":\"ListItem\",\"position\":3,\"name\":\"Offre exclusive WiSEED Osci\u00e8tre 500g\"}]},{\"@type\":\"WebSite\",\"@id\":\"http:\\\/\\\/caviar-de-neuvic.com\\\/fr\\\/#website\",\"url\":\"http:\\\/\\\/caviar-de-neuvic.com\\\/fr\\\/\",\"name\":\"Producteur Fran\u00e7ais De Caviar\",\"description\":\"\",\"publisher\":{\"@id\":\"http:\\\/\\\/caviar-de-neuvic.com\\\/fr\\\/#organization\"},\"potentialAction\":[{\"@type\":\"SearchAction\",\"target\":{\"@type\":\"EntryPoint\",\"urlTemplate\":\"http:\\\/\\\/caviar-de-neuvic.com\\\/fr\\\/?s={search_term_string}\"},\"query-input\":{\"@type\":\"PropertyValueSpecification\",\"valueRequired\":true,\"valueName\":\"search_term_string\"}}],\"inLanguage\":\"de\"},{\"@type\":\"Organization\",\"@id\":\"http:\\\/\\\/caviar-de-neuvic.com\\\/fr\\\/#organization\",\"name\":\"Producteur Fran\u00e7ais De Caviar\",\"url\":\"http:\\\/\\\/caviar-de-neuvic.com\\\/fr\\\/\",\"logo\":{\"@type\":\"ImageObject\",\"inLanguage\":\"de\",\"@id\":\"http:\\\/\\\/caviar-de-neuvic.com\\\/fr\\\/#\\\/schema\\\/logo\\\/image\\\/\",\"url\":\"\",\"contentUrl\":\"\",\"caption\":\"Producteur Fran\u00e7ais De Caviar\"},\"image\":{\"@id\":\"http:\\\/\\\/caviar-de-neuvic.com\\\/fr\\\/#\\\/schema\\\/logo\\\/image\\\/\"}}]}<\/script>\n<!-- \/ Yoast SEO plugin. -->","yoast_head_json":{"title":"Offre exclusive WiSEED Osci\u00e8tre 500g - Caviar de Neuvic","description":"noindex","robots":{"index":"noindex","follow":"nofollow"},"og_locale":"de_DE","og_type":"article","og_title":"Offre exclusive WiSEED Osci\u00e8tre 500g - Caviar de Neuvic","og_description":"noindex","og_url":"https:\/\/caviar-de-neuvic.com\/de\/p\/accueil\/les-offres-speciales-wiseed\/offre-exclusive-wiseed-oscietre-500g\/","og_site_name":"Producteur Fran\u00e7ais De Caviar","article_modified_time":"2026-03-12T11:37:33+00:00","og_image":[{"width":1100,"height":1422,"url":"https:\/\/caviar-de-neuvic.com\/wp-content\/uploads\/2022\/12\/2458-Offre-de-lautomne-Caviar-Oscietre-500g.jpg","type":"image\/jpeg"}],"twitter_card":"summary_large_image","twitter_misc":{"Gesch\u00e4tzte Lesezeit":"2\u00a0Minuten"},"schema":{"@context":"https:\/\/schema.org","@graph":[{"@type":"WebPage","@id":"https:\/\/caviar-de-neuvic.com\/p\/accueil\/les-offres-speciales-wiseed\/offre-exclusive-wiseed-oscietre-500g\/","url":"https:\/\/caviar-de-neuvic.com\/p\/accueil\/les-offres-speciales-wiseed\/offre-exclusive-wiseed-oscietre-500g\/","name":"Offre exclusive WiSEED Osci\u00e8tre 500g - Caviar de Neuvic","isPartOf":{"@id":"http:\/\/caviar-de-neuvic.com\/fr\/#website"},"primaryImageOfPage":{"@id":"https:\/\/caviar-de-neuvic.com\/p\/accueil\/les-offres-speciales-wiseed\/offre-exclusive-wiseed-oscietre-500g\/#primaryimage"},"image":{"@id":"https:\/\/caviar-de-neuvic.com\/p\/accueil\/les-offres-speciales-wiseed\/offre-exclusive-wiseed-oscietre-500g\/#primaryimage"},"thumbnailUrl":"https:\/\/caviar-de-neuvic.com\/wp-content\/uploads\/2022\/12\/2458-Offre-de-lautomne-Caviar-Oscietre-500g.jpg","datePublished":"2022-12-02T11:08:10+00:00","dateModified":"2026-03-12T11:37:33+00:00","description":"noindex","breadcrumb":{"@id":"https:\/\/caviar-de-neuvic.com\/p\/accueil\/les-offres-speciales-wiseed\/offre-exclusive-wiseed-oscietre-500g\/#breadcrumb"},"inLanguage":"de","potentialAction":[{"@type":"ReadAction","target":["https:\/\/caviar-de-neuvic.com\/p\/accueil\/les-offres-speciales-wiseed\/offre-exclusive-wiseed-oscietre-500g\/"]}]},{"@type":"ImageObject","inLanguage":"de","@id":"https:\/\/caviar-de-neuvic.com\/p\/accueil\/les-offres-speciales-wiseed\/offre-exclusive-wiseed-oscietre-500g\/#primaryimage","url":"https:\/\/caviar-de-neuvic.com\/wp-content\/uploads\/2022\/12\/2458-Offre-de-lautomne-Caviar-Oscietre-500g.jpg","contentUrl":"https:\/\/caviar-de-neuvic.com\/wp-content\/uploads\/2022\/12\/2458-Offre-de-lautomne-Caviar-Oscietre-500g.jpg","width":1100,"height":1422,"caption":"Offre de l'automne - Caviar Osci\u00e8tre 500g"},{"@type":"BreadcrumbList","@id":"https:\/\/caviar-de-neuvic.com\/p\/accueil\/les-offres-speciales-wiseed\/offre-exclusive-wiseed-oscietre-500g\/#breadcrumb","itemListElement":[{"@type":"ListItem","position":1,"name":"Caviar de Neuvic","item":"https:\/\/caviar-de-neuvic.com\/"},{"@type":"ListItem","position":2,"name":"Shop","item":"https:\/\/caviar-de-neuvic.com\/en\/shop\/"},{"@type":"ListItem","position":3,"name":"Offre exclusive WiSEED Osci\u00e8tre 500g"}]},{"@type":"WebSite","@id":"http:\/\/caviar-de-neuvic.com\/fr\/#website","url":"http:\/\/caviar-de-neuvic.com\/fr\/","name":"Producteur Fran\u00e7ais De Caviar","description":"","publisher":{"@id":"http:\/\/caviar-de-neuvic.com\/fr\/#organization"},"potentialAction":[{"@type":"SearchAction","target":{"@type":"EntryPoint","urlTemplate":"http:\/\/caviar-de-neuvic.com\/fr\/?s={search_term_string}"},"query-input":{"@type":"PropertyValueSpecification","valueRequired":true,"valueName":"search_term_string"}}],"inLanguage":"de"},{"@type":"Organization","@id":"http:\/\/caviar-de-neuvic.com\/fr\/#organization","name":"Producteur Fran\u00e7ais De Caviar","url":"http:\/\/caviar-de-neuvic.com\/fr\/","logo":{"@type":"ImageObject","inLanguage":"de","@id":"http:\/\/caviar-de-neuvic.com\/fr\/#\/schema\/logo\/image\/","url":"","contentUrl":"","caption":"Producteur Fran\u00e7ais De Caviar"},"image":{"@id":"http:\/\/caviar-de-neuvic.com\/fr\/#\/schema\/logo\/image\/"}}]}},"_links":{"self":[{"href":"https:\/\/caviar-de-neuvic.com\/de\/wp-json\/wp\/v2\/product\/2074","targetHints":{"allow":["GET"]}}],"collection":[{"href":"https:\/\/caviar-de-neuvic.com\/de\/wp-json\/wp\/v2\/product"}],"about":[{"href":"https:\/\/caviar-de-neuvic.com\/de\/wp-json\/wp\/v2\/types\/product"}],"version-history":[{"count":2,"href":"https:\/\/caviar-de-neuvic.com\/de\/wp-json\/wp\/v2\/product\/2074\/revisions"}],"predecessor-version":[{"id":30027,"href":"https:\/\/caviar-de-neuvic.com\/de\/wp-json\/wp\/v2\/product\/2074\/revisions\/30027"}],"wp:featuredmedia":[{"embeddable":true,"href":"https:\/\/caviar-de-neuvic.com\/de\/wp-json\/wp\/v2\/media\/2069"}],"wp:attachment":[{"href":"https:\/\/caviar-de-neuvic.com\/de\/wp-json\/wp\/v2\/media?parent=2074"}],"wp:term":[{"taxonomy":"product_brand","embeddable":true,"href":"https:\/\/caviar-de-neuvic.com\/de\/wp-json\/wp\/v2\/product_brand?post=2074"},{"taxonomy":"product_cat","embeddable":true,"href":"https:\/\/caviar-de-neuvic.com\/de\/wp-json\/wp\/v2\/product_cat?post=2074"},{"taxonomy":"product_tag","embeddable":true,"href":"https:\/\/caviar-de-neuvic.com\/de\/wp-json\/wp\/v2\/product_tag?post=2074"}],"curies":[{"name":"wp","href":"https:\/\/api.w.org\/{rel}","templated":true}]}}