{"id":2161,"date":"2023-11-06T15:35:52","date_gmt":"2023-11-06T15:35:52","guid":{"rendered":"https:\/\/caviar-de-neuvic.com\/produits\/saumon-fume-entier-tranche-a-la-main\/"},"modified":"2026-03-06T15:07:19","modified_gmt":"2026-03-06T14:07:19","slug":"saumon-fume-entier-tranche-a-la-main","status":"publish","type":"product","link":"https:\/\/caviar-de-neuvic.com\/de\/p\/accueil\/poisson-fume\/saumon-fume\/saumon-fume-entier-tranche-a-la-main\/","title":{"rendered":"Ganzes R\u00e4ucherlachsfilet, von Hand geschnitten"},"content":{"rendered":"<p><strong>servieren<\/strong><\/p>\n<p>Es kann als Vorspeise auf einer Scheibe ger\u00f6stetem Brot mit einem Spritzer Zitrone serviert werden. Es passt auch hervorragend zu Salaten, Nudelgerichten oder Kartoffelp\u00fcree.<\/p>\n<p><strong>N\u00e4hrwerte<\/strong><\/p>\n<table class=\"table table-bordered valeurs\" border=\"1\">\n<thead>\n<tr>\n<th colspan=\"4\">Pro 100 g<\/th>\n<\/tr>\n<\/thead>\n<tbody>\n<tr>\n<td>Energiewert (kcal)<\/td>\n<td>229<\/td>\n<td>Fett (g), davon ges\u00e4ttigte Fetts\u00e4uren (g)<\/td>\n<td>18,6\u00a0(3,89)<\/td>\n<\/tr>\n<tr>\n<td>Energiewert (kJ)<\/td>\n<td>955<\/td>\n<td>Kohlenhydrate (g) davon Zucker (g)<\/td>\n<td>0 (0)<\/td>\n<\/tr>\n<tr>\n<td>Eiwei\u00df (g)<\/td>\n<td>23,6<\/td>\n<td>Sodium (g)<\/td>\n<td>1,3<\/td>\n<\/tr>\n<\/tbody>\n<\/table>","protected":false},"excerpt":{"rendered":"<p>Unser ganzer R\u00e4ucherlachs mit dem Label \u201eB\u00f6mlo\u201d stammt urspr\u00fcnglich aus Norwegen und wird anschlie\u00dfend von uns auf unserem Anwesen in Neuvic verarbeitet. Zun\u00e4chst wird er von Hand gesalzen, bevor er mehrere Stunden lang im Ganzen mit Buchenholz ger\u00e4uchert wird.<\/p>\n<h2>Lachs mit dem Label \u201eB\u00f6mlo\u201d<\/h2>\n<p>Entdecken Sie den Lachs \u201eB\u00f6mlo\u201d, ein au\u00dfergew\u00f6hnliches Produkt aus einer Zucht in idealer nat\u00fcrlicher Umgebung. Umsp\u00fclt von kaltem Wasser und starken Meeresstr\u00f6mungen w\u00e4chst er unter Bedingungen auf, die denen seines nat\u00fcrlichen Lebensraums sehr nahe kommen. Sein Wohlbefinden wird durch eine geringe Besatzdichte (1 % Lachs auf 99 % Wasser) gew\u00e4hrleistet, die ein stressfreies Wachstum ohne den Einsatz von Antibiotika garantiert. Er wird mit nat\u00fcrlichem Futter ohne GVO und Antibiotika gef\u00fcttert und bietet Fleisch von bemerkenswerter Qualit\u00e4t. Getreu seinen Verpflichtungen zu Verantwortung und Umweltschutz w\u00e4hlt das Haus Neuvic seine Rohstoffe sorgf\u00e4ltig aus.<\/p>\n<p>Ein unverzichtbares Produkt f\u00fcr Ihre Empf\u00e4nge oder Abendessen mit Freunden. Unser R\u00e4ucherlachs hat eine unvergleichlich zarte und schmelzende Textur.<\/p>\n<p><strong>Ganzer R\u00e4ucherlachs: ultrafrisch, direkt aus unserer R\u00e4ucherkammer!<br \/>\n<\/strong>Verpassen Sie nicht die Gelegenheit, einen ganzen R\u00e4ucherlachs zu probieren, der in unserer handwerklichen R\u00e4ucherkammer sorgf\u00e4ltig zubereitet wurde.<\/p>\n<p>Poids : 1,150 kg<\/p>","protected":false},"featured_media":25844,"template":"","meta":{"_acf_changed":false,"ocean_post_layout":"","ocean_both_sidebars_style":"","ocean_both_sidebars_content_width":0,"ocean_both_sidebars_sidebars_width":0,"ocean_sidebar":"0","ocean_second_sidebar":"0","ocean_disable_margins":"enable","ocean_add_body_class":"","ocean_shortcode_before_top_bar":"","ocean_shortcode_after_top_bar":"","ocean_shortcode_before_header":"","ocean_shortcode_after_header":"","ocean_has_shortcode":"","ocean_shortcode_after_title":"","ocean_shortcode_before_footer_widgets":"","ocean_shortcode_after_footer_widgets":"","ocean_shortcode_before_footer_bottom":"","ocean_shortcode_after_footer_bottom":"","ocean_display_top_bar":"default","ocean_display_header":"default","ocean_header_style":"","ocean_center_header_left_menu":"0","ocean_custom_header_template":"0","ocean_custom_logo":0,"ocean_custom_retina_logo":0,"ocean_custom_logo_max_width":0,"ocean_custom_logo_tablet_max_width":0,"ocean_custom_logo_mobile_max_width":0,"ocean_custom_logo_max_height":0,"ocean_custom_logo_tablet_max_height":0,"ocean_custom_logo_mobile_max_height":0,"ocean_header_custom_menu":"0","ocean_menu_typo_font_family":"0","ocean_menu_typo_font_subset":"","ocean_menu_typo_font_size":0,"ocean_menu_typo_font_size_tablet":0,"ocean_menu_typo_font_size_mobile":0,"ocean_menu_typo_font_size_unit":"px","ocean_menu_typo_font_weight":"","ocean_menu_typo_font_weight_tablet":"","ocean_menu_typo_font_weight_mobile":"","ocean_menu_typo_transform":"","ocean_menu_typo_transform_tablet":"","ocean_menu_typo_transform_mobile":"","ocean_menu_typo_line_height":0,"ocean_menu_typo_line_height_tablet":0,"ocean_menu_typo_line_height_mobile":0,"ocean_menu_typo_line_height_unit":"","ocean_menu_typo_spacing":0,"ocean_menu_typo_spacing_tablet":0,"ocean_menu_typo_spacing_mobile":0,"ocean_menu_typo_spacing_unit":"","ocean_menu_link_color":"","ocean_menu_link_color_hover":"","ocean_menu_link_color_active":"","ocean_menu_link_background":"","ocean_menu_link_hover_background":"","ocean_menu_link_active_background":"","ocean_menu_social_links_bg":"","ocean_menu_social_hover_links_bg":"","ocean_menu_social_links_color":"","ocean_menu_social_hover_links_color":"","ocean_disable_title":"default","ocean_disable_heading":"default","ocean_post_title":"","ocean_post_subheading":"","ocean_post_title_style":"","ocean_post_title_background_color":"","ocean_post_title_background":0,"ocean_post_title_bg_image_position":"","ocean_post_title_bg_image_attachment":"","ocean_post_title_bg_image_repeat":"","ocean_post_title_bg_image_size":"","ocean_post_title_height":0,"ocean_post_title_bg_overlay":0.5,"ocean_post_title_bg_overlay_color":"","ocean_disable_breadcrumbs":"default","ocean_breadcrumbs_color":"","ocean_breadcrumbs_separator_color":"","ocean_breadcrumbs_links_color":"","ocean_breadcrumbs_links_hover_color":"","ocean_display_footer_widgets":"default","ocean_display_footer_bottom":"default","ocean_custom_footer_template":"0","omw_enable_modal_window":"enable"},"product_brand":[],"product_cat":[25,511],"product_tag":[],"class_list":{"0":"post-2161","1":"product","2":"type-product","3":"status-publish","4":"has-post-thumbnail","6":"product_cat-poisson-fume","7":"product_cat-saumon-fume","8":"pa_conservation-ca-aurefrigerateurentre0et4c","10":"entry","11":"has-media","13":"first","14":"instock","15":"sale","16":"taxable","17":"shipping-taxable","18":"purchasable","19":"product-type-simple","20":"has-product-nav","21":"col","22":"span_1_of_3","23":"owp-content-center","24":"item-entry","25":"owp-thumbs-layout-vertical","26":"owp-btn-normal","27":"owp-tabs-layout-horizontal"},"acf":[],"yoast_head":"<!-- This site is optimized with the Yoast SEO plugin v27.5 - https:\/\/yoast.com\/product\/yoast-seo-wordpress\/ -->\n<title>Saumon fum\u00e9 entier tranch\u00e9 \u00e0 la main - Caviar de Neuvic<\/title>\n<meta name=\"description\" content=\"Le label Bomlo garantit un respect du bien-\u00eatre animal dans des conditions proches de sa vie d&#039;\u00e9levage et une qualit\u00e9 de chair exceptionnelle.\" \/>\n<meta name=\"robots\" content=\"index, follow, max-snippet:-1, max-image-preview:large, max-video-preview:-1\" \/>\n<link rel=\"canonical\" href=\"https:\/\/caviar-de-neuvic.com\/de\/p\/accueil\/poisson-fume\/saumon-fume\/saumon-fume-entier-tranche-a-la-main\/\" \/>\n<meta property=\"og:locale\" content=\"de_DE\" \/>\n<meta property=\"og:type\" content=\"article\" \/>\n<meta property=\"og:title\" content=\"Saumon fum\u00e9 entier tranch\u00e9 \u00e0 la main - Caviar de Neuvic\" \/>\n<meta property=\"og:description\" content=\"Le label Bomlo garantit un respect du bien-\u00eatre animal dans des conditions proches de sa vie d&#039;\u00e9levage et une qualit\u00e9 de chair exceptionnelle.\" \/>\n<meta property=\"og:url\" content=\"https:\/\/caviar-de-neuvic.com\/de\/p\/accueil\/poisson-fume\/saumon-fume\/saumon-fume-entier-tranche-a-la-main\/\" \/>\n<meta property=\"og:site_name\" content=\"Producteur Fran\u00e7ais De Caviar\" \/>\n<meta property=\"article:modified_time\" content=\"2026-03-06T14:07:19+00:00\" \/>\n<meta property=\"og:image\" content=\"https:\/\/caviar-de-neuvic.com\/wp-content\/uploads\/2023\/11\/2604-Saumon-fume-entier.jpg\" \/>\n\t<meta property=\"og:image:width\" content=\"1100\" \/>\n\t<meta property=\"og:image:height\" content=\"1422\" \/>\n\t<meta property=\"og:image:type\" content=\"image\/jpeg\" \/>\n<meta name=\"twitter:card\" content=\"summary_large_image\" \/>\n<meta name=\"twitter:label1\" content=\"Gesch\u00e4tzte Lesezeit\" \/>\n\t<meta name=\"twitter:data1\" content=\"1\u00a0Minute\" \/>\n<script type=\"application\/ld+json\" class=\"yoast-schema-graph\">{\"@context\":\"https:\\\/\\\/schema.org\",\"@graph\":[{\"@type\":\"WebPage\",\"@id\":\"https:\\\/\\\/caviar-de-neuvic.com\\\/p\\\/accueil\\\/poisson-fume\\\/saumon-fume\\\/saumon-fume-entier-tranche-a-la-main\\\/\",\"url\":\"https:\\\/\\\/caviar-de-neuvic.com\\\/p\\\/accueil\\\/poisson-fume\\\/saumon-fume\\\/saumon-fume-entier-tranche-a-la-main\\\/\",\"name\":\"Saumon fum\u00e9 entier tranch\u00e9 \u00e0 la main - Caviar de Neuvic\",\"isPartOf\":{\"@id\":\"http:\\\/\\\/caviar-de-neuvic.com\\\/fr\\\/#website\"},\"primaryImageOfPage\":{\"@id\":\"https:\\\/\\\/caviar-de-neuvic.com\\\/p\\\/accueil\\\/poisson-fume\\\/saumon-fume\\\/saumon-fume-entier-tranche-a-la-main\\\/#primaryimage\"},\"image\":{\"@id\":\"https:\\\/\\\/caviar-de-neuvic.com\\\/p\\\/accueil\\\/poisson-fume\\\/saumon-fume\\\/saumon-fume-entier-tranche-a-la-main\\\/#primaryimage\"},\"thumbnailUrl\":\"https:\\\/\\\/caviar-de-neuvic.com\\\/wp-content\\\/uploads\\\/2023\\\/11\\\/2604-Saumon-fume-entier.jpg\",\"datePublished\":\"2023-11-06T15:35:52+00:00\",\"dateModified\":\"2026-03-06T14:07:19+00:00\",\"description\":\"Le label Bomlo garantit un respect du bien-\u00eatre animal dans des conditions proches de sa vie d'\u00e9levage et une qualit\u00e9 de chair exceptionnelle.\",\"breadcrumb\":{\"@id\":\"https:\\\/\\\/caviar-de-neuvic.com\\\/p\\\/accueil\\\/poisson-fume\\\/saumon-fume\\\/saumon-fume-entier-tranche-a-la-main\\\/#breadcrumb\"},\"inLanguage\":\"de\",\"potentialAction\":[{\"@type\":\"ReadAction\",\"target\":[\"https:\\\/\\\/caviar-de-neuvic.com\\\/p\\\/accueil\\\/poisson-fume\\\/saumon-fume\\\/saumon-fume-entier-tranche-a-la-main\\\/\"]}]},{\"@type\":\"ImageObject\",\"inLanguage\":\"de\",\"@id\":\"https:\\\/\\\/caviar-de-neuvic.com\\\/p\\\/accueil\\\/poisson-fume\\\/saumon-fume\\\/saumon-fume-entier-tranche-a-la-main\\\/#primaryimage\",\"url\":\"https:\\\/\\\/caviar-de-neuvic.com\\\/wp-content\\\/uploads\\\/2023\\\/11\\\/2604-Saumon-fume-entier.jpg\",\"contentUrl\":\"https:\\\/\\\/caviar-de-neuvic.com\\\/wp-content\\\/uploads\\\/2023\\\/11\\\/2604-Saumon-fume-entier.jpg\",\"width\":1100,\"height\":1422,\"caption\":\"Saumon fum\u00e9 entier\"},{\"@type\":\"BreadcrumbList\",\"@id\":\"https:\\\/\\\/caviar-de-neuvic.com\\\/p\\\/accueil\\\/poisson-fume\\\/saumon-fume\\\/saumon-fume-entier-tranche-a-la-main\\\/#breadcrumb\",\"itemListElement\":[{\"@type\":\"ListItem\",\"position\":1,\"name\":\"Caviar de Neuvic\",\"item\":\"https:\\\/\\\/caviar-de-neuvic.com\\\/\"},{\"@type\":\"ListItem\",\"position\":2,\"name\":\"Shop\",\"item\":\"https:\\\/\\\/caviar-de-neuvic.com\\\/en\\\/shop\\\/\"},{\"@type\":\"ListItem\",\"position\":3,\"name\":\"Saumon fum\u00e9 entier tranch\u00e9 \u00e0 la main\"}]},{\"@type\":\"WebSite\",\"@id\":\"http:\\\/\\\/caviar-de-neuvic.com\\\/fr\\\/#website\",\"url\":\"http:\\\/\\\/caviar-de-neuvic.com\\\/fr\\\/\",\"name\":\"Producteur Fran\u00e7ais De Caviar\",\"description\":\"\",\"publisher\":{\"@id\":\"http:\\\/\\\/caviar-de-neuvic.com\\\/fr\\\/#organization\"},\"potentialAction\":[{\"@type\":\"SearchAction\",\"target\":{\"@type\":\"EntryPoint\",\"urlTemplate\":\"http:\\\/\\\/caviar-de-neuvic.com\\\/fr\\\/?s={search_term_string}\"},\"query-input\":{\"@type\":\"PropertyValueSpecification\",\"valueRequired\":true,\"valueName\":\"search_term_string\"}}],\"inLanguage\":\"de\"},{\"@type\":\"Organization\",\"@id\":\"http:\\\/\\\/caviar-de-neuvic.com\\\/fr\\\/#organization\",\"name\":\"Producteur Fran\u00e7ais De Caviar\",\"url\":\"http:\\\/\\\/caviar-de-neuvic.com\\\/fr\\\/\",\"logo\":{\"@type\":\"ImageObject\",\"inLanguage\":\"de\",\"@id\":\"http:\\\/\\\/caviar-de-neuvic.com\\\/fr\\\/#\\\/schema\\\/logo\\\/image\\\/\",\"url\":\"\",\"contentUrl\":\"\",\"caption\":\"Producteur Fran\u00e7ais De Caviar\"},\"image\":{\"@id\":\"http:\\\/\\\/caviar-de-neuvic.com\\\/fr\\\/#\\\/schema\\\/logo\\\/image\\\/\"}}]}<\/script>\n<!-- \/ Yoast SEO plugin. -->","yoast_head_json":{"title":"Saumon fum\u00e9 entier tranch\u00e9 \u00e0 la main - Caviar de Neuvic","description":"Le label Bomlo garantit un respect du bien-\u00eatre animal dans des conditions proches de sa vie d'\u00e9levage et une qualit\u00e9 de chair exceptionnelle.","robots":{"index":"index","follow":"follow","max-snippet":"max-snippet:-1","max-image-preview":"max-image-preview:large","max-video-preview":"max-video-preview:-1"},"canonical":"https:\/\/caviar-de-neuvic.com\/de\/p\/accueil\/poisson-fume\/saumon-fume\/saumon-fume-entier-tranche-a-la-main\/","og_locale":"de_DE","og_type":"article","og_title":"Saumon fum\u00e9 entier tranch\u00e9 \u00e0 la main - Caviar de Neuvic","og_description":"Le label Bomlo garantit un respect du bien-\u00eatre animal dans des conditions proches de sa vie d'\u00e9levage et une qualit\u00e9 de chair exceptionnelle.","og_url":"https:\/\/caviar-de-neuvic.com\/de\/p\/accueil\/poisson-fume\/saumon-fume\/saumon-fume-entier-tranche-a-la-main\/","og_site_name":"Producteur Fran\u00e7ais De Caviar","article_modified_time":"2026-03-06T14:07:19+00:00","og_image":[{"width":1100,"height":1422,"url":"https:\/\/caviar-de-neuvic.com\/wp-content\/uploads\/2023\/11\/2604-Saumon-fume-entier.jpg","type":"image\/jpeg"}],"twitter_card":"summary_large_image","twitter_misc":{"Gesch\u00e4tzte Lesezeit":"1\u00a0Minute"},"schema":{"@context":"https:\/\/schema.org","@graph":[{"@type":"WebPage","@id":"https:\/\/caviar-de-neuvic.com\/p\/accueil\/poisson-fume\/saumon-fume\/saumon-fume-entier-tranche-a-la-main\/","url":"https:\/\/caviar-de-neuvic.com\/p\/accueil\/poisson-fume\/saumon-fume\/saumon-fume-entier-tranche-a-la-main\/","name":"Saumon fum\u00e9 entier tranch\u00e9 \u00e0 la main - Caviar de Neuvic","isPartOf":{"@id":"http:\/\/caviar-de-neuvic.com\/fr\/#website"},"primaryImageOfPage":{"@id":"https:\/\/caviar-de-neuvic.com\/p\/accueil\/poisson-fume\/saumon-fume\/saumon-fume-entier-tranche-a-la-main\/#primaryimage"},"image":{"@id":"https:\/\/caviar-de-neuvic.com\/p\/accueil\/poisson-fume\/saumon-fume\/saumon-fume-entier-tranche-a-la-main\/#primaryimage"},"thumbnailUrl":"https:\/\/caviar-de-neuvic.com\/wp-content\/uploads\/2023\/11\/2604-Saumon-fume-entier.jpg","datePublished":"2023-11-06T15:35:52+00:00","dateModified":"2026-03-06T14:07:19+00:00","description":"Le label Bomlo garantit un respect du bien-\u00eatre animal dans des conditions proches de sa vie d'\u00e9levage et une qualit\u00e9 de chair exceptionnelle.","breadcrumb":{"@id":"https:\/\/caviar-de-neuvic.com\/p\/accueil\/poisson-fume\/saumon-fume\/saumon-fume-entier-tranche-a-la-main\/#breadcrumb"},"inLanguage":"de","potentialAction":[{"@type":"ReadAction","target":["https:\/\/caviar-de-neuvic.com\/p\/accueil\/poisson-fume\/saumon-fume\/saumon-fume-entier-tranche-a-la-main\/"]}]},{"@type":"ImageObject","inLanguage":"de","@id":"https:\/\/caviar-de-neuvic.com\/p\/accueil\/poisson-fume\/saumon-fume\/saumon-fume-entier-tranche-a-la-main\/#primaryimage","url":"https:\/\/caviar-de-neuvic.com\/wp-content\/uploads\/2023\/11\/2604-Saumon-fume-entier.jpg","contentUrl":"https:\/\/caviar-de-neuvic.com\/wp-content\/uploads\/2023\/11\/2604-Saumon-fume-entier.jpg","width":1100,"height":1422,"caption":"Saumon fum\u00e9 entier"},{"@type":"BreadcrumbList","@id":"https:\/\/caviar-de-neuvic.com\/p\/accueil\/poisson-fume\/saumon-fume\/saumon-fume-entier-tranche-a-la-main\/#breadcrumb","itemListElement":[{"@type":"ListItem","position":1,"name":"Caviar de Neuvic","item":"https:\/\/caviar-de-neuvic.com\/"},{"@type":"ListItem","position":2,"name":"Shop","item":"https:\/\/caviar-de-neuvic.com\/en\/shop\/"},{"@type":"ListItem","position":3,"name":"Saumon fum\u00e9 entier tranch\u00e9 \u00e0 la main"}]},{"@type":"WebSite","@id":"http:\/\/caviar-de-neuvic.com\/fr\/#website","url":"http:\/\/caviar-de-neuvic.com\/fr\/","name":"Producteur Fran\u00e7ais De Caviar","description":"","publisher":{"@id":"http:\/\/caviar-de-neuvic.com\/fr\/#organization"},"potentialAction":[{"@type":"SearchAction","target":{"@type":"EntryPoint","urlTemplate":"http:\/\/caviar-de-neuvic.com\/fr\/?s={search_term_string}"},"query-input":{"@type":"PropertyValueSpecification","valueRequired":true,"valueName":"search_term_string"}}],"inLanguage":"de"},{"@type":"Organization","@id":"http:\/\/caviar-de-neuvic.com\/fr\/#organization","name":"Producteur Fran\u00e7ais De Caviar","url":"http:\/\/caviar-de-neuvic.com\/fr\/","logo":{"@type":"ImageObject","inLanguage":"de","@id":"http:\/\/caviar-de-neuvic.com\/fr\/#\/schema\/logo\/image\/","url":"","contentUrl":"","caption":"Producteur Fran\u00e7ais De Caviar"},"image":{"@id":"http:\/\/caviar-de-neuvic.com\/fr\/#\/schema\/logo\/image\/"}}]}},"_links":{"self":[{"href":"https:\/\/caviar-de-neuvic.com\/de\/wp-json\/wp\/v2\/product\/2161","targetHints":{"allow":["GET"]}}],"collection":[{"href":"https:\/\/caviar-de-neuvic.com\/de\/wp-json\/wp\/v2\/product"}],"about":[{"href":"https:\/\/caviar-de-neuvic.com\/de\/wp-json\/wp\/v2\/types\/product"}],"version-history":[{"count":9,"href":"https:\/\/caviar-de-neuvic.com\/de\/wp-json\/wp\/v2\/product\/2161\/revisions"}],"predecessor-version":[{"id":36299,"href":"https:\/\/caviar-de-neuvic.com\/de\/wp-json\/wp\/v2\/product\/2161\/revisions\/36299"}],"wp:featuredmedia":[{"embeddable":true,"href":"https:\/\/caviar-de-neuvic.com\/de\/wp-json\/wp\/v2\/media\/25844"}],"wp:attachment":[{"href":"https:\/\/caviar-de-neuvic.com\/de\/wp-json\/wp\/v2\/media?parent=2161"}],"wp:term":[{"taxonomy":"product_brand","embeddable":true,"href":"https:\/\/caviar-de-neuvic.com\/de\/wp-json\/wp\/v2\/product_brand?post=2161"},{"taxonomy":"product_cat","embeddable":true,"href":"https:\/\/caviar-de-neuvic.com\/de\/wp-json\/wp\/v2\/product_cat?post=2161"},{"taxonomy":"product_tag","embeddable":true,"href":"https:\/\/caviar-de-neuvic.com\/de\/wp-json\/wp\/v2\/product_tag?post=2161"}],"curies":[{"name":"wp","href":"https:\/\/api.w.org\/{rel}","templated":true}]}}