{"id":2260,"date":"2024-06-10T14:20:13","date_gmt":"2024-06-10T14:20:13","guid":{"rendered":"https:\/\/caviar-de-neuvic.com\/produits\/oeufs-de-truite-fumes\/"},"modified":"2026-04-27T17:54:16","modified_gmt":"2026-04-27T15:54:16","slug":"oeufs-de-truite-fumes-2","status":"publish","type":"product","link":"https:\/\/caviar-de-neuvic.com\/de\/p\/accueil\/oeufs-de-poisson\/oeufs-de-truite-fumes-2\/","title":{"rendered":"Ger\u00e4ucherter Forellenrogen"},"content":{"rendered":"<p><strong>servieren<\/strong><\/p>\n<p>Pur oder auf Toast, mit etwas Cr\u00e8me fra\u00eeche oder zusammen mit frischem Lachs, R\u00fchrei oder weichgekochten Eiern oder Kartoffeln genie\u00dfen.<\/p>\n<p><strong>N\u00e4hrwerte<\/strong><\/p>\n<table class=\"table table-bordered valeurs\" border=\"1\">\n<thead>\n<tr>\n<th colspan=\"4\">Pro 100 g<\/th>\n<\/tr>\n<\/thead>\n<tbody>\n<tr>\n<td>Energiewert (kcal)<\/td>\n<td>197<\/td>\n<td>Fett (g) davon ges\u00e4ttigte Fetts\u00e4uren (g)<\/td>\n<td>9,7\u00a0(1,89)<\/td>\n<\/tr>\n<tr>\n<td>Energiewert (kJ)<\/td>\n<td>824<\/td>\n<td>Kohlenhydrate (g) davon Zucker (g)<\/td>\n<td>&lt; 0,5\u00a0(&lt; 0,5)<\/td>\n<\/tr>\n<tr>\n<td>Eiwei\u00df (g)<\/td>\n<td>27,3<\/td>\n<td>Salz (g)<\/td>\n<td>2,55<\/td>\n<\/tr>\n<\/tbody>\n<\/table>","protected":false},"excerpt":{"rendered":"<p>Ger\u00e4ucherter Forellenrogen stammt von der Art Oncorhynchus Mykiss, die aus Frankreich stammt.<\/p>\n<p>Es ist kleiner und hat eine knusprigere Konsistenz als Lachsrogen. Der Rogen wird frisch geerntet, bevor er in unserer Werkstatt in Neuvic gesalzen und ger\u00e4uchert wird. Durch dieses schonende Verfahren bleibt der delikate Geschmack des Forellenrogens erhalten.<\/p>\n<p>Forellenrogen ist milder als Lachsrogen, hat eine knackige Konsistenz und bietet eine Geschmacksexplosion im Mund, die die charakteristischen Jodnoten dieser Art offenbart. Entdecken Sie ger\u00e4ucherte Eleganz mit unserem ger\u00e4ucherten Forellenrogen, einer kulinarischen Delikatesse, die die Finesse von Forellenrogen mit dem subtilen Aroma des R\u00e4ucherns verbindet. Diese kulinarischen Juwelen bieten ein raffiniertes Geschmackserlebnis, das Ihre Geschmacksknospen perfekt weckt.<\/p>","protected":false},"featured_media":29690,"template":"","meta":{"_acf_changed":false,"ocean_post_layout":"","ocean_both_sidebars_style":"","ocean_both_sidebars_content_width":0,"ocean_both_sidebars_sidebars_width":0,"ocean_sidebar":"0","ocean_second_sidebar":"0","ocean_disable_margins":"enable","ocean_add_body_class":"","ocean_shortcode_before_top_bar":"","ocean_shortcode_after_top_bar":"","ocean_shortcode_before_header":"","ocean_shortcode_after_header":"","ocean_has_shortcode":"","ocean_shortcode_after_title":"","ocean_shortcode_before_footer_widgets":"","ocean_shortcode_after_footer_widgets":"","ocean_shortcode_before_footer_bottom":"","ocean_shortcode_after_footer_bottom":"","ocean_display_top_bar":"default","ocean_display_header":"default","ocean_header_style":"","ocean_center_header_left_menu":"0","ocean_custom_header_template":"0","ocean_custom_logo":0,"ocean_custom_retina_logo":0,"ocean_custom_logo_max_width":0,"ocean_custom_logo_tablet_max_width":0,"ocean_custom_logo_mobile_max_width":0,"ocean_custom_logo_max_height":0,"ocean_custom_logo_tablet_max_height":0,"ocean_custom_logo_mobile_max_height":0,"ocean_header_custom_menu":"0","ocean_menu_typo_font_family":"0","ocean_menu_typo_font_subset":"","ocean_menu_typo_font_size":0,"ocean_menu_typo_font_size_tablet":0,"ocean_menu_typo_font_size_mobile":0,"ocean_menu_typo_font_size_unit":"px","ocean_menu_typo_font_weight":"","ocean_menu_typo_font_weight_tablet":"","ocean_menu_typo_font_weight_mobile":"","ocean_menu_typo_transform":"","ocean_menu_typo_transform_tablet":"","ocean_menu_typo_transform_mobile":"","ocean_menu_typo_line_height":0,"ocean_menu_typo_line_height_tablet":0,"ocean_menu_typo_line_height_mobile":0,"ocean_menu_typo_line_height_unit":"","ocean_menu_typo_spacing":0,"ocean_menu_typo_spacing_tablet":0,"ocean_menu_typo_spacing_mobile":0,"ocean_menu_typo_spacing_unit":"","ocean_menu_link_color":"","ocean_menu_link_color_hover":"","ocean_menu_link_color_active":"","ocean_menu_link_background":"","ocean_menu_link_hover_background":"","ocean_menu_link_active_background":"","ocean_menu_social_links_bg":"","ocean_menu_social_hover_links_bg":"","ocean_menu_social_links_color":"","ocean_menu_social_hover_links_color":"","ocean_disable_title":"default","ocean_disable_heading":"default","ocean_post_title":"","ocean_post_subheading":"","ocean_post_title_style":"","ocean_post_title_background_color":"","ocean_post_title_background":0,"ocean_post_title_bg_image_position":"","ocean_post_title_bg_image_attachment":"","ocean_post_title_bg_image_repeat":"","ocean_post_title_bg_image_size":"","ocean_post_title_height":0,"ocean_post_title_bg_overlay":0.5,"ocean_post_title_bg_overlay_color":"","ocean_disable_breadcrumbs":"default","ocean_breadcrumbs_color":"","ocean_breadcrumbs_separator_color":"","ocean_breadcrumbs_links_color":"","ocean_breadcrumbs_links_hover_color":"","ocean_display_footer_widgets":"default","ocean_display_footer_bottom":"default","ocean_custom_footer_template":"0","omw_enable_modal_window":"enable"},"product_brand":[],"product_cat":[26],"product_tag":[],"class_list":{"0":"post-2260","1":"product","2":"type-product","3":"status-publish","4":"has-post-thumbnail","6":"product_cat-oeufs-de-poisson","7":"pa_choisissezlepoids-100g","8":"pa_choisissezlepoids-250g","9":"pa_choisissezlepoids-50g","10":"pa_conservation-04c","12":"entry","13":"has-media","15":"first","16":"instock","17":"taxable","18":"shipping-taxable","19":"purchasable","20":"product-type-variable","21":"has-default-attributes","22":"has-product-nav","23":"col","24":"span_1_of_3","25":"owp-content-center","26":"item-entry","27":"owp-thumbs-layout-vertical","28":"owp-btn-normal","29":"owp-tabs-layout-horizontal"},"acf":[],"yoast_head":"<!-- This site is optimized with the Yoast SEO plugin v27.5 - https:\/\/yoast.com\/product\/yoast-seo-wordpress\/ -->\n<title>Oeufs de truite fum\u00e9s - Caviar de Neuvic<\/title>\n<meta name=\"description\" content=\"D\u00e9couvrez l&#039;\u00e9l\u00e9gance fum\u00e9e avec nos \u0152ufs de truite fum\u00e9s, une d\u00e9licatesse culinaire qui marie la finesse des \u0153ufs de truite \u00e0 l&#039;ar\u00f4me subtil de la fumaison.\" \/>\n<meta name=\"robots\" content=\"index, follow, max-snippet:-1, max-image-preview:large, max-video-preview:-1\" \/>\n<link rel=\"canonical\" href=\"https:\/\/caviar-de-neuvic.com\/de\/p\/accueil\/oeufs-de-poisson\/oeufs-de-truite-fumes-2\/\" \/>\n<meta property=\"og:locale\" content=\"de_DE\" \/>\n<meta property=\"og:type\" content=\"article\" \/>\n<meta property=\"og:title\" content=\"Oeufs de truite fum\u00e9s - Caviar de Neuvic\" \/>\n<meta property=\"og:description\" content=\"D\u00e9couvrez l&#039;\u00e9l\u00e9gance fum\u00e9e avec nos \u0152ufs de truite fum\u00e9s, une d\u00e9licatesse culinaire qui marie la finesse des \u0153ufs de truite \u00e0 l&#039;ar\u00f4me subtil de la fumaison.\" \/>\n<meta property=\"og:url\" content=\"https:\/\/caviar-de-neuvic.com\/de\/p\/accueil\/oeufs-de-poisson\/oeufs-de-truite-fumes-2\/\" \/>\n<meta property=\"og:site_name\" content=\"Producteur Fran\u00e7ais De Caviar\" \/>\n<meta property=\"article:modified_time\" content=\"2026-04-27T15:54:16+00:00\" \/>\n<meta property=\"og:image\" content=\"https:\/\/caviar-de-neuvic.com\/wp-content\/uploads\/2024\/06\/2765-Oeufs-de-truite-fumes.jpg\" \/>\n\t<meta property=\"og:image:width\" content=\"1100\" \/>\n\t<meta property=\"og:image:height\" content=\"1422\" \/>\n\t<meta property=\"og:image:type\" content=\"image\/jpeg\" \/>\n<meta name=\"twitter:card\" content=\"summary_large_image\" \/>\n<meta name=\"twitter:label1\" content=\"Gesch\u00e4tzte Lesezeit\" \/>\n\t<meta name=\"twitter:data1\" content=\"1\u00a0Minute\" \/>\n<script type=\"application\/ld+json\" class=\"yoast-schema-graph\">{\"@context\":\"https:\\\/\\\/schema.org\",\"@graph\":[{\"@type\":\"WebPage\",\"@id\":\"https:\\\/\\\/caviar-de-neuvic.com\\\/p\\\/accueil\\\/oeufs-de-poisson\\\/oeufs-de-truite-fumes-2\\\/\",\"url\":\"https:\\\/\\\/caviar-de-neuvic.com\\\/p\\\/accueil\\\/oeufs-de-poisson\\\/oeufs-de-truite-fumes-2\\\/\",\"name\":\"Oeufs de truite fum\u00e9s - Caviar de Neuvic\",\"isPartOf\":{\"@id\":\"http:\\\/\\\/caviar-de-neuvic.com\\\/fr\\\/#website\"},\"primaryImageOfPage\":{\"@id\":\"https:\\\/\\\/caviar-de-neuvic.com\\\/p\\\/accueil\\\/oeufs-de-poisson\\\/oeufs-de-truite-fumes-2\\\/#primaryimage\"},\"image\":{\"@id\":\"https:\\\/\\\/caviar-de-neuvic.com\\\/p\\\/accueil\\\/oeufs-de-poisson\\\/oeufs-de-truite-fumes-2\\\/#primaryimage\"},\"thumbnailUrl\":\"https:\\\/\\\/caviar-de-neuvic.com\\\/wp-content\\\/uploads\\\/2024\\\/06\\\/2765-Oeufs-de-truite-fumes.jpg\",\"datePublished\":\"2024-06-10T14:20:13+00:00\",\"dateModified\":\"2026-04-27T15:54:16+00:00\",\"description\":\"D\u00e9couvrez l'\u00e9l\u00e9gance fum\u00e9e avec nos \u0152ufs de truite fum\u00e9s, une d\u00e9licatesse culinaire qui marie la finesse des \u0153ufs de truite \u00e0 l'ar\u00f4me subtil de la fumaison.\",\"breadcrumb\":{\"@id\":\"https:\\\/\\\/caviar-de-neuvic.com\\\/p\\\/accueil\\\/oeufs-de-poisson\\\/oeufs-de-truite-fumes-2\\\/#breadcrumb\"},\"inLanguage\":\"de\",\"potentialAction\":[{\"@type\":\"ReadAction\",\"target\":[\"https:\\\/\\\/caviar-de-neuvic.com\\\/p\\\/accueil\\\/oeufs-de-poisson\\\/oeufs-de-truite-fumes-2\\\/\"]}]},{\"@type\":\"ImageObject\",\"inLanguage\":\"de\",\"@id\":\"https:\\\/\\\/caviar-de-neuvic.com\\\/p\\\/accueil\\\/oeufs-de-poisson\\\/oeufs-de-truite-fumes-2\\\/#primaryimage\",\"url\":\"https:\\\/\\\/caviar-de-neuvic.com\\\/wp-content\\\/uploads\\\/2024\\\/06\\\/2765-Oeufs-de-truite-fumes.jpg\",\"contentUrl\":\"https:\\\/\\\/caviar-de-neuvic.com\\\/wp-content\\\/uploads\\\/2024\\\/06\\\/2765-Oeufs-de-truite-fumes.jpg\",\"width\":1100,\"height\":1422,\"caption\":\"Oeufs de truite fum\u00e9s\"},{\"@type\":\"BreadcrumbList\",\"@id\":\"https:\\\/\\\/caviar-de-neuvic.com\\\/p\\\/accueil\\\/oeufs-de-poisson\\\/oeufs-de-truite-fumes-2\\\/#breadcrumb\",\"itemListElement\":[{\"@type\":\"ListItem\",\"position\":1,\"name\":\"Caviar de Neuvic\",\"item\":\"https:\\\/\\\/caviar-de-neuvic.com\\\/\"},{\"@type\":\"ListItem\",\"position\":2,\"name\":\"Shop\",\"item\":\"https:\\\/\\\/caviar-de-neuvic.com\\\/en\\\/shop\\\/\"},{\"@type\":\"ListItem\",\"position\":3,\"name\":\"Oeufs de truite fum\u00e9s\"}]},{\"@type\":\"WebSite\",\"@id\":\"http:\\\/\\\/caviar-de-neuvic.com\\\/fr\\\/#website\",\"url\":\"http:\\\/\\\/caviar-de-neuvic.com\\\/fr\\\/\",\"name\":\"Producteur Fran\u00e7ais De Caviar\",\"description\":\"\",\"publisher\":{\"@id\":\"http:\\\/\\\/caviar-de-neuvic.com\\\/fr\\\/#organization\"},\"potentialAction\":[{\"@type\":\"SearchAction\",\"target\":{\"@type\":\"EntryPoint\",\"urlTemplate\":\"http:\\\/\\\/caviar-de-neuvic.com\\\/fr\\\/?s={search_term_string}\"},\"query-input\":{\"@type\":\"PropertyValueSpecification\",\"valueRequired\":true,\"valueName\":\"search_term_string\"}}],\"inLanguage\":\"de\"},{\"@type\":\"Organization\",\"@id\":\"http:\\\/\\\/caviar-de-neuvic.com\\\/fr\\\/#organization\",\"name\":\"Producteur Fran\u00e7ais De Caviar\",\"url\":\"http:\\\/\\\/caviar-de-neuvic.com\\\/fr\\\/\",\"logo\":{\"@type\":\"ImageObject\",\"inLanguage\":\"de\",\"@id\":\"http:\\\/\\\/caviar-de-neuvic.com\\\/fr\\\/#\\\/schema\\\/logo\\\/image\\\/\",\"url\":\"\",\"contentUrl\":\"\",\"caption\":\"Producteur Fran\u00e7ais De Caviar\"},\"image\":{\"@id\":\"http:\\\/\\\/caviar-de-neuvic.com\\\/fr\\\/#\\\/schema\\\/logo\\\/image\\\/\"}}]}<\/script>\n<!-- \/ Yoast SEO plugin. -->","yoast_head_json":{"title":"Oeufs de truite fum\u00e9s - Caviar de Neuvic","description":"D\u00e9couvrez l'\u00e9l\u00e9gance fum\u00e9e avec nos \u0152ufs de truite fum\u00e9s, une d\u00e9licatesse culinaire qui marie la finesse des \u0153ufs de truite \u00e0 l'ar\u00f4me subtil de la fumaison.","robots":{"index":"index","follow":"follow","max-snippet":"max-snippet:-1","max-image-preview":"max-image-preview:large","max-video-preview":"max-video-preview:-1"},"canonical":"https:\/\/caviar-de-neuvic.com\/de\/p\/accueil\/oeufs-de-poisson\/oeufs-de-truite-fumes-2\/","og_locale":"de_DE","og_type":"article","og_title":"Oeufs de truite fum\u00e9s - Caviar de Neuvic","og_description":"D\u00e9couvrez l'\u00e9l\u00e9gance fum\u00e9e avec nos \u0152ufs de truite fum\u00e9s, une d\u00e9licatesse culinaire qui marie la finesse des \u0153ufs de truite \u00e0 l'ar\u00f4me subtil de la fumaison.","og_url":"https:\/\/caviar-de-neuvic.com\/de\/p\/accueil\/oeufs-de-poisson\/oeufs-de-truite-fumes-2\/","og_site_name":"Producteur Fran\u00e7ais De Caviar","article_modified_time":"2026-04-27T15:54:16+00:00","og_image":[{"width":1100,"height":1422,"url":"https:\/\/caviar-de-neuvic.com\/wp-content\/uploads\/2024\/06\/2765-Oeufs-de-truite-fumes.jpg","type":"image\/jpeg"}],"twitter_card":"summary_large_image","twitter_misc":{"Gesch\u00e4tzte Lesezeit":"1\u00a0Minute"},"schema":{"@context":"https:\/\/schema.org","@graph":[{"@type":"WebPage","@id":"https:\/\/caviar-de-neuvic.com\/p\/accueil\/oeufs-de-poisson\/oeufs-de-truite-fumes-2\/","url":"https:\/\/caviar-de-neuvic.com\/p\/accueil\/oeufs-de-poisson\/oeufs-de-truite-fumes-2\/","name":"Oeufs de truite fum\u00e9s - Caviar de Neuvic","isPartOf":{"@id":"http:\/\/caviar-de-neuvic.com\/fr\/#website"},"primaryImageOfPage":{"@id":"https:\/\/caviar-de-neuvic.com\/p\/accueil\/oeufs-de-poisson\/oeufs-de-truite-fumes-2\/#primaryimage"},"image":{"@id":"https:\/\/caviar-de-neuvic.com\/p\/accueil\/oeufs-de-poisson\/oeufs-de-truite-fumes-2\/#primaryimage"},"thumbnailUrl":"https:\/\/caviar-de-neuvic.com\/wp-content\/uploads\/2024\/06\/2765-Oeufs-de-truite-fumes.jpg","datePublished":"2024-06-10T14:20:13+00:00","dateModified":"2026-04-27T15:54:16+00:00","description":"D\u00e9couvrez l'\u00e9l\u00e9gance fum\u00e9e avec nos \u0152ufs de truite fum\u00e9s, une d\u00e9licatesse culinaire qui marie la finesse des \u0153ufs de truite \u00e0 l'ar\u00f4me subtil de la fumaison.","breadcrumb":{"@id":"https:\/\/caviar-de-neuvic.com\/p\/accueil\/oeufs-de-poisson\/oeufs-de-truite-fumes-2\/#breadcrumb"},"inLanguage":"de","potentialAction":[{"@type":"ReadAction","target":["https:\/\/caviar-de-neuvic.com\/p\/accueil\/oeufs-de-poisson\/oeufs-de-truite-fumes-2\/"]}]},{"@type":"ImageObject","inLanguage":"de","@id":"https:\/\/caviar-de-neuvic.com\/p\/accueil\/oeufs-de-poisson\/oeufs-de-truite-fumes-2\/#primaryimage","url":"https:\/\/caviar-de-neuvic.com\/wp-content\/uploads\/2024\/06\/2765-Oeufs-de-truite-fumes.jpg","contentUrl":"https:\/\/caviar-de-neuvic.com\/wp-content\/uploads\/2024\/06\/2765-Oeufs-de-truite-fumes.jpg","width":1100,"height":1422,"caption":"Oeufs de truite fum\u00e9s"},{"@type":"BreadcrumbList","@id":"https:\/\/caviar-de-neuvic.com\/p\/accueil\/oeufs-de-poisson\/oeufs-de-truite-fumes-2\/#breadcrumb","itemListElement":[{"@type":"ListItem","position":1,"name":"Caviar de Neuvic","item":"https:\/\/caviar-de-neuvic.com\/"},{"@type":"ListItem","position":2,"name":"Shop","item":"https:\/\/caviar-de-neuvic.com\/en\/shop\/"},{"@type":"ListItem","position":3,"name":"Oeufs de truite fum\u00e9s"}]},{"@type":"WebSite","@id":"http:\/\/caviar-de-neuvic.com\/fr\/#website","url":"http:\/\/caviar-de-neuvic.com\/fr\/","name":"Producteur Fran\u00e7ais De Caviar","description":"","publisher":{"@id":"http:\/\/caviar-de-neuvic.com\/fr\/#organization"},"potentialAction":[{"@type":"SearchAction","target":{"@type":"EntryPoint","urlTemplate":"http:\/\/caviar-de-neuvic.com\/fr\/?s={search_term_string}"},"query-input":{"@type":"PropertyValueSpecification","valueRequired":true,"valueName":"search_term_string"}}],"inLanguage":"de"},{"@type":"Organization","@id":"http:\/\/caviar-de-neuvic.com\/fr\/#organization","name":"Producteur Fran\u00e7ais De Caviar","url":"http:\/\/caviar-de-neuvic.com\/fr\/","logo":{"@type":"ImageObject","inLanguage":"de","@id":"http:\/\/caviar-de-neuvic.com\/fr\/#\/schema\/logo\/image\/","url":"","contentUrl":"","caption":"Producteur Fran\u00e7ais De Caviar"},"image":{"@id":"http:\/\/caviar-de-neuvic.com\/fr\/#\/schema\/logo\/image\/"}}]}},"_links":{"self":[{"href":"https:\/\/caviar-de-neuvic.com\/de\/wp-json\/wp\/v2\/product\/2260","targetHints":{"allow":["GET"]}}],"collection":[{"href":"https:\/\/caviar-de-neuvic.com\/de\/wp-json\/wp\/v2\/product"}],"about":[{"href":"https:\/\/caviar-de-neuvic.com\/de\/wp-json\/wp\/v2\/types\/product"}],"version-history":[{"count":6,"href":"https:\/\/caviar-de-neuvic.com\/de\/wp-json\/wp\/v2\/product\/2260\/revisions"}],"predecessor-version":[{"id":31961,"href":"https:\/\/caviar-de-neuvic.com\/de\/wp-json\/wp\/v2\/product\/2260\/revisions\/31961"}],"wp:featuredmedia":[{"embeddable":true,"href":"https:\/\/caviar-de-neuvic.com\/de\/wp-json\/wp\/v2\/media\/29690"}],"wp:attachment":[{"href":"https:\/\/caviar-de-neuvic.com\/de\/wp-json\/wp\/v2\/media?parent=2260"}],"wp:term":[{"taxonomy":"product_brand","embeddable":true,"href":"https:\/\/caviar-de-neuvic.com\/de\/wp-json\/wp\/v2\/product_brand?post=2260"},{"taxonomy":"product_cat","embeddable":true,"href":"https:\/\/caviar-de-neuvic.com\/de\/wp-json\/wp\/v2\/product_cat?post=2260"},{"taxonomy":"product_tag","embeddable":true,"href":"https:\/\/caviar-de-neuvic.com\/de\/wp-json\/wp\/v2\/product_tag?post=2260"}],"curies":[{"name":"wp","href":"https:\/\/api.w.org\/{rel}","templated":true}]}}