{"id":961,"date":"2019-10-20T15:12:21","date_gmt":"2019-10-20T15:12:21","guid":{"rendered":"https:\/\/caviar-de-neuvic.com\/produits\/beurre-de-caviar\/"},"modified":"2026-04-22T14:58:39","modified_gmt":"2026-04-22T12:58:39","slug":"beurre-de-caviar","status":"publish","type":"product","link":"https:\/\/caviar-de-neuvic.com\/de\/p\/accueil\/l-epicerie-neuvic\/epicerie-caviar\/beurre-de-caviar\/","title":{"rendered":"Kaviarbutter"},"content":{"rendered":"<h3>servieren<\/h3>\n<p>Kaviarbutter sollte einige Minuten vor Gebrauch aus dem K\u00fchlschrank genommen werden, damit sie weich wird und sich gleichm\u00e4\u00dfig verstreichen l\u00e4sst. Nach dem \u00d6ffnen sollte sie innerhalb von 48 Stunden verbraucht werden, damit ihr ausgewogener Geschmack und ihre Frische erhalten bleiben.<\/p>\n<h3>begleiten<\/h3>\n<p>Die Kaviarbutter passt gut zu Wodka und Champagner, harmoniert aber auch perfekt mit der reichhaltigen Struktur und der aromatischen Subtilit\u00e4t eines guten wei\u00dfen Burgunders.<\/p>\n<h3>Rezepte<\/h3>\n<p>Kaviarbutter ist eine unersch\u00f6pfliche Quelle der Inspiration f\u00fcr kulinarische Kreativit\u00e4t. Sie kann auf allen Arten von fein ger\u00f6stetem Brot, zu Austern, auf einem Wei\u00dffischfilet mit einigen Kaviarperlen oder auf Toaststreifen zu einem weich gekochten Ei genossen werden.<\/p>","protected":false},"excerpt":{"rendered":"<p>Oft kopiert, aber nie erreicht! Die Kaviarbutter ist ein Rezept, das von Caviar de Neuvic zusammen mit dem Sternekoch Cyril Haberland entwickelt wurde.<\/p>\n<p>Es handelt sich ganz einfach um Butter, die mit 25 % verfeinertem Baeri-Kaviar vermischt wurde. Bei einem geringeren Anteil w\u00e4re der Geschmack des Kaviars weniger pr\u00e4sent, bei einem h\u00f6heren Anteil w\u00e4re er nicht intensiver. Tipp: Durch Erw\u00e4rmen kommen die Aromen besser zur Geltung, wenn die Butter zu kalt ist, schmeckt man nur die Butter. Nehmen Sie sie daher 10 Minuten vor Gebrauch aus dem K\u00fchlschrank.<\/p>\n<h2>Genie\u00dfen Sie Kaviar einmal anders!<\/h2>\n<p>Das Rezept enth\u00e4lt Butter und Caviar de Neuvic, wodurch eine unverwechselbare Kaviarfarbe und ein einzigartiger Geschmack entstehen. Die Cremigkeit der Butter und die Textur des Kaviars bilden ein Bouquet aus subtilen und originellen Aromen.<\/p>\n<p>Caviar de Neuvic war Vorreiter dieses Produkts, das mittlerweile auch von anderen Kaviarherstellern angeboten wird. Es ist ideal, um Kaviar kennenzulernen.<\/p>\n<p>Dank seiner einfachen Handhabung l\u00e4sst dieses Produkt Raum f\u00fcr Kreativit\u00e4t. Eine 45-g-Dose reicht f\u00fcr etwa 25 Toasts und verleiht Ihren Aperitifs eine elegante Note.<\/p>","protected":false},"featured_media":957,"template":"","meta":{"_acf_changed":false,"ocean_post_layout":"","ocean_both_sidebars_style":"","ocean_both_sidebars_content_width":0,"ocean_both_sidebars_sidebars_width":0,"ocean_sidebar":"0","ocean_second_sidebar":"0","ocean_disable_margins":"enable","ocean_add_body_class":"","ocean_shortcode_before_top_bar":"","ocean_shortcode_after_top_bar":"","ocean_shortcode_before_header":"","ocean_shortcode_after_header":"","ocean_has_shortcode":"","ocean_shortcode_after_title":"","ocean_shortcode_before_footer_widgets":"","ocean_shortcode_after_footer_widgets":"","ocean_shortcode_before_footer_bottom":"","ocean_shortcode_after_footer_bottom":"","ocean_display_top_bar":"default","ocean_display_header":"default","ocean_header_style":"","ocean_center_header_left_menu":"0","ocean_custom_header_template":"0","ocean_custom_logo":0,"ocean_custom_retina_logo":0,"ocean_custom_logo_max_width":0,"ocean_custom_logo_tablet_max_width":0,"ocean_custom_logo_mobile_max_width":0,"ocean_custom_logo_max_height":0,"ocean_custom_logo_tablet_max_height":0,"ocean_custom_logo_mobile_max_height":0,"ocean_header_custom_menu":"0","ocean_menu_typo_font_family":"0","ocean_menu_typo_font_subset":"","ocean_menu_typo_font_size":0,"ocean_menu_typo_font_size_tablet":0,"ocean_menu_typo_font_size_mobile":0,"ocean_menu_typo_font_size_unit":"px","ocean_menu_typo_font_weight":"","ocean_menu_typo_font_weight_tablet":"","ocean_menu_typo_font_weight_mobile":"","ocean_menu_typo_transform":"","ocean_menu_typo_transform_tablet":"","ocean_menu_typo_transform_mobile":"","ocean_menu_typo_line_height":0,"ocean_menu_typo_line_height_tablet":0,"ocean_menu_typo_line_height_mobile":0,"ocean_menu_typo_line_height_unit":"","ocean_menu_typo_spacing":0,"ocean_menu_typo_spacing_tablet":0,"ocean_menu_typo_spacing_mobile":0,"ocean_menu_typo_spacing_unit":"","ocean_menu_link_color":"","ocean_menu_link_color_hover":"","ocean_menu_link_color_active":"","ocean_menu_link_background":"","ocean_menu_link_hover_background":"","ocean_menu_link_active_background":"","ocean_menu_social_links_bg":"","ocean_menu_social_hover_links_bg":"","ocean_menu_social_links_color":"","ocean_menu_social_hover_links_color":"","ocean_disable_title":"default","ocean_disable_heading":"default","ocean_post_title":"","ocean_post_subheading":"","ocean_post_title_style":"","ocean_post_title_background_color":"","ocean_post_title_background":0,"ocean_post_title_bg_image_position":"","ocean_post_title_bg_image_attachment":"","ocean_post_title_bg_image_repeat":"","ocean_post_title_bg_image_size":"","ocean_post_title_height":0,"ocean_post_title_bg_overlay":0.5,"ocean_post_title_bg_overlay_color":"","ocean_disable_breadcrumbs":"default","ocean_breadcrumbs_color":"","ocean_breadcrumbs_separator_color":"","ocean_breadcrumbs_links_color":"","ocean_breadcrumbs_links_hover_color":"","ocean_display_footer_widgets":"default","ocean_display_footer_bottom":"default","ocean_custom_footer_template":"0","omw_enable_modal_window":"enable"},"product_brand":[],"product_cat":[23,45,22],"product_tag":[],"class_list":{"0":"post-961","1":"product","2":"type-product","3":"status-publish","4":"has-post-thumbnail","6":"product_cat-beurres-et-taramas","7":"product_cat-epicerie-caviar","8":"product_cat-l-epicerie-neuvic","9":"pa_choisissezlepoids-45g","10":"pa_choisissezlepoids-95g","11":"pa_conservation-1a-aurefrigerateurentre0et4c","12":"pa_dlc-3mois","13":"pa_origine-france","15":"entry","16":"has-media","18":"first","19":"instock","20":"taxable","21":"shipping-taxable","22":"purchasable","23":"product-type-variable","24":"has-default-attributes","25":"has-product-nav","26":"col","27":"span_1_of_3","28":"owp-content-center","29":"item-entry","30":"owp-thumbs-layout-vertical","31":"owp-btn-normal","32":"owp-tabs-layout-horizontal"},"acf":[],"yoast_head":"<!-- This site is optimized with the Yoast SEO plugin v27.4 - https:\/\/yoast.com\/product\/yoast-seo-wordpress\/ -->\n<title>Beurre de Caviar - Caviar de Neuvic<\/title>\n<meta name=\"description\" content=\"Souvent imit\u00e9, mais jamais \u00e9gal\u00e9 ! Le Beurre de Caviar est une recette originale d\u00e9velopp\u00e9e par Caviar de Neuvic. La recette contient du beurre et du Caviar de Neuvic et affiche une couleur et une saveur r\u00e9solument caviar. L&#039;onctuosit\u00e9 du beurre et la texture du caviar composent un bouquet de saveurs subtiles et originales.\" \/>\n<meta name=\"robots\" content=\"index, follow, max-snippet:-1, max-image-preview:large, max-video-preview:-1\" \/>\n<link rel=\"canonical\" href=\"https:\/\/caviar-de-neuvic.com\/de\/p\/accueil\/l-epicerie-neuvic\/epicerie-caviar\/beurre-de-caviar\/\" \/>\n<meta property=\"og:locale\" content=\"de_DE\" \/>\n<meta property=\"og:type\" content=\"article\" \/>\n<meta property=\"og:title\" content=\"Beurre de Caviar - Caviar de Neuvic\" \/>\n<meta property=\"og:description\" content=\"Souvent imit\u00e9, mais jamais \u00e9gal\u00e9 ! Le Beurre de Caviar est une recette originale d\u00e9velopp\u00e9e par Caviar de Neuvic. La recette contient du beurre et du Caviar de Neuvic et affiche une couleur et une saveur r\u00e9solument caviar. L&#039;onctuosit\u00e9 du beurre et la texture du caviar composent un bouquet de saveurs subtiles et originales.\" \/>\n<meta property=\"og:url\" content=\"https:\/\/caviar-de-neuvic.com\/de\/p\/accueil\/l-epicerie-neuvic\/epicerie-caviar\/beurre-de-caviar\/\" \/>\n<meta property=\"og:site_name\" content=\"Producteur Fran\u00e7ais De Caviar\" \/>\n<meta property=\"article:modified_time\" content=\"2026-04-22T12:58:39+00:00\" \/>\n<meta property=\"og:image\" content=\"https:\/\/caviar-de-neuvic.com\/wp-content\/uploads\/2019\/10\/2142-Beurre-de-Caviar.jpg\" \/>\n\t<meta property=\"og:image:width\" content=\"1100\" \/>\n\t<meta property=\"og:image:height\" content=\"1422\" \/>\n\t<meta property=\"og:image:type\" content=\"image\/jpeg\" \/>\n<meta name=\"twitter:card\" content=\"summary_large_image\" \/>\n<meta name=\"twitter:label1\" content=\"Gesch\u00e4tzte Lesezeit\" \/>\n\t<meta name=\"twitter:data1\" content=\"1\u00a0Minute\" \/>\n<script type=\"application\/ld+json\" class=\"yoast-schema-graph\">{\"@context\":\"https:\\\/\\\/schema.org\",\"@graph\":[{\"@type\":\"WebPage\",\"@id\":\"https:\\\/\\\/caviar-de-neuvic.com\\\/p\\\/accueil\\\/l-epicerie-neuvic\\\/epicerie-caviar\\\/beurre-de-caviar\\\/\",\"url\":\"https:\\\/\\\/caviar-de-neuvic.com\\\/p\\\/accueil\\\/l-epicerie-neuvic\\\/epicerie-caviar\\\/beurre-de-caviar\\\/\",\"name\":\"Beurre de Caviar - Caviar de Neuvic\",\"isPartOf\":{\"@id\":\"http:\\\/\\\/caviar-de-neuvic.com\\\/fr\\\/#website\"},\"primaryImageOfPage\":{\"@id\":\"https:\\\/\\\/caviar-de-neuvic.com\\\/p\\\/accueil\\\/l-epicerie-neuvic\\\/epicerie-caviar\\\/beurre-de-caviar\\\/#primaryimage\"},\"image\":{\"@id\":\"https:\\\/\\\/caviar-de-neuvic.com\\\/p\\\/accueil\\\/l-epicerie-neuvic\\\/epicerie-caviar\\\/beurre-de-caviar\\\/#primaryimage\"},\"thumbnailUrl\":\"https:\\\/\\\/caviar-de-neuvic.com\\\/wp-content\\\/uploads\\\/2019\\\/10\\\/2142-Beurre-de-Caviar.jpg\",\"datePublished\":\"2019-10-20T15:12:21+00:00\",\"dateModified\":\"2026-04-22T12:58:39+00:00\",\"description\":\"Souvent imit\u00e9, mais jamais \u00e9gal\u00e9 ! Le Beurre de Caviar est une recette originale d\u00e9velopp\u00e9e par Caviar de Neuvic. La recette contient du beurre et du Caviar de Neuvic et affiche une couleur et une saveur r\u00e9solument caviar. L'onctuosit\u00e9 du beurre et la texture du caviar composent un bouquet de saveurs subtiles et originales.\",\"breadcrumb\":{\"@id\":\"https:\\\/\\\/caviar-de-neuvic.com\\\/p\\\/accueil\\\/l-epicerie-neuvic\\\/epicerie-caviar\\\/beurre-de-caviar\\\/#breadcrumb\"},\"inLanguage\":\"de\",\"potentialAction\":[{\"@type\":\"ReadAction\",\"target\":[\"https:\\\/\\\/caviar-de-neuvic.com\\\/p\\\/accueil\\\/l-epicerie-neuvic\\\/epicerie-caviar\\\/beurre-de-caviar\\\/\"]}]},{\"@type\":\"ImageObject\",\"inLanguage\":\"de\",\"@id\":\"https:\\\/\\\/caviar-de-neuvic.com\\\/p\\\/accueil\\\/l-epicerie-neuvic\\\/epicerie-caviar\\\/beurre-de-caviar\\\/#primaryimage\",\"url\":\"https:\\\/\\\/caviar-de-neuvic.com\\\/wp-content\\\/uploads\\\/2019\\\/10\\\/2142-Beurre-de-Caviar.jpg\",\"contentUrl\":\"https:\\\/\\\/caviar-de-neuvic.com\\\/wp-content\\\/uploads\\\/2019\\\/10\\\/2142-Beurre-de-Caviar.jpg\",\"width\":1100,\"height\":1422,\"caption\":\"Beurre de Caviar\"},{\"@type\":\"BreadcrumbList\",\"@id\":\"https:\\\/\\\/caviar-de-neuvic.com\\\/p\\\/accueil\\\/l-epicerie-neuvic\\\/epicerie-caviar\\\/beurre-de-caviar\\\/#breadcrumb\",\"itemListElement\":[{\"@type\":\"ListItem\",\"position\":1,\"name\":\"Caviar de Neuvic\",\"item\":\"https:\\\/\\\/caviar-de-neuvic.com\\\/\"},{\"@type\":\"ListItem\",\"position\":2,\"name\":\"Shop\",\"item\":\"https:\\\/\\\/caviar-de-neuvic.com\\\/en\\\/shop\\\/\"},{\"@type\":\"ListItem\",\"position\":3,\"name\":\"Beurre de Caviar\"}]},{\"@type\":\"WebSite\",\"@id\":\"http:\\\/\\\/caviar-de-neuvic.com\\\/fr\\\/#website\",\"url\":\"http:\\\/\\\/caviar-de-neuvic.com\\\/fr\\\/\",\"name\":\"Producteur Fran\u00e7ais De Caviar\",\"description\":\"\",\"publisher\":{\"@id\":\"http:\\\/\\\/caviar-de-neuvic.com\\\/fr\\\/#organization\"},\"potentialAction\":[{\"@type\":\"SearchAction\",\"target\":{\"@type\":\"EntryPoint\",\"urlTemplate\":\"http:\\\/\\\/caviar-de-neuvic.com\\\/fr\\\/?s={search_term_string}\"},\"query-input\":{\"@type\":\"PropertyValueSpecification\",\"valueRequired\":true,\"valueName\":\"search_term_string\"}}],\"inLanguage\":\"de\"},{\"@type\":\"Organization\",\"@id\":\"http:\\\/\\\/caviar-de-neuvic.com\\\/fr\\\/#organization\",\"name\":\"Producteur Fran\u00e7ais De Caviar\",\"url\":\"http:\\\/\\\/caviar-de-neuvic.com\\\/fr\\\/\",\"logo\":{\"@type\":\"ImageObject\",\"inLanguage\":\"de\",\"@id\":\"http:\\\/\\\/caviar-de-neuvic.com\\\/fr\\\/#\\\/schema\\\/logo\\\/image\\\/\",\"url\":\"\",\"contentUrl\":\"\",\"caption\":\"Producteur Fran\u00e7ais De Caviar\"},\"image\":{\"@id\":\"http:\\\/\\\/caviar-de-neuvic.com\\\/fr\\\/#\\\/schema\\\/logo\\\/image\\\/\"}}]}<\/script>\n<!-- \/ Yoast SEO plugin. -->","yoast_head_json":{"title":"Beurre de Caviar - Caviar de Neuvic","description":"Souvent imit\u00e9, mais jamais \u00e9gal\u00e9 ! Le Beurre de Caviar est une recette originale d\u00e9velopp\u00e9e par Caviar de Neuvic. La recette contient du beurre et du Caviar de Neuvic et affiche une couleur et une saveur r\u00e9solument caviar. L'onctuosit\u00e9 du beurre et la texture du caviar composent un bouquet de saveurs subtiles et originales.","robots":{"index":"index","follow":"follow","max-snippet":"max-snippet:-1","max-image-preview":"max-image-preview:large","max-video-preview":"max-video-preview:-1"},"canonical":"https:\/\/caviar-de-neuvic.com\/de\/p\/accueil\/l-epicerie-neuvic\/epicerie-caviar\/beurre-de-caviar\/","og_locale":"de_DE","og_type":"article","og_title":"Beurre de Caviar - Caviar de Neuvic","og_description":"Souvent imit\u00e9, mais jamais \u00e9gal\u00e9 ! Le Beurre de Caviar est une recette originale d\u00e9velopp\u00e9e par Caviar de Neuvic. La recette contient du beurre et du Caviar de Neuvic et affiche une couleur et une saveur r\u00e9solument caviar. L'onctuosit\u00e9 du beurre et la texture du caviar composent un bouquet de saveurs subtiles et originales.","og_url":"https:\/\/caviar-de-neuvic.com\/de\/p\/accueil\/l-epicerie-neuvic\/epicerie-caviar\/beurre-de-caviar\/","og_site_name":"Producteur Fran\u00e7ais De Caviar","article_modified_time":"2026-04-22T12:58:39+00:00","og_image":[{"width":1100,"height":1422,"url":"https:\/\/caviar-de-neuvic.com\/wp-content\/uploads\/2019\/10\/2142-Beurre-de-Caviar.jpg","type":"image\/jpeg"}],"twitter_card":"summary_large_image","twitter_misc":{"Gesch\u00e4tzte Lesezeit":"1\u00a0Minute"},"schema":{"@context":"https:\/\/schema.org","@graph":[{"@type":"WebPage","@id":"https:\/\/caviar-de-neuvic.com\/p\/accueil\/l-epicerie-neuvic\/epicerie-caviar\/beurre-de-caviar\/","url":"https:\/\/caviar-de-neuvic.com\/p\/accueil\/l-epicerie-neuvic\/epicerie-caviar\/beurre-de-caviar\/","name":"Beurre de Caviar - Caviar de Neuvic","isPartOf":{"@id":"http:\/\/caviar-de-neuvic.com\/fr\/#website"},"primaryImageOfPage":{"@id":"https:\/\/caviar-de-neuvic.com\/p\/accueil\/l-epicerie-neuvic\/epicerie-caviar\/beurre-de-caviar\/#primaryimage"},"image":{"@id":"https:\/\/caviar-de-neuvic.com\/p\/accueil\/l-epicerie-neuvic\/epicerie-caviar\/beurre-de-caviar\/#primaryimage"},"thumbnailUrl":"https:\/\/caviar-de-neuvic.com\/wp-content\/uploads\/2019\/10\/2142-Beurre-de-Caviar.jpg","datePublished":"2019-10-20T15:12:21+00:00","dateModified":"2026-04-22T12:58:39+00:00","description":"Souvent imit\u00e9, mais jamais \u00e9gal\u00e9 ! Le Beurre de Caviar est une recette originale d\u00e9velopp\u00e9e par Caviar de Neuvic. La recette contient du beurre et du Caviar de Neuvic et affiche une couleur et une saveur r\u00e9solument caviar. L'onctuosit\u00e9 du beurre et la texture du caviar composent un bouquet de saveurs subtiles et originales.","breadcrumb":{"@id":"https:\/\/caviar-de-neuvic.com\/p\/accueil\/l-epicerie-neuvic\/epicerie-caviar\/beurre-de-caviar\/#breadcrumb"},"inLanguage":"de","potentialAction":[{"@type":"ReadAction","target":["https:\/\/caviar-de-neuvic.com\/p\/accueil\/l-epicerie-neuvic\/epicerie-caviar\/beurre-de-caviar\/"]}]},{"@type":"ImageObject","inLanguage":"de","@id":"https:\/\/caviar-de-neuvic.com\/p\/accueil\/l-epicerie-neuvic\/epicerie-caviar\/beurre-de-caviar\/#primaryimage","url":"https:\/\/caviar-de-neuvic.com\/wp-content\/uploads\/2019\/10\/2142-Beurre-de-Caviar.jpg","contentUrl":"https:\/\/caviar-de-neuvic.com\/wp-content\/uploads\/2019\/10\/2142-Beurre-de-Caviar.jpg","width":1100,"height":1422,"caption":"Beurre de Caviar"},{"@type":"BreadcrumbList","@id":"https:\/\/caviar-de-neuvic.com\/p\/accueil\/l-epicerie-neuvic\/epicerie-caviar\/beurre-de-caviar\/#breadcrumb","itemListElement":[{"@type":"ListItem","position":1,"name":"Caviar de Neuvic","item":"https:\/\/caviar-de-neuvic.com\/"},{"@type":"ListItem","position":2,"name":"Shop","item":"https:\/\/caviar-de-neuvic.com\/en\/shop\/"},{"@type":"ListItem","position":3,"name":"Beurre de Caviar"}]},{"@type":"WebSite","@id":"http:\/\/caviar-de-neuvic.com\/fr\/#website","url":"http:\/\/caviar-de-neuvic.com\/fr\/","name":"Producteur Fran\u00e7ais De Caviar","description":"","publisher":{"@id":"http:\/\/caviar-de-neuvic.com\/fr\/#organization"},"potentialAction":[{"@type":"SearchAction","target":{"@type":"EntryPoint","urlTemplate":"http:\/\/caviar-de-neuvic.com\/fr\/?s={search_term_string}"},"query-input":{"@type":"PropertyValueSpecification","valueRequired":true,"valueName":"search_term_string"}}],"inLanguage":"de"},{"@type":"Organization","@id":"http:\/\/caviar-de-neuvic.com\/fr\/#organization","name":"Producteur Fran\u00e7ais De Caviar","url":"http:\/\/caviar-de-neuvic.com\/fr\/","logo":{"@type":"ImageObject","inLanguage":"de","@id":"http:\/\/caviar-de-neuvic.com\/fr\/#\/schema\/logo\/image\/","url":"","contentUrl":"","caption":"Producteur Fran\u00e7ais De Caviar"},"image":{"@id":"http:\/\/caviar-de-neuvic.com\/fr\/#\/schema\/logo\/image\/"}}]}},"_links":{"self":[{"href":"https:\/\/caviar-de-neuvic.com\/de\/wp-json\/wp\/v2\/product\/961","targetHints":{"allow":["GET"]}}],"collection":[{"href":"https:\/\/caviar-de-neuvic.com\/de\/wp-json\/wp\/v2\/product"}],"about":[{"href":"https:\/\/caviar-de-neuvic.com\/de\/wp-json\/wp\/v2\/types\/product"}],"version-history":[{"count":4,"href":"https:\/\/caviar-de-neuvic.com\/de\/wp-json\/wp\/v2\/product\/961\/revisions"}],"predecessor-version":[{"id":29969,"href":"https:\/\/caviar-de-neuvic.com\/de\/wp-json\/wp\/v2\/product\/961\/revisions\/29969"}],"wp:featuredmedia":[{"embeddable":true,"href":"https:\/\/caviar-de-neuvic.com\/de\/wp-json\/wp\/v2\/media\/957"}],"wp:attachment":[{"href":"https:\/\/caviar-de-neuvic.com\/de\/wp-json\/wp\/v2\/media?parent=961"}],"wp:term":[{"taxonomy":"product_brand","embeddable":true,"href":"https:\/\/caviar-de-neuvic.com\/de\/wp-json\/wp\/v2\/product_brand?post=961"},{"taxonomy":"product_cat","embeddable":true,"href":"https:\/\/caviar-de-neuvic.com\/de\/wp-json\/wp\/v2\/product_cat?post=961"},{"taxonomy":"product_tag","embeddable":true,"href":"https:\/\/caviar-de-neuvic.com\/de\/wp-json\/wp\/v2\/product_tag?post=961"}],"curies":[{"name":"wp","href":"https:\/\/api.w.org\/{rel}","templated":true}]}}