{"id":1003,"date":"2019-10-20T17:22:06","date_gmt":"2019-10-20T17:22:06","guid":{"rendered":"https:\/\/caviar-de-neuvic.com\/produits\/caviar-beluga-signature\/"},"modified":"2026-03-22T11:28:03","modified_gmt":"2026-03-22T10:28:03","slug":"caviar-beluga-signature","status":"publish","type":"product","link":"https:\/\/caviar-de-neuvic.com\/de_be\/p\/accueil\/caviar\/caviar-beluga\/caviar-beluga-signature\/","title":{"rendered":"Beluga-Kaviar Signature"},"content":{"rendered":"<h3>Tipps<\/h3>\n<p>Nehmen Sie Ihre Kaviar-Dose am besten 5 Minuten vor\u00a0<a href=\"https:\/\/caviar-de-neuvic.com\/de_be\/p\/accueil\/accompagner-le-caviar\/moule-a-glacons-on-the-rock\/\">dem Servieren aus<\/a> dem K\u00fchlschrank. Legen Sie sie auf ein Bett aus Eis, damit sie w\u00e4hrend des Genusses frisch bleibt.\u00a0<a href=\"https:\/\/caviar-de-neuvic.com\/de_be\/p\/accueil\/accompagner-le-caviar\/cuillere-en-nacre\/\">Verwenden Sie einen kleinen Perlmuttl\u00f6ffel, der die K\u00f6rner nicht zerbricht<\/a> und keine Oxidation riskiert.<\/p>\n<p>Die Reinheit und Kraft eines guten Wodkas bilden einen interessanten Kontrast zu den buttrigen und \u00fcppigen Noten des Kaviars und unterstreichen gleichzeitig eine nicht ganz so unschuldige Frische.<\/p>\n<h3>Mehr dazu im Blog<\/h3>\n<ul style=\"list-style-type: circle;\">\n<li><a href=\"https:\/\/caviar-de-neuvic.com\/de_be\/universducaviar\/comment-servir-du-caviar\/\">Wie serviert man Kaviar?<\/a><\/li>\n<li><a href=\"https:\/\/caviar-de-neuvic.com\/de_be\/universducaviar\/quels-sens-mobiliser-pour-la-degustation-de-caviar\/\">Welche Sinne werden bei der Verkostung von Kaviar angesprochen?<\/a><\/li>\n<li><a href=\"https:\/\/caviar-de-neuvic.com\/de_be\/universducaviar\/comment-accompagner-le-caviar\/\">Wozu passt Kaviar?<\/a><\/li>\n<li><a href=\"https:\/\/caviar-de-neuvic.com\/de_be\/universducaviar\/comment-deguster-le-caviar\/\">Wie verkostet man Kaviar?<\/a><\/li>\n<li><a href=\"https:\/\/caviar-de-neuvic.com\/de_be\/universducaviar\/conserver-le-caviar\/\">Wie lagert man Kaviar?<\/a><\/li>\n<li><a href=\"https:\/\/caviar-de-neuvic.com\/de_be\/universducaviar\/que-boire-avec-le-caviar\/\">Ein ganz einfaches Rezept: das Ei mit Eiern<\/a><\/li>\n<\/ul>","protected":false},"excerpt":{"rendered":"<p>Aufgrund seiner Seltenheit ist der Beluga-St\u00f6r der bekannteste und mythischste aller St\u00f6re. Heute produzieren nur noch bestimmte L\u00e4nder Beluga-Kaviar aus Zucht.<\/p>\n<p>Dank einer exklusiven Partnerschaft mit einer Fischzucht in Bulgarien bietet Ihnen Caviar de Neuvic diesen au\u00dfergew\u00f6hnlichen Beluga-Kaviar an.<\/p>\n<p>Beluga-Kaviar stammt vom Huso Huso-St\u00f6r. Diese St\u00f6rart wird in einem Stausee gez\u00fcchtet, der durch Schneeschmelze gespeist wird, und kann mit 20 Jahren ein Gewicht von \u00fcber 100 Kilogramm erreichen. Die Gr\u00f6\u00dfe dieses St\u00f6rs tr\u00e4gt ebenfalls zum Renommee dieses Produkts bei. Der Rekordfang eines Beluga-St\u00f6rs lag bei \u00fcber 7 Metern L\u00e4nge und 1,5 Tonnen Gewicht!<\/p>\n<h2>Beluga-Kaviar, eine Reminiszenz an Wildkaviar<\/h2>\n<p>Au\u00dferdem produziert ein weiblicher St\u00f6r erst nach 18 Lebensjahren Eier. Dies erkl\u00e4rt die Gr\u00f6\u00dfe seiner K\u00f6rner, die oft von Verbrauchern gesch\u00e4tzt werden, die sich nach Wildkaviar sehnen. Seine K\u00f6rner sind die gr\u00f6\u00dften aller Kaviarsorten. Sein Geschmack ist kr\u00e4ftig und die Textur der K\u00f6rner cremig. Seine Farbe variiert in einem hellen Grauton.<\/p>","protected":false},"featured_media":25825,"template":"","meta":{"_acf_changed":false,"ocean_post_layout":"","ocean_both_sidebars_style":"","ocean_both_sidebars_content_width":0,"ocean_both_sidebars_sidebars_width":0,"ocean_sidebar":"0","ocean_second_sidebar":"0","ocean_disable_margins":"enable","ocean_add_body_class":"","ocean_shortcode_before_top_bar":"","ocean_shortcode_after_top_bar":"","ocean_shortcode_before_header":"","ocean_shortcode_after_header":"","ocean_has_shortcode":"","ocean_shortcode_after_title":"","ocean_shortcode_before_footer_widgets":"","ocean_shortcode_after_footer_widgets":"","ocean_shortcode_before_footer_bottom":"","ocean_shortcode_after_footer_bottom":"","ocean_display_top_bar":"default","ocean_display_header":"default","ocean_header_style":"","ocean_center_header_left_menu":"0","ocean_custom_header_template":"0","ocean_custom_logo":0,"ocean_custom_retina_logo":0,"ocean_custom_logo_max_width":0,"ocean_custom_logo_tablet_max_width":0,"ocean_custom_logo_mobile_max_width":0,"ocean_custom_logo_max_height":0,"ocean_custom_logo_tablet_max_height":0,"ocean_custom_logo_mobile_max_height":0,"ocean_header_custom_menu":"0","ocean_menu_typo_font_family":"0","ocean_menu_typo_font_subset":"","ocean_menu_typo_font_size":0,"ocean_menu_typo_font_size_tablet":0,"ocean_menu_typo_font_size_mobile":0,"ocean_menu_typo_font_size_unit":"px","ocean_menu_typo_font_weight":"","ocean_menu_typo_font_weight_tablet":"","ocean_menu_typo_font_weight_mobile":"","ocean_menu_typo_transform":"","ocean_menu_typo_transform_tablet":"","ocean_menu_typo_transform_mobile":"","ocean_menu_typo_line_height":0,"ocean_menu_typo_line_height_tablet":0,"ocean_menu_typo_line_height_mobile":0,"ocean_menu_typo_line_height_unit":"","ocean_menu_typo_spacing":0,"ocean_menu_typo_spacing_tablet":0,"ocean_menu_typo_spacing_mobile":0,"ocean_menu_typo_spacing_unit":"","ocean_menu_link_color":"","ocean_menu_link_color_hover":"","ocean_menu_link_color_active":"","ocean_menu_link_background":"","ocean_menu_link_hover_background":"","ocean_menu_link_active_background":"","ocean_menu_social_links_bg":"","ocean_menu_social_hover_links_bg":"","ocean_menu_social_links_color":"","ocean_menu_social_hover_links_color":"","ocean_disable_title":"default","ocean_disable_heading":"default","ocean_post_title":"","ocean_post_subheading":"","ocean_post_title_style":"","ocean_post_title_background_color":"","ocean_post_title_background":0,"ocean_post_title_bg_image_position":"","ocean_post_title_bg_image_attachment":"","ocean_post_title_bg_image_repeat":"","ocean_post_title_bg_image_size":"","ocean_post_title_height":0,"ocean_post_title_bg_overlay":0.5,"ocean_post_title_bg_overlay_color":"","ocean_disable_breadcrumbs":"default","ocean_breadcrumbs_color":"","ocean_breadcrumbs_separator_color":"","ocean_breadcrumbs_links_color":"","ocean_breadcrumbs_links_hover_color":"","ocean_display_footer_widgets":"default","ocean_display_footer_bottom":"default","ocean_custom_footer_template":"0","omw_enable_modal_window":"enable"},"product_brand":[315],"product_cat":[20,51,311],"product_tag":[],"class_list":{"0":"post-1003","1":"product","2":"type-product","3":"status-publish","4":"has-post-thumbnail","6":"product_brand-caviar-signature","7":"product_cat-caviar","8":"product_cat-caviar-beluga","9":"product_cat-nos-caviars-signature","10":"pa_choisissezlepoids-100g","11":"pa_choisissezlepoids-250g","12":"pa_choisissezlepoids-30g","13":"pa_choisissezlepoids-500g","14":"pa_choisissezlepoids-50g","15":"pa_origine-bulgarie","17":"entry","18":"has-media","20":"first","21":"instock","22":"taxable","23":"shipping-taxable","24":"purchasable","25":"product-type-variable","26":"col","27":"span_1_of_3","28":"owp-content-center","29":"item-entry","30":"owp-thumbs-layout-vertical","31":"owp-btn-normal","32":"owp-tabs-layout-horizontal"},"acf":[],"yoast_head":"<!-- This site is optimized with the Yoast SEO plugin v27.4 - https:\/\/yoast.com\/product\/yoast-seo-wordpress\/ -->\n<title>Caviar Beluga Signature - Caviar de Neuvic<\/title>\n<meta name=\"description\" content=\"Le Caviar Beluga est r\u00e9put\u00e9 pour la grande taille de ses grains. Il est souvent appr\u00e9ci\u00e9 par les nostalgiques du caviar sauvage. Son go\u00fbt est puissant et la texture des grains est cr\u00e9meuse.\" \/>\n<meta name=\"robots\" content=\"index, follow, max-snippet:-1, max-image-preview:large, max-video-preview:-1\" \/>\n<link rel=\"canonical\" href=\"https:\/\/caviar-de-neuvic.com\/de_be\/p\/accueil\/caviar\/caviar-beluga\/caviar-beluga-signature\/\" \/>\n<meta property=\"og:locale\" content=\"de_DE\" \/>\n<meta property=\"og:type\" content=\"article\" \/>\n<meta property=\"og:title\" content=\"Caviar Beluga Signature - Caviar de Neuvic\" \/>\n<meta property=\"og:description\" content=\"Le Caviar Beluga est r\u00e9put\u00e9 pour la grande taille de ses grains. Il est souvent appr\u00e9ci\u00e9 par les nostalgiques du caviar sauvage. Son go\u00fbt est puissant et la texture des grains est cr\u00e9meuse.\" \/>\n<meta property=\"og:url\" content=\"https:\/\/caviar-de-neuvic.com\/de_be\/p\/accueil\/caviar\/caviar-beluga\/caviar-beluga-signature\/\" \/>\n<meta property=\"og:site_name\" content=\"Producteur Fran\u00e7ais De Caviar\" \/>\n<meta property=\"article:modified_time\" content=\"2026-03-22T10:28:03+00:00\" \/>\n<meta property=\"og:image\" content=\"https:\/\/caviar-de-neuvic.com\/wp-content\/uploads\/2019\/10\/2106-Caviar-Beluga-Signature.jpg\" \/>\n\t<meta property=\"og:image:width\" content=\"1100\" \/>\n\t<meta property=\"og:image:height\" content=\"1422\" \/>\n\t<meta property=\"og:image:type\" content=\"image\/jpeg\" \/>\n<meta name=\"twitter:card\" content=\"summary_large_image\" \/>\n<meta name=\"twitter:label1\" content=\"Est. reading time\" \/>\n\t<meta name=\"twitter:data1\" content=\"1 minute\" \/>\n<script type=\"application\/ld+json\" class=\"yoast-schema-graph\">{\"@context\":\"https:\\\/\\\/schema.org\",\"@graph\":[{\"@type\":\"WebPage\",\"@id\":\"https:\\\/\\\/caviar-de-neuvic.com\\\/p\\\/accueil\\\/caviar\\\/caviar-beluga\\\/caviar-beluga-signature\\\/\",\"url\":\"https:\\\/\\\/caviar-de-neuvic.com\\\/p\\\/accueil\\\/caviar\\\/caviar-beluga\\\/caviar-beluga-signature\\\/\",\"name\":\"Caviar Beluga Signature - Caviar de Neuvic\",\"isPartOf\":{\"@id\":\"http:\\\/\\\/caviar-de-neuvic.com\\\/fr\\\/#website\"},\"primaryImageOfPage\":{\"@id\":\"https:\\\/\\\/caviar-de-neuvic.com\\\/p\\\/accueil\\\/caviar\\\/caviar-beluga\\\/caviar-beluga-signature\\\/#primaryimage\"},\"image\":{\"@id\":\"https:\\\/\\\/caviar-de-neuvic.com\\\/p\\\/accueil\\\/caviar\\\/caviar-beluga\\\/caviar-beluga-signature\\\/#primaryimage\"},\"thumbnailUrl\":\"https:\\\/\\\/caviar-de-neuvic.com\\\/wp-content\\\/uploads\\\/2019\\\/10\\\/2106-Caviar-Beluga-Signature.jpg\",\"datePublished\":\"2019-10-20T17:22:06+00:00\",\"dateModified\":\"2026-03-22T10:28:03+00:00\",\"description\":\"Le Caviar Beluga est r\u00e9put\u00e9 pour la grande taille de ses grains. Il est souvent appr\u00e9ci\u00e9 par les nostalgiques du caviar sauvage. Son go\u00fbt est puissant et la texture des grains est cr\u00e9meuse.\",\"breadcrumb\":{\"@id\":\"https:\\\/\\\/caviar-de-neuvic.com\\\/p\\\/accueil\\\/caviar\\\/caviar-beluga\\\/caviar-beluga-signature\\\/#breadcrumb\"},\"inLanguage\":\"de-BE\",\"potentialAction\":[{\"@type\":\"ReadAction\",\"target\":[\"https:\\\/\\\/caviar-de-neuvic.com\\\/p\\\/accueil\\\/caviar\\\/caviar-beluga\\\/caviar-beluga-signature\\\/\"]}]},{\"@type\":\"ImageObject\",\"inLanguage\":\"de-BE\",\"@id\":\"https:\\\/\\\/caviar-de-neuvic.com\\\/p\\\/accueil\\\/caviar\\\/caviar-beluga\\\/caviar-beluga-signature\\\/#primaryimage\",\"url\":\"https:\\\/\\\/caviar-de-neuvic.com\\\/wp-content\\\/uploads\\\/2019\\\/10\\\/2106-Caviar-Beluga-Signature.jpg\",\"contentUrl\":\"https:\\\/\\\/caviar-de-neuvic.com\\\/wp-content\\\/uploads\\\/2019\\\/10\\\/2106-Caviar-Beluga-Signature.jpg\",\"width\":1100,\"height\":1422,\"caption\":\"Caviar Beluga Signature\"},{\"@type\":\"BreadcrumbList\",\"@id\":\"https:\\\/\\\/caviar-de-neuvic.com\\\/p\\\/accueil\\\/caviar\\\/caviar-beluga\\\/caviar-beluga-signature\\\/#breadcrumb\",\"itemListElement\":[{\"@type\":\"ListItem\",\"position\":1,\"name\":\"Caviar de Neuvic\",\"item\":\"https:\\\/\\\/caviar-de-neuvic.com\\\/\"},{\"@type\":\"ListItem\",\"position\":2,\"name\":\"Shop\",\"item\":\"https:\\\/\\\/caviar-de-neuvic.com\\\/en\\\/shop\\\/\"},{\"@type\":\"ListItem\",\"position\":3,\"name\":\"Caviar Beluga Signature\"}]},{\"@type\":\"WebSite\",\"@id\":\"http:\\\/\\\/caviar-de-neuvic.com\\\/fr\\\/#website\",\"url\":\"http:\\\/\\\/caviar-de-neuvic.com\\\/fr\\\/\",\"name\":\"Producteur Fran\u00e7ais De Caviar\",\"description\":\"\",\"publisher\":{\"@id\":\"http:\\\/\\\/caviar-de-neuvic.com\\\/fr\\\/#organization\"},\"potentialAction\":[{\"@type\":\"SearchAction\",\"target\":{\"@type\":\"EntryPoint\",\"urlTemplate\":\"http:\\\/\\\/caviar-de-neuvic.com\\\/fr\\\/?s={search_term_string}\"},\"query-input\":{\"@type\":\"PropertyValueSpecification\",\"valueRequired\":true,\"valueName\":\"search_term_string\"}}],\"inLanguage\":\"de-BE\"},{\"@type\":\"Organization\",\"@id\":\"http:\\\/\\\/caviar-de-neuvic.com\\\/fr\\\/#organization\",\"name\":\"Producteur Fran\u00e7ais De Caviar\",\"url\":\"http:\\\/\\\/caviar-de-neuvic.com\\\/fr\\\/\",\"logo\":{\"@type\":\"ImageObject\",\"inLanguage\":\"de-BE\",\"@id\":\"http:\\\/\\\/caviar-de-neuvic.com\\\/fr\\\/#\\\/schema\\\/logo\\\/image\\\/\",\"url\":\"\",\"contentUrl\":\"\",\"caption\":\"Producteur Fran\u00e7ais De Caviar\"},\"image\":{\"@id\":\"http:\\\/\\\/caviar-de-neuvic.com\\\/fr\\\/#\\\/schema\\\/logo\\\/image\\\/\"}}]}<\/script>\n<!-- \/ Yoast SEO plugin. -->","yoast_head_json":{"title":"Caviar Beluga Signature - Caviar de Neuvic","description":"Le Caviar Beluga est r\u00e9put\u00e9 pour la grande taille de ses grains. Il est souvent appr\u00e9ci\u00e9 par les nostalgiques du caviar sauvage. Son go\u00fbt est puissant et la texture des grains est cr\u00e9meuse.","robots":{"index":"index","follow":"follow","max-snippet":"max-snippet:-1","max-image-preview":"max-image-preview:large","max-video-preview":"max-video-preview:-1"},"canonical":"https:\/\/caviar-de-neuvic.com\/de_be\/p\/accueil\/caviar\/caviar-beluga\/caviar-beluga-signature\/","og_locale":"de_DE","og_type":"article","og_title":"Caviar Beluga Signature - Caviar de Neuvic","og_description":"Le Caviar Beluga est r\u00e9put\u00e9 pour la grande taille de ses grains. Il est souvent appr\u00e9ci\u00e9 par les nostalgiques du caviar sauvage. Son go\u00fbt est puissant et la texture des grains est cr\u00e9meuse.","og_url":"https:\/\/caviar-de-neuvic.com\/de_be\/p\/accueil\/caviar\/caviar-beluga\/caviar-beluga-signature\/","og_site_name":"Producteur Fran\u00e7ais De Caviar","article_modified_time":"2026-03-22T10:28:03+00:00","og_image":[{"width":1100,"height":1422,"url":"https:\/\/caviar-de-neuvic.com\/wp-content\/uploads\/2019\/10\/2106-Caviar-Beluga-Signature.jpg","type":"image\/jpeg"}],"twitter_card":"summary_large_image","twitter_misc":{"Est. reading time":"1 minute"},"schema":{"@context":"https:\/\/schema.org","@graph":[{"@type":"WebPage","@id":"https:\/\/caviar-de-neuvic.com\/p\/accueil\/caviar\/caviar-beluga\/caviar-beluga-signature\/","url":"https:\/\/caviar-de-neuvic.com\/p\/accueil\/caviar\/caviar-beluga\/caviar-beluga-signature\/","name":"Caviar Beluga Signature - Caviar de Neuvic","isPartOf":{"@id":"http:\/\/caviar-de-neuvic.com\/fr\/#website"},"primaryImageOfPage":{"@id":"https:\/\/caviar-de-neuvic.com\/p\/accueil\/caviar\/caviar-beluga\/caviar-beluga-signature\/#primaryimage"},"image":{"@id":"https:\/\/caviar-de-neuvic.com\/p\/accueil\/caviar\/caviar-beluga\/caviar-beluga-signature\/#primaryimage"},"thumbnailUrl":"https:\/\/caviar-de-neuvic.com\/wp-content\/uploads\/2019\/10\/2106-Caviar-Beluga-Signature.jpg","datePublished":"2019-10-20T17:22:06+00:00","dateModified":"2026-03-22T10:28:03+00:00","description":"Le Caviar Beluga est r\u00e9put\u00e9 pour la grande taille de ses grains. Il est souvent appr\u00e9ci\u00e9 par les nostalgiques du caviar sauvage. Son go\u00fbt est puissant et la texture des grains est cr\u00e9meuse.","breadcrumb":{"@id":"https:\/\/caviar-de-neuvic.com\/p\/accueil\/caviar\/caviar-beluga\/caviar-beluga-signature\/#breadcrumb"},"inLanguage":"de-BE","potentialAction":[{"@type":"ReadAction","target":["https:\/\/caviar-de-neuvic.com\/p\/accueil\/caviar\/caviar-beluga\/caviar-beluga-signature\/"]}]},{"@type":"ImageObject","inLanguage":"de-BE","@id":"https:\/\/caviar-de-neuvic.com\/p\/accueil\/caviar\/caviar-beluga\/caviar-beluga-signature\/#primaryimage","url":"https:\/\/caviar-de-neuvic.com\/wp-content\/uploads\/2019\/10\/2106-Caviar-Beluga-Signature.jpg","contentUrl":"https:\/\/caviar-de-neuvic.com\/wp-content\/uploads\/2019\/10\/2106-Caviar-Beluga-Signature.jpg","width":1100,"height":1422,"caption":"Caviar Beluga Signature"},{"@type":"BreadcrumbList","@id":"https:\/\/caviar-de-neuvic.com\/p\/accueil\/caviar\/caviar-beluga\/caviar-beluga-signature\/#breadcrumb","itemListElement":[{"@type":"ListItem","position":1,"name":"Caviar de Neuvic","item":"https:\/\/caviar-de-neuvic.com\/"},{"@type":"ListItem","position":2,"name":"Shop","item":"https:\/\/caviar-de-neuvic.com\/en\/shop\/"},{"@type":"ListItem","position":3,"name":"Caviar Beluga Signature"}]},{"@type":"WebSite","@id":"http:\/\/caviar-de-neuvic.com\/fr\/#website","url":"http:\/\/caviar-de-neuvic.com\/fr\/","name":"Producteur Fran\u00e7ais De Caviar","description":"","publisher":{"@id":"http:\/\/caviar-de-neuvic.com\/fr\/#organization"},"potentialAction":[{"@type":"SearchAction","target":{"@type":"EntryPoint","urlTemplate":"http:\/\/caviar-de-neuvic.com\/fr\/?s={search_term_string}"},"query-input":{"@type":"PropertyValueSpecification","valueRequired":true,"valueName":"search_term_string"}}],"inLanguage":"de-BE"},{"@type":"Organization","@id":"http:\/\/caviar-de-neuvic.com\/fr\/#organization","name":"Producteur Fran\u00e7ais De Caviar","url":"http:\/\/caviar-de-neuvic.com\/fr\/","logo":{"@type":"ImageObject","inLanguage":"de-BE","@id":"http:\/\/caviar-de-neuvic.com\/fr\/#\/schema\/logo\/image\/","url":"","contentUrl":"","caption":"Producteur Fran\u00e7ais De Caviar"},"image":{"@id":"http:\/\/caviar-de-neuvic.com\/fr\/#\/schema\/logo\/image\/"}}]}},"_links":{"self":[{"href":"https:\/\/caviar-de-neuvic.com\/de_be\/wp-json\/wp\/v2\/product\/1003","targetHints":{"allow":["GET"]}}],"collection":[{"href":"https:\/\/caviar-de-neuvic.com\/de_be\/wp-json\/wp\/v2\/product"}],"about":[{"href":"https:\/\/caviar-de-neuvic.com\/de_be\/wp-json\/wp\/v2\/types\/product"}],"version-history":[{"count":6,"href":"https:\/\/caviar-de-neuvic.com\/de_be\/wp-json\/wp\/v2\/product\/1003\/revisions"}],"predecessor-version":[{"id":30115,"href":"https:\/\/caviar-de-neuvic.com\/de_be\/wp-json\/wp\/v2\/product\/1003\/revisions\/30115"}],"wp:featuredmedia":[{"embeddable":true,"href":"https:\/\/caviar-de-neuvic.com\/de_be\/wp-json\/wp\/v2\/media\/25825"}],"wp:attachment":[{"href":"https:\/\/caviar-de-neuvic.com\/de_be\/wp-json\/wp\/v2\/media?parent=1003"}],"wp:term":[{"taxonomy":"product_brand","embeddable":true,"href":"https:\/\/caviar-de-neuvic.com\/de_be\/wp-json\/wp\/v2\/product_brand?post=1003"},{"taxonomy":"product_cat","embeddable":true,"href":"https:\/\/caviar-de-neuvic.com\/de_be\/wp-json\/wp\/v2\/product_cat?post=1003"},{"taxonomy":"product_tag","embeddable":true,"href":"https:\/\/caviar-de-neuvic.com\/de_be\/wp-json\/wp\/v2\/product_tag?post=1003"}],"curies":[{"name":"wp","href":"https:\/\/api.w.org\/{rel}","templated":true}]}}