{"id":1842,"date":"2022-09-29T14:58:52","date_gmt":"2022-09-29T14:58:52","guid":{"rendered":"https:\/\/caviar-de-neuvic.com\/produits\/beurre-de-homard\/"},"modified":"2026-04-27T17:54:14","modified_gmt":"2026-04-27T15:54:14","slug":"beurre-de-homard","status":"publish","type":"product","link":"https:\/\/caviar-de-neuvic.com\/de_be\/p\/accueil\/l-epicerie-neuvic\/beurre-de-homard\/","title":{"rendered":"Hummerbutter"},"content":{"rendered":"<p><strong>servieren<\/strong><\/p>\n<p>Lobster Butter sollte einige Minuten vor Gebrauch aus dem K\u00fchlschrank genommen werden, damit sie weich wird und sich gleichm\u00e4\u00dfig verstreichen l\u00e4sst. Nach dem \u00d6ffnen sollte sie innerhalb von 48 Stunden verbraucht werden, damit ihr ausgewogener Geschmack und ihre Frische erhalten bleiben.<\/p>\n<p>Als Brotaufstrich zum Aperitif, zum Schmelzen auf Kartoffelp\u00fcree, zu Nudelgerichten, Risotto oder wei\u00dfem Fleisch, als Dip zu weichgekochten Eiern.<\/p>\n<p><strong>begleiten<\/strong><\/p>\n<p>Die Hummerbutter passt gut zu Champagner, harmoniert aber auch perfekt mit der reichhaltigen Struktur und der aromatischen Subtilit\u00e4t eines guten wei\u00dfen Burgunders.<\/p>\n<p><strong>N\u00e4hrwerte<\/strong><\/p>\n<table class=\"table table-bordered valeurs\" border=\"1\">\n<thead>\n<tr>\n<th colspan=\"4\">Pro 100 g<\/th>\n<\/tr>\n<\/thead>\n<tbody>\n<tr>\n<td>Energiewert (kcal)<\/td>\n<td>756<\/td>\n<td>Fett (g), davon ges\u00e4ttigte Fetts\u00e4uren (g)<\/td>\n<td>94,3\u00a0(43,7)<\/td>\n<\/tr>\n<tr>\n<td>Energiewert (kJ)<\/td>\n<td>3109<\/td>\n<td>Kohlenhydrate (g) davon Zucker (g)<\/td>\n<td>0,7\u00a0(0,6)<\/td>\n<\/tr>\n<tr>\n<td>Eiwei\u00df (g)<\/td>\n<td>0,9<\/td>\n<td>Sodium (g)<\/td>\n<td>1,1<\/td>\n<\/tr>\n<\/tbody>\n<\/table>","protected":false},"excerpt":{"rendered":"<p>Die Hummerbutter wird aus sorgf\u00e4ltig ausgew\u00e4hlten Hummern hergestellt, wobei ihr delikater Geschmack mit der cremigen F\u00fclle der Butter kombiniert wird. Die Hummerbutter wird direkt auf dem Weingut nach einem einzigartigen Rezept hergestellt, das zu 20 % aus Hummer\u00f6l aus der Konservenfabrik besteht. <a href=\"https:\/\/groix-et-nature.com\/fr\/\" target=\"_blank\" rel=\"noopener\">Groix &amp; Nature<\/a>.<\/p>\n<p>Der blaue Hummer, ein Symbol der franz\u00f6sischen Gastronomie, wird hier mit einem Rezept mit kr\u00e4ftigem Geschmack zelebriert. Dieses Produkt ist sowohl intensiv als auch einfach zu verwenden und verleiht Ihren Gerichten m\u00fchelos einen Hauch von Originalit\u00e4t.<\/p>\n<p>Die Hummerbutter ist eine k\u00f6stliche Mischung aus Cremigkeit und Meeresaromen. Eine exquisite Kreation, die die Cremigkeit fein verarbeiteter Butter mit den intensiven Meeresaromen des Hummers verbindet. Diese kulinarische Delikatesse verwandelt jedes Gericht in ein unvergessliches Geschmackserlebnis.<\/p>\n<p>Mit einer 45-g-Packung lassen sich etwa 25 Toasts zubereiten.<\/p>","protected":false},"featured_media":29677,"template":"","meta":{"_acf_changed":false,"ocean_post_layout":"","ocean_both_sidebars_style":"","ocean_both_sidebars_content_width":0,"ocean_both_sidebars_sidebars_width":0,"ocean_sidebar":"0","ocean_second_sidebar":"0","ocean_disable_margins":"enable","ocean_add_body_class":"","ocean_shortcode_before_top_bar":"","ocean_shortcode_after_top_bar":"","ocean_shortcode_before_header":"","ocean_shortcode_after_header":"","ocean_has_shortcode":"","ocean_shortcode_after_title":"","ocean_shortcode_before_footer_widgets":"","ocean_shortcode_after_footer_widgets":"","ocean_shortcode_before_footer_bottom":"","ocean_shortcode_after_footer_bottom":"","ocean_display_top_bar":"default","ocean_display_header":"default","ocean_header_style":"","ocean_center_header_left_menu":"0","ocean_custom_header_template":"0","ocean_custom_logo":0,"ocean_custom_retina_logo":0,"ocean_custom_logo_max_width":0,"ocean_custom_logo_tablet_max_width":0,"ocean_custom_logo_mobile_max_width":0,"ocean_custom_logo_max_height":0,"ocean_custom_logo_tablet_max_height":0,"ocean_custom_logo_mobile_max_height":0,"ocean_header_custom_menu":"0","ocean_menu_typo_font_family":"0","ocean_menu_typo_font_subset":"","ocean_menu_typo_font_size":0,"ocean_menu_typo_font_size_tablet":0,"ocean_menu_typo_font_size_mobile":0,"ocean_menu_typo_font_size_unit":"px","ocean_menu_typo_font_weight":"","ocean_menu_typo_font_weight_tablet":"","ocean_menu_typo_font_weight_mobile":"","ocean_menu_typo_transform":"","ocean_menu_typo_transform_tablet":"","ocean_menu_typo_transform_mobile":"","ocean_menu_typo_line_height":0,"ocean_menu_typo_line_height_tablet":0,"ocean_menu_typo_line_height_mobile":0,"ocean_menu_typo_line_height_unit":"","ocean_menu_typo_spacing":0,"ocean_menu_typo_spacing_tablet":0,"ocean_menu_typo_spacing_mobile":0,"ocean_menu_typo_spacing_unit":"","ocean_menu_link_color":"","ocean_menu_link_color_hover":"","ocean_menu_link_color_active":"","ocean_menu_link_background":"","ocean_menu_link_hover_background":"","ocean_menu_link_active_background":"","ocean_menu_social_links_bg":"","ocean_menu_social_hover_links_bg":"","ocean_menu_social_links_color":"","ocean_menu_social_hover_links_color":"","ocean_disable_title":"default","ocean_disable_heading":"default","ocean_post_title":"","ocean_post_subheading":"","ocean_post_title_style":"","ocean_post_title_background_color":"","ocean_post_title_background":0,"ocean_post_title_bg_image_position":"","ocean_post_title_bg_image_attachment":"","ocean_post_title_bg_image_repeat":"","ocean_post_title_bg_image_size":"","ocean_post_title_height":0,"ocean_post_title_bg_overlay":0.5,"ocean_post_title_bg_overlay_color":"","ocean_disable_breadcrumbs":"default","ocean_breadcrumbs_color":"","ocean_breadcrumbs_separator_color":"","ocean_breadcrumbs_links_color":"","ocean_breadcrumbs_links_hover_color":"","ocean_display_footer_widgets":"default","ocean_display_footer_bottom":"default","ocean_custom_footer_template":"0","omw_enable_modal_window":"enable"},"product_brand":[],"product_cat":[23,22],"product_tag":[],"class_list":{"0":"post-1842","1":"product","2":"type-product","3":"status-publish","4":"has-post-thumbnail","6":"product_cat-beurres-et-taramas","7":"product_cat-l-epicerie-neuvic","9":"entry","10":"has-media","12":"first","13":"outofstock","14":"taxable","15":"shipping-taxable","16":"purchasable","17":"product-type-simple","18":"has-product-nav","19":"col","20":"span_1_of_3","21":"owp-content-center","22":"item-entry","23":"owp-thumbs-layout-vertical","24":"owp-btn-normal","25":"owp-tabs-layout-horizontal"},"acf":[],"yoast_head":"<!-- This site is optimized with the Yoast SEO plugin v27.5 - https:\/\/yoast.com\/product\/yoast-seo-wordpress\/ -->\n<title>Beurre de Homard - Caviar de Neuvic<\/title>\n<meta name=\"description\" content=\"Le Beurre de Homard est une cr\u00e9ation exquise qui marie l&#039;onctuosit\u00e9 du beurre finement travaill\u00e9 \u00e0 l&#039;intensit\u00e9 des ar\u00f4mes marins du homard.\" \/>\n<meta name=\"robots\" content=\"index, follow, max-snippet:-1, max-image-preview:large, max-video-preview:-1\" \/>\n<link rel=\"canonical\" href=\"https:\/\/caviar-de-neuvic.com\/de_be\/p\/accueil\/l-epicerie-neuvic\/beurre-de-homard\/\" \/>\n<meta property=\"og:locale\" content=\"de_DE\" \/>\n<meta property=\"og:type\" content=\"article\" \/>\n<meta property=\"og:title\" content=\"Beurre de Homard - Caviar de Neuvic\" \/>\n<meta property=\"og:description\" content=\"Le Beurre de Homard est une cr\u00e9ation exquise qui marie l&#039;onctuosit\u00e9 du beurre finement travaill\u00e9 \u00e0 l&#039;intensit\u00e9 des ar\u00f4mes marins du homard.\" \/>\n<meta property=\"og:url\" content=\"https:\/\/caviar-de-neuvic.com\/de_be\/p\/accueil\/l-epicerie-neuvic\/beurre-de-homard\/\" \/>\n<meta property=\"og:site_name\" content=\"Producteur Fran\u00e7ais De Caviar\" \/>\n<meta property=\"article:modified_time\" content=\"2026-04-27T15:54:14+00:00\" \/>\n<meta property=\"og:image\" content=\"https:\/\/caviar-de-neuvic.com\/wp-content\/uploads\/2022\/09\/2588-Beurre-de-Homard.jpg\" \/>\n\t<meta property=\"og:image:width\" content=\"1100\" \/>\n\t<meta property=\"og:image:height\" content=\"1422\" \/>\n\t<meta property=\"og:image:type\" content=\"image\/jpeg\" \/>\n<meta name=\"twitter:card\" content=\"summary_large_image\" \/>\n<meta name=\"twitter:label1\" content=\"Est. reading time\" \/>\n\t<meta name=\"twitter:data1\" content=\"1 minute\" \/>\n<script type=\"application\/ld+json\" class=\"yoast-schema-graph\">{\"@context\":\"https:\\\/\\\/schema.org\",\"@graph\":[{\"@type\":\"WebPage\",\"@id\":\"https:\\\/\\\/caviar-de-neuvic.com\\\/p\\\/accueil\\\/l-epicerie-neuvic\\\/beurre-de-homard\\\/\",\"url\":\"https:\\\/\\\/caviar-de-neuvic.com\\\/p\\\/accueil\\\/l-epicerie-neuvic\\\/beurre-de-homard\\\/\",\"name\":\"Beurre de Homard - Caviar de Neuvic\",\"isPartOf\":{\"@id\":\"http:\\\/\\\/caviar-de-neuvic.com\\\/fr\\\/#website\"},\"primaryImageOfPage\":{\"@id\":\"https:\\\/\\\/caviar-de-neuvic.com\\\/p\\\/accueil\\\/l-epicerie-neuvic\\\/beurre-de-homard\\\/#primaryimage\"},\"image\":{\"@id\":\"https:\\\/\\\/caviar-de-neuvic.com\\\/p\\\/accueil\\\/l-epicerie-neuvic\\\/beurre-de-homard\\\/#primaryimage\"},\"thumbnailUrl\":\"https:\\\/\\\/caviar-de-neuvic.com\\\/wp-content\\\/uploads\\\/2022\\\/09\\\/2588-Beurre-de-Homard.jpg\",\"datePublished\":\"2022-09-29T14:58:52+00:00\",\"dateModified\":\"2026-04-27T15:54:14+00:00\",\"description\":\"Le Beurre de Homard est une cr\u00e9ation exquise qui marie l'onctuosit\u00e9 du beurre finement travaill\u00e9 \u00e0 l'intensit\u00e9 des ar\u00f4mes marins du homard.\",\"breadcrumb\":{\"@id\":\"https:\\\/\\\/caviar-de-neuvic.com\\\/p\\\/accueil\\\/l-epicerie-neuvic\\\/beurre-de-homard\\\/#breadcrumb\"},\"inLanguage\":\"de-BE\",\"potentialAction\":[{\"@type\":\"ReadAction\",\"target\":[\"https:\\\/\\\/caviar-de-neuvic.com\\\/p\\\/accueil\\\/l-epicerie-neuvic\\\/beurre-de-homard\\\/\"]}]},{\"@type\":\"ImageObject\",\"inLanguage\":\"de-BE\",\"@id\":\"https:\\\/\\\/caviar-de-neuvic.com\\\/p\\\/accueil\\\/l-epicerie-neuvic\\\/beurre-de-homard\\\/#primaryimage\",\"url\":\"https:\\\/\\\/caviar-de-neuvic.com\\\/wp-content\\\/uploads\\\/2022\\\/09\\\/2588-Beurre-de-Homard.jpg\",\"contentUrl\":\"https:\\\/\\\/caviar-de-neuvic.com\\\/wp-content\\\/uploads\\\/2022\\\/09\\\/2588-Beurre-de-Homard.jpg\",\"width\":1100,\"height\":1422,\"caption\":\"Beurre de Homard\"},{\"@type\":\"BreadcrumbList\",\"@id\":\"https:\\\/\\\/caviar-de-neuvic.com\\\/p\\\/accueil\\\/l-epicerie-neuvic\\\/beurre-de-homard\\\/#breadcrumb\",\"itemListElement\":[{\"@type\":\"ListItem\",\"position\":1,\"name\":\"Caviar de Neuvic\",\"item\":\"https:\\\/\\\/caviar-de-neuvic.com\\\/\"},{\"@type\":\"ListItem\",\"position\":2,\"name\":\"Shop\",\"item\":\"https:\\\/\\\/caviar-de-neuvic.com\\\/en\\\/shop\\\/\"},{\"@type\":\"ListItem\",\"position\":3,\"name\":\"Beurre de Homard\"}]},{\"@type\":\"WebSite\",\"@id\":\"http:\\\/\\\/caviar-de-neuvic.com\\\/fr\\\/#website\",\"url\":\"http:\\\/\\\/caviar-de-neuvic.com\\\/fr\\\/\",\"name\":\"Producteur Fran\u00e7ais De Caviar\",\"description\":\"\",\"publisher\":{\"@id\":\"http:\\\/\\\/caviar-de-neuvic.com\\\/fr\\\/#organization\"},\"potentialAction\":[{\"@type\":\"SearchAction\",\"target\":{\"@type\":\"EntryPoint\",\"urlTemplate\":\"http:\\\/\\\/caviar-de-neuvic.com\\\/fr\\\/?s={search_term_string}\"},\"query-input\":{\"@type\":\"PropertyValueSpecification\",\"valueRequired\":true,\"valueName\":\"search_term_string\"}}],\"inLanguage\":\"de-BE\"},{\"@type\":\"Organization\",\"@id\":\"http:\\\/\\\/caviar-de-neuvic.com\\\/fr\\\/#organization\",\"name\":\"Producteur Fran\u00e7ais De Caviar\",\"url\":\"http:\\\/\\\/caviar-de-neuvic.com\\\/fr\\\/\",\"logo\":{\"@type\":\"ImageObject\",\"inLanguage\":\"de-BE\",\"@id\":\"http:\\\/\\\/caviar-de-neuvic.com\\\/fr\\\/#\\\/schema\\\/logo\\\/image\\\/\",\"url\":\"\",\"contentUrl\":\"\",\"caption\":\"Producteur Fran\u00e7ais De Caviar\"},\"image\":{\"@id\":\"http:\\\/\\\/caviar-de-neuvic.com\\\/fr\\\/#\\\/schema\\\/logo\\\/image\\\/\"}}]}<\/script>\n<!-- \/ Yoast SEO plugin. -->","yoast_head_json":{"title":"Beurre de Homard - Caviar de Neuvic","description":"Le Beurre de Homard est une cr\u00e9ation exquise qui marie l'onctuosit\u00e9 du beurre finement travaill\u00e9 \u00e0 l'intensit\u00e9 des ar\u00f4mes marins du homard.","robots":{"index":"index","follow":"follow","max-snippet":"max-snippet:-1","max-image-preview":"max-image-preview:large","max-video-preview":"max-video-preview:-1"},"canonical":"https:\/\/caviar-de-neuvic.com\/de_be\/p\/accueil\/l-epicerie-neuvic\/beurre-de-homard\/","og_locale":"de_DE","og_type":"article","og_title":"Beurre de Homard - Caviar de Neuvic","og_description":"Le Beurre de Homard est une cr\u00e9ation exquise qui marie l'onctuosit\u00e9 du beurre finement travaill\u00e9 \u00e0 l'intensit\u00e9 des ar\u00f4mes marins du homard.","og_url":"https:\/\/caviar-de-neuvic.com\/de_be\/p\/accueil\/l-epicerie-neuvic\/beurre-de-homard\/","og_site_name":"Producteur Fran\u00e7ais De Caviar","article_modified_time":"2026-04-27T15:54:14+00:00","og_image":[{"width":1100,"height":1422,"url":"https:\/\/caviar-de-neuvic.com\/wp-content\/uploads\/2022\/09\/2588-Beurre-de-Homard.jpg","type":"image\/jpeg"}],"twitter_card":"summary_large_image","twitter_misc":{"Est. reading time":"1 minute"},"schema":{"@context":"https:\/\/schema.org","@graph":[{"@type":"WebPage","@id":"https:\/\/caviar-de-neuvic.com\/p\/accueil\/l-epicerie-neuvic\/beurre-de-homard\/","url":"https:\/\/caviar-de-neuvic.com\/p\/accueil\/l-epicerie-neuvic\/beurre-de-homard\/","name":"Beurre de Homard - Caviar de Neuvic","isPartOf":{"@id":"http:\/\/caviar-de-neuvic.com\/fr\/#website"},"primaryImageOfPage":{"@id":"https:\/\/caviar-de-neuvic.com\/p\/accueil\/l-epicerie-neuvic\/beurre-de-homard\/#primaryimage"},"image":{"@id":"https:\/\/caviar-de-neuvic.com\/p\/accueil\/l-epicerie-neuvic\/beurre-de-homard\/#primaryimage"},"thumbnailUrl":"https:\/\/caviar-de-neuvic.com\/wp-content\/uploads\/2022\/09\/2588-Beurre-de-Homard.jpg","datePublished":"2022-09-29T14:58:52+00:00","dateModified":"2026-04-27T15:54:14+00:00","description":"Le Beurre de Homard est une cr\u00e9ation exquise qui marie l'onctuosit\u00e9 du beurre finement travaill\u00e9 \u00e0 l'intensit\u00e9 des ar\u00f4mes marins du homard.","breadcrumb":{"@id":"https:\/\/caviar-de-neuvic.com\/p\/accueil\/l-epicerie-neuvic\/beurre-de-homard\/#breadcrumb"},"inLanguage":"de-BE","potentialAction":[{"@type":"ReadAction","target":["https:\/\/caviar-de-neuvic.com\/p\/accueil\/l-epicerie-neuvic\/beurre-de-homard\/"]}]},{"@type":"ImageObject","inLanguage":"de-BE","@id":"https:\/\/caviar-de-neuvic.com\/p\/accueil\/l-epicerie-neuvic\/beurre-de-homard\/#primaryimage","url":"https:\/\/caviar-de-neuvic.com\/wp-content\/uploads\/2022\/09\/2588-Beurre-de-Homard.jpg","contentUrl":"https:\/\/caviar-de-neuvic.com\/wp-content\/uploads\/2022\/09\/2588-Beurre-de-Homard.jpg","width":1100,"height":1422,"caption":"Beurre de Homard"},{"@type":"BreadcrumbList","@id":"https:\/\/caviar-de-neuvic.com\/p\/accueil\/l-epicerie-neuvic\/beurre-de-homard\/#breadcrumb","itemListElement":[{"@type":"ListItem","position":1,"name":"Caviar de Neuvic","item":"https:\/\/caviar-de-neuvic.com\/"},{"@type":"ListItem","position":2,"name":"Shop","item":"https:\/\/caviar-de-neuvic.com\/en\/shop\/"},{"@type":"ListItem","position":3,"name":"Beurre de Homard"}]},{"@type":"WebSite","@id":"http:\/\/caviar-de-neuvic.com\/fr\/#website","url":"http:\/\/caviar-de-neuvic.com\/fr\/","name":"Producteur Fran\u00e7ais De Caviar","description":"","publisher":{"@id":"http:\/\/caviar-de-neuvic.com\/fr\/#organization"},"potentialAction":[{"@type":"SearchAction","target":{"@type":"EntryPoint","urlTemplate":"http:\/\/caviar-de-neuvic.com\/fr\/?s={search_term_string}"},"query-input":{"@type":"PropertyValueSpecification","valueRequired":true,"valueName":"search_term_string"}}],"inLanguage":"de-BE"},{"@type":"Organization","@id":"http:\/\/caviar-de-neuvic.com\/fr\/#organization","name":"Producteur Fran\u00e7ais De Caviar","url":"http:\/\/caviar-de-neuvic.com\/fr\/","logo":{"@type":"ImageObject","inLanguage":"de-BE","@id":"http:\/\/caviar-de-neuvic.com\/fr\/#\/schema\/logo\/image\/","url":"","contentUrl":"","caption":"Producteur Fran\u00e7ais De Caviar"},"image":{"@id":"http:\/\/caviar-de-neuvic.com\/fr\/#\/schema\/logo\/image\/"}}]}},"_links":{"self":[{"href":"https:\/\/caviar-de-neuvic.com\/de_be\/wp-json\/wp\/v2\/product\/1842","targetHints":{"allow":["GET"]}}],"collection":[{"href":"https:\/\/caviar-de-neuvic.com\/de_be\/wp-json\/wp\/v2\/product"}],"about":[{"href":"https:\/\/caviar-de-neuvic.com\/de_be\/wp-json\/wp\/v2\/types\/product"}],"version-history":[{"count":6,"href":"https:\/\/caviar-de-neuvic.com\/de_be\/wp-json\/wp\/v2\/product\/1842\/revisions"}],"predecessor-version":[{"id":29855,"href":"https:\/\/caviar-de-neuvic.com\/de_be\/wp-json\/wp\/v2\/product\/1842\/revisions\/29855"}],"wp:featuredmedia":[{"embeddable":true,"href":"https:\/\/caviar-de-neuvic.com\/de_be\/wp-json\/wp\/v2\/media\/29677"}],"wp:attachment":[{"href":"https:\/\/caviar-de-neuvic.com\/de_be\/wp-json\/wp\/v2\/media?parent=1842"}],"wp:term":[{"taxonomy":"product_brand","embeddable":true,"href":"https:\/\/caviar-de-neuvic.com\/de_be\/wp-json\/wp\/v2\/product_brand?post=1842"},{"taxonomy":"product_cat","embeddable":true,"href":"https:\/\/caviar-de-neuvic.com\/de_be\/wp-json\/wp\/v2\/product_cat?post=1842"},{"taxonomy":"product_tag","embeddable":true,"href":"https:\/\/caviar-de-neuvic.com\/de_be\/wp-json\/wp\/v2\/product_tag?post=1842"}],"curies":[{"name":"wp","href":"https:\/\/api.w.org\/{rel}","templated":true}]}}