{"id":2188,"date":"2023-12-19T17:29:12","date_gmt":"2023-12-19T17:29:12","guid":{"rendered":"https:\/\/caviar-de-neuvic.com\/produits\/vodka-neuvik-mignonette-5cl\/"},"modified":"2026-02-07T13:59:18","modified_gmt":"2026-02-07T12:59:18","slug":"vodka-neuvik-mignonette-5cl","status":"publish","type":"product","link":"https:\/\/caviar-de-neuvic.com\/de_be\/p\/accueil\/accompagner-le-caviar\/vodka-neuvik-mignonette-5cl\/","title":{"rendered":"Wodka Neuvik \u2013 Flakon 5 cl"},"content":{"rendered":"","protected":false},"excerpt":{"rendered":"<p>Caviar de Neuvic hat diesen Wodka nach einem ma\u00dfgeschneiderten Rezept entwickelt, um Ihre Kaviarverkostung zu begleiten. Bei der Destillation f\u00fcgen wir Aromen von Pflanzen und Pollen aus den Bienenst\u00f6cken der Domaine hinzu.<\/p>\n<h2>Der 100 % lokale Wodka, perfekt f\u00fcr Ihren Kaviar<\/h2>\n<p>Der Vodka Neuvik ist das Ergebnis einer langen Zusammenarbeit mit lokalen Partnern und Produkten. Es handelt sich also um einen 100 % lokalen Vodka.<\/p>\n<p>Weizenalkohol, Wasser, Hibiskusbl\u00fcten, Batak-Beeren und Kastanienbl\u00fctenpollen sind die Zutaten dieses leicht aromatisierten Vodkas, der jedoch trocken genug ist, um den Geschmack des Kaviars nicht zu verf\u00e4lschen.<\/p>\n<p>Der verwendete Pollen stammt aus eigenem Anbau und das einzigartige Rezept wurde speziell entwickelt, um perfekt zum Kaviar aus Neuvic zu passen. Sein trockener Geschmack verf\u00e4lscht nicht den Geschmack des Kaviars im Mund.<\/p>\n<p>* Der Missbrauch von Alkohol ist gesundheitssch\u00e4dlich. Mit Ma\u00df genie\u00dfen.<\/p>","protected":false},"featured_media":2186,"template":"","meta":{"_acf_changed":false,"ocean_post_layout":"","ocean_both_sidebars_style":"","ocean_both_sidebars_content_width":0,"ocean_both_sidebars_sidebars_width":0,"ocean_sidebar":"0","ocean_second_sidebar":"0","ocean_disable_margins":"enable","ocean_add_body_class":"","ocean_shortcode_before_top_bar":"","ocean_shortcode_after_top_bar":"","ocean_shortcode_before_header":"","ocean_shortcode_after_header":"","ocean_has_shortcode":"","ocean_shortcode_after_title":"","ocean_shortcode_before_footer_widgets":"","ocean_shortcode_after_footer_widgets":"","ocean_shortcode_before_footer_bottom":"","ocean_shortcode_after_footer_bottom":"","ocean_display_top_bar":"default","ocean_display_header":"default","ocean_header_style":"","ocean_center_header_left_menu":"0","ocean_custom_header_template":"0","ocean_custom_logo":0,"ocean_custom_retina_logo":0,"ocean_custom_logo_max_width":0,"ocean_custom_logo_tablet_max_width":0,"ocean_custom_logo_mobile_max_width":0,"ocean_custom_logo_max_height":0,"ocean_custom_logo_tablet_max_height":0,"ocean_custom_logo_mobile_max_height":0,"ocean_header_custom_menu":"0","ocean_menu_typo_font_family":"0","ocean_menu_typo_font_subset":"","ocean_menu_typo_font_size":0,"ocean_menu_typo_font_size_tablet":0,"ocean_menu_typo_font_size_mobile":0,"ocean_menu_typo_font_size_unit":"px","ocean_menu_typo_font_weight":"","ocean_menu_typo_font_weight_tablet":"","ocean_menu_typo_font_weight_mobile":"","ocean_menu_typo_transform":"","ocean_menu_typo_transform_tablet":"","ocean_menu_typo_transform_mobile":"","ocean_menu_typo_line_height":0,"ocean_menu_typo_line_height_tablet":0,"ocean_menu_typo_line_height_mobile":0,"ocean_menu_typo_line_height_unit":"","ocean_menu_typo_spacing":0,"ocean_menu_typo_spacing_tablet":0,"ocean_menu_typo_spacing_mobile":0,"ocean_menu_typo_spacing_unit":"","ocean_menu_link_color":"","ocean_menu_link_color_hover":"","ocean_menu_link_color_active":"","ocean_menu_link_background":"","ocean_menu_link_hover_background":"","ocean_menu_link_active_background":"","ocean_menu_social_links_bg":"","ocean_menu_social_hover_links_bg":"","ocean_menu_social_links_color":"","ocean_menu_social_hover_links_color":"","ocean_disable_title":"default","ocean_disable_heading":"default","ocean_post_title":"","ocean_post_subheading":"","ocean_post_title_style":"","ocean_post_title_background_color":"","ocean_post_title_background":0,"ocean_post_title_bg_image_position":"","ocean_post_title_bg_image_attachment":"","ocean_post_title_bg_image_repeat":"","ocean_post_title_bg_image_size":"","ocean_post_title_height":0,"ocean_post_title_bg_overlay":0.5,"ocean_post_title_bg_overlay_color":"","ocean_disable_breadcrumbs":"default","ocean_breadcrumbs_color":"","ocean_breadcrumbs_separator_color":"","ocean_breadcrumbs_links_color":"","ocean_breadcrumbs_links_hover_color":"","ocean_display_footer_widgets":"default","ocean_display_footer_bottom":"default","ocean_custom_footer_template":"0","omw_enable_modal_window":"enable"},"product_brand":[],"product_cat":[21,27],"product_tag":[],"class_list":{"0":"post-2188","1":"product","2":"type-product","3":"status-publish","4":"has-post-thumbnail","6":"product_cat-accompagner-le-caviar","7":"product_cat-vodka","8":"product_shipping_class-sec","9":"pa_conservation-endroitfraisetsec","10":"pa_degredalcool-174","11":"pa_livraison-sec","12":"pa_packdeproduits-oui","14":"entry","15":"has-media","17":"first","18":"outofstock","19":"taxable","20":"shipping-taxable","21":"purchasable","22":"product-type-simple","23":"has-product-nav","24":"col","25":"span_1_of_3","26":"owp-content-center","27":"item-entry","28":"owp-thumbs-layout-vertical","29":"owp-btn-normal","30":"owp-tabs-layout-horizontal"},"acf":[],"yoast_head":"<!-- This site is optimized with the Yoast SEO plugin v27.5 - https:\/\/yoast.com\/product\/yoast-seo-wordpress\/ -->\n<title>Vodka Neuvik 5cl - Caviar de Neuvic<\/title>\n<meta name=\"description\" content=\"La Vodka Neuvik est le fruit d\u2019un long travail en collaboration avec des partenaires et produits locaux. Il s\u2019agit donc une vodka 100% locale.\" \/>\n<meta name=\"robots\" content=\"index, follow, max-snippet:-1, max-image-preview:large, max-video-preview:-1\" \/>\n<link rel=\"canonical\" href=\"https:\/\/caviar-de-neuvic.com\/de_be\/p\/accueil\/accompagner-le-caviar\/vodka-neuvik-mignonette-5cl\/\" \/>\n<meta property=\"og:locale\" content=\"de_DE\" \/>\n<meta property=\"og:type\" content=\"article\" \/>\n<meta property=\"og:title\" content=\"Vodka Neuvik 5cl - Caviar de Neuvic\" \/>\n<meta property=\"og:description\" content=\"La Vodka Neuvik est le fruit d\u2019un long travail en collaboration avec des partenaires et produits locaux. Il s\u2019agit donc une vodka 100% locale.\" \/>\n<meta property=\"og:url\" content=\"https:\/\/caviar-de-neuvic.com\/de_be\/p\/accueil\/accompagner-le-caviar\/vodka-neuvik-mignonette-5cl\/\" \/>\n<meta property=\"og:site_name\" content=\"Producteur Fran\u00e7ais De Caviar\" \/>\n<meta property=\"article:modified_time\" content=\"2026-02-07T12:59:18+00:00\" \/>\n<meta property=\"og:image\" content=\"https:\/\/caviar-de-neuvic.com\/wp-content\/uploads\/2023\/12\/2635-Vodka-Neuvik-Mignonette-5cl.jpg\" \/>\n\t<meta property=\"og:image:width\" content=\"1000\" \/>\n\t<meta property=\"og:image:height\" content=\"1300\" \/>\n\t<meta property=\"og:image:type\" content=\"image\/jpeg\" \/>\n<meta name=\"twitter:card\" content=\"summary_large_image\" \/>\n<meta name=\"twitter:label1\" content=\"Est. reading time\" \/>\n\t<meta name=\"twitter:data1\" content=\"1 minute\" \/>\n<script type=\"application\/ld+json\" class=\"yoast-schema-graph\">{\"@context\":\"https:\\\/\\\/schema.org\",\"@graph\":[{\"@type\":\"WebPage\",\"@id\":\"https:\\\/\\\/caviar-de-neuvic.com\\\/p\\\/accueil\\\/accompagner-le-caviar\\\/vodka-neuvik-mignonette-5cl\\\/\",\"url\":\"https:\\\/\\\/caviar-de-neuvic.com\\\/p\\\/accueil\\\/accompagner-le-caviar\\\/vodka-neuvik-mignonette-5cl\\\/\",\"name\":\"Vodka Neuvik 5cl - Caviar de Neuvic\",\"isPartOf\":{\"@id\":\"http:\\\/\\\/caviar-de-neuvic.com\\\/fr\\\/#website\"},\"primaryImageOfPage\":{\"@id\":\"https:\\\/\\\/caviar-de-neuvic.com\\\/p\\\/accueil\\\/accompagner-le-caviar\\\/vodka-neuvik-mignonette-5cl\\\/#primaryimage\"},\"image\":{\"@id\":\"https:\\\/\\\/caviar-de-neuvic.com\\\/p\\\/accueil\\\/accompagner-le-caviar\\\/vodka-neuvik-mignonette-5cl\\\/#primaryimage\"},\"thumbnailUrl\":\"https:\\\/\\\/caviar-de-neuvic.com\\\/wp-content\\\/uploads\\\/2023\\\/12\\\/2635-Vodka-Neuvik-Mignonette-5cl.jpg\",\"datePublished\":\"2023-12-19T17:29:12+00:00\",\"dateModified\":\"2026-02-07T12:59:18+00:00\",\"description\":\"La Vodka Neuvik est le fruit d\u2019un long travail en collaboration avec des partenaires et produits locaux. Il s\u2019agit donc une vodka 100% locale.\",\"breadcrumb\":{\"@id\":\"https:\\\/\\\/caviar-de-neuvic.com\\\/p\\\/accueil\\\/accompagner-le-caviar\\\/vodka-neuvik-mignonette-5cl\\\/#breadcrumb\"},\"inLanguage\":\"de-BE\",\"potentialAction\":[{\"@type\":\"ReadAction\",\"target\":[\"https:\\\/\\\/caviar-de-neuvic.com\\\/p\\\/accueil\\\/accompagner-le-caviar\\\/vodka-neuvik-mignonette-5cl\\\/\"]}]},{\"@type\":\"ImageObject\",\"inLanguage\":\"de-BE\",\"@id\":\"https:\\\/\\\/caviar-de-neuvic.com\\\/p\\\/accueil\\\/accompagner-le-caviar\\\/vodka-neuvik-mignonette-5cl\\\/#primaryimage\",\"url\":\"https:\\\/\\\/caviar-de-neuvic.com\\\/wp-content\\\/uploads\\\/2023\\\/12\\\/2635-Vodka-Neuvik-Mignonette-5cl.jpg\",\"contentUrl\":\"https:\\\/\\\/caviar-de-neuvic.com\\\/wp-content\\\/uploads\\\/2023\\\/12\\\/2635-Vodka-Neuvik-Mignonette-5cl.jpg\",\"width\":1000,\"height\":1300,\"caption\":\"Vodka Neuvik - Mignonette 5cl\"},{\"@type\":\"BreadcrumbList\",\"@id\":\"https:\\\/\\\/caviar-de-neuvic.com\\\/p\\\/accueil\\\/accompagner-le-caviar\\\/vodka-neuvik-mignonette-5cl\\\/#breadcrumb\",\"itemListElement\":[{\"@type\":\"ListItem\",\"position\":1,\"name\":\"Caviar de Neuvic\",\"item\":\"https:\\\/\\\/caviar-de-neuvic.com\\\/\"},{\"@type\":\"ListItem\",\"position\":2,\"name\":\"Shop\",\"item\":\"https:\\\/\\\/caviar-de-neuvic.com\\\/en\\\/shop\\\/\"},{\"@type\":\"ListItem\",\"position\":3,\"name\":\"Vodka Neuvik &#8211; Mignonette 5cl\"}]},{\"@type\":\"WebSite\",\"@id\":\"http:\\\/\\\/caviar-de-neuvic.com\\\/fr\\\/#website\",\"url\":\"http:\\\/\\\/caviar-de-neuvic.com\\\/fr\\\/\",\"name\":\"Producteur Fran\u00e7ais De Caviar\",\"description\":\"\",\"publisher\":{\"@id\":\"http:\\\/\\\/caviar-de-neuvic.com\\\/fr\\\/#organization\"},\"potentialAction\":[{\"@type\":\"SearchAction\",\"target\":{\"@type\":\"EntryPoint\",\"urlTemplate\":\"http:\\\/\\\/caviar-de-neuvic.com\\\/fr\\\/?s={search_term_string}\"},\"query-input\":{\"@type\":\"PropertyValueSpecification\",\"valueRequired\":true,\"valueName\":\"search_term_string\"}}],\"inLanguage\":\"de-BE\"},{\"@type\":\"Organization\",\"@id\":\"http:\\\/\\\/caviar-de-neuvic.com\\\/fr\\\/#organization\",\"name\":\"Producteur Fran\u00e7ais De Caviar\",\"url\":\"http:\\\/\\\/caviar-de-neuvic.com\\\/fr\\\/\",\"logo\":{\"@type\":\"ImageObject\",\"inLanguage\":\"de-BE\",\"@id\":\"http:\\\/\\\/caviar-de-neuvic.com\\\/fr\\\/#\\\/schema\\\/logo\\\/image\\\/\",\"url\":\"\",\"contentUrl\":\"\",\"caption\":\"Producteur Fran\u00e7ais De Caviar\"},\"image\":{\"@id\":\"http:\\\/\\\/caviar-de-neuvic.com\\\/fr\\\/#\\\/schema\\\/logo\\\/image\\\/\"}}]}<\/script>\n<!-- \/ Yoast SEO plugin. -->","yoast_head_json":{"title":"Vodka Neuvik 5cl - Caviar de Neuvic","description":"Der Vodka Neuvik ist das Ergebnis einer langen Zusammenarbeit mit lokalen Partnern und Produkten. Es handelt sich also um einen 100 % lokalen Vodka.","robots":{"index":"index","follow":"follow","max-snippet":"max-snippet:-1","max-image-preview":"max-image-preview:large","max-video-preview":"max-video-preview:-1"},"canonical":"https:\/\/caviar-de-neuvic.com\/de_be\/p\/accueil\/accompagner-le-caviar\/vodka-neuvik-mignonette-5cl\/","og_locale":"de_DE","og_type":"article","og_title":"Vodka Neuvik 5cl - Caviar de Neuvic","og_description":"La Vodka Neuvik est le fruit d\u2019un long travail en collaboration avec des partenaires et produits locaux. Il s\u2019agit donc une vodka 100% locale.","og_url":"https:\/\/caviar-de-neuvic.com\/de_be\/p\/accueil\/accompagner-le-caviar\/vodka-neuvik-mignonette-5cl\/","og_site_name":"Producteur Fran\u00e7ais De Caviar","article_modified_time":"2026-02-07T12:59:18+00:00","og_image":[{"width":1000,"height":1300,"url":"https:\/\/caviar-de-neuvic.com\/wp-content\/uploads\/2023\/12\/2635-Vodka-Neuvik-Mignonette-5cl.jpg","type":"image\/jpeg"}],"twitter_card":"summary_large_image","twitter_misc":{"Est. reading time":"1 minute"},"schema":{"@context":"https:\/\/schema.org","@graph":[{"@type":"WebPage","@id":"https:\/\/caviar-de-neuvic.com\/p\/accueil\/accompagner-le-caviar\/vodka-neuvik-mignonette-5cl\/","url":"https:\/\/caviar-de-neuvic.com\/p\/accueil\/accompagner-le-caviar\/vodka-neuvik-mignonette-5cl\/","name":"Vodka Neuvik 5cl - Caviar de Neuvic","isPartOf":{"@id":"http:\/\/caviar-de-neuvic.com\/fr\/#website"},"primaryImageOfPage":{"@id":"https:\/\/caviar-de-neuvic.com\/p\/accueil\/accompagner-le-caviar\/vodka-neuvik-mignonette-5cl\/#primaryimage"},"image":{"@id":"https:\/\/caviar-de-neuvic.com\/p\/accueil\/accompagner-le-caviar\/vodka-neuvik-mignonette-5cl\/#primaryimage"},"thumbnailUrl":"https:\/\/caviar-de-neuvic.com\/wp-content\/uploads\/2023\/12\/2635-Vodka-Neuvik-Mignonette-5cl.jpg","datePublished":"2023-12-19T17:29:12+00:00","dateModified":"2026-02-07T12:59:18+00:00","description":"Der Vodka Neuvik ist das Ergebnis einer langen Zusammenarbeit mit lokalen Partnern und Produkten. Es handelt sich also um einen 100 % lokalen Vodka.","breadcrumb":{"@id":"https:\/\/caviar-de-neuvic.com\/p\/accueil\/accompagner-le-caviar\/vodka-neuvik-mignonette-5cl\/#breadcrumb"},"inLanguage":"de-BE","potentialAction":[{"@type":"ReadAction","target":["https:\/\/caviar-de-neuvic.com\/p\/accueil\/accompagner-le-caviar\/vodka-neuvik-mignonette-5cl\/"]}]},{"@type":"ImageObject","inLanguage":"de-BE","@id":"https:\/\/caviar-de-neuvic.com\/p\/accueil\/accompagner-le-caviar\/vodka-neuvik-mignonette-5cl\/#primaryimage","url":"https:\/\/caviar-de-neuvic.com\/wp-content\/uploads\/2023\/12\/2635-Vodka-Neuvik-Mignonette-5cl.jpg","contentUrl":"https:\/\/caviar-de-neuvic.com\/wp-content\/uploads\/2023\/12\/2635-Vodka-Neuvik-Mignonette-5cl.jpg","width":1000,"height":1300,"caption":"Vodka Neuvik - Mignonette 5cl"},{"@type":"BreadcrumbList","@id":"https:\/\/caviar-de-neuvic.com\/p\/accueil\/accompagner-le-caviar\/vodka-neuvik-mignonette-5cl\/#breadcrumb","itemListElement":[{"@type":"ListItem","position":1,"name":"Caviar de Neuvic","item":"https:\/\/caviar-de-neuvic.com\/"},{"@type":"ListItem","position":2,"name":"Shop","item":"https:\/\/caviar-de-neuvic.com\/en\/shop\/"},{"@type":"ListItem","position":3,"name":"Vodka Neuvik &#8211; Mignonette 5cl"}]},{"@type":"WebSite","@id":"http:\/\/caviar-de-neuvic.com\/fr\/#website","url":"http:\/\/caviar-de-neuvic.com\/fr\/","name":"Producteur Fran\u00e7ais De Caviar","description":"","publisher":{"@id":"http:\/\/caviar-de-neuvic.com\/fr\/#organization"},"potentialAction":[{"@type":"SearchAction","target":{"@type":"EntryPoint","urlTemplate":"http:\/\/caviar-de-neuvic.com\/fr\/?s={search_term_string}"},"query-input":{"@type":"PropertyValueSpecification","valueRequired":true,"valueName":"search_term_string"}}],"inLanguage":"de-BE"},{"@type":"Organization","@id":"http:\/\/caviar-de-neuvic.com\/fr\/#organization","name":"Producteur Fran\u00e7ais De Caviar","url":"http:\/\/caviar-de-neuvic.com\/fr\/","logo":{"@type":"ImageObject","inLanguage":"de-BE","@id":"http:\/\/caviar-de-neuvic.com\/fr\/#\/schema\/logo\/image\/","url":"","contentUrl":"","caption":"Producteur Fran\u00e7ais De Caviar"},"image":{"@id":"http:\/\/caviar-de-neuvic.com\/fr\/#\/schema\/logo\/image\/"}}]}},"_links":{"self":[{"href":"https:\/\/caviar-de-neuvic.com\/de_be\/wp-json\/wp\/v2\/product\/2188","targetHints":{"allow":["GET"]}}],"collection":[{"href":"https:\/\/caviar-de-neuvic.com\/de_be\/wp-json\/wp\/v2\/product"}],"about":[{"href":"https:\/\/caviar-de-neuvic.com\/de_be\/wp-json\/wp\/v2\/types\/product"}],"version-history":[{"count":4,"href":"https:\/\/caviar-de-neuvic.com\/de_be\/wp-json\/wp\/v2\/product\/2188\/revisions"}],"predecessor-version":[{"id":29955,"href":"https:\/\/caviar-de-neuvic.com\/de_be\/wp-json\/wp\/v2\/product\/2188\/revisions\/29955"}],"wp:featuredmedia":[{"embeddable":true,"href":"https:\/\/caviar-de-neuvic.com\/de_be\/wp-json\/wp\/v2\/media\/2186"}],"wp:attachment":[{"href":"https:\/\/caviar-de-neuvic.com\/de_be\/wp-json\/wp\/v2\/media?parent=2188"}],"wp:term":[{"taxonomy":"product_brand","embeddable":true,"href":"https:\/\/caviar-de-neuvic.com\/de_be\/wp-json\/wp\/v2\/product_brand?post=2188"},{"taxonomy":"product_cat","embeddable":true,"href":"https:\/\/caviar-de-neuvic.com\/de_be\/wp-json\/wp\/v2\/product_cat?post=2188"},{"taxonomy":"product_tag","embeddable":true,"href":"https:\/\/caviar-de-neuvic.com\/de_be\/wp-json\/wp\/v2\/product_tag?post=2188"}],"curies":[{"name":"wp","href":"https:\/\/api.w.org\/{rel}","templated":true}]}}