{"id":2301,"date":"2024-08-14T12:33:24","date_gmt":"2024-08-14T12:33:24","guid":{"rendered":"https:\/\/caviar-de-neuvic.com\/produits\/katsuobushi\/"},"modified":"2025-12-19T19:23:07","modified_gmt":"2025-12-19T18:23:07","slug":"katsuobushi","status":"publish","type":"product","link":"https:\/\/caviar-de-neuvic.com\/de_be\/p\/accueil\/l-epicerie-neuvic\/epicerie-fusion\/katsuobushi\/","title":{"rendered":"Katsuobushi"},"content":{"rendered":"<p><strong>N\u00e4hrwerte<\/strong><\/p>\n<table class=\"table table-bordered valeurs\" border=\"1\">\n<thead>\n<tr>\n<th colspan=\"4\">Pro 100 g<\/th>\n<\/tr>\n<\/thead>\n<tbody>\n<tr>\n<td>Energiewert (kcal)<\/td>\n<td>348<\/td>\n<td>Fett (g), davon ges\u00e4ttigte Fetts\u00e4uren (g)<\/td>\n<td>3,3\u00a0(1,3)<\/td>\n<\/tr>\n<tr>\n<td>Energiewert (kJ)<\/td>\n<td>1473<\/td>\n<td>Kohlenhydrate (g) davon Zucker (g)<\/td>\n<td>0\u00a0(0)<\/td>\n<\/tr>\n<tr>\n<td>Eiwei\u00df (g)<\/td>\n<td>80<\/td>\n<td>Sodium (g)<\/td>\n<td>0,5<\/td>\n<\/tr>\n<\/tbody>\n<\/table>","protected":false},"excerpt":{"rendered":"<p>Katsuobushi besteht aus getrockneten, fermentierten und ger\u00e4ucherten Bonitoflocken, einem Fisch, der dem Thunfisch \u00e4hnelt. Als unverzichtbarer Bestandteil der japanischen K\u00fcche verk\u00f6rpert er den f\u00fcnften Geschmack, Umami, den ber\u00fchmten \u201ewohlschmeckenden Geschmack\u201c, der f\u00fcr Japan so typisch ist. Dieser Katsuobushi, der in der Bretagne nach rein japanischer Tradition handwerklich hergestellt wird, bietet ein echtes Geschmackserlebnis. Als echter Geschmacksverst\u00e4rker kann er zum Garnieren von Speisen oder zur Zubereitung von Br\u00fche verwendet werden.<\/p>\n<p>Dieses au\u00dfergew\u00f6hnliche Produkt wird vom einzigen franz\u00f6sischen Handwerker hergestellt, der dieses traditionelle Know-how weiterf\u00fchrt. Die Flocken werden gewonnen, indem getrocknete Bonito-Filets (Arabushi) mit einem Holzspalter in d\u00fcnne Streifen geschnitten werden. Diese Flocken sind f\u00fcr die Zubereitung von Dashi, der traditionellen japanischen Br\u00fche, unverzichtbar. Sie k\u00f6nnen auch beim Anrichten hinzugef\u00fcgt werden, wo sie durch die Hitze des Gerichts \u201etanzen\u201d und ihm eine einzigartige optische und aromatische Note verleihen. F\u00fcr die Zubereitung von 2,5 l Br\u00fche, wie Dashi oder Miso-Suppe, reichen 100 g Katsuobushi aus. Die Flocken k\u00f6nnen auch als Garnierung f\u00fcr Salate, Rohkost, Gem\u00fcse oder warme Gerichte verwendet werden und verleihen jedem Bissen den wertvollen Umami-Geschmack.<\/p>","protected":false},"featured_media":2299,"template":"","meta":{"_acf_changed":false,"ocean_post_layout":"","ocean_both_sidebars_style":"","ocean_both_sidebars_content_width":0,"ocean_both_sidebars_sidebars_width":0,"ocean_sidebar":"0","ocean_second_sidebar":"0","ocean_disable_margins":"enable","ocean_add_body_class":"","ocean_shortcode_before_top_bar":"","ocean_shortcode_after_top_bar":"","ocean_shortcode_before_header":"","ocean_shortcode_after_header":"","ocean_has_shortcode":"","ocean_shortcode_after_title":"","ocean_shortcode_before_footer_widgets":"","ocean_shortcode_after_footer_widgets":"","ocean_shortcode_before_footer_bottom":"","ocean_shortcode_after_footer_bottom":"","ocean_display_top_bar":"default","ocean_display_header":"default","ocean_header_style":"","ocean_center_header_left_menu":"0","ocean_custom_header_template":"0","ocean_custom_logo":0,"ocean_custom_retina_logo":0,"ocean_custom_logo_max_width":0,"ocean_custom_logo_tablet_max_width":0,"ocean_custom_logo_mobile_max_width":0,"ocean_custom_logo_max_height":0,"ocean_custom_logo_tablet_max_height":0,"ocean_custom_logo_mobile_max_height":0,"ocean_header_custom_menu":"0","ocean_menu_typo_font_family":"0","ocean_menu_typo_font_subset":"","ocean_menu_typo_font_size":0,"ocean_menu_typo_font_size_tablet":0,"ocean_menu_typo_font_size_mobile":0,"ocean_menu_typo_font_size_unit":"px","ocean_menu_typo_font_weight":"","ocean_menu_typo_font_weight_tablet":"","ocean_menu_typo_font_weight_mobile":"","ocean_menu_typo_transform":"","ocean_menu_typo_transform_tablet":"","ocean_menu_typo_transform_mobile":"","ocean_menu_typo_line_height":0,"ocean_menu_typo_line_height_tablet":0,"ocean_menu_typo_line_height_mobile":0,"ocean_menu_typo_line_height_unit":"","ocean_menu_typo_spacing":0,"ocean_menu_typo_spacing_tablet":0,"ocean_menu_typo_spacing_mobile":0,"ocean_menu_typo_spacing_unit":"","ocean_menu_link_color":"","ocean_menu_link_color_hover":"","ocean_menu_link_color_active":"","ocean_menu_link_background":"","ocean_menu_link_hover_background":"","ocean_menu_link_active_background":"","ocean_menu_social_links_bg":"","ocean_menu_social_hover_links_bg":"","ocean_menu_social_links_color":"","ocean_menu_social_hover_links_color":"","ocean_disable_title":"default","ocean_disable_heading":"default","ocean_post_title":"","ocean_post_subheading":"","ocean_post_title_style":"","ocean_post_title_background_color":"","ocean_post_title_background":0,"ocean_post_title_bg_image_position":"","ocean_post_title_bg_image_attachment":"","ocean_post_title_bg_image_repeat":"","ocean_post_title_bg_image_size":"","ocean_post_title_height":0,"ocean_post_title_bg_overlay":0.5,"ocean_post_title_bg_overlay_color":"","ocean_disable_breadcrumbs":"default","ocean_breadcrumbs_color":"","ocean_breadcrumbs_separator_color":"","ocean_breadcrumbs_links_color":"","ocean_breadcrumbs_links_hover_color":"","ocean_display_footer_widgets":"default","ocean_display_footer_bottom":"default","ocean_custom_footer_template":"0","omw_enable_modal_window":"enable"},"product_brand":[],"product_cat":[54,22],"product_tag":[],"class_list":{"0":"post-2301","1":"product","2":"type-product","3":"status-publish","4":"has-post-thumbnail","6":"product_cat-epicerie-fusion","7":"product_cat-l-epicerie-neuvic","8":"pa_conservation-2f-endroitfraisetsecalabride","9":"pa_dlc-6mois","11":"entry","12":"has-media","14":"first","15":"outofstock","16":"taxable","17":"shipping-taxable","18":"purchasable","19":"product-type-simple","20":"has-product-nav","21":"col","22":"span_1_of_3","23":"owp-content-center","24":"item-entry","25":"owp-thumbs-layout-vertical","26":"owp-btn-normal","27":"owp-tabs-layout-horizontal"},"acf":[],"yoast_head":"<!-- This site is optimized with the Yoast SEO plugin v27.5 - https:\/\/yoast.com\/product\/yoast-seo-wordpress\/ -->\n<title>Katsuobushi - Caviar de Neuvic<\/title>\n<meta name=\"description\" content=\"Le katsuobushi est constitu\u00e9 de flocons de bonite s\u00e9ch\u00e9s, ferment\u00e9s et fum\u00e9s, un poisson proche du thon. Incontournable de la cuisine japonaise, il incarne la cinqui\u00e8me saveur, l&#039;umami, ce fameux &quot;go\u00fbt savoureux&quot; propre au Japon.\" \/>\n<meta name=\"robots\" content=\"index, follow, max-snippet:-1, max-image-preview:large, max-video-preview:-1\" \/>\n<link rel=\"canonical\" href=\"https:\/\/caviar-de-neuvic.com\/de_be\/p\/accueil\/l-epicerie-neuvic\/epicerie-fusion\/katsuobushi\/\" \/>\n<meta property=\"og:locale\" content=\"de_DE\" \/>\n<meta property=\"og:type\" content=\"article\" \/>\n<meta property=\"og:title\" content=\"Katsuobushi - Caviar de Neuvic\" \/>\n<meta property=\"og:description\" content=\"Le katsuobushi est constitu\u00e9 de flocons de bonite s\u00e9ch\u00e9s, ferment\u00e9s et fum\u00e9s, un poisson proche du thon. Incontournable de la cuisine japonaise, il incarne la cinqui\u00e8me saveur, l&#039;umami, ce fameux &quot;go\u00fbt savoureux&quot; propre au Japon.\" \/>\n<meta property=\"og:url\" content=\"https:\/\/caviar-de-neuvic.com\/de_be\/p\/accueil\/l-epicerie-neuvic\/epicerie-fusion\/katsuobushi\/\" \/>\n<meta property=\"og:site_name\" content=\"Producteur Fran\u00e7ais De Caviar\" \/>\n<meta property=\"article:modified_time\" content=\"2025-12-19T18:23:07+00:00\" \/>\n<meta property=\"og:image\" content=\"https:\/\/caviar-de-neuvic.com\/wp-content\/uploads\/2024\/08\/2750-Katsuobushi.jpg\" \/>\n\t<meta property=\"og:image:width\" content=\"1100\" \/>\n\t<meta property=\"og:image:height\" content=\"1422\" \/>\n\t<meta property=\"og:image:type\" content=\"image\/jpeg\" \/>\n<meta name=\"twitter:card\" content=\"summary_large_image\" \/>\n<meta name=\"twitter:label1\" content=\"Est. reading time\" \/>\n\t<meta name=\"twitter:data1\" content=\"1 minute\" \/>\n<script type=\"application\/ld+json\" class=\"yoast-schema-graph\">{\"@context\":\"https:\\\/\\\/schema.org\",\"@graph\":[{\"@type\":\"WebPage\",\"@id\":\"https:\\\/\\\/caviar-de-neuvic.com\\\/p\\\/accueil\\\/l-epicerie-neuvic\\\/epicerie-fusion\\\/katsuobushi\\\/\",\"url\":\"https:\\\/\\\/caviar-de-neuvic.com\\\/p\\\/accueil\\\/l-epicerie-neuvic\\\/epicerie-fusion\\\/katsuobushi\\\/\",\"name\":\"Katsuobushi - Caviar de Neuvic\",\"isPartOf\":{\"@id\":\"http:\\\/\\\/caviar-de-neuvic.com\\\/fr\\\/#website\"},\"primaryImageOfPage\":{\"@id\":\"https:\\\/\\\/caviar-de-neuvic.com\\\/p\\\/accueil\\\/l-epicerie-neuvic\\\/epicerie-fusion\\\/katsuobushi\\\/#primaryimage\"},\"image\":{\"@id\":\"https:\\\/\\\/caviar-de-neuvic.com\\\/p\\\/accueil\\\/l-epicerie-neuvic\\\/epicerie-fusion\\\/katsuobushi\\\/#primaryimage\"},\"thumbnailUrl\":\"https:\\\/\\\/caviar-de-neuvic.com\\\/wp-content\\\/uploads\\\/2024\\\/08\\\/2750-Katsuobushi.jpg\",\"datePublished\":\"2024-08-14T12:33:24+00:00\",\"dateModified\":\"2025-12-19T18:23:07+00:00\",\"description\":\"Le katsuobushi est constitu\u00e9 de flocons de bonite s\u00e9ch\u00e9s, ferment\u00e9s et fum\u00e9s, un poisson proche du thon. Incontournable de la cuisine japonaise, il incarne la cinqui\u00e8me saveur, l'umami, ce fameux \\\"go\u00fbt savoureux\\\" propre au Japon.\",\"breadcrumb\":{\"@id\":\"https:\\\/\\\/caviar-de-neuvic.com\\\/p\\\/accueil\\\/l-epicerie-neuvic\\\/epicerie-fusion\\\/katsuobushi\\\/#breadcrumb\"},\"inLanguage\":\"de-BE\",\"potentialAction\":[{\"@type\":\"ReadAction\",\"target\":[\"https:\\\/\\\/caviar-de-neuvic.com\\\/p\\\/accueil\\\/l-epicerie-neuvic\\\/epicerie-fusion\\\/katsuobushi\\\/\"]}]},{\"@type\":\"ImageObject\",\"inLanguage\":\"de-BE\",\"@id\":\"https:\\\/\\\/caviar-de-neuvic.com\\\/p\\\/accueil\\\/l-epicerie-neuvic\\\/epicerie-fusion\\\/katsuobushi\\\/#primaryimage\",\"url\":\"https:\\\/\\\/caviar-de-neuvic.com\\\/wp-content\\\/uploads\\\/2024\\\/08\\\/2750-Katsuobushi.jpg\",\"contentUrl\":\"https:\\\/\\\/caviar-de-neuvic.com\\\/wp-content\\\/uploads\\\/2024\\\/08\\\/2750-Katsuobushi.jpg\",\"width\":1100,\"height\":1422,\"caption\":\"Katsuobushi\"},{\"@type\":\"BreadcrumbList\",\"@id\":\"https:\\\/\\\/caviar-de-neuvic.com\\\/p\\\/accueil\\\/l-epicerie-neuvic\\\/epicerie-fusion\\\/katsuobushi\\\/#breadcrumb\",\"itemListElement\":[{\"@type\":\"ListItem\",\"position\":1,\"name\":\"Caviar de Neuvic\",\"item\":\"https:\\\/\\\/caviar-de-neuvic.com\\\/\"},{\"@type\":\"ListItem\",\"position\":2,\"name\":\"Shop\",\"item\":\"https:\\\/\\\/caviar-de-neuvic.com\\\/en\\\/shop\\\/\"},{\"@type\":\"ListItem\",\"position\":3,\"name\":\"Katsuobushi\"}]},{\"@type\":\"WebSite\",\"@id\":\"http:\\\/\\\/caviar-de-neuvic.com\\\/fr\\\/#website\",\"url\":\"http:\\\/\\\/caviar-de-neuvic.com\\\/fr\\\/\",\"name\":\"Producteur Fran\u00e7ais De Caviar\",\"description\":\"\",\"publisher\":{\"@id\":\"http:\\\/\\\/caviar-de-neuvic.com\\\/fr\\\/#organization\"},\"potentialAction\":[{\"@type\":\"SearchAction\",\"target\":{\"@type\":\"EntryPoint\",\"urlTemplate\":\"http:\\\/\\\/caviar-de-neuvic.com\\\/fr\\\/?s={search_term_string}\"},\"query-input\":{\"@type\":\"PropertyValueSpecification\",\"valueRequired\":true,\"valueName\":\"search_term_string\"}}],\"inLanguage\":\"de-BE\"},{\"@type\":\"Organization\",\"@id\":\"http:\\\/\\\/caviar-de-neuvic.com\\\/fr\\\/#organization\",\"name\":\"Producteur Fran\u00e7ais De Caviar\",\"url\":\"http:\\\/\\\/caviar-de-neuvic.com\\\/fr\\\/\",\"logo\":{\"@type\":\"ImageObject\",\"inLanguage\":\"de-BE\",\"@id\":\"http:\\\/\\\/caviar-de-neuvic.com\\\/fr\\\/#\\\/schema\\\/logo\\\/image\\\/\",\"url\":\"\",\"contentUrl\":\"\",\"caption\":\"Producteur Fran\u00e7ais De Caviar\"},\"image\":{\"@id\":\"http:\\\/\\\/caviar-de-neuvic.com\\\/fr\\\/#\\\/schema\\\/logo\\\/image\\\/\"}}]}<\/script>\n<!-- \/ Yoast SEO plugin. -->","yoast_head_json":{"title":"Katsuobushi - Caviar de Neuvic","description":"Le katsuobushi est constitu\u00e9 de flocons de bonite s\u00e9ch\u00e9s, ferment\u00e9s et fum\u00e9s, un poisson proche du thon. Incontournable de la cuisine japonaise, il incarne la cinqui\u00e8me saveur, l'umami, ce fameux \"go\u00fbt savoureux\" propre au Japon.","robots":{"index":"index","follow":"follow","max-snippet":"max-snippet:-1","max-image-preview":"max-image-preview:large","max-video-preview":"max-video-preview:-1"},"canonical":"https:\/\/caviar-de-neuvic.com\/de_be\/p\/accueil\/l-epicerie-neuvic\/epicerie-fusion\/katsuobushi\/","og_locale":"de_DE","og_type":"article","og_title":"Katsuobushi - Caviar de Neuvic","og_description":"Le katsuobushi est constitu\u00e9 de flocons de bonite s\u00e9ch\u00e9s, ferment\u00e9s et fum\u00e9s, un poisson proche du thon. Incontournable de la cuisine japonaise, il incarne la cinqui\u00e8me saveur, l'umami, ce fameux \"go\u00fbt savoureux\" propre au Japon.","og_url":"https:\/\/caviar-de-neuvic.com\/de_be\/p\/accueil\/l-epicerie-neuvic\/epicerie-fusion\/katsuobushi\/","og_site_name":"Producteur Fran\u00e7ais De Caviar","article_modified_time":"2025-12-19T18:23:07+00:00","og_image":[{"width":1100,"height":1422,"url":"https:\/\/caviar-de-neuvic.com\/wp-content\/uploads\/2024\/08\/2750-Katsuobushi.jpg","type":"image\/jpeg"}],"twitter_card":"summary_large_image","twitter_misc":{"Est. reading time":"1 minute"},"schema":{"@context":"https:\/\/schema.org","@graph":[{"@type":"WebPage","@id":"https:\/\/caviar-de-neuvic.com\/p\/accueil\/l-epicerie-neuvic\/epicerie-fusion\/katsuobushi\/","url":"https:\/\/caviar-de-neuvic.com\/p\/accueil\/l-epicerie-neuvic\/epicerie-fusion\/katsuobushi\/","name":"Katsuobushi - Caviar de Neuvic","isPartOf":{"@id":"http:\/\/caviar-de-neuvic.com\/fr\/#website"},"primaryImageOfPage":{"@id":"https:\/\/caviar-de-neuvic.com\/p\/accueil\/l-epicerie-neuvic\/epicerie-fusion\/katsuobushi\/#primaryimage"},"image":{"@id":"https:\/\/caviar-de-neuvic.com\/p\/accueil\/l-epicerie-neuvic\/epicerie-fusion\/katsuobushi\/#primaryimage"},"thumbnailUrl":"https:\/\/caviar-de-neuvic.com\/wp-content\/uploads\/2024\/08\/2750-Katsuobushi.jpg","datePublished":"2024-08-14T12:33:24+00:00","dateModified":"2025-12-19T18:23:07+00:00","description":"Le katsuobushi est constitu\u00e9 de flocons de bonite s\u00e9ch\u00e9s, ferment\u00e9s et fum\u00e9s, un poisson proche du thon. Incontournable de la cuisine japonaise, il incarne la cinqui\u00e8me saveur, l'umami, ce fameux \"go\u00fbt savoureux\" propre au Japon.","breadcrumb":{"@id":"https:\/\/caviar-de-neuvic.com\/p\/accueil\/l-epicerie-neuvic\/epicerie-fusion\/katsuobushi\/#breadcrumb"},"inLanguage":"de-BE","potentialAction":[{"@type":"ReadAction","target":["https:\/\/caviar-de-neuvic.com\/p\/accueil\/l-epicerie-neuvic\/epicerie-fusion\/katsuobushi\/"]}]},{"@type":"ImageObject","inLanguage":"de-BE","@id":"https:\/\/caviar-de-neuvic.com\/p\/accueil\/l-epicerie-neuvic\/epicerie-fusion\/katsuobushi\/#primaryimage","url":"https:\/\/caviar-de-neuvic.com\/wp-content\/uploads\/2024\/08\/2750-Katsuobushi.jpg","contentUrl":"https:\/\/caviar-de-neuvic.com\/wp-content\/uploads\/2024\/08\/2750-Katsuobushi.jpg","width":1100,"height":1422,"caption":"Katsuobushi"},{"@type":"BreadcrumbList","@id":"https:\/\/caviar-de-neuvic.com\/p\/accueil\/l-epicerie-neuvic\/epicerie-fusion\/katsuobushi\/#breadcrumb","itemListElement":[{"@type":"ListItem","position":1,"name":"Caviar de Neuvic","item":"https:\/\/caviar-de-neuvic.com\/"},{"@type":"ListItem","position":2,"name":"Shop","item":"https:\/\/caviar-de-neuvic.com\/en\/shop\/"},{"@type":"ListItem","position":3,"name":"Katsuobushi"}]},{"@type":"WebSite","@id":"http:\/\/caviar-de-neuvic.com\/fr\/#website","url":"http:\/\/caviar-de-neuvic.com\/fr\/","name":"Producteur Fran\u00e7ais De Caviar","description":"","publisher":{"@id":"http:\/\/caviar-de-neuvic.com\/fr\/#organization"},"potentialAction":[{"@type":"SearchAction","target":{"@type":"EntryPoint","urlTemplate":"http:\/\/caviar-de-neuvic.com\/fr\/?s={search_term_string}"},"query-input":{"@type":"PropertyValueSpecification","valueRequired":true,"valueName":"search_term_string"}}],"inLanguage":"de-BE"},{"@type":"Organization","@id":"http:\/\/caviar-de-neuvic.com\/fr\/#organization","name":"Producteur Fran\u00e7ais De Caviar","url":"http:\/\/caviar-de-neuvic.com\/fr\/","logo":{"@type":"ImageObject","inLanguage":"de-BE","@id":"http:\/\/caviar-de-neuvic.com\/fr\/#\/schema\/logo\/image\/","url":"","contentUrl":"","caption":"Producteur Fran\u00e7ais De Caviar"},"image":{"@id":"http:\/\/caviar-de-neuvic.com\/fr\/#\/schema\/logo\/image\/"}}]}},"_links":{"self":[{"href":"https:\/\/caviar-de-neuvic.com\/de_be\/wp-json\/wp\/v2\/product\/2301","targetHints":{"allow":["GET"]}}],"collection":[{"href":"https:\/\/caviar-de-neuvic.com\/de_be\/wp-json\/wp\/v2\/product"}],"about":[{"href":"https:\/\/caviar-de-neuvic.com\/de_be\/wp-json\/wp\/v2\/types\/product"}],"version-history":[{"count":2,"href":"https:\/\/caviar-de-neuvic.com\/de_be\/wp-json\/wp\/v2\/product\/2301\/revisions"}],"predecessor-version":[{"id":29589,"href":"https:\/\/caviar-de-neuvic.com\/de_be\/wp-json\/wp\/v2\/product\/2301\/revisions\/29589"}],"wp:featuredmedia":[{"embeddable":true,"href":"https:\/\/caviar-de-neuvic.com\/de_be\/wp-json\/wp\/v2\/media\/2299"}],"wp:attachment":[{"href":"https:\/\/caviar-de-neuvic.com\/de_be\/wp-json\/wp\/v2\/media?parent=2301"}],"wp:term":[{"taxonomy":"product_brand","embeddable":true,"href":"https:\/\/caviar-de-neuvic.com\/de_be\/wp-json\/wp\/v2\/product_brand?post=2301"},{"taxonomy":"product_cat","embeddable":true,"href":"https:\/\/caviar-de-neuvic.com\/de_be\/wp-json\/wp\/v2\/product_cat?post=2301"},{"taxonomy":"product_tag","embeddable":true,"href":"https:\/\/caviar-de-neuvic.com\/de_be\/wp-json\/wp\/v2\/product_tag?post=2301"}],"curies":[{"name":"wp","href":"https:\/\/api.w.org\/{rel}","templated":true}]}}