{"id":2324,"date":"2024-10-16T16:50:33","date_gmt":"2024-10-16T16:50:33","guid":{"rendered":"https:\/\/caviar-de-neuvic.com\/produits\/esturgeon-fume-tranche-a-la-main\/"},"modified":"2026-04-01T10:41:43","modified_gmt":"2026-04-01T08:41:43","slug":"esturgeon-fume-tranche-a-la-main","status":"publish","type":"product","link":"https:\/\/caviar-de-neuvic.com\/de_be\/p\/accueil\/esturgeon\/esturgeon-fume-tranche-a-la-main\/","title":{"rendered":"Handgeschnittener ger\u00e4ucherter St\u00f6r"},"content":{"rendered":"<p><strong>servieren<\/strong><\/p>\n<p>Es kann als Vorspeise auf einer Scheibe ger\u00f6stetem Brot mit einem Spritzer Zitrone serviert werden. Es passt auch hervorragend zu Salaten, Nudelgerichten oder Kartoffelp\u00fcree.<\/p>\n<p><strong>N\u00e4hrwerte<\/strong><\/p>\n<table class=\"table table-bordered valeurs\" border=\"1\">\n<thead>\n<tr>\n<th colspan=\"4\">Pro 100 g<\/th>\n<\/tr>\n<\/thead>\n<tbody>\n<tr>\n<td>Energiewert (kcal)<\/td>\n<td>123<\/td>\n<td>Fett (g), davon ges\u00e4ttigte Fetts\u00e4uren (g)<\/td>\n<td>5,84\u00a0(1,3)<\/td>\n<\/tr>\n<tr>\n<td>Energiewert (kJ)<\/td>\n<td>517<\/td>\n<td>Kohlenhydrate (g) davon Zucker (g)<\/td>\n<td>0,4 (&lt;0,1)<\/td>\n<\/tr>\n<tr>\n<td>Eiwei\u00df (g)<\/td>\n<td>17,7<\/td>\n<td>Sodium (g)<\/td>\n<td>1,3<\/td>\n<\/tr>\n<\/tbody>\n<\/table>","protected":false},"excerpt":{"rendered":"<p>Der handgeschnittene R\u00e4ucherst\u00f6r ist ein \u00fcberraschendes und delikates Produkt. Er ist leicht und zergeht auf der Zunge. Er kann als Vorspeise auf einer Scheibe Toastbrot mit einem Spritzer Zitrone serviert werden. Er passt auch hervorragend zu Salaten, Nudeln oder Kartoffelp\u00fcree...<\/p>\n<p class=\"p1\">Unsere ger\u00e4ucherten St\u00f6rportionen werden aus unseren besten St\u00f6rfilets hergestellt. Zun\u00e4chst werden sie von Hand gesalzen, bevor sie mehrere Stunden lang \u00fcber Buchenholz ger\u00e4uchert werden. Durch diesen langen und sorgf\u00e4ltigen Prozess bleiben alle Geschmackseigenschaften des ger\u00e4ucherten St\u00f6rs erhalten und kommen voll zur Geltung.<\/p>\n<p>Unser Produktionsprozess umfasst zwangsl\u00e4ufig das Einfrieren. Unsere Produkte werden anschlie\u00dfend zum Verkauf aufgetaut, was ihre organoleptische Qualit\u00e4t nicht beeintr\u00e4chtigt.<\/p>\n<p><img decoding=\"async\" class=\"size-full wp-image-1231\" src=\"https:\/\/caviar-de-neuvic.com\/wp-content\/uploads\/2019\/11\/fresh.png\" alt=\"\" width=\"14\" height=\"12\" srcset=\"https:\/\/caviar-de-neuvic.com\/wp-content\/uploads\/2019\/11\/fresh.png 100w, https:\/\/caviar-de-neuvic.com\/wp-content\/uploads\/2019\/11\/fresh-14x12.png 14w\" sizes=\"(max-width: 14px) 100vw, 14px\" \/>Frozen product, then defrosted. Do not refreeze.<\/p>","protected":false},"featured_media":2320,"template":"","meta":{"_acf_changed":false,"ocean_post_layout":"","ocean_both_sidebars_style":"","ocean_both_sidebars_content_width":0,"ocean_both_sidebars_sidebars_width":0,"ocean_sidebar":"0","ocean_second_sidebar":"0","ocean_disable_margins":"enable","ocean_add_body_class":"","ocean_shortcode_before_top_bar":"","ocean_shortcode_after_top_bar":"","ocean_shortcode_before_header":"","ocean_shortcode_after_header":"","ocean_has_shortcode":"","ocean_shortcode_after_title":"","ocean_shortcode_before_footer_widgets":"","ocean_shortcode_after_footer_widgets":"","ocean_shortcode_before_footer_bottom":"","ocean_shortcode_after_footer_bottom":"","ocean_display_top_bar":"default","ocean_display_header":"default","ocean_header_style":"","ocean_center_header_left_menu":"0","ocean_custom_header_template":"0","ocean_custom_logo":0,"ocean_custom_retina_logo":0,"ocean_custom_logo_max_width":0,"ocean_custom_logo_tablet_max_width":0,"ocean_custom_logo_mobile_max_width":0,"ocean_custom_logo_max_height":0,"ocean_custom_logo_tablet_max_height":0,"ocean_custom_logo_mobile_max_height":0,"ocean_header_custom_menu":"0","ocean_menu_typo_font_family":"0","ocean_menu_typo_font_subset":"","ocean_menu_typo_font_size":0,"ocean_menu_typo_font_size_tablet":0,"ocean_menu_typo_font_size_mobile":0,"ocean_menu_typo_font_size_unit":"px","ocean_menu_typo_font_weight":"","ocean_menu_typo_font_weight_tablet":"","ocean_menu_typo_font_weight_mobile":"","ocean_menu_typo_transform":"","ocean_menu_typo_transform_tablet":"","ocean_menu_typo_transform_mobile":"","ocean_menu_typo_line_height":0,"ocean_menu_typo_line_height_tablet":0,"ocean_menu_typo_line_height_mobile":0,"ocean_menu_typo_line_height_unit":"","ocean_menu_typo_spacing":0,"ocean_menu_typo_spacing_tablet":0,"ocean_menu_typo_spacing_mobile":0,"ocean_menu_typo_spacing_unit":"","ocean_menu_link_color":"","ocean_menu_link_color_hover":"","ocean_menu_link_color_active":"","ocean_menu_link_background":"","ocean_menu_link_hover_background":"","ocean_menu_link_active_background":"","ocean_menu_social_links_bg":"","ocean_menu_social_hover_links_bg":"","ocean_menu_social_links_color":"","ocean_menu_social_hover_links_color":"","ocean_disable_title":"default","ocean_disable_heading":"default","ocean_post_title":"","ocean_post_subheading":"","ocean_post_title_style":"","ocean_post_title_background_color":"","ocean_post_title_background":0,"ocean_post_title_bg_image_position":"","ocean_post_title_bg_image_attachment":"","ocean_post_title_bg_image_repeat":"","ocean_post_title_bg_image_size":"","ocean_post_title_height":0,"ocean_post_title_bg_overlay":0.5,"ocean_post_title_bg_overlay_color":"","ocean_disable_breadcrumbs":"default","ocean_breadcrumbs_color":"","ocean_breadcrumbs_separator_color":"","ocean_breadcrumbs_links_color":"","ocean_breadcrumbs_links_hover_color":"","ocean_display_footer_widgets":"default","ocean_display_footer_bottom":"default","ocean_custom_footer_template":"0","omw_enable_modal_window":"enable"},"product_brand":[],"product_cat":[24,25],"product_tag":[],"class_list":{"0":"post-2324","1":"product","2":"type-product","3":"status-publish","4":"has-post-thumbnail","6":"product_cat-esturgeon","7":"product_cat-poisson-fume","8":"pa_conservation-ca-aurefrigerateurentre0et4c","9":"pa_dlc-21jours","10":"pa_origine-france","12":"entry","13":"has-media","15":"first","16":"outofstock","17":"taxable","18":"shipping-taxable","19":"purchasable","20":"product-type-simple","21":"col","22":"span_1_of_3","23":"owp-content-center","24":"item-entry","25":"owp-thumbs-layout-vertical","26":"owp-btn-normal","27":"owp-tabs-layout-horizontal"},"acf":[],"yoast_head":"<!-- This site is optimized with the Yoast SEO plugin v27.4 - https:\/\/yoast.com\/product\/yoast-seo-wordpress\/ -->\n<title>Esturgeon fum\u00e9 tranch\u00e9 \u00e0 la main - Caviar de Neuvic<\/title>\n<meta name=\"description\" content=\"L\u2019esturgeon fum\u00e9 tranch\u00e9 \u00e0 la main est un produit surprenant et d\u00e9licat. L\u00e9ger et fondant en bouche, il peut accomapgn\u00e9 un ap\u00e9ritif ou un \u00e9cras\u00e9 de pommes de terre.\" \/>\n<meta name=\"robots\" content=\"index, follow, max-snippet:-1, max-image-preview:large, max-video-preview:-1\" \/>\n<link rel=\"canonical\" href=\"https:\/\/caviar-de-neuvic.com\/de_be\/p\/accueil\/esturgeon\/esturgeon-fume-tranche-a-la-main\/\" \/>\n<meta property=\"og:locale\" content=\"de_DE\" \/>\n<meta property=\"og:type\" content=\"article\" \/>\n<meta property=\"og:title\" content=\"Esturgeon fum\u00e9 tranch\u00e9 \u00e0 la main - Caviar de Neuvic\" \/>\n<meta property=\"og:description\" content=\"L\u2019esturgeon fum\u00e9 tranch\u00e9 \u00e0 la main est un produit surprenant et d\u00e9licat. L\u00e9ger et fondant en bouche, il peut accomapgn\u00e9 un ap\u00e9ritif ou un \u00e9cras\u00e9 de pommes de terre.\" \/>\n<meta property=\"og:url\" content=\"https:\/\/caviar-de-neuvic.com\/de_be\/p\/accueil\/esturgeon\/esturgeon-fume-tranche-a-la-main\/\" \/>\n<meta property=\"og:site_name\" content=\"Producteur Fran\u00e7ais De Caviar\" \/>\n<meta property=\"article:modified_time\" content=\"2026-04-01T08:41:43+00:00\" \/>\n<meta property=\"og:image\" content=\"https:\/\/caviar-de-neuvic.com\/wp-content\/uploads\/2024\/10\/2797-Esturgeon-fume.jpg\" \/>\n\t<meta property=\"og:image:width\" content=\"1100\" \/>\n\t<meta property=\"og:image:height\" content=\"1422\" \/>\n\t<meta property=\"og:image:type\" content=\"image\/jpeg\" \/>\n<meta name=\"twitter:card\" content=\"summary_large_image\" \/>\n<meta name=\"twitter:label1\" content=\"Est. reading time\" \/>\n\t<meta name=\"twitter:data1\" content=\"1 minute\" \/>\n<script type=\"application\/ld+json\" class=\"yoast-schema-graph\">{\"@context\":\"https:\\\/\\\/schema.org\",\"@graph\":[{\"@type\":\"WebPage\",\"@id\":\"https:\\\/\\\/caviar-de-neuvic.com\\\/p\\\/accueil\\\/esturgeon\\\/esturgeon-fume-tranche-a-la-main\\\/\",\"url\":\"https:\\\/\\\/caviar-de-neuvic.com\\\/p\\\/accueil\\\/esturgeon\\\/esturgeon-fume-tranche-a-la-main\\\/\",\"name\":\"Esturgeon fum\u00e9 tranch\u00e9 \u00e0 la main - Caviar de Neuvic\",\"isPartOf\":{\"@id\":\"http:\\\/\\\/caviar-de-neuvic.com\\\/fr\\\/#website\"},\"primaryImageOfPage\":{\"@id\":\"https:\\\/\\\/caviar-de-neuvic.com\\\/p\\\/accueil\\\/esturgeon\\\/esturgeon-fume-tranche-a-la-main\\\/#primaryimage\"},\"image\":{\"@id\":\"https:\\\/\\\/caviar-de-neuvic.com\\\/p\\\/accueil\\\/esturgeon\\\/esturgeon-fume-tranche-a-la-main\\\/#primaryimage\"},\"thumbnailUrl\":\"https:\\\/\\\/caviar-de-neuvic.com\\\/wp-content\\\/uploads\\\/2024\\\/10\\\/2797-Esturgeon-fume.jpg\",\"datePublished\":\"2024-10-16T16:50:33+00:00\",\"dateModified\":\"2026-04-01T08:41:43+00:00\",\"description\":\"L\u2019esturgeon fum\u00e9 tranch\u00e9 \u00e0 la main est un produit surprenant et d\u00e9licat. L\u00e9ger et fondant en bouche, il peut accomapgn\u00e9 un ap\u00e9ritif ou un \u00e9cras\u00e9 de pommes de terre.\",\"breadcrumb\":{\"@id\":\"https:\\\/\\\/caviar-de-neuvic.com\\\/p\\\/accueil\\\/esturgeon\\\/esturgeon-fume-tranche-a-la-main\\\/#breadcrumb\"},\"inLanguage\":\"de-BE\",\"potentialAction\":[{\"@type\":\"ReadAction\",\"target\":[\"https:\\\/\\\/caviar-de-neuvic.com\\\/p\\\/accueil\\\/esturgeon\\\/esturgeon-fume-tranche-a-la-main\\\/\"]}]},{\"@type\":\"ImageObject\",\"inLanguage\":\"de-BE\",\"@id\":\"https:\\\/\\\/caviar-de-neuvic.com\\\/p\\\/accueil\\\/esturgeon\\\/esturgeon-fume-tranche-a-la-main\\\/#primaryimage\",\"url\":\"https:\\\/\\\/caviar-de-neuvic.com\\\/wp-content\\\/uploads\\\/2024\\\/10\\\/2797-Esturgeon-fume.jpg\",\"contentUrl\":\"https:\\\/\\\/caviar-de-neuvic.com\\\/wp-content\\\/uploads\\\/2024\\\/10\\\/2797-Esturgeon-fume.jpg\",\"width\":1100,\"height\":1422,\"caption\":\"Esturgeon fum\u00e9\"},{\"@type\":\"BreadcrumbList\",\"@id\":\"https:\\\/\\\/caviar-de-neuvic.com\\\/p\\\/accueil\\\/esturgeon\\\/esturgeon-fume-tranche-a-la-main\\\/#breadcrumb\",\"itemListElement\":[{\"@type\":\"ListItem\",\"position\":1,\"name\":\"Caviar de Neuvic\",\"item\":\"https:\\\/\\\/caviar-de-neuvic.com\\\/\"},{\"@type\":\"ListItem\",\"position\":2,\"name\":\"Shop\",\"item\":\"https:\\\/\\\/caviar-de-neuvic.com\\\/en\\\/shop\\\/\"},{\"@type\":\"ListItem\",\"position\":3,\"name\":\"Esturgeon fum\u00e9 tranch\u00e9 \u00e0 la main\"}]},{\"@type\":\"WebSite\",\"@id\":\"http:\\\/\\\/caviar-de-neuvic.com\\\/fr\\\/#website\",\"url\":\"http:\\\/\\\/caviar-de-neuvic.com\\\/fr\\\/\",\"name\":\"Producteur Fran\u00e7ais De Caviar\",\"description\":\"\",\"publisher\":{\"@id\":\"http:\\\/\\\/caviar-de-neuvic.com\\\/fr\\\/#organization\"},\"potentialAction\":[{\"@type\":\"SearchAction\",\"target\":{\"@type\":\"EntryPoint\",\"urlTemplate\":\"http:\\\/\\\/caviar-de-neuvic.com\\\/fr\\\/?s={search_term_string}\"},\"query-input\":{\"@type\":\"PropertyValueSpecification\",\"valueRequired\":true,\"valueName\":\"search_term_string\"}}],\"inLanguage\":\"de-BE\"},{\"@type\":\"Organization\",\"@id\":\"http:\\\/\\\/caviar-de-neuvic.com\\\/fr\\\/#organization\",\"name\":\"Producteur Fran\u00e7ais De Caviar\",\"url\":\"http:\\\/\\\/caviar-de-neuvic.com\\\/fr\\\/\",\"logo\":{\"@type\":\"ImageObject\",\"inLanguage\":\"de-BE\",\"@id\":\"http:\\\/\\\/caviar-de-neuvic.com\\\/fr\\\/#\\\/schema\\\/logo\\\/image\\\/\",\"url\":\"\",\"contentUrl\":\"\",\"caption\":\"Producteur Fran\u00e7ais De Caviar\"},\"image\":{\"@id\":\"http:\\\/\\\/caviar-de-neuvic.com\\\/fr\\\/#\\\/schema\\\/logo\\\/image\\\/\"}}]}<\/script>\n<!-- \/ Yoast SEO plugin. -->","yoast_head_json":{"title":"Esturgeon fum\u00e9 tranch\u00e9 \u00e0 la main - Caviar de Neuvic","description":"L\u2019esturgeon fum\u00e9 tranch\u00e9 \u00e0 la main est un produit surprenant et d\u00e9licat. L\u00e9ger et fondant en bouche, il peut accomapgn\u00e9 un ap\u00e9ritif ou un \u00e9cras\u00e9 de pommes de terre.","robots":{"index":"index","follow":"follow","max-snippet":"max-snippet:-1","max-image-preview":"max-image-preview:large","max-video-preview":"max-video-preview:-1"},"canonical":"https:\/\/caviar-de-neuvic.com\/de_be\/p\/accueil\/esturgeon\/esturgeon-fume-tranche-a-la-main\/","og_locale":"de_DE","og_type":"article","og_title":"Esturgeon fum\u00e9 tranch\u00e9 \u00e0 la main - Caviar de Neuvic","og_description":"L\u2019esturgeon fum\u00e9 tranch\u00e9 \u00e0 la main est un produit surprenant et d\u00e9licat. L\u00e9ger et fondant en bouche, il peut accomapgn\u00e9 un ap\u00e9ritif ou un \u00e9cras\u00e9 de pommes de terre.","og_url":"https:\/\/caviar-de-neuvic.com\/de_be\/p\/accueil\/esturgeon\/esturgeon-fume-tranche-a-la-main\/","og_site_name":"Producteur Fran\u00e7ais De Caviar","article_modified_time":"2026-04-01T08:41:43+00:00","og_image":[{"width":1100,"height":1422,"url":"https:\/\/caviar-de-neuvic.com\/wp-content\/uploads\/2024\/10\/2797-Esturgeon-fume.jpg","type":"image\/jpeg"}],"twitter_card":"summary_large_image","twitter_misc":{"Est. reading time":"1 minute"},"schema":{"@context":"https:\/\/schema.org","@graph":[{"@type":"WebPage","@id":"https:\/\/caviar-de-neuvic.com\/p\/accueil\/esturgeon\/esturgeon-fume-tranche-a-la-main\/","url":"https:\/\/caviar-de-neuvic.com\/p\/accueil\/esturgeon\/esturgeon-fume-tranche-a-la-main\/","name":"Esturgeon fum\u00e9 tranch\u00e9 \u00e0 la main - Caviar de Neuvic","isPartOf":{"@id":"http:\/\/caviar-de-neuvic.com\/fr\/#website"},"primaryImageOfPage":{"@id":"https:\/\/caviar-de-neuvic.com\/p\/accueil\/esturgeon\/esturgeon-fume-tranche-a-la-main\/#primaryimage"},"image":{"@id":"https:\/\/caviar-de-neuvic.com\/p\/accueil\/esturgeon\/esturgeon-fume-tranche-a-la-main\/#primaryimage"},"thumbnailUrl":"https:\/\/caviar-de-neuvic.com\/wp-content\/uploads\/2024\/10\/2797-Esturgeon-fume.jpg","datePublished":"2024-10-16T16:50:33+00:00","dateModified":"2026-04-01T08:41:43+00:00","description":"L\u2019esturgeon fum\u00e9 tranch\u00e9 \u00e0 la main est un produit surprenant et d\u00e9licat. L\u00e9ger et fondant en bouche, il peut accomapgn\u00e9 un ap\u00e9ritif ou un \u00e9cras\u00e9 de pommes de terre.","breadcrumb":{"@id":"https:\/\/caviar-de-neuvic.com\/p\/accueil\/esturgeon\/esturgeon-fume-tranche-a-la-main\/#breadcrumb"},"inLanguage":"de-BE","potentialAction":[{"@type":"ReadAction","target":["https:\/\/caviar-de-neuvic.com\/p\/accueil\/esturgeon\/esturgeon-fume-tranche-a-la-main\/"]}]},{"@type":"ImageObject","inLanguage":"de-BE","@id":"https:\/\/caviar-de-neuvic.com\/p\/accueil\/esturgeon\/esturgeon-fume-tranche-a-la-main\/#primaryimage","url":"https:\/\/caviar-de-neuvic.com\/wp-content\/uploads\/2024\/10\/2797-Esturgeon-fume.jpg","contentUrl":"https:\/\/caviar-de-neuvic.com\/wp-content\/uploads\/2024\/10\/2797-Esturgeon-fume.jpg","width":1100,"height":1422,"caption":"Esturgeon fum\u00e9"},{"@type":"BreadcrumbList","@id":"https:\/\/caviar-de-neuvic.com\/p\/accueil\/esturgeon\/esturgeon-fume-tranche-a-la-main\/#breadcrumb","itemListElement":[{"@type":"ListItem","position":1,"name":"Caviar de Neuvic","item":"https:\/\/caviar-de-neuvic.com\/"},{"@type":"ListItem","position":2,"name":"Shop","item":"https:\/\/caviar-de-neuvic.com\/en\/shop\/"},{"@type":"ListItem","position":3,"name":"Esturgeon fum\u00e9 tranch\u00e9 \u00e0 la main"}]},{"@type":"WebSite","@id":"http:\/\/caviar-de-neuvic.com\/fr\/#website","url":"http:\/\/caviar-de-neuvic.com\/fr\/","name":"Producteur Fran\u00e7ais De Caviar","description":"","publisher":{"@id":"http:\/\/caviar-de-neuvic.com\/fr\/#organization"},"potentialAction":[{"@type":"SearchAction","target":{"@type":"EntryPoint","urlTemplate":"http:\/\/caviar-de-neuvic.com\/fr\/?s={search_term_string}"},"query-input":{"@type":"PropertyValueSpecification","valueRequired":true,"valueName":"search_term_string"}}],"inLanguage":"de-BE"},{"@type":"Organization","@id":"http:\/\/caviar-de-neuvic.com\/fr\/#organization","name":"Producteur Fran\u00e7ais De Caviar","url":"http:\/\/caviar-de-neuvic.com\/fr\/","logo":{"@type":"ImageObject","inLanguage":"de-BE","@id":"http:\/\/caviar-de-neuvic.com\/fr\/#\/schema\/logo\/image\/","url":"","contentUrl":"","caption":"Producteur Fran\u00e7ais De Caviar"},"image":{"@id":"http:\/\/caviar-de-neuvic.com\/fr\/#\/schema\/logo\/image\/"}}]}},"_links":{"self":[{"href":"https:\/\/caviar-de-neuvic.com\/de_be\/wp-json\/wp\/v2\/product\/2324","targetHints":{"allow":["GET"]}}],"collection":[{"href":"https:\/\/caviar-de-neuvic.com\/de_be\/wp-json\/wp\/v2\/product"}],"about":[{"href":"https:\/\/caviar-de-neuvic.com\/de_be\/wp-json\/wp\/v2\/types\/product"}],"version-history":[{"count":3,"href":"https:\/\/caviar-de-neuvic.com\/de_be\/wp-json\/wp\/v2\/product\/2324\/revisions"}],"predecessor-version":[{"id":29959,"href":"https:\/\/caviar-de-neuvic.com\/de_be\/wp-json\/wp\/v2\/product\/2324\/revisions\/29959"}],"wp:featuredmedia":[{"embeddable":true,"href":"https:\/\/caviar-de-neuvic.com\/de_be\/wp-json\/wp\/v2\/media\/2320"}],"wp:attachment":[{"href":"https:\/\/caviar-de-neuvic.com\/de_be\/wp-json\/wp\/v2\/media?parent=2324"}],"wp:term":[{"taxonomy":"product_brand","embeddable":true,"href":"https:\/\/caviar-de-neuvic.com\/de_be\/wp-json\/wp\/v2\/product_brand?post=2324"},{"taxonomy":"product_cat","embeddable":true,"href":"https:\/\/caviar-de-neuvic.com\/de_be\/wp-json\/wp\/v2\/product_cat?post=2324"},{"taxonomy":"product_tag","embeddable":true,"href":"https:\/\/caviar-de-neuvic.com\/de_be\/wp-json\/wp\/v2\/product_tag?post=2324"}],"curies":[{"name":"wp","href":"https:\/\/api.w.org\/{rel}","templated":true}]}}