{"id":236,"date":"2015-12-13T22:29:02","date_gmt":"2015-12-13T22:29:02","guid":{"rendered":"https:\/\/caviar-de-neuvic.com\/produits\/moule-a-glacons-on-the-rock\/"},"modified":"2025-12-12T19:04:05","modified_gmt":"2025-12-12T18:04:05","slug":"moule-a-glacons-on-the-rock","status":"publish","type":"product","link":"https:\/\/caviar-de-neuvic.com\/de_be\/p\/accueil\/accompagner-le-caviar\/moule-a-glacons-on-the-rock\/","title":{"rendered":"Eisw\u00fcrfelform \u201eOn the Rock\u201c"},"content":{"rendered":"<div class=\"col-md-3\"><\/div>\n<div class=\"col-md-9\">\n<p>Geeignet f\u00fcr 10-g-Kaviarboxen<\/p>\n<p>Wiederverwendbare Silikonform f\u00fcr 6 Eisw\u00fcrfel \u00e0 8 x 8 cm<\/p>\n<\/div>\n<div class=\"col-md-3 titre\">Gebrauchsanweisung (im Lieferumfang der Form enthalten):<\/div>\n<div class=\"col-md-9\">\n<p>Die Silikonform mit Wasser f\u00fcllen und mindestens 1 Nacht auf einer ebenen Fl\u00e4che gefrieren lassen.<\/p>\n<p>Falls erforderlich, etwa 1 Stunde vor dem Servieren eine letzte Schicht Wasser hinzuf\u00fcgen, um die Unterseite des Eisw\u00fcrfels zu gl\u00e4tten.<\/p>\n<p>Um einen perfekt quadratischen und transparenten Eisw\u00fcrfel zu erhalten, frieren Sie ihn langsam (z. B. in einer geschlossenen Styroporbox) 24 Stunden lang mit entmineralisiertem Wasser ein.<\/p>\n<p>Um den Eisw\u00fcrfel aus der Form zu l\u00f6sen, drehen Sie die Silikonw\u00e4nde um, indem Sie auf den Boden der Form dr\u00fccken.<\/p>\n<p>Servieren Sie den Eisw\u00fcrfel auf einem tiefen Teller und stellen Sie die Kaviarbox in die daf\u00fcr vorgesehene Aussparung.<\/p>\n<\/div>","protected":false},"excerpt":{"rendered":"<p>Caviar de Neuvic hat sich die originellste und nat\u00fcrlichste Verpackung ausgedacht. Ob f\u00fcr einen besonderen Abend, ein gastronomisches Event oder einfach nur, um Ihre G\u00e4ste zu beeindrucken, die Eisw\u00fcrfelform f\u00fcr Kaviar verleiht Ihren kulinarischen Kreationen eine k\u00fcnstlerische Note. Kreieren Sie mit diesem einzigartigen Accessoire, das die Eleganz jeder Kaviarverkostung unterstreicht, Pr\u00e4sentationen, die einem Chefkoch w\u00fcrdig sind. Definieren Sie Luxus mit jedem Bissen neu \u2013 mit unserer Eisw\u00fcrfelform f\u00fcr Kaviar.<\/p>\n<h2>Ein neues Ritual f\u00fcr Kaviar<\/h2>\n<p>Der Kaviar wird direkt aus diesem Eisw\u00fcrfel mit dem Logo von Caviar de Neuvic genossen, der seine Frische bewahrt und seinen Glanz unterstreicht. Die schillernde Transparenz des Eises bringt die Grau- und Goldt\u00f6ne der k\u00f6stlich gek\u00fchlten K\u00f6rner zum Leuchten.<\/p>","protected":false},"featured_media":233,"template":"","meta":{"_acf_changed":false,"ocean_post_layout":"","ocean_both_sidebars_style":"","ocean_both_sidebars_content_width":0,"ocean_both_sidebars_sidebars_width":0,"ocean_sidebar":"0","ocean_second_sidebar":"0","ocean_disable_margins":"enable","ocean_add_body_class":"","ocean_shortcode_before_top_bar":"","ocean_shortcode_after_top_bar":"","ocean_shortcode_before_header":"","ocean_shortcode_after_header":"","ocean_has_shortcode":"","ocean_shortcode_after_title":"","ocean_shortcode_before_footer_widgets":"","ocean_shortcode_after_footer_widgets":"","ocean_shortcode_before_footer_bottom":"","ocean_shortcode_after_footer_bottom":"","ocean_display_top_bar":"default","ocean_display_header":"default","ocean_header_style":"","ocean_center_header_left_menu":"0","ocean_custom_header_template":"0","ocean_custom_logo":0,"ocean_custom_retina_logo":0,"ocean_custom_logo_max_width":0,"ocean_custom_logo_tablet_max_width":0,"ocean_custom_logo_mobile_max_width":0,"ocean_custom_logo_max_height":0,"ocean_custom_logo_tablet_max_height":0,"ocean_custom_logo_mobile_max_height":0,"ocean_header_custom_menu":"0","ocean_menu_typo_font_family":"0","ocean_menu_typo_font_subset":"","ocean_menu_typo_font_size":0,"ocean_menu_typo_font_size_tablet":0,"ocean_menu_typo_font_size_mobile":0,"ocean_menu_typo_font_size_unit":"px","ocean_menu_typo_font_weight":"","ocean_menu_typo_font_weight_tablet":"","ocean_menu_typo_font_weight_mobile":"","ocean_menu_typo_transform":"","ocean_menu_typo_transform_tablet":"","ocean_menu_typo_transform_mobile":"","ocean_menu_typo_line_height":0,"ocean_menu_typo_line_height_tablet":0,"ocean_menu_typo_line_height_mobile":0,"ocean_menu_typo_line_height_unit":"","ocean_menu_typo_spacing":0,"ocean_menu_typo_spacing_tablet":0,"ocean_menu_typo_spacing_mobile":0,"ocean_menu_typo_spacing_unit":"","ocean_menu_link_color":"","ocean_menu_link_color_hover":"","ocean_menu_link_color_active":"","ocean_menu_link_background":"","ocean_menu_link_hover_background":"","ocean_menu_link_active_background":"","ocean_menu_social_links_bg":"","ocean_menu_social_hover_links_bg":"","ocean_menu_social_links_color":"","ocean_menu_social_hover_links_color":"","ocean_disable_title":"default","ocean_disable_heading":"default","ocean_post_title":"","ocean_post_subheading":"","ocean_post_title_style":"","ocean_post_title_background_color":"","ocean_post_title_background":0,"ocean_post_title_bg_image_position":"","ocean_post_title_bg_image_attachment":"","ocean_post_title_bg_image_repeat":"","ocean_post_title_bg_image_size":"","ocean_post_title_height":0,"ocean_post_title_bg_overlay":0.5,"ocean_post_title_bg_overlay_color":"","ocean_disable_breadcrumbs":"default","ocean_breadcrumbs_color":"","ocean_breadcrumbs_separator_color":"","ocean_breadcrumbs_links_color":"","ocean_breadcrumbs_links_hover_color":"","ocean_display_footer_widgets":"default","ocean_display_footer_bottom":"default","ocean_custom_footer_template":"0","omw_enable_modal_window":"enable"},"product_brand":[],"product_cat":[21],"product_tag":[],"class_list":{"0":"post-236","1":"product","2":"type-product","3":"status-publish","4":"has-post-thumbnail","6":"product_cat-accompagner-le-caviar","7":"product_shipping_class-sec","8":"pa_format-ea-moulede2glaconspourboites","9":"pa_format-7a-moulede6glaconspourboites","10":"pa_livraison-sec","12":"entry","13":"has-media","15":"first","16":"instock","17":"taxable","18":"shipping-taxable","19":"purchasable","20":"product-type-variable","21":"has-default-attributes","22":"col","23":"span_1_of_3","24":"owp-content-center","25":"item-entry","26":"owp-thumbs-layout-vertical","27":"owp-btn-normal","28":"owp-tabs-layout-horizontal"},"acf":[],"yoast_head":"<!-- This site is optimized with the Yoast SEO plugin v27.4 - https:\/\/yoast.com\/product\/yoast-seo-wordpress\/ -->\n<title>Moule \u00e0 gla\u00e7ons pour Caviar - Caviar de Neuvic<\/title>\n<meta name=\"description\" content=\"Que ce soit pour une soir\u00e9e sp\u00e9ciale ou un \u00e9v\u00e9nement gastronomique, le moule \u00e0 gla\u00e7on pour caviar ajoutera une dimension artistique \u00e0 vos pr\u00e9parations culinaires.\" \/>\n<meta name=\"robots\" content=\"index, follow, max-snippet:-1, max-image-preview:large, max-video-preview:-1\" \/>\n<link rel=\"canonical\" href=\"https:\/\/caviar-de-neuvic.com\/de_be\/p\/accueil\/accompagner-le-caviar\/moule-a-glacons-on-the-rock\/\" \/>\n<meta property=\"og:locale\" content=\"de_DE\" \/>\n<meta property=\"og:type\" content=\"article\" \/>\n<meta property=\"og:title\" content=\"Moule \u00e0 gla\u00e7ons pour Caviar - Caviar de Neuvic\" \/>\n<meta property=\"og:description\" content=\"Que ce soit pour une soir\u00e9e sp\u00e9ciale ou un \u00e9v\u00e9nement gastronomique, le moule \u00e0 gla\u00e7on pour caviar ajoutera une dimension artistique \u00e0 vos pr\u00e9parations culinaires.\" \/>\n<meta property=\"og:url\" content=\"https:\/\/caviar-de-neuvic.com\/de_be\/p\/accueil\/accompagner-le-caviar\/moule-a-glacons-on-the-rock\/\" \/>\n<meta property=\"og:site_name\" content=\"Producteur Fran\u00e7ais De Caviar\" \/>\n<meta property=\"article:modified_time\" content=\"2025-12-12T18:04:05+00:00\" \/>\n<meta property=\"og:image\" content=\"https:\/\/caviar-de-neuvic.com\/wp-content\/uploads\/2015\/12\/186-Moule-a-glacons-Caviar-on-the-Rocks.jpg\" \/>\n\t<meta property=\"og:image:width\" content=\"799\" \/>\n\t<meta property=\"og:image:height\" content=\"800\" \/>\n\t<meta property=\"og:image:type\" content=\"image\/jpeg\" \/>\n<meta name=\"twitter:card\" content=\"summary_large_image\" \/>\n<meta name=\"twitter:label1\" content=\"Est. reading time\" \/>\n\t<meta name=\"twitter:data1\" content=\"1 minute\" \/>\n<script type=\"application\/ld+json\" class=\"yoast-schema-graph\">{\"@context\":\"https:\\\/\\\/schema.org\",\"@graph\":[{\"@type\":\"WebPage\",\"@id\":\"https:\\\/\\\/caviar-de-neuvic.com\\\/p\\\/accueil\\\/accompagner-le-caviar\\\/moule-a-glacons-on-the-rock\\\/\",\"url\":\"https:\\\/\\\/caviar-de-neuvic.com\\\/p\\\/accueil\\\/accompagner-le-caviar\\\/moule-a-glacons-on-the-rock\\\/\",\"name\":\"Moule \u00e0 gla\u00e7ons pour Caviar - Caviar de Neuvic\",\"isPartOf\":{\"@id\":\"http:\\\/\\\/caviar-de-neuvic.com\\\/fr\\\/#website\"},\"primaryImageOfPage\":{\"@id\":\"https:\\\/\\\/caviar-de-neuvic.com\\\/p\\\/accueil\\\/accompagner-le-caviar\\\/moule-a-glacons-on-the-rock\\\/#primaryimage\"},\"image\":{\"@id\":\"https:\\\/\\\/caviar-de-neuvic.com\\\/p\\\/accueil\\\/accompagner-le-caviar\\\/moule-a-glacons-on-the-rock\\\/#primaryimage\"},\"thumbnailUrl\":\"https:\\\/\\\/caviar-de-neuvic.com\\\/wp-content\\\/uploads\\\/2015\\\/12\\\/186-Moule-a-glacons-Caviar-on-the-Rocks.jpg\",\"datePublished\":\"2015-12-13T22:29:02+00:00\",\"dateModified\":\"2025-12-12T18:04:05+00:00\",\"description\":\"Que ce soit pour une soir\u00e9e sp\u00e9ciale ou un \u00e9v\u00e9nement gastronomique, le moule \u00e0 gla\u00e7on pour caviar ajoutera une dimension artistique \u00e0 vos pr\u00e9parations culinaires.\",\"breadcrumb\":{\"@id\":\"https:\\\/\\\/caviar-de-neuvic.com\\\/p\\\/accueil\\\/accompagner-le-caviar\\\/moule-a-glacons-on-the-rock\\\/#breadcrumb\"},\"inLanguage\":\"de-BE\",\"potentialAction\":[{\"@type\":\"ReadAction\",\"target\":[\"https:\\\/\\\/caviar-de-neuvic.com\\\/p\\\/accueil\\\/accompagner-le-caviar\\\/moule-a-glacons-on-the-rock\\\/\"]}]},{\"@type\":\"ImageObject\",\"inLanguage\":\"de-BE\",\"@id\":\"https:\\\/\\\/caviar-de-neuvic.com\\\/p\\\/accueil\\\/accompagner-le-caviar\\\/moule-a-glacons-on-the-rock\\\/#primaryimage\",\"url\":\"https:\\\/\\\/caviar-de-neuvic.com\\\/wp-content\\\/uploads\\\/2015\\\/12\\\/186-Moule-a-glacons-Caviar-on-the-Rocks.jpg\",\"contentUrl\":\"https:\\\/\\\/caviar-de-neuvic.com\\\/wp-content\\\/uploads\\\/2015\\\/12\\\/186-Moule-a-glacons-Caviar-on-the-Rocks.jpg\",\"width\":799,\"height\":800,\"caption\":\"Moule \u00e0 gla\u00e7ons Caviar on the Rocks\"},{\"@type\":\"BreadcrumbList\",\"@id\":\"https:\\\/\\\/caviar-de-neuvic.com\\\/p\\\/accueil\\\/accompagner-le-caviar\\\/moule-a-glacons-on-the-rock\\\/#breadcrumb\",\"itemListElement\":[{\"@type\":\"ListItem\",\"position\":1,\"name\":\"Caviar de Neuvic\",\"item\":\"https:\\\/\\\/caviar-de-neuvic.com\\\/\"},{\"@type\":\"ListItem\",\"position\":2,\"name\":\"Shop\",\"item\":\"https:\\\/\\\/caviar-de-neuvic.com\\\/en\\\/shop\\\/\"},{\"@type\":\"ListItem\",\"position\":3,\"name\":\"Moule \u00e0 gla\u00e7ons on the rock\"}]},{\"@type\":\"WebSite\",\"@id\":\"http:\\\/\\\/caviar-de-neuvic.com\\\/fr\\\/#website\",\"url\":\"http:\\\/\\\/caviar-de-neuvic.com\\\/fr\\\/\",\"name\":\"Producteur Fran\u00e7ais De Caviar\",\"description\":\"\",\"publisher\":{\"@id\":\"http:\\\/\\\/caviar-de-neuvic.com\\\/fr\\\/#organization\"},\"potentialAction\":[{\"@type\":\"SearchAction\",\"target\":{\"@type\":\"EntryPoint\",\"urlTemplate\":\"http:\\\/\\\/caviar-de-neuvic.com\\\/fr\\\/?s={search_term_string}\"},\"query-input\":{\"@type\":\"PropertyValueSpecification\",\"valueRequired\":true,\"valueName\":\"search_term_string\"}}],\"inLanguage\":\"de-BE\"},{\"@type\":\"Organization\",\"@id\":\"http:\\\/\\\/caviar-de-neuvic.com\\\/fr\\\/#organization\",\"name\":\"Producteur Fran\u00e7ais De Caviar\",\"url\":\"http:\\\/\\\/caviar-de-neuvic.com\\\/fr\\\/\",\"logo\":{\"@type\":\"ImageObject\",\"inLanguage\":\"de-BE\",\"@id\":\"http:\\\/\\\/caviar-de-neuvic.com\\\/fr\\\/#\\\/schema\\\/logo\\\/image\\\/\",\"url\":\"\",\"contentUrl\":\"\",\"caption\":\"Producteur Fran\u00e7ais De Caviar\"},\"image\":{\"@id\":\"http:\\\/\\\/caviar-de-neuvic.com\\\/fr\\\/#\\\/schema\\\/logo\\\/image\\\/\"}}]}<\/script>\n<!-- \/ Yoast SEO plugin. -->","yoast_head_json":{"title":"Moule \u00e0 gla\u00e7ons pour Caviar - Caviar de Neuvic","description":"Que ce soit pour une soir\u00e9e sp\u00e9ciale ou un \u00e9v\u00e9nement gastronomique, le moule \u00e0 gla\u00e7on pour caviar ajoutera une dimension artistique \u00e0 vos pr\u00e9parations culinaires.","robots":{"index":"index","follow":"follow","max-snippet":"max-snippet:-1","max-image-preview":"max-image-preview:large","max-video-preview":"max-video-preview:-1"},"canonical":"https:\/\/caviar-de-neuvic.com\/de_be\/p\/accueil\/accompagner-le-caviar\/moule-a-glacons-on-the-rock\/","og_locale":"de_DE","og_type":"article","og_title":"Moule \u00e0 gla\u00e7ons pour Caviar - Caviar de Neuvic","og_description":"Que ce soit pour une soir\u00e9e sp\u00e9ciale ou un \u00e9v\u00e9nement gastronomique, le moule \u00e0 gla\u00e7on pour caviar ajoutera une dimension artistique \u00e0 vos pr\u00e9parations culinaires.","og_url":"https:\/\/caviar-de-neuvic.com\/de_be\/p\/accueil\/accompagner-le-caviar\/moule-a-glacons-on-the-rock\/","og_site_name":"Producteur Fran\u00e7ais De Caviar","article_modified_time":"2025-12-12T18:04:05+00:00","og_image":[{"width":799,"height":800,"url":"https:\/\/caviar-de-neuvic.com\/wp-content\/uploads\/2015\/12\/186-Moule-a-glacons-Caviar-on-the-Rocks.jpg","type":"image\/jpeg"}],"twitter_card":"summary_large_image","twitter_misc":{"Est. reading time":"1 minute"},"schema":{"@context":"https:\/\/schema.org","@graph":[{"@type":"WebPage","@id":"https:\/\/caviar-de-neuvic.com\/p\/accueil\/accompagner-le-caviar\/moule-a-glacons-on-the-rock\/","url":"https:\/\/caviar-de-neuvic.com\/p\/accueil\/accompagner-le-caviar\/moule-a-glacons-on-the-rock\/","name":"Moule \u00e0 gla\u00e7ons pour Caviar - Caviar de Neuvic","isPartOf":{"@id":"http:\/\/caviar-de-neuvic.com\/fr\/#website"},"primaryImageOfPage":{"@id":"https:\/\/caviar-de-neuvic.com\/p\/accueil\/accompagner-le-caviar\/moule-a-glacons-on-the-rock\/#primaryimage"},"image":{"@id":"https:\/\/caviar-de-neuvic.com\/p\/accueil\/accompagner-le-caviar\/moule-a-glacons-on-the-rock\/#primaryimage"},"thumbnailUrl":"https:\/\/caviar-de-neuvic.com\/wp-content\/uploads\/2015\/12\/186-Moule-a-glacons-Caviar-on-the-Rocks.jpg","datePublished":"2015-12-13T22:29:02+00:00","dateModified":"2025-12-12T18:04:05+00:00","description":"Que ce soit pour une soir\u00e9e sp\u00e9ciale ou un \u00e9v\u00e9nement gastronomique, le moule \u00e0 gla\u00e7on pour caviar ajoutera une dimension artistique \u00e0 vos pr\u00e9parations culinaires.","breadcrumb":{"@id":"https:\/\/caviar-de-neuvic.com\/p\/accueil\/accompagner-le-caviar\/moule-a-glacons-on-the-rock\/#breadcrumb"},"inLanguage":"de-BE","potentialAction":[{"@type":"ReadAction","target":["https:\/\/caviar-de-neuvic.com\/p\/accueil\/accompagner-le-caviar\/moule-a-glacons-on-the-rock\/"]}]},{"@type":"ImageObject","inLanguage":"de-BE","@id":"https:\/\/caviar-de-neuvic.com\/p\/accueil\/accompagner-le-caviar\/moule-a-glacons-on-the-rock\/#primaryimage","url":"https:\/\/caviar-de-neuvic.com\/wp-content\/uploads\/2015\/12\/186-Moule-a-glacons-Caviar-on-the-Rocks.jpg","contentUrl":"https:\/\/caviar-de-neuvic.com\/wp-content\/uploads\/2015\/12\/186-Moule-a-glacons-Caviar-on-the-Rocks.jpg","width":799,"height":800,"caption":"Moule \u00e0 gla\u00e7ons Caviar on the Rocks"},{"@type":"BreadcrumbList","@id":"https:\/\/caviar-de-neuvic.com\/p\/accueil\/accompagner-le-caviar\/moule-a-glacons-on-the-rock\/#breadcrumb","itemListElement":[{"@type":"ListItem","position":1,"name":"Caviar de Neuvic","item":"https:\/\/caviar-de-neuvic.com\/"},{"@type":"ListItem","position":2,"name":"Shop","item":"https:\/\/caviar-de-neuvic.com\/en\/shop\/"},{"@type":"ListItem","position":3,"name":"Moule \u00e0 gla\u00e7ons on the rock"}]},{"@type":"WebSite","@id":"http:\/\/caviar-de-neuvic.com\/fr\/#website","url":"http:\/\/caviar-de-neuvic.com\/fr\/","name":"Producteur Fran\u00e7ais De Caviar","description":"","publisher":{"@id":"http:\/\/caviar-de-neuvic.com\/fr\/#organization"},"potentialAction":[{"@type":"SearchAction","target":{"@type":"EntryPoint","urlTemplate":"http:\/\/caviar-de-neuvic.com\/fr\/?s={search_term_string}"},"query-input":{"@type":"PropertyValueSpecification","valueRequired":true,"valueName":"search_term_string"}}],"inLanguage":"de-BE"},{"@type":"Organization","@id":"http:\/\/caviar-de-neuvic.com\/fr\/#organization","name":"Producteur Fran\u00e7ais De Caviar","url":"http:\/\/caviar-de-neuvic.com\/fr\/","logo":{"@type":"ImageObject","inLanguage":"de-BE","@id":"http:\/\/caviar-de-neuvic.com\/fr\/#\/schema\/logo\/image\/","url":"","contentUrl":"","caption":"Producteur Fran\u00e7ais De Caviar"},"image":{"@id":"http:\/\/caviar-de-neuvic.com\/fr\/#\/schema\/logo\/image\/"}}]}},"_links":{"self":[{"href":"https:\/\/caviar-de-neuvic.com\/de_be\/wp-json\/wp\/v2\/product\/236","targetHints":{"allow":["GET"]}}],"collection":[{"href":"https:\/\/caviar-de-neuvic.com\/de_be\/wp-json\/wp\/v2\/product"}],"about":[{"href":"https:\/\/caviar-de-neuvic.com\/de_be\/wp-json\/wp\/v2\/types\/product"}],"version-history":[{"count":3,"href":"https:\/\/caviar-de-neuvic.com\/de_be\/wp-json\/wp\/v2\/product\/236\/revisions"}],"predecessor-version":[{"id":29965,"href":"https:\/\/caviar-de-neuvic.com\/de_be\/wp-json\/wp\/v2\/product\/236\/revisions\/29965"}],"wp:featuredmedia":[{"embeddable":true,"href":"https:\/\/caviar-de-neuvic.com\/de_be\/wp-json\/wp\/v2\/media\/233"}],"wp:attachment":[{"href":"https:\/\/caviar-de-neuvic.com\/de_be\/wp-json\/wp\/v2\/media?parent=236"}],"wp:term":[{"taxonomy":"product_brand","embeddable":true,"href":"https:\/\/caviar-de-neuvic.com\/de_be\/wp-json\/wp\/v2\/product_brand?post=236"},{"taxonomy":"product_cat","embeddable":true,"href":"https:\/\/caviar-de-neuvic.com\/de_be\/wp-json\/wp\/v2\/product_cat?post=236"},{"taxonomy":"product_tag","embeddable":true,"href":"https:\/\/caviar-de-neuvic.com\/de_be\/wp-json\/wp\/v2\/product_tag?post=236"}],"curies":[{"name":"wp","href":"https:\/\/api.w.org\/{rel}","templated":true}]}}