{"id":33087,"date":"2025-12-05T09:05:29","date_gmt":"2025-12-05T08:05:29","guid":{"rendered":"https:\/\/caviar-de-neuvic.com\/?post_type=product&#038;p=33087"},"modified":"2025-12-05T09:38:33","modified_gmt":"2025-12-05T08:38:33","slug":"panier-terre-et-mer","status":"publish","type":"product","link":"https:\/\/caviar-de-neuvic.com\/de_be\/p\/accueil\/coffrets\/panier-terre-et-mer\/","title":{"rendered":"Der Korb \u201eLand &amp; Meer\u201c"},"content":{"rendered":"","protected":false},"excerpt":{"rendered":"<p>Auch dieses Jahr bietet Caviar de Neuvic Ihnen wieder seinen Geschenkkorb \u201eTerre et Mer\u201d (Land und Meer) f\u00fcr Ihre Feiertage zum Jahresende an! Entdecken Sie diesen Geschenkkorb, den Sie mit Ihren Lieben w\u00e4hrend der Feiertage zum Jahresende teilen k\u00f6nnen! F\u00fcr Ihre Silvesterfeier ist der Erfolg garantiert!<\/p>\n<p>D\u00e9couvrez notre Panier Terre et Mer, une invitation au raffinement qui r\u00e9unit le meilleur de notre \u00e9picerie fine. Entre saveurs marines d\u2019exception et gourmandises du terroir, ce panier d\u00e9voile une s\u00e9lection prestigieuse. Un voyage gustatif unique, pens\u00e9 pour sublimer vos repas ou offrir un cadeau inoubliable.<\/p>\n<p>Caviar de Neuvic l\u00e4dt Sie ein, Folgendes zu entdecken:<\/p>\n<ul>\n<li>Tartufata mit Sommertr\u00fcffeln<\/li>\n<li>Tr\u00fcffel-Carpaccio<\/li>\n<li>Traubenkern\u00f6l mit Tr\u00fcffel<\/li>\n<li>Landpastete mit schwarzem Tr\u00fcffel<\/li>\n<li>P\u00e9rigueux-Sauce<\/li>\n<li>St\u00f6r-Rillettes mit Kaviar und rosa Pfefferbeeren<\/li>\n<li>Foie gras de canard entier IGP P\u00e9rigord<\/li>\n<li>Esturgeon marin\u00e9<\/li>\n<\/ul>\n<p>Die Fotos dienen nur zur Veranschaulichung und sind nicht vertraglich bindend.<\/p>","protected":false},"featured_media":33095,"template":"","meta":{"_acf_changed":false,"ocean_post_layout":"","ocean_both_sidebars_style":"","ocean_both_sidebars_content_width":0,"ocean_both_sidebars_sidebars_width":0,"ocean_sidebar":"0","ocean_second_sidebar":"0","ocean_disable_margins":"enable","ocean_add_body_class":"","ocean_shortcode_before_top_bar":"","ocean_shortcode_after_top_bar":"","ocean_shortcode_before_header":"","ocean_shortcode_after_header":"","ocean_has_shortcode":"","ocean_shortcode_after_title":"","ocean_shortcode_before_footer_widgets":"","ocean_shortcode_after_footer_widgets":"","ocean_shortcode_before_footer_bottom":"","ocean_shortcode_after_footer_bottom":"","ocean_display_top_bar":"default","ocean_display_header":"default","ocean_header_style":"","ocean_center_header_left_menu":"0","ocean_custom_header_template":"0","ocean_custom_logo":0,"ocean_custom_retina_logo":0,"ocean_custom_logo_max_width":0,"ocean_custom_logo_tablet_max_width":0,"ocean_custom_logo_mobile_max_width":0,"ocean_custom_logo_max_height":0,"ocean_custom_logo_tablet_max_height":0,"ocean_custom_logo_mobile_max_height":0,"ocean_header_custom_menu":"0","ocean_menu_typo_font_family":"0","ocean_menu_typo_font_subset":"","ocean_menu_typo_font_size":0,"ocean_menu_typo_font_size_tablet":0,"ocean_menu_typo_font_size_mobile":0,"ocean_menu_typo_font_size_unit":"px","ocean_menu_typo_font_weight":"","ocean_menu_typo_font_weight_tablet":"","ocean_menu_typo_font_weight_mobile":"","ocean_menu_typo_transform":"","ocean_menu_typo_transform_tablet":"","ocean_menu_typo_transform_mobile":"","ocean_menu_typo_line_height":0,"ocean_menu_typo_line_height_tablet":0,"ocean_menu_typo_line_height_mobile":0,"ocean_menu_typo_line_height_unit":"","ocean_menu_typo_spacing":0,"ocean_menu_typo_spacing_tablet":0,"ocean_menu_typo_spacing_mobile":0,"ocean_menu_typo_spacing_unit":"","ocean_menu_link_color":"","ocean_menu_link_color_hover":"","ocean_menu_link_color_active":"","ocean_menu_link_background":"","ocean_menu_link_hover_background":"","ocean_menu_link_active_background":"","ocean_menu_social_links_bg":"","ocean_menu_social_hover_links_bg":"","ocean_menu_social_links_color":"","ocean_menu_social_hover_links_color":"","ocean_disable_title":"default","ocean_disable_heading":"default","ocean_post_title":"","ocean_post_subheading":"","ocean_post_title_style":"","ocean_post_title_background_color":"","ocean_post_title_background":0,"ocean_post_title_bg_image_position":"","ocean_post_title_bg_image_attachment":"","ocean_post_title_bg_image_repeat":"","ocean_post_title_bg_image_size":"","ocean_post_title_height":0,"ocean_post_title_bg_overlay":0.5,"ocean_post_title_bg_overlay_color":"","ocean_disable_breadcrumbs":"default","ocean_breadcrumbs_color":"","ocean_breadcrumbs_separator_color":"","ocean_breadcrumbs_links_color":"","ocean_breadcrumbs_links_hover_color":"","ocean_display_footer_widgets":"default","ocean_display_footer_bottom":"default","ocean_custom_footer_template":"0","omw_enable_modal_window":"enable"},"product_brand":[],"product_cat":[28],"product_tag":[],"class_list":{"0":"post-33087","1":"product","2":"type-product","3":"status-publish","4":"has-post-thumbnail","6":"product_cat-coffrets","7":"product_shipping_class-sec","8":"pa_choisissezlepoids-06-kittraiteuravec100gdecavi","9":"pa_choisissezlepoids-f1-kittraiteuravec250genbode","10":"pa_choisissezlepoids-61-kittraiteuravec30gdecavia","11":"pa_choisissezlepoids-f0-kittraiteuravec50gdecavia","13":"entry","14":"has-media","16":"first","17":"instock","18":"sale","19":"taxable","20":"shipping-taxable","21":"purchasable","22":"product-type-simple","23":"col","24":"span_1_of_3","25":"owp-content-center","26":"item-entry","27":"owp-thumbs-layout-vertical","28":"owp-btn-normal","29":"owp-tabs-layout-horizontal","30":"has-no-thumbnails"},"acf":[],"yoast_head":"<!-- This site is optimized with the Yoast SEO plugin v27.4 - https:\/\/yoast.com\/product\/yoast-seo-wordpress\/ -->\n<title>Kit Traiteur - Caviar de Neuvic<\/title>\n<meta name=\"description\" content=\"La garantie de r\u00e9ussir vos soir\u00e9es d\u00e9confinement ! Caviar de Neuvic vous propose de d\u00e9couvrir une s\u00e9lection des produits Caviar de Neuvic et Neuvic Epicerie\" \/>\n<meta name=\"robots\" content=\"index, follow, max-snippet:-1, max-image-preview:large, max-video-preview:-1\" \/>\n<link rel=\"canonical\" href=\"https:\/\/caviar-de-neuvic.com\/de_be\/p\/accueil\/coffrets\/panier-terre-et-mer\/\" \/>\n<meta property=\"og:locale\" content=\"de_DE\" \/>\n<meta property=\"og:type\" content=\"article\" \/>\n<meta property=\"og:title\" content=\"Kit Traiteur - Caviar de Neuvic\" \/>\n<meta property=\"og:description\" content=\"La garantie de r\u00e9ussir vos soir\u00e9es d\u00e9confinement ! Caviar de Neuvic vous propose de d\u00e9couvrir une s\u00e9lection des produits Caviar de Neuvic et Neuvic Epicerie\" \/>\n<meta property=\"og:url\" content=\"https:\/\/caviar-de-neuvic.com\/de_be\/p\/accueil\/coffrets\/panier-terre-et-mer\/\" \/>\n<meta property=\"og:site_name\" content=\"Producteur Fran\u00e7ais De Caviar\" \/>\n<meta property=\"article:modified_time\" content=\"2025-12-05T08:38:33+00:00\" \/>\n<meta property=\"og:image\" content=\"https:\/\/caviar-de-neuvic.com\/wp-content\/uploads\/2025\/12\/panier-terre-mer2.jpg\" \/>\n\t<meta property=\"og:image:width\" content=\"1100\" \/>\n\t<meta property=\"og:image:height\" content=\"1422\" \/>\n\t<meta property=\"og:image:type\" content=\"image\/jpeg\" \/>\n<meta name=\"twitter:card\" content=\"summary_large_image\" \/>\n<meta name=\"twitter:label1\" content=\"Est. reading time\" \/>\n\t<meta name=\"twitter:data1\" content=\"1 minute\" \/>\n<script type=\"application\/ld+json\" class=\"yoast-schema-graph\">{\"@context\":\"https:\\\/\\\/schema.org\",\"@graph\":[{\"@type\":\"WebPage\",\"@id\":\"https:\\\/\\\/caviar-de-neuvic.com\\\/p\\\/accueil\\\/coffrets\\\/panier-terre-et-mer\\\/\",\"url\":\"https:\\\/\\\/caviar-de-neuvic.com\\\/p\\\/accueil\\\/coffrets\\\/panier-terre-et-mer\\\/\",\"name\":\"Kit Traiteur - Caviar de Neuvic\",\"isPartOf\":{\"@id\":\"http:\\\/\\\/caviar-de-neuvic.com\\\/fr\\\/#website\"},\"primaryImageOfPage\":{\"@id\":\"https:\\\/\\\/caviar-de-neuvic.com\\\/p\\\/accueil\\\/coffrets\\\/panier-terre-et-mer\\\/#primaryimage\"},\"image\":{\"@id\":\"https:\\\/\\\/caviar-de-neuvic.com\\\/p\\\/accueil\\\/coffrets\\\/panier-terre-et-mer\\\/#primaryimage\"},\"thumbnailUrl\":\"https:\\\/\\\/caviar-de-neuvic.com\\\/wp-content\\\/uploads\\\/2025\\\/12\\\/panier-terre-mer2.jpg\",\"datePublished\":\"2025-12-05T08:05:29+00:00\",\"dateModified\":\"2025-12-05T08:38:33+00:00\",\"description\":\"La garantie de r\u00e9ussir vos soir\u00e9es d\u00e9confinement ! Caviar de Neuvic vous propose de d\u00e9couvrir une s\u00e9lection des produits Caviar de Neuvic et Neuvic Epicerie\",\"breadcrumb\":{\"@id\":\"https:\\\/\\\/caviar-de-neuvic.com\\\/p\\\/accueil\\\/coffrets\\\/panier-terre-et-mer\\\/#breadcrumb\"},\"inLanguage\":\"de-BE\",\"potentialAction\":[{\"@type\":\"ReadAction\",\"target\":[\"https:\\\/\\\/caviar-de-neuvic.com\\\/p\\\/accueil\\\/coffrets\\\/panier-terre-et-mer\\\/\"]}]},{\"@type\":\"ImageObject\",\"inLanguage\":\"de-BE\",\"@id\":\"https:\\\/\\\/caviar-de-neuvic.com\\\/p\\\/accueil\\\/coffrets\\\/panier-terre-et-mer\\\/#primaryimage\",\"url\":\"https:\\\/\\\/caviar-de-neuvic.com\\\/wp-content\\\/uploads\\\/2025\\\/12\\\/panier-terre-mer2.jpg\",\"contentUrl\":\"https:\\\/\\\/caviar-de-neuvic.com\\\/wp-content\\\/uploads\\\/2025\\\/12\\\/panier-terre-mer2.jpg\",\"width\":1100,\"height\":1422,\"caption\":\"panier terre mer\"},{\"@type\":\"BreadcrumbList\",\"@id\":\"https:\\\/\\\/caviar-de-neuvic.com\\\/p\\\/accueil\\\/coffrets\\\/panier-terre-et-mer\\\/#breadcrumb\",\"itemListElement\":[{\"@type\":\"ListItem\",\"position\":1,\"name\":\"Caviar de Neuvic\",\"item\":\"https:\\\/\\\/caviar-de-neuvic.com\\\/\"},{\"@type\":\"ListItem\",\"position\":2,\"name\":\"Shop\",\"item\":\"https:\\\/\\\/caviar-de-neuvic.com\\\/en\\\/shop\\\/\"},{\"@type\":\"ListItem\",\"position\":3,\"name\":\"Le panier Terre &#038; Mer\"}]},{\"@type\":\"WebSite\",\"@id\":\"http:\\\/\\\/caviar-de-neuvic.com\\\/fr\\\/#website\",\"url\":\"http:\\\/\\\/caviar-de-neuvic.com\\\/fr\\\/\",\"name\":\"Producteur Fran\u00e7ais De Caviar\",\"description\":\"\",\"publisher\":{\"@id\":\"http:\\\/\\\/caviar-de-neuvic.com\\\/fr\\\/#organization\"},\"potentialAction\":[{\"@type\":\"SearchAction\",\"target\":{\"@type\":\"EntryPoint\",\"urlTemplate\":\"http:\\\/\\\/caviar-de-neuvic.com\\\/fr\\\/?s={search_term_string}\"},\"query-input\":{\"@type\":\"PropertyValueSpecification\",\"valueRequired\":true,\"valueName\":\"search_term_string\"}}],\"inLanguage\":\"de-BE\"},{\"@type\":\"Organization\",\"@id\":\"http:\\\/\\\/caviar-de-neuvic.com\\\/fr\\\/#organization\",\"name\":\"Producteur Fran\u00e7ais De Caviar\",\"url\":\"http:\\\/\\\/caviar-de-neuvic.com\\\/fr\\\/\",\"logo\":{\"@type\":\"ImageObject\",\"inLanguage\":\"de-BE\",\"@id\":\"http:\\\/\\\/caviar-de-neuvic.com\\\/fr\\\/#\\\/schema\\\/logo\\\/image\\\/\",\"url\":\"\",\"contentUrl\":\"\",\"caption\":\"Producteur Fran\u00e7ais De Caviar\"},\"image\":{\"@id\":\"http:\\\/\\\/caviar-de-neuvic.com\\\/fr\\\/#\\\/schema\\\/logo\\\/image\\\/\"}}]}<\/script>\n<!-- \/ Yoast SEO plugin. -->","yoast_head_json":{"title":"Kit Traiteur - Caviar de Neuvic","description":"La garantie de r\u00e9ussir vos soir\u00e9es d\u00e9confinement ! Caviar de Neuvic vous propose de d\u00e9couvrir une s\u00e9lection des produits Caviar de Neuvic et Neuvic Epicerie","robots":{"index":"index","follow":"follow","max-snippet":"max-snippet:-1","max-image-preview":"max-image-preview:large","max-video-preview":"max-video-preview:-1"},"canonical":"https:\/\/caviar-de-neuvic.com\/de_be\/p\/accueil\/coffrets\/panier-terre-et-mer\/","og_locale":"de_DE","og_type":"article","og_title":"Kit Traiteur - Caviar de Neuvic","og_description":"La garantie de r\u00e9ussir vos soir\u00e9es d\u00e9confinement ! Caviar de Neuvic vous propose de d\u00e9couvrir une s\u00e9lection des produits Caviar de Neuvic et Neuvic Epicerie","og_url":"https:\/\/caviar-de-neuvic.com\/de_be\/p\/accueil\/coffrets\/panier-terre-et-mer\/","og_site_name":"Producteur Fran\u00e7ais De Caviar","article_modified_time":"2025-12-05T08:38:33+00:00","og_image":[{"width":1100,"height":1422,"url":"https:\/\/caviar-de-neuvic.com\/wp-content\/uploads\/2025\/12\/panier-terre-mer2.jpg","type":"image\/jpeg"}],"twitter_card":"summary_large_image","twitter_misc":{"Est. reading time":"1 minute"},"schema":{"@context":"https:\/\/schema.org","@graph":[{"@type":"WebPage","@id":"https:\/\/caviar-de-neuvic.com\/p\/accueil\/coffrets\/panier-terre-et-mer\/","url":"https:\/\/caviar-de-neuvic.com\/p\/accueil\/coffrets\/panier-terre-et-mer\/","name":"Kit Traiteur - Caviar de Neuvic","isPartOf":{"@id":"http:\/\/caviar-de-neuvic.com\/fr\/#website"},"primaryImageOfPage":{"@id":"https:\/\/caviar-de-neuvic.com\/p\/accueil\/coffrets\/panier-terre-et-mer\/#primaryimage"},"image":{"@id":"https:\/\/caviar-de-neuvic.com\/p\/accueil\/coffrets\/panier-terre-et-mer\/#primaryimage"},"thumbnailUrl":"https:\/\/caviar-de-neuvic.com\/wp-content\/uploads\/2025\/12\/panier-terre-mer2.jpg","datePublished":"2025-12-05T08:05:29+00:00","dateModified":"2025-12-05T08:38:33+00:00","description":"La garantie de r\u00e9ussir vos soir\u00e9es d\u00e9confinement ! Caviar de Neuvic vous propose de d\u00e9couvrir une s\u00e9lection des produits Caviar de Neuvic et Neuvic Epicerie","breadcrumb":{"@id":"https:\/\/caviar-de-neuvic.com\/p\/accueil\/coffrets\/panier-terre-et-mer\/#breadcrumb"},"inLanguage":"de-BE","potentialAction":[{"@type":"ReadAction","target":["https:\/\/caviar-de-neuvic.com\/p\/accueil\/coffrets\/panier-terre-et-mer\/"]}]},{"@type":"ImageObject","inLanguage":"de-BE","@id":"https:\/\/caviar-de-neuvic.com\/p\/accueil\/coffrets\/panier-terre-et-mer\/#primaryimage","url":"https:\/\/caviar-de-neuvic.com\/wp-content\/uploads\/2025\/12\/panier-terre-mer2.jpg","contentUrl":"https:\/\/caviar-de-neuvic.com\/wp-content\/uploads\/2025\/12\/panier-terre-mer2.jpg","width":1100,"height":1422,"caption":"panier terre mer"},{"@type":"BreadcrumbList","@id":"https:\/\/caviar-de-neuvic.com\/p\/accueil\/coffrets\/panier-terre-et-mer\/#breadcrumb","itemListElement":[{"@type":"ListItem","position":1,"name":"Caviar de Neuvic","item":"https:\/\/caviar-de-neuvic.com\/"},{"@type":"ListItem","position":2,"name":"Shop","item":"https:\/\/caviar-de-neuvic.com\/en\/shop\/"},{"@type":"ListItem","position":3,"name":"Le panier Terre &#038; Mer"}]},{"@type":"WebSite","@id":"http:\/\/caviar-de-neuvic.com\/fr\/#website","url":"http:\/\/caviar-de-neuvic.com\/fr\/","name":"Producteur Fran\u00e7ais De Caviar","description":"","publisher":{"@id":"http:\/\/caviar-de-neuvic.com\/fr\/#organization"},"potentialAction":[{"@type":"SearchAction","target":{"@type":"EntryPoint","urlTemplate":"http:\/\/caviar-de-neuvic.com\/fr\/?s={search_term_string}"},"query-input":{"@type":"PropertyValueSpecification","valueRequired":true,"valueName":"search_term_string"}}],"inLanguage":"de-BE"},{"@type":"Organization","@id":"http:\/\/caviar-de-neuvic.com\/fr\/#organization","name":"Producteur Fran\u00e7ais De Caviar","url":"http:\/\/caviar-de-neuvic.com\/fr\/","logo":{"@type":"ImageObject","inLanguage":"de-BE","@id":"http:\/\/caviar-de-neuvic.com\/fr\/#\/schema\/logo\/image\/","url":"","contentUrl":"","caption":"Producteur Fran\u00e7ais De Caviar"},"image":{"@id":"http:\/\/caviar-de-neuvic.com\/fr\/#\/schema\/logo\/image\/"}}]}},"_links":{"self":[{"href":"https:\/\/caviar-de-neuvic.com\/de_be\/wp-json\/wp\/v2\/product\/33087","targetHints":{"allow":["GET"]}}],"collection":[{"href":"https:\/\/caviar-de-neuvic.com\/de_be\/wp-json\/wp\/v2\/product"}],"about":[{"href":"https:\/\/caviar-de-neuvic.com\/de_be\/wp-json\/wp\/v2\/types\/product"}],"version-history":[{"count":4,"href":"https:\/\/caviar-de-neuvic.com\/de_be\/wp-json\/wp\/v2\/product\/33087\/revisions"}],"predecessor-version":[{"id":33105,"href":"https:\/\/caviar-de-neuvic.com\/de_be\/wp-json\/wp\/v2\/product\/33087\/revisions\/33105"}],"wp:featuredmedia":[{"embeddable":true,"href":"https:\/\/caviar-de-neuvic.com\/de_be\/wp-json\/wp\/v2\/media\/33095"}],"wp:attachment":[{"href":"https:\/\/caviar-de-neuvic.com\/de_be\/wp-json\/wp\/v2\/media?parent=33087"}],"wp:term":[{"taxonomy":"product_brand","embeddable":true,"href":"https:\/\/caviar-de-neuvic.com\/de_be\/wp-json\/wp\/v2\/product_brand?post=33087"},{"taxonomy":"product_cat","embeddable":true,"href":"https:\/\/caviar-de-neuvic.com\/de_be\/wp-json\/wp\/v2\/product_cat?post=33087"},{"taxonomy":"product_tag","embeddable":true,"href":"https:\/\/caviar-de-neuvic.com\/de_be\/wp-json\/wp\/v2\/product_tag?post=33087"}],"curies":[{"name":"wp","href":"https:\/\/api.w.org\/{rel}","templated":true}]}}