{"id":331,"date":"2016-10-06T16:53:11","date_gmt":"2016-10-06T16:53:11","guid":{"rendered":"https:\/\/caviar-de-neuvic.com\/produits\/coffret-a-la-louche\/"},"modified":"2025-11-27T15:22:27","modified_gmt":"2025-11-27T14:22:27","slug":"coffret-a-la-louche","status":"publish","type":"product","link":"https:\/\/caviar-de-neuvic.com\/de_be\/p\/accueil\/coffrets\/coffret-a-la-louche\/","title":{"rendered":"Geschenkset \u201e\u00c0 la louche\u201d"},"content":{"rendered":"<div class=\"col-md-3 titre\">Verkosten<\/div>\n<div class=\"col-md-9\">\n<p>Nehmen Sie die Kaviar-Dose am besten 5 Minuten vor dem Servieren aus dem K\u00fchlschrank. Stellen Sie sie auf ein Bett aus Eis, damit sie w\u00e4hrend der Verkostung frisch bleibt. Verwenden Sie einen kleinen Perlmuttl\u00f6ffel, der die K\u00f6rner nicht besch\u00e4digt und keine Oxidation verursacht.<\/p>\n<\/div>\n<div class=\"col-md-3 titre\">begleiten<\/div>\n<div class=\"col-md-9\">\n<p>Die Reinheit und Kraft eines edlen Wodkas bilden einen interessanten Kontrast zu den buttrigen, \u00fcppigen Noten des Kaviars und unterstreichen gleichzeitig dessen nicht ganz so unschuldige Frische.<\/p>\n<div class=\"col-md-3 titre\">Ein ganz einfaches Rezept: Ei mit Eiern<\/div>\n<div class=\"col-md-9\">\n<p>Ein perfekt weich gekochtes Freilandei: Entfernen Sie vorsichtig den Deckel, bedecken Sie das Ei mit einem gro\u00dfz\u00fcgigen L\u00f6ffel Kaviar und setzen Sie den Deckel wieder auf. F\u00fcgen Sie ein paar zarte Blinis hinzu, und schon wird Genuss zur Selbstverst\u00e4ndlichkeit.<\/p>\n<\/div>\n<\/div>","protected":false},"excerpt":{"rendered":"<p>Entdecken Sie den <strong>Baeri-Kaviar Signature<\/strong>\u00a0mit seinen subtilen Butter- und Haselnussnoten, begleitet von edlen, leichten\u00a0<strong>Und schlie\u00dflich die edlen und leichten Perlmuttl\u00f6ffel<\/strong>die Textur und den Geschmack der Eier bewahren. Das Ganze in einer prestigetr\u00e4chtigen Geschenkbox.<\/p>\n<p>Schenken Sie Ihren Lieben (oder sich selbst!) das ultimative Luxusgeschenk mit unserem Geschenkset \u201eA la louche\u201d, das eine Dose Caviar Baeri Signature 250 g oder 500 g enth\u00e4lt. Dieses edle Geschenkset wurde entwickelt, um Feinschmecker mit einem unvergesslichen Geschmackserlebnis und einem Gef\u00fchl absoluter Raffinesse zu begeistern.<\/p>\n<p><strong>Dieses Geschenk-Set \u201eA la louche\u201d enth\u00e4lt:<\/strong><\/p>\n<ul style=\"list-style-type: circle;\">\n<li><strong>1 Dose Baeri Signature Kaviar \u00e0 250 g<\/strong><\/li>\n<li><strong>4 Perlmuttl\u00f6ffel<\/strong><\/li>\n<\/ul>\n<p><strong>oder<\/strong><\/p>\n<ul style=\"list-style-type: circle;\">\n<li><strong>1 Dose Baeri Signature Kaviar \u00e0 500 g<\/strong><\/li>\n<li><strong>6 Perlmuttl\u00f6ffel<\/strong><\/li>\n<\/ul>","protected":false},"featured_media":329,"template":"","meta":{"_acf_changed":false,"ocean_post_layout":"","ocean_both_sidebars_style":"","ocean_both_sidebars_content_width":0,"ocean_both_sidebars_sidebars_width":0,"ocean_sidebar":"0","ocean_second_sidebar":"0","ocean_disable_margins":"enable","ocean_add_body_class":"","ocean_shortcode_before_top_bar":"","ocean_shortcode_after_top_bar":"","ocean_shortcode_before_header":"","ocean_shortcode_after_header":"","ocean_has_shortcode":"","ocean_shortcode_after_title":"","ocean_shortcode_before_footer_widgets":"","ocean_shortcode_after_footer_widgets":"","ocean_shortcode_before_footer_bottom":"","ocean_shortcode_after_footer_bottom":"","ocean_display_top_bar":"default","ocean_display_header":"default","ocean_header_style":"","ocean_center_header_left_menu":"0","ocean_custom_header_template":"0","ocean_custom_logo":0,"ocean_custom_retina_logo":0,"ocean_custom_logo_max_width":0,"ocean_custom_logo_tablet_max_width":0,"ocean_custom_logo_mobile_max_width":0,"ocean_custom_logo_max_height":0,"ocean_custom_logo_tablet_max_height":0,"ocean_custom_logo_mobile_max_height":0,"ocean_header_custom_menu":"0","ocean_menu_typo_font_family":"0","ocean_menu_typo_font_subset":"","ocean_menu_typo_font_size":0,"ocean_menu_typo_font_size_tablet":0,"ocean_menu_typo_font_size_mobile":0,"ocean_menu_typo_font_size_unit":"px","ocean_menu_typo_font_weight":"","ocean_menu_typo_font_weight_tablet":"","ocean_menu_typo_font_weight_mobile":"","ocean_menu_typo_transform":"","ocean_menu_typo_transform_tablet":"","ocean_menu_typo_transform_mobile":"","ocean_menu_typo_line_height":0,"ocean_menu_typo_line_height_tablet":0,"ocean_menu_typo_line_height_mobile":0,"ocean_menu_typo_line_height_unit":"","ocean_menu_typo_spacing":0,"ocean_menu_typo_spacing_tablet":0,"ocean_menu_typo_spacing_mobile":0,"ocean_menu_typo_spacing_unit":"","ocean_menu_link_color":"","ocean_menu_link_color_hover":"","ocean_menu_link_color_active":"","ocean_menu_link_background":"","ocean_menu_link_hover_background":"","ocean_menu_link_active_background":"","ocean_menu_social_links_bg":"","ocean_menu_social_hover_links_bg":"","ocean_menu_social_links_color":"","ocean_menu_social_hover_links_color":"","ocean_disable_title":"default","ocean_disable_heading":"default","ocean_post_title":"","ocean_post_subheading":"","ocean_post_title_style":"","ocean_post_title_background_color":"","ocean_post_title_background":0,"ocean_post_title_bg_image_position":"","ocean_post_title_bg_image_attachment":"","ocean_post_title_bg_image_repeat":"","ocean_post_title_bg_image_size":"","ocean_post_title_height":0,"ocean_post_title_bg_overlay":0.5,"ocean_post_title_bg_overlay_color":"","ocean_disable_breadcrumbs":"default","ocean_breadcrumbs_color":"","ocean_breadcrumbs_separator_color":"","ocean_breadcrumbs_links_color":"","ocean_breadcrumbs_links_hover_color":"","ocean_display_footer_widgets":"default","ocean_display_footer_bottom":"default","ocean_custom_footer_template":"0","omw_enable_modal_window":"enable"},"product_brand":[],"product_cat":[28],"product_tag":[],"class_list":{"0":"post-331","1":"product","2":"type-product","3":"status-publish","4":"has-post-thumbnail","6":"product_cat-coffrets","7":"pa_choisissezlepoids-250g","8":"pa_choisissezlepoids-500g","9":"pa_conservation-aurefrigerateurentre0et4c_","10":"pa_origine-france","12":"entry","13":"has-media","15":"first","16":"instock","17":"taxable","18":"shipping-taxable","19":"purchasable","20":"product-type-variable","21":"has-default-attributes","22":"has-product-nav","23":"col","24":"span_1_of_3","25":"owp-content-center","26":"item-entry","27":"owp-thumbs-layout-vertical","28":"owp-btn-normal","29":"owp-tabs-layout-horizontal"},"acf":[],"yoast_head":"<!-- This site is optimized with the Yoast SEO plugin v27.5 - https:\/\/yoast.com\/product\/yoast-seo-wordpress\/ -->\n<title>Coffret &quot;A la louche&quot; - Caviar de Neuvic<\/title>\n<meta name=\"description\" content=\"Offrez \u00e0 vos proches notre Coffret &quot;A la louche&quot;. Parfait pour \u00e9merveiller les amateurs de gastronomie avec une exp\u00e9rience gustative inoubliable.\" \/>\n<meta name=\"robots\" content=\"index, follow, max-snippet:-1, max-image-preview:large, max-video-preview:-1\" \/>\n<link rel=\"canonical\" href=\"https:\/\/caviar-de-neuvic.com\/de_be\/p\/accueil\/coffrets\/coffret-a-la-louche\/\" \/>\n<meta property=\"og:locale\" content=\"de_DE\" \/>\n<meta property=\"og:type\" content=\"article\" \/>\n<meta property=\"og:title\" content=\"Coffret &quot;A la louche&quot; - Caviar de Neuvic\" \/>\n<meta property=\"og:description\" content=\"Offrez \u00e0 vos proches notre Coffret &quot;A la louche&quot;. Parfait pour \u00e9merveiller les amateurs de gastronomie avec une exp\u00e9rience gustative inoubliable.\" \/>\n<meta property=\"og:url\" content=\"https:\/\/caviar-de-neuvic.com\/de_be\/p\/accueil\/coffrets\/coffret-a-la-louche\/\" \/>\n<meta property=\"og:site_name\" content=\"Producteur Fran\u00e7ais De Caviar\" \/>\n<meta property=\"article:modified_time\" content=\"2025-11-27T14:22:27+00:00\" \/>\n<meta property=\"og:image\" content=\"https:\/\/caviar-de-neuvic.com\/wp-content\/uploads\/2016\/10\/2775-Coffret-A-la-louche.jpg\" \/>\n\t<meta property=\"og:image:width\" content=\"1100\" \/>\n\t<meta property=\"og:image:height\" content=\"1422\" \/>\n\t<meta property=\"og:image:type\" content=\"image\/jpeg\" \/>\n<meta name=\"twitter:card\" content=\"summary_large_image\" \/>\n<meta name=\"twitter:label1\" content=\"Est. reading time\" \/>\n\t<meta name=\"twitter:data1\" content=\"1 minute\" \/>\n<script type=\"application\/ld+json\" class=\"yoast-schema-graph\">{\"@context\":\"https:\\\/\\\/schema.org\",\"@graph\":[{\"@type\":\"WebPage\",\"@id\":\"https:\\\/\\\/caviar-de-neuvic.com\\\/p\\\/accueil\\\/coffrets\\\/coffret-a-la-louche\\\/\",\"url\":\"https:\\\/\\\/caviar-de-neuvic.com\\\/p\\\/accueil\\\/coffrets\\\/coffret-a-la-louche\\\/\",\"name\":\"Coffret \\\"A la louche\\\" - Caviar de Neuvic\",\"isPartOf\":{\"@id\":\"http:\\\/\\\/caviar-de-neuvic.com\\\/fr\\\/#website\"},\"primaryImageOfPage\":{\"@id\":\"https:\\\/\\\/caviar-de-neuvic.com\\\/p\\\/accueil\\\/coffrets\\\/coffret-a-la-louche\\\/#primaryimage\"},\"image\":{\"@id\":\"https:\\\/\\\/caviar-de-neuvic.com\\\/p\\\/accueil\\\/coffrets\\\/coffret-a-la-louche\\\/#primaryimage\"},\"thumbnailUrl\":\"https:\\\/\\\/caviar-de-neuvic.com\\\/wp-content\\\/uploads\\\/2016\\\/10\\\/2775-Coffret-A-la-louche.jpg\",\"datePublished\":\"2016-10-06T16:53:11+00:00\",\"dateModified\":\"2025-11-27T14:22:27+00:00\",\"description\":\"Offrez \u00e0 vos proches notre Coffret \\\"A la louche\\\". Parfait pour \u00e9merveiller les amateurs de gastronomie avec une exp\u00e9rience gustative inoubliable.\",\"breadcrumb\":{\"@id\":\"https:\\\/\\\/caviar-de-neuvic.com\\\/p\\\/accueil\\\/coffrets\\\/coffret-a-la-louche\\\/#breadcrumb\"},\"inLanguage\":\"de-BE\",\"potentialAction\":[{\"@type\":\"ReadAction\",\"target\":[\"https:\\\/\\\/caviar-de-neuvic.com\\\/p\\\/accueil\\\/coffrets\\\/coffret-a-la-louche\\\/\"]}]},{\"@type\":\"ImageObject\",\"inLanguage\":\"de-BE\",\"@id\":\"https:\\\/\\\/caviar-de-neuvic.com\\\/p\\\/accueil\\\/coffrets\\\/coffret-a-la-louche\\\/#primaryimage\",\"url\":\"https:\\\/\\\/caviar-de-neuvic.com\\\/wp-content\\\/uploads\\\/2016\\\/10\\\/2775-Coffret-A-la-louche.jpg\",\"contentUrl\":\"https:\\\/\\\/caviar-de-neuvic.com\\\/wp-content\\\/uploads\\\/2016\\\/10\\\/2775-Coffret-A-la-louche.jpg\",\"width\":1100,\"height\":1422,\"caption\":\"Coffret \\\"\u00c0 la louche\\\"\"},{\"@type\":\"BreadcrumbList\",\"@id\":\"https:\\\/\\\/caviar-de-neuvic.com\\\/p\\\/accueil\\\/coffrets\\\/coffret-a-la-louche\\\/#breadcrumb\",\"itemListElement\":[{\"@type\":\"ListItem\",\"position\":1,\"name\":\"Caviar de Neuvic\",\"item\":\"https:\\\/\\\/caviar-de-neuvic.com\\\/\"},{\"@type\":\"ListItem\",\"position\":2,\"name\":\"Shop\",\"item\":\"https:\\\/\\\/caviar-de-neuvic.com\\\/en\\\/shop\\\/\"},{\"@type\":\"ListItem\",\"position\":3,\"name\":\"Coffret \u00ab\u00a0\u00c0 la louche\u00a0\u00bb\"}]},{\"@type\":\"WebSite\",\"@id\":\"http:\\\/\\\/caviar-de-neuvic.com\\\/fr\\\/#website\",\"url\":\"http:\\\/\\\/caviar-de-neuvic.com\\\/fr\\\/\",\"name\":\"Producteur Fran\u00e7ais De Caviar\",\"description\":\"\",\"publisher\":{\"@id\":\"http:\\\/\\\/caviar-de-neuvic.com\\\/fr\\\/#organization\"},\"potentialAction\":[{\"@type\":\"SearchAction\",\"target\":{\"@type\":\"EntryPoint\",\"urlTemplate\":\"http:\\\/\\\/caviar-de-neuvic.com\\\/fr\\\/?s={search_term_string}\"},\"query-input\":{\"@type\":\"PropertyValueSpecification\",\"valueRequired\":true,\"valueName\":\"search_term_string\"}}],\"inLanguage\":\"de-BE\"},{\"@type\":\"Organization\",\"@id\":\"http:\\\/\\\/caviar-de-neuvic.com\\\/fr\\\/#organization\",\"name\":\"Producteur Fran\u00e7ais De Caviar\",\"url\":\"http:\\\/\\\/caviar-de-neuvic.com\\\/fr\\\/\",\"logo\":{\"@type\":\"ImageObject\",\"inLanguage\":\"de-BE\",\"@id\":\"http:\\\/\\\/caviar-de-neuvic.com\\\/fr\\\/#\\\/schema\\\/logo\\\/image\\\/\",\"url\":\"\",\"contentUrl\":\"\",\"caption\":\"Producteur Fran\u00e7ais De Caviar\"},\"image\":{\"@id\":\"http:\\\/\\\/caviar-de-neuvic.com\\\/fr\\\/#\\\/schema\\\/logo\\\/image\\\/\"}}]}<\/script>\n<!-- \/ Yoast SEO plugin. -->","yoast_head_json":{"title":"Coffret \"A la louche\" - Caviar de Neuvic","description":"Offrez \u00e0 vos proches notre Coffret \"A la louche\". Parfait pour \u00e9merveiller les amateurs de gastronomie avec une exp\u00e9rience gustative inoubliable.","robots":{"index":"index","follow":"follow","max-snippet":"max-snippet:-1","max-image-preview":"max-image-preview:large","max-video-preview":"max-video-preview:-1"},"canonical":"https:\/\/caviar-de-neuvic.com\/de_be\/p\/accueil\/coffrets\/coffret-a-la-louche\/","og_locale":"de_DE","og_type":"article","og_title":"Coffret \"A la louche\" - Caviar de Neuvic","og_description":"Offrez \u00e0 vos proches notre Coffret \"A la louche\". Parfait pour \u00e9merveiller les amateurs de gastronomie avec une exp\u00e9rience gustative inoubliable.","og_url":"https:\/\/caviar-de-neuvic.com\/de_be\/p\/accueil\/coffrets\/coffret-a-la-louche\/","og_site_name":"Producteur Fran\u00e7ais De Caviar","article_modified_time":"2025-11-27T14:22:27+00:00","og_image":[{"width":1100,"height":1422,"url":"https:\/\/caviar-de-neuvic.com\/wp-content\/uploads\/2016\/10\/2775-Coffret-A-la-louche.jpg","type":"image\/jpeg"}],"twitter_card":"summary_large_image","twitter_misc":{"Est. reading time":"1 minute"},"schema":{"@context":"https:\/\/schema.org","@graph":[{"@type":"WebPage","@id":"https:\/\/caviar-de-neuvic.com\/p\/accueil\/coffrets\/coffret-a-la-louche\/","url":"https:\/\/caviar-de-neuvic.com\/p\/accueil\/coffrets\/coffret-a-la-louche\/","name":"Coffret \"A la louche\" - Caviar de Neuvic","isPartOf":{"@id":"http:\/\/caviar-de-neuvic.com\/fr\/#website"},"primaryImageOfPage":{"@id":"https:\/\/caviar-de-neuvic.com\/p\/accueil\/coffrets\/coffret-a-la-louche\/#primaryimage"},"image":{"@id":"https:\/\/caviar-de-neuvic.com\/p\/accueil\/coffrets\/coffret-a-la-louche\/#primaryimage"},"thumbnailUrl":"https:\/\/caviar-de-neuvic.com\/wp-content\/uploads\/2016\/10\/2775-Coffret-A-la-louche.jpg","datePublished":"2016-10-06T16:53:11+00:00","dateModified":"2025-11-27T14:22:27+00:00","description":"Offrez \u00e0 vos proches notre Coffret \"A la louche\". Parfait pour \u00e9merveiller les amateurs de gastronomie avec une exp\u00e9rience gustative inoubliable.","breadcrumb":{"@id":"https:\/\/caviar-de-neuvic.com\/p\/accueil\/coffrets\/coffret-a-la-louche\/#breadcrumb"},"inLanguage":"de-BE","potentialAction":[{"@type":"ReadAction","target":["https:\/\/caviar-de-neuvic.com\/p\/accueil\/coffrets\/coffret-a-la-louche\/"]}]},{"@type":"ImageObject","inLanguage":"de-BE","@id":"https:\/\/caviar-de-neuvic.com\/p\/accueil\/coffrets\/coffret-a-la-louche\/#primaryimage","url":"https:\/\/caviar-de-neuvic.com\/wp-content\/uploads\/2016\/10\/2775-Coffret-A-la-louche.jpg","contentUrl":"https:\/\/caviar-de-neuvic.com\/wp-content\/uploads\/2016\/10\/2775-Coffret-A-la-louche.jpg","width":1100,"height":1422,"caption":"Coffret \"\u00c0 la louche\""},{"@type":"BreadcrumbList","@id":"https:\/\/caviar-de-neuvic.com\/p\/accueil\/coffrets\/coffret-a-la-louche\/#breadcrumb","itemListElement":[{"@type":"ListItem","position":1,"name":"Caviar de Neuvic","item":"https:\/\/caviar-de-neuvic.com\/"},{"@type":"ListItem","position":2,"name":"Shop","item":"https:\/\/caviar-de-neuvic.com\/en\/shop\/"},{"@type":"ListItem","position":3,"name":"Coffret \u00ab\u00a0\u00c0 la louche\u00a0\u00bb"}]},{"@type":"WebSite","@id":"http:\/\/caviar-de-neuvic.com\/fr\/#website","url":"http:\/\/caviar-de-neuvic.com\/fr\/","name":"Producteur Fran\u00e7ais De Caviar","description":"","publisher":{"@id":"http:\/\/caviar-de-neuvic.com\/fr\/#organization"},"potentialAction":[{"@type":"SearchAction","target":{"@type":"EntryPoint","urlTemplate":"http:\/\/caviar-de-neuvic.com\/fr\/?s={search_term_string}"},"query-input":{"@type":"PropertyValueSpecification","valueRequired":true,"valueName":"search_term_string"}}],"inLanguage":"de-BE"},{"@type":"Organization","@id":"http:\/\/caviar-de-neuvic.com\/fr\/#organization","name":"Producteur Fran\u00e7ais De Caviar","url":"http:\/\/caviar-de-neuvic.com\/fr\/","logo":{"@type":"ImageObject","inLanguage":"de-BE","@id":"http:\/\/caviar-de-neuvic.com\/fr\/#\/schema\/logo\/image\/","url":"","contentUrl":"","caption":"Producteur Fran\u00e7ais De Caviar"},"image":{"@id":"http:\/\/caviar-de-neuvic.com\/fr\/#\/schema\/logo\/image\/"}}]}},"_links":{"self":[{"href":"https:\/\/caviar-de-neuvic.com\/de_be\/wp-json\/wp\/v2\/product\/331","targetHints":{"allow":["GET"]}}],"collection":[{"href":"https:\/\/caviar-de-neuvic.com\/de_be\/wp-json\/wp\/v2\/product"}],"about":[{"href":"https:\/\/caviar-de-neuvic.com\/de_be\/wp-json\/wp\/v2\/types\/product"}],"version-history":[{"count":2,"href":"https:\/\/caviar-de-neuvic.com\/de_be\/wp-json\/wp\/v2\/product\/331\/revisions"}],"predecessor-version":[{"id":29875,"href":"https:\/\/caviar-de-neuvic.com\/de_be\/wp-json\/wp\/v2\/product\/331\/revisions\/29875"}],"wp:featuredmedia":[{"embeddable":true,"href":"https:\/\/caviar-de-neuvic.com\/de_be\/wp-json\/wp\/v2\/media\/329"}],"wp:attachment":[{"href":"https:\/\/caviar-de-neuvic.com\/de_be\/wp-json\/wp\/v2\/media?parent=331"}],"wp:term":[{"taxonomy":"product_brand","embeddable":true,"href":"https:\/\/caviar-de-neuvic.com\/de_be\/wp-json\/wp\/v2\/product_brand?post=331"},{"taxonomy":"product_cat","embeddable":true,"href":"https:\/\/caviar-de-neuvic.com\/de_be\/wp-json\/wp\/v2\/product_cat?post=331"},{"taxonomy":"product_tag","embeddable":true,"href":"https:\/\/caviar-de-neuvic.com\/de_be\/wp-json\/wp\/v2\/product_tag?post=331"}],"curies":[{"name":"wp","href":"https:\/\/api.w.org\/{rel}","templated":true}]}}