{"id":21374,"date":"2025-07-16T14:24:10","date_gmt":"2025-07-16T14:24:10","guid":{"rendered":"https:\/\/caviar-de-neuvic.com\/?page_id=21374"},"modified":"2025-07-16T14:24:46","modified_gmt":"2025-07-16T14:24:46","slug":"confidentialite-des-donnees","status":"publish","type":"page","link":"https:\/\/caviar-de-neuvic.com\/de_ch\/confidentialite-des-donnees\/","title":{"rendered":"Datenschutz"},"content":{"rendered":"<div data-elementor-type=\"wp-page\" data-elementor-id=\"21374\" class=\"elementor elementor-21374\" data-elementor-post-type=\"page\">\n\t\t\t\t<div class=\"elementor-element elementor-element-505eaf8 e-flex e-con-boxed e-con e-parent\" data-id=\"505eaf8\" data-element_type=\"container\" data-e-type=\"container\">\n\t\t\t\t\t<div class=\"e-con-inner\">\n\t\t\t\t<div class=\"elementor-element elementor-element-6cff5ac elementor-widget elementor-widget-heading\" data-id=\"6cff5ac\" data-element_type=\"widget\" data-e-type=\"widget\" data-widget_type=\"heading.default\">\n\t\t\t\t<div class=\"elementor-widget-container\">\n\t\t\t\t\t<h2 class=\"elementor-heading-title elementor-size-default\">Datenschutz<\/h2>\t\t\t\t<\/div>\n\t\t\t\t<\/div>\n\t\t\t\t<div class=\"elementor-element elementor-element-b24a443 elementor-widget elementor-widget-text-editor\" data-id=\"b24a443\" data-element_type=\"widget\" data-e-type=\"widget\" data-widget_type=\"text-editor.default\">\n\t\t\t\t<div class=\"elementor-widget-container\">\n\t\t\t\t\t\t\t\t\t<p>Caviar de Neuvic hat sich zum Ziel gesetzt, ein vorbildliches Unternehmen zu sein. Wir legen gro\u00dfen Wert auf Ehrlichkeit und Transparenz und sind bestrebt, starke und dauerhafte Beziehungen zu unseren Kunden aufzubauen, die auf Vertrauen und gegenseitigem Interesse basieren.<\/p><p>Entsprechend dieser Philosophie ist der Schutz Ihrer personenbezogenen Daten f\u00fcr uns von entscheidender Bedeutung. Mit dieser Datenschutzerkl\u00e4rung m\u00f6chten wir Sie dar\u00fcber informieren, wie wir diese Daten erheben und verarbeiten. Sofern die Datenschutzgesetze Ihres Landes keine ausdr\u00fcckliche Zustimmung erfordern, stimmen Sie durch die Nutzung der vorliegenden Medien (wie unten definiert) zu, dass wir Ihre personenbezogenen Daten wie in dieser Erkl\u00e4rung beschrieben erheben und verwenden d\u00fcrfen.<\/p><p>WOF\u00dcR GILT DIESE DATENSCHUTZERKL\u00c4RUNG?<\/p><p>Diese Datenschutzerkl\u00e4rung gilt f\u00fcr alle Kontaktpunkte, die Sie mit uns nutzen (Shop, Kundenservice, Websites, soziale Netzwerke, digitale Anwendungen, Veranstaltungen).<\/p><p>WELCHE DATEN ERFASSEN WIR VON IHNEN?<\/p><p>Mit Ihrer vorherigen Zustimmung k\u00f6nnen wir bei Ihrer Nutzung unserer Medien alle oder einen Teil der folgenden Daten erfassen und verarbeiten: Daten, die Sie durch Ausf\u00fcllen von Formularen, Hochladen von Inhalten, Abonnieren von Online-Diensten (z. B. Anwendungen und Seiten in sozialen Netzwerken) oder durch Korrespondenz mit uns bereitstellen: Vor- und Nachname; E-Mail-Adresse; Geschlecht; Telefonnummer; Postanschrift; Alter\/Geburtsdatum; Ihre Meinung zu unseren Produkten; Zahlungsinformationen (auf E-Commerce-Medien); Ihre Kaufhistorie (auf E-Commerce-Medien); alle besonderen Anfragen, die Sie an uns richten (haupts\u00e4chlich zu Archivierungszwecken); Fotos oder Videos von Ihnen, die Sie teilen m\u00f6chten. Wir k\u00f6nnen Sie bitten, an Umfragen teilzunehmen, die wir zu wissenschaftlichen und statistischen Zwecken verwenden.<\/p><p>ERFASSEN WIR IHRE IP-ADRESSE UND IHRE COOKIES?<\/p><p>Wir erfassen m\u00f6glicherweise Ihre IP-Adresse und Ihren Browsertyp zum Zweck der Systemadministration und\/oder zur Erstellung von Statistiken, ohne dabei weitere personenbezogene Daten zu identifizieren. In einigen F\u00e4llen verwenden wir m\u00f6glicherweise auch Cookies, bei denen es sich um kleine Dateien mit Buchstaben und Zahlen handelt, die auf Ihr Ger\u00e4t heruntergeladen werden, wenn Sie auf unsere Medien zugreifen. Wir verwenden Cookies haupts\u00e4chlich, um Sie wiederzuerkennen, wenn Sie sich erneut bei unseren Medien anmelden, und um Inhalte anzuzeigen, die Ihren Interessen entsprechen k\u00f6nnten. Die Standardeinstellungen von Internetbrowsern sind in der Regel so eingestellt, dass sie Cookies akzeptieren, aber Sie k\u00f6nnen dies leicht \u00e4ndern, indem Sie die Einstellungen Ihres Browsers anpassen. Bitte beachten Sie jedoch, dass bestimmte Teile unserer Medien m\u00f6glicherweise nicht zug\u00e4nglich sind, wenn Sie Cookies deaktivieren.<\/p><p>WIE VERWENDEN WIR IHRE PERSONENBEZOGENEN DATEN?<\/p><p>We mainly use your personal data for customer\/prospect management purposes, in particular to respond to your requests or to send you regular news and information about our products, brands, operations and\/or Media that may be of interest to you. We also use your data to improve your experience on our Media: to understand your interest in our Media and their content, to manage your online account, to validate your participation in our operations, to process your payments, to ensure that our Media are presented in the most appropriate way for you and your device, and to protect you against possible fraudulent actions.<\/p><p>HOW CAN YOU ACCESS YOUR PERSONAL DATA?<\/p><p>You can always contact us by post, email or telephone (please refer to the contact details provided in the terms of use for the Media you use) to consult the personal data we hold about you. If you identify an error in this data or if you consider it to be incomplete or ambiguous, you may also ask us to correct, complete or clarify it. You may also object to your data being used for commercial prospecting purposes or communicated to third parties for this purpose. Finally, you may ask us to delete any personal data concerning you that we hold. However, please note that we may keep a record of your data for archiving purposes (in particular where required by law).<\/p><p>DO WE SHARE YOUR PERSONAL DATA?<\/p><p>Subject to the provisions of this personal data protection policy, or unless we have obtained your prior consent, we may share your personal data with employees of Caviar de Neuvic or our service providers (e.g. our web agencies that manage certain online operations on our behalf) and\/or business partners for the purposes mentioned above, and only to the extent necessary to perform the tasks entrusted to them. These individuals may contact you directly using the contact details you have provided to us. Please note that we strictly require our service providers to use your personal data only to manage the services we ask them to provide. We also require these providers to always act in accordance with applicable personal data protection laws and to pay particular attention to the confidentiality of this data.<\/p><p>WHERE DO WE STORE YOUR PERSONAL DATA?<\/p><p>Your personal data is stored either in our databases or in those of our service providers. In some cases, mainly for technical reasons, these databases may be stored on servers located outside the country (including outside the European Union) from which you initially entered the data.<\/p><p>IS YOUR PERSONAL DATA KEPT SAFE?<\/p><p>We aim to always store your personal data in the safest and most secure manner, and only for as long as necessary to fulfil the purpose for which it is being processed. With this in mind, we take appropriate physical, technical and organisational measures to prevent, as far as possible, any alteration or loss of your data or any unauthorised access to it. On our e-commerce platforms, we manage your payment information using methods that comply with industry standards (such as PCI DSS). Please note that we may modify this personal data protection policy. In this case, these modifications will be available on this page.<\/p>\t\t\t\t\t\t\t\t<\/div>\n\t\t\t\t<\/div>\n\t\t\t\t\t<\/div>\n\t\t\t\t<\/div>\n\t\t\t\t<\/div>","protected":false},"excerpt":{"rendered":"<p>Confidentialit\u00e9 des donn\u00e9es Caviar de Neuvic a pour ambition d\u2019\u00eatre une entreprise citoyenne exemplaire. Nous accordons une grande valeur \u00e0 l\u2019honn\u00eatet\u00e9 et \u00e0 la clart\u00e9 et avons \u00e0 c\u0153ur de construire avec nos clients des relations fortes et durables, fond\u00e9es sur la confiance et l\u2019int\u00e9r\u00eat mutuel. Conform\u00e9ment \u00e0 cette philosophie, la protection de vos donn\u00e9es [&hellip;]<\/p>\n","protected":false},"author":1,"featured_media":0,"parent":0,"menu_order":0,"comment_status":"closed","ping_status":"closed","template":"","meta":{"_acf_changed":false,"ocean_post_layout":"","ocean_both_sidebars_style":"","ocean_both_sidebars_content_width":0,"ocean_both_sidebars_sidebars_width":0,"ocean_sidebar":"","ocean_second_sidebar":"","ocean_disable_margins":"enable","ocean_add_body_class":"","ocean_shortcode_before_top_bar":"","ocean_shortcode_after_top_bar":"","ocean_shortcode_before_header":"","ocean_shortcode_after_header":"","ocean_has_shortcode":"","ocean_shortcode_after_title":"","ocean_shortcode_before_footer_widgets":"","ocean_shortcode_after_footer_widgets":"","ocean_shortcode_before_footer_bottom":"","ocean_shortcode_after_footer_bottom":"","ocean_display_top_bar":"default","ocean_display_header":"default","ocean_header_style":"","ocean_center_header_left_menu":"","ocean_custom_header_template":"","ocean_custom_logo":0,"ocean_custom_retina_logo":0,"ocean_custom_logo_max_width":0,"ocean_custom_logo_tablet_max_width":0,"ocean_custom_logo_mobile_max_width":0,"ocean_custom_logo_max_height":0,"ocean_custom_logo_tablet_max_height":0,"ocean_custom_logo_mobile_max_height":0,"ocean_header_custom_menu":"","ocean_menu_typo_font_family":"","ocean_menu_typo_font_subset":"","ocean_menu_typo_font_size":0,"ocean_menu_typo_font_size_tablet":0,"ocean_menu_typo_font_size_mobile":0,"ocean_menu_typo_font_size_unit":"px","ocean_menu_typo_font_weight":"","ocean_menu_typo_font_weight_tablet":"","ocean_menu_typo_font_weight_mobile":"","ocean_menu_typo_transform":"","ocean_menu_typo_transform_tablet":"","ocean_menu_typo_transform_mobile":"","ocean_menu_typo_line_height":0,"ocean_menu_typo_line_height_tablet":0,"ocean_menu_typo_line_height_mobile":0,"ocean_menu_typo_line_height_unit":"","ocean_menu_typo_spacing":0,"ocean_menu_typo_spacing_tablet":0,"ocean_menu_typo_spacing_mobile":0,"ocean_menu_typo_spacing_unit":"","ocean_menu_link_color":"","ocean_menu_link_color_hover":"","ocean_menu_link_color_active":"","ocean_menu_link_background":"","ocean_menu_link_hover_background":"","ocean_menu_link_active_background":"","ocean_menu_social_links_bg":"","ocean_menu_social_hover_links_bg":"","ocean_menu_social_links_color":"","ocean_menu_social_hover_links_color":"","ocean_disable_title":"default","ocean_disable_heading":"default","ocean_post_title":"","ocean_post_subheading":"","ocean_post_title_style":"","ocean_post_title_background_color":"","ocean_post_title_background":0,"ocean_post_title_bg_image_position":"","ocean_post_title_bg_image_attachment":"","ocean_post_title_bg_image_repeat":"","ocean_post_title_bg_image_size":"","ocean_post_title_height":0,"ocean_post_title_bg_overlay":0.5,"ocean_post_title_bg_overlay_color":"","ocean_disable_breadcrumbs":"default","ocean_breadcrumbs_color":"","ocean_breadcrumbs_separator_color":"","ocean_breadcrumbs_links_color":"","ocean_breadcrumbs_links_hover_color":"","ocean_display_footer_widgets":"default","ocean_display_footer_bottom":"default","ocean_custom_footer_template":"","omw_enable_modal_window":"enable","footnotes":""},"class_list":["post-21374","page","type-page","status-publish","hentry","entry","owp-thumbs-layout-vertical","owp-btn-normal","owp-tabs-layout-horizontal","has-no-thumbnails","has-product-nav"],"acf":[],"yoast_head":"<!-- This site is optimized with the Yoast SEO plugin v27.5 - https:\/\/yoast.com\/product\/yoast-seo-wordpress\/ -->\n<title>Confidentialit\u00e9 des donn\u00e9es - Producteur Fran\u00e7ais De Caviar<\/title>\n<meta name=\"robots\" content=\"index, follow, max-snippet:-1, max-image-preview:large, max-video-preview:-1\" \/>\n<link rel=\"canonical\" href=\"https:\/\/caviar-de-neuvic.com\/de_ch\/confidentialite-des-donnees\/\" \/>\n<meta property=\"og:locale\" content=\"de_DE\" \/>\n<meta property=\"og:type\" content=\"article\" \/>\n<meta property=\"og:title\" content=\"Confidentialit\u00e9 des donn\u00e9es - Producteur Fran\u00e7ais De Caviar\" \/>\n<meta property=\"og:description\" content=\"Confidentialit\u00e9 des donn\u00e9es Caviar de Neuvic a pour ambition d\u2019\u00eatre une entreprise citoyenne exemplaire. Nous accordons une grande valeur \u00e0 l\u2019honn\u00eatet\u00e9 et \u00e0 la clart\u00e9 et avons \u00e0 c\u0153ur de construire avec nos clients des relations fortes et durables, fond\u00e9es sur la confiance et l\u2019int\u00e9r\u00eat mutuel. Conform\u00e9ment \u00e0 cette philosophie, la protection de vos donn\u00e9es [&hellip;]\" \/>\n<meta property=\"og:url\" content=\"https:\/\/caviar-de-neuvic.com\/de_ch\/confidentialite-des-donnees\/\" \/>\n<meta property=\"og:site_name\" content=\"Producteur Fran\u00e7ais De Caviar\" \/>\n<meta property=\"article:modified_time\" content=\"2025-07-16T14:24:46+00:00\" \/>\n<meta name=\"twitter:card\" content=\"summary_large_image\" \/>\n<meta name=\"twitter:label1\" content=\"Gesch\u00e4tzte Lesezeit\" \/>\n\t<meta name=\"twitter:data1\" content=\"6 Minuten\" \/>\n<script type=\"application\/ld+json\" class=\"yoast-schema-graph\">{\"@context\":\"https:\\\/\\\/schema.org\",\"@graph\":[{\"@type\":\"WebPage\",\"@id\":\"https:\\\/\\\/caviar-de-neuvic.com\\\/fr\\\/confidentialite-des-donnees\\\/\",\"url\":\"https:\\\/\\\/caviar-de-neuvic.com\\\/fr\\\/confidentialite-des-donnees\\\/\",\"name\":\"Confidentialit\u00e9 des donn\u00e9es - Producteur Fran\u00e7ais De Caviar\",\"isPartOf\":{\"@id\":\"http:\\\/\\\/caviar-de-neuvic.com\\\/fr\\\/#website\"},\"datePublished\":\"2025-07-16T14:24:10+00:00\",\"dateModified\":\"2025-07-16T14:24:46+00:00\",\"breadcrumb\":{\"@id\":\"https:\\\/\\\/caviar-de-neuvic.com\\\/fr\\\/confidentialite-des-donnees\\\/#breadcrumb\"},\"inLanguage\":\"de-CH\",\"potentialAction\":[{\"@type\":\"ReadAction\",\"target\":[\"https:\\\/\\\/caviar-de-neuvic.com\\\/fr\\\/confidentialite-des-donnees\\\/\"]}]},{\"@type\":\"BreadcrumbList\",\"@id\":\"https:\\\/\\\/caviar-de-neuvic.com\\\/fr\\\/confidentialite-des-donnees\\\/#breadcrumb\",\"itemListElement\":[{\"@type\":\"ListItem\",\"position\":1,\"name\":\"Caviar de Neuvic\",\"item\":\"https:\\\/\\\/caviar-de-neuvic.com\\\/\"},{\"@type\":\"ListItem\",\"position\":2,\"name\":\"Confidentialit\u00e9 des donn\u00e9es\"}]},{\"@type\":\"WebSite\",\"@id\":\"http:\\\/\\\/caviar-de-neuvic.com\\\/fr\\\/#website\",\"url\":\"http:\\\/\\\/caviar-de-neuvic.com\\\/fr\\\/\",\"name\":\"Producteur Fran\u00e7ais De Caviar\",\"description\":\"\",\"publisher\":{\"@id\":\"http:\\\/\\\/caviar-de-neuvic.com\\\/fr\\\/#organization\"},\"potentialAction\":[{\"@type\":\"SearchAction\",\"target\":{\"@type\":\"EntryPoint\",\"urlTemplate\":\"http:\\\/\\\/caviar-de-neuvic.com\\\/fr\\\/?s={search_term_string}\"},\"query-input\":{\"@type\":\"PropertyValueSpecification\",\"valueRequired\":true,\"valueName\":\"search_term_string\"}}],\"inLanguage\":\"de-CH\"},{\"@type\":\"Organization\",\"@id\":\"http:\\\/\\\/caviar-de-neuvic.com\\\/fr\\\/#organization\",\"name\":\"Producteur Fran\u00e7ais De Caviar\",\"url\":\"http:\\\/\\\/caviar-de-neuvic.com\\\/fr\\\/\",\"logo\":{\"@type\":\"ImageObject\",\"inLanguage\":\"de-CH\",\"@id\":\"http:\\\/\\\/caviar-de-neuvic.com\\\/fr\\\/#\\\/schema\\\/logo\\\/image\\\/\",\"url\":\"\",\"contentUrl\":\"\",\"caption\":\"Producteur Fran\u00e7ais De Caviar\"},\"image\":{\"@id\":\"http:\\\/\\\/caviar-de-neuvic.com\\\/fr\\\/#\\\/schema\\\/logo\\\/image\\\/\"}}]}<\/script>\n<!-- \/ Yoast SEO plugin. -->","yoast_head_json":{"title":"Confidentialit\u00e9 des donn\u00e9es - Producteur Fran\u00e7ais De Caviar","robots":{"index":"index","follow":"follow","max-snippet":"max-snippet:-1","max-image-preview":"max-image-preview:large","max-video-preview":"max-video-preview:-1"},"canonical":"https:\/\/caviar-de-neuvic.com\/de_ch\/confidentialite-des-donnees\/","og_locale":"de_DE","og_type":"article","og_title":"Confidentialit\u00e9 des donn\u00e9es - Producteur Fran\u00e7ais De Caviar","og_description":"Confidentialit\u00e9 des donn\u00e9es Caviar de Neuvic a pour ambition d\u2019\u00eatre une entreprise citoyenne exemplaire. Nous accordons une grande valeur \u00e0 l\u2019honn\u00eatet\u00e9 et \u00e0 la clart\u00e9 et avons \u00e0 c\u0153ur de construire avec nos clients des relations fortes et durables, fond\u00e9es sur la confiance et l\u2019int\u00e9r\u00eat mutuel. Conform\u00e9ment \u00e0 cette philosophie, la protection de vos donn\u00e9es [&hellip;]","og_url":"https:\/\/caviar-de-neuvic.com\/de_ch\/confidentialite-des-donnees\/","og_site_name":"Producteur Fran\u00e7ais De Caviar","article_modified_time":"2025-07-16T14:24:46+00:00","twitter_card":"summary_large_image","twitter_misc":{"Gesch\u00e4tzte Lesezeit":"6 Minuten"},"schema":{"@context":"https:\/\/schema.org","@graph":[{"@type":"WebPage","@id":"https:\/\/caviar-de-neuvic.com\/fr\/confidentialite-des-donnees\/","url":"https:\/\/caviar-de-neuvic.com\/fr\/confidentialite-des-donnees\/","name":"Confidentialit\u00e9 des donn\u00e9es - Producteur Fran\u00e7ais De Caviar","isPartOf":{"@id":"http:\/\/caviar-de-neuvic.com\/fr\/#website"},"datePublished":"2025-07-16T14:24:10+00:00","dateModified":"2025-07-16T14:24:46+00:00","breadcrumb":{"@id":"https:\/\/caviar-de-neuvic.com\/fr\/confidentialite-des-donnees\/#breadcrumb"},"inLanguage":"de-CH","potentialAction":[{"@type":"ReadAction","target":["https:\/\/caviar-de-neuvic.com\/fr\/confidentialite-des-donnees\/"]}]},{"@type":"BreadcrumbList","@id":"https:\/\/caviar-de-neuvic.com\/fr\/confidentialite-des-donnees\/#breadcrumb","itemListElement":[{"@type":"ListItem","position":1,"name":"Caviar de Neuvic","item":"https:\/\/caviar-de-neuvic.com\/"},{"@type":"ListItem","position":2,"name":"Confidentialit\u00e9 des donn\u00e9es"}]},{"@type":"WebSite","@id":"http:\/\/caviar-de-neuvic.com\/fr\/#website","url":"http:\/\/caviar-de-neuvic.com\/fr\/","name":"Producteur Fran\u00e7ais De Caviar","description":"","publisher":{"@id":"http:\/\/caviar-de-neuvic.com\/fr\/#organization"},"potentialAction":[{"@type":"SearchAction","target":{"@type":"EntryPoint","urlTemplate":"http:\/\/caviar-de-neuvic.com\/fr\/?s={search_term_string}"},"query-input":{"@type":"PropertyValueSpecification","valueRequired":true,"valueName":"search_term_string"}}],"inLanguage":"de-CH"},{"@type":"Organization","@id":"http:\/\/caviar-de-neuvic.com\/fr\/#organization","name":"Producteur Fran\u00e7ais De Caviar","url":"http:\/\/caviar-de-neuvic.com\/fr\/","logo":{"@type":"ImageObject","inLanguage":"de-CH","@id":"http:\/\/caviar-de-neuvic.com\/fr\/#\/schema\/logo\/image\/","url":"","contentUrl":"","caption":"Producteur Fran\u00e7ais De Caviar"},"image":{"@id":"http:\/\/caviar-de-neuvic.com\/fr\/#\/schema\/logo\/image\/"}}]}},"_links":{"self":[{"href":"https:\/\/caviar-de-neuvic.com\/de_ch\/wp-json\/wp\/v2\/pages\/21374","targetHints":{"allow":["GET"]}}],"collection":[{"href":"https:\/\/caviar-de-neuvic.com\/de_ch\/wp-json\/wp\/v2\/pages"}],"about":[{"href":"https:\/\/caviar-de-neuvic.com\/de_ch\/wp-json\/wp\/v2\/types\/page"}],"author":[{"embeddable":true,"href":"https:\/\/caviar-de-neuvic.com\/de_ch\/wp-json\/wp\/v2\/users\/1"}],"replies":[{"embeddable":true,"href":"https:\/\/caviar-de-neuvic.com\/de_ch\/wp-json\/wp\/v2\/comments?post=21374"}],"version-history":[{"count":4,"href":"https:\/\/caviar-de-neuvic.com\/de_ch\/wp-json\/wp\/v2\/pages\/21374\/revisions"}],"predecessor-version":[{"id":21381,"href":"https:\/\/caviar-de-neuvic.com\/de_ch\/wp-json\/wp\/v2\/pages\/21374\/revisions\/21381"}],"wp:attachment":[{"href":"https:\/\/caviar-de-neuvic.com\/de_ch\/wp-json\/wp\/v2\/media?parent=21374"}],"curies":[{"name":"wp","href":"https:\/\/api.w.org\/{rel}","templated":true}]}}