{"id":2242,"date":"2024-04-16T08:30:49","date_gmt":"2024-04-16T08:30:49","guid":{"rendered":"https:\/\/caviar-de-neuvic.com\/produits\/truffe-d-ete-tuber-aestivum\/"},"modified":"2025-11-27T15:33:26","modified_gmt":"2025-11-27T14:33:26","slug":"truffe-d-ete-tuber-aestivum","status":"publish","type":"product","link":"https:\/\/caviar-de-neuvic.com\/de_ch\/p\/accueil\/l-epicerie-neuvic\/epicerie-truffe\/truffe-d-ete-tuber-aestivum\/","title":{"rendered":"Sommertr\u00fcffel Tuber Aestivum"},"content":{"rendered":"","protected":false},"excerpt":{"rendered":"<p>Derzeit ist Saison f\u00fcr frische Sommertr\u00fcffel, nutzen Sie die Gelegenheit!<\/p>\n<p>Unsere frischen Tr\u00fcffel werden von Experten sorgf\u00e4ltig ausgew\u00e4hlt und verpackt. Sie sind ein wahrer kulinarischer Schatz mit vielf\u00e4ltigen Verwendungsm\u00f6glichkeiten.<\/p>\n<p>Die schwarze Sommertr\u00fcffel oder Johannistr\u00fcffel \u00e4hnelt der schwarzen Tr\u00fcffel aus dem P\u00e9rigord. Ihr Inneres ist sehr hell, weshalb sie manchmal auch als \u201ewei\u00dfe Sommertr\u00fcffel\u201d bezeichnet wird, was zu Verwirrung f\u00fchren kann. Ihr Aroma ist weniger intensiv als das der schwarzen Tr\u00fcffel.<\/p>\n<p>Die Haut ist schwarz, knotiger und h\u00e4rter als die der Melanosporum. Das Fruchtfleisch ist beige bis hellbraun mit zahlreichen wei\u00dfen Adern und hat einen leicht holzigen, manchmal nussigen Duft.<\/p>\n<p>Wir empfehlen Ihnen, die frische Sommertr\u00fcffel in sehr d\u00fcnnen Scheiben auf Ihren warmen Gerichten mit leichtem oder moderatem Geschmack zu verwenden. Sie passt perfekt zu Eiern, Risotto, Nudeln, Kartoffelp\u00fcree und vor allem zu wei\u00dfem Fleisch. Ihr Geschmack eignet sich auch f\u00fcr andere Zubereitungen wie halbgegarte Entenleber, Bechamelsauce, andere Saucen und Fleischeint\u00f6pfe.<\/p>\n<p><strong>Cours hebdomadaire du 05 \/ 08\u00a0<\/strong><strong>\/2024<\/strong><\/p>\n<p><strong>48\u20ac les 150g (320\u20ac \/ kilo)<\/strong><\/p>","protected":false},"featured_media":2239,"template":"","meta":{"_acf_changed":false,"ocean_post_layout":"","ocean_both_sidebars_style":"","ocean_both_sidebars_content_width":0,"ocean_both_sidebars_sidebars_width":0,"ocean_sidebar":"0","ocean_second_sidebar":"0","ocean_disable_margins":"enable","ocean_add_body_class":"","ocean_shortcode_before_top_bar":"","ocean_shortcode_after_top_bar":"","ocean_shortcode_before_header":"","ocean_shortcode_after_header":"","ocean_has_shortcode":"","ocean_shortcode_after_title":"","ocean_shortcode_before_footer_widgets":"","ocean_shortcode_after_footer_widgets":"","ocean_shortcode_before_footer_bottom":"","ocean_shortcode_after_footer_bottom":"","ocean_display_top_bar":"default","ocean_display_header":"default","ocean_header_style":"","ocean_center_header_left_menu":"0","ocean_custom_header_template":"0","ocean_custom_logo":0,"ocean_custom_retina_logo":0,"ocean_custom_logo_max_width":0,"ocean_custom_logo_tablet_max_width":0,"ocean_custom_logo_mobile_max_width":0,"ocean_custom_logo_max_height":0,"ocean_custom_logo_tablet_max_height":0,"ocean_custom_logo_mobile_max_height":0,"ocean_header_custom_menu":"0","ocean_menu_typo_font_family":"0","ocean_menu_typo_font_subset":"","ocean_menu_typo_font_size":0,"ocean_menu_typo_font_size_tablet":0,"ocean_menu_typo_font_size_mobile":0,"ocean_menu_typo_font_size_unit":"px","ocean_menu_typo_font_weight":"","ocean_menu_typo_font_weight_tablet":"","ocean_menu_typo_font_weight_mobile":"","ocean_menu_typo_transform":"","ocean_menu_typo_transform_tablet":"","ocean_menu_typo_transform_mobile":"","ocean_menu_typo_line_height":0,"ocean_menu_typo_line_height_tablet":0,"ocean_menu_typo_line_height_mobile":0,"ocean_menu_typo_line_height_unit":"","ocean_menu_typo_spacing":0,"ocean_menu_typo_spacing_tablet":0,"ocean_menu_typo_spacing_mobile":0,"ocean_menu_typo_spacing_unit":"","ocean_menu_link_color":"","ocean_menu_link_color_hover":"","ocean_menu_link_color_active":"","ocean_menu_link_background":"","ocean_menu_link_hover_background":"","ocean_menu_link_active_background":"","ocean_menu_social_links_bg":"","ocean_menu_social_hover_links_bg":"","ocean_menu_social_links_color":"","ocean_menu_social_hover_links_color":"","ocean_disable_title":"default","ocean_disable_heading":"default","ocean_post_title":"","ocean_post_subheading":"","ocean_post_title_style":"","ocean_post_title_background_color":"","ocean_post_title_background":0,"ocean_post_title_bg_image_position":"","ocean_post_title_bg_image_attachment":"","ocean_post_title_bg_image_repeat":"","ocean_post_title_bg_image_size":"","ocean_post_title_height":0,"ocean_post_title_bg_overlay":0.5,"ocean_post_title_bg_overlay_color":"","ocean_disable_breadcrumbs":"default","ocean_breadcrumbs_color":"","ocean_breadcrumbs_separator_color":"","ocean_breadcrumbs_links_color":"","ocean_breadcrumbs_links_hover_color":"","ocean_display_footer_widgets":"default","ocean_display_footer_bottom":"default","ocean_custom_footer_template":"0","omw_enable_modal_window":"enable"},"product_brand":[],"product_cat":[50,22],"product_tag":[],"class_list":{"0":"post-2242","1":"product","2":"type-product","3":"status-publish","4":"has-post-thumbnail","6":"product_cat-epicerie-truffe","7":"product_cat-l-epicerie-neuvic","8":"pa_conservation-95-areception_nousconseillon","9":"pa_origine-france","10":"pa_packdeproduits-oui","12":"entry","13":"has-media","15":"first","16":"outofstock","17":"taxable","18":"shipping-taxable","19":"purchasable","20":"product-type-simple","21":"col","22":"span_1_of_3","23":"owp-content-center","24":"item-entry","25":"owp-thumbs-layout-vertical","26":"owp-btn-normal","27":"owp-tabs-layout-horizontal"},"acf":[],"yoast_head":"<!-- This site is optimized with the Yoast SEO plugin v27.4 - https:\/\/yoast.com\/product\/yoast-seo-wordpress\/ -->\n<title>Truffe d&#039;\u00e9t\u00e9 Tuber Aestivum - Caviar de Neuvic<\/title>\n<meta name=\"description\" content=\"La Truffe noire d\u2018\u00e9t\u00e9 ou Truffe de la Saint-Jean ressemble \u00e0 la truffe noire du P\u00e9rigord. Int\u00e9rieurement, elle est tr\u00e8s claire. Son parfum est moins fort que la truffe noire.\" \/>\n<meta name=\"robots\" content=\"index, follow, max-snippet:-1, max-image-preview:large, max-video-preview:-1\" \/>\n<link rel=\"canonical\" href=\"https:\/\/caviar-de-neuvic.com\/de_ch\/p\/accueil\/l-epicerie-neuvic\/epicerie-truffe\/truffe-d-ete-tuber-aestivum\/\" \/>\n<meta property=\"og:locale\" content=\"de_DE\" \/>\n<meta property=\"og:type\" content=\"article\" \/>\n<meta property=\"og:title\" content=\"Truffe d&#039;\u00e9t\u00e9 Tuber Aestivum - Caviar de Neuvic\" \/>\n<meta property=\"og:description\" content=\"La Truffe noire d\u2018\u00e9t\u00e9 ou Truffe de la Saint-Jean ressemble \u00e0 la truffe noire du P\u00e9rigord. Int\u00e9rieurement, elle est tr\u00e8s claire. Son parfum est moins fort que la truffe noire.\" \/>\n<meta property=\"og:url\" content=\"https:\/\/caviar-de-neuvic.com\/de_ch\/p\/accueil\/l-epicerie-neuvic\/epicerie-truffe\/truffe-d-ete-tuber-aestivum\/\" \/>\n<meta property=\"og:site_name\" content=\"Producteur Fran\u00e7ais De Caviar\" \/>\n<meta property=\"article:modified_time\" content=\"2025-11-27T14:33:26+00:00\" \/>\n<meta property=\"og:image\" content=\"https:\/\/caviar-de-neuvic.com\/wp-content\/uploads\/2024\/04\/2702-Truffe-dete-Tuber-Aestivum.jpg\" \/>\n\t<meta property=\"og:image:width\" content=\"1100\" \/>\n\t<meta property=\"og:image:height\" content=\"1422\" \/>\n\t<meta property=\"og:image:type\" content=\"image\/jpeg\" \/>\n<meta name=\"twitter:card\" content=\"summary_large_image\" \/>\n<meta name=\"twitter:label1\" content=\"Gesch\u00e4tzte Lesezeit\" \/>\n\t<meta name=\"twitter:data1\" content=\"1 Minute\" \/>\n<script type=\"application\/ld+json\" class=\"yoast-schema-graph\">{\"@context\":\"https:\\\/\\\/schema.org\",\"@graph\":[{\"@type\":\"WebPage\",\"@id\":\"https:\\\/\\\/caviar-de-neuvic.com\\\/p\\\/accueil\\\/l-epicerie-neuvic\\\/epicerie-truffe\\\/truffe-d-ete-tuber-aestivum\\\/\",\"url\":\"https:\\\/\\\/caviar-de-neuvic.com\\\/p\\\/accueil\\\/l-epicerie-neuvic\\\/epicerie-truffe\\\/truffe-d-ete-tuber-aestivum\\\/\",\"name\":\"Truffe d'\u00e9t\u00e9 Tuber Aestivum - Caviar de Neuvic\",\"isPartOf\":{\"@id\":\"http:\\\/\\\/caviar-de-neuvic.com\\\/fr\\\/#website\"},\"primaryImageOfPage\":{\"@id\":\"https:\\\/\\\/caviar-de-neuvic.com\\\/p\\\/accueil\\\/l-epicerie-neuvic\\\/epicerie-truffe\\\/truffe-d-ete-tuber-aestivum\\\/#primaryimage\"},\"image\":{\"@id\":\"https:\\\/\\\/caviar-de-neuvic.com\\\/p\\\/accueil\\\/l-epicerie-neuvic\\\/epicerie-truffe\\\/truffe-d-ete-tuber-aestivum\\\/#primaryimage\"},\"thumbnailUrl\":\"https:\\\/\\\/caviar-de-neuvic.com\\\/wp-content\\\/uploads\\\/2024\\\/04\\\/2702-Truffe-dete-Tuber-Aestivum.jpg\",\"datePublished\":\"2024-04-16T08:30:49+00:00\",\"dateModified\":\"2025-11-27T14:33:26+00:00\",\"description\":\"La Truffe noire d\u2018\u00e9t\u00e9 ou Truffe de la Saint-Jean ressemble \u00e0 la truffe noire du P\u00e9rigord. Int\u00e9rieurement, elle est tr\u00e8s claire. Son parfum est moins fort que la truffe noire.\",\"breadcrumb\":{\"@id\":\"https:\\\/\\\/caviar-de-neuvic.com\\\/p\\\/accueil\\\/l-epicerie-neuvic\\\/epicerie-truffe\\\/truffe-d-ete-tuber-aestivum\\\/#breadcrumb\"},\"inLanguage\":\"de-CH\",\"potentialAction\":[{\"@type\":\"ReadAction\",\"target\":[\"https:\\\/\\\/caviar-de-neuvic.com\\\/p\\\/accueil\\\/l-epicerie-neuvic\\\/epicerie-truffe\\\/truffe-d-ete-tuber-aestivum\\\/\"]}]},{\"@type\":\"ImageObject\",\"inLanguage\":\"de-CH\",\"@id\":\"https:\\\/\\\/caviar-de-neuvic.com\\\/p\\\/accueil\\\/l-epicerie-neuvic\\\/epicerie-truffe\\\/truffe-d-ete-tuber-aestivum\\\/#primaryimage\",\"url\":\"https:\\\/\\\/caviar-de-neuvic.com\\\/wp-content\\\/uploads\\\/2024\\\/04\\\/2702-Truffe-dete-Tuber-Aestivum.jpg\",\"contentUrl\":\"https:\\\/\\\/caviar-de-neuvic.com\\\/wp-content\\\/uploads\\\/2024\\\/04\\\/2702-Truffe-dete-Tuber-Aestivum.jpg\",\"width\":1100,\"height\":1422,\"caption\":\"Truffe d'\u00e9t\u00e9 Tuber Aestivum\"},{\"@type\":\"BreadcrumbList\",\"@id\":\"https:\\\/\\\/caviar-de-neuvic.com\\\/p\\\/accueil\\\/l-epicerie-neuvic\\\/epicerie-truffe\\\/truffe-d-ete-tuber-aestivum\\\/#breadcrumb\",\"itemListElement\":[{\"@type\":\"ListItem\",\"position\":1,\"name\":\"Caviar de Neuvic\",\"item\":\"https:\\\/\\\/caviar-de-neuvic.com\\\/\"},{\"@type\":\"ListItem\",\"position\":2,\"name\":\"Shop\",\"item\":\"https:\\\/\\\/caviar-de-neuvic.com\\\/en\\\/shop\\\/\"},{\"@type\":\"ListItem\",\"position\":3,\"name\":\"Truffe d&rsquo;\u00e9t\u00e9 Tuber Aestivum\"}]},{\"@type\":\"WebSite\",\"@id\":\"http:\\\/\\\/caviar-de-neuvic.com\\\/fr\\\/#website\",\"url\":\"http:\\\/\\\/caviar-de-neuvic.com\\\/fr\\\/\",\"name\":\"Producteur Fran\u00e7ais De Caviar\",\"description\":\"\",\"publisher\":{\"@id\":\"http:\\\/\\\/caviar-de-neuvic.com\\\/fr\\\/#organization\"},\"potentialAction\":[{\"@type\":\"SearchAction\",\"target\":{\"@type\":\"EntryPoint\",\"urlTemplate\":\"http:\\\/\\\/caviar-de-neuvic.com\\\/fr\\\/?s={search_term_string}\"},\"query-input\":{\"@type\":\"PropertyValueSpecification\",\"valueRequired\":true,\"valueName\":\"search_term_string\"}}],\"inLanguage\":\"de-CH\"},{\"@type\":\"Organization\",\"@id\":\"http:\\\/\\\/caviar-de-neuvic.com\\\/fr\\\/#organization\",\"name\":\"Producteur Fran\u00e7ais De Caviar\",\"url\":\"http:\\\/\\\/caviar-de-neuvic.com\\\/fr\\\/\",\"logo\":{\"@type\":\"ImageObject\",\"inLanguage\":\"de-CH\",\"@id\":\"http:\\\/\\\/caviar-de-neuvic.com\\\/fr\\\/#\\\/schema\\\/logo\\\/image\\\/\",\"url\":\"\",\"contentUrl\":\"\",\"caption\":\"Producteur Fran\u00e7ais De Caviar\"},\"image\":{\"@id\":\"http:\\\/\\\/caviar-de-neuvic.com\\\/fr\\\/#\\\/schema\\\/logo\\\/image\\\/\"}}]}<\/script>\n<!-- \/ Yoast SEO plugin. -->","yoast_head_json":{"title":"Truffe d'\u00e9t\u00e9 Tuber Aestivum - Caviar de Neuvic","description":"La Truffe noire d\u2018\u00e9t\u00e9 ou Truffe de la Saint-Jean ressemble \u00e0 la truffe noire du P\u00e9rigord. Int\u00e9rieurement, elle est tr\u00e8s claire. Son parfum est moins fort que la truffe noire.","robots":{"index":"index","follow":"follow","max-snippet":"max-snippet:-1","max-image-preview":"max-image-preview:large","max-video-preview":"max-video-preview:-1"},"canonical":"https:\/\/caviar-de-neuvic.com\/de_ch\/p\/accueil\/l-epicerie-neuvic\/epicerie-truffe\/truffe-d-ete-tuber-aestivum\/","og_locale":"de_DE","og_type":"article","og_title":"Truffe d'\u00e9t\u00e9 Tuber Aestivum - Caviar de Neuvic","og_description":"La Truffe noire d\u2018\u00e9t\u00e9 ou Truffe de la Saint-Jean ressemble \u00e0 la truffe noire du P\u00e9rigord. Int\u00e9rieurement, elle est tr\u00e8s claire. Son parfum est moins fort que la truffe noire.","og_url":"https:\/\/caviar-de-neuvic.com\/de_ch\/p\/accueil\/l-epicerie-neuvic\/epicerie-truffe\/truffe-d-ete-tuber-aestivum\/","og_site_name":"Producteur Fran\u00e7ais De Caviar","article_modified_time":"2025-11-27T14:33:26+00:00","og_image":[{"width":1100,"height":1422,"url":"https:\/\/caviar-de-neuvic.com\/wp-content\/uploads\/2024\/04\/2702-Truffe-dete-Tuber-Aestivum.jpg","type":"image\/jpeg"}],"twitter_card":"summary_large_image","twitter_misc":{"Gesch\u00e4tzte Lesezeit":"1 Minute"},"schema":{"@context":"https:\/\/schema.org","@graph":[{"@type":"WebPage","@id":"https:\/\/caviar-de-neuvic.com\/p\/accueil\/l-epicerie-neuvic\/epicerie-truffe\/truffe-d-ete-tuber-aestivum\/","url":"https:\/\/caviar-de-neuvic.com\/p\/accueil\/l-epicerie-neuvic\/epicerie-truffe\/truffe-d-ete-tuber-aestivum\/","name":"Truffe d'\u00e9t\u00e9 Tuber Aestivum - Caviar de Neuvic","isPartOf":{"@id":"http:\/\/caviar-de-neuvic.com\/fr\/#website"},"primaryImageOfPage":{"@id":"https:\/\/caviar-de-neuvic.com\/p\/accueil\/l-epicerie-neuvic\/epicerie-truffe\/truffe-d-ete-tuber-aestivum\/#primaryimage"},"image":{"@id":"https:\/\/caviar-de-neuvic.com\/p\/accueil\/l-epicerie-neuvic\/epicerie-truffe\/truffe-d-ete-tuber-aestivum\/#primaryimage"},"thumbnailUrl":"https:\/\/caviar-de-neuvic.com\/wp-content\/uploads\/2024\/04\/2702-Truffe-dete-Tuber-Aestivum.jpg","datePublished":"2024-04-16T08:30:49+00:00","dateModified":"2025-11-27T14:33:26+00:00","description":"La Truffe noire d\u2018\u00e9t\u00e9 ou Truffe de la Saint-Jean ressemble \u00e0 la truffe noire du P\u00e9rigord. Int\u00e9rieurement, elle est tr\u00e8s claire. Son parfum est moins fort que la truffe noire.","breadcrumb":{"@id":"https:\/\/caviar-de-neuvic.com\/p\/accueil\/l-epicerie-neuvic\/epicerie-truffe\/truffe-d-ete-tuber-aestivum\/#breadcrumb"},"inLanguage":"de-CH","potentialAction":[{"@type":"ReadAction","target":["https:\/\/caviar-de-neuvic.com\/p\/accueil\/l-epicerie-neuvic\/epicerie-truffe\/truffe-d-ete-tuber-aestivum\/"]}]},{"@type":"ImageObject","inLanguage":"de-CH","@id":"https:\/\/caviar-de-neuvic.com\/p\/accueil\/l-epicerie-neuvic\/epicerie-truffe\/truffe-d-ete-tuber-aestivum\/#primaryimage","url":"https:\/\/caviar-de-neuvic.com\/wp-content\/uploads\/2024\/04\/2702-Truffe-dete-Tuber-Aestivum.jpg","contentUrl":"https:\/\/caviar-de-neuvic.com\/wp-content\/uploads\/2024\/04\/2702-Truffe-dete-Tuber-Aestivum.jpg","width":1100,"height":1422,"caption":"Truffe d'\u00e9t\u00e9 Tuber Aestivum"},{"@type":"BreadcrumbList","@id":"https:\/\/caviar-de-neuvic.com\/p\/accueil\/l-epicerie-neuvic\/epicerie-truffe\/truffe-d-ete-tuber-aestivum\/#breadcrumb","itemListElement":[{"@type":"ListItem","position":1,"name":"Caviar de Neuvic","item":"https:\/\/caviar-de-neuvic.com\/"},{"@type":"ListItem","position":2,"name":"Shop","item":"https:\/\/caviar-de-neuvic.com\/en\/shop\/"},{"@type":"ListItem","position":3,"name":"Truffe d&rsquo;\u00e9t\u00e9 Tuber Aestivum"}]},{"@type":"WebSite","@id":"http:\/\/caviar-de-neuvic.com\/fr\/#website","url":"http:\/\/caviar-de-neuvic.com\/fr\/","name":"Producteur Fran\u00e7ais De Caviar","description":"","publisher":{"@id":"http:\/\/caviar-de-neuvic.com\/fr\/#organization"},"potentialAction":[{"@type":"SearchAction","target":{"@type":"EntryPoint","urlTemplate":"http:\/\/caviar-de-neuvic.com\/fr\/?s={search_term_string}"},"query-input":{"@type":"PropertyValueSpecification","valueRequired":true,"valueName":"search_term_string"}}],"inLanguage":"de-CH"},{"@type":"Organization","@id":"http:\/\/caviar-de-neuvic.com\/fr\/#organization","name":"Producteur Fran\u00e7ais De Caviar","url":"http:\/\/caviar-de-neuvic.com\/fr\/","logo":{"@type":"ImageObject","inLanguage":"de-CH","@id":"http:\/\/caviar-de-neuvic.com\/fr\/#\/schema\/logo\/image\/","url":"","contentUrl":"","caption":"Producteur Fran\u00e7ais De Caviar"},"image":{"@id":"http:\/\/caviar-de-neuvic.com\/fr\/#\/schema\/logo\/image\/"}}]}},"_links":{"self":[{"href":"https:\/\/caviar-de-neuvic.com\/de_ch\/wp-json\/wp\/v2\/product\/2242","targetHints":{"allow":["GET"]}}],"collection":[{"href":"https:\/\/caviar-de-neuvic.com\/de_ch\/wp-json\/wp\/v2\/product"}],"about":[{"href":"https:\/\/caviar-de-neuvic.com\/de_ch\/wp-json\/wp\/v2\/types\/product"}],"version-history":[{"count":2,"href":"https:\/\/caviar-de-neuvic.com\/de_ch\/wp-json\/wp\/v2\/product\/2242\/revisions"}],"predecessor-version":[{"id":30025,"href":"https:\/\/caviar-de-neuvic.com\/de_ch\/wp-json\/wp\/v2\/product\/2242\/revisions\/30025"}],"wp:featuredmedia":[{"embeddable":true,"href":"https:\/\/caviar-de-neuvic.com\/de_ch\/wp-json\/wp\/v2\/media\/2239"}],"wp:attachment":[{"href":"https:\/\/caviar-de-neuvic.com\/de_ch\/wp-json\/wp\/v2\/media?parent=2242"}],"wp:term":[{"taxonomy":"product_brand","embeddable":true,"href":"https:\/\/caviar-de-neuvic.com\/de_ch\/wp-json\/wp\/v2\/product_brand?post=2242"},{"taxonomy":"product_cat","embeddable":true,"href":"https:\/\/caviar-de-neuvic.com\/de_ch\/wp-json\/wp\/v2\/product_cat?post=2242"},{"taxonomy":"product_tag","embeddable":true,"href":"https:\/\/caviar-de-neuvic.com\/de_ch\/wp-json\/wp\/v2\/product_tag?post=2242"}],"curies":[{"name":"wp","href":"https:\/\/api.w.org\/{rel}","templated":true}]}}