{"id":227,"date":"2015-12-13T22:29:02","date_gmt":"2015-12-13T22:29:02","guid":{"rendered":"https:\/\/caviar-de-neuvic.com\/produits\/rillettes-d-esturgeon-au-caviar\/"},"modified":"2026-02-09T19:01:33","modified_gmt":"2026-02-09T18:01:33","slug":"rillettes-d-esturgeon-au-caviar","status":"publish","type":"product","link":"https:\/\/caviar-de-neuvic.com\/de_ch\/p\/accueil\/esturgeon\/rillettes-d-esturgeon\/rillettes-d-esturgeon-au-caviar\/","title":{"rendered":"St\u00f6r-Rillettes mit Kaviar"},"content":{"rendered":"<div class=\"col-md-3 titre\">servieren<\/div>\n<div class=\"col-md-9\">\n<p>Auf leicht erw\u00e4rmten Toasts genossen, werden diese Aufstriche Liebhaber neuer und kulinarischer Gen\u00fcsse \u00fcberraschen und verf\u00fchren. Sie passen hervorragend zu einer Verkostung von Signature Caviar.<\/p>\n<\/div>\n<div class=\"col-md-3 titre\">N\u00e4hrwerte<\/div>\n<div class=\"col-md-9\">\n<table class=\"table table-bordered valeurs\" border=\"1\">\n<thead>\n<tr>\n<th colspan=\"4\">Pro 100 g<\/th>\n<\/tr>\n<\/thead>\n<tbody>\n<tr>\n<td>Energiewert (kcal)<\/td>\n<td>200<\/td>\n<td>Fett (g), davon ges\u00e4ttigte Fetts\u00e4uren (g)<\/td>\n<td>10,4 (5,5)<\/td>\n<\/tr>\n<tr>\n<td>Energiewert (kJ)<\/td>\n<td>841<\/td>\n<td>Kohlenhydrate (g) davon Zucker (g)<\/td>\n<td>10,7 (0,8)<\/td>\n<\/tr>\n<tr>\n<td>Eiwei\u00df (g)<\/td>\n<td>15,9<\/td>\n<td>Sodium (g)<\/td>\n<td>1,6<\/td>\n<\/tr>\n<\/tbody>\n<\/table>\n<\/div>","protected":false},"excerpt":{"rendered":"<p>Der St\u00f6r ist sozusagen das Fleisch des Kaviars. Caviar de Neuvic reserviert bestimmte St\u00f6rfilets f\u00fcr die Herstellung einer Kollektion cremiger Rillettes. Jedes Rezept hat eine besondere, raffinierte und originelle Geschmacksnuance. Als Garant f\u00fcr Qualit\u00e4t hat sich Caviar de Neuvic f\u00fcr die Herstellung dieser St\u00f6r-Rillettes die wertvolle Beratung eines Unternehmens aus Le Mans gesichert.<\/p>\n<p>Die Rillettes werden aus den Filets der St\u00f6re hergestellt, die f\u00fcr die Kaviarproduktion verwendet werden. Jedes Rezept verleiht ihnen eine raffinierte und originelle Geschmacksnote. Diese Gourmet-Rezepte werden Ihre Kunden mit ihrer Cremigkeit, ihrer Frische und der Entdeckung eines in Frankreich wenig verbreiteten Fisches \u00fcberraschen: dem St\u00f6r.<\/p>\n<p>Unsere St\u00f6r-Rillettes mit Kaviar sind eine gastronomische Kreation, die die Cremigkeit von ger\u00e4uchertem St\u00f6r mit dem reichhaltigen Geschmack von Kaviarperlen verbindet. Diese Rillettes verk\u00f6rpern den Gipfel des Luxus und bieten ein einzigartiges und unvergessliches kulinarisches Erlebnis.<\/p>","protected":false},"featured_media":223,"template":"","meta":{"_acf_changed":false,"ocean_post_layout":"","ocean_both_sidebars_style":"","ocean_both_sidebars_content_width":0,"ocean_both_sidebars_sidebars_width":0,"ocean_sidebar":"0","ocean_second_sidebar":"0","ocean_disable_margins":"enable","ocean_add_body_class":"","ocean_shortcode_before_top_bar":"","ocean_shortcode_after_top_bar":"","ocean_shortcode_before_header":"","ocean_shortcode_after_header":"","ocean_has_shortcode":"","ocean_shortcode_after_title":"","ocean_shortcode_before_footer_widgets":"","ocean_shortcode_after_footer_widgets":"","ocean_shortcode_before_footer_bottom":"","ocean_shortcode_after_footer_bottom":"","ocean_display_top_bar":"default","ocean_display_header":"default","ocean_header_style":"","ocean_center_header_left_menu":"0","ocean_custom_header_template":"0","ocean_custom_logo":0,"ocean_custom_retina_logo":0,"ocean_custom_logo_max_width":0,"ocean_custom_logo_tablet_max_width":0,"ocean_custom_logo_mobile_max_width":0,"ocean_custom_logo_max_height":0,"ocean_custom_logo_tablet_max_height":0,"ocean_custom_logo_mobile_max_height":0,"ocean_header_custom_menu":"0","ocean_menu_typo_font_family":"0","ocean_menu_typo_font_subset":"","ocean_menu_typo_font_size":0,"ocean_menu_typo_font_size_tablet":0,"ocean_menu_typo_font_size_mobile":0,"ocean_menu_typo_font_size_unit":"px","ocean_menu_typo_font_weight":"","ocean_menu_typo_font_weight_tablet":"","ocean_menu_typo_font_weight_mobile":"","ocean_menu_typo_transform":"","ocean_menu_typo_transform_tablet":"","ocean_menu_typo_transform_mobile":"","ocean_menu_typo_line_height":0,"ocean_menu_typo_line_height_tablet":0,"ocean_menu_typo_line_height_mobile":0,"ocean_menu_typo_line_height_unit":"","ocean_menu_typo_spacing":0,"ocean_menu_typo_spacing_tablet":0,"ocean_menu_typo_spacing_mobile":0,"ocean_menu_typo_spacing_unit":"","ocean_menu_link_color":"","ocean_menu_link_color_hover":"","ocean_menu_link_color_active":"","ocean_menu_link_background":"","ocean_menu_link_hover_background":"","ocean_menu_link_active_background":"","ocean_menu_social_links_bg":"","ocean_menu_social_hover_links_bg":"","ocean_menu_social_links_color":"","ocean_menu_social_hover_links_color":"","ocean_disable_title":"default","ocean_disable_heading":"default","ocean_post_title":"","ocean_post_subheading":"","ocean_post_title_style":"","ocean_post_title_background_color":"","ocean_post_title_background":0,"ocean_post_title_bg_image_position":"","ocean_post_title_bg_image_attachment":"","ocean_post_title_bg_image_repeat":"","ocean_post_title_bg_image_size":"","ocean_post_title_height":0,"ocean_post_title_bg_overlay":0.5,"ocean_post_title_bg_overlay_color":"","ocean_disable_breadcrumbs":"default","ocean_breadcrumbs_color":"","ocean_breadcrumbs_separator_color":"","ocean_breadcrumbs_links_color":"","ocean_breadcrumbs_links_hover_color":"","ocean_display_footer_widgets":"default","ocean_display_footer_bottom":"default","ocean_custom_footer_template":"0","omw_enable_modal_window":"enable"},"product_brand":[],"product_cat":[24,44],"product_tag":[],"class_list":{"0":"post-227","1":"product","2":"type-product","3":"status-publish","4":"has-post-thumbnail","6":"product_cat-esturgeon","7":"product_cat-rillettes-d-esturgeon","8":"product_shipping_class-sec","9":"pa_conservation-6e-dansunendroitfraisetsec_a","10":"pa_livraison-sec","12":"entry","13":"has-media","15":"first","16":"outofstock","17":"taxable","18":"shipping-taxable","19":"purchasable","20":"product-type-simple","21":"has-product-nav","22":"col","23":"span_1_of_3","24":"owp-content-center","25":"item-entry","26":"owp-thumbs-layout-vertical","27":"owp-btn-normal","28":"owp-tabs-layout-horizontal"},"acf":[],"yoast_head":"<!-- This site is optimized with the Yoast SEO plugin v27.5 - https:\/\/yoast.com\/product\/yoast-seo-wordpress\/ -->\n<title>Rillettes d&#039;esturgeon au caviar - Caviar de Neuvic<\/title>\n<meta name=\"description\" content=\"Nos rillettes d&#039;esturgeon au caviar sont une cr\u00e9ation gastronomique qui marie l&#039;onctuosit\u00e9 de l&#039;esturgeon fum\u00e9 \u00e0 la richesse des perles de caviar.\" \/>\n<meta name=\"robots\" content=\"index, follow, max-snippet:-1, max-image-preview:large, max-video-preview:-1\" \/>\n<link rel=\"canonical\" href=\"https:\/\/caviar-de-neuvic.com\/de_ch\/p\/accueil\/esturgeon\/rillettes-d-esturgeon\/rillettes-d-esturgeon-au-caviar\/\" \/>\n<meta property=\"og:locale\" content=\"de_DE\" \/>\n<meta property=\"og:type\" content=\"article\" \/>\n<meta property=\"og:title\" content=\"Rillettes d&#039;esturgeon au caviar - Caviar de Neuvic\" \/>\n<meta property=\"og:description\" content=\"Nos rillettes d&#039;esturgeon au caviar sont une cr\u00e9ation gastronomique qui marie l&#039;onctuosit\u00e9 de l&#039;esturgeon fum\u00e9 \u00e0 la richesse des perles de caviar.\" \/>\n<meta property=\"og:url\" content=\"https:\/\/caviar-de-neuvic.com\/de_ch\/p\/accueil\/esturgeon\/rillettes-d-esturgeon\/rillettes-d-esturgeon-au-caviar\/\" \/>\n<meta property=\"og:site_name\" content=\"Producteur Fran\u00e7ais De Caviar\" \/>\n<meta property=\"article:modified_time\" content=\"2026-02-09T18:01:33+00:00\" \/>\n<meta property=\"og:image\" content=\"https:\/\/caviar-de-neuvic.com\/wp-content\/uploads\/2015\/12\/1989-Rillettes-desturgeon-au-caviar-90-grammes.jpg\" \/>\n\t<meta property=\"og:image:width\" content=\"1100\" \/>\n\t<meta property=\"og:image:height\" content=\"1422\" \/>\n\t<meta property=\"og:image:type\" content=\"image\/jpeg\" \/>\n<meta name=\"twitter:card\" content=\"summary_large_image\" \/>\n<meta name=\"twitter:label1\" content=\"Gesch\u00e4tzte Lesezeit\" \/>\n\t<meta name=\"twitter:data1\" content=\"1 Minute\" \/>\n<script type=\"application\/ld+json\" class=\"yoast-schema-graph\">{\"@context\":\"https:\\\/\\\/schema.org\",\"@graph\":[{\"@type\":\"WebPage\",\"@id\":\"https:\\\/\\\/caviar-de-neuvic.com\\\/p\\\/accueil\\\/esturgeon\\\/rillettes-d-esturgeon\\\/rillettes-d-esturgeon-au-caviar\\\/\",\"url\":\"https:\\\/\\\/caviar-de-neuvic.com\\\/p\\\/accueil\\\/esturgeon\\\/rillettes-d-esturgeon\\\/rillettes-d-esturgeon-au-caviar\\\/\",\"name\":\"Rillettes d'esturgeon au caviar - Caviar de Neuvic\",\"isPartOf\":{\"@id\":\"http:\\\/\\\/caviar-de-neuvic.com\\\/fr\\\/#website\"},\"primaryImageOfPage\":{\"@id\":\"https:\\\/\\\/caviar-de-neuvic.com\\\/p\\\/accueil\\\/esturgeon\\\/rillettes-d-esturgeon\\\/rillettes-d-esturgeon-au-caviar\\\/#primaryimage\"},\"image\":{\"@id\":\"https:\\\/\\\/caviar-de-neuvic.com\\\/p\\\/accueil\\\/esturgeon\\\/rillettes-d-esturgeon\\\/rillettes-d-esturgeon-au-caviar\\\/#primaryimage\"},\"thumbnailUrl\":\"https:\\\/\\\/caviar-de-neuvic.com\\\/wp-content\\\/uploads\\\/2015\\\/12\\\/1989-Rillettes-desturgeon-au-caviar-90-grammes.jpg\",\"datePublished\":\"2015-12-13T22:29:02+00:00\",\"dateModified\":\"2026-02-09T18:01:33+00:00\",\"description\":\"Nos rillettes d'esturgeon au caviar sont une cr\u00e9ation gastronomique qui marie l'onctuosit\u00e9 de l'esturgeon fum\u00e9 \u00e0 la richesse des perles de caviar.\",\"breadcrumb\":{\"@id\":\"https:\\\/\\\/caviar-de-neuvic.com\\\/p\\\/accueil\\\/esturgeon\\\/rillettes-d-esturgeon\\\/rillettes-d-esturgeon-au-caviar\\\/#breadcrumb\"},\"inLanguage\":\"de-CH\",\"potentialAction\":[{\"@type\":\"ReadAction\",\"target\":[\"https:\\\/\\\/caviar-de-neuvic.com\\\/p\\\/accueil\\\/esturgeon\\\/rillettes-d-esturgeon\\\/rillettes-d-esturgeon-au-caviar\\\/\"]}]},{\"@type\":\"ImageObject\",\"inLanguage\":\"de-CH\",\"@id\":\"https:\\\/\\\/caviar-de-neuvic.com\\\/p\\\/accueil\\\/esturgeon\\\/rillettes-d-esturgeon\\\/rillettes-d-esturgeon-au-caviar\\\/#primaryimage\",\"url\":\"https:\\\/\\\/caviar-de-neuvic.com\\\/wp-content\\\/uploads\\\/2015\\\/12\\\/1989-Rillettes-desturgeon-au-caviar-90-grammes.jpg\",\"contentUrl\":\"https:\\\/\\\/caviar-de-neuvic.com\\\/wp-content\\\/uploads\\\/2015\\\/12\\\/1989-Rillettes-desturgeon-au-caviar-90-grammes.jpg\",\"width\":1100,\"height\":1422,\"caption\":\"Rillettes d'esturgeon au caviar - 90 grammes\"},{\"@type\":\"BreadcrumbList\",\"@id\":\"https:\\\/\\\/caviar-de-neuvic.com\\\/p\\\/accueil\\\/esturgeon\\\/rillettes-d-esturgeon\\\/rillettes-d-esturgeon-au-caviar\\\/#breadcrumb\",\"itemListElement\":[{\"@type\":\"ListItem\",\"position\":1,\"name\":\"Caviar de Neuvic\",\"item\":\"https:\\\/\\\/caviar-de-neuvic.com\\\/\"},{\"@type\":\"ListItem\",\"position\":2,\"name\":\"Shop\",\"item\":\"https:\\\/\\\/caviar-de-neuvic.com\\\/en\\\/shop\\\/\"},{\"@type\":\"ListItem\",\"position\":3,\"name\":\"Rillettes d&rsquo;esturgeon au caviar\"}]},{\"@type\":\"WebSite\",\"@id\":\"http:\\\/\\\/caviar-de-neuvic.com\\\/fr\\\/#website\",\"url\":\"http:\\\/\\\/caviar-de-neuvic.com\\\/fr\\\/\",\"name\":\"Producteur Fran\u00e7ais De Caviar\",\"description\":\"\",\"publisher\":{\"@id\":\"http:\\\/\\\/caviar-de-neuvic.com\\\/fr\\\/#organization\"},\"potentialAction\":[{\"@type\":\"SearchAction\",\"target\":{\"@type\":\"EntryPoint\",\"urlTemplate\":\"http:\\\/\\\/caviar-de-neuvic.com\\\/fr\\\/?s={search_term_string}\"},\"query-input\":{\"@type\":\"PropertyValueSpecification\",\"valueRequired\":true,\"valueName\":\"search_term_string\"}}],\"inLanguage\":\"de-CH\"},{\"@type\":\"Organization\",\"@id\":\"http:\\\/\\\/caviar-de-neuvic.com\\\/fr\\\/#organization\",\"name\":\"Producteur Fran\u00e7ais De Caviar\",\"url\":\"http:\\\/\\\/caviar-de-neuvic.com\\\/fr\\\/\",\"logo\":{\"@type\":\"ImageObject\",\"inLanguage\":\"de-CH\",\"@id\":\"http:\\\/\\\/caviar-de-neuvic.com\\\/fr\\\/#\\\/schema\\\/logo\\\/image\\\/\",\"url\":\"\",\"contentUrl\":\"\",\"caption\":\"Producteur Fran\u00e7ais De Caviar\"},\"image\":{\"@id\":\"http:\\\/\\\/caviar-de-neuvic.com\\\/fr\\\/#\\\/schema\\\/logo\\\/image\\\/\"}}]}<\/script>\n<!-- \/ Yoast SEO plugin. -->","yoast_head_json":{"title":"Rillettes d'esturgeon au caviar - Caviar de Neuvic","description":"Nos rillettes d'esturgeon au caviar sont une cr\u00e9ation gastronomique qui marie l'onctuosit\u00e9 de l'esturgeon fum\u00e9 \u00e0 la richesse des perles de caviar.","robots":{"index":"index","follow":"follow","max-snippet":"max-snippet:-1","max-image-preview":"max-image-preview:large","max-video-preview":"max-video-preview:-1"},"canonical":"https:\/\/caviar-de-neuvic.com\/de_ch\/p\/accueil\/esturgeon\/rillettes-d-esturgeon\/rillettes-d-esturgeon-au-caviar\/","og_locale":"de_DE","og_type":"article","og_title":"Rillettes d'esturgeon au caviar - Caviar de Neuvic","og_description":"Nos rillettes d'esturgeon au caviar sont une cr\u00e9ation gastronomique qui marie l'onctuosit\u00e9 de l'esturgeon fum\u00e9 \u00e0 la richesse des perles de caviar.","og_url":"https:\/\/caviar-de-neuvic.com\/de_ch\/p\/accueil\/esturgeon\/rillettes-d-esturgeon\/rillettes-d-esturgeon-au-caviar\/","og_site_name":"Producteur Fran\u00e7ais De Caviar","article_modified_time":"2026-02-09T18:01:33+00:00","og_image":[{"width":1100,"height":1422,"url":"https:\/\/caviar-de-neuvic.com\/wp-content\/uploads\/2015\/12\/1989-Rillettes-desturgeon-au-caviar-90-grammes.jpg","type":"image\/jpeg"}],"twitter_card":"summary_large_image","twitter_misc":{"Gesch\u00e4tzte Lesezeit":"1 Minute"},"schema":{"@context":"https:\/\/schema.org","@graph":[{"@type":"WebPage","@id":"https:\/\/caviar-de-neuvic.com\/p\/accueil\/esturgeon\/rillettes-d-esturgeon\/rillettes-d-esturgeon-au-caviar\/","url":"https:\/\/caviar-de-neuvic.com\/p\/accueil\/esturgeon\/rillettes-d-esturgeon\/rillettes-d-esturgeon-au-caviar\/","name":"Rillettes d'esturgeon au caviar - Caviar de Neuvic","isPartOf":{"@id":"http:\/\/caviar-de-neuvic.com\/fr\/#website"},"primaryImageOfPage":{"@id":"https:\/\/caviar-de-neuvic.com\/p\/accueil\/esturgeon\/rillettes-d-esturgeon\/rillettes-d-esturgeon-au-caviar\/#primaryimage"},"image":{"@id":"https:\/\/caviar-de-neuvic.com\/p\/accueil\/esturgeon\/rillettes-d-esturgeon\/rillettes-d-esturgeon-au-caviar\/#primaryimage"},"thumbnailUrl":"https:\/\/caviar-de-neuvic.com\/wp-content\/uploads\/2015\/12\/1989-Rillettes-desturgeon-au-caviar-90-grammes.jpg","datePublished":"2015-12-13T22:29:02+00:00","dateModified":"2026-02-09T18:01:33+00:00","description":"Nos rillettes d'esturgeon au caviar sont une cr\u00e9ation gastronomique qui marie l'onctuosit\u00e9 de l'esturgeon fum\u00e9 \u00e0 la richesse des perles de caviar.","breadcrumb":{"@id":"https:\/\/caviar-de-neuvic.com\/p\/accueil\/esturgeon\/rillettes-d-esturgeon\/rillettes-d-esturgeon-au-caviar\/#breadcrumb"},"inLanguage":"de-CH","potentialAction":[{"@type":"ReadAction","target":["https:\/\/caviar-de-neuvic.com\/p\/accueil\/esturgeon\/rillettes-d-esturgeon\/rillettes-d-esturgeon-au-caviar\/"]}]},{"@type":"ImageObject","inLanguage":"de-CH","@id":"https:\/\/caviar-de-neuvic.com\/p\/accueil\/esturgeon\/rillettes-d-esturgeon\/rillettes-d-esturgeon-au-caviar\/#primaryimage","url":"https:\/\/caviar-de-neuvic.com\/wp-content\/uploads\/2015\/12\/1989-Rillettes-desturgeon-au-caviar-90-grammes.jpg","contentUrl":"https:\/\/caviar-de-neuvic.com\/wp-content\/uploads\/2015\/12\/1989-Rillettes-desturgeon-au-caviar-90-grammes.jpg","width":1100,"height":1422,"caption":"Rillettes d'esturgeon au caviar - 90 grammes"},{"@type":"BreadcrumbList","@id":"https:\/\/caviar-de-neuvic.com\/p\/accueil\/esturgeon\/rillettes-d-esturgeon\/rillettes-d-esturgeon-au-caviar\/#breadcrumb","itemListElement":[{"@type":"ListItem","position":1,"name":"Caviar de Neuvic","item":"https:\/\/caviar-de-neuvic.com\/"},{"@type":"ListItem","position":2,"name":"Shop","item":"https:\/\/caviar-de-neuvic.com\/en\/shop\/"},{"@type":"ListItem","position":3,"name":"Rillettes d&rsquo;esturgeon au caviar"}]},{"@type":"WebSite","@id":"http:\/\/caviar-de-neuvic.com\/fr\/#website","url":"http:\/\/caviar-de-neuvic.com\/fr\/","name":"Producteur Fran\u00e7ais De Caviar","description":"","publisher":{"@id":"http:\/\/caviar-de-neuvic.com\/fr\/#organization"},"potentialAction":[{"@type":"SearchAction","target":{"@type":"EntryPoint","urlTemplate":"http:\/\/caviar-de-neuvic.com\/fr\/?s={search_term_string}"},"query-input":{"@type":"PropertyValueSpecification","valueRequired":true,"valueName":"search_term_string"}}],"inLanguage":"de-CH"},{"@type":"Organization","@id":"http:\/\/caviar-de-neuvic.com\/fr\/#organization","name":"Producteur Fran\u00e7ais De Caviar","url":"http:\/\/caviar-de-neuvic.com\/fr\/","logo":{"@type":"ImageObject","inLanguage":"de-CH","@id":"http:\/\/caviar-de-neuvic.com\/fr\/#\/schema\/logo\/image\/","url":"","contentUrl":"","caption":"Producteur Fran\u00e7ais De Caviar"},"image":{"@id":"http:\/\/caviar-de-neuvic.com\/fr\/#\/schema\/logo\/image\/"}}]}},"_links":{"self":[{"href":"https:\/\/caviar-de-neuvic.com\/de_ch\/wp-json\/wp\/v2\/product\/227","targetHints":{"allow":["GET"]}}],"collection":[{"href":"https:\/\/caviar-de-neuvic.com\/de_ch\/wp-json\/wp\/v2\/product"}],"about":[{"href":"https:\/\/caviar-de-neuvic.com\/de_ch\/wp-json\/wp\/v2\/types\/product"}],"version-history":[{"count":3,"href":"https:\/\/caviar-de-neuvic.com\/de_ch\/wp-json\/wp\/v2\/product\/227\/revisions"}],"predecessor-version":[{"id":31325,"href":"https:\/\/caviar-de-neuvic.com\/de_ch\/wp-json\/wp\/v2\/product\/227\/revisions\/31325"}],"wp:featuredmedia":[{"embeddable":true,"href":"https:\/\/caviar-de-neuvic.com\/de_ch\/wp-json\/wp\/v2\/media\/223"}],"wp:attachment":[{"href":"https:\/\/caviar-de-neuvic.com\/de_ch\/wp-json\/wp\/v2\/media?parent=227"}],"wp:term":[{"taxonomy":"product_brand","embeddable":true,"href":"https:\/\/caviar-de-neuvic.com\/de_ch\/wp-json\/wp\/v2\/product_brand?post=227"},{"taxonomy":"product_cat","embeddable":true,"href":"https:\/\/caviar-de-neuvic.com\/de_ch\/wp-json\/wp\/v2\/product_cat?post=227"},{"taxonomy":"product_tag","embeddable":true,"href":"https:\/\/caviar-de-neuvic.com\/de_ch\/wp-json\/wp\/v2\/product_tag?post=227"}],"curies":[{"name":"wp","href":"https:\/\/api.w.org\/{rel}","templated":true}]}}