{"id":2294,"date":"2024-08-14T09:47:20","date_gmt":"2024-08-14T09:47:20","guid":{"rendered":"https:\/\/caviar-de-neuvic.com\/produits\/huile-de-pepin-de-raisin-a-la-truffe-noire\/"},"modified":"2026-04-26T12:42:08","modified_gmt":"2026-04-26T10:42:08","slug":"huile-de-pepin-de-raisin-a-la-truffe-noire","status":"publish","type":"product","link":"https:\/\/caviar-de-neuvic.com\/de_ch\/p\/accueil\/l-epicerie-neuvic\/epicerie-truffe\/huile-de-pepin-de-raisin-a-la-truffe-noire\/","title":{"rendered":"Traubenkern\u00f6l mit schwarzem Tr\u00fcffel"},"content":{"rendered":"<div class=\"col-md-3 titre\">Valeurs Nutritionnelles :<\/div>\n<div class=\"col-md-3 titre\">\n<table class=\"table table-bordered valeurs\" border=\"1\" width=\"452\">\n<thead>\n<tr>\n<th colspan=\"4\">Pr 100 g<\/th>\n<\/tr>\n<\/thead>\n<tbody>\n<tr>\n<td>Valeur calorique (Kcal)<\/td>\n<td>900<\/td>\n<td>Lipides (g) dont acides gras satur\u00e9s\u00a0 (g)<\/td>\n<td>100<\/td>\n<\/tr>\n<tr>\n<td>Valeur calorique (Kj)<\/td>\n<td>3700<\/td>\n<td>Kohlenhydrate (g) davon Zucker (g)<\/td>\n<td>0<\/td>\n<\/tr>\n<tr>\n<td>Eiwei\u00df (g)<\/td>\n<td>0<\/td>\n<td>Salz (g)<\/td>\n<td>0<\/td>\n<\/tr>\n<\/tbody>\n<\/table>\n<\/div>","protected":false},"excerpt":{"rendered":"<p>Entdecken Sie unser mit schwarzem Tr\u00fcffel angereichertes Traubenkern\u00f6l, das den intensiven Geschmack des Tr\u00fcffels unterstreicht. Dank des nat\u00fcrlich milden und neutralen Traubenkern\u00f6ls entfaltet der schwarze Tr\u00fcffel sein volles Aroma. Getrocknete schwarze Tr\u00fcffelst\u00fcckchen werden in das \u00d6l eingelegt und verleihen ihm seinen einzigartigen und raffinierten Geschmack.<\/p>\n<p>Dieses echte Tr\u00fcffel\u00f6l wird in Frankreich aus hochwertigem Traubenkern\u00f6l hergestellt und vor Ort in der Moulin de la Veyssi\u00e8re, nur 500 Meter vom Weingut entfernt, abgef\u00fcllt. Es eignet sich perfekt zum Verfeinern Ihrer Gerichte und ist ideal zum W\u00fcrzen von Pasta, Risotto und Pizza oder um Ihren Vorspeisen und Aperitifs eine k\u00f6stliche Note zu verleihen. F\u00fcgen Sie es am Ende der Garzeit hinzu, um den maximalen Geschmack zu erzielen, oder tr\u00e4ufeln Sie es f\u00fcr ein kulinarisches Erlebnis \u00fcber Bruschetta mit Pilzen.<\/p>","protected":false},"featured_media":2293,"template":"","meta":{"_acf_changed":false,"ocean_post_layout":"","ocean_both_sidebars_style":"","ocean_both_sidebars_content_width":0,"ocean_both_sidebars_sidebars_width":0,"ocean_sidebar":"0","ocean_second_sidebar":"0","ocean_disable_margins":"enable","ocean_add_body_class":"","ocean_shortcode_before_top_bar":"","ocean_shortcode_after_top_bar":"","ocean_shortcode_before_header":"","ocean_shortcode_after_header":"","ocean_has_shortcode":"","ocean_shortcode_after_title":"","ocean_shortcode_before_footer_widgets":"","ocean_shortcode_after_footer_widgets":"","ocean_shortcode_before_footer_bottom":"","ocean_shortcode_after_footer_bottom":"","ocean_display_top_bar":"default","ocean_display_header":"default","ocean_header_style":"","ocean_center_header_left_menu":"0","ocean_custom_header_template":"0","ocean_custom_logo":0,"ocean_custom_retina_logo":0,"ocean_custom_logo_max_width":0,"ocean_custom_logo_tablet_max_width":0,"ocean_custom_logo_mobile_max_width":0,"ocean_custom_logo_max_height":0,"ocean_custom_logo_tablet_max_height":0,"ocean_custom_logo_mobile_max_height":0,"ocean_header_custom_menu":"0","ocean_menu_typo_font_family":"0","ocean_menu_typo_font_subset":"","ocean_menu_typo_font_size":0,"ocean_menu_typo_font_size_tablet":0,"ocean_menu_typo_font_size_mobile":0,"ocean_menu_typo_font_size_unit":"px","ocean_menu_typo_font_weight":"","ocean_menu_typo_font_weight_tablet":"","ocean_menu_typo_font_weight_mobile":"","ocean_menu_typo_transform":"","ocean_menu_typo_transform_tablet":"","ocean_menu_typo_transform_mobile":"","ocean_menu_typo_line_height":0,"ocean_menu_typo_line_height_tablet":0,"ocean_menu_typo_line_height_mobile":0,"ocean_menu_typo_line_height_unit":"","ocean_menu_typo_spacing":0,"ocean_menu_typo_spacing_tablet":0,"ocean_menu_typo_spacing_mobile":0,"ocean_menu_typo_spacing_unit":"","ocean_menu_link_color":"","ocean_menu_link_color_hover":"","ocean_menu_link_color_active":"","ocean_menu_link_background":"","ocean_menu_link_hover_background":"","ocean_menu_link_active_background":"","ocean_menu_social_links_bg":"","ocean_menu_social_hover_links_bg":"","ocean_menu_social_links_color":"","ocean_menu_social_hover_links_color":"","ocean_disable_title":"default","ocean_disable_heading":"default","ocean_post_title":"","ocean_post_subheading":"","ocean_post_title_style":"","ocean_post_title_background_color":"","ocean_post_title_background":0,"ocean_post_title_bg_image_position":"","ocean_post_title_bg_image_attachment":"","ocean_post_title_bg_image_repeat":"","ocean_post_title_bg_image_size":"","ocean_post_title_height":0,"ocean_post_title_bg_overlay":0.5,"ocean_post_title_bg_overlay_color":"","ocean_disable_breadcrumbs":"default","ocean_breadcrumbs_color":"","ocean_breadcrumbs_separator_color":"","ocean_breadcrumbs_links_color":"","ocean_breadcrumbs_links_hover_color":"","ocean_display_footer_widgets":"default","ocean_display_footer_bottom":"default","ocean_custom_footer_template":"0","omw_enable_modal_window":"enable"},"product_brand":[],"product_cat":[50,22],"product_tag":[],"class_list":{"0":"post-2294","1":"product","2":"type-product","3":"status-publish","4":"has-post-thumbnail","6":"product_cat-epicerie-truffe","7":"product_cat-l-epicerie-neuvic","8":"product_shipping_class-sec","9":"pa_conservation-6e-dansunendroitfraisetsec_a","10":"pa_livraison-sec","12":"entry","13":"has-media","15":"first","16":"outofstock","17":"taxable","18":"shipping-taxable","19":"purchasable","20":"product-type-simple","21":"has-product-nav","22":"col","23":"span_1_of_3","24":"owp-content-center","25":"item-entry","26":"owp-thumbs-layout-vertical","27":"owp-btn-normal","28":"owp-tabs-layout-horizontal"},"acf":[],"yoast_head":"<!-- This site is optimized with the Yoast SEO plugin v27.5 - https:\/\/yoast.com\/product\/yoast-seo-wordpress\/ -->\n<title>Huile de p\u00e9pin de raisin\u200b \u00e0 la truffe noire\u200b - Caviar de Neuvic<\/title>\n<meta name=\"description\" content=\"D\u00e9couvrez notre huile de p\u00e9pin de raisin infus\u00e9e \u00e0 la truffe noire, con\u00e7ue pour sublimer le go\u00fbt intense de la truffe. Des brisures de truffe noire d\u00e9shydrat\u00e9e sont infus\u00e9es dans l&#039;huile.\" \/>\n<meta name=\"robots\" content=\"index, follow, max-snippet:-1, max-image-preview:large, max-video-preview:-1\" \/>\n<link rel=\"canonical\" href=\"https:\/\/caviar-de-neuvic.com\/de_ch\/p\/accueil\/l-epicerie-neuvic\/epicerie-truffe\/huile-de-pepin-de-raisin-a-la-truffe-noire\/\" \/>\n<meta property=\"og:locale\" content=\"de_DE\" \/>\n<meta property=\"og:type\" content=\"article\" \/>\n<meta property=\"og:title\" content=\"Huile de p\u00e9pin de raisin\u200b \u00e0 la truffe noire\u200b - Caviar de Neuvic\" \/>\n<meta property=\"og:description\" content=\"D\u00e9couvrez notre huile de p\u00e9pin de raisin infus\u00e9e \u00e0 la truffe noire, con\u00e7ue pour sublimer le go\u00fbt intense de la truffe. Des brisures de truffe noire d\u00e9shydrat\u00e9e sont infus\u00e9es dans l&#039;huile.\" \/>\n<meta property=\"og:url\" content=\"https:\/\/caviar-de-neuvic.com\/de_ch\/p\/accueil\/l-epicerie-neuvic\/epicerie-truffe\/huile-de-pepin-de-raisin-a-la-truffe-noire\/\" \/>\n<meta property=\"og:site_name\" content=\"Producteur Fran\u00e7ais De Caviar\" \/>\n<meta property=\"article:modified_time\" content=\"2026-04-26T10:42:08+00:00\" \/>\n<meta property=\"og:image\" content=\"https:\/\/caviar-de-neuvic.com\/wp-content\/uploads\/2024\/08\/2747-Huile-de-pepin-de-raisin\u200b-a-la-truffe-noire\u200b.jpg\" \/>\n\t<meta property=\"og:image:width\" content=\"1100\" \/>\n\t<meta property=\"og:image:height\" content=\"1422\" \/>\n\t<meta property=\"og:image:type\" content=\"image\/jpeg\" \/>\n<meta name=\"twitter:card\" content=\"summary_large_image\" \/>\n<meta name=\"twitter:label1\" content=\"Gesch\u00e4tzte Lesezeit\" \/>\n\t<meta name=\"twitter:data1\" content=\"1 Minute\" \/>\n<script type=\"application\/ld+json\" class=\"yoast-schema-graph\">{\"@context\":\"https:\\\/\\\/schema.org\",\"@graph\":[{\"@type\":\"WebPage\",\"@id\":\"https:\\\/\\\/caviar-de-neuvic.com\\\/p\\\/accueil\\\/l-epicerie-neuvic\\\/epicerie-truffe\\\/huile-de-pepin-de-raisin-a-la-truffe-noire\\\/\",\"url\":\"https:\\\/\\\/caviar-de-neuvic.com\\\/p\\\/accueil\\\/l-epicerie-neuvic\\\/epicerie-truffe\\\/huile-de-pepin-de-raisin-a-la-truffe-noire\\\/\",\"name\":\"Huile de p\u00e9pin de raisin\u200b \u00e0 la truffe noire\u200b - Caviar de Neuvic\",\"isPartOf\":{\"@id\":\"http:\\\/\\\/caviar-de-neuvic.com\\\/fr\\\/#website\"},\"primaryImageOfPage\":{\"@id\":\"https:\\\/\\\/caviar-de-neuvic.com\\\/p\\\/accueil\\\/l-epicerie-neuvic\\\/epicerie-truffe\\\/huile-de-pepin-de-raisin-a-la-truffe-noire\\\/#primaryimage\"},\"image\":{\"@id\":\"https:\\\/\\\/caviar-de-neuvic.com\\\/p\\\/accueil\\\/l-epicerie-neuvic\\\/epicerie-truffe\\\/huile-de-pepin-de-raisin-a-la-truffe-noire\\\/#primaryimage\"},\"thumbnailUrl\":\"https:\\\/\\\/caviar-de-neuvic.com\\\/wp-content\\\/uploads\\\/2024\\\/08\\\/2747-Huile-de-pepin-de-raisin\u200b-a-la-truffe-noire\u200b.jpg\",\"datePublished\":\"2024-08-14T09:47:20+00:00\",\"dateModified\":\"2026-04-26T10:42:08+00:00\",\"description\":\"D\u00e9couvrez notre huile de p\u00e9pin de raisin infus\u00e9e \u00e0 la truffe noire, con\u00e7ue pour sublimer le go\u00fbt intense de la truffe. Des brisures de truffe noire d\u00e9shydrat\u00e9e sont infus\u00e9es dans l'huile.\",\"breadcrumb\":{\"@id\":\"https:\\\/\\\/caviar-de-neuvic.com\\\/p\\\/accueil\\\/l-epicerie-neuvic\\\/epicerie-truffe\\\/huile-de-pepin-de-raisin-a-la-truffe-noire\\\/#breadcrumb\"},\"inLanguage\":\"de-CH\",\"potentialAction\":[{\"@type\":\"ReadAction\",\"target\":[\"https:\\\/\\\/caviar-de-neuvic.com\\\/p\\\/accueil\\\/l-epicerie-neuvic\\\/epicerie-truffe\\\/huile-de-pepin-de-raisin-a-la-truffe-noire\\\/\"]}]},{\"@type\":\"ImageObject\",\"inLanguage\":\"de-CH\",\"@id\":\"https:\\\/\\\/caviar-de-neuvic.com\\\/p\\\/accueil\\\/l-epicerie-neuvic\\\/epicerie-truffe\\\/huile-de-pepin-de-raisin-a-la-truffe-noire\\\/#primaryimage\",\"url\":\"https:\\\/\\\/caviar-de-neuvic.com\\\/wp-content\\\/uploads\\\/2024\\\/08\\\/2747-Huile-de-pepin-de-raisin\u200b-a-la-truffe-noire\u200b.jpg\",\"contentUrl\":\"https:\\\/\\\/caviar-de-neuvic.com\\\/wp-content\\\/uploads\\\/2024\\\/08\\\/2747-Huile-de-pepin-de-raisin\u200b-a-la-truffe-noire\u200b.jpg\",\"width\":1100,\"height\":1422,\"caption\":\"Huile de p\u00e9pin de raisin\u200b \u00e0 la truffe noire\u200b\"},{\"@type\":\"BreadcrumbList\",\"@id\":\"https:\\\/\\\/caviar-de-neuvic.com\\\/p\\\/accueil\\\/l-epicerie-neuvic\\\/epicerie-truffe\\\/huile-de-pepin-de-raisin-a-la-truffe-noire\\\/#breadcrumb\",\"itemListElement\":[{\"@type\":\"ListItem\",\"position\":1,\"name\":\"Caviar de Neuvic\",\"item\":\"https:\\\/\\\/caviar-de-neuvic.com\\\/\"},{\"@type\":\"ListItem\",\"position\":2,\"name\":\"Shop\",\"item\":\"https:\\\/\\\/caviar-de-neuvic.com\\\/en\\\/shop\\\/\"},{\"@type\":\"ListItem\",\"position\":3,\"name\":\"Huile de p\u00e9pin de raisin\u200b \u00e0 la truffe noire\u200b\"}]},{\"@type\":\"WebSite\",\"@id\":\"http:\\\/\\\/caviar-de-neuvic.com\\\/fr\\\/#website\",\"url\":\"http:\\\/\\\/caviar-de-neuvic.com\\\/fr\\\/\",\"name\":\"Producteur Fran\u00e7ais De Caviar\",\"description\":\"\",\"publisher\":{\"@id\":\"http:\\\/\\\/caviar-de-neuvic.com\\\/fr\\\/#organization\"},\"potentialAction\":[{\"@type\":\"SearchAction\",\"target\":{\"@type\":\"EntryPoint\",\"urlTemplate\":\"http:\\\/\\\/caviar-de-neuvic.com\\\/fr\\\/?s={search_term_string}\"},\"query-input\":{\"@type\":\"PropertyValueSpecification\",\"valueRequired\":true,\"valueName\":\"search_term_string\"}}],\"inLanguage\":\"de-CH\"},{\"@type\":\"Organization\",\"@id\":\"http:\\\/\\\/caviar-de-neuvic.com\\\/fr\\\/#organization\",\"name\":\"Producteur Fran\u00e7ais De Caviar\",\"url\":\"http:\\\/\\\/caviar-de-neuvic.com\\\/fr\\\/\",\"logo\":{\"@type\":\"ImageObject\",\"inLanguage\":\"de-CH\",\"@id\":\"http:\\\/\\\/caviar-de-neuvic.com\\\/fr\\\/#\\\/schema\\\/logo\\\/image\\\/\",\"url\":\"\",\"contentUrl\":\"\",\"caption\":\"Producteur Fran\u00e7ais De Caviar\"},\"image\":{\"@id\":\"http:\\\/\\\/caviar-de-neuvic.com\\\/fr\\\/#\\\/schema\\\/logo\\\/image\\\/\"}}]}<\/script>\n<!-- \/ Yoast SEO plugin. -->","yoast_head_json":{"title":"Huile de p\u00e9pin de raisin\u200b \u00e0 la truffe noire\u200b - Caviar de Neuvic","description":"D\u00e9couvrez notre huile de p\u00e9pin de raisin infus\u00e9e \u00e0 la truffe noire, con\u00e7ue pour sublimer le go\u00fbt intense de la truffe. Des brisures de truffe noire d\u00e9shydrat\u00e9e sont infus\u00e9es dans l'huile.","robots":{"index":"index","follow":"follow","max-snippet":"max-snippet:-1","max-image-preview":"max-image-preview:large","max-video-preview":"max-video-preview:-1"},"canonical":"https:\/\/caviar-de-neuvic.com\/de_ch\/p\/accueil\/l-epicerie-neuvic\/epicerie-truffe\/huile-de-pepin-de-raisin-a-la-truffe-noire\/","og_locale":"de_DE","og_type":"article","og_title":"Huile de p\u00e9pin de raisin\u200b \u00e0 la truffe noire\u200b - Caviar de Neuvic","og_description":"D\u00e9couvrez notre huile de p\u00e9pin de raisin infus\u00e9e \u00e0 la truffe noire, con\u00e7ue pour sublimer le go\u00fbt intense de la truffe. Des brisures de truffe noire d\u00e9shydrat\u00e9e sont infus\u00e9es dans l'huile.","og_url":"https:\/\/caviar-de-neuvic.com\/de_ch\/p\/accueil\/l-epicerie-neuvic\/epicerie-truffe\/huile-de-pepin-de-raisin-a-la-truffe-noire\/","og_site_name":"Producteur Fran\u00e7ais De Caviar","article_modified_time":"2026-04-26T10:42:08+00:00","og_image":[{"width":1100,"height":1422,"url":"https:\/\/caviar-de-neuvic.com\/wp-content\/uploads\/2024\/08\/2747-Huile-de-pepin-de-raisin\u200b-a-la-truffe-noire\u200b.jpg","type":"image\/jpeg"}],"twitter_card":"summary_large_image","twitter_misc":{"Gesch\u00e4tzte Lesezeit":"1 Minute"},"schema":{"@context":"https:\/\/schema.org","@graph":[{"@type":"WebPage","@id":"https:\/\/caviar-de-neuvic.com\/p\/accueil\/l-epicerie-neuvic\/epicerie-truffe\/huile-de-pepin-de-raisin-a-la-truffe-noire\/","url":"https:\/\/caviar-de-neuvic.com\/p\/accueil\/l-epicerie-neuvic\/epicerie-truffe\/huile-de-pepin-de-raisin-a-la-truffe-noire\/","name":"Huile de p\u00e9pin de raisin\u200b \u00e0 la truffe noire\u200b - Caviar de Neuvic","isPartOf":{"@id":"http:\/\/caviar-de-neuvic.com\/fr\/#website"},"primaryImageOfPage":{"@id":"https:\/\/caviar-de-neuvic.com\/p\/accueil\/l-epicerie-neuvic\/epicerie-truffe\/huile-de-pepin-de-raisin-a-la-truffe-noire\/#primaryimage"},"image":{"@id":"https:\/\/caviar-de-neuvic.com\/p\/accueil\/l-epicerie-neuvic\/epicerie-truffe\/huile-de-pepin-de-raisin-a-la-truffe-noire\/#primaryimage"},"thumbnailUrl":"https:\/\/caviar-de-neuvic.com\/wp-content\/uploads\/2024\/08\/2747-Huile-de-pepin-de-raisin\u200b-a-la-truffe-noire\u200b.jpg","datePublished":"2024-08-14T09:47:20+00:00","dateModified":"2026-04-26T10:42:08+00:00","description":"D\u00e9couvrez notre huile de p\u00e9pin de raisin infus\u00e9e \u00e0 la truffe noire, con\u00e7ue pour sublimer le go\u00fbt intense de la truffe. Des brisures de truffe noire d\u00e9shydrat\u00e9e sont infus\u00e9es dans l'huile.","breadcrumb":{"@id":"https:\/\/caviar-de-neuvic.com\/p\/accueil\/l-epicerie-neuvic\/epicerie-truffe\/huile-de-pepin-de-raisin-a-la-truffe-noire\/#breadcrumb"},"inLanguage":"de-CH","potentialAction":[{"@type":"ReadAction","target":["https:\/\/caviar-de-neuvic.com\/p\/accueil\/l-epicerie-neuvic\/epicerie-truffe\/huile-de-pepin-de-raisin-a-la-truffe-noire\/"]}]},{"@type":"ImageObject","inLanguage":"de-CH","@id":"https:\/\/caviar-de-neuvic.com\/p\/accueil\/l-epicerie-neuvic\/epicerie-truffe\/huile-de-pepin-de-raisin-a-la-truffe-noire\/#primaryimage","url":"https:\/\/caviar-de-neuvic.com\/wp-content\/uploads\/2024\/08\/2747-Huile-de-pepin-de-raisin\u200b-a-la-truffe-noire\u200b.jpg","contentUrl":"https:\/\/caviar-de-neuvic.com\/wp-content\/uploads\/2024\/08\/2747-Huile-de-pepin-de-raisin\u200b-a-la-truffe-noire\u200b.jpg","width":1100,"height":1422,"caption":"Huile de p\u00e9pin de raisin\u200b \u00e0 la truffe noire\u200b"},{"@type":"BreadcrumbList","@id":"https:\/\/caviar-de-neuvic.com\/p\/accueil\/l-epicerie-neuvic\/epicerie-truffe\/huile-de-pepin-de-raisin-a-la-truffe-noire\/#breadcrumb","itemListElement":[{"@type":"ListItem","position":1,"name":"Caviar de Neuvic","item":"https:\/\/caviar-de-neuvic.com\/"},{"@type":"ListItem","position":2,"name":"Shop","item":"https:\/\/caviar-de-neuvic.com\/en\/shop\/"},{"@type":"ListItem","position":3,"name":"Huile de p\u00e9pin de raisin\u200b \u00e0 la truffe noire\u200b"}]},{"@type":"WebSite","@id":"http:\/\/caviar-de-neuvic.com\/fr\/#website","url":"http:\/\/caviar-de-neuvic.com\/fr\/","name":"Producteur Fran\u00e7ais De Caviar","description":"","publisher":{"@id":"http:\/\/caviar-de-neuvic.com\/fr\/#organization"},"potentialAction":[{"@type":"SearchAction","target":{"@type":"EntryPoint","urlTemplate":"http:\/\/caviar-de-neuvic.com\/fr\/?s={search_term_string}"},"query-input":{"@type":"PropertyValueSpecification","valueRequired":true,"valueName":"search_term_string"}}],"inLanguage":"de-CH"},{"@type":"Organization","@id":"http:\/\/caviar-de-neuvic.com\/fr\/#organization","name":"Producteur Fran\u00e7ais De Caviar","url":"http:\/\/caviar-de-neuvic.com\/fr\/","logo":{"@type":"ImageObject","inLanguage":"de-CH","@id":"http:\/\/caviar-de-neuvic.com\/fr\/#\/schema\/logo\/image\/","url":"","contentUrl":"","caption":"Producteur Fran\u00e7ais De Caviar"},"image":{"@id":"http:\/\/caviar-de-neuvic.com\/fr\/#\/schema\/logo\/image\/"}}]}},"_links":{"self":[{"href":"https:\/\/caviar-de-neuvic.com\/de_ch\/wp-json\/wp\/v2\/product\/2294","targetHints":{"allow":["GET"]}}],"collection":[{"href":"https:\/\/caviar-de-neuvic.com\/de_ch\/wp-json\/wp\/v2\/product"}],"about":[{"href":"https:\/\/caviar-de-neuvic.com\/de_ch\/wp-json\/wp\/v2\/types\/product"}],"version-history":[{"count":2,"href":"https:\/\/caviar-de-neuvic.com\/de_ch\/wp-json\/wp\/v2\/product\/2294\/revisions"}],"predecessor-version":[{"id":29588,"href":"https:\/\/caviar-de-neuvic.com\/de_ch\/wp-json\/wp\/v2\/product\/2294\/revisions\/29588"}],"wp:featuredmedia":[{"embeddable":true,"href":"https:\/\/caviar-de-neuvic.com\/de_ch\/wp-json\/wp\/v2\/media\/2293"}],"wp:attachment":[{"href":"https:\/\/caviar-de-neuvic.com\/de_ch\/wp-json\/wp\/v2\/media?parent=2294"}],"wp:term":[{"taxonomy":"product_brand","embeddable":true,"href":"https:\/\/caviar-de-neuvic.com\/de_ch\/wp-json\/wp\/v2\/product_brand?post=2294"},{"taxonomy":"product_cat","embeddable":true,"href":"https:\/\/caviar-de-neuvic.com\/de_ch\/wp-json\/wp\/v2\/product_cat?post=2294"},{"taxonomy":"product_tag","embeddable":true,"href":"https:\/\/caviar-de-neuvic.com\/de_ch\/wp-json\/wp\/v2\/product_tag?post=2294"}],"curies":[{"name":"wp","href":"https:\/\/api.w.org\/{rel}","templated":true}]}}