{"id":2298,"date":"2024-08-14T12:04:33","date_gmt":"2024-08-14T12:04:33","guid":{"rendered":"https:\/\/caviar-de-neuvic.com\/produits\/moutarde-a-la-truffe\/"},"modified":"2026-01-20T15:06:21","modified_gmt":"2026-01-20T14:06:21","slug":"moutarde-a-la-truffe","status":"publish","type":"product","link":"https:\/\/caviar-de-neuvic.com\/de_ch\/p\/accueil\/l-epicerie-neuvic\/epicerie-truffe\/moutarde-a-la-truffe\/","title":{"rendered":"Truffle mustard"},"content":{"rendered":"<p><strong>N\u00e4hrwerte<\/strong><\/p>\n<table class=\"table table-bordered valeurs\" border=\"1\">\n<thead>\n<tr>\n<th colspan=\"4\">Pro 100 g<\/th>\n<\/tr>\n<\/thead>\n<tbody>\n<tr>\n<td>Energiewert (kcal)<\/td>\n<td>465<\/td>\n<td>Fett (g), davon ges\u00e4ttigte Fetts\u00e4uren (g)<\/td>\n<td>46\u00a0(6,3)<\/td>\n<\/tr>\n<tr>\n<td>Energiewert (kJ)<\/td>\n<td>1917<\/td>\n<td>Kohlenhydrate (g) davon Zucker (g)<\/td>\n<td>3,6\u00a0(0,5)<\/td>\n<\/tr>\n<tr>\n<td>Eiwei\u00df (g)<\/td>\n<td>8,4<\/td>\n<td>Sodium (g)<\/td>\n<td>2,2<\/td>\n<\/tr>\n<\/tbody>\n<\/table>","protected":false},"excerpt":{"rendered":"<p>Der Tr\u00fcffelsenf, der in Saint-Aulaye in der Dordogne, nur 30 km vom Weingut entfernt, auf traditionelle Weise hergestellt wird, ist ein wahrer kulinarischer Schatz. Die kr\u00e4ftigen Aromen der Tr\u00fcffel verfeinern Ihre Gerichte und W\u00fcrzmischungen und verleihen Ihrem Fleisch eine unvergleichliche Intensit\u00e4t. Dieser Senf wird in Zusammenarbeit mit unserem Partner Apisph\u00e8re aus franz\u00f6sischen Senfk\u00f6rnern hergestellt, von denen 50 % aus lokalem Bio-Anbau in der Dordogne stammen.<\/p>\n<p>Mit ihrem geringen Kaloriengehalt ist diese Tr\u00fcffel-Senf-Sauce die ideale Zutat, um den Geschmack Ihres Fleisches, egal ob rot oder wei\u00df, f\u00fcr ein au\u00dfergew\u00f6hnliches Essen zu unterstreichen. Sie verleiht auch Ihren Vinaigrettes und anderen W\u00fcrzmischungen eine raffinierte Note. F\u00fcr mehr Originalit\u00e4t k\u00f6nnen Sie sie auch zu Ihren R\u00fchreiern hinzuf\u00fcgen. Diese Tr\u00fcffel-Senf-Sauce eignet sich f\u00fcr alle Ihre kulinarischen W\u00fcnsche und verfeinert jeden Bissen mit einer exquisiten Tr\u00fcffelnote.<\/p>","protected":false},"featured_media":2297,"template":"","meta":{"_acf_changed":false,"ocean_post_layout":"","ocean_both_sidebars_style":"","ocean_both_sidebars_content_width":0,"ocean_both_sidebars_sidebars_width":0,"ocean_sidebar":"0","ocean_second_sidebar":"0","ocean_disable_margins":"enable","ocean_add_body_class":"","ocean_shortcode_before_top_bar":"","ocean_shortcode_after_top_bar":"","ocean_shortcode_before_header":"","ocean_shortcode_after_header":"","ocean_has_shortcode":"","ocean_shortcode_after_title":"","ocean_shortcode_before_footer_widgets":"","ocean_shortcode_after_footer_widgets":"","ocean_shortcode_before_footer_bottom":"","ocean_shortcode_after_footer_bottom":"","ocean_display_top_bar":"default","ocean_display_header":"default","ocean_header_style":"","ocean_center_header_left_menu":"0","ocean_custom_header_template":"0","ocean_custom_logo":0,"ocean_custom_retina_logo":0,"ocean_custom_logo_max_width":0,"ocean_custom_logo_tablet_max_width":0,"ocean_custom_logo_mobile_max_width":0,"ocean_custom_logo_max_height":0,"ocean_custom_logo_tablet_max_height":0,"ocean_custom_logo_mobile_max_height":0,"ocean_header_custom_menu":"0","ocean_menu_typo_font_family":"0","ocean_menu_typo_font_subset":"","ocean_menu_typo_font_size":0,"ocean_menu_typo_font_size_tablet":0,"ocean_menu_typo_font_size_mobile":0,"ocean_menu_typo_font_size_unit":"px","ocean_menu_typo_font_weight":"","ocean_menu_typo_font_weight_tablet":"","ocean_menu_typo_font_weight_mobile":"","ocean_menu_typo_transform":"","ocean_menu_typo_transform_tablet":"","ocean_menu_typo_transform_mobile":"","ocean_menu_typo_line_height":0,"ocean_menu_typo_line_height_tablet":0,"ocean_menu_typo_line_height_mobile":0,"ocean_menu_typo_line_height_unit":"","ocean_menu_typo_spacing":0,"ocean_menu_typo_spacing_tablet":0,"ocean_menu_typo_spacing_mobile":0,"ocean_menu_typo_spacing_unit":"","ocean_menu_link_color":"","ocean_menu_link_color_hover":"","ocean_menu_link_color_active":"","ocean_menu_link_background":"","ocean_menu_link_hover_background":"","ocean_menu_link_active_background":"","ocean_menu_social_links_bg":"","ocean_menu_social_hover_links_bg":"","ocean_menu_social_links_color":"","ocean_menu_social_hover_links_color":"","ocean_disable_title":"default","ocean_disable_heading":"default","ocean_post_title":"","ocean_post_subheading":"","ocean_post_title_style":"","ocean_post_title_background_color":"","ocean_post_title_background":0,"ocean_post_title_bg_image_position":"","ocean_post_title_bg_image_attachment":"","ocean_post_title_bg_image_repeat":"","ocean_post_title_bg_image_size":"","ocean_post_title_height":0,"ocean_post_title_bg_overlay":0.5,"ocean_post_title_bg_overlay_color":"","ocean_disable_breadcrumbs":"default","ocean_breadcrumbs_color":"","ocean_breadcrumbs_separator_color":"","ocean_breadcrumbs_links_color":"","ocean_breadcrumbs_links_hover_color":"","ocean_display_footer_widgets":"default","ocean_display_footer_bottom":"default","ocean_custom_footer_template":"0","omw_enable_modal_window":"enable"},"product_brand":[],"product_cat":[50,22],"product_tag":[],"class_list":{"0":"post-2298","1":"product","2":"type-product","3":"status-publish","4":"has-post-thumbnail","6":"product_cat-epicerie-truffe","7":"product_cat-l-epicerie-neuvic","8":"product_shipping_class-sec","9":"pa_conservation-endroitfraisetsec","10":"pa_dlc-6mois","11":"pa_livraison-sec","13":"entry","14":"has-media","16":"first","17":"outofstock","18":"taxable","19":"shipping-taxable","20":"purchasable","21":"product-type-simple","22":"has-product-nav","23":"col","24":"span_1_of_3","25":"owp-content-center","26":"item-entry","27":"owp-thumbs-layout-vertical","28":"owp-btn-normal","29":"owp-tabs-layout-horizontal"},"acf":[],"yoast_head":"<!-- This site is optimized with the Yoast SEO plugin v27.5 - https:\/\/yoast.com\/product\/yoast-seo-wordpress\/ -->\n<title>Moutarde \u00e0 la truffe - Caviar de Neuvic<\/title>\n<meta name=\"description\" content=\"La moutarde \u00e0 la truffe est un v\u00e9ritable tr\u00e9sor culinaire. Les ar\u00f4mes puissants de la truffe exaltent vos plats, vos assaisonnements, et subliment vos viandes avec une intensit\u00e9 in\u00e9gal\u00e9e.\" \/>\n<meta name=\"robots\" content=\"index, follow, max-snippet:-1, max-image-preview:large, max-video-preview:-1\" \/>\n<link rel=\"canonical\" href=\"https:\/\/caviar-de-neuvic.com\/de_ch\/p\/accueil\/l-epicerie-neuvic\/epicerie-truffe\/moutarde-a-la-truffe\/\" \/>\n<meta property=\"og:locale\" content=\"de_DE\" \/>\n<meta property=\"og:type\" content=\"article\" \/>\n<meta property=\"og:title\" content=\"Moutarde \u00e0 la truffe - Caviar de Neuvic\" \/>\n<meta property=\"og:description\" content=\"La moutarde \u00e0 la truffe est un v\u00e9ritable tr\u00e9sor culinaire. Les ar\u00f4mes puissants de la truffe exaltent vos plats, vos assaisonnements, et subliment vos viandes avec une intensit\u00e9 in\u00e9gal\u00e9e.\" \/>\n<meta property=\"og:url\" content=\"https:\/\/caviar-de-neuvic.com\/de_ch\/p\/accueil\/l-epicerie-neuvic\/epicerie-truffe\/moutarde-a-la-truffe\/\" \/>\n<meta property=\"og:site_name\" content=\"Producteur Fran\u00e7ais De Caviar\" \/>\n<meta property=\"article:modified_time\" content=\"2026-01-20T14:06:21+00:00\" \/>\n<meta property=\"og:image\" content=\"https:\/\/caviar-de-neuvic.com\/wp-content\/uploads\/2024\/08\/2749-Moutarde-a-la-truffe.jpg\" \/>\n\t<meta property=\"og:image:width\" content=\"1100\" \/>\n\t<meta property=\"og:image:height\" content=\"1422\" \/>\n\t<meta property=\"og:image:type\" content=\"image\/jpeg\" \/>\n<meta name=\"twitter:card\" content=\"summary_large_image\" \/>\n<meta name=\"twitter:label1\" content=\"Gesch\u00e4tzte Lesezeit\" \/>\n\t<meta name=\"twitter:data1\" content=\"1 Minute\" \/>\n<script type=\"application\/ld+json\" class=\"yoast-schema-graph\">{\"@context\":\"https:\\\/\\\/schema.org\",\"@graph\":[{\"@type\":\"WebPage\",\"@id\":\"https:\\\/\\\/caviar-de-neuvic.com\\\/p\\\/accueil\\\/l-epicerie-neuvic\\\/epicerie-truffe\\\/moutarde-a-la-truffe\\\/\",\"url\":\"https:\\\/\\\/caviar-de-neuvic.com\\\/p\\\/accueil\\\/l-epicerie-neuvic\\\/epicerie-truffe\\\/moutarde-a-la-truffe\\\/\",\"name\":\"Moutarde \u00e0 la truffe - Caviar de Neuvic\",\"isPartOf\":{\"@id\":\"http:\\\/\\\/caviar-de-neuvic.com\\\/fr\\\/#website\"},\"primaryImageOfPage\":{\"@id\":\"https:\\\/\\\/caviar-de-neuvic.com\\\/p\\\/accueil\\\/l-epicerie-neuvic\\\/epicerie-truffe\\\/moutarde-a-la-truffe\\\/#primaryimage\"},\"image\":{\"@id\":\"https:\\\/\\\/caviar-de-neuvic.com\\\/p\\\/accueil\\\/l-epicerie-neuvic\\\/epicerie-truffe\\\/moutarde-a-la-truffe\\\/#primaryimage\"},\"thumbnailUrl\":\"https:\\\/\\\/caviar-de-neuvic.com\\\/wp-content\\\/uploads\\\/2024\\\/08\\\/2749-Moutarde-a-la-truffe.jpg\",\"datePublished\":\"2024-08-14T12:04:33+00:00\",\"dateModified\":\"2026-01-20T14:06:21+00:00\",\"description\":\"La moutarde \u00e0 la truffe est un v\u00e9ritable tr\u00e9sor culinaire. Les ar\u00f4mes puissants de la truffe exaltent vos plats, vos assaisonnements, et subliment vos viandes avec une intensit\u00e9 in\u00e9gal\u00e9e.\",\"breadcrumb\":{\"@id\":\"https:\\\/\\\/caviar-de-neuvic.com\\\/p\\\/accueil\\\/l-epicerie-neuvic\\\/epicerie-truffe\\\/moutarde-a-la-truffe\\\/#breadcrumb\"},\"inLanguage\":\"de-CH\",\"potentialAction\":[{\"@type\":\"ReadAction\",\"target\":[\"https:\\\/\\\/caviar-de-neuvic.com\\\/p\\\/accueil\\\/l-epicerie-neuvic\\\/epicerie-truffe\\\/moutarde-a-la-truffe\\\/\"]}]},{\"@type\":\"ImageObject\",\"inLanguage\":\"de-CH\",\"@id\":\"https:\\\/\\\/caviar-de-neuvic.com\\\/p\\\/accueil\\\/l-epicerie-neuvic\\\/epicerie-truffe\\\/moutarde-a-la-truffe\\\/#primaryimage\",\"url\":\"https:\\\/\\\/caviar-de-neuvic.com\\\/wp-content\\\/uploads\\\/2024\\\/08\\\/2749-Moutarde-a-la-truffe.jpg\",\"contentUrl\":\"https:\\\/\\\/caviar-de-neuvic.com\\\/wp-content\\\/uploads\\\/2024\\\/08\\\/2749-Moutarde-a-la-truffe.jpg\",\"width\":1100,\"height\":1422,\"caption\":\"Moutarde \u00e0 la truffe\"},{\"@type\":\"BreadcrumbList\",\"@id\":\"https:\\\/\\\/caviar-de-neuvic.com\\\/p\\\/accueil\\\/l-epicerie-neuvic\\\/epicerie-truffe\\\/moutarde-a-la-truffe\\\/#breadcrumb\",\"itemListElement\":[{\"@type\":\"ListItem\",\"position\":1,\"name\":\"Caviar de Neuvic\",\"item\":\"https:\\\/\\\/caviar-de-neuvic.com\\\/\"},{\"@type\":\"ListItem\",\"position\":2,\"name\":\"Shop\",\"item\":\"https:\\\/\\\/caviar-de-neuvic.com\\\/en\\\/shop\\\/\"},{\"@type\":\"ListItem\",\"position\":3,\"name\":\"Moutarde \u00e0 la truffe\"}]},{\"@type\":\"WebSite\",\"@id\":\"http:\\\/\\\/caviar-de-neuvic.com\\\/fr\\\/#website\",\"url\":\"http:\\\/\\\/caviar-de-neuvic.com\\\/fr\\\/\",\"name\":\"Producteur Fran\u00e7ais De Caviar\",\"description\":\"\",\"publisher\":{\"@id\":\"http:\\\/\\\/caviar-de-neuvic.com\\\/fr\\\/#organization\"},\"potentialAction\":[{\"@type\":\"SearchAction\",\"target\":{\"@type\":\"EntryPoint\",\"urlTemplate\":\"http:\\\/\\\/caviar-de-neuvic.com\\\/fr\\\/?s={search_term_string}\"},\"query-input\":{\"@type\":\"PropertyValueSpecification\",\"valueRequired\":true,\"valueName\":\"search_term_string\"}}],\"inLanguage\":\"de-CH\"},{\"@type\":\"Organization\",\"@id\":\"http:\\\/\\\/caviar-de-neuvic.com\\\/fr\\\/#organization\",\"name\":\"Producteur Fran\u00e7ais De Caviar\",\"url\":\"http:\\\/\\\/caviar-de-neuvic.com\\\/fr\\\/\",\"logo\":{\"@type\":\"ImageObject\",\"inLanguage\":\"de-CH\",\"@id\":\"http:\\\/\\\/caviar-de-neuvic.com\\\/fr\\\/#\\\/schema\\\/logo\\\/image\\\/\",\"url\":\"\",\"contentUrl\":\"\",\"caption\":\"Producteur Fran\u00e7ais De Caviar\"},\"image\":{\"@id\":\"http:\\\/\\\/caviar-de-neuvic.com\\\/fr\\\/#\\\/schema\\\/logo\\\/image\\\/\"}}]}<\/script>\n<!-- \/ Yoast SEO plugin. -->","yoast_head_json":{"title":"Moutarde \u00e0 la truffe - Caviar de Neuvic","description":"La moutarde \u00e0 la truffe est un v\u00e9ritable tr\u00e9sor culinaire. Les ar\u00f4mes puissants de la truffe exaltent vos plats, vos assaisonnements, et subliment vos viandes avec une intensit\u00e9 in\u00e9gal\u00e9e.","robots":{"index":"index","follow":"follow","max-snippet":"max-snippet:-1","max-image-preview":"max-image-preview:large","max-video-preview":"max-video-preview:-1"},"canonical":"https:\/\/caviar-de-neuvic.com\/de_ch\/p\/accueil\/l-epicerie-neuvic\/epicerie-truffe\/moutarde-a-la-truffe\/","og_locale":"de_DE","og_type":"article","og_title":"Moutarde \u00e0 la truffe - Caviar de Neuvic","og_description":"La moutarde \u00e0 la truffe est un v\u00e9ritable tr\u00e9sor culinaire. Les ar\u00f4mes puissants de la truffe exaltent vos plats, vos assaisonnements, et subliment vos viandes avec une intensit\u00e9 in\u00e9gal\u00e9e.","og_url":"https:\/\/caviar-de-neuvic.com\/de_ch\/p\/accueil\/l-epicerie-neuvic\/epicerie-truffe\/moutarde-a-la-truffe\/","og_site_name":"Producteur Fran\u00e7ais De Caviar","article_modified_time":"2026-01-20T14:06:21+00:00","og_image":[{"width":1100,"height":1422,"url":"https:\/\/caviar-de-neuvic.com\/wp-content\/uploads\/2024\/08\/2749-Moutarde-a-la-truffe.jpg","type":"image\/jpeg"}],"twitter_card":"summary_large_image","twitter_misc":{"Gesch\u00e4tzte Lesezeit":"1 Minute"},"schema":{"@context":"https:\/\/schema.org","@graph":[{"@type":"WebPage","@id":"https:\/\/caviar-de-neuvic.com\/p\/accueil\/l-epicerie-neuvic\/epicerie-truffe\/moutarde-a-la-truffe\/","url":"https:\/\/caviar-de-neuvic.com\/p\/accueil\/l-epicerie-neuvic\/epicerie-truffe\/moutarde-a-la-truffe\/","name":"Moutarde \u00e0 la truffe - Caviar de Neuvic","isPartOf":{"@id":"http:\/\/caviar-de-neuvic.com\/fr\/#website"},"primaryImageOfPage":{"@id":"https:\/\/caviar-de-neuvic.com\/p\/accueil\/l-epicerie-neuvic\/epicerie-truffe\/moutarde-a-la-truffe\/#primaryimage"},"image":{"@id":"https:\/\/caviar-de-neuvic.com\/p\/accueil\/l-epicerie-neuvic\/epicerie-truffe\/moutarde-a-la-truffe\/#primaryimage"},"thumbnailUrl":"https:\/\/caviar-de-neuvic.com\/wp-content\/uploads\/2024\/08\/2749-Moutarde-a-la-truffe.jpg","datePublished":"2024-08-14T12:04:33+00:00","dateModified":"2026-01-20T14:06:21+00:00","description":"La moutarde \u00e0 la truffe est un v\u00e9ritable tr\u00e9sor culinaire. Les ar\u00f4mes puissants de la truffe exaltent vos plats, vos assaisonnements, et subliment vos viandes avec une intensit\u00e9 in\u00e9gal\u00e9e.","breadcrumb":{"@id":"https:\/\/caviar-de-neuvic.com\/p\/accueil\/l-epicerie-neuvic\/epicerie-truffe\/moutarde-a-la-truffe\/#breadcrumb"},"inLanguage":"de-CH","potentialAction":[{"@type":"ReadAction","target":["https:\/\/caviar-de-neuvic.com\/p\/accueil\/l-epicerie-neuvic\/epicerie-truffe\/moutarde-a-la-truffe\/"]}]},{"@type":"ImageObject","inLanguage":"de-CH","@id":"https:\/\/caviar-de-neuvic.com\/p\/accueil\/l-epicerie-neuvic\/epicerie-truffe\/moutarde-a-la-truffe\/#primaryimage","url":"https:\/\/caviar-de-neuvic.com\/wp-content\/uploads\/2024\/08\/2749-Moutarde-a-la-truffe.jpg","contentUrl":"https:\/\/caviar-de-neuvic.com\/wp-content\/uploads\/2024\/08\/2749-Moutarde-a-la-truffe.jpg","width":1100,"height":1422,"caption":"Moutarde \u00e0 la truffe"},{"@type":"BreadcrumbList","@id":"https:\/\/caviar-de-neuvic.com\/p\/accueil\/l-epicerie-neuvic\/epicerie-truffe\/moutarde-a-la-truffe\/#breadcrumb","itemListElement":[{"@type":"ListItem","position":1,"name":"Caviar de Neuvic","item":"https:\/\/caviar-de-neuvic.com\/"},{"@type":"ListItem","position":2,"name":"Shop","item":"https:\/\/caviar-de-neuvic.com\/en\/shop\/"},{"@type":"ListItem","position":3,"name":"Moutarde \u00e0 la truffe"}]},{"@type":"WebSite","@id":"http:\/\/caviar-de-neuvic.com\/fr\/#website","url":"http:\/\/caviar-de-neuvic.com\/fr\/","name":"Producteur Fran\u00e7ais De Caviar","description":"","publisher":{"@id":"http:\/\/caviar-de-neuvic.com\/fr\/#organization"},"potentialAction":[{"@type":"SearchAction","target":{"@type":"EntryPoint","urlTemplate":"http:\/\/caviar-de-neuvic.com\/fr\/?s={search_term_string}"},"query-input":{"@type":"PropertyValueSpecification","valueRequired":true,"valueName":"search_term_string"}}],"inLanguage":"de-CH"},{"@type":"Organization","@id":"http:\/\/caviar-de-neuvic.com\/fr\/#organization","name":"Producteur Fran\u00e7ais De Caviar","url":"http:\/\/caviar-de-neuvic.com\/fr\/","logo":{"@type":"ImageObject","inLanguage":"de-CH","@id":"http:\/\/caviar-de-neuvic.com\/fr\/#\/schema\/logo\/image\/","url":"","contentUrl":"","caption":"Producteur Fran\u00e7ais De Caviar"},"image":{"@id":"http:\/\/caviar-de-neuvic.com\/fr\/#\/schema\/logo\/image\/"}}]}},"_links":{"self":[{"href":"https:\/\/caviar-de-neuvic.com\/de_ch\/wp-json\/wp\/v2\/product\/2298","targetHints":{"allow":["GET"]}}],"collection":[{"href":"https:\/\/caviar-de-neuvic.com\/de_ch\/wp-json\/wp\/v2\/product"}],"about":[{"href":"https:\/\/caviar-de-neuvic.com\/de_ch\/wp-json\/wp\/v2\/types\/product"}],"version-history":[{"count":2,"href":"https:\/\/caviar-de-neuvic.com\/de_ch\/wp-json\/wp\/v2\/product\/2298\/revisions"}],"predecessor-version":[{"id":29587,"href":"https:\/\/caviar-de-neuvic.com\/de_ch\/wp-json\/wp\/v2\/product\/2298\/revisions\/29587"}],"wp:featuredmedia":[{"embeddable":true,"href":"https:\/\/caviar-de-neuvic.com\/de_ch\/wp-json\/wp\/v2\/media\/2297"}],"wp:attachment":[{"href":"https:\/\/caviar-de-neuvic.com\/de_ch\/wp-json\/wp\/v2\/media?parent=2298"}],"wp:term":[{"taxonomy":"product_brand","embeddable":true,"href":"https:\/\/caviar-de-neuvic.com\/de_ch\/wp-json\/wp\/v2\/product_brand?post=2298"},{"taxonomy":"product_cat","embeddable":true,"href":"https:\/\/caviar-de-neuvic.com\/de_ch\/wp-json\/wp\/v2\/product_cat?post=2298"},{"taxonomy":"product_tag","embeddable":true,"href":"https:\/\/caviar-de-neuvic.com\/de_ch\/wp-json\/wp\/v2\/product_tag?post=2298"}],"curies":[{"name":"wp","href":"https:\/\/api.w.org\/{rel}","templated":true}]}}