{"id":2433,"date":"2024-12-03T16:54:48","date_gmt":"2024-12-03T16:54:48","guid":{"rendered":"https:\/\/caviar-de-neuvic.com\/produits\/formation-degustation\/"},"modified":"2025-10-06T09:39:50","modified_gmt":"2025-10-06T09:39:50","slug":"formation-degustation","status":"publish","type":"product","link":"https:\/\/caviar-de-neuvic.com\/de_ch\/p\/accueil\/nos-offres-formation-en-ligne\/formation-degustation\/","title":{"rendered":"Formation D\u00e9gustation"},"content":{"rendered":"","protected":false},"excerpt":{"rendered":"<p><strong>Wie man Kaviar unter optimalen Bedingungen ausw\u00e4hlt und verkostet.<\/strong><\/p>\n<p>Entdecken Sie die verschiedenen Kaviararten, Qualit\u00e4tskriterien und Verkostungstechniken. Eine sensorische Reise, die Geschichte, Raffinesse und praktische Tipps vereint, um jede Verkostung dieser au\u00dfergew\u00f6hnlichen Delikatesse zu einem unvergesslichen Erlebnis zu machen.<\/p>\n<p>Cette offre comprend :<\/p>\n<ol>\n<li>Acc\u00e8s \u00e0 un \u00e9pisode pour apprendre \u00e0 d\u00e9guster dans les r\u00e8gles de l\u2019art votre caviar.<\/li>\n<li>Un coffret d\u00e9gustation avec :<\/li>\n<\/ol>\n<ul style=\"list-style-type: circle;\">\n<li>10 g Caviar Baeri Signature<\/li>\n<li>10 g Caviar Osci\u00e8tre Signature<\/li>\n<li>1 Perlmuttl\u00f6ffel mit Logo<\/li>\n<li>1 Kaviar\u00f6ffner<\/li>\n<\/ul>\n<p>Photos non contractuelles<\/p>","protected":false},"featured_media":2430,"template":"","meta":{"_acf_changed":false,"ocean_post_layout":"","ocean_both_sidebars_style":"","ocean_both_sidebars_content_width":0,"ocean_both_sidebars_sidebars_width":0,"ocean_sidebar":"0","ocean_second_sidebar":"0","ocean_disable_margins":"enable","ocean_add_body_class":"","ocean_shortcode_before_top_bar":"","ocean_shortcode_after_top_bar":"","ocean_shortcode_before_header":"","ocean_shortcode_after_header":"","ocean_has_shortcode":"","ocean_shortcode_after_title":"","ocean_shortcode_before_footer_widgets":"","ocean_shortcode_after_footer_widgets":"","ocean_shortcode_before_footer_bottom":"","ocean_shortcode_after_footer_bottom":"","ocean_display_top_bar":"default","ocean_display_header":"default","ocean_header_style":"","ocean_center_header_left_menu":"0","ocean_custom_header_template":"0","ocean_custom_logo":0,"ocean_custom_retina_logo":0,"ocean_custom_logo_max_width":0,"ocean_custom_logo_tablet_max_width":0,"ocean_custom_logo_mobile_max_width":0,"ocean_custom_logo_max_height":0,"ocean_custom_logo_tablet_max_height":0,"ocean_custom_logo_mobile_max_height":0,"ocean_header_custom_menu":"0","ocean_menu_typo_font_family":"0","ocean_menu_typo_font_subset":"","ocean_menu_typo_font_size":0,"ocean_menu_typo_font_size_tablet":0,"ocean_menu_typo_font_size_mobile":0,"ocean_menu_typo_font_size_unit":"px","ocean_menu_typo_font_weight":"","ocean_menu_typo_font_weight_tablet":"","ocean_menu_typo_font_weight_mobile":"","ocean_menu_typo_transform":"","ocean_menu_typo_transform_tablet":"","ocean_menu_typo_transform_mobile":"","ocean_menu_typo_line_height":0,"ocean_menu_typo_line_height_tablet":0,"ocean_menu_typo_line_height_mobile":0,"ocean_menu_typo_line_height_unit":"","ocean_menu_typo_spacing":0,"ocean_menu_typo_spacing_tablet":0,"ocean_menu_typo_spacing_mobile":0,"ocean_menu_typo_spacing_unit":"","ocean_menu_link_color":"","ocean_menu_link_color_hover":"","ocean_menu_link_color_active":"","ocean_menu_link_background":"","ocean_menu_link_hover_background":"","ocean_menu_link_active_background":"","ocean_menu_social_links_bg":"","ocean_menu_social_hover_links_bg":"","ocean_menu_social_links_color":"","ocean_menu_social_hover_links_color":"","ocean_disable_title":"default","ocean_disable_heading":"default","ocean_post_title":"","ocean_post_subheading":"","ocean_post_title_style":"","ocean_post_title_background_color":"","ocean_post_title_background":0,"ocean_post_title_bg_image_position":"","ocean_post_title_bg_image_attachment":"","ocean_post_title_bg_image_repeat":"","ocean_post_title_bg_image_size":"","ocean_post_title_height":0,"ocean_post_title_bg_overlay":0.5,"ocean_post_title_bg_overlay_color":"","ocean_disable_breadcrumbs":"default","ocean_breadcrumbs_color":"","ocean_breadcrumbs_separator_color":"","ocean_breadcrumbs_links_color":"","ocean_breadcrumbs_links_hover_color":"","ocean_display_footer_widgets":"default","ocean_display_footer_bottom":"default","ocean_custom_footer_template":"0","omw_enable_modal_window":"enable"},"product_brand":[],"product_cat":[42],"product_tag":[],"class_list":{"0":"post-2433","1":"product","2":"type-product","3":"status-publish","4":"has-post-thumbnail","6":"product_cat-nos-offres-formation-en-ligne","8":"entry","9":"has-media","11":"first","12":"outofstock","13":"taxable","14":"shipping-taxable","15":"purchasable","16":"product-type-simple","17":"col","18":"span_1_of_3","19":"owp-content-center","20":"item-entry","21":"owp-thumbs-layout-vertical","22":"owp-btn-normal","23":"owp-tabs-layout-horizontal"},"acf":[],"yoast_head":"<!-- This site is optimized with the Yoast SEO plugin v27.3 - https:\/\/yoast.com\/product\/yoast-seo-wordpress\/ -->\n<title>Formation D\u00e9gustation - Caviar de Neuvic<\/title>\n<meta name=\"robots\" content=\"index, follow, max-snippet:-1, max-image-preview:large, max-video-preview:-1\" \/>\n<link rel=\"canonical\" href=\"https:\/\/caviar-de-neuvic.com\/de_ch\/p\/accueil\/nos-offres-formation-en-ligne\/formation-degustation\/\" \/>\n<meta property=\"og:locale\" content=\"de_DE\" \/>\n<meta property=\"og:type\" content=\"article\" \/>\n<meta property=\"og:title\" content=\"Formation D\u00e9gustation - Caviar de Neuvic\" \/>\n<meta property=\"og:description\" content=\"Comment choisir et d\u00e9guster son caviar dans les meilleures conditions.  Explorez les diff\u00e9rents types de caviar, les crit\u00e8res de qualit\u00e9, ainsi que les techniques de d\u00e9gustation. Un parcours sensoriel qui allie histoire, raffinement, et conseils pratiques pour sublimer chaque d\u00e9gustation de ce mets d\u2019exception.  Cette offre comprend :   Acc\u00e8s \u00e0 un \u00e9pisode pour apprendre \u00e0 d\u00e9guster dans les r\u00e8gles de l\u2019art votre caviar.  Un coffret d\u00e9gustation avec :    10g de Caviar Baeri Signature  10g de Caviar Osci\u00e8tre Signature  1 cuill\u00e8re en nacre logot\u00e9e  1 cl\u00e9 \u00e0 caviar  Photos non contractuelles\" \/>\n<meta property=\"og:url\" content=\"https:\/\/caviar-de-neuvic.com\/de_ch\/p\/accueil\/nos-offres-formation-en-ligne\/formation-degustation\/\" \/>\n<meta property=\"og:site_name\" content=\"Producteur Fran\u00e7ais De Caviar\" \/>\n<meta property=\"article:modified_time\" content=\"2025-10-06T09:39:50+00:00\" \/>\n<meta property=\"og:image\" content=\"https:\/\/caviar-de-neuvic.com\/wp-content\/uploads\/2024\/12\/2889-Formation-Degustation.jpg\" \/>\n\t<meta property=\"og:image:width\" content=\"1100\" \/>\n\t<meta property=\"og:image:height\" content=\"1422\" \/>\n\t<meta property=\"og:image:type\" content=\"image\/jpeg\" \/>\n<meta name=\"twitter:card\" content=\"summary_large_image\" \/>\n<meta name=\"twitter:label1\" content=\"Gesch\u00e4tzte Lesezeit\" \/>\n\t<meta name=\"twitter:data1\" content=\"1 Minute\" \/>\n<script type=\"application\/ld+json\" class=\"yoast-schema-graph\">{\"@context\":\"https:\\\/\\\/schema.org\",\"@graph\":[{\"@type\":\"WebPage\",\"@id\":\"https:\\\/\\\/caviar-de-neuvic.com\\\/nl_be\\\/p\\\/accueil\\\/nos-offres-formation-en-ligne\\\/formation-degustation\\\/\",\"url\":\"https:\\\/\\\/caviar-de-neuvic.com\\\/nl_be\\\/p\\\/accueil\\\/nos-offres-formation-en-ligne\\\/formation-degustation\\\/\",\"name\":\"Formation D\u00e9gustation - Caviar de Neuvic\",\"isPartOf\":{\"@id\":\"http:\\\/\\\/caviar-de-neuvic.com\\\/fr\\\/#website\"},\"primaryImageOfPage\":{\"@id\":\"https:\\\/\\\/caviar-de-neuvic.com\\\/nl_be\\\/p\\\/accueil\\\/nos-offres-formation-en-ligne\\\/formation-degustation\\\/#primaryimage\"},\"image\":{\"@id\":\"https:\\\/\\\/caviar-de-neuvic.com\\\/nl_be\\\/p\\\/accueil\\\/nos-offres-formation-en-ligne\\\/formation-degustation\\\/#primaryimage\"},\"thumbnailUrl\":\"https:\\\/\\\/caviar-de-neuvic.com\\\/wp-content\\\/uploads\\\/2024\\\/12\\\/2889-Formation-Degustation.jpg\",\"datePublished\":\"2024-12-03T16:54:48+00:00\",\"dateModified\":\"2025-10-06T09:39:50+00:00\",\"breadcrumb\":{\"@id\":\"https:\\\/\\\/caviar-de-neuvic.com\\\/nl_be\\\/p\\\/accueil\\\/nos-offres-formation-en-ligne\\\/formation-degustation\\\/#breadcrumb\"},\"inLanguage\":\"de-CH\",\"potentialAction\":[{\"@type\":\"ReadAction\",\"target\":[\"https:\\\/\\\/caviar-de-neuvic.com\\\/nl_be\\\/p\\\/accueil\\\/nos-offres-formation-en-ligne\\\/formation-degustation\\\/\"]}]},{\"@type\":\"ImageObject\",\"inLanguage\":\"de-CH\",\"@id\":\"https:\\\/\\\/caviar-de-neuvic.com\\\/nl_be\\\/p\\\/accueil\\\/nos-offres-formation-en-ligne\\\/formation-degustation\\\/#primaryimage\",\"url\":\"https:\\\/\\\/caviar-de-neuvic.com\\\/wp-content\\\/uploads\\\/2024\\\/12\\\/2889-Formation-Degustation.jpg\",\"contentUrl\":\"https:\\\/\\\/caviar-de-neuvic.com\\\/wp-content\\\/uploads\\\/2024\\\/12\\\/2889-Formation-Degustation.jpg\",\"width\":1100,\"height\":1422,\"caption\":\"Formation D\u00e9gustation\"},{\"@type\":\"BreadcrumbList\",\"@id\":\"https:\\\/\\\/caviar-de-neuvic.com\\\/nl_be\\\/p\\\/accueil\\\/nos-offres-formation-en-ligne\\\/formation-degustation\\\/#breadcrumb\",\"itemListElement\":[{\"@type\":\"ListItem\",\"position\":1,\"name\":\"Caviar de Neuvic\",\"item\":\"https:\\\/\\\/caviar-de-neuvic.com\\\/\"},{\"@type\":\"ListItem\",\"position\":2,\"name\":\"Shop\",\"item\":\"https:\\\/\\\/caviar-de-neuvic.com\\\/en\\\/shop\\\/\"},{\"@type\":\"ListItem\",\"position\":3,\"name\":\"Formation D\u00e9gustation\"}]},{\"@type\":\"WebSite\",\"@id\":\"http:\\\/\\\/caviar-de-neuvic.com\\\/fr\\\/#website\",\"url\":\"http:\\\/\\\/caviar-de-neuvic.com\\\/fr\\\/\",\"name\":\"Producteur Fran\u00e7ais De Caviar\",\"description\":\"\",\"publisher\":{\"@id\":\"http:\\\/\\\/caviar-de-neuvic.com\\\/fr\\\/#organization\"},\"potentialAction\":[{\"@type\":\"SearchAction\",\"target\":{\"@type\":\"EntryPoint\",\"urlTemplate\":\"http:\\\/\\\/caviar-de-neuvic.com\\\/fr\\\/?s={search_term_string}\"},\"query-input\":{\"@type\":\"PropertyValueSpecification\",\"valueRequired\":true,\"valueName\":\"search_term_string\"}}],\"inLanguage\":\"de-CH\"},{\"@type\":\"Organization\",\"@id\":\"http:\\\/\\\/caviar-de-neuvic.com\\\/fr\\\/#organization\",\"name\":\"Producteur Fran\u00e7ais De Caviar\",\"url\":\"http:\\\/\\\/caviar-de-neuvic.com\\\/fr\\\/\",\"logo\":{\"@type\":\"ImageObject\",\"inLanguage\":\"de-CH\",\"@id\":\"http:\\\/\\\/caviar-de-neuvic.com\\\/fr\\\/#\\\/schema\\\/logo\\\/image\\\/\",\"url\":\"\",\"contentUrl\":\"\",\"caption\":\"Producteur Fran\u00e7ais De Caviar\"},\"image\":{\"@id\":\"http:\\\/\\\/caviar-de-neuvic.com\\\/fr\\\/#\\\/schema\\\/logo\\\/image\\\/\"}}]}<\/script>\n<!-- \/ Yoast SEO plugin. -->","yoast_head_json":{"title":"Formation D\u00e9gustation - Caviar de Neuvic","robots":{"index":"index","follow":"follow","max-snippet":"max-snippet:-1","max-image-preview":"max-image-preview:large","max-video-preview":"max-video-preview:-1"},"canonical":"https:\/\/caviar-de-neuvic.com\/de_ch\/p\/accueil\/nos-offres-formation-en-ligne\/formation-degustation\/","og_locale":"de_DE","og_type":"article","og_title":"Formation D\u00e9gustation - Caviar de Neuvic","og_description":"Comment choisir et d\u00e9guster son caviar dans les meilleures conditions.  Explorez les diff\u00e9rents types de caviar, les crit\u00e8res de qualit\u00e9, ainsi que les techniques de d\u00e9gustation. Un parcours sensoriel qui allie histoire, raffinement, et conseils pratiques pour sublimer chaque d\u00e9gustation de ce mets d\u2019exception.  Cette offre comprend :   Acc\u00e8s \u00e0 un \u00e9pisode pour apprendre \u00e0 d\u00e9guster dans les r\u00e8gles de l\u2019art votre caviar.  Un coffret d\u00e9gustation avec :    10g de Caviar Baeri Signature  10g de Caviar Osci\u00e8tre Signature  1 cuill\u00e8re en nacre logot\u00e9e  1 cl\u00e9 \u00e0 caviar  Photos non contractuelles","og_url":"https:\/\/caviar-de-neuvic.com\/de_ch\/p\/accueil\/nos-offres-formation-en-ligne\/formation-degustation\/","og_site_name":"Producteur Fran\u00e7ais De Caviar","article_modified_time":"2025-10-06T09:39:50+00:00","og_image":[{"width":1100,"height":1422,"url":"https:\/\/caviar-de-neuvic.com\/wp-content\/uploads\/2024\/12\/2889-Formation-Degustation.jpg","type":"image\/jpeg"}],"twitter_card":"summary_large_image","twitter_misc":{"Gesch\u00e4tzte Lesezeit":"1 Minute"},"schema":{"@context":"https:\/\/schema.org","@graph":[{"@type":"WebPage","@id":"https:\/\/caviar-de-neuvic.com\/nl_be\/p\/accueil\/nos-offres-formation-en-ligne\/formation-degustation\/","url":"https:\/\/caviar-de-neuvic.com\/nl_be\/p\/accueil\/nos-offres-formation-en-ligne\/formation-degustation\/","name":"Formation D\u00e9gustation - Caviar de Neuvic","isPartOf":{"@id":"http:\/\/caviar-de-neuvic.com\/fr\/#website"},"primaryImageOfPage":{"@id":"https:\/\/caviar-de-neuvic.com\/nl_be\/p\/accueil\/nos-offres-formation-en-ligne\/formation-degustation\/#primaryimage"},"image":{"@id":"https:\/\/caviar-de-neuvic.com\/nl_be\/p\/accueil\/nos-offres-formation-en-ligne\/formation-degustation\/#primaryimage"},"thumbnailUrl":"https:\/\/caviar-de-neuvic.com\/wp-content\/uploads\/2024\/12\/2889-Formation-Degustation.jpg","datePublished":"2024-12-03T16:54:48+00:00","dateModified":"2025-10-06T09:39:50+00:00","breadcrumb":{"@id":"https:\/\/caviar-de-neuvic.com\/nl_be\/p\/accueil\/nos-offres-formation-en-ligne\/formation-degustation\/#breadcrumb"},"inLanguage":"de-CH","potentialAction":[{"@type":"ReadAction","target":["https:\/\/caviar-de-neuvic.com\/nl_be\/p\/accueil\/nos-offres-formation-en-ligne\/formation-degustation\/"]}]},{"@type":"ImageObject","inLanguage":"de-CH","@id":"https:\/\/caviar-de-neuvic.com\/nl_be\/p\/accueil\/nos-offres-formation-en-ligne\/formation-degustation\/#primaryimage","url":"https:\/\/caviar-de-neuvic.com\/wp-content\/uploads\/2024\/12\/2889-Formation-Degustation.jpg","contentUrl":"https:\/\/caviar-de-neuvic.com\/wp-content\/uploads\/2024\/12\/2889-Formation-Degustation.jpg","width":1100,"height":1422,"caption":"Formation D\u00e9gustation"},{"@type":"BreadcrumbList","@id":"https:\/\/caviar-de-neuvic.com\/nl_be\/p\/accueil\/nos-offres-formation-en-ligne\/formation-degustation\/#breadcrumb","itemListElement":[{"@type":"ListItem","position":1,"name":"Caviar de Neuvic","item":"https:\/\/caviar-de-neuvic.com\/"},{"@type":"ListItem","position":2,"name":"Shop","item":"https:\/\/caviar-de-neuvic.com\/en\/shop\/"},{"@type":"ListItem","position":3,"name":"Formation D\u00e9gustation"}]},{"@type":"WebSite","@id":"http:\/\/caviar-de-neuvic.com\/fr\/#website","url":"http:\/\/caviar-de-neuvic.com\/fr\/","name":"Producteur Fran\u00e7ais De Caviar","description":"","publisher":{"@id":"http:\/\/caviar-de-neuvic.com\/fr\/#organization"},"potentialAction":[{"@type":"SearchAction","target":{"@type":"EntryPoint","urlTemplate":"http:\/\/caviar-de-neuvic.com\/fr\/?s={search_term_string}"},"query-input":{"@type":"PropertyValueSpecification","valueRequired":true,"valueName":"search_term_string"}}],"inLanguage":"de-CH"},{"@type":"Organization","@id":"http:\/\/caviar-de-neuvic.com\/fr\/#organization","name":"Producteur Fran\u00e7ais De Caviar","url":"http:\/\/caviar-de-neuvic.com\/fr\/","logo":{"@type":"ImageObject","inLanguage":"de-CH","@id":"http:\/\/caviar-de-neuvic.com\/fr\/#\/schema\/logo\/image\/","url":"","contentUrl":"","caption":"Producteur Fran\u00e7ais De Caviar"},"image":{"@id":"http:\/\/caviar-de-neuvic.com\/fr\/#\/schema\/logo\/image\/"}}]}},"_links":{"self":[{"href":"https:\/\/caviar-de-neuvic.com\/de_ch\/wp-json\/wp\/v2\/product\/2433","targetHints":{"allow":["GET"]}}],"collection":[{"href":"https:\/\/caviar-de-neuvic.com\/de_ch\/wp-json\/wp\/v2\/product"}],"about":[{"href":"https:\/\/caviar-de-neuvic.com\/de_ch\/wp-json\/wp\/v2\/types\/product"}],"version-history":[{"count":3,"href":"https:\/\/caviar-de-neuvic.com\/de_ch\/wp-json\/wp\/v2\/product\/2433\/revisions"}],"predecessor-version":[{"id":29967,"href":"https:\/\/caviar-de-neuvic.com\/de_ch\/wp-json\/wp\/v2\/product\/2433\/revisions\/29967"}],"wp:featuredmedia":[{"embeddable":true,"href":"https:\/\/caviar-de-neuvic.com\/de_ch\/wp-json\/wp\/v2\/media\/2430"}],"wp:attachment":[{"href":"https:\/\/caviar-de-neuvic.com\/de_ch\/wp-json\/wp\/v2\/media?parent=2433"}],"wp:term":[{"taxonomy":"product_brand","embeddable":true,"href":"https:\/\/caviar-de-neuvic.com\/de_ch\/wp-json\/wp\/v2\/product_brand?post=2433"},{"taxonomy":"product_cat","embeddable":true,"href":"https:\/\/caviar-de-neuvic.com\/de_ch\/wp-json\/wp\/v2\/product_cat?post=2433"},{"taxonomy":"product_tag","embeddable":true,"href":"https:\/\/caviar-de-neuvic.com\/de_ch\/wp-json\/wp\/v2\/product_tag?post=2433"}],"curies":[{"name":"wp","href":"https:\/\/api.w.org\/{rel}","templated":true}]}}