{"id":23302,"date":"2025-08-12T15:33:27","date_gmt":"2025-08-12T15:33:27","guid":{"rendered":"https:\/\/caviar-de-neuvic.com\/?page_id=23302"},"modified":"2026-03-23T12:15:05","modified_gmt":"2026-03-23T11:15:05","slug":"nos-boutiques","status":"publish","type":"page","link":"https:\/\/caviar-de-neuvic.com\/en\/nos-boutiques\/","title":{"rendered":"Our Shops"},"content":{"rendered":"<div data-elementor-type=\"wp-page\" data-elementor-id=\"23302\" class=\"elementor elementor-23302\" data-elementor-post-type=\"page\">\n\t\t\t\t<div class=\"elementor-element elementor-element-ab349e9 fullwidth_fix e-flex e-con-boxed e-con e-parent\" data-id=\"ab349e9\" data-element_type=\"container\" data-e-type=\"container\" data-settings=\"{&quot;background_background&quot;:&quot;classic&quot;}\">\n\t\t\t\t\t<div class=\"e-con-inner\">\n\t\t\t\t\t<\/div>\n\t\t\t\t<\/div>\n\t\t<div class=\"elementor-element elementor-element-3c016c5 e-flex e-con-boxed e-con e-parent\" data-id=\"3c016c5\" data-element_type=\"container\" data-e-type=\"container\">\n\t\t\t\t\t<div class=\"e-con-inner\">\n\t\t<div class=\"elementor-element elementor-element-4ad527b e-con-full e-flex e-con e-child\" data-id=\"4ad527b\" data-element_type=\"container\" data-e-type=\"container\">\n\t\t\t\t<div class=\"elementor-element elementor-element-c6f3c87 elementor-widget elementor-widget-heading\" data-id=\"c6f3c87\" data-element_type=\"widget\" data-e-type=\"widget\" data-widget_type=\"heading.default\">\n\t\t\t\t<div class=\"elementor-widget-container\">\n\t\t\t\t\t<h2 class=\"elementor-heading-title elementor-size-default\">Our shops<\/h2>\t\t\t\t<\/div>\n\t\t\t\t<\/div>\n\t\t\t\t<\/div>\n\t\t\t\t\t<\/div>\n\t\t\t\t<\/div>\n\t\t<div class=\"elementor-element elementor-element-829e2f8 e-flex e-con-boxed e-con e-parent\" data-id=\"829e2f8\" data-element_type=\"container\" data-e-type=\"container\">\n\t\t\t\t\t<div class=\"e-con-inner\">\n\t\t<div class=\"elementor-element elementor-element-a8dfef9 e-con-full e-flex e-con e-child\" data-id=\"a8dfef9\" data-element_type=\"container\" data-e-type=\"container\">\n\t\t\t\t<div class=\"elementor-element elementor-element-448bce4 elementor-widget elementor-widget-heading\" data-id=\"448bce4\" data-element_type=\"widget\" data-e-type=\"widget\" data-widget_type=\"heading.default\">\n\t\t\t\t<div class=\"elementor-widget-container\">\n\t\t\t\t\t<h3 class=\"elementor-heading-title elementor-size-default\">Neuvic Farm<\/h3>\t\t\t\t<\/div>\n\t\t\t\t<\/div>\n\t\t\t\t<div class=\"elementor-element elementor-element-6aa6875 elementor-widget elementor-widget-image\" data-id=\"6aa6875\" data-element_type=\"widget\" data-e-type=\"widget\" data-widget_type=\"image.default\">\n\t\t\t\t<div class=\"elementor-widget-container\">\n\t\t\t\t\t\t\t\t\t\t\t\t\t\t\t\t<a href=\"https:\/\/caviar-de-neuvic.com\/en\/nos-boutiques\/domaine-de-neuvic\/\">\n\t\t\t\t\t\t\t<img fetchpriority=\"high\" decoding=\"async\" width=\"750\" height=\"500\" src=\"https:\/\/caviar-de-neuvic.com\/wp-content\/uploads\/2026\/03\/domaine-neuvic.jpg\" class=\"attachment-large size-large wp-image-36644\" alt=\"domaine de neuvic\" srcset=\"https:\/\/caviar-de-neuvic.com\/wp-content\/uploads\/2026\/03\/domaine-neuvic.jpg 750w, https:\/\/caviar-de-neuvic.com\/wp-content\/uploads\/2026\/03\/domaine-neuvic-300x200.jpg 300w, https:\/\/caviar-de-neuvic.com\/wp-content\/uploads\/2026\/03\/domaine-neuvic-18x12.jpg 18w, https:\/\/caviar-de-neuvic.com\/wp-content\/uploads\/2026\/03\/domaine-neuvic-454x303.jpg 454w\" sizes=\"(max-width: 750px) 100vw, 750px\" \/>\t\t\t\t\t\t\t\t<\/a>\n\t\t\t\t\t\t\t\t\t\t\t\t\t\t\t<\/div>\n\t\t\t\t<\/div>\n\t\t\t\t<div class=\"elementor-element elementor-element-b5bbbb5 elementor-widget elementor-widget-text-editor\" data-id=\"b5bbbb5\" data-element_type=\"widget\" data-e-type=\"widget\" data-widget_type=\"text-editor.default\">\n\t\t\t\t<div class=\"elementor-widget-container\">\n\t\t\t\t\t\t\t\t\t<p>430, Route de la Veyssi\u00e8re<br \/>24190 NEUVIC<\/p>\t\t\t\t\t\t\t\t<\/div>\n\t\t\t\t<\/div>\n\t\t\t\t<\/div>\n\t\t<div class=\"elementor-element elementor-element-d489084 e-con-full e-flex e-con e-child\" data-id=\"d489084\" data-element_type=\"container\" data-e-type=\"container\">\n\t\t\t\t<div class=\"elementor-element elementor-element-aef9c8c elementor-widget elementor-widget-heading\" data-id=\"aef9c8c\" data-element_type=\"widget\" data-e-type=\"widget\" data-widget_type=\"heading.default\">\n\t\t\t\t<div class=\"elementor-widget-container\">\n\t\t\t\t\t<h3 class=\"elementor-heading-title elementor-size-default\">Comptoir de Paris<\/h3>\t\t\t\t<\/div>\n\t\t\t\t<\/div>\n\t\t\t\t<div class=\"elementor-element elementor-element-9cc4062 elementor-widget elementor-widget-image\" data-id=\"9cc4062\" data-element_type=\"widget\" data-e-type=\"widget\" data-widget_type=\"image.default\">\n\t\t\t\t<div class=\"elementor-widget-container\">\n\t\t\t\t\t\t\t\t\t\t\t\t\t\t\t\t<a href=\"https:\/\/caviar-de-neuvic.com\/en\/nos-boutiques\/comptoir-de-paris\/\">\n\t\t\t\t\t\t\t<img decoding=\"async\" width=\"750\" height=\"500\" src=\"https:\/\/caviar-de-neuvic.com\/wp-content\/uploads\/2026\/03\/comptoir-paris.jpg\" class=\"attachment-large size-large wp-image-36645\" alt=\"comptoir de paris\" srcset=\"https:\/\/caviar-de-neuvic.com\/wp-content\/uploads\/2026\/03\/comptoir-paris.jpg 750w, https:\/\/caviar-de-neuvic.com\/wp-content\/uploads\/2026\/03\/comptoir-paris-300x200.jpg 300w, https:\/\/caviar-de-neuvic.com\/wp-content\/uploads\/2026\/03\/comptoir-paris-18x12.jpg 18w, https:\/\/caviar-de-neuvic.com\/wp-content\/uploads\/2026\/03\/comptoir-paris-454x303.jpg 454w\" sizes=\"(max-width: 750px) 100vw, 750px\" \/>\t\t\t\t\t\t\t\t<\/a>\n\t\t\t\t\t\t\t\t\t\t\t\t\t\t\t<\/div>\n\t\t\t\t<\/div>\n\t\t\t\t<div class=\"elementor-element elementor-element-6bd5d88 elementor-widget elementor-widget-text-editor\" data-id=\"6bd5d88\" data-element_type=\"widget\" data-e-type=\"widget\" data-widget_type=\"text-editor.default\">\n\t\t\t\t<div class=\"elementor-widget-container\">\n\t\t\t\t\t\t\t\t\t<p>16, Rue de l\u2019Od\u00e9on<br \/>75006 PARIS<\/p>\t\t\t\t\t\t\t\t<\/div>\n\t\t\t\t<\/div>\n\t\t\t\t<\/div>\n\t\t<div class=\"elementor-element elementor-element-99d9184 e-con-full e-flex e-con e-child\" data-id=\"99d9184\" data-element_type=\"container\" data-e-type=\"container\">\n\t\t\t\t<div class=\"elementor-element elementor-element-bf73c1c elementor-widget elementor-widget-heading\" data-id=\"bf73c1c\" data-element_type=\"widget\" data-e-type=\"widget\" data-widget_type=\"heading.default\">\n\t\t\t\t<div class=\"elementor-widget-container\">\n\t\t\t\t\t<h3 class=\"elementor-heading-title elementor-size-default\">Comptoir de Bordeaux<\/h3>\t\t\t\t<\/div>\n\t\t\t\t<\/div>\n\t\t\t\t<div class=\"elementor-element elementor-element-0e444a5 elementor-widget elementor-widget-image\" data-id=\"0e444a5\" data-element_type=\"widget\" data-e-type=\"widget\" data-widget_type=\"image.default\">\n\t\t\t\t<div class=\"elementor-widget-container\">\n\t\t\t\t\t\t\t\t\t\t\t\t\t\t\t\t<a href=\"https:\/\/caviar-de-neuvic.com\/en\/nos-boutiques\/comptoir-de-bordeaux\/\">\n\t\t\t\t\t\t\t<img decoding=\"async\" width=\"750\" height=\"500\" src=\"https:\/\/caviar-de-neuvic.com\/wp-content\/uploads\/2026\/03\/comptoir-bordeaux.jpg\" class=\"attachment-large size-large wp-image-36646\" alt=\"comptoir de bordeaux\" srcset=\"https:\/\/caviar-de-neuvic.com\/wp-content\/uploads\/2026\/03\/comptoir-bordeaux.jpg 750w, https:\/\/caviar-de-neuvic.com\/wp-content\/uploads\/2026\/03\/comptoir-bordeaux-300x200.jpg 300w, https:\/\/caviar-de-neuvic.com\/wp-content\/uploads\/2026\/03\/comptoir-bordeaux-18x12.jpg 18w, https:\/\/caviar-de-neuvic.com\/wp-content\/uploads\/2026\/03\/comptoir-bordeaux-454x303.jpg 454w\" sizes=\"(max-width: 750px) 100vw, 750px\" \/>\t\t\t\t\t\t\t\t<\/a>\n\t\t\t\t\t\t\t\t\t\t\t\t\t\t\t<\/div>\n\t\t\t\t<\/div>\n\t\t\t\t<div class=\"elementor-element elementor-element-fea66e9 elementor-widget elementor-widget-text-editor\" data-id=\"fea66e9\" data-element_type=\"widget\" data-e-type=\"widget\" data-widget_type=\"text-editor.default\">\n\t\t\t\t<div class=\"elementor-widget-container\">\n\t\t\t\t\t\t\t\t\t<p>14, Passage Sarget<br \/>33000 BORDEAUX<\/p>\t\t\t\t\t\t\t\t<\/div>\n\t\t\t\t<\/div>\n\t\t\t\t<\/div>\n\t\t\t\t\t<\/div>\n\t\t\t\t<\/div>\n\t\t<div class=\"elementor-element elementor-element-9673c64 e-flex e-con-boxed e-con e-parent\" data-id=\"9673c64\" data-element_type=\"container\" data-e-type=\"container\">\n\t\t\t\t\t<div class=\"e-con-inner\">\n\t\t<div class=\"elementor-element elementor-element-ea6f14d e-con-full e-flex e-con e-child\" data-id=\"ea6f14d\" data-element_type=\"container\" data-e-type=\"container\">\n\t\t\t\t<div class=\"elementor-element elementor-element-79cb6f3 elementor-align-center elementor-widget elementor-widget-button\" data-id=\"79cb6f3\" data-element_type=\"widget\" data-e-type=\"widget\" data-widget_type=\"button.default\">\n\t\t\t\t<div class=\"elementor-widget-container\">\n\t\t\t\t\t\t\t\t\t<div class=\"elementor-button-wrapper\">\n\t\t\t\t\t<a class=\"elementor-button elementor-button-link elementor-size-sm\" href=\"https:\/\/caviar-de-neuvic.com\/en\/nos-boutiques\/les-services-de-nos-comptoirs\/\">\n\t\t\t\t\t\t<span class=\"elementor-button-content-wrapper\">\n\t\t\t\t\t\t\t\t\t<span class=\"elementor-button-text\">Our services<\/span>\n\t\t\t\t\t<\/span>\n\t\t\t\t\t<\/a>\n\t\t\t\t<\/div>\n\t\t\t\t\t\t\t\t<\/div>\n\t\t\t\t<\/div>\n\t\t\t\t<\/div>\n\t\t\t\t\t<\/div>\n\t\t\t\t<\/div>\n\t\t<div class=\"elementor-element elementor-element-69ddb06 e-flex e-con-boxed e-con e-parent\" data-id=\"69ddb06\" data-element_type=\"container\" data-e-type=\"container\">\n\t\t\t\t\t<div class=\"e-con-inner\">\n\t\t<div class=\"elementor-element elementor-element-bb23193 e-con-full e-flex e-con e-child\" data-id=\"bb23193\" data-element_type=\"container\" data-e-type=\"container\">\n\t\t\t\t<div class=\"elementor-element elementor-element-60e181d elementor-widget elementor-widget-heading\" data-id=\"60e181d\" data-element_type=\"widget\" data-e-type=\"widget\" data-widget_type=\"heading.default\">\n\t\t\t\t<div class=\"elementor-widget-container\">\n\t\t\t\t\t<h2 class=\"elementor-heading-title elementor-size-default\">Our partners<\/h2>\t\t\t\t<\/div>\n\t\t\t\t<\/div>\n\t\t\t\t<\/div>\n\t\t\t\t\t<\/div>\n\t\t\t\t<\/div>\n\t\t<div class=\"elementor-element elementor-element-6dd2e63 e-flex e-con-boxed e-con e-parent\" data-id=\"6dd2e63\" data-element_type=\"container\" data-e-type=\"container\">\n\t\t\t\t\t<div class=\"e-con-inner\">\n\t\t<div class=\"elementor-element elementor-element-2713122 e-con-full e-flex e-con e-child\" data-id=\"2713122\" data-element_type=\"container\" data-e-type=\"container\">\n\t\t\t\t<\/div>\n\t\t<div class=\"elementor-element elementor-element-81e9947 e-con-full e-flex e-con e-child\" data-id=\"81e9947\" data-element_type=\"container\" data-e-type=\"container\">\n\t\t\t\t<div class=\"elementor-element elementor-element-43744fc elementor-widget elementor-widget-heading\" data-id=\"43744fc\" data-element_type=\"widget\" data-e-type=\"widget\" data-widget_type=\"heading.default\">\n\t\t\t\t<div class=\"elementor-widget-container\">\n\t\t\t\t\t<h3 class=\"elementor-heading-title elementor-size-default\">Lyon<br>Halles de Limonest<\/h3>\t\t\t\t<\/div>\n\t\t\t\t<\/div>\n\t\t\t\t<div class=\"elementor-element elementor-element-51a5011 elementor-widget elementor-widget-image\" data-id=\"51a5011\" data-element_type=\"widget\" data-e-type=\"widget\" data-widget_type=\"image.default\">\n\t\t\t\t<div class=\"elementor-widget-container\">\n\t\t\t\t\t\t\t\t\t\t\t\t\t\t\t<img loading=\"lazy\" decoding=\"async\" width=\"750\" height=\"500\" src=\"https:\/\/caviar-de-neuvic.com\/wp-content\/uploads\/2026\/03\/halles-limonest.jpg\" class=\"attachment-large size-large wp-image-36659\" alt=\"\" srcset=\"https:\/\/caviar-de-neuvic.com\/wp-content\/uploads\/2026\/03\/halles-limonest.jpg 750w, https:\/\/caviar-de-neuvic.com\/wp-content\/uploads\/2026\/03\/halles-limonest-300x200.jpg 300w, https:\/\/caviar-de-neuvic.com\/wp-content\/uploads\/2026\/03\/halles-limonest-18x12.jpg 18w, https:\/\/caviar-de-neuvic.com\/wp-content\/uploads\/2026\/03\/halles-limonest-454x303.jpg 454w\" sizes=\"(max-width: 750px) 100vw, 750px\" \/>\t\t\t\t\t\t\t\t\t\t\t\t\t\t\t<\/div>\n\t\t\t\t<\/div>\n\t\t\t\t<div class=\"elementor-element elementor-element-41b04d9 elementor-widget elementor-widget-text-editor\" data-id=\"41b04d9\" data-element_type=\"widget\" data-e-type=\"widget\" data-widget_type=\"text-editor.default\">\n\t\t\t\t<div class=\"elementor-widget-container\">\n\t\t\t\t\t\t\t\t\t<p>188, Avenue du G\u00e9n\u00e9ral de Gaulle<br \/>69760 LIMONEST<\/p>\t\t\t\t\t\t\t\t<\/div>\n\t\t\t\t<\/div>\n\t\t\t\t<\/div>\n\t\t<div class=\"elementor-element elementor-element-bb7968a e-con-full e-flex e-con e-child\" data-id=\"bb7968a\" data-element_type=\"container\" data-e-type=\"container\">\n\t\t\t\t<\/div>\n\t\t\t\t\t<\/div>\n\t\t\t\t<\/div>\n\t\t\t\t<\/div>","protected":false},"excerpt":{"rendered":"<p>Nos Comptoirs Domaine de Neuvic 430, Route de la Veyssi\u00e8re24190 NEUVIC Comptoir de Paris 16, Rue de l&rsquo;Od\u00e9on75006 PARIS Comptoir de Bordeaux 14, Passage Sarget33000 BORDEAUX Nos services Nos partenaires LyonHalles de Limonest 188, Avenue du G\u00e9n\u00e9ral de Gaulle69760 LIMONEST<\/p>","protected":false},"author":1,"featured_media":0,"parent":0,"menu_order":0,"comment_status":"closed","ping_status":"closed","template":"","meta":{"_acf_changed":false,"ocean_post_layout":"","ocean_both_sidebars_style":"","ocean_both_sidebars_content_width":0,"ocean_both_sidebars_sidebars_width":0,"ocean_sidebar":"","ocean_second_sidebar":"","ocean_disable_margins":"enable","ocean_add_body_class":"","ocean_shortcode_before_top_bar":"","ocean_shortcode_after_top_bar":"","ocean_shortcode_before_header":"","ocean_shortcode_after_header":"","ocean_has_shortcode":"","ocean_shortcode_after_title":"","ocean_shortcode_before_footer_widgets":"","ocean_shortcode_after_footer_widgets":"","ocean_shortcode_before_footer_bottom":"","ocean_shortcode_after_footer_bottom":"","ocean_display_top_bar":"default","ocean_display_header":"default","ocean_header_style":"","ocean_center_header_left_menu":"","ocean_custom_header_template":"","ocean_custom_logo":0,"ocean_custom_retina_logo":0,"ocean_custom_logo_max_width":0,"ocean_custom_logo_tablet_max_width":0,"ocean_custom_logo_mobile_max_width":0,"ocean_custom_logo_max_height":0,"ocean_custom_logo_tablet_max_height":0,"ocean_custom_logo_mobile_max_height":0,"ocean_header_custom_menu":"","ocean_menu_typo_font_family":"","ocean_menu_typo_font_subset":"","ocean_menu_typo_font_size":0,"ocean_menu_typo_font_size_tablet":0,"ocean_menu_typo_font_size_mobile":0,"ocean_menu_typo_font_size_unit":"px","ocean_menu_typo_font_weight":"","ocean_menu_typo_font_weight_tablet":"","ocean_menu_typo_font_weight_mobile":"","ocean_menu_typo_transform":"","ocean_menu_typo_transform_tablet":"","ocean_menu_typo_transform_mobile":"","ocean_menu_typo_line_height":0,"ocean_menu_typo_line_height_tablet":0,"ocean_menu_typo_line_height_mobile":0,"ocean_menu_typo_line_height_unit":"","ocean_menu_typo_spacing":0,"ocean_menu_typo_spacing_tablet":0,"ocean_menu_typo_spacing_mobile":0,"ocean_menu_typo_spacing_unit":"","ocean_menu_link_color":"","ocean_menu_link_color_hover":"","ocean_menu_link_color_active":"","ocean_menu_link_background":"","ocean_menu_link_hover_background":"","ocean_menu_link_active_background":"","ocean_menu_social_links_bg":"","ocean_menu_social_hover_links_bg":"","ocean_menu_social_links_color":"","ocean_menu_social_hover_links_color":"","ocean_disable_title":"default","ocean_disable_heading":"default","ocean_post_title":"","ocean_post_subheading":"","ocean_post_title_style":"","ocean_post_title_background_color":"","ocean_post_title_background":0,"ocean_post_title_bg_image_position":"","ocean_post_title_bg_image_attachment":"","ocean_post_title_bg_image_repeat":"","ocean_post_title_bg_image_size":"","ocean_post_title_height":0,"ocean_post_title_bg_overlay":0.5,"ocean_post_title_bg_overlay_color":"","ocean_disable_breadcrumbs":"default","ocean_breadcrumbs_color":"","ocean_breadcrumbs_separator_color":"","ocean_breadcrumbs_links_color":"","ocean_breadcrumbs_links_hover_color":"","ocean_display_footer_widgets":"default","ocean_display_footer_bottom":"default","ocean_custom_footer_template":"","omw_enable_modal_window":"enable","footnotes":""},"class_list":["post-23302","page","type-page","status-publish","hentry","entry","owp-thumbs-layout-vertical","owp-btn-normal","owp-tabs-layout-horizontal","has-no-thumbnails"],"acf":[],"yoast_head":"<!-- This site is optimized with the Yoast SEO plugin v27.4 - https:\/\/yoast.com\/product\/yoast-seo-wordpress\/ -->\n<title>Nos boutiques - Producteur Fran\u00e7ais De Caviar<\/title>\n<meta name=\"robots\" content=\"index, follow, max-snippet:-1, max-image-preview:large, max-video-preview:-1\" \/>\n<link rel=\"canonical\" href=\"https:\/\/caviar-de-neuvic.com\/en\/nos-boutiques\/\" \/>\n<meta property=\"og:locale\" content=\"en_GB\" \/>\n<meta property=\"og:type\" content=\"article\" \/>\n<meta property=\"og:title\" content=\"Nos boutiques - Producteur Fran\u00e7ais De Caviar\" \/>\n<meta property=\"og:description\" content=\"Nos Comptoirs Domaine de Neuvic 430, Route de la Veyssi\u00e8re24190 NEUVIC Comptoir de Paris 16, Rue de l&rsquo;Od\u00e9on75006 PARIS Comptoir de Bordeaux 14, Passage Sarget33000 BORDEAUX Nos services Nos partenaires LyonHalles de Limonest 188, Avenue du G\u00e9n\u00e9ral de Gaulle69760 LIMONEST\" \/>\n<meta property=\"og:url\" content=\"https:\/\/caviar-de-neuvic.com\/en\/nos-boutiques\/\" \/>\n<meta property=\"og:site_name\" content=\"Producteur Fran\u00e7ais De Caviar\" \/>\n<meta property=\"article:modified_time\" content=\"2026-03-23T11:15:05+00:00\" \/>\n<meta property=\"og:image\" content=\"https:\/\/caviar-de-neuvic.com\/wp-content\/uploads\/2026\/03\/domaine-neuvic.jpg\" \/>\n\t<meta property=\"og:image:width\" content=\"750\" \/>\n\t<meta property=\"og:image:height\" content=\"500\" \/>\n\t<meta property=\"og:image:type\" content=\"image\/jpeg\" \/>\n<meta name=\"twitter:card\" content=\"summary_large_image\" \/>\n<meta name=\"twitter:label1\" content=\"Estimated reading time\" \/>\n\t<meta name=\"twitter:data1\" content=\"2 minutes\" \/>\n<script type=\"application\/ld+json\" class=\"yoast-schema-graph\">{\"@context\":\"https:\\\/\\\/schema.org\",\"@graph\":[{\"@type\":\"WebPage\",\"@id\":\"https:\\\/\\\/caviar-de-neuvic.com\\\/nos-boutiques\\\/\",\"url\":\"https:\\\/\\\/caviar-de-neuvic.com\\\/nos-boutiques\\\/\",\"name\":\"Nos boutiques - Producteur Fran\u00e7ais De Caviar\",\"isPartOf\":{\"@id\":\"http:\\\/\\\/caviar-de-neuvic.com\\\/fr\\\/#website\"},\"primaryImageOfPage\":{\"@id\":\"https:\\\/\\\/caviar-de-neuvic.com\\\/nos-boutiques\\\/#primaryimage\"},\"image\":{\"@id\":\"https:\\\/\\\/caviar-de-neuvic.com\\\/nos-boutiques\\\/#primaryimage\"},\"thumbnailUrl\":\"https:\\\/\\\/caviar-de-neuvic.com\\\/wp-content\\\/uploads\\\/2026\\\/03\\\/domaine-neuvic.jpg\",\"datePublished\":\"2025-08-12T15:33:27+00:00\",\"dateModified\":\"2026-03-23T11:15:05+00:00\",\"breadcrumb\":{\"@id\":\"https:\\\/\\\/caviar-de-neuvic.com\\\/nos-boutiques\\\/#breadcrumb\"},\"inLanguage\":\"en-GB\",\"potentialAction\":[{\"@type\":\"ReadAction\",\"target\":[\"https:\\\/\\\/caviar-de-neuvic.com\\\/nos-boutiques\\\/\"]}]},{\"@type\":\"ImageObject\",\"inLanguage\":\"en-GB\",\"@id\":\"https:\\\/\\\/caviar-de-neuvic.com\\\/nos-boutiques\\\/#primaryimage\",\"url\":\"https:\\\/\\\/caviar-de-neuvic.com\\\/wp-content\\\/uploads\\\/2026\\\/03\\\/domaine-neuvic.jpg\",\"contentUrl\":\"https:\\\/\\\/caviar-de-neuvic.com\\\/wp-content\\\/uploads\\\/2026\\\/03\\\/domaine-neuvic.jpg\"},{\"@type\":\"BreadcrumbList\",\"@id\":\"https:\\\/\\\/caviar-de-neuvic.com\\\/nos-boutiques\\\/#breadcrumb\",\"itemListElement\":[{\"@type\":\"ListItem\",\"position\":1,\"name\":\"Caviar de Neuvic\",\"item\":\"https:\\\/\\\/caviar-de-neuvic.com\\\/\"},{\"@type\":\"ListItem\",\"position\":2,\"name\":\"Nos boutiques\"}]},{\"@type\":\"WebSite\",\"@id\":\"http:\\\/\\\/caviar-de-neuvic.com\\\/fr\\\/#website\",\"url\":\"http:\\\/\\\/caviar-de-neuvic.com\\\/fr\\\/\",\"name\":\"Producteur Fran\u00e7ais De Caviar\",\"description\":\"\",\"publisher\":{\"@id\":\"http:\\\/\\\/caviar-de-neuvic.com\\\/fr\\\/#organization\"},\"potentialAction\":[{\"@type\":\"SearchAction\",\"target\":{\"@type\":\"EntryPoint\",\"urlTemplate\":\"http:\\\/\\\/caviar-de-neuvic.com\\\/fr\\\/?s={search_term_string}\"},\"query-input\":{\"@type\":\"PropertyValueSpecification\",\"valueRequired\":true,\"valueName\":\"search_term_string\"}}],\"inLanguage\":\"en-GB\"},{\"@type\":\"Organization\",\"@id\":\"http:\\\/\\\/caviar-de-neuvic.com\\\/fr\\\/#organization\",\"name\":\"Producteur Fran\u00e7ais De Caviar\",\"url\":\"http:\\\/\\\/caviar-de-neuvic.com\\\/fr\\\/\",\"logo\":{\"@type\":\"ImageObject\",\"inLanguage\":\"en-GB\",\"@id\":\"http:\\\/\\\/caviar-de-neuvic.com\\\/fr\\\/#\\\/schema\\\/logo\\\/image\\\/\",\"url\":\"\",\"contentUrl\":\"\",\"caption\":\"Producteur Fran\u00e7ais De Caviar\"},\"image\":{\"@id\":\"http:\\\/\\\/caviar-de-neuvic.com\\\/fr\\\/#\\\/schema\\\/logo\\\/image\\\/\"}}]}<\/script>\n<!-- \/ Yoast SEO plugin. -->","yoast_head_json":{"title":"Nos boutiques - Producteur Fran\u00e7ais De Caviar","robots":{"index":"index","follow":"follow","max-snippet":"max-snippet:-1","max-image-preview":"max-image-preview:large","max-video-preview":"max-video-preview:-1"},"canonical":"https:\/\/caviar-de-neuvic.com\/en\/nos-boutiques\/","og_locale":"en_GB","og_type":"article","og_title":"Nos boutiques - Producteur Fran\u00e7ais De Caviar","og_description":"Nos Comptoirs Domaine de Neuvic 430, Route de la Veyssi\u00e8re24190 NEUVIC Comptoir de Paris 16, Rue de l&rsquo;Od\u00e9on75006 PARIS Comptoir de Bordeaux 14, Passage Sarget33000 BORDEAUX Nos services Nos partenaires LyonHalles de Limonest 188, Avenue du G\u00e9n\u00e9ral de Gaulle69760 LIMONEST","og_url":"https:\/\/caviar-de-neuvic.com\/en\/nos-boutiques\/","og_site_name":"Producteur Fran\u00e7ais De Caviar","article_modified_time":"2026-03-23T11:15:05+00:00","og_image":[{"width":750,"height":500,"url":"https:\/\/caviar-de-neuvic.com\/wp-content\/uploads\/2026\/03\/domaine-neuvic.jpg","type":"image\/jpeg"}],"twitter_card":"summary_large_image","twitter_misc":{"Estimated reading time":"2 minutes"},"schema":{"@context":"https:\/\/schema.org","@graph":[{"@type":"WebPage","@id":"https:\/\/caviar-de-neuvic.com\/nos-boutiques\/","url":"https:\/\/caviar-de-neuvic.com\/nos-boutiques\/","name":"Nos boutiques - Producteur Fran\u00e7ais De Caviar","isPartOf":{"@id":"http:\/\/caviar-de-neuvic.com\/fr\/#website"},"primaryImageOfPage":{"@id":"https:\/\/caviar-de-neuvic.com\/nos-boutiques\/#primaryimage"},"image":{"@id":"https:\/\/caviar-de-neuvic.com\/nos-boutiques\/#primaryimage"},"thumbnailUrl":"https:\/\/caviar-de-neuvic.com\/wp-content\/uploads\/2026\/03\/domaine-neuvic.jpg","datePublished":"2025-08-12T15:33:27+00:00","dateModified":"2026-03-23T11:15:05+00:00","breadcrumb":{"@id":"https:\/\/caviar-de-neuvic.com\/nos-boutiques\/#breadcrumb"},"inLanguage":"en-GB","potentialAction":[{"@type":"ReadAction","target":["https:\/\/caviar-de-neuvic.com\/nos-boutiques\/"]}]},{"@type":"ImageObject","inLanguage":"en-GB","@id":"https:\/\/caviar-de-neuvic.com\/nos-boutiques\/#primaryimage","url":"https:\/\/caviar-de-neuvic.com\/wp-content\/uploads\/2026\/03\/domaine-neuvic.jpg","contentUrl":"https:\/\/caviar-de-neuvic.com\/wp-content\/uploads\/2026\/03\/domaine-neuvic.jpg"},{"@type":"BreadcrumbList","@id":"https:\/\/caviar-de-neuvic.com\/nos-boutiques\/#breadcrumb","itemListElement":[{"@type":"ListItem","position":1,"name":"Caviar de Neuvic","item":"https:\/\/caviar-de-neuvic.com\/"},{"@type":"ListItem","position":2,"name":"Nos boutiques"}]},{"@type":"WebSite","@id":"http:\/\/caviar-de-neuvic.com\/fr\/#website","url":"http:\/\/caviar-de-neuvic.com\/fr\/","name":"Producteur Fran\u00e7ais De Caviar","description":"","publisher":{"@id":"http:\/\/caviar-de-neuvic.com\/fr\/#organization"},"potentialAction":[{"@type":"SearchAction","target":{"@type":"EntryPoint","urlTemplate":"http:\/\/caviar-de-neuvic.com\/fr\/?s={search_term_string}"},"query-input":{"@type":"PropertyValueSpecification","valueRequired":true,"valueName":"search_term_string"}}],"inLanguage":"en-GB"},{"@type":"Organization","@id":"http:\/\/caviar-de-neuvic.com\/fr\/#organization","name":"Producteur Fran\u00e7ais De Caviar","url":"http:\/\/caviar-de-neuvic.com\/fr\/","logo":{"@type":"ImageObject","inLanguage":"en-GB","@id":"http:\/\/caviar-de-neuvic.com\/fr\/#\/schema\/logo\/image\/","url":"","contentUrl":"","caption":"Producteur Fran\u00e7ais De Caviar"},"image":{"@id":"http:\/\/caviar-de-neuvic.com\/fr\/#\/schema\/logo\/image\/"}}]}},"_links":{"self":[{"href":"https:\/\/caviar-de-neuvic.com\/en\/wp-json\/wp\/v2\/pages\/23302","targetHints":{"allow":["GET"]}}],"collection":[{"href":"https:\/\/caviar-de-neuvic.com\/en\/wp-json\/wp\/v2\/pages"}],"about":[{"href":"https:\/\/caviar-de-neuvic.com\/en\/wp-json\/wp\/v2\/types\/page"}],"author":[{"embeddable":true,"href":"https:\/\/caviar-de-neuvic.com\/en\/wp-json\/wp\/v2\/users\/1"}],"replies":[{"embeddable":true,"href":"https:\/\/caviar-de-neuvic.com\/en\/wp-json\/wp\/v2\/comments?post=23302"}],"version-history":[{"count":163,"href":"https:\/\/caviar-de-neuvic.com\/en\/wp-json\/wp\/v2\/pages\/23302\/revisions"}],"predecessor-version":[{"id":36745,"href":"https:\/\/caviar-de-neuvic.com\/en\/wp-json\/wp\/v2\/pages\/23302\/revisions\/36745"}],"wp:attachment":[{"href":"https:\/\/caviar-de-neuvic.com\/en\/wp-json\/wp\/v2\/media?parent=23302"}],"curies":[{"name":"wp","href":"https:\/\/api.w.org\/{rel}","templated":true}]}}