{"id":1012,"date":"2019-10-20T17:35:27","date_gmt":"2019-10-20T17:35:27","guid":{"rendered":"https:\/\/caviar-de-neuvic.com\/produits\/caviar-baeri-signature-boite-origine\/"},"modified":"2026-04-22T14:58:39","modified_gmt":"2026-04-22T12:58:39","slug":"caviar-baeri-signature-boite-origine","status":"publish","type":"product","link":"https:\/\/caviar-de-neuvic.com\/en\/p\/accueil\/caviar\/caviar-baeri\/caviar-baeri-signature-boite-origine\/","title":{"rendered":"Baeri Caviar \u2013 Original Tin"},"content":{"rendered":"<h3>The Original tin : an iconic box<\/h3>\n<p>At the producer's premises, once the eggs have been carefully extracted, selected and quickly salted, they are stored in these boxes in a cold room to be refined and then repackaged. The Bo\u00eete Origine Caviar de Neuvic embodies the promise of a spectacular tasting experience, unlimited pleasure and luxury.<\/p>\n<h3>Serve caviar with an \u2018Origine\u2019 box<\/h3>\n<p>Remove the rubber band around the box and carefully lift the lid.<\/p>\n<h3>Find out more on the blog<\/h3>\n<ul style=\"list-style-type: circle;\">\n<li><a href=\"https:\/\/caviar-de-neuvic.com\/en\/universducaviar\/comment-servir-du-caviar\/\">How to serve caviar?<\/a><\/li>\n<li><a href=\"https:\/\/caviar-de-neuvic.com\/en\/universducaviar\/quels-sens-mobiliser-pour-la-degustation-de-caviar\/\">Which senses are involved in tasting caviar?<\/a><\/li>\n<li><a href=\"https:\/\/caviar-de-neuvic.com\/en\/universducaviar\/comment-accompagner-le-caviar\/\">How to accompany caviar?<\/a><\/li>\n<li><a href=\"https:\/\/caviar-de-neuvic.com\/en\/universducaviar\/comment-deguster-le-caviar\/\">How to taste caviar?<\/a><\/li>\n<li><a href=\"https:\/\/caviar-de-neuvic.com\/en\/universducaviar\/conserver-le-caviar\/\">How to store caviar?<\/a><\/li>\n<li><a href=\"https:\/\/caviar-de-neuvic.com\/en\/universducaviar\/que-boire-avec-le-caviar\/\">What to drink with caviar?<\/a><\/li>\n<\/ul>","protected":false},"excerpt":{"rendered":"<p>The legendary original box in the colours of Caviar de Neuvic. The original caviar box inspires a generous and unforgettable tasting experience. Original format designed for caviar maturation and exclusively in the colours of Caviar de Neuvic.<\/p>\n<p>The Bo\u00eete Origine embodies all the magic of caviar from yesterday to today... It was used to collect caviar immediately after fishing on boats in the days of wild caviar.<\/p>\n<h2>A balanced caviar in an iconic tin<\/h2>\n<p>Baeri Signature Caviar comes from sturgeon <em>Acipenser Baeri<\/em>Baeri caviar is distinguished by its fine grains, which range in colour from charcoal grey to golden brown. On the palate, its silky texture releases balanced iodine flavours, enhanced by delicate notes of butter and dried fruit. Its subtle taste and slight length on the palate make it a refined choice for caviar lovers.<\/p>","protected":false},"featured_media":1009,"template":"","meta":{"_acf_changed":false,"ocean_post_layout":"","ocean_both_sidebars_style":"","ocean_both_sidebars_content_width":0,"ocean_both_sidebars_sidebars_width":0,"ocean_sidebar":"0","ocean_second_sidebar":"0","ocean_disable_margins":"enable","ocean_add_body_class":"","ocean_shortcode_before_top_bar":"","ocean_shortcode_after_top_bar":"","ocean_shortcode_before_header":"","ocean_shortcode_after_header":"","ocean_has_shortcode":"","ocean_shortcode_after_title":"","ocean_shortcode_before_footer_widgets":"","ocean_shortcode_after_footer_widgets":"","ocean_shortcode_before_footer_bottom":"","ocean_shortcode_after_footer_bottom":"","ocean_display_top_bar":"default","ocean_display_header":"default","ocean_header_style":"","ocean_center_header_left_menu":"0","ocean_custom_header_template":"0","ocean_custom_logo":0,"ocean_custom_retina_logo":0,"ocean_custom_logo_max_width":0,"ocean_custom_logo_tablet_max_width":0,"ocean_custom_logo_mobile_max_width":0,"ocean_custom_logo_max_height":0,"ocean_custom_logo_tablet_max_height":0,"ocean_custom_logo_mobile_max_height":0,"ocean_header_custom_menu":"0","ocean_menu_typo_font_family":"0","ocean_menu_typo_font_subset":"","ocean_menu_typo_font_size":0,"ocean_menu_typo_font_size_tablet":0,"ocean_menu_typo_font_size_mobile":0,"ocean_menu_typo_font_size_unit":"px","ocean_menu_typo_font_weight":"","ocean_menu_typo_font_weight_tablet":"","ocean_menu_typo_font_weight_mobile":"","ocean_menu_typo_transform":"","ocean_menu_typo_transform_tablet":"","ocean_menu_typo_transform_mobile":"","ocean_menu_typo_line_height":0,"ocean_menu_typo_line_height_tablet":0,"ocean_menu_typo_line_height_mobile":0,"ocean_menu_typo_line_height_unit":"","ocean_menu_typo_spacing":0,"ocean_menu_typo_spacing_tablet":0,"ocean_menu_typo_spacing_mobile":0,"ocean_menu_typo_spacing_unit":"","ocean_menu_link_color":"","ocean_menu_link_color_hover":"","ocean_menu_link_color_active":"","ocean_menu_link_background":"","ocean_menu_link_hover_background":"","ocean_menu_link_active_background":"","ocean_menu_social_links_bg":"","ocean_menu_social_hover_links_bg":"","ocean_menu_social_links_color":"","ocean_menu_social_hover_links_color":"","ocean_disable_title":"default","ocean_disable_heading":"default","ocean_post_title":"","ocean_post_subheading":"","ocean_post_title_style":"","ocean_post_title_background_color":"","ocean_post_title_background":0,"ocean_post_title_bg_image_position":"","ocean_post_title_bg_image_attachment":"","ocean_post_title_bg_image_repeat":"","ocean_post_title_bg_image_size":"","ocean_post_title_height":0,"ocean_post_title_bg_overlay":0.5,"ocean_post_title_bg_overlay_color":"","ocean_disable_breadcrumbs":"default","ocean_breadcrumbs_color":"","ocean_breadcrumbs_separator_color":"","ocean_breadcrumbs_links_color":"","ocean_breadcrumbs_links_hover_color":"","ocean_display_footer_widgets":"default","ocean_display_footer_bottom":"default","ocean_custom_footer_template":"0","omw_enable_modal_window":"enable"},"product_brand":[315],"product_cat":[20,43,53,311],"product_tag":[],"class_list":{"0":"post-1012","1":"product","2":"type-product","3":"status-publish","4":"has-post-thumbnail","6":"product_brand-caviar-signature","7":"product_cat-caviar","8":"product_cat-caviar-baeri","9":"product_cat-les-boites-origine","10":"product_cat-nos-caviars-signature","11":"pa_choisissezlepoids-250g","12":"pa_choisissezlepoids-500g","13":"pa_conservation-aurefrigerateurentre0et4c_","14":"pa_origine-france","16":"entry","17":"has-media","19":"first","20":"instock","21":"taxable","22":"shipping-taxable","23":"purchasable","24":"product-type-variable","25":"has-default-attributes","26":"has-product-nav","27":"col","28":"span_1_of_3","29":"owp-content-center","30":"item-entry","31":"owp-thumbs-layout-vertical","32":"owp-btn-normal","33":"owp-tabs-layout-horizontal"},"acf":[],"yoast_head":"<!-- This site is optimized with the Yoast SEO plugin v27.5 - https:\/\/yoast.com\/product\/yoast-seo-wordpress\/ -->\n<title>Caviar Baeri Signature - Boite Origine - Caviar de Neuvic<\/title>\n<meta name=\"description\" content=\"Un caviar \u00e9quilibr\u00e9 dans une bo\u00eete embl\u00e9matique. En bouche, la texture fondante des \u0153ufs se r\u00e9sout dans une palette de sensations d\u00e9licates.\" \/>\n<meta name=\"robots\" content=\"index, follow, max-snippet:-1, max-image-preview:large, max-video-preview:-1\" \/>\n<link rel=\"canonical\" href=\"https:\/\/caviar-de-neuvic.com\/en\/p\/accueil\/caviar\/caviar-baeri\/caviar-baeri-signature-boite-origine\/\" \/>\n<meta property=\"og:locale\" content=\"en_GB\" \/>\n<meta property=\"og:type\" content=\"article\" \/>\n<meta property=\"og:title\" content=\"Caviar Baeri Signature - Boite Origine - Caviar de Neuvic\" \/>\n<meta property=\"og:description\" content=\"Un caviar \u00e9quilibr\u00e9 dans une bo\u00eete embl\u00e9matique. En bouche, la texture fondante des \u0153ufs se r\u00e9sout dans une palette de sensations d\u00e9licates.\" \/>\n<meta property=\"og:url\" content=\"https:\/\/caviar-de-neuvic.com\/en\/p\/accueil\/caviar\/caviar-baeri\/caviar-baeri-signature-boite-origine\/\" \/>\n<meta property=\"og:site_name\" content=\"Producteur Fran\u00e7ais De Caviar\" \/>\n<meta property=\"article:modified_time\" content=\"2026-04-22T12:58:39+00:00\" \/>\n<meta property=\"og:image\" content=\"https:\/\/caviar-de-neuvic.com\/wp-content\/uploads\/2019\/10\/2820-Caviar-Baeri-Signature-Boite-Origine.jpg\" \/>\n\t<meta property=\"og:image:width\" content=\"1100\" \/>\n\t<meta property=\"og:image:height\" content=\"1422\" \/>\n\t<meta property=\"og:image:type\" content=\"image\/jpeg\" \/>\n<meta name=\"twitter:card\" content=\"summary_large_image\" \/>\n<meta name=\"twitter:label1\" content=\"Estimated reading time\" \/>\n\t<meta name=\"twitter:data1\" content=\"1 minute\" \/>\n<script type=\"application\/ld+json\" class=\"yoast-schema-graph\">{\"@context\":\"https:\\\/\\\/schema.org\",\"@graph\":[{\"@type\":\"WebPage\",\"@id\":\"https:\\\/\\\/caviar-de-neuvic.com\\\/p\\\/accueil\\\/caviar\\\/caviar-baeri\\\/caviar-baeri-signature-boite-origine\\\/\",\"url\":\"https:\\\/\\\/caviar-de-neuvic.com\\\/p\\\/accueil\\\/caviar\\\/caviar-baeri\\\/caviar-baeri-signature-boite-origine\\\/\",\"name\":\"Caviar Baeri Signature - Boite Origine - Caviar de Neuvic\",\"isPartOf\":{\"@id\":\"http:\\\/\\\/caviar-de-neuvic.com\\\/fr\\\/#website\"},\"primaryImageOfPage\":{\"@id\":\"https:\\\/\\\/caviar-de-neuvic.com\\\/p\\\/accueil\\\/caviar\\\/caviar-baeri\\\/caviar-baeri-signature-boite-origine\\\/#primaryimage\"},\"image\":{\"@id\":\"https:\\\/\\\/caviar-de-neuvic.com\\\/p\\\/accueil\\\/caviar\\\/caviar-baeri\\\/caviar-baeri-signature-boite-origine\\\/#primaryimage\"},\"thumbnailUrl\":\"https:\\\/\\\/caviar-de-neuvic.com\\\/wp-content\\\/uploads\\\/2019\\\/10\\\/2820-Caviar-Baeri-Signature-Boite-Origine.jpg\",\"datePublished\":\"2019-10-20T17:35:27+00:00\",\"dateModified\":\"2026-04-22T12:58:39+00:00\",\"description\":\"Un caviar \u00e9quilibr\u00e9 dans une bo\u00eete embl\u00e9matique. En bouche, la texture fondante des \u0153ufs se r\u00e9sout dans une palette de sensations d\u00e9licates.\",\"breadcrumb\":{\"@id\":\"https:\\\/\\\/caviar-de-neuvic.com\\\/p\\\/accueil\\\/caviar\\\/caviar-baeri\\\/caviar-baeri-signature-boite-origine\\\/#breadcrumb\"},\"inLanguage\":\"en-GB\",\"potentialAction\":[{\"@type\":\"ReadAction\",\"target\":[\"https:\\\/\\\/caviar-de-neuvic.com\\\/p\\\/accueil\\\/caviar\\\/caviar-baeri\\\/caviar-baeri-signature-boite-origine\\\/\"]}]},{\"@type\":\"ImageObject\",\"inLanguage\":\"en-GB\",\"@id\":\"https:\\\/\\\/caviar-de-neuvic.com\\\/p\\\/accueil\\\/caviar\\\/caviar-baeri\\\/caviar-baeri-signature-boite-origine\\\/#primaryimage\",\"url\":\"https:\\\/\\\/caviar-de-neuvic.com\\\/wp-content\\\/uploads\\\/2019\\\/10\\\/2820-Caviar-Baeri-Signature-Boite-Origine.jpg\",\"contentUrl\":\"https:\\\/\\\/caviar-de-neuvic.com\\\/wp-content\\\/uploads\\\/2019\\\/10\\\/2820-Caviar-Baeri-Signature-Boite-Origine.jpg\",\"width\":1100,\"height\":1422,\"caption\":\"Caviar Baeri Signature - Boite Origine\"},{\"@type\":\"BreadcrumbList\",\"@id\":\"https:\\\/\\\/caviar-de-neuvic.com\\\/p\\\/accueil\\\/caviar\\\/caviar-baeri\\\/caviar-baeri-signature-boite-origine\\\/#breadcrumb\",\"itemListElement\":[{\"@type\":\"ListItem\",\"position\":1,\"name\":\"Caviar de Neuvic\",\"item\":\"https:\\\/\\\/caviar-de-neuvic.com\\\/\"},{\"@type\":\"ListItem\",\"position\":2,\"name\":\"Shop\",\"item\":\"https:\\\/\\\/caviar-de-neuvic.com\\\/en\\\/shop\\\/\"},{\"@type\":\"ListItem\",\"position\":3,\"name\":\"Caviar Baeri Signature &#8211; Boite Origine\"}]},{\"@type\":\"WebSite\",\"@id\":\"http:\\\/\\\/caviar-de-neuvic.com\\\/fr\\\/#website\",\"url\":\"http:\\\/\\\/caviar-de-neuvic.com\\\/fr\\\/\",\"name\":\"Producteur Fran\u00e7ais De Caviar\",\"description\":\"\",\"publisher\":{\"@id\":\"http:\\\/\\\/caviar-de-neuvic.com\\\/fr\\\/#organization\"},\"potentialAction\":[{\"@type\":\"SearchAction\",\"target\":{\"@type\":\"EntryPoint\",\"urlTemplate\":\"http:\\\/\\\/caviar-de-neuvic.com\\\/fr\\\/?s={search_term_string}\"},\"query-input\":{\"@type\":\"PropertyValueSpecification\",\"valueRequired\":true,\"valueName\":\"search_term_string\"}}],\"inLanguage\":\"en-GB\"},{\"@type\":\"Organization\",\"@id\":\"http:\\\/\\\/caviar-de-neuvic.com\\\/fr\\\/#organization\",\"name\":\"Producteur Fran\u00e7ais De Caviar\",\"url\":\"http:\\\/\\\/caviar-de-neuvic.com\\\/fr\\\/\",\"logo\":{\"@type\":\"ImageObject\",\"inLanguage\":\"en-GB\",\"@id\":\"http:\\\/\\\/caviar-de-neuvic.com\\\/fr\\\/#\\\/schema\\\/logo\\\/image\\\/\",\"url\":\"\",\"contentUrl\":\"\",\"caption\":\"Producteur Fran\u00e7ais De Caviar\"},\"image\":{\"@id\":\"http:\\\/\\\/caviar-de-neuvic.com\\\/fr\\\/#\\\/schema\\\/logo\\\/image\\\/\"}}]}<\/script>\n<!-- \/ Yoast SEO plugin. -->","yoast_head_json":{"title":"Caviar Baeri Signature - Boite Origine - Caviar de Neuvic","description":"Un caviar \u00e9quilibr\u00e9 dans une bo\u00eete embl\u00e9matique. En bouche, la texture fondante des \u0153ufs se r\u00e9sout dans une palette de sensations d\u00e9licates.","robots":{"index":"index","follow":"follow","max-snippet":"max-snippet:-1","max-image-preview":"max-image-preview:large","max-video-preview":"max-video-preview:-1"},"canonical":"https:\/\/caviar-de-neuvic.com\/en\/p\/accueil\/caviar\/caviar-baeri\/caviar-baeri-signature-boite-origine\/","og_locale":"en_GB","og_type":"article","og_title":"Caviar Baeri Signature - Boite Origine - Caviar de Neuvic","og_description":"Un caviar \u00e9quilibr\u00e9 dans une bo\u00eete embl\u00e9matique. En bouche, la texture fondante des \u0153ufs se r\u00e9sout dans une palette de sensations d\u00e9licates.","og_url":"https:\/\/caviar-de-neuvic.com\/en\/p\/accueil\/caviar\/caviar-baeri\/caviar-baeri-signature-boite-origine\/","og_site_name":"Producteur Fran\u00e7ais De Caviar","article_modified_time":"2026-04-22T12:58:39+00:00","og_image":[{"width":1100,"height":1422,"url":"https:\/\/caviar-de-neuvic.com\/wp-content\/uploads\/2019\/10\/2820-Caviar-Baeri-Signature-Boite-Origine.jpg","type":"image\/jpeg"}],"twitter_card":"summary_large_image","twitter_misc":{"Estimated reading time":"1 minute"},"schema":{"@context":"https:\/\/schema.org","@graph":[{"@type":"WebPage","@id":"https:\/\/caviar-de-neuvic.com\/p\/accueil\/caviar\/caviar-baeri\/caviar-baeri-signature-boite-origine\/","url":"https:\/\/caviar-de-neuvic.com\/p\/accueil\/caviar\/caviar-baeri\/caviar-baeri-signature-boite-origine\/","name":"Caviar Baeri Signature - Boite Origine - Caviar de Neuvic","isPartOf":{"@id":"http:\/\/caviar-de-neuvic.com\/fr\/#website"},"primaryImageOfPage":{"@id":"https:\/\/caviar-de-neuvic.com\/p\/accueil\/caviar\/caviar-baeri\/caviar-baeri-signature-boite-origine\/#primaryimage"},"image":{"@id":"https:\/\/caviar-de-neuvic.com\/p\/accueil\/caviar\/caviar-baeri\/caviar-baeri-signature-boite-origine\/#primaryimage"},"thumbnailUrl":"https:\/\/caviar-de-neuvic.com\/wp-content\/uploads\/2019\/10\/2820-Caviar-Baeri-Signature-Boite-Origine.jpg","datePublished":"2019-10-20T17:35:27+00:00","dateModified":"2026-04-22T12:58:39+00:00","description":"Un caviar \u00e9quilibr\u00e9 dans une bo\u00eete embl\u00e9matique. En bouche, la texture fondante des \u0153ufs se r\u00e9sout dans une palette de sensations d\u00e9licates.","breadcrumb":{"@id":"https:\/\/caviar-de-neuvic.com\/p\/accueil\/caviar\/caviar-baeri\/caviar-baeri-signature-boite-origine\/#breadcrumb"},"inLanguage":"en-GB","potentialAction":[{"@type":"ReadAction","target":["https:\/\/caviar-de-neuvic.com\/p\/accueil\/caviar\/caviar-baeri\/caviar-baeri-signature-boite-origine\/"]}]},{"@type":"ImageObject","inLanguage":"en-GB","@id":"https:\/\/caviar-de-neuvic.com\/p\/accueil\/caviar\/caviar-baeri\/caviar-baeri-signature-boite-origine\/#primaryimage","url":"https:\/\/caviar-de-neuvic.com\/wp-content\/uploads\/2019\/10\/2820-Caviar-Baeri-Signature-Boite-Origine.jpg","contentUrl":"https:\/\/caviar-de-neuvic.com\/wp-content\/uploads\/2019\/10\/2820-Caviar-Baeri-Signature-Boite-Origine.jpg","width":1100,"height":1422,"caption":"Caviar Baeri Signature - Boite Origine"},{"@type":"BreadcrumbList","@id":"https:\/\/caviar-de-neuvic.com\/p\/accueil\/caviar\/caviar-baeri\/caviar-baeri-signature-boite-origine\/#breadcrumb","itemListElement":[{"@type":"ListItem","position":1,"name":"Caviar de Neuvic","item":"https:\/\/caviar-de-neuvic.com\/"},{"@type":"ListItem","position":2,"name":"Shop","item":"https:\/\/caviar-de-neuvic.com\/en\/shop\/"},{"@type":"ListItem","position":3,"name":"Caviar Baeri Signature &#8211; Boite Origine"}]},{"@type":"WebSite","@id":"http:\/\/caviar-de-neuvic.com\/fr\/#website","url":"http:\/\/caviar-de-neuvic.com\/fr\/","name":"Producteur Fran\u00e7ais De Caviar","description":"","publisher":{"@id":"http:\/\/caviar-de-neuvic.com\/fr\/#organization"},"potentialAction":[{"@type":"SearchAction","target":{"@type":"EntryPoint","urlTemplate":"http:\/\/caviar-de-neuvic.com\/fr\/?s={search_term_string}"},"query-input":{"@type":"PropertyValueSpecification","valueRequired":true,"valueName":"search_term_string"}}],"inLanguage":"en-GB"},{"@type":"Organization","@id":"http:\/\/caviar-de-neuvic.com\/fr\/#organization","name":"Producteur Fran\u00e7ais De Caviar","url":"http:\/\/caviar-de-neuvic.com\/fr\/","logo":{"@type":"ImageObject","inLanguage":"en-GB","@id":"http:\/\/caviar-de-neuvic.com\/fr\/#\/schema\/logo\/image\/","url":"","contentUrl":"","caption":"Producteur Fran\u00e7ais De Caviar"},"image":{"@id":"http:\/\/caviar-de-neuvic.com\/fr\/#\/schema\/logo\/image\/"}}]}},"_links":{"self":[{"href":"https:\/\/caviar-de-neuvic.com\/en\/wp-json\/wp\/v2\/product\/1012","targetHints":{"allow":["GET"]}}],"collection":[{"href":"https:\/\/caviar-de-neuvic.com\/en\/wp-json\/wp\/v2\/product"}],"about":[{"href":"https:\/\/caviar-de-neuvic.com\/en\/wp-json\/wp\/v2\/types\/product"}],"version-history":[{"count":6,"href":"https:\/\/caviar-de-neuvic.com\/en\/wp-json\/wp\/v2\/product\/1012\/revisions"}],"predecessor-version":[{"id":30069,"href":"https:\/\/caviar-de-neuvic.com\/en\/wp-json\/wp\/v2\/product\/1012\/revisions\/30069"}],"wp:featuredmedia":[{"embeddable":true,"href":"https:\/\/caviar-de-neuvic.com\/en\/wp-json\/wp\/v2\/media\/1009"}],"wp:attachment":[{"href":"https:\/\/caviar-de-neuvic.com\/en\/wp-json\/wp\/v2\/media?parent=1012"}],"wp:term":[{"taxonomy":"product_brand","embeddable":true,"href":"https:\/\/caviar-de-neuvic.com\/en\/wp-json\/wp\/v2\/product_brand?post=1012"},{"taxonomy":"product_cat","embeddable":true,"href":"https:\/\/caviar-de-neuvic.com\/en\/wp-json\/wp\/v2\/product_cat?post=1012"},{"taxonomy":"product_tag","embeddable":true,"href":"https:\/\/caviar-de-neuvic.com\/en\/wp-json\/wp\/v2\/product_tag?post=1012"}],"curies":[{"name":"wp","href":"https:\/\/api.w.org\/{rel}","templated":true}]}}