{"id":2335,"date":"2024-11-18T17:28:50","date_gmt":"2024-11-18T17:28:50","guid":{"rendered":"https:\/\/caviar-de-neuvic.com\/produits\/livre-khavyar-la-naissance-d-un-mythe\/"},"modified":"2025-12-19T13:48:26","modified_gmt":"2025-12-19T12:48:26","slug":"livre-khavyar-la-naissance-d-un-mythe","status":"publish","type":"product","link":"https:\/\/caviar-de-neuvic.com\/en\/p\/accueil\/accompagner-le-caviar\/livre-khavyar-la-naissance-d-un-mythe\/","title":{"rendered":"Book \u201cKhavyar: The Birth of a Myth\u201d"},"content":{"rendered":"","protected":false},"excerpt":{"rendered":"<p>Caviar de Neuvic announces the release of its very first book, Khavyar: The Birth of a Myth.<\/p>\n<p>This book retraces the history of caviar, once little-known and intended for modest uses, which gradually found its place on the world\u2019s most prestigious tables. Through this narrative, the reader is invited to discover the origins of this mythical product, its transition from wild to farmed caviar, and the adventure of the creation of Caviar de Neuvic in 2011.<\/p>\n<p>The book also highlights the commitment of Maison Caviar de Neuvic, which, by combining three core values\u2014respect, excellence, and innovation\u2014has managed to reinvent this emblematic delicacy while projecting it into a modern era.<\/p>\n<h2>A book in collaboration with twelve exceptional chefs<\/h2>\n<p>Caviar de Neuvic has surrounded itself with twelve passionate chefs who, for years, have accompanied the Maison in its creations. These committed chefs share common values: respect, innovation, and excellence.<\/p>\n<p>In Khavyar, each chef is presented through an exclusive portrait, revealing their journey, their connection with the Maison, and their unique approach to caviar. These portraits will also be available in audio format in the podcast \u201cAudace\u201d by Caviar de Neuvic, for an even more intimate immersion into the world of the chefs.<\/p>","protected":false},"featured_media":2330,"template":"","meta":{"_acf_changed":false,"ocean_post_layout":"","ocean_both_sidebars_style":"","ocean_both_sidebars_content_width":0,"ocean_both_sidebars_sidebars_width":0,"ocean_sidebar":"0","ocean_second_sidebar":"0","ocean_disable_margins":"enable","ocean_add_body_class":"","ocean_shortcode_before_top_bar":"","ocean_shortcode_after_top_bar":"","ocean_shortcode_before_header":"","ocean_shortcode_after_header":"","ocean_has_shortcode":"","ocean_shortcode_after_title":"","ocean_shortcode_before_footer_widgets":"","ocean_shortcode_after_footer_widgets":"","ocean_shortcode_before_footer_bottom":"","ocean_shortcode_after_footer_bottom":"","ocean_display_top_bar":"default","ocean_display_header":"default","ocean_header_style":"","ocean_center_header_left_menu":"0","ocean_custom_header_template":"0","ocean_custom_logo":0,"ocean_custom_retina_logo":0,"ocean_custom_logo_max_width":0,"ocean_custom_logo_tablet_max_width":0,"ocean_custom_logo_mobile_max_width":0,"ocean_custom_logo_max_height":0,"ocean_custom_logo_tablet_max_height":0,"ocean_custom_logo_mobile_max_height":0,"ocean_header_custom_menu":"0","ocean_menu_typo_font_family":"0","ocean_menu_typo_font_subset":"","ocean_menu_typo_font_size":0,"ocean_menu_typo_font_size_tablet":0,"ocean_menu_typo_font_size_mobile":0,"ocean_menu_typo_font_size_unit":"px","ocean_menu_typo_font_weight":"","ocean_menu_typo_font_weight_tablet":"","ocean_menu_typo_font_weight_mobile":"","ocean_menu_typo_transform":"","ocean_menu_typo_transform_tablet":"","ocean_menu_typo_transform_mobile":"","ocean_menu_typo_line_height":0,"ocean_menu_typo_line_height_tablet":0,"ocean_menu_typo_line_height_mobile":0,"ocean_menu_typo_line_height_unit":"","ocean_menu_typo_spacing":0,"ocean_menu_typo_spacing_tablet":0,"ocean_menu_typo_spacing_mobile":0,"ocean_menu_typo_spacing_unit":"","ocean_menu_link_color":"","ocean_menu_link_color_hover":"","ocean_menu_link_color_active":"","ocean_menu_link_background":"","ocean_menu_link_hover_background":"","ocean_menu_link_active_background":"","ocean_menu_social_links_bg":"","ocean_menu_social_hover_links_bg":"","ocean_menu_social_links_color":"","ocean_menu_social_hover_links_color":"","ocean_disable_title":"default","ocean_disable_heading":"default","ocean_post_title":"","ocean_post_subheading":"","ocean_post_title_style":"","ocean_post_title_background_color":"","ocean_post_title_background":0,"ocean_post_title_bg_image_position":"","ocean_post_title_bg_image_attachment":"","ocean_post_title_bg_image_repeat":"","ocean_post_title_bg_image_size":"","ocean_post_title_height":0,"ocean_post_title_bg_overlay":0.5,"ocean_post_title_bg_overlay_color":"","ocean_disable_breadcrumbs":"default","ocean_breadcrumbs_color":"","ocean_breadcrumbs_separator_color":"","ocean_breadcrumbs_links_color":"","ocean_breadcrumbs_links_hover_color":"","ocean_display_footer_widgets":"default","ocean_display_footer_bottom":"default","ocean_custom_footer_template":"0","omw_enable_modal_window":"enable"},"product_brand":[],"product_cat":[21],"product_tag":[],"class_list":{"0":"post-2335","1":"product","2":"type-product","3":"status-publish","4":"has-post-thumbnail","6":"product_cat-accompagner-le-caviar","7":"product_shipping_class-sec","8":"pa_livraison-sec","10":"entry","11":"has-media","13":"first","14":"outofstock","15":"taxable","16":"shipping-taxable","17":"purchasable","18":"product-type-simple","19":"has-product-nav","20":"col","21":"span_1_of_3","22":"owp-content-center","23":"item-entry","24":"owp-thumbs-layout-vertical","25":"owp-btn-normal","26":"owp-tabs-layout-horizontal"},"acf":[],"yoast_head":"<!-- This site is optimized with the Yoast SEO plugin v27.4 - https:\/\/yoast.com\/product\/yoast-seo-wordpress\/ -->\n<title>Livre &quot;Khavyar : la naissance d&#039;un mythe&quot; - Caviar de Neuvic<\/title>\n<meta name=\"description\" content=\"Ce livre retrace l&#039;histoire du caviar, un produit autrefois m\u00e9connu et destin\u00e9 \u00e0 des usages modestes, qui progressivement, a occup\u00e9 une place de choix sur les plus prestigieuses tables du monde\" \/>\n<meta name=\"robots\" content=\"index, follow, max-snippet:-1, max-image-preview:large, max-video-preview:-1\" \/>\n<link rel=\"canonical\" href=\"https:\/\/caviar-de-neuvic.com\/en\/p\/accueil\/accompagner-le-caviar\/livre-khavyar-la-naissance-d-un-mythe\/\" \/>\n<meta property=\"og:locale\" content=\"en_GB\" \/>\n<meta property=\"og:type\" content=\"article\" \/>\n<meta property=\"og:title\" content=\"Livre &quot;Khavyar : la naissance d&#039;un mythe&quot; - Caviar de Neuvic\" \/>\n<meta property=\"og:description\" content=\"Ce livre retrace l&#039;histoire du caviar, un produit autrefois m\u00e9connu et destin\u00e9 \u00e0 des usages modestes, qui progressivement, a occup\u00e9 une place de choix sur les plus prestigieuses tables du monde\" \/>\n<meta property=\"og:url\" content=\"https:\/\/caviar-de-neuvic.com\/en\/p\/accueil\/accompagner-le-caviar\/livre-khavyar-la-naissance-d-un-mythe\/\" \/>\n<meta property=\"og:site_name\" content=\"Producteur Fran\u00e7ais De Caviar\" \/>\n<meta property=\"article:modified_time\" content=\"2025-12-19T12:48:26+00:00\" \/>\n<meta property=\"og:image\" content=\"https:\/\/caviar-de-neuvic.com\/wp-content\/uploads\/2024\/11\/2830-Livre-Khavyar-la-naissance-dun-mythe.jpg\" \/>\n\t<meta property=\"og:image:width\" content=\"1100\" \/>\n\t<meta property=\"og:image:height\" content=\"1422\" \/>\n\t<meta property=\"og:image:type\" content=\"image\/jpeg\" \/>\n<meta name=\"twitter:card\" content=\"summary_large_image\" \/>\n<meta name=\"twitter:label1\" content=\"Estimated reading time\" \/>\n\t<meta name=\"twitter:data1\" content=\"1 minute\" \/>\n<script type=\"application\/ld+json\" class=\"yoast-schema-graph\">{\"@context\":\"https:\\\/\\\/schema.org\",\"@graph\":[{\"@type\":\"WebPage\",\"@id\":\"https:\\\/\\\/caviar-de-neuvic.com\\\/p\\\/accueil\\\/accompagner-le-caviar\\\/livre-khavyar-la-naissance-d-un-mythe\\\/\",\"url\":\"https:\\\/\\\/caviar-de-neuvic.com\\\/p\\\/accueil\\\/accompagner-le-caviar\\\/livre-khavyar-la-naissance-d-un-mythe\\\/\",\"name\":\"Livre \\\"Khavyar : la naissance d'un mythe\\\" - Caviar de Neuvic\",\"isPartOf\":{\"@id\":\"http:\\\/\\\/caviar-de-neuvic.com\\\/fr\\\/#website\"},\"primaryImageOfPage\":{\"@id\":\"https:\\\/\\\/caviar-de-neuvic.com\\\/p\\\/accueil\\\/accompagner-le-caviar\\\/livre-khavyar-la-naissance-d-un-mythe\\\/#primaryimage\"},\"image\":{\"@id\":\"https:\\\/\\\/caviar-de-neuvic.com\\\/p\\\/accueil\\\/accompagner-le-caviar\\\/livre-khavyar-la-naissance-d-un-mythe\\\/#primaryimage\"},\"thumbnailUrl\":\"https:\\\/\\\/caviar-de-neuvic.com\\\/wp-content\\\/uploads\\\/2024\\\/11\\\/2830-Livre-Khavyar-la-naissance-dun-mythe.jpg\",\"datePublished\":\"2024-11-18T17:28:50+00:00\",\"dateModified\":\"2025-12-19T12:48:26+00:00\",\"description\":\"Ce livre retrace l'histoire du caviar, un produit autrefois m\u00e9connu et destin\u00e9 \u00e0 des usages modestes, qui progressivement, a occup\u00e9 une place de choix sur les plus prestigieuses tables du monde\",\"breadcrumb\":{\"@id\":\"https:\\\/\\\/caviar-de-neuvic.com\\\/p\\\/accueil\\\/accompagner-le-caviar\\\/livre-khavyar-la-naissance-d-un-mythe\\\/#breadcrumb\"},\"inLanguage\":\"en-GB\",\"potentialAction\":[{\"@type\":\"ReadAction\",\"target\":[\"https:\\\/\\\/caviar-de-neuvic.com\\\/p\\\/accueil\\\/accompagner-le-caviar\\\/livre-khavyar-la-naissance-d-un-mythe\\\/\"]}]},{\"@type\":\"ImageObject\",\"inLanguage\":\"en-GB\",\"@id\":\"https:\\\/\\\/caviar-de-neuvic.com\\\/p\\\/accueil\\\/accompagner-le-caviar\\\/livre-khavyar-la-naissance-d-un-mythe\\\/#primaryimage\",\"url\":\"https:\\\/\\\/caviar-de-neuvic.com\\\/wp-content\\\/uploads\\\/2024\\\/11\\\/2830-Livre-Khavyar-la-naissance-dun-mythe.jpg\",\"contentUrl\":\"https:\\\/\\\/caviar-de-neuvic.com\\\/wp-content\\\/uploads\\\/2024\\\/11\\\/2830-Livre-Khavyar-la-naissance-dun-mythe.jpg\",\"width\":1100,\"height\":1422,\"caption\":\"Livre \\\"Khavyar : la naissance d'un mythe\\\"\"},{\"@type\":\"BreadcrumbList\",\"@id\":\"https:\\\/\\\/caviar-de-neuvic.com\\\/p\\\/accueil\\\/accompagner-le-caviar\\\/livre-khavyar-la-naissance-d-un-mythe\\\/#breadcrumb\",\"itemListElement\":[{\"@type\":\"ListItem\",\"position\":1,\"name\":\"Caviar de Neuvic\",\"item\":\"https:\\\/\\\/caviar-de-neuvic.com\\\/\"},{\"@type\":\"ListItem\",\"position\":2,\"name\":\"Shop\",\"item\":\"https:\\\/\\\/caviar-de-neuvic.com\\\/en\\\/shop\\\/\"},{\"@type\":\"ListItem\",\"position\":3,\"name\":\"Livre \u00ab\u00a0Khavyar : la naissance d&rsquo;un mythe\u00a0\u00bb\"}]},{\"@type\":\"WebSite\",\"@id\":\"http:\\\/\\\/caviar-de-neuvic.com\\\/fr\\\/#website\",\"url\":\"http:\\\/\\\/caviar-de-neuvic.com\\\/fr\\\/\",\"name\":\"Producteur Fran\u00e7ais De Caviar\",\"description\":\"\",\"publisher\":{\"@id\":\"http:\\\/\\\/caviar-de-neuvic.com\\\/fr\\\/#organization\"},\"potentialAction\":[{\"@type\":\"SearchAction\",\"target\":{\"@type\":\"EntryPoint\",\"urlTemplate\":\"http:\\\/\\\/caviar-de-neuvic.com\\\/fr\\\/?s={search_term_string}\"},\"query-input\":{\"@type\":\"PropertyValueSpecification\",\"valueRequired\":true,\"valueName\":\"search_term_string\"}}],\"inLanguage\":\"en-GB\"},{\"@type\":\"Organization\",\"@id\":\"http:\\\/\\\/caviar-de-neuvic.com\\\/fr\\\/#organization\",\"name\":\"Producteur Fran\u00e7ais De Caviar\",\"url\":\"http:\\\/\\\/caviar-de-neuvic.com\\\/fr\\\/\",\"logo\":{\"@type\":\"ImageObject\",\"inLanguage\":\"en-GB\",\"@id\":\"http:\\\/\\\/caviar-de-neuvic.com\\\/fr\\\/#\\\/schema\\\/logo\\\/image\\\/\",\"url\":\"\",\"contentUrl\":\"\",\"caption\":\"Producteur Fran\u00e7ais De Caviar\"},\"image\":{\"@id\":\"http:\\\/\\\/caviar-de-neuvic.com\\\/fr\\\/#\\\/schema\\\/logo\\\/image\\\/\"}}]}<\/script>\n<!-- \/ Yoast SEO plugin. -->","yoast_head_json":{"title":"Livre \"Khavyar : la naissance d'un mythe\" - Caviar de Neuvic","description":"Ce livre retrace l'histoire du caviar, un produit autrefois m\u00e9connu et destin\u00e9 \u00e0 des usages modestes, qui progressivement, a occup\u00e9 une place de choix sur les plus prestigieuses tables du monde","robots":{"index":"index","follow":"follow","max-snippet":"max-snippet:-1","max-image-preview":"max-image-preview:large","max-video-preview":"max-video-preview:-1"},"canonical":"https:\/\/caviar-de-neuvic.com\/en\/p\/accueil\/accompagner-le-caviar\/livre-khavyar-la-naissance-d-un-mythe\/","og_locale":"en_GB","og_type":"article","og_title":"Livre \"Khavyar : la naissance d'un mythe\" - Caviar de Neuvic","og_description":"Ce livre retrace l'histoire du caviar, un produit autrefois m\u00e9connu et destin\u00e9 \u00e0 des usages modestes, qui progressivement, a occup\u00e9 une place de choix sur les plus prestigieuses tables du monde","og_url":"https:\/\/caviar-de-neuvic.com\/en\/p\/accueil\/accompagner-le-caviar\/livre-khavyar-la-naissance-d-un-mythe\/","og_site_name":"Producteur Fran\u00e7ais De Caviar","article_modified_time":"2025-12-19T12:48:26+00:00","og_image":[{"width":1100,"height":1422,"url":"https:\/\/caviar-de-neuvic.com\/wp-content\/uploads\/2024\/11\/2830-Livre-Khavyar-la-naissance-dun-mythe.jpg","type":"image\/jpeg"}],"twitter_card":"summary_large_image","twitter_misc":{"Estimated reading time":"1 minute"},"schema":{"@context":"https:\/\/schema.org","@graph":[{"@type":"WebPage","@id":"https:\/\/caviar-de-neuvic.com\/p\/accueil\/accompagner-le-caviar\/livre-khavyar-la-naissance-d-un-mythe\/","url":"https:\/\/caviar-de-neuvic.com\/p\/accueil\/accompagner-le-caviar\/livre-khavyar-la-naissance-d-un-mythe\/","name":"Livre \"Khavyar : la naissance d'un mythe\" - Caviar de Neuvic","isPartOf":{"@id":"http:\/\/caviar-de-neuvic.com\/fr\/#website"},"primaryImageOfPage":{"@id":"https:\/\/caviar-de-neuvic.com\/p\/accueil\/accompagner-le-caviar\/livre-khavyar-la-naissance-d-un-mythe\/#primaryimage"},"image":{"@id":"https:\/\/caviar-de-neuvic.com\/p\/accueil\/accompagner-le-caviar\/livre-khavyar-la-naissance-d-un-mythe\/#primaryimage"},"thumbnailUrl":"https:\/\/caviar-de-neuvic.com\/wp-content\/uploads\/2024\/11\/2830-Livre-Khavyar-la-naissance-dun-mythe.jpg","datePublished":"2024-11-18T17:28:50+00:00","dateModified":"2025-12-19T12:48:26+00:00","description":"Ce livre retrace l'histoire du caviar, un produit autrefois m\u00e9connu et destin\u00e9 \u00e0 des usages modestes, qui progressivement, a occup\u00e9 une place de choix sur les plus prestigieuses tables du monde","breadcrumb":{"@id":"https:\/\/caviar-de-neuvic.com\/p\/accueil\/accompagner-le-caviar\/livre-khavyar-la-naissance-d-un-mythe\/#breadcrumb"},"inLanguage":"en-GB","potentialAction":[{"@type":"ReadAction","target":["https:\/\/caviar-de-neuvic.com\/p\/accueil\/accompagner-le-caviar\/livre-khavyar-la-naissance-d-un-mythe\/"]}]},{"@type":"ImageObject","inLanguage":"en-GB","@id":"https:\/\/caviar-de-neuvic.com\/p\/accueil\/accompagner-le-caviar\/livre-khavyar-la-naissance-d-un-mythe\/#primaryimage","url":"https:\/\/caviar-de-neuvic.com\/wp-content\/uploads\/2024\/11\/2830-Livre-Khavyar-la-naissance-dun-mythe.jpg","contentUrl":"https:\/\/caviar-de-neuvic.com\/wp-content\/uploads\/2024\/11\/2830-Livre-Khavyar-la-naissance-dun-mythe.jpg","width":1100,"height":1422,"caption":"Livre \"Khavyar : la naissance d'un mythe\""},{"@type":"BreadcrumbList","@id":"https:\/\/caviar-de-neuvic.com\/p\/accueil\/accompagner-le-caviar\/livre-khavyar-la-naissance-d-un-mythe\/#breadcrumb","itemListElement":[{"@type":"ListItem","position":1,"name":"Caviar de Neuvic","item":"https:\/\/caviar-de-neuvic.com\/"},{"@type":"ListItem","position":2,"name":"Shop","item":"https:\/\/caviar-de-neuvic.com\/en\/shop\/"},{"@type":"ListItem","position":3,"name":"Livre \u00ab\u00a0Khavyar : la naissance d&rsquo;un mythe\u00a0\u00bb"}]},{"@type":"WebSite","@id":"http:\/\/caviar-de-neuvic.com\/fr\/#website","url":"http:\/\/caviar-de-neuvic.com\/fr\/","name":"Producteur Fran\u00e7ais De Caviar","description":"","publisher":{"@id":"http:\/\/caviar-de-neuvic.com\/fr\/#organization"},"potentialAction":[{"@type":"SearchAction","target":{"@type":"EntryPoint","urlTemplate":"http:\/\/caviar-de-neuvic.com\/fr\/?s={search_term_string}"},"query-input":{"@type":"PropertyValueSpecification","valueRequired":true,"valueName":"search_term_string"}}],"inLanguage":"en-GB"},{"@type":"Organization","@id":"http:\/\/caviar-de-neuvic.com\/fr\/#organization","name":"Producteur Fran\u00e7ais De Caviar","url":"http:\/\/caviar-de-neuvic.com\/fr\/","logo":{"@type":"ImageObject","inLanguage":"en-GB","@id":"http:\/\/caviar-de-neuvic.com\/fr\/#\/schema\/logo\/image\/","url":"","contentUrl":"","caption":"Producteur Fran\u00e7ais De Caviar"},"image":{"@id":"http:\/\/caviar-de-neuvic.com\/fr\/#\/schema\/logo\/image\/"}}]}},"_links":{"self":[{"href":"https:\/\/caviar-de-neuvic.com\/en\/wp-json\/wp\/v2\/product\/2335","targetHints":{"allow":["GET"]}}],"collection":[{"href":"https:\/\/caviar-de-neuvic.com\/en\/wp-json\/wp\/v2\/product"}],"about":[{"href":"https:\/\/caviar-de-neuvic.com\/en\/wp-json\/wp\/v2\/types\/product"}],"version-history":[{"count":2,"href":"https:\/\/caviar-de-neuvic.com\/en\/wp-json\/wp\/v2\/product\/2335\/revisions"}],"predecessor-version":[{"id":29905,"href":"https:\/\/caviar-de-neuvic.com\/en\/wp-json\/wp\/v2\/product\/2335\/revisions\/29905"}],"wp:featuredmedia":[{"embeddable":true,"href":"https:\/\/caviar-de-neuvic.com\/en\/wp-json\/wp\/v2\/media\/2330"}],"wp:attachment":[{"href":"https:\/\/caviar-de-neuvic.com\/en\/wp-json\/wp\/v2\/media?parent=2335"}],"wp:term":[{"taxonomy":"product_brand","embeddable":true,"href":"https:\/\/caviar-de-neuvic.com\/en\/wp-json\/wp\/v2\/product_brand?post=2335"},{"taxonomy":"product_cat","embeddable":true,"href":"https:\/\/caviar-de-neuvic.com\/en\/wp-json\/wp\/v2\/product_cat?post=2335"},{"taxonomy":"product_tag","embeddable":true,"href":"https:\/\/caviar-de-neuvic.com\/en\/wp-json\/wp\/v2\/product_tag?post=2335"}],"curies":[{"name":"wp","href":"https:\/\/api.w.org\/{rel}","templated":true}]}}