{"id":732,"date":"2018-04-17T15:58:09","date_gmt":"2018-04-17T15:58:09","guid":{"rendered":"https:\/\/caviar-de-neuvic.com\/produits\/caviar-beluga-reserve-boite-origine\/"},"modified":"2026-04-29T09:41:27","modified_gmt":"2026-04-29T07:41:27","slug":"caviar-beluga-reserve-boite-origine","status":"publish","type":"product","link":"https:\/\/caviar-de-neuvic.com\/en\/p\/accueil\/caviar\/caviar-beluga\/caviar-beluga-reserve-boite-origine\/","title":{"rendered":"Belgua Caviar Reserve \u2013 Original Tin"},"content":{"rendered":"<h3>Serve caviar with an \u2018Origine\u2019 box<\/h3>\n<p>Remove the rubber band around the tin and carefully lift the lid. Scoop out a generous amount of caviar from the centre of the tin with a mother-of-pearl spoon. Place the caviar on the back of your hand between your thumb and forefinger to warm it slightly. Enjoy it straight from your hand, letting the grains melt on your tongue.<\/p>\n<h3>Find out more on the blog<\/h3>\n<ul style=\"list-style-type: circle;\">\n<li><a href=\"https:\/\/caviar-de-neuvic.com\/en\/universducaviar\/comment-servir-du-caviar\/\">How to serve caviar?<\/a><\/li>\n<li><a href=\"https:\/\/caviar-de-neuvic.com\/en\/universducaviar\/quels-sens-mobiliser-pour-la-degustation-de-caviar\/\">Which senses are involved in tasting caviar?<\/a><\/li>\n<li><a href=\"https:\/\/caviar-de-neuvic.com\/en\/universducaviar\/comment-accompagner-le-caviar\/\">How to accompany caviar?<\/a><\/li>\n<li><a href=\"https:\/\/caviar-de-neuvic.com\/en\/universducaviar\/comment-deguster-le-caviar\/\">How to taste caviar?<\/a><\/li>\n<li><a href=\"https:\/\/caviar-de-neuvic.com\/en\/universducaviar\/conserver-le-caviar\/\">How to store caviar?<\/a><\/li>\n<li><a href=\"https:\/\/caviar-de-neuvic.com\/en\/universducaviar\/que-boire-avec-le-caviar\/\">What to drink with caviar?<\/a><\/li>\n<\/ul>","protected":false},"excerpt":{"rendered":"<p>The legendary original box in the colours of Caviar de Neuvic. The original caviar box inspires a generous and unforgettable tasting experience. Original format designed for caviar maturation and exclusively in the colours of Caviar de Neuvic.<\/p>\n<p>The Bo\u00eete Origine embodies all the magic of caviar from yesterday to today... It was used to collect caviar immediately after fishing on boats in the days of wild caviar.<\/p>\n<h2>Exceptional caviar in an iconic tin<\/h2>\n<p>Beluga Reserve caviar embodies absolute excellence. Its exceptionally large grains, ranging in colour from light grey to silver, offer an unrivalled melt-in-the-mouth texture. On the palate, an explosion of refined flavours unfolds: buttery notes, hints of hazelnut and a subtle marine sweetness. Its incredible length on the palate makes it a rare and sought-after delicacy. Accompanied by a vintage champagne, it reveals incomparable complexity and elegance, the ultimate symbol of gastronomic luxury.<\/p>","protected":false},"featured_media":731,"template":"","meta":{"_acf_changed":false,"ocean_post_layout":"","ocean_both_sidebars_style":"","ocean_both_sidebars_content_width":0,"ocean_both_sidebars_sidebars_width":0,"ocean_sidebar":"0","ocean_second_sidebar":"0","ocean_disable_margins":"enable","ocean_add_body_class":"","ocean_shortcode_before_top_bar":"","ocean_shortcode_after_top_bar":"","ocean_shortcode_before_header":"","ocean_shortcode_after_header":"","ocean_has_shortcode":"","ocean_shortcode_after_title":"","ocean_shortcode_before_footer_widgets":"","ocean_shortcode_after_footer_widgets":"","ocean_shortcode_before_footer_bottom":"","ocean_shortcode_after_footer_bottom":"","ocean_display_top_bar":"default","ocean_display_header":"default","ocean_header_style":"","ocean_center_header_left_menu":"0","ocean_custom_header_template":"0","ocean_custom_logo":0,"ocean_custom_retina_logo":0,"ocean_custom_logo_max_width":0,"ocean_custom_logo_tablet_max_width":0,"ocean_custom_logo_mobile_max_width":0,"ocean_custom_logo_max_height":0,"ocean_custom_logo_tablet_max_height":0,"ocean_custom_logo_mobile_max_height":0,"ocean_header_custom_menu":"0","ocean_menu_typo_font_family":"0","ocean_menu_typo_font_subset":"","ocean_menu_typo_font_size":0,"ocean_menu_typo_font_size_tablet":0,"ocean_menu_typo_font_size_mobile":0,"ocean_menu_typo_font_size_unit":"px","ocean_menu_typo_font_weight":"","ocean_menu_typo_font_weight_tablet":"","ocean_menu_typo_font_weight_mobile":"","ocean_menu_typo_transform":"","ocean_menu_typo_transform_tablet":"","ocean_menu_typo_transform_mobile":"","ocean_menu_typo_line_height":0,"ocean_menu_typo_line_height_tablet":0,"ocean_menu_typo_line_height_mobile":0,"ocean_menu_typo_line_height_unit":"","ocean_menu_typo_spacing":0,"ocean_menu_typo_spacing_tablet":0,"ocean_menu_typo_spacing_mobile":0,"ocean_menu_typo_spacing_unit":"","ocean_menu_link_color":"","ocean_menu_link_color_hover":"","ocean_menu_link_color_active":"","ocean_menu_link_background":"","ocean_menu_link_hover_background":"","ocean_menu_link_active_background":"","ocean_menu_social_links_bg":"","ocean_menu_social_hover_links_bg":"","ocean_menu_social_links_color":"","ocean_menu_social_hover_links_color":"","ocean_disable_title":"default","ocean_disable_heading":"default","ocean_post_title":"","ocean_post_subheading":"","ocean_post_title_style":"","ocean_post_title_background_color":"","ocean_post_title_background":0,"ocean_post_title_bg_image_position":"","ocean_post_title_bg_image_attachment":"","ocean_post_title_bg_image_repeat":"","ocean_post_title_bg_image_size":"","ocean_post_title_height":0,"ocean_post_title_bg_overlay":0.5,"ocean_post_title_bg_overlay_color":"","ocean_disable_breadcrumbs":"default","ocean_breadcrumbs_color":"","ocean_breadcrumbs_separator_color":"","ocean_breadcrumbs_links_color":"","ocean_breadcrumbs_links_hover_color":"","ocean_display_footer_widgets":"default","ocean_display_footer_bottom":"default","ocean_custom_footer_template":"0","omw_enable_modal_window":"enable"},"product_brand":[316],"product_cat":[51,53,312],"product_tag":[],"class_list":{"0":"post-732","1":"product","2":"type-product","3":"status-publish","4":"has-post-thumbnail","6":"product_brand-caviar-reserve","7":"product_cat-caviar-beluga","8":"product_cat-les-boites-origine","9":"product_cat-nos-caviars-reserve","10":"pa_choisissezlepoids-250g","11":"pa_choisissezlepoids-500g","12":"pa_conservation-88-aurefrigerateurentre0et4c","13":"pa_origine-bulgarie","15":"entry","16":"has-media","18":"first","19":"instock","20":"taxable","21":"shipping-taxable","22":"purchasable","23":"product-type-variable","24":"has-default-attributes","25":"has-product-nav","26":"col","27":"span_1_of_3","28":"owp-content-center","29":"item-entry","30":"owp-thumbs-layout-vertical","31":"owp-btn-normal","32":"owp-tabs-layout-horizontal"},"acf":[],"yoast_head":"<!-- This site is optimized with the Yoast SEO plugin v27.5 - https:\/\/yoast.com\/product\/yoast-seo-wordpress\/ -->\n<title>Caviar Beluga R\u00e9serve - Boite Origine - Caviar de Neuvic<\/title>\n<meta name=\"description\" content=\"Caviar Beluga R\u00e9serve en Boite Origine. Le luxe ultime ! Ce caviar se distingue par ses gros grains aux nuances de gris d\u00e9licatement beurr\u00e9s.\" \/>\n<meta name=\"robots\" content=\"index, follow, max-snippet:-1, max-image-preview:large, max-video-preview:-1\" \/>\n<link rel=\"canonical\" href=\"https:\/\/caviar-de-neuvic.com\/en\/p\/accueil\/caviar\/caviar-beluga\/caviar-beluga-reserve-boite-origine\/\" \/>\n<meta property=\"og:locale\" content=\"en_GB\" \/>\n<meta property=\"og:type\" content=\"article\" \/>\n<meta property=\"og:title\" content=\"Caviar Beluga R\u00e9serve - Boite Origine - Caviar de Neuvic\" \/>\n<meta property=\"og:description\" content=\"Caviar Beluga R\u00e9serve en Boite Origine. Le luxe ultime ! Ce caviar se distingue par ses gros grains aux nuances de gris d\u00e9licatement beurr\u00e9s.\" \/>\n<meta property=\"og:url\" content=\"https:\/\/caviar-de-neuvic.com\/en\/p\/accueil\/caviar\/caviar-beluga\/caviar-beluga-reserve-boite-origine\/\" \/>\n<meta property=\"og:site_name\" content=\"Producteur Fran\u00e7ais De Caviar\" \/>\n<meta property=\"article:modified_time\" content=\"2026-04-29T07:41:27+00:00\" \/>\n<meta property=\"og:image\" content=\"https:\/\/caviar-de-neuvic.com\/wp-content\/uploads\/2018\/04\/2826-Caviar-Beluga-Reserve-Boite-Origine.jpg\" \/>\n\t<meta property=\"og:image:width\" content=\"1100\" \/>\n\t<meta property=\"og:image:height\" content=\"1422\" \/>\n\t<meta property=\"og:image:type\" content=\"image\/jpeg\" \/>\n<meta name=\"twitter:card\" content=\"summary_large_image\" \/>\n<meta name=\"twitter:label1\" content=\"Estimated reading time\" \/>\n\t<meta name=\"twitter:data1\" content=\"1 minute\" \/>\n<script type=\"application\/ld+json\" class=\"yoast-schema-graph\">{\"@context\":\"https:\\\/\\\/schema.org\",\"@graph\":[{\"@type\":\"WebPage\",\"@id\":\"https:\\\/\\\/caviar-de-neuvic.com\\\/p\\\/accueil\\\/caviar\\\/caviar-beluga\\\/caviar-beluga-reserve-boite-origine\\\/\",\"url\":\"https:\\\/\\\/caviar-de-neuvic.com\\\/p\\\/accueil\\\/caviar\\\/caviar-beluga\\\/caviar-beluga-reserve-boite-origine\\\/\",\"name\":\"Caviar Beluga R\u00e9serve - Boite Origine - Caviar de Neuvic\",\"isPartOf\":{\"@id\":\"http:\\\/\\\/caviar-de-neuvic.com\\\/fr\\\/#website\"},\"primaryImageOfPage\":{\"@id\":\"https:\\\/\\\/caviar-de-neuvic.com\\\/p\\\/accueil\\\/caviar\\\/caviar-beluga\\\/caviar-beluga-reserve-boite-origine\\\/#primaryimage\"},\"image\":{\"@id\":\"https:\\\/\\\/caviar-de-neuvic.com\\\/p\\\/accueil\\\/caviar\\\/caviar-beluga\\\/caviar-beluga-reserve-boite-origine\\\/#primaryimage\"},\"thumbnailUrl\":\"https:\\\/\\\/caviar-de-neuvic.com\\\/wp-content\\\/uploads\\\/2018\\\/04\\\/2826-Caviar-Beluga-Reserve-Boite-Origine.jpg\",\"datePublished\":\"2018-04-17T15:58:09+00:00\",\"dateModified\":\"2026-04-29T07:41:27+00:00\",\"description\":\"Caviar Beluga R\u00e9serve en Boite Origine. Le luxe ultime ! Ce caviar se distingue par ses gros grains aux nuances de gris d\u00e9licatement beurr\u00e9s.\",\"breadcrumb\":{\"@id\":\"https:\\\/\\\/caviar-de-neuvic.com\\\/p\\\/accueil\\\/caviar\\\/caviar-beluga\\\/caviar-beluga-reserve-boite-origine\\\/#breadcrumb\"},\"inLanguage\":\"en-GB\",\"potentialAction\":[{\"@type\":\"ReadAction\",\"target\":[\"https:\\\/\\\/caviar-de-neuvic.com\\\/p\\\/accueil\\\/caviar\\\/caviar-beluga\\\/caviar-beluga-reserve-boite-origine\\\/\"]}]},{\"@type\":\"ImageObject\",\"inLanguage\":\"en-GB\",\"@id\":\"https:\\\/\\\/caviar-de-neuvic.com\\\/p\\\/accueil\\\/caviar\\\/caviar-beluga\\\/caviar-beluga-reserve-boite-origine\\\/#primaryimage\",\"url\":\"https:\\\/\\\/caviar-de-neuvic.com\\\/wp-content\\\/uploads\\\/2018\\\/04\\\/2826-Caviar-Beluga-Reserve-Boite-Origine.jpg\",\"contentUrl\":\"https:\\\/\\\/caviar-de-neuvic.com\\\/wp-content\\\/uploads\\\/2018\\\/04\\\/2826-Caviar-Beluga-Reserve-Boite-Origine.jpg\",\"width\":1100,\"height\":1422,\"caption\":\"Caviar Beluga R\u00e9serve - Boite Origine\"},{\"@type\":\"BreadcrumbList\",\"@id\":\"https:\\\/\\\/caviar-de-neuvic.com\\\/p\\\/accueil\\\/caviar\\\/caviar-beluga\\\/caviar-beluga-reserve-boite-origine\\\/#breadcrumb\",\"itemListElement\":[{\"@type\":\"ListItem\",\"position\":1,\"name\":\"Caviar de Neuvic\",\"item\":\"https:\\\/\\\/caviar-de-neuvic.com\\\/\"},{\"@type\":\"ListItem\",\"position\":2,\"name\":\"Shop\",\"item\":\"https:\\\/\\\/caviar-de-neuvic.com\\\/en\\\/shop\\\/\"},{\"@type\":\"ListItem\",\"position\":3,\"name\":\"Caviar Beluga R\u00e9serve &#8211; Boite Origine\"}]},{\"@type\":\"WebSite\",\"@id\":\"http:\\\/\\\/caviar-de-neuvic.com\\\/fr\\\/#website\",\"url\":\"http:\\\/\\\/caviar-de-neuvic.com\\\/fr\\\/\",\"name\":\"Producteur Fran\u00e7ais De Caviar\",\"description\":\"\",\"publisher\":{\"@id\":\"http:\\\/\\\/caviar-de-neuvic.com\\\/fr\\\/#organization\"},\"potentialAction\":[{\"@type\":\"SearchAction\",\"target\":{\"@type\":\"EntryPoint\",\"urlTemplate\":\"http:\\\/\\\/caviar-de-neuvic.com\\\/fr\\\/?s={search_term_string}\"},\"query-input\":{\"@type\":\"PropertyValueSpecification\",\"valueRequired\":true,\"valueName\":\"search_term_string\"}}],\"inLanguage\":\"en-GB\"},{\"@type\":\"Organization\",\"@id\":\"http:\\\/\\\/caviar-de-neuvic.com\\\/fr\\\/#organization\",\"name\":\"Producteur Fran\u00e7ais De Caviar\",\"url\":\"http:\\\/\\\/caviar-de-neuvic.com\\\/fr\\\/\",\"logo\":{\"@type\":\"ImageObject\",\"inLanguage\":\"en-GB\",\"@id\":\"http:\\\/\\\/caviar-de-neuvic.com\\\/fr\\\/#\\\/schema\\\/logo\\\/image\\\/\",\"url\":\"\",\"contentUrl\":\"\",\"caption\":\"Producteur Fran\u00e7ais De Caviar\"},\"image\":{\"@id\":\"http:\\\/\\\/caviar-de-neuvic.com\\\/fr\\\/#\\\/schema\\\/logo\\\/image\\\/\"}}]}<\/script>\n<!-- \/ Yoast SEO plugin. -->","yoast_head_json":{"title":"Caviar Beluga R\u00e9serve - Boite Origine - Caviar de Neuvic","description":"Caviar Beluga R\u00e9serve en Boite Origine. Le luxe ultime ! Ce caviar se distingue par ses gros grains aux nuances de gris d\u00e9licatement beurr\u00e9s.","robots":{"index":"index","follow":"follow","max-snippet":"max-snippet:-1","max-image-preview":"max-image-preview:large","max-video-preview":"max-video-preview:-1"},"canonical":"https:\/\/caviar-de-neuvic.com\/en\/p\/accueil\/caviar\/caviar-beluga\/caviar-beluga-reserve-boite-origine\/","og_locale":"en_GB","og_type":"article","og_title":"Caviar Beluga R\u00e9serve - Boite Origine - Caviar de Neuvic","og_description":"Caviar Beluga R\u00e9serve en Boite Origine. Le luxe ultime ! Ce caviar se distingue par ses gros grains aux nuances de gris d\u00e9licatement beurr\u00e9s.","og_url":"https:\/\/caviar-de-neuvic.com\/en\/p\/accueil\/caviar\/caviar-beluga\/caviar-beluga-reserve-boite-origine\/","og_site_name":"Producteur Fran\u00e7ais De Caviar","article_modified_time":"2026-04-29T07:41:27+00:00","og_image":[{"width":1100,"height":1422,"url":"https:\/\/caviar-de-neuvic.com\/wp-content\/uploads\/2018\/04\/2826-Caviar-Beluga-Reserve-Boite-Origine.jpg","type":"image\/jpeg"}],"twitter_card":"summary_large_image","twitter_misc":{"Estimated reading time":"1 minute"},"schema":{"@context":"https:\/\/schema.org","@graph":[{"@type":"WebPage","@id":"https:\/\/caviar-de-neuvic.com\/p\/accueil\/caviar\/caviar-beluga\/caviar-beluga-reserve-boite-origine\/","url":"https:\/\/caviar-de-neuvic.com\/p\/accueil\/caviar\/caviar-beluga\/caviar-beluga-reserve-boite-origine\/","name":"Caviar Beluga R\u00e9serve - Boite Origine - Caviar de Neuvic","isPartOf":{"@id":"http:\/\/caviar-de-neuvic.com\/fr\/#website"},"primaryImageOfPage":{"@id":"https:\/\/caviar-de-neuvic.com\/p\/accueil\/caviar\/caviar-beluga\/caviar-beluga-reserve-boite-origine\/#primaryimage"},"image":{"@id":"https:\/\/caviar-de-neuvic.com\/p\/accueil\/caviar\/caviar-beluga\/caviar-beluga-reserve-boite-origine\/#primaryimage"},"thumbnailUrl":"https:\/\/caviar-de-neuvic.com\/wp-content\/uploads\/2018\/04\/2826-Caviar-Beluga-Reserve-Boite-Origine.jpg","datePublished":"2018-04-17T15:58:09+00:00","dateModified":"2026-04-29T07:41:27+00:00","description":"Caviar Beluga R\u00e9serve en Boite Origine. Le luxe ultime ! Ce caviar se distingue par ses gros grains aux nuances de gris d\u00e9licatement beurr\u00e9s.","breadcrumb":{"@id":"https:\/\/caviar-de-neuvic.com\/p\/accueil\/caviar\/caviar-beluga\/caviar-beluga-reserve-boite-origine\/#breadcrumb"},"inLanguage":"en-GB","potentialAction":[{"@type":"ReadAction","target":["https:\/\/caviar-de-neuvic.com\/p\/accueil\/caviar\/caviar-beluga\/caviar-beluga-reserve-boite-origine\/"]}]},{"@type":"ImageObject","inLanguage":"en-GB","@id":"https:\/\/caviar-de-neuvic.com\/p\/accueil\/caviar\/caviar-beluga\/caviar-beluga-reserve-boite-origine\/#primaryimage","url":"https:\/\/caviar-de-neuvic.com\/wp-content\/uploads\/2018\/04\/2826-Caviar-Beluga-Reserve-Boite-Origine.jpg","contentUrl":"https:\/\/caviar-de-neuvic.com\/wp-content\/uploads\/2018\/04\/2826-Caviar-Beluga-Reserve-Boite-Origine.jpg","width":1100,"height":1422,"caption":"Caviar Beluga R\u00e9serve - Boite Origine"},{"@type":"BreadcrumbList","@id":"https:\/\/caviar-de-neuvic.com\/p\/accueil\/caviar\/caviar-beluga\/caviar-beluga-reserve-boite-origine\/#breadcrumb","itemListElement":[{"@type":"ListItem","position":1,"name":"Caviar de Neuvic","item":"https:\/\/caviar-de-neuvic.com\/"},{"@type":"ListItem","position":2,"name":"Shop","item":"https:\/\/caviar-de-neuvic.com\/en\/shop\/"},{"@type":"ListItem","position":3,"name":"Caviar Beluga R\u00e9serve &#8211; Boite Origine"}]},{"@type":"WebSite","@id":"http:\/\/caviar-de-neuvic.com\/fr\/#website","url":"http:\/\/caviar-de-neuvic.com\/fr\/","name":"Producteur Fran\u00e7ais De Caviar","description":"","publisher":{"@id":"http:\/\/caviar-de-neuvic.com\/fr\/#organization"},"potentialAction":[{"@type":"SearchAction","target":{"@type":"EntryPoint","urlTemplate":"http:\/\/caviar-de-neuvic.com\/fr\/?s={search_term_string}"},"query-input":{"@type":"PropertyValueSpecification","valueRequired":true,"valueName":"search_term_string"}}],"inLanguage":"en-GB"},{"@type":"Organization","@id":"http:\/\/caviar-de-neuvic.com\/fr\/#organization","name":"Producteur Fran\u00e7ais De Caviar","url":"http:\/\/caviar-de-neuvic.com\/fr\/","logo":{"@type":"ImageObject","inLanguage":"en-GB","@id":"http:\/\/caviar-de-neuvic.com\/fr\/#\/schema\/logo\/image\/","url":"","contentUrl":"","caption":"Producteur Fran\u00e7ais De Caviar"},"image":{"@id":"http:\/\/caviar-de-neuvic.com\/fr\/#\/schema\/logo\/image\/"}}]}},"_links":{"self":[{"href":"https:\/\/caviar-de-neuvic.com\/en\/wp-json\/wp\/v2\/product\/732","targetHints":{"allow":["GET"]}}],"collection":[{"href":"https:\/\/caviar-de-neuvic.com\/en\/wp-json\/wp\/v2\/product"}],"about":[{"href":"https:\/\/caviar-de-neuvic.com\/en\/wp-json\/wp\/v2\/types\/product"}],"version-history":[{"count":5,"href":"https:\/\/caviar-de-neuvic.com\/en\/wp-json\/wp\/v2\/product\/732\/revisions"}],"predecessor-version":[{"id":29985,"href":"https:\/\/caviar-de-neuvic.com\/en\/wp-json\/wp\/v2\/product\/732\/revisions\/29985"}],"wp:featuredmedia":[{"embeddable":true,"href":"https:\/\/caviar-de-neuvic.com\/en\/wp-json\/wp\/v2\/media\/731"}],"wp:attachment":[{"href":"https:\/\/caviar-de-neuvic.com\/en\/wp-json\/wp\/v2\/media?parent=732"}],"wp:term":[{"taxonomy":"product_brand","embeddable":true,"href":"https:\/\/caviar-de-neuvic.com\/en\/wp-json\/wp\/v2\/product_brand?post=732"},{"taxonomy":"product_cat","embeddable":true,"href":"https:\/\/caviar-de-neuvic.com\/en\/wp-json\/wp\/v2\/product_cat?post=732"},{"taxonomy":"product_tag","embeddable":true,"href":"https:\/\/caviar-de-neuvic.com\/en\/wp-json\/wp\/v2\/product_tag?post=732"}],"curies":[{"name":"wp","href":"https:\/\/api.w.org\/{rel}","templated":true}]}}