{"id":1871,"date":"2025-12-16T10:15:07","date_gmt":"2025-12-16T09:15:07","guid":{"rendered":"https:\/\/caviar-de-neuvic.com\/?post_type=product&#038;p=1871"},"modified":"2026-03-12T13:01:42","modified_gmt":"2026-03-12T12:01:42","slug":"caviar-oscietre-nano-six-boites","status":"publish","type":"product","link":"https:\/\/caviar-de-neuvic.com\/en_fr\/p\/accueil\/caviar\/caviar-oscietre\/caviar-oscietre-nano-six-boites\/","title":{"rendered":"Caviar Osci\u00e8tre Nano &#8211; Six bo\u00eetes"},"content":{"rendered":"<div class=\"col-md-3 titre\">Serving suggestion<\/div>\n<div class=\"col-md-9\">\n<p>It is best to take your tin of caviar out 5 minutes before serving. Place it on a bed of ice to preserve its freshness throughout the tasting. Use a small mother-of-pearl spoon, which will not damage the grains or risk oxidation.<\/p>\n<ul>\n<li><a style=\"color: #72a7a9;\" href=\"http:\/\/caviar-de-neuvic.com\/en_fr\/parlons-caviar\/comment-servir-du-caviar\/\">Our tips for serving caviar<\/a><\/li>\n<li><a style=\"color: #72a7a9;\" href=\"http:\/\/caviar-de-neuvic.com\/en_fr\/parlons-caviar\/quantite-de-caviar-personne\/\">Quelle quantit\u00e9 de caviar par personne<\/a>\u00a0?<\/li>\n<\/ul>\n<\/div>\n<div class=\"col-md-3 titre\">Pairing<\/div>\n<div class=\"col-md-9\">\n<p>The purity and power of a fine vodka will provide an interesting counterpoint to the buttery, indulgent notes of caviar, while enhancing its not-so-innocent freshness.<\/p>\n<p>Retrouvez tous nos conseils sur notre blog :<\/p>\n<ul>\n<li><a style=\"color: #72a7a9;\" href=\"http:\/\/caviar-de-neuvic.com\/en_fr\/parlons-caviar\/comment-deguster-le-caviar\/\">How to taste caviar?<\/a><\/li>\n<li><a style=\"color: #72a7a9;\" href=\"http:\/\/caviar-de-neuvic.com\/en_fr\/parlons-caviar\/comment-accompagner-le-caviar\/\">How to accompany caviar?<\/a><\/li>\n<li><a style=\"color: #72a7a9;\" href=\"http:\/\/caviar-de-neuvic.com\/en_fr\/parlons-caviar\/que-boire-avec-le-caviar\/\">What to drink with caviar?<\/a><\/li>\n<\/ul>\n<\/div>\n<div class=\"col-md-3 titre\">Simple recipe: Egg with eggs<\/div>\n<div class=\"col-md-9\">\n<p>A perfectly soft-boiled free-range egg: gently remove the top, cover the egg with a generous spoonful of caviar, then replace the top. Add a few soldiers of delicate blinis, and indulgence becomes simplicity itself.<\/p>\n<p><a style=\"color: #72a7a9;\" href=\"http:\/\/caviar-de-neuvic.com\/en_fr\/parlons-caviar\/\">All our recipes on Let's Talk Caviar<\/a>, the Caviar de Neuvic blog<\/p>\n<\/div>\n<div class=\"col-md-3 titre\">Nutritional values<\/div>\n<div class=\"col-md-9\">\n<table class=\"table table-bordered valeurs\" border=\"1\">\n<thead>\n<tr>\n<th colspan=\"4\">Per 100 g<\/th>\n<\/tr>\n<\/thead>\n<tbody>\n<tr>\n<td>Energy value (Kcal)<\/td>\n<td>242<\/td>\n<td>Mati\u00e8res grasses (g) dont acides gras satur\u00e9s (g)<\/td>\n<td>14,3 (3)<\/td>\n<\/tr>\n<tr>\n<td>energy values (kj)<\/td>\n<td>1012<\/td>\n<td>Carbohydrates (g) of which sugars (g)<\/td>\n<td>7,2 (0,1)<\/td>\n<\/tr>\n<tr>\n<td>Protein (g)<\/td>\n<td>21,2<\/td>\n<td>Sel (g)<\/td>\n<td>2,93<\/td>\n<\/tr>\n<\/tbody>\n<\/table>\n<\/div>","protected":false},"excerpt":{"rendered":"<p>Six tiny 10g boxes of caviar in a variety of colours for small pleasures alone, with a partner or with friends at home, in a restaurant or bistro. Six colours to suit your tastes and moods.<\/p>\n<p>Rose, bleu ciel, bleu mer, orange, vert, rouge \u00e0 l&rsquo;ext\u00e9rieur, noir caviar \u00e0 l&rsquo;int\u00e9rieur. Nano, c&rsquo;est beau, c&rsquo;est fun, et c&rsquo;est surtout le go\u00fbt du Caviar de Neuvic.<\/p>\n<p>On the palate, the melt-in-the-mouth texture of the eggs gives way to a range of delicate sensations, lending this product its elegance and balance.<\/p>\n<p>Derived from the <em>Acipenser Gueldenstaedtii<\/em> \u00e9lev\u00e9 \u00e0 Neuvic, France.<\/p>","protected":false},"featured_media":1868,"template":"","meta":{"_acf_changed":false,"ocean_post_layout":"","ocean_both_sidebars_style":"","ocean_both_sidebars_content_width":0,"ocean_both_sidebars_sidebars_width":0,"ocean_sidebar":"0","ocean_second_sidebar":"0","ocean_disable_margins":"enable","ocean_add_body_class":"","ocean_shortcode_before_top_bar":"","ocean_shortcode_after_top_bar":"","ocean_shortcode_before_header":"","ocean_shortcode_after_header":"","ocean_has_shortcode":"","ocean_shortcode_after_title":"","ocean_shortcode_before_footer_widgets":"","ocean_shortcode_after_footer_widgets":"","ocean_shortcode_before_footer_bottom":"","ocean_shortcode_after_footer_bottom":"","ocean_display_top_bar":"default","ocean_display_header":"default","ocean_header_style":"","ocean_center_header_left_menu":"0","ocean_custom_header_template":"0","ocean_custom_logo":0,"ocean_custom_retina_logo":0,"ocean_custom_logo_max_width":0,"ocean_custom_logo_tablet_max_width":0,"ocean_custom_logo_mobile_max_width":0,"ocean_custom_logo_max_height":0,"ocean_custom_logo_tablet_max_height":0,"ocean_custom_logo_mobile_max_height":0,"ocean_header_custom_menu":"0","ocean_menu_typo_font_family":"0","ocean_menu_typo_font_subset":"","ocean_menu_typo_font_size":0,"ocean_menu_typo_font_size_tablet":0,"ocean_menu_typo_font_size_mobile":0,"ocean_menu_typo_font_size_unit":"px","ocean_menu_typo_font_weight":"","ocean_menu_typo_font_weight_tablet":"","ocean_menu_typo_font_weight_mobile":"","ocean_menu_typo_transform":"","ocean_menu_typo_transform_tablet":"","ocean_menu_typo_transform_mobile":"","ocean_menu_typo_line_height":0,"ocean_menu_typo_line_height_tablet":0,"ocean_menu_typo_line_height_mobile":0,"ocean_menu_typo_line_height_unit":"","ocean_menu_typo_spacing":0,"ocean_menu_typo_spacing_tablet":0,"ocean_menu_typo_spacing_mobile":0,"ocean_menu_typo_spacing_unit":"","ocean_menu_link_color":"","ocean_menu_link_color_hover":"","ocean_menu_link_color_active":"","ocean_menu_link_background":"","ocean_menu_link_hover_background":"","ocean_menu_link_active_background":"","ocean_menu_social_links_bg":"","ocean_menu_social_hover_links_bg":"","ocean_menu_social_links_color":"","ocean_menu_social_hover_links_color":"","ocean_disable_title":"default","ocean_disable_heading":"default","ocean_post_title":"","ocean_post_subheading":"","ocean_post_title_style":"","ocean_post_title_background_color":"","ocean_post_title_background":0,"ocean_post_title_bg_image_position":"","ocean_post_title_bg_image_attachment":"","ocean_post_title_bg_image_repeat":"","ocean_post_title_bg_image_size":"","ocean_post_title_height":0,"ocean_post_title_bg_overlay":0.5,"ocean_post_title_bg_overlay_color":"","ocean_disable_breadcrumbs":"default","ocean_breadcrumbs_color":"","ocean_breadcrumbs_separator_color":"","ocean_breadcrumbs_links_color":"","ocean_breadcrumbs_links_hover_color":"","ocean_display_footer_widgets":"default","ocean_display_footer_bottom":"default","ocean_custom_footer_template":"0","omw_enable_modal_window":"enable"},"product_brand":[],"product_cat":[20,47],"product_tag":[],"class_list":{"0":"post-1871","1":"product","2":"type-product","3":"status-publish","4":"has-post-thumbnail","6":"product_cat-caviar","7":"product_cat-caviar-oscietre","8":"pa_conservation-88-aurefrigerateurentre0et4c","9":"pa_origine-france","10":"pa_packdeproduits-oui","12":"entry","13":"has-media","15":"first","16":"outofstock","17":"taxable","18":"shipping-taxable","19":"purchasable","20":"product-type-simple","21":"col","22":"span_1_of_3","23":"owp-content-center","24":"item-entry","25":"owp-thumbs-layout-vertical","26":"owp-btn-normal","27":"owp-tabs-layout-horizontal"},"acf":[],"yoast_head":"<!-- This site is optimized with the Yoast SEO plugin v27.4 - https:\/\/yoast.com\/product\/yoast-seo-wordpress\/ -->\n<title>Caviar Osci\u00e8tre Nano - Six bo\u00eetes de 10 grammes - Caviar de Neuvic<\/title>\n<meta name=\"description\" content=\"En bouche, la texture fondante des \u0153ufs se r\u00e9sout dans une palette de sensations d\u00e9licates donnant \u00e0 cette qualit\u00e9 son \u00e9l\u00e9gance et son \u00e9quilibre.\" \/>\n<meta name=\"robots\" content=\"index, follow, max-snippet:-1, max-image-preview:large, max-video-preview:-1\" \/>\n<link rel=\"canonical\" href=\"https:\/\/caviar-de-neuvic.com\/en_fr\/p\/accueil\/caviar\/caviar-oscietre\/caviar-oscietre-nano-six-boites\/\" \/>\n<meta property=\"og:locale\" content=\"en_US\" \/>\n<meta property=\"og:type\" content=\"article\" \/>\n<meta property=\"og:title\" content=\"Caviar Osci\u00e8tre Nano - Six bo\u00eetes de 10 grammes - Caviar de Neuvic\" \/>\n<meta property=\"og:description\" content=\"En bouche, la texture fondante des \u0153ufs se r\u00e9sout dans une palette de sensations d\u00e9licates donnant \u00e0 cette qualit\u00e9 son \u00e9l\u00e9gance et son \u00e9quilibre.\" \/>\n<meta property=\"og:url\" content=\"https:\/\/caviar-de-neuvic.com\/en_fr\/p\/accueil\/caviar\/caviar-oscietre\/caviar-oscietre-nano-six-boites\/\" \/>\n<meta property=\"og:site_name\" content=\"Producteur Fran\u00e7ais De Caviar\" \/>\n<meta property=\"article:modified_time\" content=\"2026-03-12T12:01:42+00:00\" \/>\n<meta property=\"og:image\" content=\"https:\/\/caviar-de-neuvic.com\/wp-content\/uploads\/2022\/10\/2112-Caviar-Oscietre-Nano-Six-boites.jpg\" \/>\n\t<meta property=\"og:image:width\" content=\"1100\" \/>\n\t<meta property=\"og:image:height\" content=\"1422\" \/>\n\t<meta property=\"og:image:type\" content=\"image\/jpeg\" \/>\n<meta name=\"twitter:card\" content=\"summary_large_image\" \/>\n<meta name=\"twitter:label1\" content=\"Est. reading time\" \/>\n\t<meta name=\"twitter:data1\" content=\"2 minutes\" \/>\n<script type=\"application\/ld+json\" class=\"yoast-schema-graph\">{\"@context\":\"https:\\\/\\\/schema.org\",\"@graph\":[{\"@type\":\"WebPage\",\"@id\":\"https:\\\/\\\/caviar-de-neuvic.com\\\/p\\\/accueil\\\/caviar\\\/caviar-oscietre\\\/caviar-oscietre-nano-six-boites\\\/\",\"url\":\"https:\\\/\\\/caviar-de-neuvic.com\\\/p\\\/accueil\\\/caviar\\\/caviar-oscietre\\\/caviar-oscietre-nano-six-boites\\\/\",\"name\":\"Caviar Osci\u00e8tre Nano - Six bo\u00eetes de 10 grammes - Caviar de Neuvic\",\"isPartOf\":{\"@id\":\"http:\\\/\\\/caviar-de-neuvic.com\\\/fr\\\/#website\"},\"primaryImageOfPage\":{\"@id\":\"https:\\\/\\\/caviar-de-neuvic.com\\\/p\\\/accueil\\\/caviar\\\/caviar-oscietre\\\/caviar-oscietre-nano-six-boites\\\/#primaryimage\"},\"image\":{\"@id\":\"https:\\\/\\\/caviar-de-neuvic.com\\\/p\\\/accueil\\\/caviar\\\/caviar-oscietre\\\/caviar-oscietre-nano-six-boites\\\/#primaryimage\"},\"thumbnailUrl\":\"https:\\\/\\\/caviar-de-neuvic.com\\\/wp-content\\\/uploads\\\/2022\\\/10\\\/2112-Caviar-Oscietre-Nano-Six-boites.jpg\",\"datePublished\":\"2025-12-16T09:15:07+00:00\",\"dateModified\":\"2026-03-12T12:01:42+00:00\",\"description\":\"En bouche, la texture fondante des \u0153ufs se r\u00e9sout dans une palette de sensations d\u00e9licates donnant \u00e0 cette qualit\u00e9 son \u00e9l\u00e9gance et son \u00e9quilibre.\",\"breadcrumb\":{\"@id\":\"https:\\\/\\\/caviar-de-neuvic.com\\\/p\\\/accueil\\\/caviar\\\/caviar-oscietre\\\/caviar-oscietre-nano-six-boites\\\/#breadcrumb\"},\"inLanguage\":\"en-US\",\"potentialAction\":[{\"@type\":\"ReadAction\",\"target\":[\"https:\\\/\\\/caviar-de-neuvic.com\\\/p\\\/accueil\\\/caviar\\\/caviar-oscietre\\\/caviar-oscietre-nano-six-boites\\\/\"]}]},{\"@type\":\"ImageObject\",\"inLanguage\":\"en-US\",\"@id\":\"https:\\\/\\\/caviar-de-neuvic.com\\\/p\\\/accueil\\\/caviar\\\/caviar-oscietre\\\/caviar-oscietre-nano-six-boites\\\/#primaryimage\",\"url\":\"https:\\\/\\\/caviar-de-neuvic.com\\\/wp-content\\\/uploads\\\/2022\\\/10\\\/2112-Caviar-Oscietre-Nano-Six-boites.jpg\",\"contentUrl\":\"https:\\\/\\\/caviar-de-neuvic.com\\\/wp-content\\\/uploads\\\/2022\\\/10\\\/2112-Caviar-Oscietre-Nano-Six-boites.jpg\",\"width\":1100,\"height\":1422,\"caption\":\"Caviar Osci\u00e8tre Nano - Six bo\u00eetes\"},{\"@type\":\"BreadcrumbList\",\"@id\":\"https:\\\/\\\/caviar-de-neuvic.com\\\/p\\\/accueil\\\/caviar\\\/caviar-oscietre\\\/caviar-oscietre-nano-six-boites\\\/#breadcrumb\",\"itemListElement\":[{\"@type\":\"ListItem\",\"position\":1,\"name\":\"Caviar de Neuvic\",\"item\":\"https:\\\/\\\/caviar-de-neuvic.com\\\/\"},{\"@type\":\"ListItem\",\"position\":2,\"name\":\"Shop\",\"item\":\"https:\\\/\\\/caviar-de-neuvic.com\\\/en\\\/shop\\\/\"},{\"@type\":\"ListItem\",\"position\":3,\"name\":\"Caviar Osci\u00e8tre Nano &#8211; Six bo\u00eetes\"}]},{\"@type\":\"WebSite\",\"@id\":\"http:\\\/\\\/caviar-de-neuvic.com\\\/fr\\\/#website\",\"url\":\"http:\\\/\\\/caviar-de-neuvic.com\\\/fr\\\/\",\"name\":\"Producteur Fran\u00e7ais De Caviar\",\"description\":\"\",\"publisher\":{\"@id\":\"http:\\\/\\\/caviar-de-neuvic.com\\\/fr\\\/#organization\"},\"potentialAction\":[{\"@type\":\"SearchAction\",\"target\":{\"@type\":\"EntryPoint\",\"urlTemplate\":\"http:\\\/\\\/caviar-de-neuvic.com\\\/fr\\\/?s={search_term_string}\"},\"query-input\":{\"@type\":\"PropertyValueSpecification\",\"valueRequired\":true,\"valueName\":\"search_term_string\"}}],\"inLanguage\":\"en-US\"},{\"@type\":\"Organization\",\"@id\":\"http:\\\/\\\/caviar-de-neuvic.com\\\/fr\\\/#organization\",\"name\":\"Producteur Fran\u00e7ais De Caviar\",\"url\":\"http:\\\/\\\/caviar-de-neuvic.com\\\/fr\\\/\",\"logo\":{\"@type\":\"ImageObject\",\"inLanguage\":\"en-US\",\"@id\":\"http:\\\/\\\/caviar-de-neuvic.com\\\/fr\\\/#\\\/schema\\\/logo\\\/image\\\/\",\"url\":\"\",\"contentUrl\":\"\",\"caption\":\"Producteur Fran\u00e7ais De Caviar\"},\"image\":{\"@id\":\"http:\\\/\\\/caviar-de-neuvic.com\\\/fr\\\/#\\\/schema\\\/logo\\\/image\\\/\"}}]}<\/script>\n<!-- \/ Yoast SEO plugin. -->","yoast_head_json":{"title":"Caviar Osci\u00e8tre Nano - Six bo\u00eetes de 10 grammes - Caviar de Neuvic","description":"On the palate, the melt-in-the-mouth texture of the eggs gives way to a range of delicate sensations, lending this product its elegance and balance.","robots":{"index":"index","follow":"follow","max-snippet":"max-snippet:-1","max-image-preview":"max-image-preview:large","max-video-preview":"max-video-preview:-1"},"canonical":"https:\/\/caviar-de-neuvic.com\/en_fr\/p\/accueil\/caviar\/caviar-oscietre\/caviar-oscietre-nano-six-boites\/","og_locale":"en_US","og_type":"article","og_title":"Caviar Osci\u00e8tre Nano - Six bo\u00eetes de 10 grammes - Caviar de Neuvic","og_description":"En bouche, la texture fondante des \u0153ufs se r\u00e9sout dans une palette de sensations d\u00e9licates donnant \u00e0 cette qualit\u00e9 son \u00e9l\u00e9gance et son \u00e9quilibre.","og_url":"https:\/\/caviar-de-neuvic.com\/en_fr\/p\/accueil\/caviar\/caviar-oscietre\/caviar-oscietre-nano-six-boites\/","og_site_name":"Producteur Fran\u00e7ais De Caviar","article_modified_time":"2026-03-12T12:01:42+00:00","og_image":[{"width":1100,"height":1422,"url":"https:\/\/caviar-de-neuvic.com\/wp-content\/uploads\/2022\/10\/2112-Caviar-Oscietre-Nano-Six-boites.jpg","type":"image\/jpeg"}],"twitter_card":"summary_large_image","twitter_misc":{"Est. reading time":"2 minutes"},"schema":{"@context":"https:\/\/schema.org","@graph":[{"@type":"WebPage","@id":"https:\/\/caviar-de-neuvic.com\/p\/accueil\/caviar\/caviar-oscietre\/caviar-oscietre-nano-six-boites\/","url":"https:\/\/caviar-de-neuvic.com\/p\/accueil\/caviar\/caviar-oscietre\/caviar-oscietre-nano-six-boites\/","name":"Caviar Osci\u00e8tre Nano - Six bo\u00eetes de 10 grammes - Caviar de Neuvic","isPartOf":{"@id":"http:\/\/caviar-de-neuvic.com\/fr\/#website"},"primaryImageOfPage":{"@id":"https:\/\/caviar-de-neuvic.com\/p\/accueil\/caviar\/caviar-oscietre\/caviar-oscietre-nano-six-boites\/#primaryimage"},"image":{"@id":"https:\/\/caviar-de-neuvic.com\/p\/accueil\/caviar\/caviar-oscietre\/caviar-oscietre-nano-six-boites\/#primaryimage"},"thumbnailUrl":"https:\/\/caviar-de-neuvic.com\/wp-content\/uploads\/2022\/10\/2112-Caviar-Oscietre-Nano-Six-boites.jpg","datePublished":"2025-12-16T09:15:07+00:00","dateModified":"2026-03-12T12:01:42+00:00","description":"On the palate, the melt-in-the-mouth texture of the eggs gives way to a range of delicate sensations, lending this product its elegance and balance.","breadcrumb":{"@id":"https:\/\/caviar-de-neuvic.com\/p\/accueil\/caviar\/caviar-oscietre\/caviar-oscietre-nano-six-boites\/#breadcrumb"},"inLanguage":"en-US","potentialAction":[{"@type":"ReadAction","target":["https:\/\/caviar-de-neuvic.com\/p\/accueil\/caviar\/caviar-oscietre\/caviar-oscietre-nano-six-boites\/"]}]},{"@type":"ImageObject","inLanguage":"en-US","@id":"https:\/\/caviar-de-neuvic.com\/p\/accueil\/caviar\/caviar-oscietre\/caviar-oscietre-nano-six-boites\/#primaryimage","url":"https:\/\/caviar-de-neuvic.com\/wp-content\/uploads\/2022\/10\/2112-Caviar-Oscietre-Nano-Six-boites.jpg","contentUrl":"https:\/\/caviar-de-neuvic.com\/wp-content\/uploads\/2022\/10\/2112-Caviar-Oscietre-Nano-Six-boites.jpg","width":1100,"height":1422,"caption":"Caviar Osci\u00e8tre Nano - Six bo\u00eetes"},{"@type":"BreadcrumbList","@id":"https:\/\/caviar-de-neuvic.com\/p\/accueil\/caviar\/caviar-oscietre\/caviar-oscietre-nano-six-boites\/#breadcrumb","itemListElement":[{"@type":"ListItem","position":1,"name":"Caviar de Neuvic","item":"https:\/\/caviar-de-neuvic.com\/"},{"@type":"ListItem","position":2,"name":"Shop","item":"https:\/\/caviar-de-neuvic.com\/en\/shop\/"},{"@type":"ListItem","position":3,"name":"Caviar Osci\u00e8tre Nano &#8211; Six bo\u00eetes"}]},{"@type":"WebSite","@id":"http:\/\/caviar-de-neuvic.com\/fr\/#website","url":"http:\/\/caviar-de-neuvic.com\/fr\/","name":"Producteur Fran\u00e7ais De Caviar","description":"","publisher":{"@id":"http:\/\/caviar-de-neuvic.com\/fr\/#organization"},"potentialAction":[{"@type":"SearchAction","target":{"@type":"EntryPoint","urlTemplate":"http:\/\/caviar-de-neuvic.com\/fr\/?s={search_term_string}"},"query-input":{"@type":"PropertyValueSpecification","valueRequired":true,"valueName":"search_term_string"}}],"inLanguage":"en-US"},{"@type":"Organization","@id":"http:\/\/caviar-de-neuvic.com\/fr\/#organization","name":"Producteur Fran\u00e7ais De Caviar","url":"http:\/\/caviar-de-neuvic.com\/fr\/","logo":{"@type":"ImageObject","inLanguage":"en-US","@id":"http:\/\/caviar-de-neuvic.com\/fr\/#\/schema\/logo\/image\/","url":"","contentUrl":"","caption":"Producteur Fran\u00e7ais De Caviar"},"image":{"@id":"http:\/\/caviar-de-neuvic.com\/fr\/#\/schema\/logo\/image\/"}}]}},"_links":{"self":[{"href":"https:\/\/caviar-de-neuvic.com\/en_fr\/wp-json\/wp\/v2\/product\/1871","targetHints":{"allow":["GET"]}}],"collection":[{"href":"https:\/\/caviar-de-neuvic.com\/en_fr\/wp-json\/wp\/v2\/product"}],"about":[{"href":"https:\/\/caviar-de-neuvic.com\/en_fr\/wp-json\/wp\/v2\/types\/product"}],"version-history":[{"count":2,"href":"https:\/\/caviar-de-neuvic.com\/en_fr\/wp-json\/wp\/v2\/product\/1871\/revisions"}],"predecessor-version":[{"id":33577,"href":"https:\/\/caviar-de-neuvic.com\/en_fr\/wp-json\/wp\/v2\/product\/1871\/revisions\/33577"}],"wp:featuredmedia":[{"embeddable":true,"href":"https:\/\/caviar-de-neuvic.com\/en_fr\/wp-json\/wp\/v2\/media\/1868"}],"wp:attachment":[{"href":"https:\/\/caviar-de-neuvic.com\/en_fr\/wp-json\/wp\/v2\/media?parent=1871"}],"wp:term":[{"taxonomy":"product_brand","embeddable":true,"href":"https:\/\/caviar-de-neuvic.com\/en_fr\/wp-json\/wp\/v2\/product_brand?post=1871"},{"taxonomy":"product_cat","embeddable":true,"href":"https:\/\/caviar-de-neuvic.com\/en_fr\/wp-json\/wp\/v2\/product_cat?post=1871"},{"taxonomy":"product_tag","embeddable":true,"href":"https:\/\/caviar-de-neuvic.com\/en_fr\/wp-json\/wp\/v2\/product_tag?post=1871"}],"curies":[{"name":"wp","href":"https:\/\/api.w.org\/{rel}","templated":true}]}}