{"id":2339,"date":"2024-11-20T20:45:17","date_gmt":"2024-11-20T20:45:17","guid":{"rendered":"https:\/\/caviar-de-neuvic.com\/produits\/saumon-fume-portionne-tranche-main\/"},"modified":"2026-04-16T10:30:38","modified_gmt":"2026-04-16T08:30:38","slug":"saumon-fume-portionne-tranche-main","status":"publish","type":"product","link":"https:\/\/caviar-de-neuvic.com\/en_fr\/p\/accueil\/poisson-fume\/saumon-fume\/saumon-fume-portionne-tranche-main\/","title":{"rendered":"Hand-sliced smoked salmon portions"},"content":{"rendered":"<p><strong>Serving suggestion<\/strong><\/p>\n<p>It can be served as an appetizer on a slice of toasted bread with a dash of lemon. It can also enhance your salads, pasta dishes, or mashed potatoes.<\/p>\n<p><strong>Nutritional values<\/strong><\/p>\n<table class=\"table table-bordered valeurs\" border=\"1\">\n<thead>\n<tr>\n<th colspan=\"4\">Per 100 g<\/th>\n<\/tr>\n<\/thead>\n<tbody>\n<tr>\n<td>Energy value (Kcal)<\/td>\n<td>229<\/td>\n<td>Fats (g) of which saturated fatty acids (g)<\/td>\n<td>18,6\u00a0(3,89)<\/td>\n<\/tr>\n<tr>\n<td>energy values (kj)<\/td>\n<td>955<\/td>\n<td>Carbohydrates (g) of which sugars (g)<\/td>\n<td>0 (0)<\/td>\n<\/tr>\n<tr>\n<td>Protein (g)<\/td>\n<td>23,6<\/td>\n<td>Sodium<\/td>\n<td>1,3<\/td>\n<\/tr>\n<\/tbody>\n<\/table>","protected":false},"excerpt":{"rendered":"<p>Of Norwegian origin, our whole B\u00f6mlo-labeled smoked salmon is carefully processed at our estate in Neuvic.\nFirst, it is hand-salted before being smoked whole for many hours over beechwood.<\/p>\n<h2>B\u00f6mlo-labeled salmon<\/h2>\n<p>Discover B\u00f6mlo salmon, an exceptional product from farms located in an ideal natural environment. Bathed in cold water and strong marine currents, it grows in conditions close to its natural habitat. Its well-being is preserved thanks to low farming density (1% salmon for 99% water), ensuring stress-free growth without the use of antibiotics. Fed with a natural diet, free from GMOs and antibiotics, it offers remarkably high-quality flesh. Staying true to its responsible and environmentally respectful commitments, Maison Neuvic carefully selects its raw materials.<\/p>\n<p>This is a must-have product for your receptions or dinners with friends. Our smoked salmon has an incomparable tender and melting texture.<\/p>\n<p><strong>Whole smoked salmon: ultra fresh, straight out of our smokehouse!<\/strong><br \/>\nDon\u2019t miss the opportunity to taste a whole smoked salmon, carefully prepared in our artisanal smokehouse.<\/p>\n<p>Poids : 400g<br \/>\nD\u00e9part \u00e0 partir du 07\/04\/2026<\/p>","protected":false},"featured_media":25843,"template":"","meta":{"_acf_changed":false,"ocean_post_layout":"","ocean_both_sidebars_style":"","ocean_both_sidebars_content_width":0,"ocean_both_sidebars_sidebars_width":0,"ocean_sidebar":"0","ocean_second_sidebar":"0","ocean_disable_margins":"enable","ocean_add_body_class":"","ocean_shortcode_before_top_bar":"","ocean_shortcode_after_top_bar":"","ocean_shortcode_before_header":"","ocean_shortcode_after_header":"","ocean_has_shortcode":"","ocean_shortcode_after_title":"","ocean_shortcode_before_footer_widgets":"","ocean_shortcode_after_footer_widgets":"","ocean_shortcode_before_footer_bottom":"","ocean_shortcode_after_footer_bottom":"","ocean_display_top_bar":"default","ocean_display_header":"default","ocean_header_style":"","ocean_center_header_left_menu":"0","ocean_custom_header_template":"0","ocean_custom_logo":0,"ocean_custom_retina_logo":0,"ocean_custom_logo_max_width":0,"ocean_custom_logo_tablet_max_width":0,"ocean_custom_logo_mobile_max_width":0,"ocean_custom_logo_max_height":0,"ocean_custom_logo_tablet_max_height":0,"ocean_custom_logo_mobile_max_height":0,"ocean_header_custom_menu":"0","ocean_menu_typo_font_family":"0","ocean_menu_typo_font_subset":"","ocean_menu_typo_font_size":0,"ocean_menu_typo_font_size_tablet":0,"ocean_menu_typo_font_size_mobile":0,"ocean_menu_typo_font_size_unit":"px","ocean_menu_typo_font_weight":"","ocean_menu_typo_font_weight_tablet":"","ocean_menu_typo_font_weight_mobile":"","ocean_menu_typo_transform":"","ocean_menu_typo_transform_tablet":"","ocean_menu_typo_transform_mobile":"","ocean_menu_typo_line_height":0,"ocean_menu_typo_line_height_tablet":0,"ocean_menu_typo_line_height_mobile":0,"ocean_menu_typo_line_height_unit":"","ocean_menu_typo_spacing":0,"ocean_menu_typo_spacing_tablet":0,"ocean_menu_typo_spacing_mobile":0,"ocean_menu_typo_spacing_unit":"","ocean_menu_link_color":"","ocean_menu_link_color_hover":"","ocean_menu_link_color_active":"","ocean_menu_link_background":"","ocean_menu_link_hover_background":"","ocean_menu_link_active_background":"","ocean_menu_social_links_bg":"","ocean_menu_social_hover_links_bg":"","ocean_menu_social_links_color":"","ocean_menu_social_hover_links_color":"","ocean_disable_title":"default","ocean_disable_heading":"default","ocean_post_title":"","ocean_post_subheading":"","ocean_post_title_style":"","ocean_post_title_background_color":"","ocean_post_title_background":0,"ocean_post_title_bg_image_position":"","ocean_post_title_bg_image_attachment":"","ocean_post_title_bg_image_repeat":"","ocean_post_title_bg_image_size":"","ocean_post_title_height":0,"ocean_post_title_bg_overlay":0.5,"ocean_post_title_bg_overlay_color":"","ocean_disable_breadcrumbs":"default","ocean_breadcrumbs_color":"","ocean_breadcrumbs_separator_color":"","ocean_breadcrumbs_links_color":"","ocean_breadcrumbs_links_hover_color":"","ocean_display_footer_widgets":"default","ocean_display_footer_bottom":"default","ocean_custom_footer_template":"0","omw_enable_modal_window":"enable"},"product_brand":[],"product_cat":[25,511],"product_tag":[],"class_list":{"0":"post-2339","1":"product","2":"type-product","3":"status-publish","4":"has-post-thumbnail","6":"product_cat-poisson-fume","7":"product_cat-saumon-fume","8":"pa_conservation-aurefrigerateurentre0et4c_","10":"entry","11":"has-media","13":"first","14":"instock","15":"sale","16":"taxable","17":"shipping-taxable","18":"purchasable","19":"product-type-simple","20":"col","21":"span_1_of_3","22":"owp-content-center","23":"item-entry","24":"owp-thumbs-layout-vertical","25":"owp-btn-normal","26":"owp-tabs-layout-horizontal"},"acf":[],"yoast_head":"<!-- This site is optimized with the Yoast SEO plugin v27.4 - https:\/\/yoast.com\/product\/yoast-seo-wordpress\/ -->\n<title>Saumon fum\u00e9 portionn\u00e9 - Caviar de Neuvic<\/title>\n<meta name=\"description\" content=\"Le saumon fum\u00e9 entier est un produit incontournable pour vos r\u00e9ceptions ou diners entre amis. Notre saumon fum\u00e9 \u00e0 une texture moelleuse et fondante incomparable.\" \/>\n<meta name=\"robots\" content=\"index, follow, max-snippet:-1, max-image-preview:large, max-video-preview:-1\" \/>\n<link rel=\"canonical\" href=\"https:\/\/caviar-de-neuvic.com\/en_fr\/p\/accueil\/poisson-fume\/saumon-fume\/saumon-fume-portionne-tranche-main\/\" \/>\n<meta property=\"og:locale\" content=\"en_US\" \/>\n<meta property=\"og:type\" content=\"article\" \/>\n<meta property=\"og:title\" content=\"Saumon fum\u00e9 portionn\u00e9 - Caviar de Neuvic\" \/>\n<meta property=\"og:description\" content=\"Le saumon fum\u00e9 entier est un produit incontournable pour vos r\u00e9ceptions ou diners entre amis. Notre saumon fum\u00e9 \u00e0 une texture moelleuse et fondante incomparable.\" \/>\n<meta property=\"og:url\" content=\"https:\/\/caviar-de-neuvic.com\/en_fr\/p\/accueil\/poisson-fume\/saumon-fume\/saumon-fume-portionne-tranche-main\/\" \/>\n<meta property=\"og:site_name\" content=\"Producteur Fran\u00e7ais De Caviar\" \/>\n<meta property=\"article:modified_time\" content=\"2026-04-16T08:30:38+00:00\" \/>\n<meta property=\"og:image\" content=\"https:\/\/caviar-de-neuvic.com\/wp-content\/uploads\/2024\/11\/2829-Saumon-fume-portionne.jpg\" \/>\n\t<meta property=\"og:image:width\" content=\"1100\" \/>\n\t<meta property=\"og:image:height\" content=\"1422\" \/>\n\t<meta property=\"og:image:type\" content=\"image\/jpeg\" \/>\n<meta name=\"twitter:card\" content=\"summary_large_image\" \/>\n<meta name=\"twitter:label1\" content=\"Est. reading time\" \/>\n\t<meta name=\"twitter:data1\" content=\"1 minute\" \/>\n<script type=\"application\/ld+json\" class=\"yoast-schema-graph\">{\"@context\":\"https:\\\/\\\/schema.org\",\"@graph\":[{\"@type\":\"WebPage\",\"@id\":\"https:\\\/\\\/caviar-de-neuvic.com\\\/p\\\/accueil\\\/poisson-fume\\\/saumon-fume\\\/saumon-fume-portionne-tranche-main\\\/\",\"url\":\"https:\\\/\\\/caviar-de-neuvic.com\\\/p\\\/accueil\\\/poisson-fume\\\/saumon-fume\\\/saumon-fume-portionne-tranche-main\\\/\",\"name\":\"Saumon fum\u00e9 portionn\u00e9 - Caviar de Neuvic\",\"isPartOf\":{\"@id\":\"http:\\\/\\\/caviar-de-neuvic.com\\\/fr\\\/#website\"},\"primaryImageOfPage\":{\"@id\":\"https:\\\/\\\/caviar-de-neuvic.com\\\/p\\\/accueil\\\/poisson-fume\\\/saumon-fume\\\/saumon-fume-portionne-tranche-main\\\/#primaryimage\"},\"image\":{\"@id\":\"https:\\\/\\\/caviar-de-neuvic.com\\\/p\\\/accueil\\\/poisson-fume\\\/saumon-fume\\\/saumon-fume-portionne-tranche-main\\\/#primaryimage\"},\"thumbnailUrl\":\"https:\\\/\\\/caviar-de-neuvic.com\\\/wp-content\\\/uploads\\\/2024\\\/11\\\/2829-Saumon-fume-portionne.jpg\",\"datePublished\":\"2024-11-20T20:45:17+00:00\",\"dateModified\":\"2026-04-16T08:30:38+00:00\",\"description\":\"Le saumon fum\u00e9 entier est un produit incontournable pour vos r\u00e9ceptions ou diners entre amis. Notre saumon fum\u00e9 \u00e0 une texture moelleuse et fondante incomparable.\",\"breadcrumb\":{\"@id\":\"https:\\\/\\\/caviar-de-neuvic.com\\\/p\\\/accueil\\\/poisson-fume\\\/saumon-fume\\\/saumon-fume-portionne-tranche-main\\\/#breadcrumb\"},\"inLanguage\":\"en-US\",\"potentialAction\":[{\"@type\":\"ReadAction\",\"target\":[\"https:\\\/\\\/caviar-de-neuvic.com\\\/p\\\/accueil\\\/poisson-fume\\\/saumon-fume\\\/saumon-fume-portionne-tranche-main\\\/\"]}]},{\"@type\":\"ImageObject\",\"inLanguage\":\"en-US\",\"@id\":\"https:\\\/\\\/caviar-de-neuvic.com\\\/p\\\/accueil\\\/poisson-fume\\\/saumon-fume\\\/saumon-fume-portionne-tranche-main\\\/#primaryimage\",\"url\":\"https:\\\/\\\/caviar-de-neuvic.com\\\/wp-content\\\/uploads\\\/2024\\\/11\\\/2829-Saumon-fume-portionne.jpg\",\"contentUrl\":\"https:\\\/\\\/caviar-de-neuvic.com\\\/wp-content\\\/uploads\\\/2024\\\/11\\\/2829-Saumon-fume-portionne.jpg\",\"width\":1100,\"height\":1422,\"caption\":\"Saumon fum\u00e9 portionn\u00e9\"},{\"@type\":\"BreadcrumbList\",\"@id\":\"https:\\\/\\\/caviar-de-neuvic.com\\\/p\\\/accueil\\\/poisson-fume\\\/saumon-fume\\\/saumon-fume-portionne-tranche-main\\\/#breadcrumb\",\"itemListElement\":[{\"@type\":\"ListItem\",\"position\":1,\"name\":\"Caviar de Neuvic\",\"item\":\"https:\\\/\\\/caviar-de-neuvic.com\\\/\"},{\"@type\":\"ListItem\",\"position\":2,\"name\":\"Shop\",\"item\":\"https:\\\/\\\/caviar-de-neuvic.com\\\/en\\\/shop\\\/\"},{\"@type\":\"ListItem\",\"position\":3,\"name\":\"Saumon fum\u00e9 portionn\u00e9 tranch\u00e9 main\"}]},{\"@type\":\"WebSite\",\"@id\":\"http:\\\/\\\/caviar-de-neuvic.com\\\/fr\\\/#website\",\"url\":\"http:\\\/\\\/caviar-de-neuvic.com\\\/fr\\\/\",\"name\":\"Producteur Fran\u00e7ais De Caviar\",\"description\":\"\",\"publisher\":{\"@id\":\"http:\\\/\\\/caviar-de-neuvic.com\\\/fr\\\/#organization\"},\"potentialAction\":[{\"@type\":\"SearchAction\",\"target\":{\"@type\":\"EntryPoint\",\"urlTemplate\":\"http:\\\/\\\/caviar-de-neuvic.com\\\/fr\\\/?s={search_term_string}\"},\"query-input\":{\"@type\":\"PropertyValueSpecification\",\"valueRequired\":true,\"valueName\":\"search_term_string\"}}],\"inLanguage\":\"en-US\"},{\"@type\":\"Organization\",\"@id\":\"http:\\\/\\\/caviar-de-neuvic.com\\\/fr\\\/#organization\",\"name\":\"Producteur Fran\u00e7ais De Caviar\",\"url\":\"http:\\\/\\\/caviar-de-neuvic.com\\\/fr\\\/\",\"logo\":{\"@type\":\"ImageObject\",\"inLanguage\":\"en-US\",\"@id\":\"http:\\\/\\\/caviar-de-neuvic.com\\\/fr\\\/#\\\/schema\\\/logo\\\/image\\\/\",\"url\":\"\",\"contentUrl\":\"\",\"caption\":\"Producteur Fran\u00e7ais De Caviar\"},\"image\":{\"@id\":\"http:\\\/\\\/caviar-de-neuvic.com\\\/fr\\\/#\\\/schema\\\/logo\\\/image\\\/\"}}]}<\/script>\n<!-- \/ Yoast SEO plugin. -->","yoast_head_json":{"title":"Saumon fum\u00e9 portionn\u00e9 - Caviar de Neuvic","description":"Le saumon fum\u00e9 entier est un produit incontournable pour vos r\u00e9ceptions ou diners entre amis. Notre saumon fum\u00e9 \u00e0 une texture moelleuse et fondante incomparable.","robots":{"index":"index","follow":"follow","max-snippet":"max-snippet:-1","max-image-preview":"max-image-preview:large","max-video-preview":"max-video-preview:-1"},"canonical":"https:\/\/caviar-de-neuvic.com\/en_fr\/p\/accueil\/poisson-fume\/saumon-fume\/saumon-fume-portionne-tranche-main\/","og_locale":"en_US","og_type":"article","og_title":"Saumon fum\u00e9 portionn\u00e9 - Caviar de Neuvic","og_description":"Le saumon fum\u00e9 entier est un produit incontournable pour vos r\u00e9ceptions ou diners entre amis. Notre saumon fum\u00e9 \u00e0 une texture moelleuse et fondante incomparable.","og_url":"https:\/\/caviar-de-neuvic.com\/en_fr\/p\/accueil\/poisson-fume\/saumon-fume\/saumon-fume-portionne-tranche-main\/","og_site_name":"Producteur Fran\u00e7ais De Caviar","article_modified_time":"2026-04-16T08:30:38+00:00","og_image":[{"width":1100,"height":1422,"url":"https:\/\/caviar-de-neuvic.com\/wp-content\/uploads\/2024\/11\/2829-Saumon-fume-portionne.jpg","type":"image\/jpeg"}],"twitter_card":"summary_large_image","twitter_misc":{"Est. reading time":"1 minute"},"schema":{"@context":"https:\/\/schema.org","@graph":[{"@type":"WebPage","@id":"https:\/\/caviar-de-neuvic.com\/p\/accueil\/poisson-fume\/saumon-fume\/saumon-fume-portionne-tranche-main\/","url":"https:\/\/caviar-de-neuvic.com\/p\/accueil\/poisson-fume\/saumon-fume\/saumon-fume-portionne-tranche-main\/","name":"Saumon fum\u00e9 portionn\u00e9 - Caviar de Neuvic","isPartOf":{"@id":"http:\/\/caviar-de-neuvic.com\/fr\/#website"},"primaryImageOfPage":{"@id":"https:\/\/caviar-de-neuvic.com\/p\/accueil\/poisson-fume\/saumon-fume\/saumon-fume-portionne-tranche-main\/#primaryimage"},"image":{"@id":"https:\/\/caviar-de-neuvic.com\/p\/accueil\/poisson-fume\/saumon-fume\/saumon-fume-portionne-tranche-main\/#primaryimage"},"thumbnailUrl":"https:\/\/caviar-de-neuvic.com\/wp-content\/uploads\/2024\/11\/2829-Saumon-fume-portionne.jpg","datePublished":"2024-11-20T20:45:17+00:00","dateModified":"2026-04-16T08:30:38+00:00","description":"Le saumon fum\u00e9 entier est un produit incontournable pour vos r\u00e9ceptions ou diners entre amis. Notre saumon fum\u00e9 \u00e0 une texture moelleuse et fondante incomparable.","breadcrumb":{"@id":"https:\/\/caviar-de-neuvic.com\/p\/accueil\/poisson-fume\/saumon-fume\/saumon-fume-portionne-tranche-main\/#breadcrumb"},"inLanguage":"en-US","potentialAction":[{"@type":"ReadAction","target":["https:\/\/caviar-de-neuvic.com\/p\/accueil\/poisson-fume\/saumon-fume\/saumon-fume-portionne-tranche-main\/"]}]},{"@type":"ImageObject","inLanguage":"en-US","@id":"https:\/\/caviar-de-neuvic.com\/p\/accueil\/poisson-fume\/saumon-fume\/saumon-fume-portionne-tranche-main\/#primaryimage","url":"https:\/\/caviar-de-neuvic.com\/wp-content\/uploads\/2024\/11\/2829-Saumon-fume-portionne.jpg","contentUrl":"https:\/\/caviar-de-neuvic.com\/wp-content\/uploads\/2024\/11\/2829-Saumon-fume-portionne.jpg","width":1100,"height":1422,"caption":"Saumon fum\u00e9 portionn\u00e9"},{"@type":"BreadcrumbList","@id":"https:\/\/caviar-de-neuvic.com\/p\/accueil\/poisson-fume\/saumon-fume\/saumon-fume-portionne-tranche-main\/#breadcrumb","itemListElement":[{"@type":"ListItem","position":1,"name":"Caviar de Neuvic","item":"https:\/\/caviar-de-neuvic.com\/"},{"@type":"ListItem","position":2,"name":"Shop","item":"https:\/\/caviar-de-neuvic.com\/en\/shop\/"},{"@type":"ListItem","position":3,"name":"Saumon fum\u00e9 portionn\u00e9 tranch\u00e9 main"}]},{"@type":"WebSite","@id":"http:\/\/caviar-de-neuvic.com\/fr\/#website","url":"http:\/\/caviar-de-neuvic.com\/fr\/","name":"Producteur Fran\u00e7ais De Caviar","description":"","publisher":{"@id":"http:\/\/caviar-de-neuvic.com\/fr\/#organization"},"potentialAction":[{"@type":"SearchAction","target":{"@type":"EntryPoint","urlTemplate":"http:\/\/caviar-de-neuvic.com\/fr\/?s={search_term_string}"},"query-input":{"@type":"PropertyValueSpecification","valueRequired":true,"valueName":"search_term_string"}}],"inLanguage":"en-US"},{"@type":"Organization","@id":"http:\/\/caviar-de-neuvic.com\/fr\/#organization","name":"Producteur Fran\u00e7ais De Caviar","url":"http:\/\/caviar-de-neuvic.com\/fr\/","logo":{"@type":"ImageObject","inLanguage":"en-US","@id":"http:\/\/caviar-de-neuvic.com\/fr\/#\/schema\/logo\/image\/","url":"","contentUrl":"","caption":"Producteur Fran\u00e7ais De Caviar"},"image":{"@id":"http:\/\/caviar-de-neuvic.com\/fr\/#\/schema\/logo\/image\/"}}]}},"_links":{"self":[{"href":"https:\/\/caviar-de-neuvic.com\/en_fr\/wp-json\/wp\/v2\/product\/2339","targetHints":{"allow":["GET"]}}],"collection":[{"href":"https:\/\/caviar-de-neuvic.com\/en_fr\/wp-json\/wp\/v2\/product"}],"about":[{"href":"https:\/\/caviar-de-neuvic.com\/en_fr\/wp-json\/wp\/v2\/types\/product"}],"version-history":[{"count":9,"href":"https:\/\/caviar-de-neuvic.com\/en_fr\/wp-json\/wp\/v2\/product\/2339\/revisions"}],"predecessor-version":[{"id":37027,"href":"https:\/\/caviar-de-neuvic.com\/en_fr\/wp-json\/wp\/v2\/product\/2339\/revisions\/37027"}],"wp:featuredmedia":[{"embeddable":true,"href":"https:\/\/caviar-de-neuvic.com\/en_fr\/wp-json\/wp\/v2\/media\/25843"}],"wp:attachment":[{"href":"https:\/\/caviar-de-neuvic.com\/en_fr\/wp-json\/wp\/v2\/media?parent=2339"}],"wp:term":[{"taxonomy":"product_brand","embeddable":true,"href":"https:\/\/caviar-de-neuvic.com\/en_fr\/wp-json\/wp\/v2\/product_brand?post=2339"},{"taxonomy":"product_cat","embeddable":true,"href":"https:\/\/caviar-de-neuvic.com\/en_fr\/wp-json\/wp\/v2\/product_cat?post=2339"},{"taxonomy":"product_tag","embeddable":true,"href":"https:\/\/caviar-de-neuvic.com\/en_fr\/wp-json\/wp\/v2\/product_tag?post=2339"}],"curies":[{"name":"wp","href":"https:\/\/api.w.org\/{rel}","templated":true}]}}