{"id":2484,"date":"2025-03-10T09:45:28","date_gmt":"2025-03-10T09:45:28","guid":{"rendered":"https:\/\/caviar-de-neuvic.com\/produits\/filets-desturgeon-frais-bio-2-kg\/"},"modified":"2026-02-02T14:21:25","modified_gmt":"2026-02-02T13:21:25","slug":"filets-desturgeon-frais-bio-2-kg","status":"publish","type":"product","link":"https:\/\/caviar-de-neuvic.com\/en_fr\/p\/accueil\/esturgeon\/filets-desturgeon-frais-bio-2-kg\/","title":{"rendered":"Fresh Organic Sturgeon Fillets 2kg"},"content":{"rendered":"<h3>How to cook sturgeon?<\/h3>\n<p>Sturgeon meat lends itself to many recipes.<\/p>\n<ul style=\"list-style-type: circle;\">\n<li>En papillote: With vegetables and herbs, for gentle and flavorful cooking.<\/li>\n<li>Pan-fried: Sear it quickly in a pan for a caramelized texture.<\/li>\n<li>Oven-baked: As a roast, it reveals a particularly tasty flavor.<\/li>\n<li>Tartare: For lovers of more intense flavors.<\/li>\n<\/ul>\n<h3>Blog tips<\/h3>\n<ul style=\"list-style-type: circle;\">\n<li><a href=\"https:\/\/caviar-de-neuvic.com\/en_fr\/universducaviar\/pourquoi-lesturgeon-est-il-un-poisson-fascinant\/\">Why is sturgeon a fascinating fish?<\/a><\/li>\n<li><a href=\"https:\/\/caviar-de-neuvic.com\/en_fr\/universducaviar\/quel-est-le-gout-de-lesturgeon\/\">What does sturgeon taste like?<\/a><\/li>\n<li><a href=\"https:\/\/caviar-de-neuvic.com\/en_fr\/mots-gestes\/limportance-de-la-qualite-de-leau-en-elevage\/\">The importance of water quality in farming<\/a><\/li>\n<li><a href=\"https:\/\/caviar-de-neuvic.com\/en_fr\/universducaviar\/les-grandes-etapes-de-lelevage-desturgeons\/\">The main stages of sturgeon farming<\/a><\/li>\n<\/ul>","protected":false},"excerpt":{"rendered":"<p>Discover organic sturgeon meat, an exceptional fish renowned for its finesse and delicacy. Naturally boneless, its white and firm flesh offers an incomparable texture and a subtle taste that lends itself to a wide variety of preparations.<\/p>\n<p>Our sturgeon meat comes from farms that respect animal welfare, thus guaranteeing impeccable quality. We mainly work with the Baerii and Gueldenstaedtii species, both recognized for the quality of their flesh.<\/p>\n<h2>The advantages of sturgeon meat<\/h2>\n<p>Thanks to its subtle flavor, sturgeon meat is perfect for delicate palates. It pairs beautifully with many flavors. Its tender, melt-in-the-mouth flesh offers a unique taste experience. Boneless, it is also easy to cook and enjoy, making it ideal for the whole family. Finally, sturgeon meat is rich in proteins and omega-3, and is beneficial for your health.<\/p>","protected":false},"featured_media":2483,"template":"","meta":{"_acf_changed":false,"ocean_post_layout":"","ocean_both_sidebars_style":"","ocean_both_sidebars_content_width":0,"ocean_both_sidebars_sidebars_width":0,"ocean_sidebar":"0","ocean_second_sidebar":"0","ocean_disable_margins":"enable","ocean_add_body_class":"","ocean_shortcode_before_top_bar":"","ocean_shortcode_after_top_bar":"","ocean_shortcode_before_header":"","ocean_shortcode_after_header":"","ocean_has_shortcode":"","ocean_shortcode_after_title":"","ocean_shortcode_before_footer_widgets":"","ocean_shortcode_after_footer_widgets":"","ocean_shortcode_before_footer_bottom":"","ocean_shortcode_after_footer_bottom":"","ocean_display_top_bar":"default","ocean_display_header":"default","ocean_header_style":"","ocean_center_header_left_menu":"0","ocean_custom_header_template":"0","ocean_custom_logo":0,"ocean_custom_retina_logo":0,"ocean_custom_logo_max_width":0,"ocean_custom_logo_tablet_max_width":0,"ocean_custom_logo_mobile_max_width":0,"ocean_custom_logo_max_height":0,"ocean_custom_logo_tablet_max_height":0,"ocean_custom_logo_mobile_max_height":0,"ocean_header_custom_menu":"0","ocean_menu_typo_font_family":"0","ocean_menu_typo_font_subset":"","ocean_menu_typo_font_size":0,"ocean_menu_typo_font_size_tablet":0,"ocean_menu_typo_font_size_mobile":0,"ocean_menu_typo_font_size_unit":"px","ocean_menu_typo_font_weight":"","ocean_menu_typo_font_weight_tablet":"","ocean_menu_typo_font_weight_mobile":"","ocean_menu_typo_transform":"","ocean_menu_typo_transform_tablet":"","ocean_menu_typo_transform_mobile":"","ocean_menu_typo_line_height":0,"ocean_menu_typo_line_height_tablet":0,"ocean_menu_typo_line_height_mobile":0,"ocean_menu_typo_line_height_unit":"","ocean_menu_typo_spacing":0,"ocean_menu_typo_spacing_tablet":0,"ocean_menu_typo_spacing_mobile":0,"ocean_menu_typo_spacing_unit":"","ocean_menu_link_color":"","ocean_menu_link_color_hover":"","ocean_menu_link_color_active":"","ocean_menu_link_background":"","ocean_menu_link_hover_background":"","ocean_menu_link_active_background":"","ocean_menu_social_links_bg":"","ocean_menu_social_hover_links_bg":"","ocean_menu_social_links_color":"","ocean_menu_social_hover_links_color":"","ocean_disable_title":"default","ocean_disable_heading":"default","ocean_post_title":"","ocean_post_subheading":"","ocean_post_title_style":"","ocean_post_title_background_color":"","ocean_post_title_background":0,"ocean_post_title_bg_image_position":"","ocean_post_title_bg_image_attachment":"","ocean_post_title_bg_image_repeat":"","ocean_post_title_bg_image_size":"","ocean_post_title_height":0,"ocean_post_title_bg_overlay":0.5,"ocean_post_title_bg_overlay_color":"","ocean_disable_breadcrumbs":"default","ocean_breadcrumbs_color":"","ocean_breadcrumbs_separator_color":"","ocean_breadcrumbs_links_color":"","ocean_breadcrumbs_links_hover_color":"","ocean_display_footer_widgets":"default","ocean_display_footer_bottom":"default","ocean_custom_footer_template":"0","omw_enable_modal_window":"enable"},"product_brand":[314],"product_cat":[24,310],"product_tag":[],"class_list":{"0":"post-2484","1":"product","2":"type-product","3":"status-publish","4":"has-post-thumbnail","6":"product_brand-agriculture-biologique","7":"product_cat-esturgeon","8":"product_cat-notre-gamme-biologique","10":"entry","11":"has-media","13":"first","14":"outofstock","15":"taxable","16":"shipping-taxable","17":"purchasable","18":"product-type-simple","19":"col","20":"span_1_of_3","21":"owp-content-center","22":"item-entry","23":"owp-thumbs-layout-vertical","24":"owp-btn-normal","25":"owp-tabs-layout-horizontal"},"acf":[],"yoast_head":"<!-- This site is optimized with the Yoast SEO plugin v27.4 - https:\/\/yoast.com\/product\/yoast-seo-wordpress\/ -->\n<title>Filets d\u2019esturgeon frais bio - Caviar de Neuvic<\/title>\n<meta name=\"description\" content=\"D\u00e9couvrez la chair d&#039;esturgeon bio, un poisson d&#039;exception, r\u00e9put\u00e9e pour sa finesse et sa d\u00e9licatesse. Naturellement sans ar\u00eate, sa chair blanche et compacte offre une texture incomparable et un go\u00fbt subtil qui se pr\u00eate \u00e0 une multitude de pr\u00e9parations.\" \/>\n<meta name=\"robots\" content=\"index, follow, max-snippet:-1, max-image-preview:large, max-video-preview:-1\" \/>\n<link rel=\"canonical\" href=\"https:\/\/caviar-de-neuvic.com\/en_fr\/p\/accueil\/esturgeon\/filets-desturgeon-frais-bio-2-kg\/\" \/>\n<meta property=\"og:locale\" content=\"en_US\" \/>\n<meta property=\"og:type\" content=\"article\" \/>\n<meta property=\"og:title\" content=\"Filets d\u2019esturgeon frais bio - Caviar de Neuvic\" \/>\n<meta property=\"og:description\" content=\"D\u00e9couvrez la chair d&#039;esturgeon bio, un poisson d&#039;exception, r\u00e9put\u00e9e pour sa finesse et sa d\u00e9licatesse. Naturellement sans ar\u00eate, sa chair blanche et compacte offre une texture incomparable et un go\u00fbt subtil qui se pr\u00eate \u00e0 une multitude de pr\u00e9parations.\" \/>\n<meta property=\"og:url\" content=\"https:\/\/caviar-de-neuvic.com\/en_fr\/p\/accueil\/esturgeon\/filets-desturgeon-frais-bio-2-kg\/\" \/>\n<meta property=\"og:site_name\" content=\"Producteur Fran\u00e7ais De Caviar\" \/>\n<meta property=\"article:modified_time\" content=\"2026-02-02T13:21:25+00:00\" \/>\n<meta property=\"og:image\" content=\"https:\/\/caviar-de-neuvic.com\/wp-content\/uploads\/2025\/03\/2939-Filets-desturgeon-frais-2-kg.jpg\" \/>\n\t<meta property=\"og:image:width\" content=\"1100\" \/>\n\t<meta property=\"og:image:height\" content=\"1422\" \/>\n\t<meta property=\"og:image:type\" content=\"image\/jpeg\" \/>\n<meta name=\"twitter:card\" content=\"summary_large_image\" \/>\n<meta name=\"twitter:label1\" content=\"Est. reading time\" \/>\n\t<meta name=\"twitter:data1\" content=\"1 minute\" \/>\n<script type=\"application\/ld+json\" class=\"yoast-schema-graph\">{\"@context\":\"https:\\\/\\\/schema.org\",\"@graph\":[{\"@type\":\"WebPage\",\"@id\":\"https:\\\/\\\/caviar-de-neuvic.com\\\/p\\\/accueil\\\/esturgeon\\\/filets-desturgeon-frais-bio-2-kg\\\/\",\"url\":\"https:\\\/\\\/caviar-de-neuvic.com\\\/p\\\/accueil\\\/esturgeon\\\/filets-desturgeon-frais-bio-2-kg\\\/\",\"name\":\"Filets d\u2019esturgeon frais bio - Caviar de Neuvic\",\"isPartOf\":{\"@id\":\"http:\\\/\\\/caviar-de-neuvic.com\\\/fr\\\/#website\"},\"primaryImageOfPage\":{\"@id\":\"https:\\\/\\\/caviar-de-neuvic.com\\\/p\\\/accueil\\\/esturgeon\\\/filets-desturgeon-frais-bio-2-kg\\\/#primaryimage\"},\"image\":{\"@id\":\"https:\\\/\\\/caviar-de-neuvic.com\\\/p\\\/accueil\\\/esturgeon\\\/filets-desturgeon-frais-bio-2-kg\\\/#primaryimage\"},\"thumbnailUrl\":\"https:\\\/\\\/caviar-de-neuvic.com\\\/wp-content\\\/uploads\\\/2025\\\/03\\\/2939-Filets-desturgeon-frais-2-kg.jpg\",\"datePublished\":\"2025-03-10T09:45:28+00:00\",\"dateModified\":\"2026-02-02T13:21:25+00:00\",\"description\":\"D\u00e9couvrez la chair d'esturgeon bio, un poisson d'exception, r\u00e9put\u00e9e pour sa finesse et sa d\u00e9licatesse. Naturellement sans ar\u00eate, sa chair blanche et compacte offre une texture incomparable et un go\u00fbt subtil qui se pr\u00eate \u00e0 une multitude de pr\u00e9parations.\",\"breadcrumb\":{\"@id\":\"https:\\\/\\\/caviar-de-neuvic.com\\\/p\\\/accueil\\\/esturgeon\\\/filets-desturgeon-frais-bio-2-kg\\\/#breadcrumb\"},\"inLanguage\":\"en-US\",\"potentialAction\":[{\"@type\":\"ReadAction\",\"target\":[\"https:\\\/\\\/caviar-de-neuvic.com\\\/p\\\/accueil\\\/esturgeon\\\/filets-desturgeon-frais-bio-2-kg\\\/\"]}]},{\"@type\":\"ImageObject\",\"inLanguage\":\"en-US\",\"@id\":\"https:\\\/\\\/caviar-de-neuvic.com\\\/p\\\/accueil\\\/esturgeon\\\/filets-desturgeon-frais-bio-2-kg\\\/#primaryimage\",\"url\":\"https:\\\/\\\/caviar-de-neuvic.com\\\/wp-content\\\/uploads\\\/2025\\\/03\\\/2939-Filets-desturgeon-frais-2-kg.jpg\",\"contentUrl\":\"https:\\\/\\\/caviar-de-neuvic.com\\\/wp-content\\\/uploads\\\/2025\\\/03\\\/2939-Filets-desturgeon-frais-2-kg.jpg\",\"width\":1100,\"height\":1422,\"caption\":\"Filets d\u2019esturgeon frais 2 kg\"},{\"@type\":\"BreadcrumbList\",\"@id\":\"https:\\\/\\\/caviar-de-neuvic.com\\\/p\\\/accueil\\\/esturgeon\\\/filets-desturgeon-frais-bio-2-kg\\\/#breadcrumb\",\"itemListElement\":[{\"@type\":\"ListItem\",\"position\":1,\"name\":\"Caviar de Neuvic\",\"item\":\"https:\\\/\\\/caviar-de-neuvic.com\\\/\"},{\"@type\":\"ListItem\",\"position\":2,\"name\":\"Shop\",\"item\":\"https:\\\/\\\/caviar-de-neuvic.com\\\/en\\\/shop\\\/\"},{\"@type\":\"ListItem\",\"position\":3,\"name\":\"Filets d\u2019esturgeon frais bio 2 kg\"}]},{\"@type\":\"WebSite\",\"@id\":\"http:\\\/\\\/caviar-de-neuvic.com\\\/fr\\\/#website\",\"url\":\"http:\\\/\\\/caviar-de-neuvic.com\\\/fr\\\/\",\"name\":\"Producteur Fran\u00e7ais De Caviar\",\"description\":\"\",\"publisher\":{\"@id\":\"http:\\\/\\\/caviar-de-neuvic.com\\\/fr\\\/#organization\"},\"potentialAction\":[{\"@type\":\"SearchAction\",\"target\":{\"@type\":\"EntryPoint\",\"urlTemplate\":\"http:\\\/\\\/caviar-de-neuvic.com\\\/fr\\\/?s={search_term_string}\"},\"query-input\":{\"@type\":\"PropertyValueSpecification\",\"valueRequired\":true,\"valueName\":\"search_term_string\"}}],\"inLanguage\":\"en-US\"},{\"@type\":\"Organization\",\"@id\":\"http:\\\/\\\/caviar-de-neuvic.com\\\/fr\\\/#organization\",\"name\":\"Producteur Fran\u00e7ais De Caviar\",\"url\":\"http:\\\/\\\/caviar-de-neuvic.com\\\/fr\\\/\",\"logo\":{\"@type\":\"ImageObject\",\"inLanguage\":\"en-US\",\"@id\":\"http:\\\/\\\/caviar-de-neuvic.com\\\/fr\\\/#\\\/schema\\\/logo\\\/image\\\/\",\"url\":\"\",\"contentUrl\":\"\",\"caption\":\"Producteur Fran\u00e7ais De Caviar\"},\"image\":{\"@id\":\"http:\\\/\\\/caviar-de-neuvic.com\\\/fr\\\/#\\\/schema\\\/logo\\\/image\\\/\"}}]}<\/script>\n<!-- \/ Yoast SEO plugin. -->","yoast_head_json":{"title":"Filets d\u2019esturgeon frais bio - Caviar de Neuvic","description":"D\u00e9couvrez la chair d'esturgeon bio, un poisson d'exception, r\u00e9put\u00e9e pour sa finesse et sa d\u00e9licatesse. Naturellement sans ar\u00eate, sa chair blanche et compacte offre une texture incomparable et un go\u00fbt subtil qui se pr\u00eate \u00e0 une multitude de pr\u00e9parations.","robots":{"index":"index","follow":"follow","max-snippet":"max-snippet:-1","max-image-preview":"max-image-preview:large","max-video-preview":"max-video-preview:-1"},"canonical":"https:\/\/caviar-de-neuvic.com\/en_fr\/p\/accueil\/esturgeon\/filets-desturgeon-frais-bio-2-kg\/","og_locale":"en_US","og_type":"article","og_title":"Filets d\u2019esturgeon frais bio - Caviar de Neuvic","og_description":"D\u00e9couvrez la chair d'esturgeon bio, un poisson d'exception, r\u00e9put\u00e9e pour sa finesse et sa d\u00e9licatesse. Naturellement sans ar\u00eate, sa chair blanche et compacte offre une texture incomparable et un go\u00fbt subtil qui se pr\u00eate \u00e0 une multitude de pr\u00e9parations.","og_url":"https:\/\/caviar-de-neuvic.com\/en_fr\/p\/accueil\/esturgeon\/filets-desturgeon-frais-bio-2-kg\/","og_site_name":"Producteur Fran\u00e7ais De Caviar","article_modified_time":"2026-02-02T13:21:25+00:00","og_image":[{"width":1100,"height":1422,"url":"https:\/\/caviar-de-neuvic.com\/wp-content\/uploads\/2025\/03\/2939-Filets-desturgeon-frais-2-kg.jpg","type":"image\/jpeg"}],"twitter_card":"summary_large_image","twitter_misc":{"Est. reading time":"1 minute"},"schema":{"@context":"https:\/\/schema.org","@graph":[{"@type":"WebPage","@id":"https:\/\/caviar-de-neuvic.com\/p\/accueil\/esturgeon\/filets-desturgeon-frais-bio-2-kg\/","url":"https:\/\/caviar-de-neuvic.com\/p\/accueil\/esturgeon\/filets-desturgeon-frais-bio-2-kg\/","name":"Filets d\u2019esturgeon frais bio - Caviar de Neuvic","isPartOf":{"@id":"http:\/\/caviar-de-neuvic.com\/fr\/#website"},"primaryImageOfPage":{"@id":"https:\/\/caviar-de-neuvic.com\/p\/accueil\/esturgeon\/filets-desturgeon-frais-bio-2-kg\/#primaryimage"},"image":{"@id":"https:\/\/caviar-de-neuvic.com\/p\/accueil\/esturgeon\/filets-desturgeon-frais-bio-2-kg\/#primaryimage"},"thumbnailUrl":"https:\/\/caviar-de-neuvic.com\/wp-content\/uploads\/2025\/03\/2939-Filets-desturgeon-frais-2-kg.jpg","datePublished":"2025-03-10T09:45:28+00:00","dateModified":"2026-02-02T13:21:25+00:00","description":"D\u00e9couvrez la chair d'esturgeon bio, un poisson d'exception, r\u00e9put\u00e9e pour sa finesse et sa d\u00e9licatesse. Naturellement sans ar\u00eate, sa chair blanche et compacte offre une texture incomparable et un go\u00fbt subtil qui se pr\u00eate \u00e0 une multitude de pr\u00e9parations.","breadcrumb":{"@id":"https:\/\/caviar-de-neuvic.com\/p\/accueil\/esturgeon\/filets-desturgeon-frais-bio-2-kg\/#breadcrumb"},"inLanguage":"en-US","potentialAction":[{"@type":"ReadAction","target":["https:\/\/caviar-de-neuvic.com\/p\/accueil\/esturgeon\/filets-desturgeon-frais-bio-2-kg\/"]}]},{"@type":"ImageObject","inLanguage":"en-US","@id":"https:\/\/caviar-de-neuvic.com\/p\/accueil\/esturgeon\/filets-desturgeon-frais-bio-2-kg\/#primaryimage","url":"https:\/\/caviar-de-neuvic.com\/wp-content\/uploads\/2025\/03\/2939-Filets-desturgeon-frais-2-kg.jpg","contentUrl":"https:\/\/caviar-de-neuvic.com\/wp-content\/uploads\/2025\/03\/2939-Filets-desturgeon-frais-2-kg.jpg","width":1100,"height":1422,"caption":"Filets d\u2019esturgeon frais 2 kg"},{"@type":"BreadcrumbList","@id":"https:\/\/caviar-de-neuvic.com\/p\/accueil\/esturgeon\/filets-desturgeon-frais-bio-2-kg\/#breadcrumb","itemListElement":[{"@type":"ListItem","position":1,"name":"Caviar de Neuvic","item":"https:\/\/caviar-de-neuvic.com\/"},{"@type":"ListItem","position":2,"name":"Shop","item":"https:\/\/caviar-de-neuvic.com\/en\/shop\/"},{"@type":"ListItem","position":3,"name":"Filets d\u2019esturgeon frais bio 2 kg"}]},{"@type":"WebSite","@id":"http:\/\/caviar-de-neuvic.com\/fr\/#website","url":"http:\/\/caviar-de-neuvic.com\/fr\/","name":"Producteur Fran\u00e7ais De Caviar","description":"","publisher":{"@id":"http:\/\/caviar-de-neuvic.com\/fr\/#organization"},"potentialAction":[{"@type":"SearchAction","target":{"@type":"EntryPoint","urlTemplate":"http:\/\/caviar-de-neuvic.com\/fr\/?s={search_term_string}"},"query-input":{"@type":"PropertyValueSpecification","valueRequired":true,"valueName":"search_term_string"}}],"inLanguage":"en-US"},{"@type":"Organization","@id":"http:\/\/caviar-de-neuvic.com\/fr\/#organization","name":"Producteur Fran\u00e7ais De Caviar","url":"http:\/\/caviar-de-neuvic.com\/fr\/","logo":{"@type":"ImageObject","inLanguage":"en-US","@id":"http:\/\/caviar-de-neuvic.com\/fr\/#\/schema\/logo\/image\/","url":"","contentUrl":"","caption":"Producteur Fran\u00e7ais De Caviar"},"image":{"@id":"http:\/\/caviar-de-neuvic.com\/fr\/#\/schema\/logo\/image\/"}}]}},"_links":{"self":[{"href":"https:\/\/caviar-de-neuvic.com\/en_fr\/wp-json\/wp\/v2\/product\/2484","targetHints":{"allow":["GET"]}}],"collection":[{"href":"https:\/\/caviar-de-neuvic.com\/en_fr\/wp-json\/wp\/v2\/product"}],"about":[{"href":"https:\/\/caviar-de-neuvic.com\/en_fr\/wp-json\/wp\/v2\/types\/product"}],"version-history":[{"count":5,"href":"https:\/\/caviar-de-neuvic.com\/en_fr\/wp-json\/wp\/v2\/product\/2484\/revisions"}],"predecessor-version":[{"id":29991,"href":"https:\/\/caviar-de-neuvic.com\/en_fr\/wp-json\/wp\/v2\/product\/2484\/revisions\/29991"}],"wp:featuredmedia":[{"embeddable":true,"href":"https:\/\/caviar-de-neuvic.com\/en_fr\/wp-json\/wp\/v2\/media\/2483"}],"wp:attachment":[{"href":"https:\/\/caviar-de-neuvic.com\/en_fr\/wp-json\/wp\/v2\/media?parent=2484"}],"wp:term":[{"taxonomy":"product_brand","embeddable":true,"href":"https:\/\/caviar-de-neuvic.com\/en_fr\/wp-json\/wp\/v2\/product_brand?post=2484"},{"taxonomy":"product_cat","embeddable":true,"href":"https:\/\/caviar-de-neuvic.com\/en_fr\/wp-json\/wp\/v2\/product_cat?post=2484"},{"taxonomy":"product_tag","embeddable":true,"href":"https:\/\/caviar-de-neuvic.com\/en_fr\/wp-json\/wp\/v2\/product_tag?post=2484"}],"curies":[{"name":"wp","href":"https:\/\/api.w.org\/{rel}","templated":true}]}}