{"id":262,"date":"2015-12-13T22:29:02","date_gmt":"2015-12-13T22:29:02","guid":{"rendered":"https:\/\/caviar-de-neuvic.com\/produits\/emballage-cadeaux\/"},"modified":"2025-12-08T08:52:50","modified_gmt":"2025-12-08T07:52:50","slug":"emballage-cadeaux","status":"publish","type":"product","link":"https:\/\/caviar-de-neuvic.com\/en_fr\/p\/accueil\/accompagner-le-caviar\/emballage-cadeaux\/","title":{"rendered":"Gift Packaging"},"content":{"rendered":"<div class=\"col-md-3 titre\">More than a box, a small caviar cellar<\/div>\n<div class=\"col-md-9\">\n<p>Caviar de Neuvic has developed an exclusive case that not only offers elegance but also preserves the freshness of the caviar. A small insulated pocket\/shell is hidden beneath the inner packaging: it allows the caviar to be transported inside the box while perfectly protecting the product for about two hours, and also makes it possible to serve it directly in this case. Since this insulated pouch is removable, it can of course be reused.<\/p>\n<\/div>","protected":false},"excerpt":{"rendered":"<p>For yourself or as a gift, this case elegantly protects your caviar tin from 30 to 100 grams.<\/p>\n<p>A removable insulated structure, discreetly included at the bottom of the box, preserves the product\u2019s freshness during transport from your home to that of your hosts.<\/p>","protected":false},"featured_media":260,"template":"","meta":{"_acf_changed":false,"ocean_post_layout":"","ocean_both_sidebars_style":"","ocean_both_sidebars_content_width":0,"ocean_both_sidebars_sidebars_width":0,"ocean_sidebar":"0","ocean_second_sidebar":"0","ocean_disable_margins":"enable","ocean_add_body_class":"","ocean_shortcode_before_top_bar":"","ocean_shortcode_after_top_bar":"","ocean_shortcode_before_header":"","ocean_shortcode_after_header":"","ocean_has_shortcode":"","ocean_shortcode_after_title":"","ocean_shortcode_before_footer_widgets":"","ocean_shortcode_after_footer_widgets":"","ocean_shortcode_before_footer_bottom":"","ocean_shortcode_after_footer_bottom":"","ocean_display_top_bar":"default","ocean_display_header":"default","ocean_header_style":"","ocean_center_header_left_menu":"0","ocean_custom_header_template":"0","ocean_custom_logo":0,"ocean_custom_retina_logo":0,"ocean_custom_logo_max_width":0,"ocean_custom_logo_tablet_max_width":0,"ocean_custom_logo_mobile_max_width":0,"ocean_custom_logo_max_height":0,"ocean_custom_logo_tablet_max_height":0,"ocean_custom_logo_mobile_max_height":0,"ocean_header_custom_menu":"0","ocean_menu_typo_font_family":"0","ocean_menu_typo_font_subset":"","ocean_menu_typo_font_size":0,"ocean_menu_typo_font_size_tablet":0,"ocean_menu_typo_font_size_mobile":0,"ocean_menu_typo_font_size_unit":"px","ocean_menu_typo_font_weight":"","ocean_menu_typo_font_weight_tablet":"","ocean_menu_typo_font_weight_mobile":"","ocean_menu_typo_transform":"","ocean_menu_typo_transform_tablet":"","ocean_menu_typo_transform_mobile":"","ocean_menu_typo_line_height":0,"ocean_menu_typo_line_height_tablet":0,"ocean_menu_typo_line_height_mobile":0,"ocean_menu_typo_line_height_unit":"","ocean_menu_typo_spacing":0,"ocean_menu_typo_spacing_tablet":0,"ocean_menu_typo_spacing_mobile":0,"ocean_menu_typo_spacing_unit":"","ocean_menu_link_color":"","ocean_menu_link_color_hover":"","ocean_menu_link_color_active":"","ocean_menu_link_background":"","ocean_menu_link_hover_background":"","ocean_menu_link_active_background":"","ocean_menu_social_links_bg":"","ocean_menu_social_hover_links_bg":"","ocean_menu_social_links_color":"","ocean_menu_social_hover_links_color":"","ocean_disable_title":"default","ocean_disable_heading":"default","ocean_post_title":"","ocean_post_subheading":"","ocean_post_title_style":"","ocean_post_title_background_color":"","ocean_post_title_background":0,"ocean_post_title_bg_image_position":"","ocean_post_title_bg_image_attachment":"","ocean_post_title_bg_image_repeat":"","ocean_post_title_bg_image_size":"","ocean_post_title_height":0,"ocean_post_title_bg_overlay":0.5,"ocean_post_title_bg_overlay_color":"","ocean_disable_breadcrumbs":"default","ocean_breadcrumbs_color":"","ocean_breadcrumbs_separator_color":"","ocean_breadcrumbs_links_color":"","ocean_breadcrumbs_links_hover_color":"","ocean_display_footer_widgets":"default","ocean_display_footer_bottom":"default","ocean_custom_footer_template":"0","omw_enable_modal_window":"enable"},"product_brand":[],"product_cat":[21],"product_tag":[],"class_list":{"0":"post-262","1":"product","2":"type-product","3":"status-publish","4":"has-post-thumbnail","6":"product_cat-accompagner-le-caviar","7":"product_shipping_class-sec","8":"pa_livraison-sec","10":"entry","11":"has-media","13":"first","14":"outofstock","15":"taxable","16":"shipping-taxable","17":"purchasable","18":"product-type-simple","19":"col","20":"span_1_of_3","21":"owp-content-center","22":"item-entry","23":"owp-thumbs-layout-vertical","24":"owp-btn-normal","25":"owp-tabs-layout-horizontal"},"acf":[],"yoast_head":"<!-- This site is optimized with the Yoast SEO plugin v27.4 - https:\/\/yoast.com\/product\/yoast-seo-wordpress\/ -->\n<title>Emballage cadeaux pour Caviar - Caviar de Neuvic<\/title>\n<meta name=\"description\" content=\"Pour soi ou pour offrir, cet \u00e9crin prot\u00e8ge avec \u00e9l\u00e9gance votre bo\u00eete de caviar de 30 \u00e0 100 grammes. Une structure isotherme pr\u00e9serve la fra\u00eecheur du produit le temps de son transport entre votre domicile et celui de vos h\u00f4tes.\" \/>\n<meta name=\"robots\" content=\"index, follow, max-snippet:-1, max-image-preview:large, max-video-preview:-1\" \/>\n<link rel=\"canonical\" href=\"https:\/\/caviar-de-neuvic.com\/en_fr\/p\/accueil\/accompagner-le-caviar\/emballage-cadeaux\/\" \/>\n<meta property=\"og:locale\" content=\"en_US\" \/>\n<meta property=\"og:type\" content=\"article\" \/>\n<meta property=\"og:title\" content=\"Emballage cadeaux pour Caviar - Caviar de Neuvic\" \/>\n<meta property=\"og:description\" content=\"Pour soi ou pour offrir, cet \u00e9crin prot\u00e8ge avec \u00e9l\u00e9gance votre bo\u00eete de caviar de 30 \u00e0 100 grammes. Une structure isotherme pr\u00e9serve la fra\u00eecheur du produit le temps de son transport entre votre domicile et celui de vos h\u00f4tes.\" \/>\n<meta property=\"og:url\" content=\"https:\/\/caviar-de-neuvic.com\/en_fr\/p\/accueil\/accompagner-le-caviar\/emballage-cadeaux\/\" \/>\n<meta property=\"og:site_name\" content=\"Producteur Fran\u00e7ais De Caviar\" \/>\n<meta property=\"article:modified_time\" content=\"2025-12-08T07:52:50+00:00\" \/>\n<meta property=\"og:image\" content=\"https:\/\/caviar-de-neuvic.com\/wp-content\/uploads\/2015\/12\/46-Emballage-cadeaux-50-100-grammes.jpg\" \/>\n\t<meta property=\"og:image:width\" content=\"1000\" \/>\n\t<meta property=\"og:image:height\" content=\"1000\" \/>\n\t<meta property=\"og:image:type\" content=\"image\/jpeg\" \/>\n<meta name=\"twitter:card\" content=\"summary_large_image\" \/>\n<meta name=\"twitter:label1\" content=\"Est. reading time\" \/>\n\t<meta name=\"twitter:data1\" content=\"1 minute\" \/>\n<script type=\"application\/ld+json\" class=\"yoast-schema-graph\">{\"@context\":\"https:\\\/\\\/schema.org\",\"@graph\":[{\"@type\":\"WebPage\",\"@id\":\"https:\\\/\\\/caviar-de-neuvic.com\\\/p\\\/accueil\\\/accompagner-le-caviar\\\/emballage-cadeaux\\\/\",\"url\":\"https:\\\/\\\/caviar-de-neuvic.com\\\/p\\\/accueil\\\/accompagner-le-caviar\\\/emballage-cadeaux\\\/\",\"name\":\"Emballage cadeaux pour Caviar - Caviar de Neuvic\",\"isPartOf\":{\"@id\":\"http:\\\/\\\/caviar-de-neuvic.com\\\/fr\\\/#website\"},\"primaryImageOfPage\":{\"@id\":\"https:\\\/\\\/caviar-de-neuvic.com\\\/p\\\/accueil\\\/accompagner-le-caviar\\\/emballage-cadeaux\\\/#primaryimage\"},\"image\":{\"@id\":\"https:\\\/\\\/caviar-de-neuvic.com\\\/p\\\/accueil\\\/accompagner-le-caviar\\\/emballage-cadeaux\\\/#primaryimage\"},\"thumbnailUrl\":\"https:\\\/\\\/caviar-de-neuvic.com\\\/wp-content\\\/uploads\\\/2015\\\/12\\\/46-Emballage-cadeaux-50-100-grammes.jpg\",\"datePublished\":\"2015-12-13T22:29:02+00:00\",\"dateModified\":\"2025-12-08T07:52:50+00:00\",\"description\":\"Pour soi ou pour offrir, cet \u00e9crin prot\u00e8ge avec \u00e9l\u00e9gance votre bo\u00eete de caviar de 30 \u00e0 100 grammes. Une structure isotherme pr\u00e9serve la fra\u00eecheur du produit le temps de son transport entre votre domicile et celui de vos h\u00f4tes.\",\"breadcrumb\":{\"@id\":\"https:\\\/\\\/caviar-de-neuvic.com\\\/p\\\/accueil\\\/accompagner-le-caviar\\\/emballage-cadeaux\\\/#breadcrumb\"},\"inLanguage\":\"en-US\",\"potentialAction\":[{\"@type\":\"ReadAction\",\"target\":[\"https:\\\/\\\/caviar-de-neuvic.com\\\/p\\\/accueil\\\/accompagner-le-caviar\\\/emballage-cadeaux\\\/\"]}]},{\"@type\":\"ImageObject\",\"inLanguage\":\"en-US\",\"@id\":\"https:\\\/\\\/caviar-de-neuvic.com\\\/p\\\/accueil\\\/accompagner-le-caviar\\\/emballage-cadeaux\\\/#primaryimage\",\"url\":\"https:\\\/\\\/caviar-de-neuvic.com\\\/wp-content\\\/uploads\\\/2015\\\/12\\\/46-Emballage-cadeaux-50-100-grammes.jpg\",\"contentUrl\":\"https:\\\/\\\/caviar-de-neuvic.com\\\/wp-content\\\/uploads\\\/2015\\\/12\\\/46-Emballage-cadeaux-50-100-grammes.jpg\",\"width\":1000,\"height\":1000,\"caption\":\"Emballage cadeaux - 50 & 100 grammes\"},{\"@type\":\"BreadcrumbList\",\"@id\":\"https:\\\/\\\/caviar-de-neuvic.com\\\/p\\\/accueil\\\/accompagner-le-caviar\\\/emballage-cadeaux\\\/#breadcrumb\",\"itemListElement\":[{\"@type\":\"ListItem\",\"position\":1,\"name\":\"Caviar de Neuvic\",\"item\":\"https:\\\/\\\/caviar-de-neuvic.com\\\/\"},{\"@type\":\"ListItem\",\"position\":2,\"name\":\"Shop\",\"item\":\"https:\\\/\\\/caviar-de-neuvic.com\\\/en\\\/shop\\\/\"},{\"@type\":\"ListItem\",\"position\":3,\"name\":\"Emballage cadeaux\"}]},{\"@type\":\"WebSite\",\"@id\":\"http:\\\/\\\/caviar-de-neuvic.com\\\/fr\\\/#website\",\"url\":\"http:\\\/\\\/caviar-de-neuvic.com\\\/fr\\\/\",\"name\":\"Producteur Fran\u00e7ais De Caviar\",\"description\":\"\",\"publisher\":{\"@id\":\"http:\\\/\\\/caviar-de-neuvic.com\\\/fr\\\/#organization\"},\"potentialAction\":[{\"@type\":\"SearchAction\",\"target\":{\"@type\":\"EntryPoint\",\"urlTemplate\":\"http:\\\/\\\/caviar-de-neuvic.com\\\/fr\\\/?s={search_term_string}\"},\"query-input\":{\"@type\":\"PropertyValueSpecification\",\"valueRequired\":true,\"valueName\":\"search_term_string\"}}],\"inLanguage\":\"en-US\"},{\"@type\":\"Organization\",\"@id\":\"http:\\\/\\\/caviar-de-neuvic.com\\\/fr\\\/#organization\",\"name\":\"Producteur Fran\u00e7ais De Caviar\",\"url\":\"http:\\\/\\\/caviar-de-neuvic.com\\\/fr\\\/\",\"logo\":{\"@type\":\"ImageObject\",\"inLanguage\":\"en-US\",\"@id\":\"http:\\\/\\\/caviar-de-neuvic.com\\\/fr\\\/#\\\/schema\\\/logo\\\/image\\\/\",\"url\":\"\",\"contentUrl\":\"\",\"caption\":\"Producteur Fran\u00e7ais De Caviar\"},\"image\":{\"@id\":\"http:\\\/\\\/caviar-de-neuvic.com\\\/fr\\\/#\\\/schema\\\/logo\\\/image\\\/\"}}]}<\/script>\n<!-- \/ Yoast SEO plugin. -->","yoast_head_json":{"title":"Emballage cadeaux pour Caviar - Caviar de Neuvic","description":"Pour soi ou pour offrir, cet \u00e9crin prot\u00e8ge avec \u00e9l\u00e9gance votre bo\u00eete de caviar de 30 \u00e0 100 grammes. Une structure isotherme pr\u00e9serve la fra\u00eecheur du produit le temps de son transport entre votre domicile et celui de vos h\u00f4tes.","robots":{"index":"index","follow":"follow","max-snippet":"max-snippet:-1","max-image-preview":"max-image-preview:large","max-video-preview":"max-video-preview:-1"},"canonical":"https:\/\/caviar-de-neuvic.com\/en_fr\/p\/accueil\/accompagner-le-caviar\/emballage-cadeaux\/","og_locale":"en_US","og_type":"article","og_title":"Emballage cadeaux pour Caviar - Caviar de Neuvic","og_description":"Pour soi ou pour offrir, cet \u00e9crin prot\u00e8ge avec \u00e9l\u00e9gance votre bo\u00eete de caviar de 30 \u00e0 100 grammes. Une structure isotherme pr\u00e9serve la fra\u00eecheur du produit le temps de son transport entre votre domicile et celui de vos h\u00f4tes.","og_url":"https:\/\/caviar-de-neuvic.com\/en_fr\/p\/accueil\/accompagner-le-caviar\/emballage-cadeaux\/","og_site_name":"Producteur Fran\u00e7ais De Caviar","article_modified_time":"2025-12-08T07:52:50+00:00","og_image":[{"width":1000,"height":1000,"url":"https:\/\/caviar-de-neuvic.com\/wp-content\/uploads\/2015\/12\/46-Emballage-cadeaux-50-100-grammes.jpg","type":"image\/jpeg"}],"twitter_card":"summary_large_image","twitter_misc":{"Est. reading time":"1 minute"},"schema":{"@context":"https:\/\/schema.org","@graph":[{"@type":"WebPage","@id":"https:\/\/caviar-de-neuvic.com\/p\/accueil\/accompagner-le-caviar\/emballage-cadeaux\/","url":"https:\/\/caviar-de-neuvic.com\/p\/accueil\/accompagner-le-caviar\/emballage-cadeaux\/","name":"Emballage cadeaux pour Caviar - Caviar de Neuvic","isPartOf":{"@id":"http:\/\/caviar-de-neuvic.com\/fr\/#website"},"primaryImageOfPage":{"@id":"https:\/\/caviar-de-neuvic.com\/p\/accueil\/accompagner-le-caviar\/emballage-cadeaux\/#primaryimage"},"image":{"@id":"https:\/\/caviar-de-neuvic.com\/p\/accueil\/accompagner-le-caviar\/emballage-cadeaux\/#primaryimage"},"thumbnailUrl":"https:\/\/caviar-de-neuvic.com\/wp-content\/uploads\/2015\/12\/46-Emballage-cadeaux-50-100-grammes.jpg","datePublished":"2015-12-13T22:29:02+00:00","dateModified":"2025-12-08T07:52:50+00:00","description":"Pour soi ou pour offrir, cet \u00e9crin prot\u00e8ge avec \u00e9l\u00e9gance votre bo\u00eete de caviar de 30 \u00e0 100 grammes. Une structure isotherme pr\u00e9serve la fra\u00eecheur du produit le temps de son transport entre votre domicile et celui de vos h\u00f4tes.","breadcrumb":{"@id":"https:\/\/caviar-de-neuvic.com\/p\/accueil\/accompagner-le-caviar\/emballage-cadeaux\/#breadcrumb"},"inLanguage":"en-US","potentialAction":[{"@type":"ReadAction","target":["https:\/\/caviar-de-neuvic.com\/p\/accueil\/accompagner-le-caviar\/emballage-cadeaux\/"]}]},{"@type":"ImageObject","inLanguage":"en-US","@id":"https:\/\/caviar-de-neuvic.com\/p\/accueil\/accompagner-le-caviar\/emballage-cadeaux\/#primaryimage","url":"https:\/\/caviar-de-neuvic.com\/wp-content\/uploads\/2015\/12\/46-Emballage-cadeaux-50-100-grammes.jpg","contentUrl":"https:\/\/caviar-de-neuvic.com\/wp-content\/uploads\/2015\/12\/46-Emballage-cadeaux-50-100-grammes.jpg","width":1000,"height":1000,"caption":"Emballage cadeaux - 50 & 100 grammes"},{"@type":"BreadcrumbList","@id":"https:\/\/caviar-de-neuvic.com\/p\/accueil\/accompagner-le-caviar\/emballage-cadeaux\/#breadcrumb","itemListElement":[{"@type":"ListItem","position":1,"name":"Caviar de Neuvic","item":"https:\/\/caviar-de-neuvic.com\/"},{"@type":"ListItem","position":2,"name":"Shop","item":"https:\/\/caviar-de-neuvic.com\/en\/shop\/"},{"@type":"ListItem","position":3,"name":"Emballage cadeaux"}]},{"@type":"WebSite","@id":"http:\/\/caviar-de-neuvic.com\/fr\/#website","url":"http:\/\/caviar-de-neuvic.com\/fr\/","name":"Producteur Fran\u00e7ais De Caviar","description":"","publisher":{"@id":"http:\/\/caviar-de-neuvic.com\/fr\/#organization"},"potentialAction":[{"@type":"SearchAction","target":{"@type":"EntryPoint","urlTemplate":"http:\/\/caviar-de-neuvic.com\/fr\/?s={search_term_string}"},"query-input":{"@type":"PropertyValueSpecification","valueRequired":true,"valueName":"search_term_string"}}],"inLanguage":"en-US"},{"@type":"Organization","@id":"http:\/\/caviar-de-neuvic.com\/fr\/#organization","name":"Producteur Fran\u00e7ais De Caviar","url":"http:\/\/caviar-de-neuvic.com\/fr\/","logo":{"@type":"ImageObject","inLanguage":"en-US","@id":"http:\/\/caviar-de-neuvic.com\/fr\/#\/schema\/logo\/image\/","url":"","contentUrl":"","caption":"Producteur Fran\u00e7ais De Caviar"},"image":{"@id":"http:\/\/caviar-de-neuvic.com\/fr\/#\/schema\/logo\/image\/"}}]}},"_links":{"self":[{"href":"https:\/\/caviar-de-neuvic.com\/en_fr\/wp-json\/wp\/v2\/product\/262","targetHints":{"allow":["GET"]}}],"collection":[{"href":"https:\/\/caviar-de-neuvic.com\/en_fr\/wp-json\/wp\/v2\/product"}],"about":[{"href":"https:\/\/caviar-de-neuvic.com\/en_fr\/wp-json\/wp\/v2\/types\/product"}],"version-history":[{"count":2,"href":"https:\/\/caviar-de-neuvic.com\/en_fr\/wp-json\/wp\/v2\/product\/262\/revisions"}],"predecessor-version":[{"id":29853,"href":"https:\/\/caviar-de-neuvic.com\/en_fr\/wp-json\/wp\/v2\/product\/262\/revisions\/29853"}],"wp:featuredmedia":[{"embeddable":true,"href":"https:\/\/caviar-de-neuvic.com\/en_fr\/wp-json\/wp\/v2\/media\/260"}],"wp:attachment":[{"href":"https:\/\/caviar-de-neuvic.com\/en_fr\/wp-json\/wp\/v2\/media?parent=262"}],"wp:term":[{"taxonomy":"product_brand","embeddable":true,"href":"https:\/\/caviar-de-neuvic.com\/en_fr\/wp-json\/wp\/v2\/product_brand?post=262"},{"taxonomy":"product_cat","embeddable":true,"href":"https:\/\/caviar-de-neuvic.com\/en_fr\/wp-json\/wp\/v2\/product_cat?post=262"},{"taxonomy":"product_tag","embeddable":true,"href":"https:\/\/caviar-de-neuvic.com\/en_fr\/wp-json\/wp\/v2\/product_tag?post=262"}],"curies":[{"name":"wp","href":"https:\/\/api.w.org\/{rel}","templated":true}]}}