{"id":29710,"date":"2025-10-09T15:45:37","date_gmt":"2025-10-09T13:45:37","guid":{"rendered":"http:\/\/caviar-de-neuvic.com\/fr\/?post_type=product&#038;p=29710"},"modified":"2026-04-02T11:22:31","modified_gmt":"2026-04-02T09:22:31","slug":"oeufs-de-coregone","status":"publish","type":"product","link":"https:\/\/caviar-de-neuvic.com\/en_fr\/p\/accueil\/oeufs-de-poisson\/oeufs-de-coregone\/","title":{"rendered":"Whitefish roe"},"content":{"rendered":"<div class=\"col-md-3 titre\">Serving suggestion<\/div>\n<div class=\"col-md-9\">\n<p>Traditionally served with cr\u00e8me fra\u00eeche and red onions, they are at their most elegant when served on a blini, with warm potatoes, or as a sophisticated accompaniment to your starters and aperitifs.<\/p>\n<\/div>\n<div class=\"col-md-3 titre\">Nutritional values<\/div>\n<div class=\"col-md-9\">\n<table class=\"table table-bordered valeurs\" border=\"1\">\n<thead>\n<tr>\n<th colspan=\"4\">Per 100 g<\/th>\n<\/tr>\n<\/thead>\n<tbody>\n<tr>\n<td>Energy value (Kcal)<\/td>\n<td>197<\/td>\n<td>Fats (g) of which saturated fatty acids (g)<\/td>\n<td>9,7\u00a0(1,89)<\/td>\n<\/tr>\n<tr>\n<td>energy values (kj)<\/td>\n<td>824<\/td>\n<td>Carbohydrates (g) of which sugars (g)<\/td>\n<td>&lt; 0,5\u00a0(&lt; 0,5)<\/td>\n<\/tr>\n<tr>\n<td>Protein (g)<\/td>\n<td>27,3<\/td>\n<td>Salt (g)<\/td>\n<td>2,55<\/td>\n<\/tr>\n<\/tbody>\n<\/table>\n<\/div>","protected":false},"excerpt":{"rendered":"<p>Prized for their delicacy, whitefish roe (Coregonus albula) comes from a small fish of the salmon family that lives in northern lakes and the slightly brackish waters of Scandinavia. Harvested mainly in the gulfs of Finland, they are known by the prestigious name of Kalix L\u00f6jrom, a culinary speciality that is a must-try in Northern Europe.<\/p>\n<p>Coregone eggs are rare eggs that are distinguished by their delicate texture and subtle flavour. Their fine appearance and balanced taste make them an exceptional product sought after by gourmets.<\/p>\n<p>Whitefish roe can be enjoyed in many different ways. Traditionally served with cr\u00e8me fra\u00eeche and red onions, it tastes delicious on blinis, warm potatoes or as a sophisticated garnish for starters and appetisers. It also works perfectly in more creative gourmet recipes, adding a touch of luxury and freshness to your dishes.<\/p>","protected":false},"featured_media":29709,"template":"","meta":{"_acf_changed":false,"ocean_post_layout":"","ocean_both_sidebars_style":"","ocean_both_sidebars_content_width":0,"ocean_both_sidebars_sidebars_width":0,"ocean_sidebar":"0","ocean_second_sidebar":"0","ocean_disable_margins":"enable","ocean_add_body_class":"","ocean_shortcode_before_top_bar":"","ocean_shortcode_after_top_bar":"","ocean_shortcode_before_header":"","ocean_shortcode_after_header":"","ocean_has_shortcode":"","ocean_shortcode_after_title":"","ocean_shortcode_before_footer_widgets":"","ocean_shortcode_after_footer_widgets":"","ocean_shortcode_before_footer_bottom":"","ocean_shortcode_after_footer_bottom":"","ocean_display_top_bar":"default","ocean_display_header":"default","ocean_header_style":"","ocean_center_header_left_menu":"0","ocean_custom_header_template":"0","ocean_custom_logo":0,"ocean_custom_retina_logo":0,"ocean_custom_logo_max_width":0,"ocean_custom_logo_tablet_max_width":0,"ocean_custom_logo_mobile_max_width":0,"ocean_custom_logo_max_height":0,"ocean_custom_logo_tablet_max_height":0,"ocean_custom_logo_mobile_max_height":0,"ocean_header_custom_menu":"0","ocean_menu_typo_font_family":"0","ocean_menu_typo_font_subset":"","ocean_menu_typo_font_size":0,"ocean_menu_typo_font_size_tablet":0,"ocean_menu_typo_font_size_mobile":0,"ocean_menu_typo_font_size_unit":"px","ocean_menu_typo_font_weight":"","ocean_menu_typo_font_weight_tablet":"","ocean_menu_typo_font_weight_mobile":"","ocean_menu_typo_transform":"","ocean_menu_typo_transform_tablet":"","ocean_menu_typo_transform_mobile":"","ocean_menu_typo_line_height":0,"ocean_menu_typo_line_height_tablet":0,"ocean_menu_typo_line_height_mobile":0,"ocean_menu_typo_line_height_unit":"","ocean_menu_typo_spacing":0,"ocean_menu_typo_spacing_tablet":0,"ocean_menu_typo_spacing_mobile":0,"ocean_menu_typo_spacing_unit":"","ocean_menu_link_color":"","ocean_menu_link_color_hover":"","ocean_menu_link_color_active":"","ocean_menu_link_background":"","ocean_menu_link_hover_background":"","ocean_menu_link_active_background":"","ocean_menu_social_links_bg":"","ocean_menu_social_hover_links_bg":"","ocean_menu_social_links_color":"","ocean_menu_social_hover_links_color":"","ocean_disable_title":"default","ocean_disable_heading":"default","ocean_post_title":"","ocean_post_subheading":"","ocean_post_title_style":"","ocean_post_title_background_color":"","ocean_post_title_background":0,"ocean_post_title_bg_image_position":"","ocean_post_title_bg_image_attachment":"","ocean_post_title_bg_image_repeat":"","ocean_post_title_bg_image_size":"","ocean_post_title_height":0,"ocean_post_title_bg_overlay":0.5,"ocean_post_title_bg_overlay_color":"","ocean_disable_breadcrumbs":"default","ocean_breadcrumbs_color":"","ocean_breadcrumbs_separator_color":"","ocean_breadcrumbs_links_color":"","ocean_breadcrumbs_links_hover_color":"","ocean_display_footer_widgets":"default","ocean_display_footer_bottom":"default","ocean_custom_footer_template":"0","omw_enable_modal_window":"enable"},"product_brand":[],"product_cat":[26],"product_tag":[],"class_list":{"0":"post-29710","1":"product","2":"type-product","3":"status-publish","4":"has-post-thumbnail","6":"product_cat-oeufs-de-poisson","7":"pa_conservation-04c","8":"pa_dlc-12mois","10":"entry","11":"has-media","13":"first","14":"outofstock","15":"taxable","16":"shipping-taxable","17":"purchasable","18":"product-type-simple","19":"has-product-nav","20":"col","21":"span_1_of_3","22":"owp-content-center","23":"item-entry","24":"owp-thumbs-layout-vertical","25":"owp-btn-normal","26":"owp-tabs-layout-horizontal"},"acf":[],"yoast_head":"<!-- This site is optimized with the Yoast SEO plugin v27.4 - https:\/\/yoast.com\/product\/yoast-seo-wordpress\/ -->\n<title>Oeufs de coregone - Caviar de Neuvic<\/title>\n<meta name=\"description\" content=\"Les oeufs de coregone sont des \u0153ufs rares qui se distinguent par leur texture d\u00e9licate et leur go\u00fbt subtil. Leur robe fine et leur go\u00fbt \u00e9quilibr\u00e9 en font un produit d\u2019exception.\" \/>\n<meta name=\"robots\" content=\"index, follow, max-snippet:-1, max-image-preview:large, max-video-preview:-1\" \/>\n<link rel=\"canonical\" href=\"https:\/\/caviar-de-neuvic.com\/en_fr\/p\/accueil\/oeufs-de-poisson\/oeufs-de-coregone\/\" \/>\n<meta property=\"og:locale\" content=\"en_US\" \/>\n<meta property=\"og:type\" content=\"article\" \/>\n<meta property=\"og:title\" content=\"Oeufs de coregone - Caviar de Neuvic\" \/>\n<meta property=\"og:description\" content=\"Les oeufs de coregone sont des \u0153ufs rares qui se distinguent par leur texture d\u00e9licate et leur go\u00fbt subtil. Leur robe fine et leur go\u00fbt \u00e9quilibr\u00e9 en font un produit d\u2019exception.\" \/>\n<meta property=\"og:url\" content=\"https:\/\/caviar-de-neuvic.com\/en_fr\/p\/accueil\/oeufs-de-poisson\/oeufs-de-coregone\/\" \/>\n<meta property=\"og:site_name\" content=\"Producteur Fran\u00e7ais De Caviar\" \/>\n<meta property=\"article:modified_time\" content=\"2026-04-02T09:22:31+00:00\" \/>\n<meta property=\"og:image\" content=\"https:\/\/caviar-de-neuvic.com\/wp-content\/uploads\/2025\/09\/3026-Oeufs-de-coregone.jpg\" \/>\n\t<meta property=\"og:image:width\" content=\"1100\" \/>\n\t<meta property=\"og:image:height\" content=\"1422\" \/>\n\t<meta property=\"og:image:type\" content=\"image\/jpeg\" \/>\n<meta name=\"twitter:card\" content=\"summary_large_image\" \/>\n<meta name=\"twitter:label1\" content=\"Est. reading time\" \/>\n\t<meta name=\"twitter:data1\" content=\"1 minute\" \/>\n<script type=\"application\/ld+json\" class=\"yoast-schema-graph\">{\"@context\":\"https:\\\/\\\/schema.org\",\"@graph\":[{\"@type\":\"WebPage\",\"@id\":\"https:\\\/\\\/caviar-de-neuvic.com\\\/p\\\/accueil\\\/oeufs-de-poisson\\\/oeufs-de-coregone\\\/\",\"url\":\"https:\\\/\\\/caviar-de-neuvic.com\\\/p\\\/accueil\\\/oeufs-de-poisson\\\/oeufs-de-coregone\\\/\",\"name\":\"Oeufs de coregone - Caviar de Neuvic\",\"isPartOf\":{\"@id\":\"http:\\\/\\\/caviar-de-neuvic.com\\\/fr\\\/#website\"},\"primaryImageOfPage\":{\"@id\":\"https:\\\/\\\/caviar-de-neuvic.com\\\/p\\\/accueil\\\/oeufs-de-poisson\\\/oeufs-de-coregone\\\/#primaryimage\"},\"image\":{\"@id\":\"https:\\\/\\\/caviar-de-neuvic.com\\\/p\\\/accueil\\\/oeufs-de-poisson\\\/oeufs-de-coregone\\\/#primaryimage\"},\"thumbnailUrl\":\"https:\\\/\\\/caviar-de-neuvic.com\\\/wp-content\\\/uploads\\\/2025\\\/09\\\/3026-Oeufs-de-coregone.jpg\",\"datePublished\":\"2025-10-09T13:45:37+00:00\",\"dateModified\":\"2026-04-02T09:22:31+00:00\",\"description\":\"Les oeufs de coregone sont des \u0153ufs rares qui se distinguent par leur texture d\u00e9licate et leur go\u00fbt subtil. Leur robe fine et leur go\u00fbt \u00e9quilibr\u00e9 en font un produit d\u2019exception.\",\"breadcrumb\":{\"@id\":\"https:\\\/\\\/caviar-de-neuvic.com\\\/p\\\/accueil\\\/oeufs-de-poisson\\\/oeufs-de-coregone\\\/#breadcrumb\"},\"inLanguage\":\"en-US\",\"potentialAction\":[{\"@type\":\"ReadAction\",\"target\":[\"https:\\\/\\\/caviar-de-neuvic.com\\\/p\\\/accueil\\\/oeufs-de-poisson\\\/oeufs-de-coregone\\\/\"]}]},{\"@type\":\"ImageObject\",\"inLanguage\":\"en-US\",\"@id\":\"https:\\\/\\\/caviar-de-neuvic.com\\\/p\\\/accueil\\\/oeufs-de-poisson\\\/oeufs-de-coregone\\\/#primaryimage\",\"url\":\"https:\\\/\\\/caviar-de-neuvic.com\\\/wp-content\\\/uploads\\\/2025\\\/09\\\/3026-Oeufs-de-coregone.jpg\",\"contentUrl\":\"https:\\\/\\\/caviar-de-neuvic.com\\\/wp-content\\\/uploads\\\/2025\\\/09\\\/3026-Oeufs-de-coregone.jpg\",\"width\":1100,\"height\":1422,\"caption\":\"Oeufs de coregone\"},{\"@type\":\"BreadcrumbList\",\"@id\":\"https:\\\/\\\/caviar-de-neuvic.com\\\/p\\\/accueil\\\/oeufs-de-poisson\\\/oeufs-de-coregone\\\/#breadcrumb\",\"itemListElement\":[{\"@type\":\"ListItem\",\"position\":1,\"name\":\"Caviar de Neuvic\",\"item\":\"https:\\\/\\\/caviar-de-neuvic.com\\\/\"},{\"@type\":\"ListItem\",\"position\":2,\"name\":\"Shop\",\"item\":\"https:\\\/\\\/caviar-de-neuvic.com\\\/en\\\/shop\\\/\"},{\"@type\":\"ListItem\",\"position\":3,\"name\":\"Oeufs de coregone\"}]},{\"@type\":\"WebSite\",\"@id\":\"http:\\\/\\\/caviar-de-neuvic.com\\\/fr\\\/#website\",\"url\":\"http:\\\/\\\/caviar-de-neuvic.com\\\/fr\\\/\",\"name\":\"Producteur Fran\u00e7ais De Caviar\",\"description\":\"\",\"publisher\":{\"@id\":\"http:\\\/\\\/caviar-de-neuvic.com\\\/fr\\\/#organization\"},\"potentialAction\":[{\"@type\":\"SearchAction\",\"target\":{\"@type\":\"EntryPoint\",\"urlTemplate\":\"http:\\\/\\\/caviar-de-neuvic.com\\\/fr\\\/?s={search_term_string}\"},\"query-input\":{\"@type\":\"PropertyValueSpecification\",\"valueRequired\":true,\"valueName\":\"search_term_string\"}}],\"inLanguage\":\"en-US\"},{\"@type\":\"Organization\",\"@id\":\"http:\\\/\\\/caviar-de-neuvic.com\\\/fr\\\/#organization\",\"name\":\"Producteur Fran\u00e7ais De Caviar\",\"url\":\"http:\\\/\\\/caviar-de-neuvic.com\\\/fr\\\/\",\"logo\":{\"@type\":\"ImageObject\",\"inLanguage\":\"en-US\",\"@id\":\"http:\\\/\\\/caviar-de-neuvic.com\\\/fr\\\/#\\\/schema\\\/logo\\\/image\\\/\",\"url\":\"\",\"contentUrl\":\"\",\"caption\":\"Producteur Fran\u00e7ais De Caviar\"},\"image\":{\"@id\":\"http:\\\/\\\/caviar-de-neuvic.com\\\/fr\\\/#\\\/schema\\\/logo\\\/image\\\/\"}}]}<\/script>\n<!-- \/ Yoast SEO plugin. -->","yoast_head_json":{"title":"Oeufs de coregone - Caviar de Neuvic","description":"Les oeufs de coregone sont des \u0153ufs rares qui se distinguent par leur texture d\u00e9licate et leur go\u00fbt subtil. Leur robe fine et leur go\u00fbt \u00e9quilibr\u00e9 en font un produit d\u2019exception.","robots":{"index":"index","follow":"follow","max-snippet":"max-snippet:-1","max-image-preview":"max-image-preview:large","max-video-preview":"max-video-preview:-1"},"canonical":"https:\/\/caviar-de-neuvic.com\/en_fr\/p\/accueil\/oeufs-de-poisson\/oeufs-de-coregone\/","og_locale":"en_US","og_type":"article","og_title":"Oeufs de coregone - Caviar de Neuvic","og_description":"Les oeufs de coregone sont des \u0153ufs rares qui se distinguent par leur texture d\u00e9licate et leur go\u00fbt subtil. Leur robe fine et leur go\u00fbt \u00e9quilibr\u00e9 en font un produit d\u2019exception.","og_url":"https:\/\/caviar-de-neuvic.com\/en_fr\/p\/accueil\/oeufs-de-poisson\/oeufs-de-coregone\/","og_site_name":"Producteur Fran\u00e7ais De Caviar","article_modified_time":"2026-04-02T09:22:31+00:00","og_image":[{"width":1100,"height":1422,"url":"https:\/\/caviar-de-neuvic.com\/wp-content\/uploads\/2025\/09\/3026-Oeufs-de-coregone.jpg","type":"image\/jpeg"}],"twitter_card":"summary_large_image","twitter_misc":{"Est. reading time":"1 minute"},"schema":{"@context":"https:\/\/schema.org","@graph":[{"@type":"WebPage","@id":"https:\/\/caviar-de-neuvic.com\/p\/accueil\/oeufs-de-poisson\/oeufs-de-coregone\/","url":"https:\/\/caviar-de-neuvic.com\/p\/accueil\/oeufs-de-poisson\/oeufs-de-coregone\/","name":"Oeufs de coregone - Caviar de Neuvic","isPartOf":{"@id":"http:\/\/caviar-de-neuvic.com\/fr\/#website"},"primaryImageOfPage":{"@id":"https:\/\/caviar-de-neuvic.com\/p\/accueil\/oeufs-de-poisson\/oeufs-de-coregone\/#primaryimage"},"image":{"@id":"https:\/\/caviar-de-neuvic.com\/p\/accueil\/oeufs-de-poisson\/oeufs-de-coregone\/#primaryimage"},"thumbnailUrl":"https:\/\/caviar-de-neuvic.com\/wp-content\/uploads\/2025\/09\/3026-Oeufs-de-coregone.jpg","datePublished":"2025-10-09T13:45:37+00:00","dateModified":"2026-04-02T09:22:31+00:00","description":"Les oeufs de coregone sont des \u0153ufs rares qui se distinguent par leur texture d\u00e9licate et leur go\u00fbt subtil. Leur robe fine et leur go\u00fbt \u00e9quilibr\u00e9 en font un produit d\u2019exception.","breadcrumb":{"@id":"https:\/\/caviar-de-neuvic.com\/p\/accueil\/oeufs-de-poisson\/oeufs-de-coregone\/#breadcrumb"},"inLanguage":"en-US","potentialAction":[{"@type":"ReadAction","target":["https:\/\/caviar-de-neuvic.com\/p\/accueil\/oeufs-de-poisson\/oeufs-de-coregone\/"]}]},{"@type":"ImageObject","inLanguage":"en-US","@id":"https:\/\/caviar-de-neuvic.com\/p\/accueil\/oeufs-de-poisson\/oeufs-de-coregone\/#primaryimage","url":"https:\/\/caviar-de-neuvic.com\/wp-content\/uploads\/2025\/09\/3026-Oeufs-de-coregone.jpg","contentUrl":"https:\/\/caviar-de-neuvic.com\/wp-content\/uploads\/2025\/09\/3026-Oeufs-de-coregone.jpg","width":1100,"height":1422,"caption":"Oeufs de coregone"},{"@type":"BreadcrumbList","@id":"https:\/\/caviar-de-neuvic.com\/p\/accueil\/oeufs-de-poisson\/oeufs-de-coregone\/#breadcrumb","itemListElement":[{"@type":"ListItem","position":1,"name":"Caviar de Neuvic","item":"https:\/\/caviar-de-neuvic.com\/"},{"@type":"ListItem","position":2,"name":"Shop","item":"https:\/\/caviar-de-neuvic.com\/en\/shop\/"},{"@type":"ListItem","position":3,"name":"Oeufs de coregone"}]},{"@type":"WebSite","@id":"http:\/\/caviar-de-neuvic.com\/fr\/#website","url":"http:\/\/caviar-de-neuvic.com\/fr\/","name":"Producteur Fran\u00e7ais De Caviar","description":"","publisher":{"@id":"http:\/\/caviar-de-neuvic.com\/fr\/#organization"},"potentialAction":[{"@type":"SearchAction","target":{"@type":"EntryPoint","urlTemplate":"http:\/\/caviar-de-neuvic.com\/fr\/?s={search_term_string}"},"query-input":{"@type":"PropertyValueSpecification","valueRequired":true,"valueName":"search_term_string"}}],"inLanguage":"en-US"},{"@type":"Organization","@id":"http:\/\/caviar-de-neuvic.com\/fr\/#organization","name":"Producteur Fran\u00e7ais De Caviar","url":"http:\/\/caviar-de-neuvic.com\/fr\/","logo":{"@type":"ImageObject","inLanguage":"en-US","@id":"http:\/\/caviar-de-neuvic.com\/fr\/#\/schema\/logo\/image\/","url":"","contentUrl":"","caption":"Producteur Fran\u00e7ais De Caviar"},"image":{"@id":"http:\/\/caviar-de-neuvic.com\/fr\/#\/schema\/logo\/image\/"}}]}},"_links":{"self":[{"href":"https:\/\/caviar-de-neuvic.com\/en_fr\/wp-json\/wp\/v2\/product\/29710","targetHints":{"allow":["GET"]}}],"collection":[{"href":"https:\/\/caviar-de-neuvic.com\/en_fr\/wp-json\/wp\/v2\/product"}],"about":[{"href":"https:\/\/caviar-de-neuvic.com\/en_fr\/wp-json\/wp\/v2\/types\/product"}],"version-history":[{"count":2,"href":"https:\/\/caviar-de-neuvic.com\/en_fr\/wp-json\/wp\/v2\/product\/29710\/revisions"}],"predecessor-version":[{"id":30175,"href":"https:\/\/caviar-de-neuvic.com\/en_fr\/wp-json\/wp\/v2\/product\/29710\/revisions\/30175"}],"wp:featuredmedia":[{"embeddable":true,"href":"https:\/\/caviar-de-neuvic.com\/en_fr\/wp-json\/wp\/v2\/media\/29709"}],"wp:attachment":[{"href":"https:\/\/caviar-de-neuvic.com\/en_fr\/wp-json\/wp\/v2\/media?parent=29710"}],"wp:term":[{"taxonomy":"product_brand","embeddable":true,"href":"https:\/\/caviar-de-neuvic.com\/en_fr\/wp-json\/wp\/v2\/product_brand?post=29710"},{"taxonomy":"product_cat","embeddable":true,"href":"https:\/\/caviar-de-neuvic.com\/en_fr\/wp-json\/wp\/v2\/product_cat?post=29710"},{"taxonomy":"product_tag","embeddable":true,"href":"https:\/\/caviar-de-neuvic.com\/en_fr\/wp-json\/wp\/v2\/product_tag?post=29710"}],"curies":[{"name":"wp","href":"https:\/\/api.w.org\/{rel}","templated":true}]}}