{"id":33115,"date":"2025-12-05T11:31:14","date_gmt":"2025-12-05T10:31:14","guid":{"rendered":"https:\/\/caviar-de-neuvic.com\/?post_type=product&#038;p=33115"},"modified":"2026-03-16T15:22:15","modified_gmt":"2026-03-16T14:22:15","slug":"caviar-ossetra-signature","status":"publish","type":"product","link":"https:\/\/caviar-de-neuvic.com\/en_fr\/p\/accueil\/caviar\/caviar-oscietre\/caviar-ossetra-signature\/","title":{"rendered":"Caviar Ossetra Signature"},"content":{"rendered":"<h3>Advice<\/h3>\n<p>It is best to take your box of caviar out of the refrigerator 5 minutes before serving.\u00a0<a href=\"https:\/\/caviar-de-neuvic.com\/en_fr\/p\/accueil\/accompagner-le-caviar\/moule-a-glacons-on-the-rock\/\">Place it on a bed of ice,<\/a> which will keep it fresh throughout the tasting.\u00a0<a href=\"https:\/\/caviar-de-neuvic.com\/en_fr\/p\/accueil\/accompagner-le-caviar\/cuillere-en-nacre\/\">Use a small mother-of-pearl spoon,<\/a> which will not break the grains or cause oxidation.<\/p>\n<p>The purity and power of a fine vodka will provide an interesting counterpoint to the buttery, indulgent notes of caviar, while enhancing its not-so-innocent freshness.<\/p>\n<h3>Find out more on the blog<\/h3>\n<ul style=\"list-style-type: circle;\">\n<li><a href=\"https:\/\/caviar-de-neuvic.com\/en_fr\/universducaviar\/comment-servir-du-caviar\/\">How to serve caviar?<\/a><\/li>\n<li><a href=\"https:\/\/caviar-de-neuvic.com\/en_fr\/universducaviar\/quels-sens-mobiliser-pour-la-degustation-de-caviar\/\">Which senses are involved in tasting caviar?<\/a><\/li>\n<li><a href=\"https:\/\/caviar-de-neuvic.com\/en_fr\/universducaviar\/comment-accompagner-le-caviar\/\">How to accompany caviar?<\/a><\/li>\n<li><a href=\"https:\/\/caviar-de-neuvic.com\/en_fr\/universducaviar\/comment-deguster-le-caviar\/\">How to taste caviar?<\/a><\/li>\n<li><a href=\"https:\/\/caviar-de-neuvic.com\/en_fr\/universducaviar\/conserver-le-caviar\/\">How to store caviar?<\/a><\/li>\n<li><a href=\"https:\/\/caviar-de-neuvic.com\/en_fr\/universducaviar\/que-boire-avec-le-caviar\/\">What to drink with caviar?<\/a><\/li>\n<\/ul>","protected":false},"excerpt":{"rendered":"<p>Osci\u00e8tre Signature caviar comes from the Gueldenstaedtiii sturgeon, historically native to the Caspian Sea, at around 12 years of age. Osci\u00e8tre Signature caviar is produced at the Domaine de Neuvic in Aquitaine, with all the expertise and commitment to quality that Caviar de Neuvic is known for.<\/p>\n<p>The Signature range guarantees that you are choosing caviar that meets Caviar de Neuvic's quality standards. Expertise and respect for the environment. The sturgeons that provide us with Caviar de Neuvic are all farmed in the best conditions. High-quality, fresh water, organic feed, low density and minimal handling.<\/p>\n<h2>An iconic caviar<\/h2>\n<p>The oscietra sturgeon is a renowned species when it comes to caviar. Its flavour is both powerful and structured, making it enjoyable for all palates, even the most discerning.<\/p>\n<p>The grains of this Osci\u00e8tre caviar are medium-sized with a fairly firm texture and golden hues. Its notes are more marine than Baeri caviar, but it remains balanced.<\/p>\n<p>Poids : 100g<\/p>","protected":false},"featured_media":29661,"template":"","meta":{"_acf_changed":false,"ocean_post_layout":"","ocean_both_sidebars_style":"","ocean_both_sidebars_content_width":0,"ocean_both_sidebars_sidebars_width":0,"ocean_sidebar":"0","ocean_second_sidebar":"0","ocean_disable_margins":"enable","ocean_add_body_class":"","ocean_shortcode_before_top_bar":"","ocean_shortcode_after_top_bar":"","ocean_shortcode_before_header":"","ocean_shortcode_after_header":"","ocean_has_shortcode":"","ocean_shortcode_after_title":"","ocean_shortcode_before_footer_widgets":"","ocean_shortcode_after_footer_widgets":"","ocean_shortcode_before_footer_bottom":"","ocean_shortcode_after_footer_bottom":"","ocean_display_top_bar":"default","ocean_display_header":"default","ocean_header_style":"","ocean_center_header_left_menu":"0","ocean_custom_header_template":"0","ocean_custom_logo":0,"ocean_custom_retina_logo":0,"ocean_custom_logo_max_width":0,"ocean_custom_logo_tablet_max_width":0,"ocean_custom_logo_mobile_max_width":0,"ocean_custom_logo_max_height":0,"ocean_custom_logo_tablet_max_height":0,"ocean_custom_logo_mobile_max_height":0,"ocean_header_custom_menu":"0","ocean_menu_typo_font_family":"0","ocean_menu_typo_font_subset":"","ocean_menu_typo_font_size":0,"ocean_menu_typo_font_size_tablet":0,"ocean_menu_typo_font_size_mobile":0,"ocean_menu_typo_font_size_unit":"px","ocean_menu_typo_font_weight":"","ocean_menu_typo_font_weight_tablet":"","ocean_menu_typo_font_weight_mobile":"","ocean_menu_typo_transform":"","ocean_menu_typo_transform_tablet":"","ocean_menu_typo_transform_mobile":"","ocean_menu_typo_line_height":0,"ocean_menu_typo_line_height_tablet":0,"ocean_menu_typo_line_height_mobile":0,"ocean_menu_typo_line_height_unit":"","ocean_menu_typo_spacing":0,"ocean_menu_typo_spacing_tablet":0,"ocean_menu_typo_spacing_mobile":0,"ocean_menu_typo_spacing_unit":"","ocean_menu_link_color":"","ocean_menu_link_color_hover":"","ocean_menu_link_color_active":"","ocean_menu_link_background":"","ocean_menu_link_hover_background":"","ocean_menu_link_active_background":"","ocean_menu_social_links_bg":"","ocean_menu_social_hover_links_bg":"","ocean_menu_social_links_color":"","ocean_menu_social_hover_links_color":"","ocean_disable_title":"default","ocean_disable_heading":"default","ocean_post_title":"","ocean_post_subheading":"","ocean_post_title_style":"","ocean_post_title_background_color":"","ocean_post_title_background":0,"ocean_post_title_bg_image_position":"","ocean_post_title_bg_image_attachment":"","ocean_post_title_bg_image_repeat":"","ocean_post_title_bg_image_size":"","ocean_post_title_height":0,"ocean_post_title_bg_overlay":0.5,"ocean_post_title_bg_overlay_color":"","ocean_disable_breadcrumbs":"default","ocean_breadcrumbs_color":"","ocean_breadcrumbs_separator_color":"","ocean_breadcrumbs_links_color":"","ocean_breadcrumbs_links_hover_color":"","ocean_display_footer_widgets":"default","ocean_display_footer_bottom":"default","ocean_custom_footer_template":"0","omw_enable_modal_window":"enable"},"product_brand":[315],"product_cat":[20,47,311],"product_tag":[],"class_list":{"0":"post-33115","1":"product","2":"type-product","3":"status-publish","4":"has-post-thumbnail","6":"product_brand-caviar-signature","7":"product_cat-caviar","8":"product_cat-caviar-oscietre","9":"product_cat-nos-caviars-signature","10":"pa_choisissezlepoids-100g","11":"pa_choisissezlepoids-250g","12":"pa_choisissezlepoids-30g","13":"pa_choisissezlepoids-500g","14":"pa_choisissezlepoids-50g","16":"entry","17":"has-media","19":"first","20":"outofstock","21":"sale","22":"taxable","23":"shipping-taxable","24":"purchasable","25":"product-type-simple","26":"col","27":"span_1_of_3","28":"owp-content-center","29":"item-entry","30":"owp-thumbs-layout-vertical","31":"owp-btn-normal","32":"owp-tabs-layout-horizontal"},"acf":[],"yoast_head":"<!-- This site is optimized with the Yoast SEO plugin v27.4 - https:\/\/yoast.com\/product\/yoast-seo-wordpress\/ -->\n<title>Caviar Oscietre Signature - Caviar de Neuvic<\/title>\n<meta name=\"description\" content=\"Le Caviar Osci\u00e8tre est un caviar embl\u00e9matique ! Son go\u00fbt est \u00e0 la fois puissant et structur\u00e9 ce qui lui permet d\u2019\u00eatre appr\u00e9ci\u00e9 par tous les palais, m\u00eame les plus confirm\u00e9s.\" \/>\n<meta name=\"robots\" content=\"index, follow, max-snippet:-1, max-image-preview:large, max-video-preview:-1\" \/>\n<link rel=\"canonical\" href=\"https:\/\/caviar-de-neuvic.com\/en_fr\/p\/accueil\/caviar\/caviar-oscietre\/caviar-ossetra-signature\/\" \/>\n<meta property=\"og:locale\" content=\"en_US\" \/>\n<meta property=\"og:type\" content=\"article\" \/>\n<meta property=\"og:title\" content=\"Caviar Oscietre Signature - Caviar de Neuvic\" \/>\n<meta property=\"og:description\" content=\"Le Caviar Osci\u00e8tre est un caviar embl\u00e9matique ! Son go\u00fbt est \u00e0 la fois puissant et structur\u00e9 ce qui lui permet d\u2019\u00eatre appr\u00e9ci\u00e9 par tous les palais, m\u00eame les plus confirm\u00e9s.\" \/>\n<meta property=\"og:url\" content=\"https:\/\/caviar-de-neuvic.com\/en_fr\/p\/accueil\/caviar\/caviar-oscietre\/caviar-ossetra-signature\/\" \/>\n<meta property=\"og:site_name\" content=\"Producteur Fran\u00e7ais De Caviar\" \/>\n<meta property=\"article:modified_time\" content=\"2026-03-16T14:22:15+00:00\" \/>\n<meta property=\"og:image\" content=\"https:\/\/caviar-de-neuvic.com\/wp-content\/uploads\/2019\/10\/2107-Caviar-Oscietre-Signature.jpg\" \/>\n\t<meta property=\"og:image:width\" content=\"1100\" \/>\n\t<meta property=\"og:image:height\" content=\"1422\" \/>\n\t<meta property=\"og:image:type\" content=\"image\/jpeg\" \/>\n<meta name=\"twitter:card\" content=\"summary_large_image\" \/>\n<meta name=\"twitter:label1\" content=\"Est. reading time\" \/>\n\t<meta name=\"twitter:data1\" content=\"1 minute\" \/>\n<script type=\"application\/ld+json\" class=\"yoast-schema-graph\">{\"@context\":\"https:\\\/\\\/schema.org\",\"@graph\":[{\"@type\":\"WebPage\",\"@id\":\"https:\\\/\\\/caviar-de-neuvic.com\\\/p\\\/accueil\\\/caviar\\\/caviar-oscietre\\\/caviar-ossetra-signature\\\/\",\"url\":\"https:\\\/\\\/caviar-de-neuvic.com\\\/p\\\/accueil\\\/caviar\\\/caviar-oscietre\\\/caviar-ossetra-signature\\\/\",\"name\":\"Caviar Oscietre Signature - Caviar de Neuvic\",\"isPartOf\":{\"@id\":\"http:\\\/\\\/caviar-de-neuvic.com\\\/fr\\\/#website\"},\"primaryImageOfPage\":{\"@id\":\"https:\\\/\\\/caviar-de-neuvic.com\\\/p\\\/accueil\\\/caviar\\\/caviar-oscietre\\\/caviar-ossetra-signature\\\/#primaryimage\"},\"image\":{\"@id\":\"https:\\\/\\\/caviar-de-neuvic.com\\\/p\\\/accueil\\\/caviar\\\/caviar-oscietre\\\/caviar-ossetra-signature\\\/#primaryimage\"},\"thumbnailUrl\":\"https:\\\/\\\/caviar-de-neuvic.com\\\/wp-content\\\/uploads\\\/2019\\\/10\\\/2107-Caviar-Oscietre-Signature.jpg\",\"datePublished\":\"2025-12-05T10:31:14+00:00\",\"dateModified\":\"2026-03-16T14:22:15+00:00\",\"description\":\"Le Caviar Osci\u00e8tre est un caviar embl\u00e9matique ! Son go\u00fbt est \u00e0 la fois puissant et structur\u00e9 ce qui lui permet d\u2019\u00eatre appr\u00e9ci\u00e9 par tous les palais, m\u00eame les plus confirm\u00e9s.\",\"breadcrumb\":{\"@id\":\"https:\\\/\\\/caviar-de-neuvic.com\\\/p\\\/accueil\\\/caviar\\\/caviar-oscietre\\\/caviar-ossetra-signature\\\/#breadcrumb\"},\"inLanguage\":\"en-US\",\"potentialAction\":[{\"@type\":\"ReadAction\",\"target\":[\"https:\\\/\\\/caviar-de-neuvic.com\\\/p\\\/accueil\\\/caviar\\\/caviar-oscietre\\\/caviar-ossetra-signature\\\/\"]}]},{\"@type\":\"ImageObject\",\"inLanguage\":\"en-US\",\"@id\":\"https:\\\/\\\/caviar-de-neuvic.com\\\/p\\\/accueil\\\/caviar\\\/caviar-oscietre\\\/caviar-ossetra-signature\\\/#primaryimage\",\"url\":\"https:\\\/\\\/caviar-de-neuvic.com\\\/wp-content\\\/uploads\\\/2019\\\/10\\\/2107-Caviar-Oscietre-Signature.jpg\",\"contentUrl\":\"https:\\\/\\\/caviar-de-neuvic.com\\\/wp-content\\\/uploads\\\/2019\\\/10\\\/2107-Caviar-Oscietre-Signature.jpg\",\"width\":1100,\"height\":1422,\"caption\":\"Caviar Osci\u00e8tre Signature\"},{\"@type\":\"BreadcrumbList\",\"@id\":\"https:\\\/\\\/caviar-de-neuvic.com\\\/p\\\/accueil\\\/caviar\\\/caviar-oscietre\\\/caviar-ossetra-signature\\\/#breadcrumb\",\"itemListElement\":[{\"@type\":\"ListItem\",\"position\":1,\"name\":\"Caviar de Neuvic\",\"item\":\"https:\\\/\\\/caviar-de-neuvic.com\\\/\"},{\"@type\":\"ListItem\",\"position\":2,\"name\":\"Shop\",\"item\":\"https:\\\/\\\/caviar-de-neuvic.com\\\/en\\\/shop\\\/\"},{\"@type\":\"ListItem\",\"position\":3,\"name\":\"Caviar Ossetra Signature\"}]},{\"@type\":\"WebSite\",\"@id\":\"http:\\\/\\\/caviar-de-neuvic.com\\\/fr\\\/#website\",\"url\":\"http:\\\/\\\/caviar-de-neuvic.com\\\/fr\\\/\",\"name\":\"Producteur Fran\u00e7ais De Caviar\",\"description\":\"\",\"publisher\":{\"@id\":\"http:\\\/\\\/caviar-de-neuvic.com\\\/fr\\\/#organization\"},\"potentialAction\":[{\"@type\":\"SearchAction\",\"target\":{\"@type\":\"EntryPoint\",\"urlTemplate\":\"http:\\\/\\\/caviar-de-neuvic.com\\\/fr\\\/?s={search_term_string}\"},\"query-input\":{\"@type\":\"PropertyValueSpecification\",\"valueRequired\":true,\"valueName\":\"search_term_string\"}}],\"inLanguage\":\"en-US\"},{\"@type\":\"Organization\",\"@id\":\"http:\\\/\\\/caviar-de-neuvic.com\\\/fr\\\/#organization\",\"name\":\"Producteur Fran\u00e7ais De Caviar\",\"url\":\"http:\\\/\\\/caviar-de-neuvic.com\\\/fr\\\/\",\"logo\":{\"@type\":\"ImageObject\",\"inLanguage\":\"en-US\",\"@id\":\"http:\\\/\\\/caviar-de-neuvic.com\\\/fr\\\/#\\\/schema\\\/logo\\\/image\\\/\",\"url\":\"\",\"contentUrl\":\"\",\"caption\":\"Producteur Fran\u00e7ais De Caviar\"},\"image\":{\"@id\":\"http:\\\/\\\/caviar-de-neuvic.com\\\/fr\\\/#\\\/schema\\\/logo\\\/image\\\/\"}}]}<\/script>\n<!-- \/ Yoast SEO plugin. -->","yoast_head_json":{"title":"Caviar Oscietre Signature - Caviar de Neuvic","description":"Le Caviar Osci\u00e8tre est un caviar embl\u00e9matique ! Son go\u00fbt est \u00e0 la fois puissant et structur\u00e9 ce qui lui permet d\u2019\u00eatre appr\u00e9ci\u00e9 par tous les palais, m\u00eame les plus confirm\u00e9s.","robots":{"index":"index","follow":"follow","max-snippet":"max-snippet:-1","max-image-preview":"max-image-preview:large","max-video-preview":"max-video-preview:-1"},"canonical":"https:\/\/caviar-de-neuvic.com\/en_fr\/p\/accueil\/caviar\/caviar-oscietre\/caviar-ossetra-signature\/","og_locale":"en_US","og_type":"article","og_title":"Caviar Oscietre Signature - Caviar de Neuvic","og_description":"Le Caviar Osci\u00e8tre est un caviar embl\u00e9matique ! Son go\u00fbt est \u00e0 la fois puissant et structur\u00e9 ce qui lui permet d\u2019\u00eatre appr\u00e9ci\u00e9 par tous les palais, m\u00eame les plus confirm\u00e9s.","og_url":"https:\/\/caviar-de-neuvic.com\/en_fr\/p\/accueil\/caviar\/caviar-oscietre\/caviar-ossetra-signature\/","og_site_name":"Producteur Fran\u00e7ais De Caviar","article_modified_time":"2026-03-16T14:22:15+00:00","og_image":[{"width":1100,"height":1422,"url":"https:\/\/caviar-de-neuvic.com\/wp-content\/uploads\/2019\/10\/2107-Caviar-Oscietre-Signature.jpg","type":"image\/jpeg"}],"twitter_card":"summary_large_image","twitter_misc":{"Est. reading time":"1 minute"},"schema":{"@context":"https:\/\/schema.org","@graph":[{"@type":"WebPage","@id":"https:\/\/caviar-de-neuvic.com\/p\/accueil\/caviar\/caviar-oscietre\/caviar-ossetra-signature\/","url":"https:\/\/caviar-de-neuvic.com\/p\/accueil\/caviar\/caviar-oscietre\/caviar-ossetra-signature\/","name":"Caviar Oscietre Signature - Caviar de Neuvic","isPartOf":{"@id":"http:\/\/caviar-de-neuvic.com\/fr\/#website"},"primaryImageOfPage":{"@id":"https:\/\/caviar-de-neuvic.com\/p\/accueil\/caviar\/caviar-oscietre\/caviar-ossetra-signature\/#primaryimage"},"image":{"@id":"https:\/\/caviar-de-neuvic.com\/p\/accueil\/caviar\/caviar-oscietre\/caviar-ossetra-signature\/#primaryimage"},"thumbnailUrl":"https:\/\/caviar-de-neuvic.com\/wp-content\/uploads\/2019\/10\/2107-Caviar-Oscietre-Signature.jpg","datePublished":"2025-12-05T10:31:14+00:00","dateModified":"2026-03-16T14:22:15+00:00","description":"Le Caviar Osci\u00e8tre est un caviar embl\u00e9matique ! Son go\u00fbt est \u00e0 la fois puissant et structur\u00e9 ce qui lui permet d\u2019\u00eatre appr\u00e9ci\u00e9 par tous les palais, m\u00eame les plus confirm\u00e9s.","breadcrumb":{"@id":"https:\/\/caviar-de-neuvic.com\/p\/accueil\/caviar\/caviar-oscietre\/caviar-ossetra-signature\/#breadcrumb"},"inLanguage":"en-US","potentialAction":[{"@type":"ReadAction","target":["https:\/\/caviar-de-neuvic.com\/p\/accueil\/caviar\/caviar-oscietre\/caviar-ossetra-signature\/"]}]},{"@type":"ImageObject","inLanguage":"en-US","@id":"https:\/\/caviar-de-neuvic.com\/p\/accueil\/caviar\/caviar-oscietre\/caviar-ossetra-signature\/#primaryimage","url":"https:\/\/caviar-de-neuvic.com\/wp-content\/uploads\/2019\/10\/2107-Caviar-Oscietre-Signature.jpg","contentUrl":"https:\/\/caviar-de-neuvic.com\/wp-content\/uploads\/2019\/10\/2107-Caviar-Oscietre-Signature.jpg","width":1100,"height":1422,"caption":"Caviar Osci\u00e8tre Signature"},{"@type":"BreadcrumbList","@id":"https:\/\/caviar-de-neuvic.com\/p\/accueil\/caviar\/caviar-oscietre\/caviar-ossetra-signature\/#breadcrumb","itemListElement":[{"@type":"ListItem","position":1,"name":"Caviar de Neuvic","item":"https:\/\/caviar-de-neuvic.com\/"},{"@type":"ListItem","position":2,"name":"Shop","item":"https:\/\/caviar-de-neuvic.com\/en\/shop\/"},{"@type":"ListItem","position":3,"name":"Caviar Ossetra Signature"}]},{"@type":"WebSite","@id":"http:\/\/caviar-de-neuvic.com\/fr\/#website","url":"http:\/\/caviar-de-neuvic.com\/fr\/","name":"Producteur Fran\u00e7ais De Caviar","description":"","publisher":{"@id":"http:\/\/caviar-de-neuvic.com\/fr\/#organization"},"potentialAction":[{"@type":"SearchAction","target":{"@type":"EntryPoint","urlTemplate":"http:\/\/caviar-de-neuvic.com\/fr\/?s={search_term_string}"},"query-input":{"@type":"PropertyValueSpecification","valueRequired":true,"valueName":"search_term_string"}}],"inLanguage":"en-US"},{"@type":"Organization","@id":"http:\/\/caviar-de-neuvic.com\/fr\/#organization","name":"Producteur Fran\u00e7ais De Caviar","url":"http:\/\/caviar-de-neuvic.com\/fr\/","logo":{"@type":"ImageObject","inLanguage":"en-US","@id":"http:\/\/caviar-de-neuvic.com\/fr\/#\/schema\/logo\/image\/","url":"","contentUrl":"","caption":"Producteur Fran\u00e7ais De Caviar"},"image":{"@id":"http:\/\/caviar-de-neuvic.com\/fr\/#\/schema\/logo\/image\/"}}]}},"_links":{"self":[{"href":"https:\/\/caviar-de-neuvic.com\/en_fr\/wp-json\/wp\/v2\/product\/33115","targetHints":{"allow":["GET"]}}],"collection":[{"href":"https:\/\/caviar-de-neuvic.com\/en_fr\/wp-json\/wp\/v2\/product"}],"about":[{"href":"https:\/\/caviar-de-neuvic.com\/en_fr\/wp-json\/wp\/v2\/types\/product"}],"version-history":[{"count":3,"href":"https:\/\/caviar-de-neuvic.com\/en_fr\/wp-json\/wp\/v2\/product\/33115\/revisions"}],"predecessor-version":[{"id":33436,"href":"https:\/\/caviar-de-neuvic.com\/en_fr\/wp-json\/wp\/v2\/product\/33115\/revisions\/33436"}],"wp:featuredmedia":[{"embeddable":true,"href":"https:\/\/caviar-de-neuvic.com\/en_fr\/wp-json\/wp\/v2\/media\/29661"}],"wp:attachment":[{"href":"https:\/\/caviar-de-neuvic.com\/en_fr\/wp-json\/wp\/v2\/media?parent=33115"}],"wp:term":[{"taxonomy":"product_brand","embeddable":true,"href":"https:\/\/caviar-de-neuvic.com\/en_fr\/wp-json\/wp\/v2\/product_brand?post=33115"},{"taxonomy":"product_cat","embeddable":true,"href":"https:\/\/caviar-de-neuvic.com\/en_fr\/wp-json\/wp\/v2\/product_cat?post=33115"},{"taxonomy":"product_tag","embeddable":true,"href":"https:\/\/caviar-de-neuvic.com\/en_fr\/wp-json\/wp\/v2\/product_tag?post=33115"}],"curies":[{"name":"wp","href":"https:\/\/api.w.org\/{rel}","templated":true}]}}