{"id":36170,"date":"2026-01-19T11:41:48","date_gmt":"2026-01-19T10:41:48","guid":{"rendered":"https:\/\/caviar-de-neuvic.com\/?post_type=product&#038;p=36170"},"modified":"2026-01-30T15:52:46","modified_gmt":"2026-01-30T14:52:46","slug":"vodka-carbone","status":"publish","type":"product","link":"https:\/\/caviar-de-neuvic.com\/en_fr\/p\/accueil\/vodka\/vodka-carbone\/","title":{"rendered":"Vodka Carbone"},"content":{"rendered":"","protected":false},"excerpt":{"rendered":"<p>Carbone est une vodka cristalline \u00e0 la texture d\u00e9licatement velout\u00e9e, marqu\u00e9e par une fra\u00eecheur intense. Le premier nez exprime des nuances fum\u00e9es \u00e9l\u00e9gantes, suivies en bouche par des notes iod\u00e9es et une touche vive d\u2019agrumes.<\/p>\n<p>Fruit d\u2019une recherche pouss\u00e9e autour de la filtration au charbon initi\u00e9e par Vladimir Smirnoff, la Distillerie de Paris a innov\u00e9 en r\u00e9alisant ce proc\u00e9d\u00e9 en phase gazeuse. Cette technique permet non seulement de purifier l\u2019alcool, mais aussi de l\u2019enrichir en oxyg\u00e8ne. La distillation int\u00e8gre \u00e9galement la r\u00e9duction \u00e0 l\u2019eau, assurant une parfaite harmonie entre l\u2019eau et l\u2019alcool. Le distillat obtenu est d\u2019une grande pr\u00e9cision, pur et parfaitement ma\u00eetris\u00e9.<\/p>\n<p>* L&rsquo;abus d&rsquo;alcool est dangereux pour la sant\u00e9. A consommer avec mod\u00e9ration.<\/p>","protected":false},"featured_media":36172,"template":"","meta":{"_acf_changed":false,"ocean_post_layout":"","ocean_both_sidebars_style":"","ocean_both_sidebars_content_width":0,"ocean_both_sidebars_sidebars_width":0,"ocean_sidebar":"0","ocean_second_sidebar":"0","ocean_disable_margins":"enable","ocean_add_body_class":"","ocean_shortcode_before_top_bar":"","ocean_shortcode_after_top_bar":"","ocean_shortcode_before_header":"","ocean_shortcode_after_header":"","ocean_has_shortcode":"","ocean_shortcode_after_title":"","ocean_shortcode_before_footer_widgets":"","ocean_shortcode_after_footer_widgets":"","ocean_shortcode_before_footer_bottom":"","ocean_shortcode_after_footer_bottom":"","ocean_display_top_bar":"default","ocean_display_header":"default","ocean_header_style":"","ocean_center_header_left_menu":"0","ocean_custom_header_template":"0","ocean_custom_logo":0,"ocean_custom_retina_logo":0,"ocean_custom_logo_max_width":0,"ocean_custom_logo_tablet_max_width":0,"ocean_custom_logo_mobile_max_width":0,"ocean_custom_logo_max_height":0,"ocean_custom_logo_tablet_max_height":0,"ocean_custom_logo_mobile_max_height":0,"ocean_header_custom_menu":"0","ocean_menu_typo_font_family":"0","ocean_menu_typo_font_subset":"","ocean_menu_typo_font_size":0,"ocean_menu_typo_font_size_tablet":0,"ocean_menu_typo_font_size_mobile":0,"ocean_menu_typo_font_size_unit":"px","ocean_menu_typo_font_weight":"","ocean_menu_typo_font_weight_tablet":"","ocean_menu_typo_font_weight_mobile":"","ocean_menu_typo_transform":"","ocean_menu_typo_transform_tablet":"","ocean_menu_typo_transform_mobile":"","ocean_menu_typo_line_height":0,"ocean_menu_typo_line_height_tablet":0,"ocean_menu_typo_line_height_mobile":0,"ocean_menu_typo_line_height_unit":"","ocean_menu_typo_spacing":0,"ocean_menu_typo_spacing_tablet":0,"ocean_menu_typo_spacing_mobile":0,"ocean_menu_typo_spacing_unit":"","ocean_menu_link_color":"","ocean_menu_link_color_hover":"","ocean_menu_link_color_active":"","ocean_menu_link_background":"","ocean_menu_link_hover_background":"","ocean_menu_link_active_background":"","ocean_menu_social_links_bg":"","ocean_menu_social_hover_links_bg":"","ocean_menu_social_links_color":"","ocean_menu_social_hover_links_color":"","ocean_disable_title":"default","ocean_disable_heading":"default","ocean_post_title":"","ocean_post_subheading":"","ocean_post_title_style":"","ocean_post_title_background_color":"","ocean_post_title_background":0,"ocean_post_title_bg_image_position":"","ocean_post_title_bg_image_attachment":"","ocean_post_title_bg_image_repeat":"","ocean_post_title_bg_image_size":"","ocean_post_title_height":0,"ocean_post_title_bg_overlay":0.5,"ocean_post_title_bg_overlay_color":"","ocean_disable_breadcrumbs":"default","ocean_breadcrumbs_color":"","ocean_breadcrumbs_separator_color":"","ocean_breadcrumbs_links_color":"","ocean_breadcrumbs_links_hover_color":"","ocean_display_footer_widgets":"default","ocean_display_footer_bottom":"default","ocean_custom_footer_template":"0","omw_enable_modal_window":"enable"},"product_brand":[],"product_cat":[29,27],"product_tag":[],"class_list":{"0":"post-36170","1":"product","2":"type-product","3":"status-publish","4":"has-post-thumbnail","6":"product_cat-offres-anti-gaspillage","7":"product_cat-vodka","8":"product_shipping_class-sec","9":"pa_conservation-servirentre4cet8c","10":"pa_degredalcool-173","12":"entry","13":"has-media","15":"first","16":"outofstock","17":"sale","18":"taxable","19":"shipping-taxable","20":"purchasable","21":"product-type-simple","22":"has-product-nav","23":"col","24":"span_1_of_3","25":"owp-content-center","26":"item-entry","27":"owp-thumbs-layout-vertical","28":"owp-btn-normal","29":"owp-tabs-layout-horizontal","30":"has-no-thumbnails"},"acf":[],"yoast_head":"<!-- This site is optimized with the Yoast SEO plugin v27.6 - https:\/\/yoast.com\/product\/yoast-seo-wordpress\/ -->\n<title>Vodka Carvia - Caviar de Neuvic - Producteur Fran\u00e7ais de Caviar<\/title>\n<meta name=\"description\" content=\"Une vodka qui a du go\u00fbt. Carvia au Carvi \ufd3eCumin des pr\u00e9s\ufd3f est une vodka \u00e9labor\u00e9e en France \u00e0 Brie sous Archiac, en Charente, dans un petit alambic artisanal en Cuivre.\" \/>\n<meta name=\"robots\" content=\"index, follow, max-snippet:-1, max-image-preview:large, max-video-preview:-1\" \/>\n<link rel=\"canonical\" href=\"https:\/\/caviar-de-neuvic.com\/en_fr\/p\/accueil\/vodka\/vodka-carbone\/\" \/>\n<meta property=\"og:locale\" content=\"en_US\" \/>\n<meta property=\"og:type\" content=\"article\" \/>\n<meta property=\"og:title\" content=\"Vodka Carvia - Caviar de Neuvic - Producteur Fran\u00e7ais de Caviar\" \/>\n<meta property=\"og:description\" content=\"Une vodka qui a du go\u00fbt. Carvia au Carvi \ufd3eCumin des pr\u00e9s\ufd3f est une vodka \u00e9labor\u00e9e en France \u00e0 Brie sous Archiac, en Charente, dans un petit alambic artisanal en Cuivre.\" \/>\n<meta property=\"og:url\" content=\"https:\/\/caviar-de-neuvic.com\/en_fr\/p\/accueil\/vodka\/vodka-carbone\/\" \/>\n<meta property=\"og:site_name\" content=\"Producteur Fran\u00e7ais De Caviar\" \/>\n<meta property=\"article:modified_time\" content=\"2026-01-30T14:52:46+00:00\" \/>\n<meta property=\"og:image\" content=\"https:\/\/caviar-de-neuvic.com\/wp-content\/uploads\/2026\/01\/vodka-carbone.jpg\" \/>\n\t<meta property=\"og:image:width\" content=\"1000\" \/>\n\t<meta property=\"og:image:height\" content=\"1300\" \/>\n\t<meta property=\"og:image:type\" content=\"image\/jpeg\" \/>\n<meta name=\"twitter:card\" content=\"summary_large_image\" \/>\n<script type=\"application\/ld+json\" class=\"yoast-schema-graph\">{\"@context\":\"https:\\\/\\\/schema.org\",\"@graph\":[{\"@type\":\"WebPage\",\"@id\":\"https:\\\/\\\/caviar-de-neuvic.com\\\/de\\\/p\\\/accueil\\\/vodka\\\/vodka-carbone\\\/\",\"url\":\"https:\\\/\\\/caviar-de-neuvic.com\\\/de\\\/p\\\/accueil\\\/vodka\\\/vodka-carbone\\\/\",\"name\":\"Vodka Carvia - Caviar de Neuvic - Producteur Fran\u00e7ais de Caviar\",\"isPartOf\":{\"@id\":\"http:\\\/\\\/caviar-de-neuvic.com\\\/fr\\\/#website\"},\"primaryImageOfPage\":{\"@id\":\"https:\\\/\\\/caviar-de-neuvic.com\\\/de\\\/p\\\/accueil\\\/vodka\\\/vodka-carbone\\\/#primaryimage\"},\"image\":{\"@id\":\"https:\\\/\\\/caviar-de-neuvic.com\\\/de\\\/p\\\/accueil\\\/vodka\\\/vodka-carbone\\\/#primaryimage\"},\"thumbnailUrl\":\"https:\\\/\\\/caviar-de-neuvic.com\\\/wp-content\\\/uploads\\\/2026\\\/01\\\/vodka-carbone.jpg\",\"datePublished\":\"2026-01-19T10:41:48+00:00\",\"dateModified\":\"2026-01-30T14:52:46+00:00\",\"description\":\"Une vodka qui a du go\u00fbt. Carvia au Carvi \ufd3eCumin des pr\u00e9s\ufd3f est une vodka \u00e9labor\u00e9e en France \u00e0 Brie sous Archiac, en Charente, dans un petit alambic artisanal en Cuivre.\",\"breadcrumb\":{\"@id\":\"https:\\\/\\\/caviar-de-neuvic.com\\\/de\\\/p\\\/accueil\\\/vodka\\\/vodka-carbone\\\/#breadcrumb\"},\"inLanguage\":\"en-US\",\"potentialAction\":[{\"@type\":\"ReadAction\",\"target\":[\"https:\\\/\\\/caviar-de-neuvic.com\\\/de\\\/p\\\/accueil\\\/vodka\\\/vodka-carbone\\\/\"]}]},{\"@type\":\"ImageObject\",\"inLanguage\":\"en-US\",\"@id\":\"https:\\\/\\\/caviar-de-neuvic.com\\\/de\\\/p\\\/accueil\\\/vodka\\\/vodka-carbone\\\/#primaryimage\",\"url\":\"https:\\\/\\\/caviar-de-neuvic.com\\\/wp-content\\\/uploads\\\/2026\\\/01\\\/vodka-carbone.jpg\",\"contentUrl\":\"https:\\\/\\\/caviar-de-neuvic.com\\\/wp-content\\\/uploads\\\/2026\\\/01\\\/vodka-carbone.jpg\",\"width\":1000,\"height\":1300,\"caption\":\"vodka carbone\"},{\"@type\":\"BreadcrumbList\",\"@id\":\"https:\\\/\\\/caviar-de-neuvic.com\\\/de\\\/p\\\/accueil\\\/vodka\\\/vodka-carbone\\\/#breadcrumb\",\"itemListElement\":[{\"@type\":\"ListItem\",\"position\":1,\"name\":\"Caviar de Neuvic\",\"item\":\"https:\\\/\\\/caviar-de-neuvic.com\\\/\"},{\"@type\":\"ListItem\",\"position\":2,\"name\":\"Shop\",\"item\":\"https:\\\/\\\/caviar-de-neuvic.com\\\/en\\\/shop\\\/\"},{\"@type\":\"ListItem\",\"position\":3,\"name\":\"Vodka Carbone\"}]},{\"@type\":\"WebSite\",\"@id\":\"http:\\\/\\\/caviar-de-neuvic.com\\\/fr\\\/#website\",\"url\":\"http:\\\/\\\/caviar-de-neuvic.com\\\/fr\\\/\",\"name\":\"Producteur Fran\u00e7ais De Caviar\",\"description\":\"\",\"publisher\":{\"@id\":\"http:\\\/\\\/caviar-de-neuvic.com\\\/fr\\\/#organization\"},\"potentialAction\":[{\"@type\":\"SearchAction\",\"target\":{\"@type\":\"EntryPoint\",\"urlTemplate\":\"http:\\\/\\\/caviar-de-neuvic.com\\\/fr\\\/?s={search_term_string}\"},\"query-input\":{\"@type\":\"PropertyValueSpecification\",\"valueRequired\":true,\"valueName\":\"search_term_string\"}}],\"inLanguage\":\"en-US\"},{\"@type\":\"Organization\",\"@id\":\"http:\\\/\\\/caviar-de-neuvic.com\\\/fr\\\/#organization\",\"name\":\"Producteur Fran\u00e7ais De Caviar\",\"url\":\"http:\\\/\\\/caviar-de-neuvic.com\\\/fr\\\/\",\"logo\":{\"@type\":\"ImageObject\",\"inLanguage\":\"en-US\",\"@id\":\"http:\\\/\\\/caviar-de-neuvic.com\\\/fr\\\/#\\\/schema\\\/logo\\\/image\\\/\",\"url\":\"\",\"contentUrl\":\"\",\"caption\":\"Producteur Fran\u00e7ais De Caviar\"},\"image\":{\"@id\":\"http:\\\/\\\/caviar-de-neuvic.com\\\/fr\\\/#\\\/schema\\\/logo\\\/image\\\/\"}}]}<\/script>\n<!-- \/ Yoast SEO plugin. -->","yoast_head_json":{"title":"Vodka Carvia - Caviar de Neuvic - Producteur Fran\u00e7ais de Caviar","description":"Une vodka qui a du go\u00fbt. Carvia au Carvi \ufd3eCumin des pr\u00e9s\ufd3f est une vodka \u00e9labor\u00e9e en France \u00e0 Brie sous Archiac, en Charente, dans un petit alambic artisanal en Cuivre.","robots":{"index":"index","follow":"follow","max-snippet":"max-snippet:-1","max-image-preview":"max-image-preview:large","max-video-preview":"max-video-preview:-1"},"canonical":"https:\/\/caviar-de-neuvic.com\/en_fr\/p\/accueil\/vodka\/vodka-carbone\/","og_locale":"en_US","og_type":"article","og_title":"Vodka Carvia - Caviar de Neuvic - Producteur Fran\u00e7ais de Caviar","og_description":"Une vodka qui a du go\u00fbt. Carvia au Carvi \ufd3eCumin des pr\u00e9s\ufd3f est une vodka \u00e9labor\u00e9e en France \u00e0 Brie sous Archiac, en Charente, dans un petit alambic artisanal en Cuivre.","og_url":"https:\/\/caviar-de-neuvic.com\/en_fr\/p\/accueil\/vodka\/vodka-carbone\/","og_site_name":"Producteur Fran\u00e7ais De Caviar","article_modified_time":"2026-01-30T14:52:46+00:00","og_image":[{"width":1000,"height":1300,"url":"https:\/\/caviar-de-neuvic.com\/wp-content\/uploads\/2026\/01\/vodka-carbone.jpg","type":"image\/jpeg"}],"twitter_card":"summary_large_image","schema":{"@context":"https:\/\/schema.org","@graph":[{"@type":"WebPage","@id":"https:\/\/caviar-de-neuvic.com\/de\/p\/accueil\/vodka\/vodka-carbone\/","url":"https:\/\/caviar-de-neuvic.com\/de\/p\/accueil\/vodka\/vodka-carbone\/","name":"Vodka Carvia - Caviar de Neuvic - Producteur Fran\u00e7ais de Caviar","isPartOf":{"@id":"http:\/\/caviar-de-neuvic.com\/fr\/#website"},"primaryImageOfPage":{"@id":"https:\/\/caviar-de-neuvic.com\/de\/p\/accueil\/vodka\/vodka-carbone\/#primaryimage"},"image":{"@id":"https:\/\/caviar-de-neuvic.com\/de\/p\/accueil\/vodka\/vodka-carbone\/#primaryimage"},"thumbnailUrl":"https:\/\/caviar-de-neuvic.com\/wp-content\/uploads\/2026\/01\/vodka-carbone.jpg","datePublished":"2026-01-19T10:41:48+00:00","dateModified":"2026-01-30T14:52:46+00:00","description":"Une vodka qui a du go\u00fbt. Carvia au Carvi \ufd3eCumin des pr\u00e9s\ufd3f est une vodka \u00e9labor\u00e9e en France \u00e0 Brie sous Archiac, en Charente, dans un petit alambic artisanal en Cuivre.","breadcrumb":{"@id":"https:\/\/caviar-de-neuvic.com\/de\/p\/accueil\/vodka\/vodka-carbone\/#breadcrumb"},"inLanguage":"en-US","potentialAction":[{"@type":"ReadAction","target":["https:\/\/caviar-de-neuvic.com\/de\/p\/accueil\/vodka\/vodka-carbone\/"]}]},{"@type":"ImageObject","inLanguage":"en-US","@id":"https:\/\/caviar-de-neuvic.com\/de\/p\/accueil\/vodka\/vodka-carbone\/#primaryimage","url":"https:\/\/caviar-de-neuvic.com\/wp-content\/uploads\/2026\/01\/vodka-carbone.jpg","contentUrl":"https:\/\/caviar-de-neuvic.com\/wp-content\/uploads\/2026\/01\/vodka-carbone.jpg","width":1000,"height":1300,"caption":"vodka carbone"},{"@type":"BreadcrumbList","@id":"https:\/\/caviar-de-neuvic.com\/de\/p\/accueil\/vodka\/vodka-carbone\/#breadcrumb","itemListElement":[{"@type":"ListItem","position":1,"name":"Caviar de Neuvic","item":"https:\/\/caviar-de-neuvic.com\/"},{"@type":"ListItem","position":2,"name":"Shop","item":"https:\/\/caviar-de-neuvic.com\/en\/shop\/"},{"@type":"ListItem","position":3,"name":"Vodka Carbone"}]},{"@type":"WebSite","@id":"http:\/\/caviar-de-neuvic.com\/fr\/#website","url":"http:\/\/caviar-de-neuvic.com\/fr\/","name":"Producteur Fran\u00e7ais De Caviar","description":"","publisher":{"@id":"http:\/\/caviar-de-neuvic.com\/fr\/#organization"},"potentialAction":[{"@type":"SearchAction","target":{"@type":"EntryPoint","urlTemplate":"http:\/\/caviar-de-neuvic.com\/fr\/?s={search_term_string}"},"query-input":{"@type":"PropertyValueSpecification","valueRequired":true,"valueName":"search_term_string"}}],"inLanguage":"en-US"},{"@type":"Organization","@id":"http:\/\/caviar-de-neuvic.com\/fr\/#organization","name":"Producteur Fran\u00e7ais De Caviar","url":"http:\/\/caviar-de-neuvic.com\/fr\/","logo":{"@type":"ImageObject","inLanguage":"en-US","@id":"http:\/\/caviar-de-neuvic.com\/fr\/#\/schema\/logo\/image\/","url":"","contentUrl":"","caption":"Producteur Fran\u00e7ais De Caviar"},"image":{"@id":"http:\/\/caviar-de-neuvic.com\/fr\/#\/schema\/logo\/image\/"}}]}},"_links":{"self":[{"href":"https:\/\/caviar-de-neuvic.com\/en_fr\/wp-json\/wp\/v2\/product\/36170","targetHints":{"allow":["GET"]}}],"collection":[{"href":"https:\/\/caviar-de-neuvic.com\/en_fr\/wp-json\/wp\/v2\/product"}],"about":[{"href":"https:\/\/caviar-de-neuvic.com\/en_fr\/wp-json\/wp\/v2\/types\/product"}],"version-history":[{"count":2,"href":"https:\/\/caviar-de-neuvic.com\/en_fr\/wp-json\/wp\/v2\/product\/36170\/revisions"}],"predecessor-version":[{"id":36173,"href":"https:\/\/caviar-de-neuvic.com\/en_fr\/wp-json\/wp\/v2\/product\/36170\/revisions\/36173"}],"wp:featuredmedia":[{"embeddable":true,"href":"https:\/\/caviar-de-neuvic.com\/en_fr\/wp-json\/wp\/v2\/media\/36172"}],"wp:attachment":[{"href":"https:\/\/caviar-de-neuvic.com\/en_fr\/wp-json\/wp\/v2\/media?parent=36170"}],"wp:term":[{"taxonomy":"product_brand","embeddable":true,"href":"https:\/\/caviar-de-neuvic.com\/en_fr\/wp-json\/wp\/v2\/product_brand?post=36170"},{"taxonomy":"product_cat","embeddable":true,"href":"https:\/\/caviar-de-neuvic.com\/en_fr\/wp-json\/wp\/v2\/product_cat?post=36170"},{"taxonomy":"product_tag","embeddable":true,"href":"https:\/\/caviar-de-neuvic.com\/en_fr\/wp-json\/wp\/v2\/product_tag?post=36170"}],"curies":[{"name":"wp","href":"https:\/\/api.w.org\/{rel}","templated":true}]}}