{"id":512,"date":"2017-10-16T16:16:57","date_gmt":"2017-10-16T16:16:57","guid":{"rendered":"https:\/\/caviar-de-neuvic.com\/produits\/fleur-de-sel-a-la-truffe-noire\/"},"modified":"2026-01-20T15:06:21","modified_gmt":"2026-01-20T14:06:21","slug":"fleur-de-sel-a-la-truffe-noire","status":"publish","type":"product","link":"https:\/\/caviar-de-neuvic.com\/en_fr\/p\/accueil\/l-epicerie-neuvic\/epicerie-truffe\/fleur-de-sel-a-la-truffe-noire\/","title":{"rendered":"Salt flower with Black truffle"},"content":{"rendered":"<div class=\"col-md-3 titre\">Serving suggestion<\/div>\n<div class=\"col-md-9\">\n<p>Product based on salt to sprinkle, containing some pieces of truffles. The refined alliance between fleur de sel and truffle will allow you to bring an iodized and perfumed taste to your dishes.<\/p>\n<\/div>\n<div class=\"col-md-3 titre\">Pairing<\/div>\n<div class=\"col-md-9\">\n<p>The fleur de sel with black truffle from P\u00e9rigord will gladly accompany a risotto, a poularde with cream or a simple dish of fresh pasta.<\/p>\n<\/div>\n<div class=\"col-md-3 titre\">Nutritional values<\/div>\n<div class=\"col-md-9\">\n<table class=\"table table-bordered valeurs\" border=\"1\">\n<thead>\n<tr>\n<th colspan=\"4\">Per 100 g<\/th>\n<\/tr>\n<\/thead>\n<tbody>\n<tr>\n<td>Energy value (Kcal)<\/td>\n<td>1<\/td>\n<td>Fats (g) of which saturated fatty acids (g)<\/td>\n<td>&lt; 0,1\u00a0(&lt; 0,1)<\/td>\n<\/tr>\n<tr>\n<td>energy values (kj)<\/td>\n<td>4<\/td>\n<td>Carbohydrates (g) of which sugars (g)<\/td>\n<td>0,5\u00a0(&lt; 0,1)<\/td>\n<\/tr>\n<tr>\n<td>Protein (g)<\/td>\n<td>&lt; 0,1<\/td>\n<td>Salt (g)<\/td>\n<td>95,5<\/td>\n<\/tr>\n<\/tbody>\n<\/table>\n<\/div>","protected":false},"excerpt":{"rendered":"<p>The refined alliance between fleur de sel and black truffle will allow you to bring an iodized and perfumed taste to your dishes.<\/p>\n<p>This product is made from Fleur de Sel from Gu\u00e9rande, dehydrated truffle pieces from P\u00e9rigord (Tuber Melanosporum). The black truffle has very powerful aromas and a few pieces are enough to give the Fleur de Sel the mythical perfumes of the truffle.<\/p>\n<p>La Fleur de Sel \u00e0 la Truffe noire du P\u00e9rigord s\u2019inscrit dans le d\u00e9veloppement des produits autour de la truffe.\u00a0Avec le P\u00e9rigord pour l\u00e9gitimit\u00e9, Caviar de Neuvic se fournit aupr\u00e8s de petits producteurs ind\u00e9pendants pour garantir la qualit\u00e9 de ses produits au go\u00fbt truff\u00e9.<\/p>","protected":false},"featured_media":509,"template":"","meta":{"_acf_changed":false,"ocean_post_layout":"","ocean_both_sidebars_style":"","ocean_both_sidebars_content_width":0,"ocean_both_sidebars_sidebars_width":0,"ocean_sidebar":"0","ocean_second_sidebar":"0","ocean_disable_margins":"enable","ocean_add_body_class":"","ocean_shortcode_before_top_bar":"","ocean_shortcode_after_top_bar":"","ocean_shortcode_before_header":"","ocean_shortcode_after_header":"","ocean_has_shortcode":"","ocean_shortcode_after_title":"","ocean_shortcode_before_footer_widgets":"","ocean_shortcode_after_footer_widgets":"","ocean_shortcode_before_footer_bottom":"","ocean_shortcode_after_footer_bottom":"","ocean_display_top_bar":"default","ocean_display_header":"default","ocean_header_style":"","ocean_center_header_left_menu":"0","ocean_custom_header_template":"0","ocean_custom_logo":0,"ocean_custom_retina_logo":0,"ocean_custom_logo_max_width":0,"ocean_custom_logo_tablet_max_width":0,"ocean_custom_logo_mobile_max_width":0,"ocean_custom_logo_max_height":0,"ocean_custom_logo_tablet_max_height":0,"ocean_custom_logo_mobile_max_height":0,"ocean_header_custom_menu":"0","ocean_menu_typo_font_family":"0","ocean_menu_typo_font_subset":"","ocean_menu_typo_font_size":0,"ocean_menu_typo_font_size_tablet":0,"ocean_menu_typo_font_size_mobile":0,"ocean_menu_typo_font_size_unit":"px","ocean_menu_typo_font_weight":"","ocean_menu_typo_font_weight_tablet":"","ocean_menu_typo_font_weight_mobile":"","ocean_menu_typo_transform":"","ocean_menu_typo_transform_tablet":"","ocean_menu_typo_transform_mobile":"","ocean_menu_typo_line_height":0,"ocean_menu_typo_line_height_tablet":0,"ocean_menu_typo_line_height_mobile":0,"ocean_menu_typo_line_height_unit":"","ocean_menu_typo_spacing":0,"ocean_menu_typo_spacing_tablet":0,"ocean_menu_typo_spacing_mobile":0,"ocean_menu_typo_spacing_unit":"","ocean_menu_link_color":"","ocean_menu_link_color_hover":"","ocean_menu_link_color_active":"","ocean_menu_link_background":"","ocean_menu_link_hover_background":"","ocean_menu_link_active_background":"","ocean_menu_social_links_bg":"","ocean_menu_social_hover_links_bg":"","ocean_menu_social_links_color":"","ocean_menu_social_hover_links_color":"","ocean_disable_title":"default","ocean_disable_heading":"default","ocean_post_title":"","ocean_post_subheading":"","ocean_post_title_style":"","ocean_post_title_background_color":"","ocean_post_title_background":0,"ocean_post_title_bg_image_position":"","ocean_post_title_bg_image_attachment":"","ocean_post_title_bg_image_repeat":"","ocean_post_title_bg_image_size":"","ocean_post_title_height":0,"ocean_post_title_bg_overlay":0.5,"ocean_post_title_bg_overlay_color":"","ocean_disable_breadcrumbs":"default","ocean_breadcrumbs_color":"","ocean_breadcrumbs_separator_color":"","ocean_breadcrumbs_links_color":"","ocean_breadcrumbs_links_hover_color":"","ocean_display_footer_widgets":"default","ocean_display_footer_bottom":"default","ocean_custom_footer_template":"0","omw_enable_modal_window":"enable"},"product_brand":[],"product_cat":[50,22],"product_tag":[],"class_list":{"0":"post-512","1":"product","2":"type-product","3":"status-publish","4":"has-post-thumbnail","6":"product_cat-epicerie-truffe","7":"product_cat-l-epicerie-neuvic","8":"product_shipping_class-sec","9":"pa_conservation-endroitfraisetsec","10":"pa_livraison-sec","12":"entry","13":"has-media","15":"first","16":"outofstock","17":"taxable","18":"shipping-taxable","19":"purchasable","20":"product-type-simple","21":"has-product-nav","22":"col","23":"span_1_of_3","24":"owp-content-center","25":"item-entry","26":"owp-thumbs-layout-vertical","27":"owp-btn-normal","28":"owp-tabs-layout-horizontal"},"acf":[],"yoast_head":"<!-- This site is optimized with the Yoast SEO plugin v27.4 - https:\/\/yoast.com\/product\/yoast-seo-wordpress\/ -->\n<title>Fleur de sel \u00e0 la truffe noire du P\u00e9rigord - Caviar de Neuvic<\/title>\n<meta name=\"description\" content=\"La fleur de sel \u00e0 la truffe noire du P\u00e9rigord accompagnera volontiers un risotto, une poularde \u00e0 la cr\u00e8me ou un simple plat de p\u00e2tes fra\u00eeches.\" \/>\n<meta name=\"robots\" content=\"index, follow, max-snippet:-1, max-image-preview:large, max-video-preview:-1\" \/>\n<link rel=\"canonical\" href=\"https:\/\/caviar-de-neuvic.com\/en_fr\/p\/accueil\/l-epicerie-neuvic\/epicerie-truffe\/fleur-de-sel-a-la-truffe-noire\/\" \/>\n<meta property=\"og:locale\" content=\"en_US\" \/>\n<meta property=\"og:type\" content=\"article\" \/>\n<meta property=\"og:title\" content=\"Fleur de sel \u00e0 la truffe noire du P\u00e9rigord - Caviar de Neuvic\" \/>\n<meta property=\"og:description\" content=\"La fleur de sel \u00e0 la truffe noire du P\u00e9rigord accompagnera volontiers un risotto, une poularde \u00e0 la cr\u00e8me ou un simple plat de p\u00e2tes fra\u00eeches.\" \/>\n<meta property=\"og:url\" content=\"https:\/\/caviar-de-neuvic.com\/en_fr\/p\/accueil\/l-epicerie-neuvic\/epicerie-truffe\/fleur-de-sel-a-la-truffe-noire\/\" \/>\n<meta property=\"og:site_name\" content=\"Producteur Fran\u00e7ais De Caviar\" \/>\n<meta property=\"article:modified_time\" content=\"2026-01-20T14:06:21+00:00\" \/>\n<meta property=\"og:image\" content=\"https:\/\/caviar-de-neuvic.com\/wp-content\/uploads\/2017\/10\/2134-Fleur-de-sel-a-la-truffe-noire.jpg\" \/>\n\t<meta property=\"og:image:width\" content=\"1100\" \/>\n\t<meta property=\"og:image:height\" content=\"1422\" \/>\n\t<meta property=\"og:image:type\" content=\"image\/jpeg\" \/>\n<meta name=\"twitter:card\" content=\"summary_large_image\" \/>\n<meta name=\"twitter:label1\" content=\"Est. reading time\" \/>\n\t<meta name=\"twitter:data1\" content=\"1 minute\" \/>\n<script type=\"application\/ld+json\" class=\"yoast-schema-graph\">{\"@context\":\"https:\\\/\\\/schema.org\",\"@graph\":[{\"@type\":\"WebPage\",\"@id\":\"https:\\\/\\\/caviar-de-neuvic.com\\\/p\\\/accueil\\\/l-epicerie-neuvic\\\/epicerie-truffe\\\/fleur-de-sel-a-la-truffe-noire\\\/\",\"url\":\"https:\\\/\\\/caviar-de-neuvic.com\\\/p\\\/accueil\\\/l-epicerie-neuvic\\\/epicerie-truffe\\\/fleur-de-sel-a-la-truffe-noire\\\/\",\"name\":\"Fleur de sel \u00e0 la truffe noire du P\u00e9rigord - Caviar de Neuvic\",\"isPartOf\":{\"@id\":\"http:\\\/\\\/caviar-de-neuvic.com\\\/fr\\\/#website\"},\"primaryImageOfPage\":{\"@id\":\"https:\\\/\\\/caviar-de-neuvic.com\\\/p\\\/accueil\\\/l-epicerie-neuvic\\\/epicerie-truffe\\\/fleur-de-sel-a-la-truffe-noire\\\/#primaryimage\"},\"image\":{\"@id\":\"https:\\\/\\\/caviar-de-neuvic.com\\\/p\\\/accueil\\\/l-epicerie-neuvic\\\/epicerie-truffe\\\/fleur-de-sel-a-la-truffe-noire\\\/#primaryimage\"},\"thumbnailUrl\":\"https:\\\/\\\/caviar-de-neuvic.com\\\/wp-content\\\/uploads\\\/2017\\\/10\\\/2134-Fleur-de-sel-a-la-truffe-noire.jpg\",\"datePublished\":\"2017-10-16T16:16:57+00:00\",\"dateModified\":\"2026-01-20T14:06:21+00:00\",\"description\":\"La fleur de sel \u00e0 la truffe noire du P\u00e9rigord accompagnera volontiers un risotto, une poularde \u00e0 la cr\u00e8me ou un simple plat de p\u00e2tes fra\u00eeches.\",\"breadcrumb\":{\"@id\":\"https:\\\/\\\/caviar-de-neuvic.com\\\/p\\\/accueil\\\/l-epicerie-neuvic\\\/epicerie-truffe\\\/fleur-de-sel-a-la-truffe-noire\\\/#breadcrumb\"},\"inLanguage\":\"en-US\",\"potentialAction\":[{\"@type\":\"ReadAction\",\"target\":[\"https:\\\/\\\/caviar-de-neuvic.com\\\/p\\\/accueil\\\/l-epicerie-neuvic\\\/epicerie-truffe\\\/fleur-de-sel-a-la-truffe-noire\\\/\"]}]},{\"@type\":\"ImageObject\",\"inLanguage\":\"en-US\",\"@id\":\"https:\\\/\\\/caviar-de-neuvic.com\\\/p\\\/accueil\\\/l-epicerie-neuvic\\\/epicerie-truffe\\\/fleur-de-sel-a-la-truffe-noire\\\/#primaryimage\",\"url\":\"https:\\\/\\\/caviar-de-neuvic.com\\\/wp-content\\\/uploads\\\/2017\\\/10\\\/2134-Fleur-de-sel-a-la-truffe-noire.jpg\",\"contentUrl\":\"https:\\\/\\\/caviar-de-neuvic.com\\\/wp-content\\\/uploads\\\/2017\\\/10\\\/2134-Fleur-de-sel-a-la-truffe-noire.jpg\",\"width\":1100,\"height\":1422,\"caption\":\"Fleur de sel \u00e0 la truffe noire\"},{\"@type\":\"BreadcrumbList\",\"@id\":\"https:\\\/\\\/caviar-de-neuvic.com\\\/p\\\/accueil\\\/l-epicerie-neuvic\\\/epicerie-truffe\\\/fleur-de-sel-a-la-truffe-noire\\\/#breadcrumb\",\"itemListElement\":[{\"@type\":\"ListItem\",\"position\":1,\"name\":\"Caviar de Neuvic\",\"item\":\"https:\\\/\\\/caviar-de-neuvic.com\\\/\"},{\"@type\":\"ListItem\",\"position\":2,\"name\":\"Shop\",\"item\":\"https:\\\/\\\/caviar-de-neuvic.com\\\/en\\\/shop\\\/\"},{\"@type\":\"ListItem\",\"position\":3,\"name\":\"Fleur de sel \u00e0 la truffe noire\"}]},{\"@type\":\"WebSite\",\"@id\":\"http:\\\/\\\/caviar-de-neuvic.com\\\/fr\\\/#website\",\"url\":\"http:\\\/\\\/caviar-de-neuvic.com\\\/fr\\\/\",\"name\":\"Producteur Fran\u00e7ais De Caviar\",\"description\":\"\",\"publisher\":{\"@id\":\"http:\\\/\\\/caviar-de-neuvic.com\\\/fr\\\/#organization\"},\"potentialAction\":[{\"@type\":\"SearchAction\",\"target\":{\"@type\":\"EntryPoint\",\"urlTemplate\":\"http:\\\/\\\/caviar-de-neuvic.com\\\/fr\\\/?s={search_term_string}\"},\"query-input\":{\"@type\":\"PropertyValueSpecification\",\"valueRequired\":true,\"valueName\":\"search_term_string\"}}],\"inLanguage\":\"en-US\"},{\"@type\":\"Organization\",\"@id\":\"http:\\\/\\\/caviar-de-neuvic.com\\\/fr\\\/#organization\",\"name\":\"Producteur Fran\u00e7ais De Caviar\",\"url\":\"http:\\\/\\\/caviar-de-neuvic.com\\\/fr\\\/\",\"logo\":{\"@type\":\"ImageObject\",\"inLanguage\":\"en-US\",\"@id\":\"http:\\\/\\\/caviar-de-neuvic.com\\\/fr\\\/#\\\/schema\\\/logo\\\/image\\\/\",\"url\":\"\",\"contentUrl\":\"\",\"caption\":\"Producteur Fran\u00e7ais De Caviar\"},\"image\":{\"@id\":\"http:\\\/\\\/caviar-de-neuvic.com\\\/fr\\\/#\\\/schema\\\/logo\\\/image\\\/\"}}]}<\/script>\n<!-- \/ Yoast SEO plugin. -->","yoast_head_json":{"title":"Fleur de sel \u00e0 la truffe noire du P\u00e9rigord - Caviar de Neuvic","description":"The fleur de sel with black truffle from P\u00e9rigord will gladly accompany a risotto, a poularde with cream or a simple dish of fresh pasta.","robots":{"index":"index","follow":"follow","max-snippet":"max-snippet:-1","max-image-preview":"max-image-preview:large","max-video-preview":"max-video-preview:-1"},"canonical":"https:\/\/caviar-de-neuvic.com\/en_fr\/p\/accueil\/l-epicerie-neuvic\/epicerie-truffe\/fleur-de-sel-a-la-truffe-noire\/","og_locale":"en_US","og_type":"article","og_title":"Fleur de sel \u00e0 la truffe noire du P\u00e9rigord - Caviar de Neuvic","og_description":"La fleur de sel \u00e0 la truffe noire du P\u00e9rigord accompagnera volontiers un risotto, une poularde \u00e0 la cr\u00e8me ou un simple plat de p\u00e2tes fra\u00eeches.","og_url":"https:\/\/caviar-de-neuvic.com\/en_fr\/p\/accueil\/l-epicerie-neuvic\/epicerie-truffe\/fleur-de-sel-a-la-truffe-noire\/","og_site_name":"Producteur Fran\u00e7ais De Caviar","article_modified_time":"2026-01-20T14:06:21+00:00","og_image":[{"width":1100,"height":1422,"url":"https:\/\/caviar-de-neuvic.com\/wp-content\/uploads\/2017\/10\/2134-Fleur-de-sel-a-la-truffe-noire.jpg","type":"image\/jpeg"}],"twitter_card":"summary_large_image","twitter_misc":{"Est. reading time":"1 minute"},"schema":{"@context":"https:\/\/schema.org","@graph":[{"@type":"WebPage","@id":"https:\/\/caviar-de-neuvic.com\/p\/accueil\/l-epicerie-neuvic\/epicerie-truffe\/fleur-de-sel-a-la-truffe-noire\/","url":"https:\/\/caviar-de-neuvic.com\/p\/accueil\/l-epicerie-neuvic\/epicerie-truffe\/fleur-de-sel-a-la-truffe-noire\/","name":"Fleur de sel \u00e0 la truffe noire du P\u00e9rigord - Caviar de Neuvic","isPartOf":{"@id":"http:\/\/caviar-de-neuvic.com\/fr\/#website"},"primaryImageOfPage":{"@id":"https:\/\/caviar-de-neuvic.com\/p\/accueil\/l-epicerie-neuvic\/epicerie-truffe\/fleur-de-sel-a-la-truffe-noire\/#primaryimage"},"image":{"@id":"https:\/\/caviar-de-neuvic.com\/p\/accueil\/l-epicerie-neuvic\/epicerie-truffe\/fleur-de-sel-a-la-truffe-noire\/#primaryimage"},"thumbnailUrl":"https:\/\/caviar-de-neuvic.com\/wp-content\/uploads\/2017\/10\/2134-Fleur-de-sel-a-la-truffe-noire.jpg","datePublished":"2017-10-16T16:16:57+00:00","dateModified":"2026-01-20T14:06:21+00:00","description":"The fleur de sel with black truffle from P\u00e9rigord will gladly accompany a risotto, a poularde with cream or a simple dish of fresh pasta.","breadcrumb":{"@id":"https:\/\/caviar-de-neuvic.com\/p\/accueil\/l-epicerie-neuvic\/epicerie-truffe\/fleur-de-sel-a-la-truffe-noire\/#breadcrumb"},"inLanguage":"en-US","potentialAction":[{"@type":"ReadAction","target":["https:\/\/caviar-de-neuvic.com\/p\/accueil\/l-epicerie-neuvic\/epicerie-truffe\/fleur-de-sel-a-la-truffe-noire\/"]}]},{"@type":"ImageObject","inLanguage":"en-US","@id":"https:\/\/caviar-de-neuvic.com\/p\/accueil\/l-epicerie-neuvic\/epicerie-truffe\/fleur-de-sel-a-la-truffe-noire\/#primaryimage","url":"https:\/\/caviar-de-neuvic.com\/wp-content\/uploads\/2017\/10\/2134-Fleur-de-sel-a-la-truffe-noire.jpg","contentUrl":"https:\/\/caviar-de-neuvic.com\/wp-content\/uploads\/2017\/10\/2134-Fleur-de-sel-a-la-truffe-noire.jpg","width":1100,"height":1422,"caption":"Fleur de sel \u00e0 la truffe noire"},{"@type":"BreadcrumbList","@id":"https:\/\/caviar-de-neuvic.com\/p\/accueil\/l-epicerie-neuvic\/epicerie-truffe\/fleur-de-sel-a-la-truffe-noire\/#breadcrumb","itemListElement":[{"@type":"ListItem","position":1,"name":"Caviar de Neuvic","item":"https:\/\/caviar-de-neuvic.com\/"},{"@type":"ListItem","position":2,"name":"Shop","item":"https:\/\/caviar-de-neuvic.com\/en\/shop\/"},{"@type":"ListItem","position":3,"name":"Fleur de sel \u00e0 la truffe noire"}]},{"@type":"WebSite","@id":"http:\/\/caviar-de-neuvic.com\/fr\/#website","url":"http:\/\/caviar-de-neuvic.com\/fr\/","name":"Producteur Fran\u00e7ais De Caviar","description":"","publisher":{"@id":"http:\/\/caviar-de-neuvic.com\/fr\/#organization"},"potentialAction":[{"@type":"SearchAction","target":{"@type":"EntryPoint","urlTemplate":"http:\/\/caviar-de-neuvic.com\/fr\/?s={search_term_string}"},"query-input":{"@type":"PropertyValueSpecification","valueRequired":true,"valueName":"search_term_string"}}],"inLanguage":"en-US"},{"@type":"Organization","@id":"http:\/\/caviar-de-neuvic.com\/fr\/#organization","name":"Producteur Fran\u00e7ais De Caviar","url":"http:\/\/caviar-de-neuvic.com\/fr\/","logo":{"@type":"ImageObject","inLanguage":"en-US","@id":"http:\/\/caviar-de-neuvic.com\/fr\/#\/schema\/logo\/image\/","url":"","contentUrl":"","caption":"Producteur Fran\u00e7ais De Caviar"},"image":{"@id":"http:\/\/caviar-de-neuvic.com\/fr\/#\/schema\/logo\/image\/"}}]}},"_links":{"self":[{"href":"https:\/\/caviar-de-neuvic.com\/en_fr\/wp-json\/wp\/v2\/product\/512","targetHints":{"allow":["GET"]}}],"collection":[{"href":"https:\/\/caviar-de-neuvic.com\/en_fr\/wp-json\/wp\/v2\/product"}],"about":[{"href":"https:\/\/caviar-de-neuvic.com\/en_fr\/wp-json\/wp\/v2\/types\/product"}],"version-history":[{"count":2,"href":"https:\/\/caviar-de-neuvic.com\/en_fr\/wp-json\/wp\/v2\/product\/512\/revisions"}],"predecessor-version":[{"id":29579,"href":"https:\/\/caviar-de-neuvic.com\/en_fr\/wp-json\/wp\/v2\/product\/512\/revisions\/29579"}],"wp:featuredmedia":[{"embeddable":true,"href":"https:\/\/caviar-de-neuvic.com\/en_fr\/wp-json\/wp\/v2\/media\/509"}],"wp:attachment":[{"href":"https:\/\/caviar-de-neuvic.com\/en_fr\/wp-json\/wp\/v2\/media?parent=512"}],"wp:term":[{"taxonomy":"product_brand","embeddable":true,"href":"https:\/\/caviar-de-neuvic.com\/en_fr\/wp-json\/wp\/v2\/product_brand?post=512"},{"taxonomy":"product_cat","embeddable":true,"href":"https:\/\/caviar-de-neuvic.com\/en_fr\/wp-json\/wp\/v2\/product_cat?post=512"},{"taxonomy":"product_tag","embeddable":true,"href":"https:\/\/caviar-de-neuvic.com\/en_fr\/wp-json\/wp\/v2\/product_tag?post=512"}],"curies":[{"name":"wp","href":"https:\/\/api.w.org\/{rel}","templated":true}]}}