{"id":1347,"date":"2025-12-19T10:21:03","date_gmt":"2025-12-19T09:21:03","guid":{"rendered":"https:\/\/caviar-de-neuvic.com\/?post_type=product&#038;p=1347"},"modified":"2026-05-13T16:50:49","modified_gmt":"2026-05-13T14:50:49","slug":"caviar-baeri-signature-courte-ddm","status":"publish","type":"product","link":"https:\/\/caviar-de-neuvic.com\/es_es\/p\/accueil\/offres-anti-gaspillage\/caviar-baeri-signature-courte-ddm\/","title":{"rendered":"Caviar Baeri Signature &#8211; Courte DDM"},"content":{"rendered":"<div class=\"col-md-3 titre\">Sugerencia de consumo<\/div>\n<div class=\"col-md-9\">\n<p>Es preferible sacar la caja de caviar 5 minutos antes de servirlo. Col\u00f3quela sobre\u00a0<a href=\"https:\/\/caviar-de-neuvic.com\/es_es\/accessoires\/16-caviar-on-the-rocks.html\/\">una cama de hielo<\/a> que mantendr\u00e1 su frescura durante toda la degustaci\u00f3n.\u00a0<a href=\"https:\/\/caviar-de-neuvic.com\/es_es\/accessoires\/30-cuillere-en-nacre.html\/\">Utilice una cucharilla de n\u00e1car<\/a> que no rompa los granos y no provoque oxidaci\u00f3n.<\/p>\n<\/div>\n<div class=\"col-md-3 titre\">Maridaje<\/div>\n<div class=\"col-md-9\">\n<p>La pureza y la potencia de un buen vodka ofrecer\u00e1n un interesante contrapunto a las notas mantecosas y golosas del caviar, al tiempo que realzar\u00e1n una frescura no tan inocente.<\/p>\n<\/div>\n<div class=\"col-md-3 titre\">Recette : comme un oeuf au plat<\/div>\n<div class=\"col-md-9\">\n<p>Chanterelles et caviar. Recette propos\u00e9e par Cook N\u2019Tinem \u2013 Chef \u00e0 domicile (Bordeaux)<\/p>\n<p><img decoding=\"async\" src=\"https:\/\/www.caviar-de-neuvic.com\/img\/cms\/recette.jpg\" alt=\"\" width=\"30\" height=\"38\" \/>\u00a0<a href=\"https:\/\/caviar-de-neuvic.com\/es_es\/recettes\/Fiche-recette-comme-un-oeuf-au-plat.pdf\/\">T\u00e9l\u00e9charger la recette<\/a> (PDF)<\/p>\n<\/div>\n<div class=\"col-md-3 titre\">Valores nutricionales<\/div>\n<div class=\"col-md-9\">\n<table class=\"table table-bordered valeurs\" border=\"1\">\n<thead>\n<tr>\n<th colspan=\"4\">Por 100 g<\/th>\n<\/tr>\n<\/thead>\n<tbody>\n<tr>\n<td>Valor energ\u00e9tico (Kcal)<\/td>\n<td>242<\/td>\n<td>L\u00edpidos (g) de los cuales \u00e1cidos grasos saturados (g)<\/td>\n<td>14,3 (3)<\/td>\n<\/tr>\n<tr>\n<td>Valor energ\u00e9tico (kJ)<\/td>\n<td>1012<\/td>\n<td>Gl\u00facidos (g) de los cuales az\u00facares (g)<\/td>\n<td>7,2 (0,1)<\/td>\n<\/tr>\n<tr>\n<td>Prote\u00ednas (g)<\/td>\n<td>21,2<\/td>\n<td>Sal (g)<\/td>\n<td>2,93<\/td>\n<\/tr>\n<\/tbody>\n<\/table>\n<\/div>","protected":false},"excerpt":{"rendered":"<p>Pour lutter contre le gaspillage alimentaire et dans son action au quotidien pour le d\u00e9veloppement durable, Caviar de Neuvic vous propose ponctuellement des produits remis\u00e9s \u00e0 DDM et DLC courtes.<\/p>\n<p>El caviar Baeri Signature procede del esturi\u00f3n\u00a0<em>Acipenser Baeri<\/em> \u00e9lev\u00e9 \u00e0 Neuvic, en\u00a0Aquitaine. Les esturgeons qui nous donnent le Caviar de Neuvic sont tous \u00e9lev\u00e9s dans les meilleures conditions. Une eau de qualit\u00e9 et renouvel\u00e9e, une alimentation Bio, une faible densit\u00e9 et peu de manipulations.\u00a0Nos caviars Signature incarnent le style et la qualit\u00e9 de la marque Caviar de Neuvic.<\/p>\n<h2>Un caviar equilibrado<\/h2>\n<p>En bouche, ce caviar de producteur se caract\u00e9rise par la texture fondante des \u0153ufs. Une petite note de noisette en fin de bouche. Une palette de sensations d\u00e9licates donne \u00e0 cette qualit\u00e9 son \u00e9l\u00e9gance et son \u00e9quilibre.<\/p>\n<p>DDM 30g : 20\/07\/2026<\/p>","protected":false},"featured_media":1343,"template":"","meta":{"_acf_changed":false,"ocean_post_layout":"","ocean_both_sidebars_style":"","ocean_both_sidebars_content_width":0,"ocean_both_sidebars_sidebars_width":0,"ocean_sidebar":"0","ocean_second_sidebar":"0","ocean_disable_margins":"enable","ocean_add_body_class":"","ocean_shortcode_before_top_bar":"","ocean_shortcode_after_top_bar":"","ocean_shortcode_before_header":"","ocean_shortcode_after_header":"","ocean_has_shortcode":"","ocean_shortcode_after_title":"","ocean_shortcode_before_footer_widgets":"","ocean_shortcode_after_footer_widgets":"","ocean_shortcode_before_footer_bottom":"","ocean_shortcode_after_footer_bottom":"","ocean_display_top_bar":"default","ocean_display_header":"default","ocean_header_style":"","ocean_center_header_left_menu":"0","ocean_custom_header_template":"0","ocean_custom_logo":0,"ocean_custom_retina_logo":0,"ocean_custom_logo_max_width":0,"ocean_custom_logo_tablet_max_width":0,"ocean_custom_logo_mobile_max_width":0,"ocean_custom_logo_max_height":0,"ocean_custom_logo_tablet_max_height":0,"ocean_custom_logo_mobile_max_height":0,"ocean_header_custom_menu":"0","ocean_menu_typo_font_family":"0","ocean_menu_typo_font_subset":"","ocean_menu_typo_font_size":0,"ocean_menu_typo_font_size_tablet":0,"ocean_menu_typo_font_size_mobile":0,"ocean_menu_typo_font_size_unit":"px","ocean_menu_typo_font_weight":"","ocean_menu_typo_font_weight_tablet":"","ocean_menu_typo_font_weight_mobile":"","ocean_menu_typo_transform":"","ocean_menu_typo_transform_tablet":"","ocean_menu_typo_transform_mobile":"","ocean_menu_typo_line_height":0,"ocean_menu_typo_line_height_tablet":0,"ocean_menu_typo_line_height_mobile":0,"ocean_menu_typo_line_height_unit":"","ocean_menu_typo_spacing":0,"ocean_menu_typo_spacing_tablet":0,"ocean_menu_typo_spacing_mobile":0,"ocean_menu_typo_spacing_unit":"","ocean_menu_link_color":"","ocean_menu_link_color_hover":"","ocean_menu_link_color_active":"","ocean_menu_link_background":"","ocean_menu_link_hover_background":"","ocean_menu_link_active_background":"","ocean_menu_social_links_bg":"","ocean_menu_social_hover_links_bg":"","ocean_menu_social_links_color":"","ocean_menu_social_hover_links_color":"","ocean_disable_title":"default","ocean_disable_heading":"default","ocean_post_title":"","ocean_post_subheading":"","ocean_post_title_style":"","ocean_post_title_background_color":"","ocean_post_title_background":0,"ocean_post_title_bg_image_position":"","ocean_post_title_bg_image_attachment":"","ocean_post_title_bg_image_repeat":"","ocean_post_title_bg_image_size":"","ocean_post_title_height":0,"ocean_post_title_bg_overlay":0.5,"ocean_post_title_bg_overlay_color":"","ocean_disable_breadcrumbs":"default","ocean_breadcrumbs_color":"","ocean_breadcrumbs_separator_color":"","ocean_breadcrumbs_links_color":"","ocean_breadcrumbs_links_hover_color":"","ocean_display_footer_widgets":"default","ocean_display_footer_bottom":"default","ocean_custom_footer_template":"0","omw_enable_modal_window":"enable"},"product_brand":[],"product_cat":[29],"product_tag":[],"class_list":{"0":"post-1347","1":"product","2":"type-product","3":"status-publish","4":"has-post-thumbnail","6":"product_cat-offres-anti-gaspillage","7":"pa_choisissezlepoids-10g","8":"pa_choisissezlepoids-30g","9":"pa_choisissezlepoids-50g","10":"pa_conservation-88-aurefrigerateurentre0et4c","11":"pa_origine-france","13":"entry","14":"has-media","16":"first","17":"instock","18":"sale","19":"taxable","20":"shipping-taxable","21":"purchasable","22":"product-type-variable","23":"has-product-nav","24":"col","25":"span_1_of_3","26":"owp-content-center","27":"item-entry","28":"owp-thumbs-layout-vertical","29":"owp-btn-normal","30":"owp-tabs-layout-horizontal"},"acf":[],"yoast_head":"<!-- This site is optimized with the Yoast SEO plugin v27.6 - https:\/\/yoast.com\/product\/yoast-seo-wordpress\/ -->\n<title>Caviar Baeri Signature - Anti-gaspillage - Caviar de Neuvic<\/title>\n<meta name=\"description\" content=\"Pour lutter contre le gaspillage alimentaire, Caviar de Neuvic propose des produits remis\u00e9s. En bouche, ce Caviar Baeri se caract\u00e9rise par la texture fondante des \u0153ufs.\" \/>\n<meta name=\"robots\" content=\"index, follow, max-snippet:-1, max-image-preview:large, max-video-preview:-1\" \/>\n<link rel=\"canonical\" href=\"https:\/\/caviar-de-neuvic.com\/es_es\/p\/accueil\/offres-anti-gaspillage\/caviar-baeri-signature-courte-ddm\/\" \/>\n<meta property=\"og:locale\" content=\"es_ES\" \/>\n<meta property=\"og:type\" content=\"article\" \/>\n<meta property=\"og:title\" content=\"Caviar Baeri Signature - Anti-gaspillage - Caviar de Neuvic\" \/>\n<meta property=\"og:description\" content=\"Pour lutter contre le gaspillage alimentaire, Caviar de Neuvic propose des produits remis\u00e9s. En bouche, ce Caviar Baeri se caract\u00e9rise par la texture fondante des \u0153ufs.\" \/>\n<meta property=\"og:url\" content=\"https:\/\/caviar-de-neuvic.com\/es_es\/p\/accueil\/offres-anti-gaspillage\/caviar-baeri-signature-courte-ddm\/\" \/>\n<meta property=\"og:site_name\" content=\"Producteur Fran\u00e7ais De Caviar\" \/>\n<meta property=\"article:modified_time\" content=\"2026-05-13T14:50:49+00:00\" \/>\n<meta property=\"og:image\" content=\"https:\/\/caviar-de-neuvic.com\/wp-content\/uploads\/2020\/04\/2659-Caviar-Baeri-Signature-Courte-DDM.jpg\" \/>\n\t<meta property=\"og:image:width\" content=\"1100\" \/>\n\t<meta property=\"og:image:height\" content=\"1422\" \/>\n\t<meta property=\"og:image:type\" content=\"image\/jpeg\" \/>\n<meta name=\"twitter:card\" content=\"summary_large_image\" \/>\n<meta name=\"twitter:label1\" content=\"Tiempo de lectura\" \/>\n\t<meta name=\"twitter:data1\" content=\"2 minutos\" \/>\n<script type=\"application\/ld+json\" class=\"yoast-schema-graph\">{\"@context\":\"https:\\\/\\\/schema.org\",\"@graph\":[{\"@type\":\"WebPage\",\"@id\":\"https:\\\/\\\/caviar-de-neuvic.com\\\/p\\\/accueil\\\/offres-anti-gaspillage\\\/caviar-baeri-signature-courte-ddm\\\/\",\"url\":\"https:\\\/\\\/caviar-de-neuvic.com\\\/p\\\/accueil\\\/offres-anti-gaspillage\\\/caviar-baeri-signature-courte-ddm\\\/\",\"name\":\"Caviar Baeri Signature - Anti-gaspillage - Caviar de Neuvic\",\"isPartOf\":{\"@id\":\"http:\\\/\\\/caviar-de-neuvic.com\\\/fr\\\/#website\"},\"primaryImageOfPage\":{\"@id\":\"https:\\\/\\\/caviar-de-neuvic.com\\\/p\\\/accueil\\\/offres-anti-gaspillage\\\/caviar-baeri-signature-courte-ddm\\\/#primaryimage\"},\"image\":{\"@id\":\"https:\\\/\\\/caviar-de-neuvic.com\\\/p\\\/accueil\\\/offres-anti-gaspillage\\\/caviar-baeri-signature-courte-ddm\\\/#primaryimage\"},\"thumbnailUrl\":\"https:\\\/\\\/caviar-de-neuvic.com\\\/wp-content\\\/uploads\\\/2020\\\/04\\\/2659-Caviar-Baeri-Signature-Courte-DDM.jpg\",\"datePublished\":\"2025-12-19T09:21:03+00:00\",\"dateModified\":\"2026-05-13T14:50:49+00:00\",\"description\":\"Pour lutter contre le gaspillage alimentaire, Caviar de Neuvic propose des produits remis\u00e9s. En bouche, ce Caviar Baeri se caract\u00e9rise par la texture fondante des \u0153ufs.\",\"breadcrumb\":{\"@id\":\"https:\\\/\\\/caviar-de-neuvic.com\\\/p\\\/accueil\\\/offres-anti-gaspillage\\\/caviar-baeri-signature-courte-ddm\\\/#breadcrumb\"},\"inLanguage\":\"es\",\"potentialAction\":[{\"@type\":\"ReadAction\",\"target\":[\"https:\\\/\\\/caviar-de-neuvic.com\\\/p\\\/accueil\\\/offres-anti-gaspillage\\\/caviar-baeri-signature-courte-ddm\\\/\"]}]},{\"@type\":\"ImageObject\",\"inLanguage\":\"es\",\"@id\":\"https:\\\/\\\/caviar-de-neuvic.com\\\/p\\\/accueil\\\/offres-anti-gaspillage\\\/caviar-baeri-signature-courte-ddm\\\/#primaryimage\",\"url\":\"https:\\\/\\\/caviar-de-neuvic.com\\\/wp-content\\\/uploads\\\/2020\\\/04\\\/2659-Caviar-Baeri-Signature-Courte-DDM.jpg\",\"contentUrl\":\"https:\\\/\\\/caviar-de-neuvic.com\\\/wp-content\\\/uploads\\\/2020\\\/04\\\/2659-Caviar-Baeri-Signature-Courte-DDM.jpg\",\"width\":1100,\"height\":1422,\"caption\":\"Caviar Baeri Signature - Courte DDM\"},{\"@type\":\"BreadcrumbList\",\"@id\":\"https:\\\/\\\/caviar-de-neuvic.com\\\/p\\\/accueil\\\/offres-anti-gaspillage\\\/caviar-baeri-signature-courte-ddm\\\/#breadcrumb\",\"itemListElement\":[{\"@type\":\"ListItem\",\"position\":1,\"name\":\"Caviar de Neuvic\",\"item\":\"https:\\\/\\\/caviar-de-neuvic.com\\\/\"},{\"@type\":\"ListItem\",\"position\":2,\"name\":\"Shop\",\"item\":\"https:\\\/\\\/caviar-de-neuvic.com\\\/en\\\/shop\\\/\"},{\"@type\":\"ListItem\",\"position\":3,\"name\":\"Caviar Baeri Signature &#8211; Courte DDM\"}]},{\"@type\":\"WebSite\",\"@id\":\"http:\\\/\\\/caviar-de-neuvic.com\\\/fr\\\/#website\",\"url\":\"http:\\\/\\\/caviar-de-neuvic.com\\\/fr\\\/\",\"name\":\"Producteur Fran\u00e7ais De Caviar\",\"description\":\"\",\"publisher\":{\"@id\":\"http:\\\/\\\/caviar-de-neuvic.com\\\/fr\\\/#organization\"},\"potentialAction\":[{\"@type\":\"SearchAction\",\"target\":{\"@type\":\"EntryPoint\",\"urlTemplate\":\"http:\\\/\\\/caviar-de-neuvic.com\\\/fr\\\/?s={search_term_string}\"},\"query-input\":{\"@type\":\"PropertyValueSpecification\",\"valueRequired\":true,\"valueName\":\"search_term_string\"}}],\"inLanguage\":\"es\"},{\"@type\":\"Organization\",\"@id\":\"http:\\\/\\\/caviar-de-neuvic.com\\\/fr\\\/#organization\",\"name\":\"Producteur Fran\u00e7ais De Caviar\",\"url\":\"http:\\\/\\\/caviar-de-neuvic.com\\\/fr\\\/\",\"logo\":{\"@type\":\"ImageObject\",\"inLanguage\":\"es\",\"@id\":\"http:\\\/\\\/caviar-de-neuvic.com\\\/fr\\\/#\\\/schema\\\/logo\\\/image\\\/\",\"url\":\"\",\"contentUrl\":\"\",\"caption\":\"Producteur Fran\u00e7ais De Caviar\"},\"image\":{\"@id\":\"http:\\\/\\\/caviar-de-neuvic.com\\\/fr\\\/#\\\/schema\\\/logo\\\/image\\\/\"}}]}<\/script>\n<!-- \/ Yoast SEO plugin. -->","yoast_head_json":{"title":"Caviar Baeri Signature - Anti-gaspillage - Caviar de Neuvic","description":"Pour lutter contre le gaspillage alimentaire, Caviar de Neuvic propose des produits remis\u00e9s. En bouche, ce Caviar Baeri se caract\u00e9rise par la texture fondante des \u0153ufs.","robots":{"index":"index","follow":"follow","max-snippet":"max-snippet:-1","max-image-preview":"max-image-preview:large","max-video-preview":"max-video-preview:-1"},"canonical":"https:\/\/caviar-de-neuvic.com\/es_es\/p\/accueil\/offres-anti-gaspillage\/caviar-baeri-signature-courte-ddm\/","og_locale":"es_ES","og_type":"article","og_title":"Caviar Baeri Signature - Anti-gaspillage - Caviar de Neuvic","og_description":"Pour lutter contre le gaspillage alimentaire, Caviar de Neuvic propose des produits remis\u00e9s. En bouche, ce Caviar Baeri se caract\u00e9rise par la texture fondante des \u0153ufs.","og_url":"https:\/\/caviar-de-neuvic.com\/es_es\/p\/accueil\/offres-anti-gaspillage\/caviar-baeri-signature-courte-ddm\/","og_site_name":"Producteur Fran\u00e7ais De Caviar","article_modified_time":"2026-05-13T14:50:49+00:00","og_image":[{"width":1100,"height":1422,"url":"https:\/\/caviar-de-neuvic.com\/wp-content\/uploads\/2020\/04\/2659-Caviar-Baeri-Signature-Courte-DDM.jpg","type":"image\/jpeg"}],"twitter_card":"summary_large_image","twitter_misc":{"Tiempo de lectura":"2 minutos"},"schema":{"@context":"https:\/\/schema.org","@graph":[{"@type":"WebPage","@id":"https:\/\/caviar-de-neuvic.com\/p\/accueil\/offres-anti-gaspillage\/caviar-baeri-signature-courte-ddm\/","url":"https:\/\/caviar-de-neuvic.com\/p\/accueil\/offres-anti-gaspillage\/caviar-baeri-signature-courte-ddm\/","name":"Caviar Baeri Signature - Anti-gaspillage - Caviar de Neuvic","isPartOf":{"@id":"http:\/\/caviar-de-neuvic.com\/fr\/#website"},"primaryImageOfPage":{"@id":"https:\/\/caviar-de-neuvic.com\/p\/accueil\/offres-anti-gaspillage\/caviar-baeri-signature-courte-ddm\/#primaryimage"},"image":{"@id":"https:\/\/caviar-de-neuvic.com\/p\/accueil\/offres-anti-gaspillage\/caviar-baeri-signature-courte-ddm\/#primaryimage"},"thumbnailUrl":"https:\/\/caviar-de-neuvic.com\/wp-content\/uploads\/2020\/04\/2659-Caviar-Baeri-Signature-Courte-DDM.jpg","datePublished":"2025-12-19T09:21:03+00:00","dateModified":"2026-05-13T14:50:49+00:00","description":"Pour lutter contre le gaspillage alimentaire, Caviar de Neuvic propose des produits remis\u00e9s. En bouche, ce Caviar Baeri se caract\u00e9rise par la texture fondante des \u0153ufs.","breadcrumb":{"@id":"https:\/\/caviar-de-neuvic.com\/p\/accueil\/offres-anti-gaspillage\/caviar-baeri-signature-courte-ddm\/#breadcrumb"},"inLanguage":"es","potentialAction":[{"@type":"ReadAction","target":["https:\/\/caviar-de-neuvic.com\/p\/accueil\/offres-anti-gaspillage\/caviar-baeri-signature-courte-ddm\/"]}]},{"@type":"ImageObject","inLanguage":"es","@id":"https:\/\/caviar-de-neuvic.com\/p\/accueil\/offres-anti-gaspillage\/caviar-baeri-signature-courte-ddm\/#primaryimage","url":"https:\/\/caviar-de-neuvic.com\/wp-content\/uploads\/2020\/04\/2659-Caviar-Baeri-Signature-Courte-DDM.jpg","contentUrl":"https:\/\/caviar-de-neuvic.com\/wp-content\/uploads\/2020\/04\/2659-Caviar-Baeri-Signature-Courte-DDM.jpg","width":1100,"height":1422,"caption":"Caviar Baeri Signature - Courte DDM"},{"@type":"BreadcrumbList","@id":"https:\/\/caviar-de-neuvic.com\/p\/accueil\/offres-anti-gaspillage\/caviar-baeri-signature-courte-ddm\/#breadcrumb","itemListElement":[{"@type":"ListItem","position":1,"name":"Caviar de Neuvic","item":"https:\/\/caviar-de-neuvic.com\/"},{"@type":"ListItem","position":2,"name":"Shop","item":"https:\/\/caviar-de-neuvic.com\/en\/shop\/"},{"@type":"ListItem","position":3,"name":"Caviar Baeri Signature &#8211; Courte DDM"}]},{"@type":"WebSite","@id":"http:\/\/caviar-de-neuvic.com\/fr\/#website","url":"http:\/\/caviar-de-neuvic.com\/fr\/","name":"Producteur Fran\u00e7ais De Caviar","description":"","publisher":{"@id":"http:\/\/caviar-de-neuvic.com\/fr\/#organization"},"potentialAction":[{"@type":"SearchAction","target":{"@type":"EntryPoint","urlTemplate":"http:\/\/caviar-de-neuvic.com\/fr\/?s={search_term_string}"},"query-input":{"@type":"PropertyValueSpecification","valueRequired":true,"valueName":"search_term_string"}}],"inLanguage":"es"},{"@type":"Organization","@id":"http:\/\/caviar-de-neuvic.com\/fr\/#organization","name":"Producteur Fran\u00e7ais De Caviar","url":"http:\/\/caviar-de-neuvic.com\/fr\/","logo":{"@type":"ImageObject","inLanguage":"es","@id":"http:\/\/caviar-de-neuvic.com\/fr\/#\/schema\/logo\/image\/","url":"","contentUrl":"","caption":"Producteur Fran\u00e7ais De Caviar"},"image":{"@id":"http:\/\/caviar-de-neuvic.com\/fr\/#\/schema\/logo\/image\/"}}]}},"_links":{"self":[{"href":"https:\/\/caviar-de-neuvic.com\/es_es\/wp-json\/wp\/v2\/product\/1347","targetHints":{"allow":["GET"]}}],"collection":[{"href":"https:\/\/caviar-de-neuvic.com\/es_es\/wp-json\/wp\/v2\/product"}],"about":[{"href":"https:\/\/caviar-de-neuvic.com\/es_es\/wp-json\/wp\/v2\/types\/product"}],"version-history":[{"count":6,"href":"https:\/\/caviar-de-neuvic.com\/es_es\/wp-json\/wp\/v2\/product\/1347\/revisions"}],"predecessor-version":[{"id":38337,"href":"https:\/\/caviar-de-neuvic.com\/es_es\/wp-json\/wp\/v2\/product\/1347\/revisions\/38337"}],"wp:featuredmedia":[{"embeddable":true,"href":"https:\/\/caviar-de-neuvic.com\/es_es\/wp-json\/wp\/v2\/media\/1343"}],"wp:attachment":[{"href":"https:\/\/caviar-de-neuvic.com\/es_es\/wp-json\/wp\/v2\/media?parent=1347"}],"wp:term":[{"taxonomy":"product_brand","embeddable":true,"href":"https:\/\/caviar-de-neuvic.com\/es_es\/wp-json\/wp\/v2\/product_brand?post=1347"},{"taxonomy":"product_cat","embeddable":true,"href":"https:\/\/caviar-de-neuvic.com\/es_es\/wp-json\/wp\/v2\/product_cat?post=1347"},{"taxonomy":"product_tag","embeddable":true,"href":"https:\/\/caviar-de-neuvic.com\/es_es\/wp-json\/wp\/v2\/product_tag?post=1347"}],"curies":[{"name":"wp","href":"https:\/\/api.w.org\/{rel}","templated":true}]}}