{"id":1834,"date":"2022-09-29T14:36:55","date_gmt":"2022-09-29T14:36:55","guid":{"rendered":"https:\/\/caviar-de-neuvic.com\/produits\/oeufs-de-truite-biologiques\/"},"modified":"2026-04-02T10:52:15","modified_gmt":"2026-04-02T08:52:15","slug":"oeufs-de-truite-biologiques-2","status":"publish","type":"product","link":"https:\/\/caviar-de-neuvic.com\/es_es\/p\/accueil\/oeufs-de-poisson\/oeufs-de-truite-biologiques-2\/","title":{"rendered":"Huevos de trucha ecol\u00f3gicos"},"content":{"rendered":"<div class=\"col-md-3 titre\">Sugerencia de consumo<\/div>\n<div class=\"col-md-9\">\n<p>Para degustar solo o sobre tostadas (blinis), con un poco de nata fresca. M\u00e1s suave que las huevas de salm\u00f3n, combina perfectamente con un carpaccio de vieiras, salm\u00f3n fresco, huevos revueltos o pasados por agua, patatas.<\/p>\n<\/div>\n<div class=\"col-md-3 titre\">Valores nutricionales<\/div>\n<div class=\"col-md-9\">\n<table class=\"table table-bordered valeurs\" border=\"1\">\n<thead>\n<tr>\n<th colspan=\"4\">Por 100 g<\/th>\n<\/tr>\n<\/thead>\n<tbody>\n<tr>\n<td>Valor energ\u00e9tico (Kcal)<\/td>\n<td>197<\/td>\n<td>L\u00edpidos (g) de los cuales \u00e1cidos grasos saturados (g)<\/td>\n<td>9,7\u00a0(1,89)<\/td>\n<\/tr>\n<tr>\n<td>Valor energ\u00e9tico (kJ)<\/td>\n<td>824<\/td>\n<td>Gl\u00facidos (g) de los cuales az\u00facares (g)<\/td>\n<td>&lt; 0,5\u00a0(&lt; 0,5)<\/td>\n<\/tr>\n<tr>\n<td>Prote\u00ednas (g)<\/td>\n<td>27,3<\/td>\n<td>Sal (g)<\/td>\n<td>2,55<\/td>\n<\/tr>\n<\/tbody>\n<\/table>\n<\/div>","protected":false},"excerpt":{"rendered":"<p>Las huevas de trucha proceden de la especie Oncorhynchus Mykiss, originaria de Francia.<\/p>\n<p>M\u00e1s suaves que los huevos de salm\u00f3n,\u00a0<a href=\"https:\/\/caviar-de-neuvic.com\/es_es\/neuvic-epicerie\/113-oeufs-de-saumon-50-g.html\/\">los huevos de salm\u00f3n,<\/a>Esto supone que las huevas han alcanzado un grado de madurez suficiente.\u00a0<a href=\"https:\/\/caviar-de-neuvic.com\/es_es\/neuvic-epicerie\/113-oeufs-de-saumon-50-g.html\/\">los huevos de salm\u00f3n,<\/a>los huevos de trucha tienen una textura crujiente y ofrecen una explosi\u00f3n en boca que revela las notas yodadas caracter\u00edsticas de esta especie. Caviar de Neuvic se mantiene fiel a su filosof\u00eda de valorizar al m\u00e1ximo los productos elaborados en Francia y de ofrecer una gama m\u00e1s amplia de huevos de pescado para satisfacer todos los gustos.<\/p>\n<p>Descubra la aut\u00e9ntica delicadeza de nuestras huevas de trucha ecol\u00f3gicas, un manjar natural que combina la frescura de las huevas de trucha con un enfoque respetuoso con el medio ambiente. Estas huevas, producidas seg\u00fan rigurosas normas ecol\u00f3gicas, ofrecen una experiencia gustativa pura y llena de sabor.<\/p>\n<p>Ideales para acompa\u00f1ar\u00a0<a href=\"https:\/\/caviar-de-neuvic.com\/es_es\/neuvic-epicerie\/115-minis-blinis-par-16-135-g.html\/\">blinis<\/a>\u00a0o decorar un plato, estos huevos crujientes explotan en la boca.<\/p>","protected":false},"featured_media":1830,"template":"","meta":{"_acf_changed":false,"ocean_post_layout":"","ocean_both_sidebars_style":"","ocean_both_sidebars_content_width":0,"ocean_both_sidebars_sidebars_width":0,"ocean_sidebar":"0","ocean_second_sidebar":"0","ocean_disable_margins":"enable","ocean_add_body_class":"","ocean_shortcode_before_top_bar":"","ocean_shortcode_after_top_bar":"","ocean_shortcode_before_header":"","ocean_shortcode_after_header":"","ocean_has_shortcode":"","ocean_shortcode_after_title":"","ocean_shortcode_before_footer_widgets":"","ocean_shortcode_after_footer_widgets":"","ocean_shortcode_before_footer_bottom":"","ocean_shortcode_after_footer_bottom":"","ocean_display_top_bar":"default","ocean_display_header":"default","ocean_header_style":"","ocean_center_header_left_menu":"0","ocean_custom_header_template":"0","ocean_custom_logo":0,"ocean_custom_retina_logo":0,"ocean_custom_logo_max_width":0,"ocean_custom_logo_tablet_max_width":0,"ocean_custom_logo_mobile_max_width":0,"ocean_custom_logo_max_height":0,"ocean_custom_logo_tablet_max_height":0,"ocean_custom_logo_mobile_max_height":0,"ocean_header_custom_menu":"0","ocean_menu_typo_font_family":"0","ocean_menu_typo_font_subset":"","ocean_menu_typo_font_size":0,"ocean_menu_typo_font_size_tablet":0,"ocean_menu_typo_font_size_mobile":0,"ocean_menu_typo_font_size_unit":"px","ocean_menu_typo_font_weight":"","ocean_menu_typo_font_weight_tablet":"","ocean_menu_typo_font_weight_mobile":"","ocean_menu_typo_transform":"","ocean_menu_typo_transform_tablet":"","ocean_menu_typo_transform_mobile":"","ocean_menu_typo_line_height":0,"ocean_menu_typo_line_height_tablet":0,"ocean_menu_typo_line_height_mobile":0,"ocean_menu_typo_line_height_unit":"","ocean_menu_typo_spacing":0,"ocean_menu_typo_spacing_tablet":0,"ocean_menu_typo_spacing_mobile":0,"ocean_menu_typo_spacing_unit":"","ocean_menu_link_color":"","ocean_menu_link_color_hover":"","ocean_menu_link_color_active":"","ocean_menu_link_background":"","ocean_menu_link_hover_background":"","ocean_menu_link_active_background":"","ocean_menu_social_links_bg":"","ocean_menu_social_hover_links_bg":"","ocean_menu_social_links_color":"","ocean_menu_social_hover_links_color":"","ocean_disable_title":"default","ocean_disable_heading":"default","ocean_post_title":"","ocean_post_subheading":"","ocean_post_title_style":"","ocean_post_title_background_color":"","ocean_post_title_background":0,"ocean_post_title_bg_image_position":"","ocean_post_title_bg_image_attachment":"","ocean_post_title_bg_image_repeat":"","ocean_post_title_bg_image_size":"","ocean_post_title_height":0,"ocean_post_title_bg_overlay":0.5,"ocean_post_title_bg_overlay_color":"","ocean_disable_breadcrumbs":"default","ocean_breadcrumbs_color":"","ocean_breadcrumbs_separator_color":"","ocean_breadcrumbs_links_color":"","ocean_breadcrumbs_links_hover_color":"","ocean_display_footer_widgets":"default","ocean_display_footer_bottom":"default","ocean_custom_footer_template":"0","omw_enable_modal_window":"enable"},"product_brand":[314],"product_cat":[310,26],"product_tag":[],"class_list":{"0":"post-1834","1":"product","2":"type-product","3":"status-publish","4":"has-post-thumbnail","6":"product_brand-agriculture-biologique","7":"product_cat-notre-gamme-biologique","8":"product_cat-oeufs-de-poisson","9":"pa_choisissezlepoids-100g","10":"pa_choisissezlepoids-250g","11":"pa_choisissezlepoids-50g","12":"pa_conservation-04c","13":"pa_dlc-12mois","15":"entry","16":"has-media","18":"first","19":"instock","20":"taxable","21":"shipping-taxable","22":"purchasable","23":"product-type-variable","24":"has-default-attributes","25":"has-product-nav","26":"col","27":"span_1_of_3","28":"owp-content-center","29":"item-entry","30":"owp-thumbs-layout-vertical","31":"owp-btn-normal","32":"owp-tabs-layout-horizontal"},"acf":[],"yoast_head":"<!-- This site is optimized with the Yoast SEO plugin v27.4 - https:\/\/yoast.com\/product\/yoast-seo-wordpress\/ -->\n<title>Oeufs de truite biologique - Caviar de Neuvic<\/title>\n<meta name=\"description\" content=\"Les \u0153ufs de Truite bio proviennent de l\u2019esp\u00e8ce Oncorhynchus Mykiss, issus de poissons origine France. Plus petits et plus croquants que les oeufs de saumon.\" \/>\n<meta name=\"robots\" content=\"index, follow, max-snippet:-1, max-image-preview:large, max-video-preview:-1\" \/>\n<link rel=\"canonical\" href=\"https:\/\/caviar-de-neuvic.com\/es_es\/p\/accueil\/oeufs-de-poisson\/oeufs-de-truite-biologiques-2\/\" \/>\n<meta property=\"og:locale\" content=\"es_ES\" \/>\n<meta property=\"og:type\" content=\"article\" \/>\n<meta property=\"og:title\" content=\"Oeufs de truite biologique - Caviar de Neuvic\" \/>\n<meta property=\"og:description\" content=\"Les \u0153ufs de Truite bio proviennent de l\u2019esp\u00e8ce Oncorhynchus Mykiss, issus de poissons origine France. Plus petits et plus croquants que les oeufs de saumon.\" \/>\n<meta property=\"og:url\" content=\"https:\/\/caviar-de-neuvic.com\/es_es\/p\/accueil\/oeufs-de-poisson\/oeufs-de-truite-biologiques-2\/\" \/>\n<meta property=\"og:site_name\" content=\"Producteur Fran\u00e7ais De Caviar\" \/>\n<meta property=\"article:modified_time\" content=\"2026-04-02T08:52:15+00:00\" \/>\n<meta property=\"og:image\" content=\"https:\/\/caviar-de-neuvic.com\/wp-content\/uploads\/2022\/09\/2763-Oeufs-de-truite-biologiques.jpg\" \/>\n\t<meta property=\"og:image:width\" content=\"1100\" \/>\n\t<meta property=\"og:image:height\" content=\"1422\" \/>\n\t<meta property=\"og:image:type\" content=\"image\/jpeg\" \/>\n<meta name=\"twitter:card\" content=\"summary_large_image\" \/>\n<meta name=\"twitter:label1\" content=\"Tiempo de lectura\" \/>\n\t<meta name=\"twitter:data1\" content=\"1 minuto\" \/>\n<script type=\"application\/ld+json\" class=\"yoast-schema-graph\">{\"@context\":\"https:\\\/\\\/schema.org\",\"@graph\":[{\"@type\":\"WebPage\",\"@id\":\"https:\\\/\\\/caviar-de-neuvic.com\\\/p\\\/accueil\\\/oeufs-de-poisson\\\/oeufs-de-truite-biologiques-2\\\/\",\"url\":\"https:\\\/\\\/caviar-de-neuvic.com\\\/p\\\/accueil\\\/oeufs-de-poisson\\\/oeufs-de-truite-biologiques-2\\\/\",\"name\":\"Oeufs de truite biologique - Caviar de Neuvic\",\"isPartOf\":{\"@id\":\"http:\\\/\\\/caviar-de-neuvic.com\\\/fr\\\/#website\"},\"primaryImageOfPage\":{\"@id\":\"https:\\\/\\\/caviar-de-neuvic.com\\\/p\\\/accueil\\\/oeufs-de-poisson\\\/oeufs-de-truite-biologiques-2\\\/#primaryimage\"},\"image\":{\"@id\":\"https:\\\/\\\/caviar-de-neuvic.com\\\/p\\\/accueil\\\/oeufs-de-poisson\\\/oeufs-de-truite-biologiques-2\\\/#primaryimage\"},\"thumbnailUrl\":\"https:\\\/\\\/caviar-de-neuvic.com\\\/wp-content\\\/uploads\\\/2022\\\/09\\\/2763-Oeufs-de-truite-biologiques.jpg\",\"datePublished\":\"2022-09-29T14:36:55+00:00\",\"dateModified\":\"2026-04-02T08:52:15+00:00\",\"description\":\"Les \u0153ufs de Truite bio proviennent de l\u2019esp\u00e8ce Oncorhynchus Mykiss, issus de poissons origine France. Plus petits et plus croquants que les oeufs de saumon.\",\"breadcrumb\":{\"@id\":\"https:\\\/\\\/caviar-de-neuvic.com\\\/p\\\/accueil\\\/oeufs-de-poisson\\\/oeufs-de-truite-biologiques-2\\\/#breadcrumb\"},\"inLanguage\":\"es\",\"potentialAction\":[{\"@type\":\"ReadAction\",\"target\":[\"https:\\\/\\\/caviar-de-neuvic.com\\\/p\\\/accueil\\\/oeufs-de-poisson\\\/oeufs-de-truite-biologiques-2\\\/\"]}]},{\"@type\":\"ImageObject\",\"inLanguage\":\"es\",\"@id\":\"https:\\\/\\\/caviar-de-neuvic.com\\\/p\\\/accueil\\\/oeufs-de-poisson\\\/oeufs-de-truite-biologiques-2\\\/#primaryimage\",\"url\":\"https:\\\/\\\/caviar-de-neuvic.com\\\/wp-content\\\/uploads\\\/2022\\\/09\\\/2763-Oeufs-de-truite-biologiques.jpg\",\"contentUrl\":\"https:\\\/\\\/caviar-de-neuvic.com\\\/wp-content\\\/uploads\\\/2022\\\/09\\\/2763-Oeufs-de-truite-biologiques.jpg\",\"width\":1100,\"height\":1422,\"caption\":\"Oeufs de truite biologiques\"},{\"@type\":\"BreadcrumbList\",\"@id\":\"https:\\\/\\\/caviar-de-neuvic.com\\\/p\\\/accueil\\\/oeufs-de-poisson\\\/oeufs-de-truite-biologiques-2\\\/#breadcrumb\",\"itemListElement\":[{\"@type\":\"ListItem\",\"position\":1,\"name\":\"Caviar de Neuvic\",\"item\":\"https:\\\/\\\/caviar-de-neuvic.com\\\/\"},{\"@type\":\"ListItem\",\"position\":2,\"name\":\"Shop\",\"item\":\"https:\\\/\\\/caviar-de-neuvic.com\\\/en\\\/shop\\\/\"},{\"@type\":\"ListItem\",\"position\":3,\"name\":\"Oeufs de truite biologiques\"}]},{\"@type\":\"WebSite\",\"@id\":\"http:\\\/\\\/caviar-de-neuvic.com\\\/fr\\\/#website\",\"url\":\"http:\\\/\\\/caviar-de-neuvic.com\\\/fr\\\/\",\"name\":\"Producteur Fran\u00e7ais De Caviar\",\"description\":\"\",\"publisher\":{\"@id\":\"http:\\\/\\\/caviar-de-neuvic.com\\\/fr\\\/#organization\"},\"potentialAction\":[{\"@type\":\"SearchAction\",\"target\":{\"@type\":\"EntryPoint\",\"urlTemplate\":\"http:\\\/\\\/caviar-de-neuvic.com\\\/fr\\\/?s={search_term_string}\"},\"query-input\":{\"@type\":\"PropertyValueSpecification\",\"valueRequired\":true,\"valueName\":\"search_term_string\"}}],\"inLanguage\":\"es\"},{\"@type\":\"Organization\",\"@id\":\"http:\\\/\\\/caviar-de-neuvic.com\\\/fr\\\/#organization\",\"name\":\"Producteur Fran\u00e7ais De Caviar\",\"url\":\"http:\\\/\\\/caviar-de-neuvic.com\\\/fr\\\/\",\"logo\":{\"@type\":\"ImageObject\",\"inLanguage\":\"es\",\"@id\":\"http:\\\/\\\/caviar-de-neuvic.com\\\/fr\\\/#\\\/schema\\\/logo\\\/image\\\/\",\"url\":\"\",\"contentUrl\":\"\",\"caption\":\"Producteur Fran\u00e7ais De Caviar\"},\"image\":{\"@id\":\"http:\\\/\\\/caviar-de-neuvic.com\\\/fr\\\/#\\\/schema\\\/logo\\\/image\\\/\"}}]}<\/script>\n<!-- \/ Yoast SEO plugin. -->","yoast_head_json":{"title":"Oeufs de truite biologique - Caviar de Neuvic","description":"Les \u0153ufs de Truite bio proviennent de l\u2019esp\u00e8ce Oncorhynchus Mykiss, issus de poissons origine France. Plus petits et plus croquants que les oeufs de saumon.","robots":{"index":"index","follow":"follow","max-snippet":"max-snippet:-1","max-image-preview":"max-image-preview:large","max-video-preview":"max-video-preview:-1"},"canonical":"https:\/\/caviar-de-neuvic.com\/es_es\/p\/accueil\/oeufs-de-poisson\/oeufs-de-truite-biologiques-2\/","og_locale":"es_ES","og_type":"article","og_title":"Oeufs de truite biologique - Caviar de Neuvic","og_description":"Les \u0153ufs de Truite bio proviennent de l\u2019esp\u00e8ce Oncorhynchus Mykiss, issus de poissons origine France. Plus petits et plus croquants que les oeufs de saumon.","og_url":"https:\/\/caviar-de-neuvic.com\/es_es\/p\/accueil\/oeufs-de-poisson\/oeufs-de-truite-biologiques-2\/","og_site_name":"Producteur Fran\u00e7ais De Caviar","article_modified_time":"2026-04-02T08:52:15+00:00","og_image":[{"width":1100,"height":1422,"url":"https:\/\/caviar-de-neuvic.com\/wp-content\/uploads\/2022\/09\/2763-Oeufs-de-truite-biologiques.jpg","type":"image\/jpeg"}],"twitter_card":"summary_large_image","twitter_misc":{"Tiempo de lectura":"1 minuto"},"schema":{"@context":"https:\/\/schema.org","@graph":[{"@type":"WebPage","@id":"https:\/\/caviar-de-neuvic.com\/p\/accueil\/oeufs-de-poisson\/oeufs-de-truite-biologiques-2\/","url":"https:\/\/caviar-de-neuvic.com\/p\/accueil\/oeufs-de-poisson\/oeufs-de-truite-biologiques-2\/","name":"Oeufs de truite biologique - Caviar de Neuvic","isPartOf":{"@id":"http:\/\/caviar-de-neuvic.com\/fr\/#website"},"primaryImageOfPage":{"@id":"https:\/\/caviar-de-neuvic.com\/p\/accueil\/oeufs-de-poisson\/oeufs-de-truite-biologiques-2\/#primaryimage"},"image":{"@id":"https:\/\/caviar-de-neuvic.com\/p\/accueil\/oeufs-de-poisson\/oeufs-de-truite-biologiques-2\/#primaryimage"},"thumbnailUrl":"https:\/\/caviar-de-neuvic.com\/wp-content\/uploads\/2022\/09\/2763-Oeufs-de-truite-biologiques.jpg","datePublished":"2022-09-29T14:36:55+00:00","dateModified":"2026-04-02T08:52:15+00:00","description":"Les \u0153ufs de Truite bio proviennent de l\u2019esp\u00e8ce Oncorhynchus Mykiss, issus de poissons origine France. Plus petits et plus croquants que les oeufs de saumon.","breadcrumb":{"@id":"https:\/\/caviar-de-neuvic.com\/p\/accueil\/oeufs-de-poisson\/oeufs-de-truite-biologiques-2\/#breadcrumb"},"inLanguage":"es","potentialAction":[{"@type":"ReadAction","target":["https:\/\/caviar-de-neuvic.com\/p\/accueil\/oeufs-de-poisson\/oeufs-de-truite-biologiques-2\/"]}]},{"@type":"ImageObject","inLanguage":"es","@id":"https:\/\/caviar-de-neuvic.com\/p\/accueil\/oeufs-de-poisson\/oeufs-de-truite-biologiques-2\/#primaryimage","url":"https:\/\/caviar-de-neuvic.com\/wp-content\/uploads\/2022\/09\/2763-Oeufs-de-truite-biologiques.jpg","contentUrl":"https:\/\/caviar-de-neuvic.com\/wp-content\/uploads\/2022\/09\/2763-Oeufs-de-truite-biologiques.jpg","width":1100,"height":1422,"caption":"Oeufs de truite biologiques"},{"@type":"BreadcrumbList","@id":"https:\/\/caviar-de-neuvic.com\/p\/accueil\/oeufs-de-poisson\/oeufs-de-truite-biologiques-2\/#breadcrumb","itemListElement":[{"@type":"ListItem","position":1,"name":"Caviar de Neuvic","item":"https:\/\/caviar-de-neuvic.com\/"},{"@type":"ListItem","position":2,"name":"Shop","item":"https:\/\/caviar-de-neuvic.com\/en\/shop\/"},{"@type":"ListItem","position":3,"name":"Oeufs de truite biologiques"}]},{"@type":"WebSite","@id":"http:\/\/caviar-de-neuvic.com\/fr\/#website","url":"http:\/\/caviar-de-neuvic.com\/fr\/","name":"Producteur Fran\u00e7ais De Caviar","description":"","publisher":{"@id":"http:\/\/caviar-de-neuvic.com\/fr\/#organization"},"potentialAction":[{"@type":"SearchAction","target":{"@type":"EntryPoint","urlTemplate":"http:\/\/caviar-de-neuvic.com\/fr\/?s={search_term_string}"},"query-input":{"@type":"PropertyValueSpecification","valueRequired":true,"valueName":"search_term_string"}}],"inLanguage":"es"},{"@type":"Organization","@id":"http:\/\/caviar-de-neuvic.com\/fr\/#organization","name":"Producteur Fran\u00e7ais De Caviar","url":"http:\/\/caviar-de-neuvic.com\/fr\/","logo":{"@type":"ImageObject","inLanguage":"es","@id":"http:\/\/caviar-de-neuvic.com\/fr\/#\/schema\/logo\/image\/","url":"","contentUrl":"","caption":"Producteur Fran\u00e7ais De Caviar"},"image":{"@id":"http:\/\/caviar-de-neuvic.com\/fr\/#\/schema\/logo\/image\/"}}]}},"_links":{"self":[{"href":"https:\/\/caviar-de-neuvic.com\/es_es\/wp-json\/wp\/v2\/product\/1834","targetHints":{"allow":["GET"]}}],"collection":[{"href":"https:\/\/caviar-de-neuvic.com\/es_es\/wp-json\/wp\/v2\/product"}],"about":[{"href":"https:\/\/caviar-de-neuvic.com\/es_es\/wp-json\/wp\/v2\/types\/product"}],"version-history":[{"count":4,"href":"https:\/\/caviar-de-neuvic.com\/es_es\/wp-json\/wp\/v2\/product\/1834\/revisions"}],"predecessor-version":[{"id":36462,"href":"https:\/\/caviar-de-neuvic.com\/es_es\/wp-json\/wp\/v2\/product\/1834\/revisions\/36462"}],"wp:featuredmedia":[{"embeddable":true,"href":"https:\/\/caviar-de-neuvic.com\/es_es\/wp-json\/wp\/v2\/media\/1830"}],"wp:attachment":[{"href":"https:\/\/caviar-de-neuvic.com\/es_es\/wp-json\/wp\/v2\/media?parent=1834"}],"wp:term":[{"taxonomy":"product_brand","embeddable":true,"href":"https:\/\/caviar-de-neuvic.com\/es_es\/wp-json\/wp\/v2\/product_brand?post=1834"},{"taxonomy":"product_cat","embeddable":true,"href":"https:\/\/caviar-de-neuvic.com\/es_es\/wp-json\/wp\/v2\/product_cat?post=1834"},{"taxonomy":"product_tag","embeddable":true,"href":"https:\/\/caviar-de-neuvic.com\/es_es\/wp-json\/wp\/v2\/product_tag?post=1834"}],"curies":[{"name":"wp","href":"https:\/\/api.w.org\/{rel}","templated":true}]}}