{"id":222,"date":"2015-12-13T22:29:02","date_gmt":"2015-12-13T22:29:02","guid":{"rendered":"https:\/\/caviar-de-neuvic.com\/produits\/rillettes-d-esturgeon-a-la-truffe\/"},"modified":"2026-04-27T17:54:14","modified_gmt":"2026-04-27T15:54:14","slug":"rillettes-d-esturgeon-a-la-truffe","status":"publish","type":"product","link":"https:\/\/caviar-de-neuvic.com\/es_es\/p\/accueil\/esturgeon\/rillettes-d-esturgeon\/rillettes-d-esturgeon-a-la-truffe\/","title":{"rendered":"Rillettes de esturi\u00f3n con trufa"},"content":{"rendered":"","protected":false},"excerpt":{"rendered":"<p>El esturi\u00f3n es, en cierto modo, la carne del caviar. Caviar de Neuvic reserva ciertos lomos de esturi\u00f3n para elaborar una colecci\u00f3n de rillettes untuosas. Cada receta aporta un matiz de sabor particular, refinado y original. Como garant\u00eda de calidad, para realizar estas rillettes de esturi\u00f3n, Caviar de Neuvic cont\u00f3 con los valiosos consejos de una empresa de Le Mans.<\/p>\n<p>Las rillettes se elaboran a partir de los lomos de los esturiones utilizados para la producci\u00f3n de caviar. Cada receta aporta un matiz de sabor refinado y original. Estas recetas gourmet sorprender\u00e1n a los clientes por su cremosidad, su frescura y el descubrimiento de un pescado poco consumido en Francia: el esturi\u00f3n.<\/p>\n<p>Descubra la cima de la gastronom\u00eda con nuestras rillettes de esturi\u00f3n con trufa, una creaci\u00f3n refinada que une la delicadeza del esturi\u00f3n con la intensidad envolvente de la trufa. Estas exquisitas rillettes ofrecen una experiencia sensorial \u00fanica que deslumbra al paladar.<\/p>","protected":false},"featured_media":29685,"template":"","meta":{"_acf_changed":false,"ocean_post_layout":"","ocean_both_sidebars_style":"","ocean_both_sidebars_content_width":0,"ocean_both_sidebars_sidebars_width":0,"ocean_sidebar":"0","ocean_second_sidebar":"0","ocean_disable_margins":"enable","ocean_add_body_class":"","ocean_shortcode_before_top_bar":"","ocean_shortcode_after_top_bar":"","ocean_shortcode_before_header":"","ocean_shortcode_after_header":"","ocean_has_shortcode":"","ocean_shortcode_after_title":"","ocean_shortcode_before_footer_widgets":"","ocean_shortcode_after_footer_widgets":"","ocean_shortcode_before_footer_bottom":"","ocean_shortcode_after_footer_bottom":"","ocean_display_top_bar":"default","ocean_display_header":"default","ocean_header_style":"","ocean_center_header_left_menu":"0","ocean_custom_header_template":"0","ocean_custom_logo":0,"ocean_custom_retina_logo":0,"ocean_custom_logo_max_width":0,"ocean_custom_logo_tablet_max_width":0,"ocean_custom_logo_mobile_max_width":0,"ocean_custom_logo_max_height":0,"ocean_custom_logo_tablet_max_height":0,"ocean_custom_logo_mobile_max_height":0,"ocean_header_custom_menu":"0","ocean_menu_typo_font_family":"0","ocean_menu_typo_font_subset":"","ocean_menu_typo_font_size":0,"ocean_menu_typo_font_size_tablet":0,"ocean_menu_typo_font_size_mobile":0,"ocean_menu_typo_font_size_unit":"px","ocean_menu_typo_font_weight":"","ocean_menu_typo_font_weight_tablet":"","ocean_menu_typo_font_weight_mobile":"","ocean_menu_typo_transform":"","ocean_menu_typo_transform_tablet":"","ocean_menu_typo_transform_mobile":"","ocean_menu_typo_line_height":0,"ocean_menu_typo_line_height_tablet":0,"ocean_menu_typo_line_height_mobile":0,"ocean_menu_typo_line_height_unit":"","ocean_menu_typo_spacing":0,"ocean_menu_typo_spacing_tablet":0,"ocean_menu_typo_spacing_mobile":0,"ocean_menu_typo_spacing_unit":"","ocean_menu_link_color":"","ocean_menu_link_color_hover":"","ocean_menu_link_color_active":"","ocean_menu_link_background":"","ocean_menu_link_hover_background":"","ocean_menu_link_active_background":"","ocean_menu_social_links_bg":"","ocean_menu_social_hover_links_bg":"","ocean_menu_social_links_color":"","ocean_menu_social_hover_links_color":"","ocean_disable_title":"default","ocean_disable_heading":"default","ocean_post_title":"","ocean_post_subheading":"","ocean_post_title_style":"","ocean_post_title_background_color":"","ocean_post_title_background":0,"ocean_post_title_bg_image_position":"","ocean_post_title_bg_image_attachment":"","ocean_post_title_bg_image_repeat":"","ocean_post_title_bg_image_size":"","ocean_post_title_height":0,"ocean_post_title_bg_overlay":0.5,"ocean_post_title_bg_overlay_color":"","ocean_disable_breadcrumbs":"default","ocean_breadcrumbs_color":"","ocean_breadcrumbs_separator_color":"","ocean_breadcrumbs_links_color":"","ocean_breadcrumbs_links_hover_color":"","ocean_display_footer_widgets":"default","ocean_display_footer_bottom":"default","ocean_custom_footer_template":"0","omw_enable_modal_window":"enable"},"product_brand":[],"product_cat":[50,24,44],"product_tag":[],"class_list":{"0":"post-222","1":"product","2":"type-product","3":"status-publish","4":"has-post-thumbnail","6":"product_cat-epicerie-truffe","7":"product_cat-esturgeon","8":"product_cat-rillettes-d-esturgeon","9":"product_shipping_class-sec","10":"pa_conservation-6e-dansunendroitfraisetsec_a","11":"pa_livraison-sec","13":"entry","14":"has-media","16":"first","17":"outofstock","18":"taxable","19":"shipping-taxable","20":"purchasable","21":"product-type-simple","22":"has-product-nav","23":"col","24":"span_1_of_3","25":"owp-content-center","26":"item-entry","27":"owp-thumbs-layout-vertical","28":"owp-btn-normal","29":"owp-tabs-layout-horizontal"},"acf":[],"yoast_head":"<!-- This site is optimized with the Yoast SEO plugin v27.5 - https:\/\/yoast.com\/product\/yoast-seo-wordpress\/ -->\n<title>Rillettes d&#039;esturgeon \u00e0 la truffe - Caviar de Neuvic<\/title>\n<meta name=\"description\" content=\"D\u00e9couvrez l&#039;apog\u00e9e de la gastronomie avec nos rillettes d&#039;esturgeon \u00e0 la truffe, une cr\u00e9ation raffin\u00e9e qui unit la d\u00e9licatesse de l&#039;esturgeon \u00e0 l&#039;intensit\u00e9 envo\u00fbtante de la truffe.\" \/>\n<meta name=\"robots\" content=\"index, follow, max-snippet:-1, max-image-preview:large, max-video-preview:-1\" \/>\n<link rel=\"canonical\" href=\"https:\/\/caviar-de-neuvic.com\/es_es\/p\/accueil\/esturgeon\/rillettes-d-esturgeon\/rillettes-d-esturgeon-a-la-truffe\/\" \/>\n<meta property=\"og:locale\" content=\"es_ES\" \/>\n<meta property=\"og:type\" content=\"article\" \/>\n<meta property=\"og:title\" content=\"Rillettes d&#039;esturgeon \u00e0 la truffe - Caviar de Neuvic\" \/>\n<meta property=\"og:description\" content=\"D\u00e9couvrez l&#039;apog\u00e9e de la gastronomie avec nos rillettes d&#039;esturgeon \u00e0 la truffe, une cr\u00e9ation raffin\u00e9e qui unit la d\u00e9licatesse de l&#039;esturgeon \u00e0 l&#039;intensit\u00e9 envo\u00fbtante de la truffe.\" \/>\n<meta property=\"og:url\" content=\"https:\/\/caviar-de-neuvic.com\/es_es\/p\/accueil\/esturgeon\/rillettes-d-esturgeon\/rillettes-d-esturgeon-a-la-truffe\/\" \/>\n<meta property=\"og:site_name\" content=\"Producteur Fran\u00e7ais De Caviar\" \/>\n<meta property=\"article:modified_time\" content=\"2026-04-27T15:54:14+00:00\" \/>\n<meta property=\"og:image\" content=\"https:\/\/caviar-de-neuvic.com\/wp-content\/uploads\/2015\/12\/1981-Rillettes-desturgeon-a-la-truffe-dete-90-grammes.jpg\" \/>\n\t<meta property=\"og:image:width\" content=\"1100\" \/>\n\t<meta property=\"og:image:height\" content=\"1422\" \/>\n\t<meta property=\"og:image:type\" content=\"image\/jpeg\" \/>\n<meta name=\"twitter:card\" content=\"summary_large_image\" \/>\n<meta name=\"twitter:label1\" content=\"Tiempo de lectura\" \/>\n\t<meta name=\"twitter:data1\" content=\"1 minuto\" \/>\n<script type=\"application\/ld+json\" class=\"yoast-schema-graph\">{\"@context\":\"https:\\\/\\\/schema.org\",\"@graph\":[{\"@type\":\"WebPage\",\"@id\":\"https:\\\/\\\/caviar-de-neuvic.com\\\/p\\\/accueil\\\/esturgeon\\\/rillettes-d-esturgeon\\\/rillettes-d-esturgeon-a-la-truffe\\\/\",\"url\":\"https:\\\/\\\/caviar-de-neuvic.com\\\/p\\\/accueil\\\/esturgeon\\\/rillettes-d-esturgeon\\\/rillettes-d-esturgeon-a-la-truffe\\\/\",\"name\":\"Rillettes d'esturgeon \u00e0 la truffe - Caviar de Neuvic\",\"isPartOf\":{\"@id\":\"http:\\\/\\\/caviar-de-neuvic.com\\\/fr\\\/#website\"},\"primaryImageOfPage\":{\"@id\":\"https:\\\/\\\/caviar-de-neuvic.com\\\/p\\\/accueil\\\/esturgeon\\\/rillettes-d-esturgeon\\\/rillettes-d-esturgeon-a-la-truffe\\\/#primaryimage\"},\"image\":{\"@id\":\"https:\\\/\\\/caviar-de-neuvic.com\\\/p\\\/accueil\\\/esturgeon\\\/rillettes-d-esturgeon\\\/rillettes-d-esturgeon-a-la-truffe\\\/#primaryimage\"},\"thumbnailUrl\":\"https:\\\/\\\/caviar-de-neuvic.com\\\/wp-content\\\/uploads\\\/2015\\\/12\\\/1981-Rillettes-desturgeon-a-la-truffe-dete-90-grammes.jpg\",\"datePublished\":\"2015-12-13T22:29:02+00:00\",\"dateModified\":\"2026-04-27T15:54:14+00:00\",\"description\":\"D\u00e9couvrez l'apog\u00e9e de la gastronomie avec nos rillettes d'esturgeon \u00e0 la truffe, une cr\u00e9ation raffin\u00e9e qui unit la d\u00e9licatesse de l'esturgeon \u00e0 l'intensit\u00e9 envo\u00fbtante de la truffe.\",\"breadcrumb\":{\"@id\":\"https:\\\/\\\/caviar-de-neuvic.com\\\/p\\\/accueil\\\/esturgeon\\\/rillettes-d-esturgeon\\\/rillettes-d-esturgeon-a-la-truffe\\\/#breadcrumb\"},\"inLanguage\":\"es\",\"potentialAction\":[{\"@type\":\"ReadAction\",\"target\":[\"https:\\\/\\\/caviar-de-neuvic.com\\\/p\\\/accueil\\\/esturgeon\\\/rillettes-d-esturgeon\\\/rillettes-d-esturgeon-a-la-truffe\\\/\"]}]},{\"@type\":\"ImageObject\",\"inLanguage\":\"es\",\"@id\":\"https:\\\/\\\/caviar-de-neuvic.com\\\/p\\\/accueil\\\/esturgeon\\\/rillettes-d-esturgeon\\\/rillettes-d-esturgeon-a-la-truffe\\\/#primaryimage\",\"url\":\"https:\\\/\\\/caviar-de-neuvic.com\\\/wp-content\\\/uploads\\\/2015\\\/12\\\/1981-Rillettes-desturgeon-a-la-truffe-dete-90-grammes.jpg\",\"contentUrl\":\"https:\\\/\\\/caviar-de-neuvic.com\\\/wp-content\\\/uploads\\\/2015\\\/12\\\/1981-Rillettes-desturgeon-a-la-truffe-dete-90-grammes.jpg\",\"width\":1100,\"height\":1422,\"caption\":\"Rillettes d'esturgeon \u00e0 la truffe d'\u00e9t\u00e9 - 90 grammes\"},{\"@type\":\"BreadcrumbList\",\"@id\":\"https:\\\/\\\/caviar-de-neuvic.com\\\/p\\\/accueil\\\/esturgeon\\\/rillettes-d-esturgeon\\\/rillettes-d-esturgeon-a-la-truffe\\\/#breadcrumb\",\"itemListElement\":[{\"@type\":\"ListItem\",\"position\":1,\"name\":\"Caviar de Neuvic\",\"item\":\"https:\\\/\\\/caviar-de-neuvic.com\\\/\"},{\"@type\":\"ListItem\",\"position\":2,\"name\":\"Shop\",\"item\":\"https:\\\/\\\/caviar-de-neuvic.com\\\/en\\\/shop\\\/\"},{\"@type\":\"ListItem\",\"position\":3,\"name\":\"Rillettes d&rsquo;esturgeon \u00e0 la truffe\"}]},{\"@type\":\"WebSite\",\"@id\":\"http:\\\/\\\/caviar-de-neuvic.com\\\/fr\\\/#website\",\"url\":\"http:\\\/\\\/caviar-de-neuvic.com\\\/fr\\\/\",\"name\":\"Producteur Fran\u00e7ais De Caviar\",\"description\":\"\",\"publisher\":{\"@id\":\"http:\\\/\\\/caviar-de-neuvic.com\\\/fr\\\/#organization\"},\"potentialAction\":[{\"@type\":\"SearchAction\",\"target\":{\"@type\":\"EntryPoint\",\"urlTemplate\":\"http:\\\/\\\/caviar-de-neuvic.com\\\/fr\\\/?s={search_term_string}\"},\"query-input\":{\"@type\":\"PropertyValueSpecification\",\"valueRequired\":true,\"valueName\":\"search_term_string\"}}],\"inLanguage\":\"es\"},{\"@type\":\"Organization\",\"@id\":\"http:\\\/\\\/caviar-de-neuvic.com\\\/fr\\\/#organization\",\"name\":\"Producteur Fran\u00e7ais De Caviar\",\"url\":\"http:\\\/\\\/caviar-de-neuvic.com\\\/fr\\\/\",\"logo\":{\"@type\":\"ImageObject\",\"inLanguage\":\"es\",\"@id\":\"http:\\\/\\\/caviar-de-neuvic.com\\\/fr\\\/#\\\/schema\\\/logo\\\/image\\\/\",\"url\":\"\",\"contentUrl\":\"\",\"caption\":\"Producteur Fran\u00e7ais De Caviar\"},\"image\":{\"@id\":\"http:\\\/\\\/caviar-de-neuvic.com\\\/fr\\\/#\\\/schema\\\/logo\\\/image\\\/\"}}]}<\/script>\n<!-- \/ Yoast SEO plugin. -->","yoast_head_json":{"title":"Rillettes d'esturgeon \u00e0 la truffe - Caviar de Neuvic","description":"D\u00e9couvrez l'apog\u00e9e de la gastronomie avec nos rillettes d'esturgeon \u00e0 la truffe, une cr\u00e9ation raffin\u00e9e qui unit la d\u00e9licatesse de l'esturgeon \u00e0 l'intensit\u00e9 envo\u00fbtante de la truffe.","robots":{"index":"index","follow":"follow","max-snippet":"max-snippet:-1","max-image-preview":"max-image-preview:large","max-video-preview":"max-video-preview:-1"},"canonical":"https:\/\/caviar-de-neuvic.com\/es_es\/p\/accueil\/esturgeon\/rillettes-d-esturgeon\/rillettes-d-esturgeon-a-la-truffe\/","og_locale":"es_ES","og_type":"article","og_title":"Rillettes d'esturgeon \u00e0 la truffe - Caviar de Neuvic","og_description":"D\u00e9couvrez l'apog\u00e9e de la gastronomie avec nos rillettes d'esturgeon \u00e0 la truffe, une cr\u00e9ation raffin\u00e9e qui unit la d\u00e9licatesse de l'esturgeon \u00e0 l'intensit\u00e9 envo\u00fbtante de la truffe.","og_url":"https:\/\/caviar-de-neuvic.com\/es_es\/p\/accueil\/esturgeon\/rillettes-d-esturgeon\/rillettes-d-esturgeon-a-la-truffe\/","og_site_name":"Producteur Fran\u00e7ais De Caviar","article_modified_time":"2026-04-27T15:54:14+00:00","og_image":[{"width":1100,"height":1422,"url":"https:\/\/caviar-de-neuvic.com\/wp-content\/uploads\/2015\/12\/1981-Rillettes-desturgeon-a-la-truffe-dete-90-grammes.jpg","type":"image\/jpeg"}],"twitter_card":"summary_large_image","twitter_misc":{"Tiempo de lectura":"1 minuto"},"schema":{"@context":"https:\/\/schema.org","@graph":[{"@type":"WebPage","@id":"https:\/\/caviar-de-neuvic.com\/p\/accueil\/esturgeon\/rillettes-d-esturgeon\/rillettes-d-esturgeon-a-la-truffe\/","url":"https:\/\/caviar-de-neuvic.com\/p\/accueil\/esturgeon\/rillettes-d-esturgeon\/rillettes-d-esturgeon-a-la-truffe\/","name":"Rillettes d'esturgeon \u00e0 la truffe - Caviar de Neuvic","isPartOf":{"@id":"http:\/\/caviar-de-neuvic.com\/fr\/#website"},"primaryImageOfPage":{"@id":"https:\/\/caviar-de-neuvic.com\/p\/accueil\/esturgeon\/rillettes-d-esturgeon\/rillettes-d-esturgeon-a-la-truffe\/#primaryimage"},"image":{"@id":"https:\/\/caviar-de-neuvic.com\/p\/accueil\/esturgeon\/rillettes-d-esturgeon\/rillettes-d-esturgeon-a-la-truffe\/#primaryimage"},"thumbnailUrl":"https:\/\/caviar-de-neuvic.com\/wp-content\/uploads\/2015\/12\/1981-Rillettes-desturgeon-a-la-truffe-dete-90-grammes.jpg","datePublished":"2015-12-13T22:29:02+00:00","dateModified":"2026-04-27T15:54:14+00:00","description":"D\u00e9couvrez l'apog\u00e9e de la gastronomie avec nos rillettes d'esturgeon \u00e0 la truffe, une cr\u00e9ation raffin\u00e9e qui unit la d\u00e9licatesse de l'esturgeon \u00e0 l'intensit\u00e9 envo\u00fbtante de la truffe.","breadcrumb":{"@id":"https:\/\/caviar-de-neuvic.com\/p\/accueil\/esturgeon\/rillettes-d-esturgeon\/rillettes-d-esturgeon-a-la-truffe\/#breadcrumb"},"inLanguage":"es","potentialAction":[{"@type":"ReadAction","target":["https:\/\/caviar-de-neuvic.com\/p\/accueil\/esturgeon\/rillettes-d-esturgeon\/rillettes-d-esturgeon-a-la-truffe\/"]}]},{"@type":"ImageObject","inLanguage":"es","@id":"https:\/\/caviar-de-neuvic.com\/p\/accueil\/esturgeon\/rillettes-d-esturgeon\/rillettes-d-esturgeon-a-la-truffe\/#primaryimage","url":"https:\/\/caviar-de-neuvic.com\/wp-content\/uploads\/2015\/12\/1981-Rillettes-desturgeon-a-la-truffe-dete-90-grammes.jpg","contentUrl":"https:\/\/caviar-de-neuvic.com\/wp-content\/uploads\/2015\/12\/1981-Rillettes-desturgeon-a-la-truffe-dete-90-grammes.jpg","width":1100,"height":1422,"caption":"Rillettes d'esturgeon \u00e0 la truffe d'\u00e9t\u00e9 - 90 grammes"},{"@type":"BreadcrumbList","@id":"https:\/\/caviar-de-neuvic.com\/p\/accueil\/esturgeon\/rillettes-d-esturgeon\/rillettes-d-esturgeon-a-la-truffe\/#breadcrumb","itemListElement":[{"@type":"ListItem","position":1,"name":"Caviar de Neuvic","item":"https:\/\/caviar-de-neuvic.com\/"},{"@type":"ListItem","position":2,"name":"Shop","item":"https:\/\/caviar-de-neuvic.com\/en\/shop\/"},{"@type":"ListItem","position":3,"name":"Rillettes d&rsquo;esturgeon \u00e0 la truffe"}]},{"@type":"WebSite","@id":"http:\/\/caviar-de-neuvic.com\/fr\/#website","url":"http:\/\/caviar-de-neuvic.com\/fr\/","name":"Producteur Fran\u00e7ais De Caviar","description":"","publisher":{"@id":"http:\/\/caviar-de-neuvic.com\/fr\/#organization"},"potentialAction":[{"@type":"SearchAction","target":{"@type":"EntryPoint","urlTemplate":"http:\/\/caviar-de-neuvic.com\/fr\/?s={search_term_string}"},"query-input":{"@type":"PropertyValueSpecification","valueRequired":true,"valueName":"search_term_string"}}],"inLanguage":"es"},{"@type":"Organization","@id":"http:\/\/caviar-de-neuvic.com\/fr\/#organization","name":"Producteur Fran\u00e7ais De Caviar","url":"http:\/\/caviar-de-neuvic.com\/fr\/","logo":{"@type":"ImageObject","inLanguage":"es","@id":"http:\/\/caviar-de-neuvic.com\/fr\/#\/schema\/logo\/image\/","url":"","contentUrl":"","caption":"Producteur Fran\u00e7ais De Caviar"},"image":{"@id":"http:\/\/caviar-de-neuvic.com\/fr\/#\/schema\/logo\/image\/"}}]}},"_links":{"self":[{"href":"https:\/\/caviar-de-neuvic.com\/es_es\/wp-json\/wp\/v2\/product\/222","targetHints":{"allow":["GET"]}}],"collection":[{"href":"https:\/\/caviar-de-neuvic.com\/es_es\/wp-json\/wp\/v2\/product"}],"about":[{"href":"https:\/\/caviar-de-neuvic.com\/es_es\/wp-json\/wp\/v2\/types\/product"}],"version-history":[{"count":5,"href":"https:\/\/caviar-de-neuvic.com\/es_es\/wp-json\/wp\/v2\/product\/222\/revisions"}],"predecessor-version":[{"id":29865,"href":"https:\/\/caviar-de-neuvic.com\/es_es\/wp-json\/wp\/v2\/product\/222\/revisions\/29865"}],"wp:featuredmedia":[{"embeddable":true,"href":"https:\/\/caviar-de-neuvic.com\/es_es\/wp-json\/wp\/v2\/media\/29685"}],"wp:attachment":[{"href":"https:\/\/caviar-de-neuvic.com\/es_es\/wp-json\/wp\/v2\/media?parent=222"}],"wp:term":[{"taxonomy":"product_brand","embeddable":true,"href":"https:\/\/caviar-de-neuvic.com\/es_es\/wp-json\/wp\/v2\/product_brand?post=222"},{"taxonomy":"product_cat","embeddable":true,"href":"https:\/\/caviar-de-neuvic.com\/es_es\/wp-json\/wp\/v2\/product_cat?post=222"},{"taxonomy":"product_tag","embeddable":true,"href":"https:\/\/caviar-de-neuvic.com\/es_es\/wp-json\/wp\/v2\/product_tag?post=222"}],"curies":[{"name":"wp","href":"https:\/\/api.w.org\/{rel}","templated":true}]}}