{"id":2226,"date":"2024-03-18T17:23:24","date_gmt":"2024-03-18T17:23:24","guid":{"rendered":"https:\/\/caviar-de-neuvic.com\/produits\/oeufs-de-saumon-salmo-salar-100g-dlc-courte\/"},"modified":"2026-04-02T10:52:14","modified_gmt":"2026-04-02T08:52:14","slug":"oeufs-de-saumon-salmo-salar-100g-dlc-courte","status":"publish","type":"product","link":"https:\/\/caviar-de-neuvic.com\/es_es\/p\/accueil\/offres-anti-gaspillage\/oeufs-de-saumon-salmo-salar-100g-dlc-courte\/","title":{"rendered":"Huevas de salm\u00f3n Salmo Salar 100 g \u2013 Caducidad corta"},"content":{"rendered":"<div class=\"col-md-3 titre\">Sugerencia de consumo<\/div>\n<div class=\"col-md-9\">\n<p>Para degustar solo o sobre tostadas, con un poco de nata fresca o acompa\u00f1ado de salm\u00f3n fresco, huevos revueltos o pasados por agua, o con patatas.<\/p>\n<\/div>\n<div class=\"col-md-3 titre\">Valores nutricionales<\/div>\n<div class=\"col-md-9\">\n<table class=\"table table-bordered valeurs\" border=\"1\">\n<thead>\n<tr>\n<th colspan=\"4\">Por 100 g<\/th>\n<\/tr>\n<\/thead>\n<tbody>\n<tr>\n<td>Valor energ\u00e9tico (Kcal)<\/td>\n<td>172<\/td>\n<td>Mati\u00e8res grasses (g) dont acides gras satur\u00e9s (g)<\/td>\n<td>4,3\u00a0(0,8)<\/td>\n<\/tr>\n<tr>\n<td>Valor energ\u00e9tico (kJ)<\/td>\n<td>726<\/td>\n<td>Gl\u00facidos (g) de los cuales az\u00facares (g)<\/td>\n<td>6,8\u00a0(&lt;0,1)<\/td>\n<\/tr>\n<tr>\n<td>Prote\u00ednas (g)<\/td>\n<td>27<\/td>\n<td>Sal (g)<\/td>\n<td>2,6<\/td>\n<\/tr>\n<\/tbody>\n<\/table>\n<\/div>","protected":false},"excerpt":{"rendered":"<p>Ces \u0153ufs de saumon proviennent de l\u2019esp\u00e8ce Salmo Salar, issus de poissons d\u2019\u00e9levage d\u2019origine Norv\u00e8ge et transform\u00e9 dans notre atelier de fabrication en France. Leur taille est plus g\u00e9n\u00e9reuse et leur texture plus croquante que les \u0153ufs de saumon sauvage.<\/p>\n<p>Effectivement, contrairement \u00e0 des \u0153ufs de saumon classique, les \u0153ufs de Salmo Salar se caract\u00e9risent par leur texture croquante qui rappelle ceux de la truite. Cependant en bouche, on retrouve la puissance et l\u2019iode si particulier aux \u0153ufs de saumon.<\/p>\n<p>Caviar de Neuvic reste dans sa philosophie de valoriser de proposer une gamme plus large d\u2019\u0153ufs de poissons afin de r\u00e9pondre \u00e0 toutes les envies.\u200b<\/p>","protected":false},"featured_media":25804,"template":"","meta":{"_acf_changed":false,"ocean_post_layout":"","ocean_both_sidebars_style":"","ocean_both_sidebars_content_width":0,"ocean_both_sidebars_sidebars_width":0,"ocean_sidebar":"0","ocean_second_sidebar":"0","ocean_disable_margins":"enable","ocean_add_body_class":"","ocean_shortcode_before_top_bar":"","ocean_shortcode_after_top_bar":"","ocean_shortcode_before_header":"","ocean_shortcode_after_header":"","ocean_has_shortcode":"","ocean_shortcode_after_title":"","ocean_shortcode_before_footer_widgets":"","ocean_shortcode_after_footer_widgets":"","ocean_shortcode_before_footer_bottom":"","ocean_shortcode_after_footer_bottom":"","ocean_display_top_bar":"default","ocean_display_header":"default","ocean_header_style":"","ocean_center_header_left_menu":"0","ocean_custom_header_template":"0","ocean_custom_logo":0,"ocean_custom_retina_logo":0,"ocean_custom_logo_max_width":0,"ocean_custom_logo_tablet_max_width":0,"ocean_custom_logo_mobile_max_width":0,"ocean_custom_logo_max_height":0,"ocean_custom_logo_tablet_max_height":0,"ocean_custom_logo_mobile_max_height":0,"ocean_header_custom_menu":"0","ocean_menu_typo_font_family":"0","ocean_menu_typo_font_subset":"","ocean_menu_typo_font_size":0,"ocean_menu_typo_font_size_tablet":0,"ocean_menu_typo_font_size_mobile":0,"ocean_menu_typo_font_size_unit":"px","ocean_menu_typo_font_weight":"","ocean_menu_typo_font_weight_tablet":"","ocean_menu_typo_font_weight_mobile":"","ocean_menu_typo_transform":"","ocean_menu_typo_transform_tablet":"","ocean_menu_typo_transform_mobile":"","ocean_menu_typo_line_height":0,"ocean_menu_typo_line_height_tablet":0,"ocean_menu_typo_line_height_mobile":0,"ocean_menu_typo_line_height_unit":"","ocean_menu_typo_spacing":0,"ocean_menu_typo_spacing_tablet":0,"ocean_menu_typo_spacing_mobile":0,"ocean_menu_typo_spacing_unit":"","ocean_menu_link_color":"","ocean_menu_link_color_hover":"","ocean_menu_link_color_active":"","ocean_menu_link_background":"","ocean_menu_link_hover_background":"","ocean_menu_link_active_background":"","ocean_menu_social_links_bg":"","ocean_menu_social_hover_links_bg":"","ocean_menu_social_links_color":"","ocean_menu_social_hover_links_color":"","ocean_disable_title":"default","ocean_disable_heading":"default","ocean_post_title":"","ocean_post_subheading":"","ocean_post_title_style":"","ocean_post_title_background_color":"","ocean_post_title_background":0,"ocean_post_title_bg_image_position":"","ocean_post_title_bg_image_attachment":"","ocean_post_title_bg_image_repeat":"","ocean_post_title_bg_image_size":"","ocean_post_title_height":0,"ocean_post_title_bg_overlay":0.5,"ocean_post_title_bg_overlay_color":"","ocean_disable_breadcrumbs":"default","ocean_breadcrumbs_color":"","ocean_breadcrumbs_separator_color":"","ocean_breadcrumbs_links_color":"","ocean_breadcrumbs_links_hover_color":"","ocean_display_footer_widgets":"default","ocean_display_footer_bottom":"default","ocean_custom_footer_template":"0","omw_enable_modal_window":"enable"},"product_brand":[],"product_cat":[29],"product_tag":[],"class_list":{"0":"post-2226","1":"product","2":"type-product","3":"status-publish","4":"has-post-thumbnail","6":"product_cat-offres-anti-gaspillage","7":"pa_conservation-04c","8":"pa_dlc-2mois","9":"pa_origine-norvege","11":"entry","12":"has-media","14":"first","15":"outofstock","16":"sale","17":"taxable","18":"shipping-taxable","19":"purchasable","20":"product-type-simple","21":"has-product-nav","22":"col","23":"span_1_of_3","24":"owp-content-center","25":"item-entry","26":"owp-thumbs-layout-vertical","27":"owp-btn-normal","28":"owp-tabs-layout-horizontal"},"acf":[],"yoast_head":"<!-- This site is optimized with the Yoast SEO plugin v27.4 - https:\/\/yoast.com\/product\/yoast-seo-wordpress\/ -->\n<title>Oeufs de saumon Salmo Salar 100g - Verrine - DLC courtes - Caviar de Neuvic<\/title>\n<meta name=\"description\" content=\"Ces \u0153ufs de saumon proviennent de l\u2019esp\u00e8ce Salmo Salar. Leur taille est plus g\u00e9n\u00e9reuse et leur texture plus croquante que les \u0153ufs de saumon sauvage.\" \/>\n<meta name=\"robots\" content=\"index, follow, max-snippet:-1, max-image-preview:large, max-video-preview:-1\" \/>\n<link rel=\"canonical\" href=\"https:\/\/caviar-de-neuvic.com\/es_es\/p\/accueil\/offres-anti-gaspillage\/oeufs-de-saumon-salmo-salar-100g-dlc-courte\/\" \/>\n<meta property=\"og:locale\" content=\"es_ES\" \/>\n<meta property=\"og:type\" content=\"article\" \/>\n<meta property=\"og:title\" content=\"Oeufs de saumon Salmo Salar 100g - Verrine - DLC courtes - Caviar de Neuvic\" \/>\n<meta property=\"og:description\" content=\"Ces \u0153ufs de saumon proviennent de l\u2019esp\u00e8ce Salmo Salar. Leur taille est plus g\u00e9n\u00e9reuse et leur texture plus croquante que les \u0153ufs de saumon sauvage.\" \/>\n<meta property=\"og:url\" content=\"https:\/\/caviar-de-neuvic.com\/es_es\/p\/accueil\/offres-anti-gaspillage\/oeufs-de-saumon-salmo-salar-100g-dlc-courte\/\" \/>\n<meta property=\"og:site_name\" content=\"Producteur Fran\u00e7ais De Caviar\" \/>\n<meta property=\"article:modified_time\" content=\"2026-04-02T08:52:14+00:00\" \/>\n<meta property=\"og:image\" content=\"https:\/\/caviar-de-neuvic.com\/wp-content\/uploads\/2024\/03\/2683-Oeufs-de-saumon-Salmo-Salar-100g.jpg\" \/>\n\t<meta property=\"og:image:width\" content=\"1100\" \/>\n\t<meta property=\"og:image:height\" content=\"1422\" \/>\n\t<meta property=\"og:image:type\" content=\"image\/jpeg\" \/>\n<meta name=\"twitter:card\" content=\"summary_large_image\" \/>\n<meta name=\"twitter:label1\" content=\"Tiempo de lectura\" \/>\n\t<meta name=\"twitter:data1\" content=\"1 minuto\" \/>\n<script type=\"application\/ld+json\" class=\"yoast-schema-graph\">{\"@context\":\"https:\\\/\\\/schema.org\",\"@graph\":[{\"@type\":\"WebPage\",\"@id\":\"https:\\\/\\\/caviar-de-neuvic.com\\\/p\\\/accueil\\\/offres-anti-gaspillage\\\/oeufs-de-saumon-salmo-salar-100g-dlc-courte\\\/\",\"url\":\"https:\\\/\\\/caviar-de-neuvic.com\\\/p\\\/accueil\\\/offres-anti-gaspillage\\\/oeufs-de-saumon-salmo-salar-100g-dlc-courte\\\/\",\"name\":\"Oeufs de saumon Salmo Salar 100g - Verrine - DLC courtes - Caviar de Neuvic\",\"isPartOf\":{\"@id\":\"http:\\\/\\\/caviar-de-neuvic.com\\\/fr\\\/#website\"},\"primaryImageOfPage\":{\"@id\":\"https:\\\/\\\/caviar-de-neuvic.com\\\/p\\\/accueil\\\/offres-anti-gaspillage\\\/oeufs-de-saumon-salmo-salar-100g-dlc-courte\\\/#primaryimage\"},\"image\":{\"@id\":\"https:\\\/\\\/caviar-de-neuvic.com\\\/p\\\/accueil\\\/offres-anti-gaspillage\\\/oeufs-de-saumon-salmo-salar-100g-dlc-courte\\\/#primaryimage\"},\"thumbnailUrl\":\"https:\\\/\\\/caviar-de-neuvic.com\\\/wp-content\\\/uploads\\\/2024\\\/03\\\/2683-Oeufs-de-saumon-Salmo-Salar-100g.jpg\",\"datePublished\":\"2024-03-18T17:23:24+00:00\",\"dateModified\":\"2026-04-02T08:52:14+00:00\",\"description\":\"Ces \u0153ufs de saumon proviennent de l\u2019esp\u00e8ce Salmo Salar. Leur taille est plus g\u00e9n\u00e9reuse et leur texture plus croquante que les \u0153ufs de saumon sauvage.\",\"breadcrumb\":{\"@id\":\"https:\\\/\\\/caviar-de-neuvic.com\\\/p\\\/accueil\\\/offres-anti-gaspillage\\\/oeufs-de-saumon-salmo-salar-100g-dlc-courte\\\/#breadcrumb\"},\"inLanguage\":\"es\",\"potentialAction\":[{\"@type\":\"ReadAction\",\"target\":[\"https:\\\/\\\/caviar-de-neuvic.com\\\/p\\\/accueil\\\/offres-anti-gaspillage\\\/oeufs-de-saumon-salmo-salar-100g-dlc-courte\\\/\"]}]},{\"@type\":\"ImageObject\",\"inLanguage\":\"es\",\"@id\":\"https:\\\/\\\/caviar-de-neuvic.com\\\/p\\\/accueil\\\/offres-anti-gaspillage\\\/oeufs-de-saumon-salmo-salar-100g-dlc-courte\\\/#primaryimage\",\"url\":\"https:\\\/\\\/caviar-de-neuvic.com\\\/wp-content\\\/uploads\\\/2024\\\/03\\\/2683-Oeufs-de-saumon-Salmo-Salar-100g.jpg\",\"contentUrl\":\"https:\\\/\\\/caviar-de-neuvic.com\\\/wp-content\\\/uploads\\\/2024\\\/03\\\/2683-Oeufs-de-saumon-Salmo-Salar-100g.jpg\",\"width\":1100,\"height\":1422,\"caption\":\"Oeufs de saumon Salmo Salar 100g\"},{\"@type\":\"BreadcrumbList\",\"@id\":\"https:\\\/\\\/caviar-de-neuvic.com\\\/p\\\/accueil\\\/offres-anti-gaspillage\\\/oeufs-de-saumon-salmo-salar-100g-dlc-courte\\\/#breadcrumb\",\"itemListElement\":[{\"@type\":\"ListItem\",\"position\":1,\"name\":\"Caviar de Neuvic\",\"item\":\"https:\\\/\\\/caviar-de-neuvic.com\\\/\"},{\"@type\":\"ListItem\",\"position\":2,\"name\":\"Shop\",\"item\":\"https:\\\/\\\/caviar-de-neuvic.com\\\/en\\\/shop\\\/\"},{\"@type\":\"ListItem\",\"position\":3,\"name\":\"Oeufs de saumon Salmo Salar 100g &#8211; DLC courte\"}]},{\"@type\":\"WebSite\",\"@id\":\"http:\\\/\\\/caviar-de-neuvic.com\\\/fr\\\/#website\",\"url\":\"http:\\\/\\\/caviar-de-neuvic.com\\\/fr\\\/\",\"name\":\"Producteur Fran\u00e7ais De Caviar\",\"description\":\"\",\"publisher\":{\"@id\":\"http:\\\/\\\/caviar-de-neuvic.com\\\/fr\\\/#organization\"},\"potentialAction\":[{\"@type\":\"SearchAction\",\"target\":{\"@type\":\"EntryPoint\",\"urlTemplate\":\"http:\\\/\\\/caviar-de-neuvic.com\\\/fr\\\/?s={search_term_string}\"},\"query-input\":{\"@type\":\"PropertyValueSpecification\",\"valueRequired\":true,\"valueName\":\"search_term_string\"}}],\"inLanguage\":\"es\"},{\"@type\":\"Organization\",\"@id\":\"http:\\\/\\\/caviar-de-neuvic.com\\\/fr\\\/#organization\",\"name\":\"Producteur Fran\u00e7ais De Caviar\",\"url\":\"http:\\\/\\\/caviar-de-neuvic.com\\\/fr\\\/\",\"logo\":{\"@type\":\"ImageObject\",\"inLanguage\":\"es\",\"@id\":\"http:\\\/\\\/caviar-de-neuvic.com\\\/fr\\\/#\\\/schema\\\/logo\\\/image\\\/\",\"url\":\"\",\"contentUrl\":\"\",\"caption\":\"Producteur Fran\u00e7ais De Caviar\"},\"image\":{\"@id\":\"http:\\\/\\\/caviar-de-neuvic.com\\\/fr\\\/#\\\/schema\\\/logo\\\/image\\\/\"}}]}<\/script>\n<!-- \/ Yoast SEO plugin. -->","yoast_head_json":{"title":"Oeufs de saumon Salmo Salar 100g - Verrine - DLC courtes - Caviar de Neuvic","description":"Ces \u0153ufs de saumon proviennent de l\u2019esp\u00e8ce Salmo Salar. Leur taille est plus g\u00e9n\u00e9reuse et leur texture plus croquante que les \u0153ufs de saumon sauvage.","robots":{"index":"index","follow":"follow","max-snippet":"max-snippet:-1","max-image-preview":"max-image-preview:large","max-video-preview":"max-video-preview:-1"},"canonical":"https:\/\/caviar-de-neuvic.com\/es_es\/p\/accueil\/offres-anti-gaspillage\/oeufs-de-saumon-salmo-salar-100g-dlc-courte\/","og_locale":"es_ES","og_type":"article","og_title":"Oeufs de saumon Salmo Salar 100g - Verrine - DLC courtes - Caviar de Neuvic","og_description":"Ces \u0153ufs de saumon proviennent de l\u2019esp\u00e8ce Salmo Salar. Leur taille est plus g\u00e9n\u00e9reuse et leur texture plus croquante que les \u0153ufs de saumon sauvage.","og_url":"https:\/\/caviar-de-neuvic.com\/es_es\/p\/accueil\/offres-anti-gaspillage\/oeufs-de-saumon-salmo-salar-100g-dlc-courte\/","og_site_name":"Producteur Fran\u00e7ais De Caviar","article_modified_time":"2026-04-02T08:52:14+00:00","og_image":[{"width":1100,"height":1422,"url":"https:\/\/caviar-de-neuvic.com\/wp-content\/uploads\/2024\/03\/2683-Oeufs-de-saumon-Salmo-Salar-100g.jpg","type":"image\/jpeg"}],"twitter_card":"summary_large_image","twitter_misc":{"Tiempo de lectura":"1 minuto"},"schema":{"@context":"https:\/\/schema.org","@graph":[{"@type":"WebPage","@id":"https:\/\/caviar-de-neuvic.com\/p\/accueil\/offres-anti-gaspillage\/oeufs-de-saumon-salmo-salar-100g-dlc-courte\/","url":"https:\/\/caviar-de-neuvic.com\/p\/accueil\/offres-anti-gaspillage\/oeufs-de-saumon-salmo-salar-100g-dlc-courte\/","name":"Oeufs de saumon Salmo Salar 100g - Verrine - DLC courtes - Caviar de Neuvic","isPartOf":{"@id":"http:\/\/caviar-de-neuvic.com\/fr\/#website"},"primaryImageOfPage":{"@id":"https:\/\/caviar-de-neuvic.com\/p\/accueil\/offres-anti-gaspillage\/oeufs-de-saumon-salmo-salar-100g-dlc-courte\/#primaryimage"},"image":{"@id":"https:\/\/caviar-de-neuvic.com\/p\/accueil\/offres-anti-gaspillage\/oeufs-de-saumon-salmo-salar-100g-dlc-courte\/#primaryimage"},"thumbnailUrl":"https:\/\/caviar-de-neuvic.com\/wp-content\/uploads\/2024\/03\/2683-Oeufs-de-saumon-Salmo-Salar-100g.jpg","datePublished":"2024-03-18T17:23:24+00:00","dateModified":"2026-04-02T08:52:14+00:00","description":"Ces \u0153ufs de saumon proviennent de l\u2019esp\u00e8ce Salmo Salar. Leur taille est plus g\u00e9n\u00e9reuse et leur texture plus croquante que les \u0153ufs de saumon sauvage.","breadcrumb":{"@id":"https:\/\/caviar-de-neuvic.com\/p\/accueil\/offres-anti-gaspillage\/oeufs-de-saumon-salmo-salar-100g-dlc-courte\/#breadcrumb"},"inLanguage":"es","potentialAction":[{"@type":"ReadAction","target":["https:\/\/caviar-de-neuvic.com\/p\/accueil\/offres-anti-gaspillage\/oeufs-de-saumon-salmo-salar-100g-dlc-courte\/"]}]},{"@type":"ImageObject","inLanguage":"es","@id":"https:\/\/caviar-de-neuvic.com\/p\/accueil\/offres-anti-gaspillage\/oeufs-de-saumon-salmo-salar-100g-dlc-courte\/#primaryimage","url":"https:\/\/caviar-de-neuvic.com\/wp-content\/uploads\/2024\/03\/2683-Oeufs-de-saumon-Salmo-Salar-100g.jpg","contentUrl":"https:\/\/caviar-de-neuvic.com\/wp-content\/uploads\/2024\/03\/2683-Oeufs-de-saumon-Salmo-Salar-100g.jpg","width":1100,"height":1422,"caption":"Oeufs de saumon Salmo Salar 100g"},{"@type":"BreadcrumbList","@id":"https:\/\/caviar-de-neuvic.com\/p\/accueil\/offres-anti-gaspillage\/oeufs-de-saumon-salmo-salar-100g-dlc-courte\/#breadcrumb","itemListElement":[{"@type":"ListItem","position":1,"name":"Caviar de Neuvic","item":"https:\/\/caviar-de-neuvic.com\/"},{"@type":"ListItem","position":2,"name":"Shop","item":"https:\/\/caviar-de-neuvic.com\/en\/shop\/"},{"@type":"ListItem","position":3,"name":"Oeufs de saumon Salmo Salar 100g &#8211; DLC courte"}]},{"@type":"WebSite","@id":"http:\/\/caviar-de-neuvic.com\/fr\/#website","url":"http:\/\/caviar-de-neuvic.com\/fr\/","name":"Producteur Fran\u00e7ais De Caviar","description":"","publisher":{"@id":"http:\/\/caviar-de-neuvic.com\/fr\/#organization"},"potentialAction":[{"@type":"SearchAction","target":{"@type":"EntryPoint","urlTemplate":"http:\/\/caviar-de-neuvic.com\/fr\/?s={search_term_string}"},"query-input":{"@type":"PropertyValueSpecification","valueRequired":true,"valueName":"search_term_string"}}],"inLanguage":"es"},{"@type":"Organization","@id":"http:\/\/caviar-de-neuvic.com\/fr\/#organization","name":"Producteur Fran\u00e7ais De Caviar","url":"http:\/\/caviar-de-neuvic.com\/fr\/","logo":{"@type":"ImageObject","inLanguage":"es","@id":"http:\/\/caviar-de-neuvic.com\/fr\/#\/schema\/logo\/image\/","url":"","contentUrl":"","caption":"Producteur Fran\u00e7ais De Caviar"},"image":{"@id":"http:\/\/caviar-de-neuvic.com\/fr\/#\/schema\/logo\/image\/"}}]}},"_links":{"self":[{"href":"https:\/\/caviar-de-neuvic.com\/es_es\/wp-json\/wp\/v2\/product\/2226","targetHints":{"allow":["GET"]}}],"collection":[{"href":"https:\/\/caviar-de-neuvic.com\/es_es\/wp-json\/wp\/v2\/product"}],"about":[{"href":"https:\/\/caviar-de-neuvic.com\/es_es\/wp-json\/wp\/v2\/types\/product"}],"version-history":[{"count":3,"href":"https:\/\/caviar-de-neuvic.com\/es_es\/wp-json\/wp\/v2\/product\/2226\/revisions"}],"predecessor-version":[{"id":32912,"href":"https:\/\/caviar-de-neuvic.com\/es_es\/wp-json\/wp\/v2\/product\/2226\/revisions\/32912"}],"wp:featuredmedia":[{"embeddable":true,"href":"https:\/\/caviar-de-neuvic.com\/es_es\/wp-json\/wp\/v2\/media\/25804"}],"wp:attachment":[{"href":"https:\/\/caviar-de-neuvic.com\/es_es\/wp-json\/wp\/v2\/media?parent=2226"}],"wp:term":[{"taxonomy":"product_brand","embeddable":true,"href":"https:\/\/caviar-de-neuvic.com\/es_es\/wp-json\/wp\/v2\/product_brand?post=2226"},{"taxonomy":"product_cat","embeddable":true,"href":"https:\/\/caviar-de-neuvic.com\/es_es\/wp-json\/wp\/v2\/product_cat?post=2226"},{"taxonomy":"product_tag","embeddable":true,"href":"https:\/\/caviar-de-neuvic.com\/es_es\/wp-json\/wp\/v2\/product_tag?post=2226"}],"curies":[{"name":"wp","href":"https:\/\/api.w.org\/{rel}","templated":true}]}}