{"id":227,"date":"2015-12-13T22:29:02","date_gmt":"2015-12-13T22:29:02","guid":{"rendered":"https:\/\/caviar-de-neuvic.com\/produits\/rillettes-d-esturgeon-au-caviar\/"},"modified":"2026-02-09T19:01:33","modified_gmt":"2026-02-09T18:01:33","slug":"rillettes-d-esturgeon-au-caviar","status":"publish","type":"product","link":"https:\/\/caviar-de-neuvic.com\/es_es\/p\/accueil\/esturgeon\/rillettes-d-esturgeon\/rillettes-d-esturgeon-au-caviar\/","title":{"rendered":"Rillettes de esturi\u00f3n con caviar"},"content":{"rendered":"<div class=\"col-md-3 titre\">Sugerencia de consumo<\/div>\n<div class=\"col-md-9\">\n<p>Degustados sobre tostadas ligeramente calentadas, estos taramas no dejar\u00e1n de sorprender y seducir a los amantes de nuevas y exquisitas sensaciones. Acompa\u00f1an de maravilla una degustaci\u00f3n de Caviar Signature.<\/p>\n<\/div>\n<div class=\"col-md-3 titre\">Valores nutricionales<\/div>\n<div class=\"col-md-9\">\n<table class=\"table table-bordered valeurs\" border=\"1\">\n<thead>\n<tr>\n<th colspan=\"4\">Por 100 g<\/th>\n<\/tr>\n<\/thead>\n<tbody>\n<tr>\n<td>Valor energ\u00e9tico (Kcal)<\/td>\n<td>200<\/td>\n<td>L\u00edpidos (g) de los cuales \u00e1cidos grasos saturados (g)<\/td>\n<td>10,4 (5,5)<\/td>\n<\/tr>\n<tr>\n<td>Valor energ\u00e9tico (kJ)<\/td>\n<td>841<\/td>\n<td>Gl\u00facidos (g) de los cuales az\u00facares (g)<\/td>\n<td>10,7 (0,8)<\/td>\n<\/tr>\n<tr>\n<td>Prote\u00ednas (g)<\/td>\n<td>15,9<\/td>\n<td>Sodio<\/td>\n<td>1,6<\/td>\n<\/tr>\n<\/tbody>\n<\/table>\n<\/div>","protected":false},"excerpt":{"rendered":"<p>El esturi\u00f3n es, en cierto modo, la carne del caviar. Caviar de Neuvic reserva ciertos lomos de esturi\u00f3n para elaborar una colecci\u00f3n de rillettes untuosas. Cada receta aporta un matiz de sabor particular, refinado y original. Como garant\u00eda de calidad, para realizar estas rillettes de esturi\u00f3n, Caviar de Neuvic cont\u00f3 con los valiosos consejos de una empresa de Le Mans.<\/p>\n<p>Las rillettes se elaboran a partir de los lomos de los esturiones utilizados para la producci\u00f3n de caviar. Cada receta aporta un matiz de sabor refinado y original. Estas recetas gourmet sorprender\u00e1n a los clientes por su cremosidad, su frescura y el descubrimiento de un pescado poco consumido en Francia: el esturi\u00f3n.<\/p>\n<p>Nuestras rillettes de esturi\u00f3n con caviar son una creaci\u00f3n gastron\u00f3mica que combina la untuosidad del esturi\u00f3n ahumado con la riqueza de las perlas de caviar. Estas rillettes encarnan la cima del lujo, ofreciendo una experiencia culinaria \u00fanica e inolvidable.<\/p>","protected":false},"featured_media":223,"template":"","meta":{"_acf_changed":false,"ocean_post_layout":"","ocean_both_sidebars_style":"","ocean_both_sidebars_content_width":0,"ocean_both_sidebars_sidebars_width":0,"ocean_sidebar":"0","ocean_second_sidebar":"0","ocean_disable_margins":"enable","ocean_add_body_class":"","ocean_shortcode_before_top_bar":"","ocean_shortcode_after_top_bar":"","ocean_shortcode_before_header":"","ocean_shortcode_after_header":"","ocean_has_shortcode":"","ocean_shortcode_after_title":"","ocean_shortcode_before_footer_widgets":"","ocean_shortcode_after_footer_widgets":"","ocean_shortcode_before_footer_bottom":"","ocean_shortcode_after_footer_bottom":"","ocean_display_top_bar":"default","ocean_display_header":"default","ocean_header_style":"","ocean_center_header_left_menu":"0","ocean_custom_header_template":"0","ocean_custom_logo":0,"ocean_custom_retina_logo":0,"ocean_custom_logo_max_width":0,"ocean_custom_logo_tablet_max_width":0,"ocean_custom_logo_mobile_max_width":0,"ocean_custom_logo_max_height":0,"ocean_custom_logo_tablet_max_height":0,"ocean_custom_logo_mobile_max_height":0,"ocean_header_custom_menu":"0","ocean_menu_typo_font_family":"0","ocean_menu_typo_font_subset":"","ocean_menu_typo_font_size":0,"ocean_menu_typo_font_size_tablet":0,"ocean_menu_typo_font_size_mobile":0,"ocean_menu_typo_font_size_unit":"px","ocean_menu_typo_font_weight":"","ocean_menu_typo_font_weight_tablet":"","ocean_menu_typo_font_weight_mobile":"","ocean_menu_typo_transform":"","ocean_menu_typo_transform_tablet":"","ocean_menu_typo_transform_mobile":"","ocean_menu_typo_line_height":0,"ocean_menu_typo_line_height_tablet":0,"ocean_menu_typo_line_height_mobile":0,"ocean_menu_typo_line_height_unit":"","ocean_menu_typo_spacing":0,"ocean_menu_typo_spacing_tablet":0,"ocean_menu_typo_spacing_mobile":0,"ocean_menu_typo_spacing_unit":"","ocean_menu_link_color":"","ocean_menu_link_color_hover":"","ocean_menu_link_color_active":"","ocean_menu_link_background":"","ocean_menu_link_hover_background":"","ocean_menu_link_active_background":"","ocean_menu_social_links_bg":"","ocean_menu_social_hover_links_bg":"","ocean_menu_social_links_color":"","ocean_menu_social_hover_links_color":"","ocean_disable_title":"default","ocean_disable_heading":"default","ocean_post_title":"","ocean_post_subheading":"","ocean_post_title_style":"","ocean_post_title_background_color":"","ocean_post_title_background":0,"ocean_post_title_bg_image_position":"","ocean_post_title_bg_image_attachment":"","ocean_post_title_bg_image_repeat":"","ocean_post_title_bg_image_size":"","ocean_post_title_height":0,"ocean_post_title_bg_overlay":0.5,"ocean_post_title_bg_overlay_color":"","ocean_disable_breadcrumbs":"default","ocean_breadcrumbs_color":"","ocean_breadcrumbs_separator_color":"","ocean_breadcrumbs_links_color":"","ocean_breadcrumbs_links_hover_color":"","ocean_display_footer_widgets":"default","ocean_display_footer_bottom":"default","ocean_custom_footer_template":"0","omw_enable_modal_window":"enable"},"product_brand":[],"product_cat":[24,44],"product_tag":[],"class_list":{"0":"post-227","1":"product","2":"type-product","3":"status-publish","4":"has-post-thumbnail","6":"product_cat-esturgeon","7":"product_cat-rillettes-d-esturgeon","8":"product_shipping_class-sec","9":"pa_conservation-6e-dansunendroitfraisetsec_a","10":"pa_livraison-sec","12":"entry","13":"has-media","15":"first","16":"outofstock","17":"taxable","18":"shipping-taxable","19":"purchasable","20":"product-type-simple","21":"has-product-nav","22":"col","23":"span_1_of_3","24":"owp-content-center","25":"item-entry","26":"owp-thumbs-layout-vertical","27":"owp-btn-normal","28":"owp-tabs-layout-horizontal"},"acf":[],"yoast_head":"<!-- This site is optimized with the Yoast SEO plugin v27.5 - https:\/\/yoast.com\/product\/yoast-seo-wordpress\/ -->\n<title>Rillettes d&#039;esturgeon au caviar - Caviar de Neuvic<\/title>\n<meta name=\"description\" content=\"Nos rillettes d&#039;esturgeon au caviar sont une cr\u00e9ation gastronomique qui marie l&#039;onctuosit\u00e9 de l&#039;esturgeon fum\u00e9 \u00e0 la richesse des perles de caviar.\" \/>\n<meta name=\"robots\" content=\"index, follow, max-snippet:-1, max-image-preview:large, max-video-preview:-1\" \/>\n<link rel=\"canonical\" href=\"https:\/\/caviar-de-neuvic.com\/es_es\/p\/accueil\/esturgeon\/rillettes-d-esturgeon\/rillettes-d-esturgeon-au-caviar\/\" \/>\n<meta property=\"og:locale\" content=\"es_ES\" \/>\n<meta property=\"og:type\" content=\"article\" \/>\n<meta property=\"og:title\" content=\"Rillettes d&#039;esturgeon au caviar - Caviar de Neuvic\" \/>\n<meta property=\"og:description\" content=\"Nos rillettes d&#039;esturgeon au caviar sont une cr\u00e9ation gastronomique qui marie l&#039;onctuosit\u00e9 de l&#039;esturgeon fum\u00e9 \u00e0 la richesse des perles de caviar.\" \/>\n<meta property=\"og:url\" content=\"https:\/\/caviar-de-neuvic.com\/es_es\/p\/accueil\/esturgeon\/rillettes-d-esturgeon\/rillettes-d-esturgeon-au-caviar\/\" \/>\n<meta property=\"og:site_name\" content=\"Producteur Fran\u00e7ais De Caviar\" \/>\n<meta property=\"article:modified_time\" content=\"2026-02-09T18:01:33+00:00\" \/>\n<meta property=\"og:image\" content=\"https:\/\/caviar-de-neuvic.com\/wp-content\/uploads\/2015\/12\/1989-Rillettes-desturgeon-au-caviar-90-grammes.jpg\" \/>\n\t<meta property=\"og:image:width\" content=\"1100\" \/>\n\t<meta property=\"og:image:height\" content=\"1422\" \/>\n\t<meta property=\"og:image:type\" content=\"image\/jpeg\" \/>\n<meta name=\"twitter:card\" content=\"summary_large_image\" \/>\n<meta name=\"twitter:label1\" content=\"Tiempo de lectura\" \/>\n\t<meta name=\"twitter:data1\" content=\"1 minuto\" \/>\n<script type=\"application\/ld+json\" class=\"yoast-schema-graph\">{\"@context\":\"https:\\\/\\\/schema.org\",\"@graph\":[{\"@type\":\"WebPage\",\"@id\":\"https:\\\/\\\/caviar-de-neuvic.com\\\/p\\\/accueil\\\/esturgeon\\\/rillettes-d-esturgeon\\\/rillettes-d-esturgeon-au-caviar\\\/\",\"url\":\"https:\\\/\\\/caviar-de-neuvic.com\\\/p\\\/accueil\\\/esturgeon\\\/rillettes-d-esturgeon\\\/rillettes-d-esturgeon-au-caviar\\\/\",\"name\":\"Rillettes d'esturgeon au caviar - Caviar de Neuvic\",\"isPartOf\":{\"@id\":\"http:\\\/\\\/caviar-de-neuvic.com\\\/fr\\\/#website\"},\"primaryImageOfPage\":{\"@id\":\"https:\\\/\\\/caviar-de-neuvic.com\\\/p\\\/accueil\\\/esturgeon\\\/rillettes-d-esturgeon\\\/rillettes-d-esturgeon-au-caviar\\\/#primaryimage\"},\"image\":{\"@id\":\"https:\\\/\\\/caviar-de-neuvic.com\\\/p\\\/accueil\\\/esturgeon\\\/rillettes-d-esturgeon\\\/rillettes-d-esturgeon-au-caviar\\\/#primaryimage\"},\"thumbnailUrl\":\"https:\\\/\\\/caviar-de-neuvic.com\\\/wp-content\\\/uploads\\\/2015\\\/12\\\/1989-Rillettes-desturgeon-au-caviar-90-grammes.jpg\",\"datePublished\":\"2015-12-13T22:29:02+00:00\",\"dateModified\":\"2026-02-09T18:01:33+00:00\",\"description\":\"Nos rillettes d'esturgeon au caviar sont une cr\u00e9ation gastronomique qui marie l'onctuosit\u00e9 de l'esturgeon fum\u00e9 \u00e0 la richesse des perles de caviar.\",\"breadcrumb\":{\"@id\":\"https:\\\/\\\/caviar-de-neuvic.com\\\/p\\\/accueil\\\/esturgeon\\\/rillettes-d-esturgeon\\\/rillettes-d-esturgeon-au-caviar\\\/#breadcrumb\"},\"inLanguage\":\"es\",\"potentialAction\":[{\"@type\":\"ReadAction\",\"target\":[\"https:\\\/\\\/caviar-de-neuvic.com\\\/p\\\/accueil\\\/esturgeon\\\/rillettes-d-esturgeon\\\/rillettes-d-esturgeon-au-caviar\\\/\"]}]},{\"@type\":\"ImageObject\",\"inLanguage\":\"es\",\"@id\":\"https:\\\/\\\/caviar-de-neuvic.com\\\/p\\\/accueil\\\/esturgeon\\\/rillettes-d-esturgeon\\\/rillettes-d-esturgeon-au-caviar\\\/#primaryimage\",\"url\":\"https:\\\/\\\/caviar-de-neuvic.com\\\/wp-content\\\/uploads\\\/2015\\\/12\\\/1989-Rillettes-desturgeon-au-caviar-90-grammes.jpg\",\"contentUrl\":\"https:\\\/\\\/caviar-de-neuvic.com\\\/wp-content\\\/uploads\\\/2015\\\/12\\\/1989-Rillettes-desturgeon-au-caviar-90-grammes.jpg\",\"width\":1100,\"height\":1422,\"caption\":\"Rillettes d'esturgeon au caviar - 90 grammes\"},{\"@type\":\"BreadcrumbList\",\"@id\":\"https:\\\/\\\/caviar-de-neuvic.com\\\/p\\\/accueil\\\/esturgeon\\\/rillettes-d-esturgeon\\\/rillettes-d-esturgeon-au-caviar\\\/#breadcrumb\",\"itemListElement\":[{\"@type\":\"ListItem\",\"position\":1,\"name\":\"Caviar de Neuvic\",\"item\":\"https:\\\/\\\/caviar-de-neuvic.com\\\/\"},{\"@type\":\"ListItem\",\"position\":2,\"name\":\"Shop\",\"item\":\"https:\\\/\\\/caviar-de-neuvic.com\\\/en\\\/shop\\\/\"},{\"@type\":\"ListItem\",\"position\":3,\"name\":\"Rillettes d&rsquo;esturgeon au caviar\"}]},{\"@type\":\"WebSite\",\"@id\":\"http:\\\/\\\/caviar-de-neuvic.com\\\/fr\\\/#website\",\"url\":\"http:\\\/\\\/caviar-de-neuvic.com\\\/fr\\\/\",\"name\":\"Producteur Fran\u00e7ais De Caviar\",\"description\":\"\",\"publisher\":{\"@id\":\"http:\\\/\\\/caviar-de-neuvic.com\\\/fr\\\/#organization\"},\"potentialAction\":[{\"@type\":\"SearchAction\",\"target\":{\"@type\":\"EntryPoint\",\"urlTemplate\":\"http:\\\/\\\/caviar-de-neuvic.com\\\/fr\\\/?s={search_term_string}\"},\"query-input\":{\"@type\":\"PropertyValueSpecification\",\"valueRequired\":true,\"valueName\":\"search_term_string\"}}],\"inLanguage\":\"es\"},{\"@type\":\"Organization\",\"@id\":\"http:\\\/\\\/caviar-de-neuvic.com\\\/fr\\\/#organization\",\"name\":\"Producteur Fran\u00e7ais De Caviar\",\"url\":\"http:\\\/\\\/caviar-de-neuvic.com\\\/fr\\\/\",\"logo\":{\"@type\":\"ImageObject\",\"inLanguage\":\"es\",\"@id\":\"http:\\\/\\\/caviar-de-neuvic.com\\\/fr\\\/#\\\/schema\\\/logo\\\/image\\\/\",\"url\":\"\",\"contentUrl\":\"\",\"caption\":\"Producteur Fran\u00e7ais De Caviar\"},\"image\":{\"@id\":\"http:\\\/\\\/caviar-de-neuvic.com\\\/fr\\\/#\\\/schema\\\/logo\\\/image\\\/\"}}]}<\/script>\n<!-- \/ Yoast SEO plugin. -->","yoast_head_json":{"title":"Rillettes d'esturgeon au caviar - Caviar de Neuvic","description":"Nos rillettes d'esturgeon au caviar sont une cr\u00e9ation gastronomique qui marie l'onctuosit\u00e9 de l'esturgeon fum\u00e9 \u00e0 la richesse des perles de caviar.","robots":{"index":"index","follow":"follow","max-snippet":"max-snippet:-1","max-image-preview":"max-image-preview:large","max-video-preview":"max-video-preview:-1"},"canonical":"https:\/\/caviar-de-neuvic.com\/es_es\/p\/accueil\/esturgeon\/rillettes-d-esturgeon\/rillettes-d-esturgeon-au-caviar\/","og_locale":"es_ES","og_type":"article","og_title":"Rillettes d'esturgeon au caviar - Caviar de Neuvic","og_description":"Nos rillettes d'esturgeon au caviar sont une cr\u00e9ation gastronomique qui marie l'onctuosit\u00e9 de l'esturgeon fum\u00e9 \u00e0 la richesse des perles de caviar.","og_url":"https:\/\/caviar-de-neuvic.com\/es_es\/p\/accueil\/esturgeon\/rillettes-d-esturgeon\/rillettes-d-esturgeon-au-caviar\/","og_site_name":"Producteur Fran\u00e7ais De Caviar","article_modified_time":"2026-02-09T18:01:33+00:00","og_image":[{"width":1100,"height":1422,"url":"https:\/\/caviar-de-neuvic.com\/wp-content\/uploads\/2015\/12\/1989-Rillettes-desturgeon-au-caviar-90-grammes.jpg","type":"image\/jpeg"}],"twitter_card":"summary_large_image","twitter_misc":{"Tiempo de lectura":"1 minuto"},"schema":{"@context":"https:\/\/schema.org","@graph":[{"@type":"WebPage","@id":"https:\/\/caviar-de-neuvic.com\/p\/accueil\/esturgeon\/rillettes-d-esturgeon\/rillettes-d-esturgeon-au-caviar\/","url":"https:\/\/caviar-de-neuvic.com\/p\/accueil\/esturgeon\/rillettes-d-esturgeon\/rillettes-d-esturgeon-au-caviar\/","name":"Rillettes d'esturgeon au caviar - Caviar de Neuvic","isPartOf":{"@id":"http:\/\/caviar-de-neuvic.com\/fr\/#website"},"primaryImageOfPage":{"@id":"https:\/\/caviar-de-neuvic.com\/p\/accueil\/esturgeon\/rillettes-d-esturgeon\/rillettes-d-esturgeon-au-caviar\/#primaryimage"},"image":{"@id":"https:\/\/caviar-de-neuvic.com\/p\/accueil\/esturgeon\/rillettes-d-esturgeon\/rillettes-d-esturgeon-au-caviar\/#primaryimage"},"thumbnailUrl":"https:\/\/caviar-de-neuvic.com\/wp-content\/uploads\/2015\/12\/1989-Rillettes-desturgeon-au-caviar-90-grammes.jpg","datePublished":"2015-12-13T22:29:02+00:00","dateModified":"2026-02-09T18:01:33+00:00","description":"Nos rillettes d'esturgeon au caviar sont une cr\u00e9ation gastronomique qui marie l'onctuosit\u00e9 de l'esturgeon fum\u00e9 \u00e0 la richesse des perles de caviar.","breadcrumb":{"@id":"https:\/\/caviar-de-neuvic.com\/p\/accueil\/esturgeon\/rillettes-d-esturgeon\/rillettes-d-esturgeon-au-caviar\/#breadcrumb"},"inLanguage":"es","potentialAction":[{"@type":"ReadAction","target":["https:\/\/caviar-de-neuvic.com\/p\/accueil\/esturgeon\/rillettes-d-esturgeon\/rillettes-d-esturgeon-au-caviar\/"]}]},{"@type":"ImageObject","inLanguage":"es","@id":"https:\/\/caviar-de-neuvic.com\/p\/accueil\/esturgeon\/rillettes-d-esturgeon\/rillettes-d-esturgeon-au-caviar\/#primaryimage","url":"https:\/\/caviar-de-neuvic.com\/wp-content\/uploads\/2015\/12\/1989-Rillettes-desturgeon-au-caviar-90-grammes.jpg","contentUrl":"https:\/\/caviar-de-neuvic.com\/wp-content\/uploads\/2015\/12\/1989-Rillettes-desturgeon-au-caviar-90-grammes.jpg","width":1100,"height":1422,"caption":"Rillettes d'esturgeon au caviar - 90 grammes"},{"@type":"BreadcrumbList","@id":"https:\/\/caviar-de-neuvic.com\/p\/accueil\/esturgeon\/rillettes-d-esturgeon\/rillettes-d-esturgeon-au-caviar\/#breadcrumb","itemListElement":[{"@type":"ListItem","position":1,"name":"Caviar de Neuvic","item":"https:\/\/caviar-de-neuvic.com\/"},{"@type":"ListItem","position":2,"name":"Shop","item":"https:\/\/caviar-de-neuvic.com\/en\/shop\/"},{"@type":"ListItem","position":3,"name":"Rillettes d&rsquo;esturgeon au caviar"}]},{"@type":"WebSite","@id":"http:\/\/caviar-de-neuvic.com\/fr\/#website","url":"http:\/\/caviar-de-neuvic.com\/fr\/","name":"Producteur Fran\u00e7ais De Caviar","description":"","publisher":{"@id":"http:\/\/caviar-de-neuvic.com\/fr\/#organization"},"potentialAction":[{"@type":"SearchAction","target":{"@type":"EntryPoint","urlTemplate":"http:\/\/caviar-de-neuvic.com\/fr\/?s={search_term_string}"},"query-input":{"@type":"PropertyValueSpecification","valueRequired":true,"valueName":"search_term_string"}}],"inLanguage":"es"},{"@type":"Organization","@id":"http:\/\/caviar-de-neuvic.com\/fr\/#organization","name":"Producteur Fran\u00e7ais De Caviar","url":"http:\/\/caviar-de-neuvic.com\/fr\/","logo":{"@type":"ImageObject","inLanguage":"es","@id":"http:\/\/caviar-de-neuvic.com\/fr\/#\/schema\/logo\/image\/","url":"","contentUrl":"","caption":"Producteur Fran\u00e7ais De Caviar"},"image":{"@id":"http:\/\/caviar-de-neuvic.com\/fr\/#\/schema\/logo\/image\/"}}]}},"_links":{"self":[{"href":"https:\/\/caviar-de-neuvic.com\/es_es\/wp-json\/wp\/v2\/product\/227","targetHints":{"allow":["GET"]}}],"collection":[{"href":"https:\/\/caviar-de-neuvic.com\/es_es\/wp-json\/wp\/v2\/product"}],"about":[{"href":"https:\/\/caviar-de-neuvic.com\/es_es\/wp-json\/wp\/v2\/types\/product"}],"version-history":[{"count":3,"href":"https:\/\/caviar-de-neuvic.com\/es_es\/wp-json\/wp\/v2\/product\/227\/revisions"}],"predecessor-version":[{"id":31325,"href":"https:\/\/caviar-de-neuvic.com\/es_es\/wp-json\/wp\/v2\/product\/227\/revisions\/31325"}],"wp:featuredmedia":[{"embeddable":true,"href":"https:\/\/caviar-de-neuvic.com\/es_es\/wp-json\/wp\/v2\/media\/223"}],"wp:attachment":[{"href":"https:\/\/caviar-de-neuvic.com\/es_es\/wp-json\/wp\/v2\/media?parent=227"}],"wp:term":[{"taxonomy":"product_brand","embeddable":true,"href":"https:\/\/caviar-de-neuvic.com\/es_es\/wp-json\/wp\/v2\/product_brand?post=227"},{"taxonomy":"product_cat","embeddable":true,"href":"https:\/\/caviar-de-neuvic.com\/es_es\/wp-json\/wp\/v2\/product_cat?post=227"},{"taxonomy":"product_tag","embeddable":true,"href":"https:\/\/caviar-de-neuvic.com\/es_es\/wp-json\/wp\/v2\/product_tag?post=227"}],"curies":[{"name":"wp","href":"https:\/\/api.w.org\/{rel}","templated":true}]}}