{"id":2484,"date":"2025-03-10T09:45:28","date_gmt":"2025-03-10T09:45:28","guid":{"rendered":"https:\/\/caviar-de-neuvic.com\/produits\/filets-desturgeon-frais-bio-2-kg\/"},"modified":"2026-02-02T14:21:25","modified_gmt":"2026-02-02T13:21:25","slug":"filets-desturgeon-frais-bio-2-kg","status":"publish","type":"product","link":"https:\/\/caviar-de-neuvic.com\/es_es\/p\/accueil\/esturgeon\/filets-desturgeon-frais-bio-2-kg\/","title":{"rendered":"Filetes de esturi\u00f3n fresco ecol\u00f3gico 2kg"},"content":{"rendered":"<h3>\u00bfC\u00f3mo cocinar el esturi\u00f3n?<\/h3>\n<p>La carne de esturi\u00f3n se presta a muchas recetas.<\/p>\n<ul style=\"list-style-type: circle;\">\n<li>En papillote: Acompa\u00f1ado de verduras y hierbas arom\u00e1ticas, para una cocci\u00f3n suave y sabrosa.<\/li>\n<li>A la sart\u00e9n: Sellado r\u00e1pidamente en la sart\u00e9n para una textura caramelizada.<\/li>\n<li>Al horno: Asado, resulta especialmente sabroso.<\/li>\n<li>En tartar: Para los amantes de sabores m\u00e1s intensos.<\/li>\n<\/ul>\n<h3>Consejos del blog<\/h3>\n<ul style=\"list-style-type: circle;\">\n<li><a href=\"https:\/\/caviar-de-neuvic.com\/es_es\/universducaviar\/pourquoi-lesturgeon-est-il-un-poisson-fascinant\/\">\u00bfPor qu\u00e9 el esturi\u00f3n es un pez fascinante?<\/a><\/li>\n<li><a href=\"https:\/\/caviar-de-neuvic.com\/es_es\/universducaviar\/quel-est-le-gout-de-lesturgeon\/\">\u00bfA qu\u00e9 sabe el esturi\u00f3n?<\/a><\/li>\n<li><a href=\"https:\/\/caviar-de-neuvic.com\/es_es\/mots-gestes\/limportance-de-la-qualite-de-leau-en-elevage\/\">La importancia de la calidad del agua en la cr\u00eda<\/a><\/li>\n<li><a href=\"https:\/\/caviar-de-neuvic.com\/es_es\/universducaviar\/les-grandes-etapes-de-lelevage-desturgeons\/\">Las principales etapas de la cr\u00eda del esturi\u00f3n<\/a><\/li>\n<\/ul>","protected":false},"excerpt":{"rendered":"<p>Descubra la carne de esturi\u00f3n ecol\u00f3gico, un pescado excepcional, reconocido por su finura y delicadeza. Naturalmente sin espinas, su carne blanca y compacta ofrece una textura incomparable y un sabor sutil que se presta a multitud de preparaciones.<\/p>\n<p>Nuestra carne de esturi\u00f3n procede de criaderos que respetan el bienestar animal, lo que garantiza una calidad irreprochable. Trabajamos principalmente con las especies Baerii y Gueldenstaedtii, reconocidas por la calidad de su carne.<\/p>\n<h2>Las ventajas de la carne de esturi\u00f3n<\/h2>\n<p>Gracias a su sabor sutil, la carne de esturi\u00f3n es perfecta para los paladares delicados. Se combina de maravilla con numerosos sabores. Su carne fundente en boca ofrece una experiencia gastron\u00f3mica \u00fanica. Al no tener espinas, tambi\u00e9n resulta f\u00e1cil de cocinar y degustar, ideal para toda la familia. Por \u00faltimo, la carne de esturi\u00f3n es rica en prote\u00ednas y omega-3, beneficiosa para la salud.<\/p>","protected":false},"featured_media":2483,"template":"","meta":{"_acf_changed":false,"ocean_post_layout":"","ocean_both_sidebars_style":"","ocean_both_sidebars_content_width":0,"ocean_both_sidebars_sidebars_width":0,"ocean_sidebar":"0","ocean_second_sidebar":"0","ocean_disable_margins":"enable","ocean_add_body_class":"","ocean_shortcode_before_top_bar":"","ocean_shortcode_after_top_bar":"","ocean_shortcode_before_header":"","ocean_shortcode_after_header":"","ocean_has_shortcode":"","ocean_shortcode_after_title":"","ocean_shortcode_before_footer_widgets":"","ocean_shortcode_after_footer_widgets":"","ocean_shortcode_before_footer_bottom":"","ocean_shortcode_after_footer_bottom":"","ocean_display_top_bar":"default","ocean_display_header":"default","ocean_header_style":"","ocean_center_header_left_menu":"0","ocean_custom_header_template":"0","ocean_custom_logo":0,"ocean_custom_retina_logo":0,"ocean_custom_logo_max_width":0,"ocean_custom_logo_tablet_max_width":0,"ocean_custom_logo_mobile_max_width":0,"ocean_custom_logo_max_height":0,"ocean_custom_logo_tablet_max_height":0,"ocean_custom_logo_mobile_max_height":0,"ocean_header_custom_menu":"0","ocean_menu_typo_font_family":"0","ocean_menu_typo_font_subset":"","ocean_menu_typo_font_size":0,"ocean_menu_typo_font_size_tablet":0,"ocean_menu_typo_font_size_mobile":0,"ocean_menu_typo_font_size_unit":"px","ocean_menu_typo_font_weight":"","ocean_menu_typo_font_weight_tablet":"","ocean_menu_typo_font_weight_mobile":"","ocean_menu_typo_transform":"","ocean_menu_typo_transform_tablet":"","ocean_menu_typo_transform_mobile":"","ocean_menu_typo_line_height":0,"ocean_menu_typo_line_height_tablet":0,"ocean_menu_typo_line_height_mobile":0,"ocean_menu_typo_line_height_unit":"","ocean_menu_typo_spacing":0,"ocean_menu_typo_spacing_tablet":0,"ocean_menu_typo_spacing_mobile":0,"ocean_menu_typo_spacing_unit":"","ocean_menu_link_color":"","ocean_menu_link_color_hover":"","ocean_menu_link_color_active":"","ocean_menu_link_background":"","ocean_menu_link_hover_background":"","ocean_menu_link_active_background":"","ocean_menu_social_links_bg":"","ocean_menu_social_hover_links_bg":"","ocean_menu_social_links_color":"","ocean_menu_social_hover_links_color":"","ocean_disable_title":"default","ocean_disable_heading":"default","ocean_post_title":"","ocean_post_subheading":"","ocean_post_title_style":"","ocean_post_title_background_color":"","ocean_post_title_background":0,"ocean_post_title_bg_image_position":"","ocean_post_title_bg_image_attachment":"","ocean_post_title_bg_image_repeat":"","ocean_post_title_bg_image_size":"","ocean_post_title_height":0,"ocean_post_title_bg_overlay":0.5,"ocean_post_title_bg_overlay_color":"","ocean_disable_breadcrumbs":"default","ocean_breadcrumbs_color":"","ocean_breadcrumbs_separator_color":"","ocean_breadcrumbs_links_color":"","ocean_breadcrumbs_links_hover_color":"","ocean_display_footer_widgets":"default","ocean_display_footer_bottom":"default","ocean_custom_footer_template":"0","omw_enable_modal_window":"enable"},"product_brand":[314],"product_cat":[24,310],"product_tag":[],"class_list":{"0":"post-2484","1":"product","2":"type-product","3":"status-publish","4":"has-post-thumbnail","6":"product_brand-agriculture-biologique","7":"product_cat-esturgeon","8":"product_cat-notre-gamme-biologique","10":"entry","11":"has-media","13":"first","14":"outofstock","15":"taxable","16":"shipping-taxable","17":"purchasable","18":"product-type-simple","19":"has-product-nav","20":"col","21":"span_1_of_3","22":"owp-content-center","23":"item-entry","24":"owp-thumbs-layout-vertical","25":"owp-btn-normal","26":"owp-tabs-layout-horizontal"},"acf":[],"yoast_head":"<!-- This site is optimized with the Yoast SEO plugin v27.5 - https:\/\/yoast.com\/product\/yoast-seo-wordpress\/ -->\n<title>Filets d\u2019esturgeon frais bio - Caviar de Neuvic<\/title>\n<meta name=\"description\" content=\"D\u00e9couvrez la chair d&#039;esturgeon bio, un poisson d&#039;exception, r\u00e9put\u00e9e pour sa finesse et sa d\u00e9licatesse. Naturellement sans ar\u00eate, sa chair blanche et compacte offre une texture incomparable et un go\u00fbt subtil qui se pr\u00eate \u00e0 une multitude de pr\u00e9parations.\" \/>\n<meta name=\"robots\" content=\"index, follow, max-snippet:-1, max-image-preview:large, max-video-preview:-1\" \/>\n<link rel=\"canonical\" href=\"https:\/\/caviar-de-neuvic.com\/es_es\/p\/accueil\/esturgeon\/filets-desturgeon-frais-bio-2-kg\/\" \/>\n<meta property=\"og:locale\" content=\"es_ES\" \/>\n<meta property=\"og:type\" content=\"article\" \/>\n<meta property=\"og:title\" content=\"Filets d\u2019esturgeon frais bio - Caviar de Neuvic\" \/>\n<meta property=\"og:description\" content=\"D\u00e9couvrez la chair d&#039;esturgeon bio, un poisson d&#039;exception, r\u00e9put\u00e9e pour sa finesse et sa d\u00e9licatesse. Naturellement sans ar\u00eate, sa chair blanche et compacte offre une texture incomparable et un go\u00fbt subtil qui se pr\u00eate \u00e0 une multitude de pr\u00e9parations.\" \/>\n<meta property=\"og:url\" content=\"https:\/\/caviar-de-neuvic.com\/es_es\/p\/accueil\/esturgeon\/filets-desturgeon-frais-bio-2-kg\/\" \/>\n<meta property=\"og:site_name\" content=\"Producteur Fran\u00e7ais De Caviar\" \/>\n<meta property=\"article:modified_time\" content=\"2026-02-02T13:21:25+00:00\" \/>\n<meta property=\"og:image\" content=\"https:\/\/caviar-de-neuvic.com\/wp-content\/uploads\/2025\/03\/2939-Filets-desturgeon-frais-2-kg.jpg\" \/>\n\t<meta property=\"og:image:width\" content=\"1100\" \/>\n\t<meta property=\"og:image:height\" content=\"1422\" \/>\n\t<meta property=\"og:image:type\" content=\"image\/jpeg\" \/>\n<meta name=\"twitter:card\" content=\"summary_large_image\" \/>\n<meta name=\"twitter:label1\" content=\"Tiempo de lectura\" \/>\n\t<meta name=\"twitter:data1\" content=\"1 minuto\" \/>\n<script type=\"application\/ld+json\" class=\"yoast-schema-graph\">{\"@context\":\"https:\\\/\\\/schema.org\",\"@graph\":[{\"@type\":\"WebPage\",\"@id\":\"https:\\\/\\\/caviar-de-neuvic.com\\\/p\\\/accueil\\\/esturgeon\\\/filets-desturgeon-frais-bio-2-kg\\\/\",\"url\":\"https:\\\/\\\/caviar-de-neuvic.com\\\/p\\\/accueil\\\/esturgeon\\\/filets-desturgeon-frais-bio-2-kg\\\/\",\"name\":\"Filets d\u2019esturgeon frais bio - Caviar de Neuvic\",\"isPartOf\":{\"@id\":\"http:\\\/\\\/caviar-de-neuvic.com\\\/fr\\\/#website\"},\"primaryImageOfPage\":{\"@id\":\"https:\\\/\\\/caviar-de-neuvic.com\\\/p\\\/accueil\\\/esturgeon\\\/filets-desturgeon-frais-bio-2-kg\\\/#primaryimage\"},\"image\":{\"@id\":\"https:\\\/\\\/caviar-de-neuvic.com\\\/p\\\/accueil\\\/esturgeon\\\/filets-desturgeon-frais-bio-2-kg\\\/#primaryimage\"},\"thumbnailUrl\":\"https:\\\/\\\/caviar-de-neuvic.com\\\/wp-content\\\/uploads\\\/2025\\\/03\\\/2939-Filets-desturgeon-frais-2-kg.jpg\",\"datePublished\":\"2025-03-10T09:45:28+00:00\",\"dateModified\":\"2026-02-02T13:21:25+00:00\",\"description\":\"D\u00e9couvrez la chair d'esturgeon bio, un poisson d'exception, r\u00e9put\u00e9e pour sa finesse et sa d\u00e9licatesse. Naturellement sans ar\u00eate, sa chair blanche et compacte offre une texture incomparable et un go\u00fbt subtil qui se pr\u00eate \u00e0 une multitude de pr\u00e9parations.\",\"breadcrumb\":{\"@id\":\"https:\\\/\\\/caviar-de-neuvic.com\\\/p\\\/accueil\\\/esturgeon\\\/filets-desturgeon-frais-bio-2-kg\\\/#breadcrumb\"},\"inLanguage\":\"es\",\"potentialAction\":[{\"@type\":\"ReadAction\",\"target\":[\"https:\\\/\\\/caviar-de-neuvic.com\\\/p\\\/accueil\\\/esturgeon\\\/filets-desturgeon-frais-bio-2-kg\\\/\"]}]},{\"@type\":\"ImageObject\",\"inLanguage\":\"es\",\"@id\":\"https:\\\/\\\/caviar-de-neuvic.com\\\/p\\\/accueil\\\/esturgeon\\\/filets-desturgeon-frais-bio-2-kg\\\/#primaryimage\",\"url\":\"https:\\\/\\\/caviar-de-neuvic.com\\\/wp-content\\\/uploads\\\/2025\\\/03\\\/2939-Filets-desturgeon-frais-2-kg.jpg\",\"contentUrl\":\"https:\\\/\\\/caviar-de-neuvic.com\\\/wp-content\\\/uploads\\\/2025\\\/03\\\/2939-Filets-desturgeon-frais-2-kg.jpg\",\"width\":1100,\"height\":1422,\"caption\":\"Filets d\u2019esturgeon frais 2 kg\"},{\"@type\":\"BreadcrumbList\",\"@id\":\"https:\\\/\\\/caviar-de-neuvic.com\\\/p\\\/accueil\\\/esturgeon\\\/filets-desturgeon-frais-bio-2-kg\\\/#breadcrumb\",\"itemListElement\":[{\"@type\":\"ListItem\",\"position\":1,\"name\":\"Caviar de Neuvic\",\"item\":\"https:\\\/\\\/caviar-de-neuvic.com\\\/\"},{\"@type\":\"ListItem\",\"position\":2,\"name\":\"Shop\",\"item\":\"https:\\\/\\\/caviar-de-neuvic.com\\\/en\\\/shop\\\/\"},{\"@type\":\"ListItem\",\"position\":3,\"name\":\"Filets d\u2019esturgeon frais bio 2 kg\"}]},{\"@type\":\"WebSite\",\"@id\":\"http:\\\/\\\/caviar-de-neuvic.com\\\/fr\\\/#website\",\"url\":\"http:\\\/\\\/caviar-de-neuvic.com\\\/fr\\\/\",\"name\":\"Producteur Fran\u00e7ais De Caviar\",\"description\":\"\",\"publisher\":{\"@id\":\"http:\\\/\\\/caviar-de-neuvic.com\\\/fr\\\/#organization\"},\"potentialAction\":[{\"@type\":\"SearchAction\",\"target\":{\"@type\":\"EntryPoint\",\"urlTemplate\":\"http:\\\/\\\/caviar-de-neuvic.com\\\/fr\\\/?s={search_term_string}\"},\"query-input\":{\"@type\":\"PropertyValueSpecification\",\"valueRequired\":true,\"valueName\":\"search_term_string\"}}],\"inLanguage\":\"es\"},{\"@type\":\"Organization\",\"@id\":\"http:\\\/\\\/caviar-de-neuvic.com\\\/fr\\\/#organization\",\"name\":\"Producteur Fran\u00e7ais De Caviar\",\"url\":\"http:\\\/\\\/caviar-de-neuvic.com\\\/fr\\\/\",\"logo\":{\"@type\":\"ImageObject\",\"inLanguage\":\"es\",\"@id\":\"http:\\\/\\\/caviar-de-neuvic.com\\\/fr\\\/#\\\/schema\\\/logo\\\/image\\\/\",\"url\":\"\",\"contentUrl\":\"\",\"caption\":\"Producteur Fran\u00e7ais De Caviar\"},\"image\":{\"@id\":\"http:\\\/\\\/caviar-de-neuvic.com\\\/fr\\\/#\\\/schema\\\/logo\\\/image\\\/\"}}]}<\/script>\n<!-- \/ Yoast SEO plugin. -->","yoast_head_json":{"title":"Filets d\u2019esturgeon frais bio - Caviar de Neuvic","description":"D\u00e9couvrez la chair d'esturgeon bio, un poisson d'exception, r\u00e9put\u00e9e pour sa finesse et sa d\u00e9licatesse. Naturellement sans ar\u00eate, sa chair blanche et compacte offre une texture incomparable et un go\u00fbt subtil qui se pr\u00eate \u00e0 une multitude de pr\u00e9parations.","robots":{"index":"index","follow":"follow","max-snippet":"max-snippet:-1","max-image-preview":"max-image-preview:large","max-video-preview":"max-video-preview:-1"},"canonical":"https:\/\/caviar-de-neuvic.com\/es_es\/p\/accueil\/esturgeon\/filets-desturgeon-frais-bio-2-kg\/","og_locale":"es_ES","og_type":"article","og_title":"Filets d\u2019esturgeon frais bio - Caviar de Neuvic","og_description":"D\u00e9couvrez la chair d'esturgeon bio, un poisson d'exception, r\u00e9put\u00e9e pour sa finesse et sa d\u00e9licatesse. Naturellement sans ar\u00eate, sa chair blanche et compacte offre une texture incomparable et un go\u00fbt subtil qui se pr\u00eate \u00e0 une multitude de pr\u00e9parations.","og_url":"https:\/\/caviar-de-neuvic.com\/es_es\/p\/accueil\/esturgeon\/filets-desturgeon-frais-bio-2-kg\/","og_site_name":"Producteur Fran\u00e7ais De Caviar","article_modified_time":"2026-02-02T13:21:25+00:00","og_image":[{"width":1100,"height":1422,"url":"https:\/\/caviar-de-neuvic.com\/wp-content\/uploads\/2025\/03\/2939-Filets-desturgeon-frais-2-kg.jpg","type":"image\/jpeg"}],"twitter_card":"summary_large_image","twitter_misc":{"Tiempo de lectura":"1 minuto"},"schema":{"@context":"https:\/\/schema.org","@graph":[{"@type":"WebPage","@id":"https:\/\/caviar-de-neuvic.com\/p\/accueil\/esturgeon\/filets-desturgeon-frais-bio-2-kg\/","url":"https:\/\/caviar-de-neuvic.com\/p\/accueil\/esturgeon\/filets-desturgeon-frais-bio-2-kg\/","name":"Filets d\u2019esturgeon frais bio - Caviar de Neuvic","isPartOf":{"@id":"http:\/\/caviar-de-neuvic.com\/fr\/#website"},"primaryImageOfPage":{"@id":"https:\/\/caviar-de-neuvic.com\/p\/accueil\/esturgeon\/filets-desturgeon-frais-bio-2-kg\/#primaryimage"},"image":{"@id":"https:\/\/caviar-de-neuvic.com\/p\/accueil\/esturgeon\/filets-desturgeon-frais-bio-2-kg\/#primaryimage"},"thumbnailUrl":"https:\/\/caviar-de-neuvic.com\/wp-content\/uploads\/2025\/03\/2939-Filets-desturgeon-frais-2-kg.jpg","datePublished":"2025-03-10T09:45:28+00:00","dateModified":"2026-02-02T13:21:25+00:00","description":"D\u00e9couvrez la chair d'esturgeon bio, un poisson d'exception, r\u00e9put\u00e9e pour sa finesse et sa d\u00e9licatesse. Naturellement sans ar\u00eate, sa chair blanche et compacte offre une texture incomparable et un go\u00fbt subtil qui se pr\u00eate \u00e0 une multitude de pr\u00e9parations.","breadcrumb":{"@id":"https:\/\/caviar-de-neuvic.com\/p\/accueil\/esturgeon\/filets-desturgeon-frais-bio-2-kg\/#breadcrumb"},"inLanguage":"es","potentialAction":[{"@type":"ReadAction","target":["https:\/\/caviar-de-neuvic.com\/p\/accueil\/esturgeon\/filets-desturgeon-frais-bio-2-kg\/"]}]},{"@type":"ImageObject","inLanguage":"es","@id":"https:\/\/caviar-de-neuvic.com\/p\/accueil\/esturgeon\/filets-desturgeon-frais-bio-2-kg\/#primaryimage","url":"https:\/\/caviar-de-neuvic.com\/wp-content\/uploads\/2025\/03\/2939-Filets-desturgeon-frais-2-kg.jpg","contentUrl":"https:\/\/caviar-de-neuvic.com\/wp-content\/uploads\/2025\/03\/2939-Filets-desturgeon-frais-2-kg.jpg","width":1100,"height":1422,"caption":"Filets d\u2019esturgeon frais 2 kg"},{"@type":"BreadcrumbList","@id":"https:\/\/caviar-de-neuvic.com\/p\/accueil\/esturgeon\/filets-desturgeon-frais-bio-2-kg\/#breadcrumb","itemListElement":[{"@type":"ListItem","position":1,"name":"Caviar de Neuvic","item":"https:\/\/caviar-de-neuvic.com\/"},{"@type":"ListItem","position":2,"name":"Shop","item":"https:\/\/caviar-de-neuvic.com\/en\/shop\/"},{"@type":"ListItem","position":3,"name":"Filets d\u2019esturgeon frais bio 2 kg"}]},{"@type":"WebSite","@id":"http:\/\/caviar-de-neuvic.com\/fr\/#website","url":"http:\/\/caviar-de-neuvic.com\/fr\/","name":"Producteur Fran\u00e7ais De Caviar","description":"","publisher":{"@id":"http:\/\/caviar-de-neuvic.com\/fr\/#organization"},"potentialAction":[{"@type":"SearchAction","target":{"@type":"EntryPoint","urlTemplate":"http:\/\/caviar-de-neuvic.com\/fr\/?s={search_term_string}"},"query-input":{"@type":"PropertyValueSpecification","valueRequired":true,"valueName":"search_term_string"}}],"inLanguage":"es"},{"@type":"Organization","@id":"http:\/\/caviar-de-neuvic.com\/fr\/#organization","name":"Producteur Fran\u00e7ais De Caviar","url":"http:\/\/caviar-de-neuvic.com\/fr\/","logo":{"@type":"ImageObject","inLanguage":"es","@id":"http:\/\/caviar-de-neuvic.com\/fr\/#\/schema\/logo\/image\/","url":"","contentUrl":"","caption":"Producteur Fran\u00e7ais De Caviar"},"image":{"@id":"http:\/\/caviar-de-neuvic.com\/fr\/#\/schema\/logo\/image\/"}}]}},"_links":{"self":[{"href":"https:\/\/caviar-de-neuvic.com\/es_es\/wp-json\/wp\/v2\/product\/2484","targetHints":{"allow":["GET"]}}],"collection":[{"href":"https:\/\/caviar-de-neuvic.com\/es_es\/wp-json\/wp\/v2\/product"}],"about":[{"href":"https:\/\/caviar-de-neuvic.com\/es_es\/wp-json\/wp\/v2\/types\/product"}],"version-history":[{"count":5,"href":"https:\/\/caviar-de-neuvic.com\/es_es\/wp-json\/wp\/v2\/product\/2484\/revisions"}],"predecessor-version":[{"id":29991,"href":"https:\/\/caviar-de-neuvic.com\/es_es\/wp-json\/wp\/v2\/product\/2484\/revisions\/29991"}],"wp:featuredmedia":[{"embeddable":true,"href":"https:\/\/caviar-de-neuvic.com\/es_es\/wp-json\/wp\/v2\/media\/2483"}],"wp:attachment":[{"href":"https:\/\/caviar-de-neuvic.com\/es_es\/wp-json\/wp\/v2\/media?parent=2484"}],"wp:term":[{"taxonomy":"product_brand","embeddable":true,"href":"https:\/\/caviar-de-neuvic.com\/es_es\/wp-json\/wp\/v2\/product_brand?post=2484"},{"taxonomy":"product_cat","embeddable":true,"href":"https:\/\/caviar-de-neuvic.com\/es_es\/wp-json\/wp\/v2\/product_cat?post=2484"},{"taxonomy":"product_tag","embeddable":true,"href":"https:\/\/caviar-de-neuvic.com\/es_es\/wp-json\/wp\/v2\/product_tag?post=2484"}],"curies":[{"name":"wp","href":"https:\/\/api.w.org\/{rel}","templated":true}]}}