{"id":33119,"date":"2025-12-05T11:31:17","date_gmt":"2025-12-05T10:31:17","guid":{"rendered":"https:\/\/caviar-de-neuvic.com\/?post_type=product&#038;p=33119"},"modified":"2026-03-16T15:18:40","modified_gmt":"2026-03-16T14:18:40","slug":"caviar-beluga-huso-signature","status":"publish","type":"product","link":"https:\/\/caviar-de-neuvic.com\/es_es\/p\/accueil\/caviar\/caviar-beluga\/caviar-beluga-huso-signature\/","title":{"rendered":"Caviar Beluga Huso Signature"},"content":{"rendered":"<h3>Consejos<\/h3>\n<p>Es preferible sacar la caja de caviar 5 minutos antes de servirlo. Col\u00f3quela sobre\u00a0<a href=\"https:\/\/caviar-de-neuvic.com\/es_es\/p\/accueil\/accompagner-le-caviar\/moule-a-glacons-on-the-rock\/\">una cama de hielo<\/a> que mantendr\u00e1 su frescura durante toda la degustaci\u00f3n.\u00a0<a href=\"https:\/\/caviar-de-neuvic.com\/es_es\/p\/accueil\/accompagner-le-caviar\/cuillere-en-nacre\/\">Utilice una cucharilla de n\u00e1car<\/a> que no rompa los granos y no provoque oxidaci\u00f3n.<\/p>\n<p>La pureza y la potencia de un buen vodka ofrecer\u00e1n un interesante contrapunto a las notas mantecosas y golosas del caviar, al tiempo que realzar\u00e1n una frescura no tan inocente.<\/p>\n<h3>M\u00e1s informaci\u00f3n en el blog<\/h3>\n<ul style=\"list-style-type: circle;\">\n<li><a href=\"https:\/\/caviar-de-neuvic.com\/es_es\/universducaviar\/comment-servir-du-caviar\/\">\u00bfC\u00f3mo servir el caviar?<\/a><\/li>\n<li><a href=\"https:\/\/caviar-de-neuvic.com\/es_es\/universducaviar\/quels-sens-mobiliser-pour-la-degustation-de-caviar\/\">\u00bfQu\u00e9 sentidos se deben movilizar para la degustaci\u00f3n del caviar?<\/a><\/li>\n<li><a href=\"https:\/\/caviar-de-neuvic.com\/es_es\/universducaviar\/comment-accompagner-le-caviar\/\">\u00bfC\u00f3mo acompa\u00f1ar el caviar?<\/a><\/li>\n<li><a href=\"https:\/\/caviar-de-neuvic.com\/es_es\/universducaviar\/comment-deguster-le-caviar\/\">\u00bfC\u00f3mo degustar el caviar?<\/a><\/li>\n<li><a href=\"https:\/\/caviar-de-neuvic.com\/es_es\/universducaviar\/conserver-le-caviar\/\">\u00bfC\u00f3mo conservar el caviar?<\/a><\/li>\n<li><a href=\"https:\/\/caviar-de-neuvic.com\/es_es\/universducaviar\/que-boire-avec-le-caviar\/\">\u00bfQu\u00e9 beber con el caviar?<\/a><\/li>\n<\/ul>","protected":false},"excerpt":{"rendered":"<p>Debido a su escasez, el esturi\u00f3n beluga es el m\u00e1s conocido y m\u00edtico de los esturiones. Hoy en d\u00eda, solo algunos pa\u00edses producen caviar beluga de criadero.<\/p>\n<p>Gracias a una colaboraci\u00f3n exclusiva con una granja pisc\u00edcola en Bulgaria, Caviar de Neuvic le ofrece este excepcional caviar Beluga.<\/p>\n<p>El caviar Beluga procede del esturi\u00f3n Huso Huso. Criado en medio de un lago alimentado por el deshielo, esta especie de esturi\u00f3n puede alcanzar m\u00e1s de 100 kilos a los 20 a\u00f1os. El tama\u00f1o de este esturi\u00f3n tambi\u00e9n contribuye a la fama de este producto. Se ha registrado la captura r\u00e9cord de un esturi\u00f3n beluga de m\u00e1s de 7 metros y 1,5 toneladas.<\/p>\n<h2>El caviar Beluga, una evocaci\u00f3n del caviar salvaje<\/h2>\n<p>Adem\u00e1s, una hembra de esturi\u00f3n solo produce huevos despu\u00e9s de 18 a\u00f1os de vida. Esto explica el gran tama\u00f1o de sus granos, muy apreciados por los consumidores nost\u00e1lgicos del caviar salvaje. Su grano es el m\u00e1s grande de todos los caviares. Su sabor es potente y la textura de los granos es cremosa. Su color var\u00eda en tonos de gris claro.<\/p>\n<p>Poids : 100g<\/p>","protected":false},"featured_media":25825,"template":"","meta":{"_acf_changed":false,"ocean_post_layout":"","ocean_both_sidebars_style":"","ocean_both_sidebars_content_width":0,"ocean_both_sidebars_sidebars_width":0,"ocean_sidebar":"0","ocean_second_sidebar":"0","ocean_disable_margins":"enable","ocean_add_body_class":"","ocean_shortcode_before_top_bar":"","ocean_shortcode_after_top_bar":"","ocean_shortcode_before_header":"","ocean_shortcode_after_header":"","ocean_has_shortcode":"","ocean_shortcode_after_title":"","ocean_shortcode_before_footer_widgets":"","ocean_shortcode_after_footer_widgets":"","ocean_shortcode_before_footer_bottom":"","ocean_shortcode_after_footer_bottom":"","ocean_display_top_bar":"default","ocean_display_header":"default","ocean_header_style":"","ocean_center_header_left_menu":"0","ocean_custom_header_template":"0","ocean_custom_logo":0,"ocean_custom_retina_logo":0,"ocean_custom_logo_max_width":0,"ocean_custom_logo_tablet_max_width":0,"ocean_custom_logo_mobile_max_width":0,"ocean_custom_logo_max_height":0,"ocean_custom_logo_tablet_max_height":0,"ocean_custom_logo_mobile_max_height":0,"ocean_header_custom_menu":"0","ocean_menu_typo_font_family":"0","ocean_menu_typo_font_subset":"","ocean_menu_typo_font_size":0,"ocean_menu_typo_font_size_tablet":0,"ocean_menu_typo_font_size_mobile":0,"ocean_menu_typo_font_size_unit":"px","ocean_menu_typo_font_weight":"","ocean_menu_typo_font_weight_tablet":"","ocean_menu_typo_font_weight_mobile":"","ocean_menu_typo_transform":"","ocean_menu_typo_transform_tablet":"","ocean_menu_typo_transform_mobile":"","ocean_menu_typo_line_height":0,"ocean_menu_typo_line_height_tablet":0,"ocean_menu_typo_line_height_mobile":0,"ocean_menu_typo_line_height_unit":"","ocean_menu_typo_spacing":0,"ocean_menu_typo_spacing_tablet":0,"ocean_menu_typo_spacing_mobile":0,"ocean_menu_typo_spacing_unit":"","ocean_menu_link_color":"","ocean_menu_link_color_hover":"","ocean_menu_link_color_active":"","ocean_menu_link_background":"","ocean_menu_link_hover_background":"","ocean_menu_link_active_background":"","ocean_menu_social_links_bg":"","ocean_menu_social_hover_links_bg":"","ocean_menu_social_links_color":"","ocean_menu_social_hover_links_color":"","ocean_disable_title":"default","ocean_disable_heading":"default","ocean_post_title":"","ocean_post_subheading":"","ocean_post_title_style":"","ocean_post_title_background_color":"","ocean_post_title_background":0,"ocean_post_title_bg_image_position":"","ocean_post_title_bg_image_attachment":"","ocean_post_title_bg_image_repeat":"","ocean_post_title_bg_image_size":"","ocean_post_title_height":0,"ocean_post_title_bg_overlay":0.5,"ocean_post_title_bg_overlay_color":"","ocean_disable_breadcrumbs":"default","ocean_breadcrumbs_color":"","ocean_breadcrumbs_separator_color":"","ocean_breadcrumbs_links_color":"","ocean_breadcrumbs_links_hover_color":"","ocean_display_footer_widgets":"default","ocean_display_footer_bottom":"default","ocean_custom_footer_template":"0","omw_enable_modal_window":"enable"},"product_brand":[315],"product_cat":[20,51,311],"product_tag":[],"class_list":{"0":"post-33119","1":"product","2":"type-product","3":"status-publish","4":"has-post-thumbnail","6":"product_brand-caviar-signature","7":"product_cat-caviar","8":"product_cat-caviar-beluga","9":"product_cat-nos-caviars-signature","10":"pa_choisissezlepoids-100g","11":"pa_choisissezlepoids-250g","12":"pa_choisissezlepoids-30g","13":"pa_choisissezlepoids-500g","14":"pa_choisissezlepoids-50g","15":"pa_origine-bulgarie","17":"entry","18":"has-media","20":"first","21":"outofstock","22":"sale","23":"taxable","24":"shipping-taxable","25":"purchasable","26":"product-type-simple","27":"has-product-nav","28":"col","29":"span_1_of_3","30":"owp-content-center","31":"item-entry","32":"owp-thumbs-layout-vertical","33":"owp-btn-normal","34":"owp-tabs-layout-horizontal"},"acf":[],"yoast_head":"<!-- This site is optimized with the Yoast SEO plugin v27.5 - https:\/\/yoast.com\/product\/yoast-seo-wordpress\/ -->\n<title>Caviar Beluga Signature - Caviar de Neuvic<\/title>\n<meta name=\"description\" content=\"Le Caviar Beluga est r\u00e9put\u00e9 pour la grande taille de ses grains. Il est souvent appr\u00e9ci\u00e9 par les nostalgiques du caviar sauvage. Son go\u00fbt est puissant et la texture des grains est cr\u00e9meuse.\" \/>\n<meta name=\"robots\" content=\"index, follow, max-snippet:-1, max-image-preview:large, max-video-preview:-1\" \/>\n<link rel=\"canonical\" href=\"https:\/\/caviar-de-neuvic.com\/es_es\/p\/accueil\/caviar\/caviar-beluga\/caviar-beluga-huso-signature\/\" \/>\n<meta property=\"og:locale\" content=\"es_ES\" \/>\n<meta property=\"og:type\" content=\"article\" \/>\n<meta property=\"og:title\" content=\"Caviar Beluga Signature - Caviar de Neuvic\" \/>\n<meta property=\"og:description\" content=\"Le Caviar Beluga est r\u00e9put\u00e9 pour la grande taille de ses grains. Il est souvent appr\u00e9ci\u00e9 par les nostalgiques du caviar sauvage. Son go\u00fbt est puissant et la texture des grains est cr\u00e9meuse.\" \/>\n<meta property=\"og:url\" content=\"https:\/\/caviar-de-neuvic.com\/es_es\/p\/accueil\/caviar\/caviar-beluga\/caviar-beluga-huso-signature\/\" \/>\n<meta property=\"og:site_name\" content=\"Producteur Fran\u00e7ais De Caviar\" \/>\n<meta property=\"article:modified_time\" content=\"2026-03-16T14:18:40+00:00\" \/>\n<meta property=\"og:image\" content=\"https:\/\/caviar-de-neuvic.com\/wp-content\/uploads\/2019\/10\/2106-Caviar-Beluga-Signature.jpg\" \/>\n\t<meta property=\"og:image:width\" content=\"1100\" \/>\n\t<meta property=\"og:image:height\" content=\"1422\" \/>\n\t<meta property=\"og:image:type\" content=\"image\/jpeg\" \/>\n<meta name=\"twitter:card\" content=\"summary_large_image\" \/>\n<meta name=\"twitter:label1\" content=\"Tiempo de lectura\" \/>\n\t<meta name=\"twitter:data1\" content=\"1 minuto\" \/>\n<script type=\"application\/ld+json\" class=\"yoast-schema-graph\">{\"@context\":\"https:\\\/\\\/schema.org\",\"@graph\":[{\"@type\":\"WebPage\",\"@id\":\"https:\\\/\\\/caviar-de-neuvic.com\\\/p\\\/accueil\\\/caviar\\\/caviar-beluga\\\/caviar-beluga-huso-signature\\\/\",\"url\":\"https:\\\/\\\/caviar-de-neuvic.com\\\/p\\\/accueil\\\/caviar\\\/caviar-beluga\\\/caviar-beluga-huso-signature\\\/\",\"name\":\"Caviar Beluga Signature - Caviar de Neuvic\",\"isPartOf\":{\"@id\":\"http:\\\/\\\/caviar-de-neuvic.com\\\/fr\\\/#website\"},\"primaryImageOfPage\":{\"@id\":\"https:\\\/\\\/caviar-de-neuvic.com\\\/p\\\/accueil\\\/caviar\\\/caviar-beluga\\\/caviar-beluga-huso-signature\\\/#primaryimage\"},\"image\":{\"@id\":\"https:\\\/\\\/caviar-de-neuvic.com\\\/p\\\/accueil\\\/caviar\\\/caviar-beluga\\\/caviar-beluga-huso-signature\\\/#primaryimage\"},\"thumbnailUrl\":\"https:\\\/\\\/caviar-de-neuvic.com\\\/wp-content\\\/uploads\\\/2019\\\/10\\\/2106-Caviar-Beluga-Signature.jpg\",\"datePublished\":\"2025-12-05T10:31:17+00:00\",\"dateModified\":\"2026-03-16T14:18:40+00:00\",\"description\":\"Le Caviar Beluga est r\u00e9put\u00e9 pour la grande taille de ses grains. Il est souvent appr\u00e9ci\u00e9 par les nostalgiques du caviar sauvage. Son go\u00fbt est puissant et la texture des grains est cr\u00e9meuse.\",\"breadcrumb\":{\"@id\":\"https:\\\/\\\/caviar-de-neuvic.com\\\/p\\\/accueil\\\/caviar\\\/caviar-beluga\\\/caviar-beluga-huso-signature\\\/#breadcrumb\"},\"inLanguage\":\"es\",\"potentialAction\":[{\"@type\":\"ReadAction\",\"target\":[\"https:\\\/\\\/caviar-de-neuvic.com\\\/p\\\/accueil\\\/caviar\\\/caviar-beluga\\\/caviar-beluga-huso-signature\\\/\"]}]},{\"@type\":\"ImageObject\",\"inLanguage\":\"es\",\"@id\":\"https:\\\/\\\/caviar-de-neuvic.com\\\/p\\\/accueil\\\/caviar\\\/caviar-beluga\\\/caviar-beluga-huso-signature\\\/#primaryimage\",\"url\":\"https:\\\/\\\/caviar-de-neuvic.com\\\/wp-content\\\/uploads\\\/2019\\\/10\\\/2106-Caviar-Beluga-Signature.jpg\",\"contentUrl\":\"https:\\\/\\\/caviar-de-neuvic.com\\\/wp-content\\\/uploads\\\/2019\\\/10\\\/2106-Caviar-Beluga-Signature.jpg\",\"width\":1100,\"height\":1422,\"caption\":\"Caviar Beluga Signature\"},{\"@type\":\"BreadcrumbList\",\"@id\":\"https:\\\/\\\/caviar-de-neuvic.com\\\/p\\\/accueil\\\/caviar\\\/caviar-beluga\\\/caviar-beluga-huso-signature\\\/#breadcrumb\",\"itemListElement\":[{\"@type\":\"ListItem\",\"position\":1,\"name\":\"Caviar de Neuvic\",\"item\":\"https:\\\/\\\/caviar-de-neuvic.com\\\/\"},{\"@type\":\"ListItem\",\"position\":2,\"name\":\"Shop\",\"item\":\"https:\\\/\\\/caviar-de-neuvic.com\\\/en\\\/shop\\\/\"},{\"@type\":\"ListItem\",\"position\":3,\"name\":\"Caviar Beluga Huso Signature\"}]},{\"@type\":\"WebSite\",\"@id\":\"http:\\\/\\\/caviar-de-neuvic.com\\\/fr\\\/#website\",\"url\":\"http:\\\/\\\/caviar-de-neuvic.com\\\/fr\\\/\",\"name\":\"Producteur Fran\u00e7ais De Caviar\",\"description\":\"\",\"publisher\":{\"@id\":\"http:\\\/\\\/caviar-de-neuvic.com\\\/fr\\\/#organization\"},\"potentialAction\":[{\"@type\":\"SearchAction\",\"target\":{\"@type\":\"EntryPoint\",\"urlTemplate\":\"http:\\\/\\\/caviar-de-neuvic.com\\\/fr\\\/?s={search_term_string}\"},\"query-input\":{\"@type\":\"PropertyValueSpecification\",\"valueRequired\":true,\"valueName\":\"search_term_string\"}}],\"inLanguage\":\"es\"},{\"@type\":\"Organization\",\"@id\":\"http:\\\/\\\/caviar-de-neuvic.com\\\/fr\\\/#organization\",\"name\":\"Producteur Fran\u00e7ais De Caviar\",\"url\":\"http:\\\/\\\/caviar-de-neuvic.com\\\/fr\\\/\",\"logo\":{\"@type\":\"ImageObject\",\"inLanguage\":\"es\",\"@id\":\"http:\\\/\\\/caviar-de-neuvic.com\\\/fr\\\/#\\\/schema\\\/logo\\\/image\\\/\",\"url\":\"\",\"contentUrl\":\"\",\"caption\":\"Producteur Fran\u00e7ais De Caviar\"},\"image\":{\"@id\":\"http:\\\/\\\/caviar-de-neuvic.com\\\/fr\\\/#\\\/schema\\\/logo\\\/image\\\/\"}}]}<\/script>\n<!-- \/ Yoast SEO plugin. -->","yoast_head_json":{"title":"Caviar Beluga Signature - Caviar de Neuvic","description":"Le Caviar Beluga est r\u00e9put\u00e9 pour la grande taille de ses grains. Il est souvent appr\u00e9ci\u00e9 par les nostalgiques du caviar sauvage. Son go\u00fbt est puissant et la texture des grains est cr\u00e9meuse.","robots":{"index":"index","follow":"follow","max-snippet":"max-snippet:-1","max-image-preview":"max-image-preview:large","max-video-preview":"max-video-preview:-1"},"canonical":"https:\/\/caviar-de-neuvic.com\/es_es\/p\/accueil\/caviar\/caviar-beluga\/caviar-beluga-huso-signature\/","og_locale":"es_ES","og_type":"article","og_title":"Caviar Beluga Signature - Caviar de Neuvic","og_description":"Le Caviar Beluga est r\u00e9put\u00e9 pour la grande taille de ses grains. Il est souvent appr\u00e9ci\u00e9 par les nostalgiques du caviar sauvage. Son go\u00fbt est puissant et la texture des grains est cr\u00e9meuse.","og_url":"https:\/\/caviar-de-neuvic.com\/es_es\/p\/accueil\/caviar\/caviar-beluga\/caviar-beluga-huso-signature\/","og_site_name":"Producteur Fran\u00e7ais De Caviar","article_modified_time":"2026-03-16T14:18:40+00:00","og_image":[{"width":1100,"height":1422,"url":"https:\/\/caviar-de-neuvic.com\/wp-content\/uploads\/2019\/10\/2106-Caviar-Beluga-Signature.jpg","type":"image\/jpeg"}],"twitter_card":"summary_large_image","twitter_misc":{"Tiempo de lectura":"1 minuto"},"schema":{"@context":"https:\/\/schema.org","@graph":[{"@type":"WebPage","@id":"https:\/\/caviar-de-neuvic.com\/p\/accueil\/caviar\/caviar-beluga\/caviar-beluga-huso-signature\/","url":"https:\/\/caviar-de-neuvic.com\/p\/accueil\/caviar\/caviar-beluga\/caviar-beluga-huso-signature\/","name":"Caviar Beluga Signature - Caviar de Neuvic","isPartOf":{"@id":"http:\/\/caviar-de-neuvic.com\/fr\/#website"},"primaryImageOfPage":{"@id":"https:\/\/caviar-de-neuvic.com\/p\/accueil\/caviar\/caviar-beluga\/caviar-beluga-huso-signature\/#primaryimage"},"image":{"@id":"https:\/\/caviar-de-neuvic.com\/p\/accueil\/caviar\/caviar-beluga\/caviar-beluga-huso-signature\/#primaryimage"},"thumbnailUrl":"https:\/\/caviar-de-neuvic.com\/wp-content\/uploads\/2019\/10\/2106-Caviar-Beluga-Signature.jpg","datePublished":"2025-12-05T10:31:17+00:00","dateModified":"2026-03-16T14:18:40+00:00","description":"Le Caviar Beluga est r\u00e9put\u00e9 pour la grande taille de ses grains. Il est souvent appr\u00e9ci\u00e9 par les nostalgiques du caviar sauvage. Son go\u00fbt est puissant et la texture des grains est cr\u00e9meuse.","breadcrumb":{"@id":"https:\/\/caviar-de-neuvic.com\/p\/accueil\/caviar\/caviar-beluga\/caviar-beluga-huso-signature\/#breadcrumb"},"inLanguage":"es","potentialAction":[{"@type":"ReadAction","target":["https:\/\/caviar-de-neuvic.com\/p\/accueil\/caviar\/caviar-beluga\/caviar-beluga-huso-signature\/"]}]},{"@type":"ImageObject","inLanguage":"es","@id":"https:\/\/caviar-de-neuvic.com\/p\/accueil\/caviar\/caviar-beluga\/caviar-beluga-huso-signature\/#primaryimage","url":"https:\/\/caviar-de-neuvic.com\/wp-content\/uploads\/2019\/10\/2106-Caviar-Beluga-Signature.jpg","contentUrl":"https:\/\/caviar-de-neuvic.com\/wp-content\/uploads\/2019\/10\/2106-Caviar-Beluga-Signature.jpg","width":1100,"height":1422,"caption":"Caviar Beluga Signature"},{"@type":"BreadcrumbList","@id":"https:\/\/caviar-de-neuvic.com\/p\/accueil\/caviar\/caviar-beluga\/caviar-beluga-huso-signature\/#breadcrumb","itemListElement":[{"@type":"ListItem","position":1,"name":"Caviar de Neuvic","item":"https:\/\/caviar-de-neuvic.com\/"},{"@type":"ListItem","position":2,"name":"Shop","item":"https:\/\/caviar-de-neuvic.com\/en\/shop\/"},{"@type":"ListItem","position":3,"name":"Caviar Beluga Huso Signature"}]},{"@type":"WebSite","@id":"http:\/\/caviar-de-neuvic.com\/fr\/#website","url":"http:\/\/caviar-de-neuvic.com\/fr\/","name":"Producteur Fran\u00e7ais De Caviar","description":"","publisher":{"@id":"http:\/\/caviar-de-neuvic.com\/fr\/#organization"},"potentialAction":[{"@type":"SearchAction","target":{"@type":"EntryPoint","urlTemplate":"http:\/\/caviar-de-neuvic.com\/fr\/?s={search_term_string}"},"query-input":{"@type":"PropertyValueSpecification","valueRequired":true,"valueName":"search_term_string"}}],"inLanguage":"es"},{"@type":"Organization","@id":"http:\/\/caviar-de-neuvic.com\/fr\/#organization","name":"Producteur Fran\u00e7ais De Caviar","url":"http:\/\/caviar-de-neuvic.com\/fr\/","logo":{"@type":"ImageObject","inLanguage":"es","@id":"http:\/\/caviar-de-neuvic.com\/fr\/#\/schema\/logo\/image\/","url":"","contentUrl":"","caption":"Producteur Fran\u00e7ais De Caviar"},"image":{"@id":"http:\/\/caviar-de-neuvic.com\/fr\/#\/schema\/logo\/image\/"}}]}},"_links":{"self":[{"href":"https:\/\/caviar-de-neuvic.com\/es_es\/wp-json\/wp\/v2\/product\/33119","targetHints":{"allow":["GET"]}}],"collection":[{"href":"https:\/\/caviar-de-neuvic.com\/es_es\/wp-json\/wp\/v2\/product"}],"about":[{"href":"https:\/\/caviar-de-neuvic.com\/es_es\/wp-json\/wp\/v2\/types\/product"}],"version-history":[{"count":3,"href":"https:\/\/caviar-de-neuvic.com\/es_es\/wp-json\/wp\/v2\/product\/33119\/revisions"}],"predecessor-version":[{"id":33435,"href":"https:\/\/caviar-de-neuvic.com\/es_es\/wp-json\/wp\/v2\/product\/33119\/revisions\/33435"}],"wp:featuredmedia":[{"embeddable":true,"href":"https:\/\/caviar-de-neuvic.com\/es_es\/wp-json\/wp\/v2\/media\/25825"}],"wp:attachment":[{"href":"https:\/\/caviar-de-neuvic.com\/es_es\/wp-json\/wp\/v2\/media?parent=33119"}],"wp:term":[{"taxonomy":"product_brand","embeddable":true,"href":"https:\/\/caviar-de-neuvic.com\/es_es\/wp-json\/wp\/v2\/product_brand?post=33119"},{"taxonomy":"product_cat","embeddable":true,"href":"https:\/\/caviar-de-neuvic.com\/es_es\/wp-json\/wp\/v2\/product_cat?post=33119"},{"taxonomy":"product_tag","embeddable":true,"href":"https:\/\/caviar-de-neuvic.com\/es_es\/wp-json\/wp\/v2\/product_tag?post=33119"}],"curies":[{"name":"wp","href":"https:\/\/api.w.org\/{rel}","templated":true}]}}