{"id":33133,"date":"2025-12-05T11:31:33","date_gmt":"2025-12-05T10:31:33","guid":{"rendered":"https:\/\/caviar-de-neuvic.com\/?post_type=product&#038;p=33133"},"modified":"2026-03-16T15:22:39","modified_gmt":"2026-03-16T14:22:39","slug":"caviar-naccarii-signature","status":"publish","type":"product","link":"https:\/\/caviar-de-neuvic.com\/es_es\/p\/accueil\/caviar\/nos-caviars-signature\/caviar-naccarii-signature\/","title":{"rendered":"Caviar Naccarii Signature"},"content":{"rendered":"<div class=\"col-md-3 titre\"><strong>Sugerencia de consumo<\/strong><\/div>\n<div class=\"col-md-9\">\n<p>Es preferible sacar la caja de caviar 5 minutos antes de servirlo. Col\u00f3quela sobre\u00a0<a href=\"https:\/\/caviar-de-neuvic.com\/es_es\/accessoires\/16-caviar-on-the-rocks.html\/\">una cama de hielo<\/a> que mantendr\u00e1 su frescura durante toda la degustaci\u00f3n.\u00a0<a href=\"https:\/\/caviar-de-neuvic.com\/es_es\/accessoires\/30-cuillere-en-nacre.html\/\">Utilice una cucharilla de n\u00e1car<\/a> que no rompa los granos y no provoque oxidaci\u00f3n.<\/p>\n<\/div>\n<div class=\"col-md-3 titre\"><strong>Maridaje<\/strong><\/div>\n<div class=\"col-md-9\">\n<p>La pureza y la potencia de un buen vodka ofrecer\u00e1n un interesante contrapunto a las notas mantecosas y golosas del caviar, al tiempo que realzar\u00e1n una frescura no tan inocente.<\/p>\n<\/div>\n<div class=\"col-md-3 titre\"><\/div>\n<div class=\"col-md-9\"><\/div>\n<div class=\"col-md-3 titre\"><strong>Valores nutricionales<\/strong><\/div>\n<div class=\"col-md-9\">\n<table class=\"table table-bordered valeurs\" border=\"1\">\n<thead>\n<tr>\n<th colspan=\"4\">Por 100 g<\/th>\n<\/tr>\n<\/thead>\n<tbody>\n<tr>\n<td>Valor energ\u00e9tico (Kcal)<\/td>\n<td>242<\/td>\n<td>L\u00edpidos (g) de los cuales \u00e1cidos grasos saturados (g)<\/td>\n<td>15 (2,7)<\/td>\n<\/tr>\n<tr>\n<td>Valor energ\u00e9tico (kJ)<\/td>\n<td>1012<\/td>\n<td>Gl\u00facidos (g) de los cuales az\u00facares (g)<\/td>\n<td>2,5\u00a0(0,3)<\/td>\n<\/tr>\n<tr>\n<td>Prote\u00ednas (g)<\/td>\n<td>24,5<\/td>\n<td>Sal (g)<\/td>\n<td>2,98<\/td>\n<\/tr>\n<\/tbody>\n<\/table>\n<\/div>","protected":false},"excerpt":{"rendered":"<p>Descubra el caviar Naccari, la \u00faltima creaci\u00f3n de Caviar de Neuvic, productor franc\u00e9s comprometido con el caviar. Procedente hist\u00f3ricamente del esturi\u00f3n europeo Acipenser Naccarii, end\u00e9mico del mar Adri\u00e1tico, este caviar tan exclusivo se obtiene de peces de entre 9 y 10 a\u00f1os de edad.<\/p>\n<h2>Naccari: la expresi\u00f3n de un caviar franc\u00e9s potente y refinado<\/h2>\n<p>Sus granos de tama\u00f1o mediano seducen por su color, que va del gris al negro antracita, y su textura suave, que se deshace delicadamente en la boca. Aut\u00e9ntico homenaje al caviar de anta\u00f1o, el caviar Naccari revela un sabor yodado intenso, potente y refinado, ideal para los amantes de las sensaciones gastron\u00f3micas aut\u00e9nticas.<\/p>\n<p>Comparable al Sevruga, pero con una identidad marcada, encarna una experiencia gustativa \u00fanica, elegante y memorable. Novedad imprescindible de Caviar de Neuvic, el Caviar Naccari ya se impone como un producto excepcional para los paladares m\u00e1s exigentes.<\/p>\n<p>Poids : 100g<\/p>","protected":false},"featured_media":29713,"template":"","meta":{"_acf_changed":false,"ocean_post_layout":"","ocean_both_sidebars_style":"","ocean_both_sidebars_content_width":0,"ocean_both_sidebars_sidebars_width":0,"ocean_sidebar":"0","ocean_second_sidebar":"0","ocean_disable_margins":"enable","ocean_add_body_class":"","ocean_shortcode_before_top_bar":"","ocean_shortcode_after_top_bar":"","ocean_shortcode_before_header":"","ocean_shortcode_after_header":"","ocean_has_shortcode":"","ocean_shortcode_after_title":"","ocean_shortcode_before_footer_widgets":"","ocean_shortcode_after_footer_widgets":"","ocean_shortcode_before_footer_bottom":"","ocean_shortcode_after_footer_bottom":"","ocean_display_top_bar":"default","ocean_display_header":"default","ocean_header_style":"","ocean_center_header_left_menu":"0","ocean_custom_header_template":"0","ocean_custom_logo":0,"ocean_custom_retina_logo":0,"ocean_custom_logo_max_width":0,"ocean_custom_logo_tablet_max_width":0,"ocean_custom_logo_mobile_max_width":0,"ocean_custom_logo_max_height":0,"ocean_custom_logo_tablet_max_height":0,"ocean_custom_logo_mobile_max_height":0,"ocean_header_custom_menu":"0","ocean_menu_typo_font_family":"0","ocean_menu_typo_font_subset":"","ocean_menu_typo_font_size":0,"ocean_menu_typo_font_size_tablet":0,"ocean_menu_typo_font_size_mobile":0,"ocean_menu_typo_font_size_unit":"px","ocean_menu_typo_font_weight":"","ocean_menu_typo_font_weight_tablet":"","ocean_menu_typo_font_weight_mobile":"","ocean_menu_typo_transform":"","ocean_menu_typo_transform_tablet":"","ocean_menu_typo_transform_mobile":"","ocean_menu_typo_line_height":0,"ocean_menu_typo_line_height_tablet":0,"ocean_menu_typo_line_height_mobile":0,"ocean_menu_typo_line_height_unit":"","ocean_menu_typo_spacing":0,"ocean_menu_typo_spacing_tablet":0,"ocean_menu_typo_spacing_mobile":0,"ocean_menu_typo_spacing_unit":"","ocean_menu_link_color":"","ocean_menu_link_color_hover":"","ocean_menu_link_color_active":"","ocean_menu_link_background":"","ocean_menu_link_hover_background":"","ocean_menu_link_active_background":"","ocean_menu_social_links_bg":"","ocean_menu_social_hover_links_bg":"","ocean_menu_social_links_color":"","ocean_menu_social_hover_links_color":"","ocean_disable_title":"default","ocean_disable_heading":"default","ocean_post_title":"","ocean_post_subheading":"","ocean_post_title_style":"","ocean_post_title_background_color":"","ocean_post_title_background":0,"ocean_post_title_bg_image_position":"","ocean_post_title_bg_image_attachment":"","ocean_post_title_bg_image_repeat":"","ocean_post_title_bg_image_size":"","ocean_post_title_height":0,"ocean_post_title_bg_overlay":0.5,"ocean_post_title_bg_overlay_color":"","ocean_disable_breadcrumbs":"default","ocean_breadcrumbs_color":"","ocean_breadcrumbs_separator_color":"","ocean_breadcrumbs_links_color":"","ocean_breadcrumbs_links_hover_color":"","ocean_display_footer_widgets":"default","ocean_display_footer_bottom":"default","ocean_custom_footer_template":"0","omw_enable_modal_window":"enable"},"product_brand":[],"product_cat":[451,311],"product_tag":[],"class_list":{"0":"post-33133","1":"product","2":"type-product","3":"status-publish","4":"has-post-thumbnail","6":"product_cat-caviar-naccari","7":"product_cat-nos-caviars-signature","8":"pa_choisissezlepoids-100g","9":"pa_conservation-88-aurefrigerateurentre0et4c","10":"pa_origine-france","12":"entry","13":"has-media","15":"first","16":"outofstock","17":"sale","18":"taxable","19":"shipping-taxable","20":"purchasable","21":"product-type-simple","22":"has-product-nav","23":"col","24":"span_1_of_3","25":"owp-content-center","26":"item-entry","27":"owp-thumbs-layout-vertical","28":"owp-btn-normal","29":"owp-tabs-layout-horizontal"},"acf":[],"yoast_head":"<!-- This site is optimized with the Yoast SEO plugin v27.6 - https:\/\/yoast.com\/product\/yoast-seo-wordpress\/ -->\n<title>Caviar Naccari Signature - Caviar de Neuvic<\/title>\n<meta name=\"description\" content=\"Le caviar Naccari est l\u2019expression d\u2019un caviar fran\u00e7ais puissant et raffin\u00e9. Ses grains de taille moyenne s\u00e9duisent par leur couleur allant du gris au noir anthracite et leur texture souple qui fond d\u00e9licatement en bouche.\" \/>\n<meta name=\"robots\" content=\"index, follow, max-snippet:-1, max-image-preview:large, max-video-preview:-1\" \/>\n<link rel=\"canonical\" href=\"https:\/\/caviar-de-neuvic.com\/es_es\/p\/accueil\/caviar\/nos-caviars-signature\/caviar-naccarii-signature\/\" \/>\n<meta property=\"og:locale\" content=\"es_ES\" \/>\n<meta property=\"og:type\" content=\"article\" \/>\n<meta property=\"og:title\" content=\"Caviar Naccari Signature - Caviar de Neuvic\" \/>\n<meta property=\"og:description\" content=\"Le caviar Naccari est l\u2019expression d\u2019un caviar fran\u00e7ais puissant et raffin\u00e9. Ses grains de taille moyenne s\u00e9duisent par leur couleur allant du gris au noir anthracite et leur texture souple qui fond d\u00e9licatement en bouche.\" \/>\n<meta property=\"og:url\" content=\"https:\/\/caviar-de-neuvic.com\/es_es\/p\/accueil\/caviar\/nos-caviars-signature\/caviar-naccarii-signature\/\" \/>\n<meta property=\"og:site_name\" content=\"Producteur Fran\u00e7ais De Caviar\" \/>\n<meta property=\"article:modified_time\" content=\"2026-03-16T14:22:39+00:00\" \/>\n<meta property=\"og:image\" content=\"https:\/\/caviar-de-neuvic.com\/wp-content\/uploads\/2025\/09\/2996-Caviar-Naccari-Signature.jpg\" \/>\n\t<meta property=\"og:image:width\" content=\"1100\" \/>\n\t<meta property=\"og:image:height\" content=\"1422\" \/>\n\t<meta property=\"og:image:type\" content=\"image\/jpeg\" \/>\n<meta name=\"twitter:card\" content=\"summary_large_image\" \/>\n<meta name=\"twitter:label1\" content=\"Tiempo de lectura\" \/>\n\t<meta name=\"twitter:data1\" content=\"1 minuto\" \/>\n<script type=\"application\/ld+json\" class=\"yoast-schema-graph\">{\"@context\":\"https:\\\/\\\/schema.org\",\"@graph\":[{\"@type\":\"WebPage\",\"@id\":\"https:\\\/\\\/caviar-de-neuvic.com\\\/p\\\/accueil\\\/caviar\\\/nos-caviars-signature\\\/caviar-naccarii-signature\\\/\",\"url\":\"https:\\\/\\\/caviar-de-neuvic.com\\\/p\\\/accueil\\\/caviar\\\/nos-caviars-signature\\\/caviar-naccarii-signature\\\/\",\"name\":\"Caviar Naccari Signature - Caviar de Neuvic\",\"isPartOf\":{\"@id\":\"http:\\\/\\\/caviar-de-neuvic.com\\\/fr\\\/#website\"},\"primaryImageOfPage\":{\"@id\":\"https:\\\/\\\/caviar-de-neuvic.com\\\/p\\\/accueil\\\/caviar\\\/nos-caviars-signature\\\/caviar-naccarii-signature\\\/#primaryimage\"},\"image\":{\"@id\":\"https:\\\/\\\/caviar-de-neuvic.com\\\/p\\\/accueil\\\/caviar\\\/nos-caviars-signature\\\/caviar-naccarii-signature\\\/#primaryimage\"},\"thumbnailUrl\":\"https:\\\/\\\/caviar-de-neuvic.com\\\/wp-content\\\/uploads\\\/2025\\\/09\\\/2996-Caviar-Naccari-Signature.jpg\",\"datePublished\":\"2025-12-05T10:31:33+00:00\",\"dateModified\":\"2026-03-16T14:22:39+00:00\",\"description\":\"Le caviar Naccari est l\u2019expression d\u2019un caviar fran\u00e7ais puissant et raffin\u00e9. Ses grains de taille moyenne s\u00e9duisent par leur couleur allant du gris au noir anthracite et leur texture souple qui fond d\u00e9licatement en bouche.\",\"breadcrumb\":{\"@id\":\"https:\\\/\\\/caviar-de-neuvic.com\\\/p\\\/accueil\\\/caviar\\\/nos-caviars-signature\\\/caviar-naccarii-signature\\\/#breadcrumb\"},\"inLanguage\":\"es\",\"potentialAction\":[{\"@type\":\"ReadAction\",\"target\":[\"https:\\\/\\\/caviar-de-neuvic.com\\\/p\\\/accueil\\\/caviar\\\/nos-caviars-signature\\\/caviar-naccarii-signature\\\/\"]}]},{\"@type\":\"ImageObject\",\"inLanguage\":\"es\",\"@id\":\"https:\\\/\\\/caviar-de-neuvic.com\\\/p\\\/accueil\\\/caviar\\\/nos-caviars-signature\\\/caviar-naccarii-signature\\\/#primaryimage\",\"url\":\"https:\\\/\\\/caviar-de-neuvic.com\\\/wp-content\\\/uploads\\\/2025\\\/09\\\/2996-Caviar-Naccari-Signature.jpg\",\"contentUrl\":\"https:\\\/\\\/caviar-de-neuvic.com\\\/wp-content\\\/uploads\\\/2025\\\/09\\\/2996-Caviar-Naccari-Signature.jpg\",\"width\":1100,\"height\":1422,\"caption\":\"Caviar Naccari Signature\"},{\"@type\":\"BreadcrumbList\",\"@id\":\"https:\\\/\\\/caviar-de-neuvic.com\\\/p\\\/accueil\\\/caviar\\\/nos-caviars-signature\\\/caviar-naccarii-signature\\\/#breadcrumb\",\"itemListElement\":[{\"@type\":\"ListItem\",\"position\":1,\"name\":\"Caviar de Neuvic\",\"item\":\"https:\\\/\\\/caviar-de-neuvic.com\\\/\"},{\"@type\":\"ListItem\",\"position\":2,\"name\":\"Shop\",\"item\":\"https:\\\/\\\/caviar-de-neuvic.com\\\/en\\\/shop\\\/\"},{\"@type\":\"ListItem\",\"position\":3,\"name\":\"Caviar Naccarii Signature\"}]},{\"@type\":\"WebSite\",\"@id\":\"http:\\\/\\\/caviar-de-neuvic.com\\\/fr\\\/#website\",\"url\":\"http:\\\/\\\/caviar-de-neuvic.com\\\/fr\\\/\",\"name\":\"Producteur Fran\u00e7ais De Caviar\",\"description\":\"\",\"publisher\":{\"@id\":\"http:\\\/\\\/caviar-de-neuvic.com\\\/fr\\\/#organization\"},\"potentialAction\":[{\"@type\":\"SearchAction\",\"target\":{\"@type\":\"EntryPoint\",\"urlTemplate\":\"http:\\\/\\\/caviar-de-neuvic.com\\\/fr\\\/?s={search_term_string}\"},\"query-input\":{\"@type\":\"PropertyValueSpecification\",\"valueRequired\":true,\"valueName\":\"search_term_string\"}}],\"inLanguage\":\"es\"},{\"@type\":\"Organization\",\"@id\":\"http:\\\/\\\/caviar-de-neuvic.com\\\/fr\\\/#organization\",\"name\":\"Producteur Fran\u00e7ais De Caviar\",\"url\":\"http:\\\/\\\/caviar-de-neuvic.com\\\/fr\\\/\",\"logo\":{\"@type\":\"ImageObject\",\"inLanguage\":\"es\",\"@id\":\"http:\\\/\\\/caviar-de-neuvic.com\\\/fr\\\/#\\\/schema\\\/logo\\\/image\\\/\",\"url\":\"\",\"contentUrl\":\"\",\"caption\":\"Producteur Fran\u00e7ais De Caviar\"},\"image\":{\"@id\":\"http:\\\/\\\/caviar-de-neuvic.com\\\/fr\\\/#\\\/schema\\\/logo\\\/image\\\/\"}}]}<\/script>\n<!-- \/ Yoast SEO plugin. -->","yoast_head_json":{"title":"Caviar Naccari Signature - Caviar de Neuvic","description":"Le caviar Naccari est l\u2019expression d\u2019un caviar fran\u00e7ais puissant et raffin\u00e9. Ses grains de taille moyenne s\u00e9duisent par leur couleur allant du gris au noir anthracite et leur texture souple qui fond d\u00e9licatement en bouche.","robots":{"index":"index","follow":"follow","max-snippet":"max-snippet:-1","max-image-preview":"max-image-preview:large","max-video-preview":"max-video-preview:-1"},"canonical":"https:\/\/caviar-de-neuvic.com\/es_es\/p\/accueil\/caviar\/nos-caviars-signature\/caviar-naccarii-signature\/","og_locale":"es_ES","og_type":"article","og_title":"Caviar Naccari Signature - Caviar de Neuvic","og_description":"Le caviar Naccari est l\u2019expression d\u2019un caviar fran\u00e7ais puissant et raffin\u00e9. Ses grains de taille moyenne s\u00e9duisent par leur couleur allant du gris au noir anthracite et leur texture souple qui fond d\u00e9licatement en bouche.","og_url":"https:\/\/caviar-de-neuvic.com\/es_es\/p\/accueil\/caviar\/nos-caviars-signature\/caviar-naccarii-signature\/","og_site_name":"Producteur Fran\u00e7ais De Caviar","article_modified_time":"2026-03-16T14:22:39+00:00","og_image":[{"width":1100,"height":1422,"url":"https:\/\/caviar-de-neuvic.com\/wp-content\/uploads\/2025\/09\/2996-Caviar-Naccari-Signature.jpg","type":"image\/jpeg"}],"twitter_card":"summary_large_image","twitter_misc":{"Tiempo de lectura":"1 minuto"},"schema":{"@context":"https:\/\/schema.org","@graph":[{"@type":"WebPage","@id":"https:\/\/caviar-de-neuvic.com\/p\/accueil\/caviar\/nos-caviars-signature\/caviar-naccarii-signature\/","url":"https:\/\/caviar-de-neuvic.com\/p\/accueil\/caviar\/nos-caviars-signature\/caviar-naccarii-signature\/","name":"Caviar Naccari Signature - Caviar de Neuvic","isPartOf":{"@id":"http:\/\/caviar-de-neuvic.com\/fr\/#website"},"primaryImageOfPage":{"@id":"https:\/\/caviar-de-neuvic.com\/p\/accueil\/caviar\/nos-caviars-signature\/caviar-naccarii-signature\/#primaryimage"},"image":{"@id":"https:\/\/caviar-de-neuvic.com\/p\/accueil\/caviar\/nos-caviars-signature\/caviar-naccarii-signature\/#primaryimage"},"thumbnailUrl":"https:\/\/caviar-de-neuvic.com\/wp-content\/uploads\/2025\/09\/2996-Caviar-Naccari-Signature.jpg","datePublished":"2025-12-05T10:31:33+00:00","dateModified":"2026-03-16T14:22:39+00:00","description":"Le caviar Naccari est l\u2019expression d\u2019un caviar fran\u00e7ais puissant et raffin\u00e9. Ses grains de taille moyenne s\u00e9duisent par leur couleur allant du gris au noir anthracite et leur texture souple qui fond d\u00e9licatement en bouche.","breadcrumb":{"@id":"https:\/\/caviar-de-neuvic.com\/p\/accueil\/caviar\/nos-caviars-signature\/caviar-naccarii-signature\/#breadcrumb"},"inLanguage":"es","potentialAction":[{"@type":"ReadAction","target":["https:\/\/caviar-de-neuvic.com\/p\/accueil\/caviar\/nos-caviars-signature\/caviar-naccarii-signature\/"]}]},{"@type":"ImageObject","inLanguage":"es","@id":"https:\/\/caviar-de-neuvic.com\/p\/accueil\/caviar\/nos-caviars-signature\/caviar-naccarii-signature\/#primaryimage","url":"https:\/\/caviar-de-neuvic.com\/wp-content\/uploads\/2025\/09\/2996-Caviar-Naccari-Signature.jpg","contentUrl":"https:\/\/caviar-de-neuvic.com\/wp-content\/uploads\/2025\/09\/2996-Caviar-Naccari-Signature.jpg","width":1100,"height":1422,"caption":"Caviar Naccari Signature"},{"@type":"BreadcrumbList","@id":"https:\/\/caviar-de-neuvic.com\/p\/accueil\/caviar\/nos-caviars-signature\/caviar-naccarii-signature\/#breadcrumb","itemListElement":[{"@type":"ListItem","position":1,"name":"Caviar de Neuvic","item":"https:\/\/caviar-de-neuvic.com\/"},{"@type":"ListItem","position":2,"name":"Shop","item":"https:\/\/caviar-de-neuvic.com\/en\/shop\/"},{"@type":"ListItem","position":3,"name":"Caviar Naccarii Signature"}]},{"@type":"WebSite","@id":"http:\/\/caviar-de-neuvic.com\/fr\/#website","url":"http:\/\/caviar-de-neuvic.com\/fr\/","name":"Producteur Fran\u00e7ais De Caviar","description":"","publisher":{"@id":"http:\/\/caviar-de-neuvic.com\/fr\/#organization"},"potentialAction":[{"@type":"SearchAction","target":{"@type":"EntryPoint","urlTemplate":"http:\/\/caviar-de-neuvic.com\/fr\/?s={search_term_string}"},"query-input":{"@type":"PropertyValueSpecification","valueRequired":true,"valueName":"search_term_string"}}],"inLanguage":"es"},{"@type":"Organization","@id":"http:\/\/caviar-de-neuvic.com\/fr\/#organization","name":"Producteur Fran\u00e7ais De Caviar","url":"http:\/\/caviar-de-neuvic.com\/fr\/","logo":{"@type":"ImageObject","inLanguage":"es","@id":"http:\/\/caviar-de-neuvic.com\/fr\/#\/schema\/logo\/image\/","url":"","contentUrl":"","caption":"Producteur Fran\u00e7ais De Caviar"},"image":{"@id":"http:\/\/caviar-de-neuvic.com\/fr\/#\/schema\/logo\/image\/"}}]}},"_links":{"self":[{"href":"https:\/\/caviar-de-neuvic.com\/es_es\/wp-json\/wp\/v2\/product\/33133","targetHints":{"allow":["GET"]}}],"collection":[{"href":"https:\/\/caviar-de-neuvic.com\/es_es\/wp-json\/wp\/v2\/product"}],"about":[{"href":"https:\/\/caviar-de-neuvic.com\/es_es\/wp-json\/wp\/v2\/types\/product"}],"version-history":[{"count":3,"href":"https:\/\/caviar-de-neuvic.com\/es_es\/wp-json\/wp\/v2\/product\/33133\/revisions"}],"predecessor-version":[{"id":33157,"href":"https:\/\/caviar-de-neuvic.com\/es_es\/wp-json\/wp\/v2\/product\/33133\/revisions\/33157"}],"wp:featuredmedia":[{"embeddable":true,"href":"https:\/\/caviar-de-neuvic.com\/es_es\/wp-json\/wp\/v2\/media\/29713"}],"wp:attachment":[{"href":"https:\/\/caviar-de-neuvic.com\/es_es\/wp-json\/wp\/v2\/media?parent=33133"}],"wp:term":[{"taxonomy":"product_brand","embeddable":true,"href":"https:\/\/caviar-de-neuvic.com\/es_es\/wp-json\/wp\/v2\/product_brand?post=33133"},{"taxonomy":"product_cat","embeddable":true,"href":"https:\/\/caviar-de-neuvic.com\/es_es\/wp-json\/wp\/v2\/product_cat?post=33133"},{"taxonomy":"product_tag","embeddable":true,"href":"https:\/\/caviar-de-neuvic.com\/es_es\/wp-json\/wp\/v2\/product_tag?post=33133"}],"curies":[{"name":"wp","href":"https:\/\/api.w.org\/{rel}","templated":true}]}}