{"id":508,"date":"2017-10-16T16:11:02","date_gmt":"2017-10-16T16:11:02","guid":{"rendered":"https:\/\/caviar-de-neuvic.com\/produits\/truffe-noire-fraiche\/"},"modified":"2026-04-09T15:17:11","modified_gmt":"2026-04-09T13:17:11","slug":"truffe-noire-fraiche","status":"publish","type":"product","link":"https:\/\/caviar-de-neuvic.com\/es_es\/p\/accueil\/l-epicerie-neuvic\/epicerie-truffe\/truffes\/truffe-noire-fraiche\/","title":{"rendered":"Trufa negra fresca"},"content":{"rendered":"","protected":false},"excerpt":{"rendered":"<p>En este momento, es la temporada de la trufa negra fresca, \u00a1aprov\u00e9chela!<\/p>\n<p>Nuestras trufas negras frescas son seleccionadas y envasadas cuidadosamente por expertos. Es un verdadero tesoro culinario con m\u00faltiples usos.<\/p>\n<p>La trufa negra del P\u00e9rigord (Tuber melanosporum) es una aut\u00e9ntica joya gastron\u00f3mica que encanta a los gourmets de todo el mundo.<\/p>\n<p>Estas trufas frescas llegan a los talleres de preparaci\u00f3n en lotes con tierra. Los expertos tienen entonces la responsabilidad de clasificar, lavar, cepillar y \u201ccanificar\u201d cada trufa, una por una a mano. Este m\u00e9todo meticuloso permite seleccionar el mejor producto para sus platos.<\/p>\n<p>El \u201ccanifado\u201d (hacer una incisi\u00f3n en la piel de una trufa fresca) permite a los profesionales verificar la calidad de la trufa. Verifican el color de la carne que debe ser oscuro con vetas blancas.<\/p>\n<h3>Tuber Melanosporum)<\/h3>\n<p>La trufa negra del P\u00e9rigord es reconocida por sus sabores sutiles e intensos. Compuesta de m\u00e1s de cincuenta matices arom\u00e1ticos, la trufa negra es un producto gastron\u00f3mico complejo. Las notas amaderadas de la Tuber melanosporum son ideales para realzar y sublimar sus preparaciones culinarias. La trufa negra tiene otra ventaja: puede consumirse cruda pero tambi\u00e9n puede cocinarse, lo que permite un uso limitado solo por su creatividad.<\/p>\n<p>Sachet de 150g<br \/>\nPrix soumis aux variations des cours hebdomadaires.<\/p>","protected":false},"featured_media":505,"template":"","meta":{"_acf_changed":false,"ocean_post_layout":"","ocean_both_sidebars_style":"","ocean_both_sidebars_content_width":0,"ocean_both_sidebars_sidebars_width":0,"ocean_sidebar":"0","ocean_second_sidebar":"0","ocean_disable_margins":"enable","ocean_add_body_class":"","ocean_shortcode_before_top_bar":"","ocean_shortcode_after_top_bar":"","ocean_shortcode_before_header":"","ocean_shortcode_after_header":"","ocean_has_shortcode":"","ocean_shortcode_after_title":"","ocean_shortcode_before_footer_widgets":"","ocean_shortcode_after_footer_widgets":"","ocean_shortcode_before_footer_bottom":"","ocean_shortcode_after_footer_bottom":"","ocean_display_top_bar":"default","ocean_display_header":"default","ocean_header_style":"","ocean_center_header_left_menu":"0","ocean_custom_header_template":"0","ocean_custom_logo":0,"ocean_custom_retina_logo":0,"ocean_custom_logo_max_width":0,"ocean_custom_logo_tablet_max_width":0,"ocean_custom_logo_mobile_max_width":0,"ocean_custom_logo_max_height":0,"ocean_custom_logo_tablet_max_height":0,"ocean_custom_logo_mobile_max_height":0,"ocean_header_custom_menu":"0","ocean_menu_typo_font_family":"0","ocean_menu_typo_font_subset":"","ocean_menu_typo_font_size":0,"ocean_menu_typo_font_size_tablet":0,"ocean_menu_typo_font_size_mobile":0,"ocean_menu_typo_font_size_unit":"px","ocean_menu_typo_font_weight":"","ocean_menu_typo_font_weight_tablet":"","ocean_menu_typo_font_weight_mobile":"","ocean_menu_typo_transform":"","ocean_menu_typo_transform_tablet":"","ocean_menu_typo_transform_mobile":"","ocean_menu_typo_line_height":0,"ocean_menu_typo_line_height_tablet":0,"ocean_menu_typo_line_height_mobile":0,"ocean_menu_typo_line_height_unit":"","ocean_menu_typo_spacing":0,"ocean_menu_typo_spacing_tablet":0,"ocean_menu_typo_spacing_mobile":0,"ocean_menu_typo_spacing_unit":"","ocean_menu_link_color":"","ocean_menu_link_color_hover":"","ocean_menu_link_color_active":"","ocean_menu_link_background":"","ocean_menu_link_hover_background":"","ocean_menu_link_active_background":"","ocean_menu_social_links_bg":"","ocean_menu_social_hover_links_bg":"","ocean_menu_social_links_color":"","ocean_menu_social_hover_links_color":"","ocean_disable_title":"default","ocean_disable_heading":"default","ocean_post_title":"","ocean_post_subheading":"","ocean_post_title_style":"","ocean_post_title_background_color":"","ocean_post_title_background":0,"ocean_post_title_bg_image_position":"","ocean_post_title_bg_image_attachment":"","ocean_post_title_bg_image_repeat":"","ocean_post_title_bg_image_size":"","ocean_post_title_height":0,"ocean_post_title_bg_overlay":0.5,"ocean_post_title_bg_overlay_color":"","ocean_disable_breadcrumbs":"default","ocean_breadcrumbs_color":"","ocean_breadcrumbs_separator_color":"","ocean_breadcrumbs_links_color":"","ocean_breadcrumbs_links_hover_color":"","ocean_display_footer_widgets":"default","ocean_display_footer_bottom":"default","ocean_custom_footer_template":"0","omw_enable_modal_window":"enable"},"product_brand":[],"product_cat":[50,512],"product_tag":[],"class_list":{"0":"post-508","1":"product","2":"type-product","3":"status-publish","4":"has-post-thumbnail","6":"product_cat-epicerie-truffe","7":"product_cat-truffes","8":"pa_conservation-95-areception_nousconseillon","9":"pa_origine-france","10":"pa_packdeproduits-oui","12":"entry","13":"has-media","15":"first","16":"outofstock","17":"taxable","18":"shipping-taxable","19":"purchasable","20":"product-type-simple","21":"col","22":"span_1_of_3","23":"owp-content-center","24":"item-entry","25":"owp-thumbs-layout-vertical","26":"owp-btn-normal","27":"owp-tabs-layout-horizontal"},"acf":[],"yoast_head":"<!-- This site is optimized with the Yoast SEO plugin v27.4 - https:\/\/yoast.com\/product\/yoast-seo-wordpress\/ -->\n<title>Truffe noire fraiche - Caviar de Neuvic<\/title>\n<meta name=\"description\" content=\"Caviar de Neuvic vous propose des truffes noires fraiches. Nos truffes noires fra\u00eeches sont s\u00e9lectionn\u00e9es et conditionn\u00e9es avec soin par des experts.\" \/>\n<meta name=\"robots\" content=\"index, follow, max-snippet:-1, max-image-preview:large, max-video-preview:-1\" \/>\n<link rel=\"canonical\" href=\"https:\/\/caviar-de-neuvic.com\/es_es\/p\/accueil\/l-epicerie-neuvic\/epicerie-truffe\/truffes\/truffe-noire-fraiche\/\" \/>\n<meta property=\"og:locale\" content=\"es_ES\" \/>\n<meta property=\"og:type\" content=\"article\" \/>\n<meta property=\"og:title\" content=\"Truffe noire fraiche - Caviar de Neuvic\" \/>\n<meta property=\"og:description\" content=\"Caviar de Neuvic vous propose des truffes noires fraiches. Nos truffes noires fra\u00eeches sont s\u00e9lectionn\u00e9es et conditionn\u00e9es avec soin par des experts.\" \/>\n<meta property=\"og:url\" content=\"https:\/\/caviar-de-neuvic.com\/es_es\/p\/accueil\/l-epicerie-neuvic\/epicerie-truffe\/truffes\/truffe-noire-fraiche\/\" \/>\n<meta property=\"og:site_name\" content=\"Producteur Fran\u00e7ais De Caviar\" \/>\n<meta property=\"article:modified_time\" content=\"2026-04-09T13:17:11+00:00\" \/>\n<meta property=\"og:image\" content=\"https:\/\/caviar-de-neuvic.com\/wp-content\/uploads\/2017\/10\/2647-Truffe-noire-fraiche.jpg\" \/>\n\t<meta property=\"og:image:width\" content=\"1100\" \/>\n\t<meta property=\"og:image:height\" content=\"1422\" \/>\n\t<meta property=\"og:image:type\" content=\"image\/jpeg\" \/>\n<meta name=\"twitter:card\" content=\"summary_large_image\" \/>\n<meta name=\"twitter:label1\" content=\"Tiempo de lectura\" \/>\n\t<meta name=\"twitter:data1\" content=\"1 minuto\" \/>\n<script type=\"application\/ld+json\" class=\"yoast-schema-graph\">{\"@context\":\"https:\\\/\\\/schema.org\",\"@graph\":[{\"@type\":\"WebPage\",\"@id\":\"https:\\\/\\\/caviar-de-neuvic.com\\\/p\\\/accueil\\\/l-epicerie-neuvic\\\/epicerie-truffe\\\/truffes\\\/truffe-noire-fraiche\\\/\",\"url\":\"https:\\\/\\\/caviar-de-neuvic.com\\\/p\\\/accueil\\\/l-epicerie-neuvic\\\/epicerie-truffe\\\/truffes\\\/truffe-noire-fraiche\\\/\",\"name\":\"Truffe noire fraiche - Caviar de Neuvic\",\"isPartOf\":{\"@id\":\"http:\\\/\\\/caviar-de-neuvic.com\\\/fr\\\/#website\"},\"primaryImageOfPage\":{\"@id\":\"https:\\\/\\\/caviar-de-neuvic.com\\\/p\\\/accueil\\\/l-epicerie-neuvic\\\/epicerie-truffe\\\/truffes\\\/truffe-noire-fraiche\\\/#primaryimage\"},\"image\":{\"@id\":\"https:\\\/\\\/caviar-de-neuvic.com\\\/p\\\/accueil\\\/l-epicerie-neuvic\\\/epicerie-truffe\\\/truffes\\\/truffe-noire-fraiche\\\/#primaryimage\"},\"thumbnailUrl\":\"https:\\\/\\\/caviar-de-neuvic.com\\\/wp-content\\\/uploads\\\/2017\\\/10\\\/2647-Truffe-noire-fraiche.jpg\",\"datePublished\":\"2017-10-16T16:11:02+00:00\",\"dateModified\":\"2026-04-09T13:17:11+00:00\",\"description\":\"Caviar de Neuvic vous propose des truffes noires fraiches. Nos truffes noires fra\u00eeches sont s\u00e9lectionn\u00e9es et conditionn\u00e9es avec soin par des experts.\",\"breadcrumb\":{\"@id\":\"https:\\\/\\\/caviar-de-neuvic.com\\\/p\\\/accueil\\\/l-epicerie-neuvic\\\/epicerie-truffe\\\/truffes\\\/truffe-noire-fraiche\\\/#breadcrumb\"},\"inLanguage\":\"es\",\"potentialAction\":[{\"@type\":\"ReadAction\",\"target\":[\"https:\\\/\\\/caviar-de-neuvic.com\\\/p\\\/accueil\\\/l-epicerie-neuvic\\\/epicerie-truffe\\\/truffes\\\/truffe-noire-fraiche\\\/\"]}]},{\"@type\":\"ImageObject\",\"inLanguage\":\"es\",\"@id\":\"https:\\\/\\\/caviar-de-neuvic.com\\\/p\\\/accueil\\\/l-epicerie-neuvic\\\/epicerie-truffe\\\/truffes\\\/truffe-noire-fraiche\\\/#primaryimage\",\"url\":\"https:\\\/\\\/caviar-de-neuvic.com\\\/wp-content\\\/uploads\\\/2017\\\/10\\\/2647-Truffe-noire-fraiche.jpg\",\"contentUrl\":\"https:\\\/\\\/caviar-de-neuvic.com\\\/wp-content\\\/uploads\\\/2017\\\/10\\\/2647-Truffe-noire-fraiche.jpg\",\"width\":1100,\"height\":1422,\"caption\":\"Truffe noire fraiche\"},{\"@type\":\"BreadcrumbList\",\"@id\":\"https:\\\/\\\/caviar-de-neuvic.com\\\/p\\\/accueil\\\/l-epicerie-neuvic\\\/epicerie-truffe\\\/truffes\\\/truffe-noire-fraiche\\\/#breadcrumb\",\"itemListElement\":[{\"@type\":\"ListItem\",\"position\":1,\"name\":\"Caviar de Neuvic\",\"item\":\"https:\\\/\\\/caviar-de-neuvic.com\\\/\"},{\"@type\":\"ListItem\",\"position\":2,\"name\":\"Shop\",\"item\":\"https:\\\/\\\/caviar-de-neuvic.com\\\/en\\\/shop\\\/\"},{\"@type\":\"ListItem\",\"position\":3,\"name\":\"Truffe noire fraiche\"}]},{\"@type\":\"WebSite\",\"@id\":\"http:\\\/\\\/caviar-de-neuvic.com\\\/fr\\\/#website\",\"url\":\"http:\\\/\\\/caviar-de-neuvic.com\\\/fr\\\/\",\"name\":\"Producteur Fran\u00e7ais De Caviar\",\"description\":\"\",\"publisher\":{\"@id\":\"http:\\\/\\\/caviar-de-neuvic.com\\\/fr\\\/#organization\"},\"potentialAction\":[{\"@type\":\"SearchAction\",\"target\":{\"@type\":\"EntryPoint\",\"urlTemplate\":\"http:\\\/\\\/caviar-de-neuvic.com\\\/fr\\\/?s={search_term_string}\"},\"query-input\":{\"@type\":\"PropertyValueSpecification\",\"valueRequired\":true,\"valueName\":\"search_term_string\"}}],\"inLanguage\":\"es\"},{\"@type\":\"Organization\",\"@id\":\"http:\\\/\\\/caviar-de-neuvic.com\\\/fr\\\/#organization\",\"name\":\"Producteur Fran\u00e7ais De Caviar\",\"url\":\"http:\\\/\\\/caviar-de-neuvic.com\\\/fr\\\/\",\"logo\":{\"@type\":\"ImageObject\",\"inLanguage\":\"es\",\"@id\":\"http:\\\/\\\/caviar-de-neuvic.com\\\/fr\\\/#\\\/schema\\\/logo\\\/image\\\/\",\"url\":\"\",\"contentUrl\":\"\",\"caption\":\"Producteur Fran\u00e7ais De Caviar\"},\"image\":{\"@id\":\"http:\\\/\\\/caviar-de-neuvic.com\\\/fr\\\/#\\\/schema\\\/logo\\\/image\\\/\"}}]}<\/script>\n<!-- \/ Yoast SEO plugin. -->","yoast_head_json":{"title":"Truffe noire fraiche - Caviar de Neuvic","description":"Caviar de Neuvic vous propose des truffes noires fraiches. Nos truffes noires fra\u00eeches sont s\u00e9lectionn\u00e9es et conditionn\u00e9es avec soin par des experts.","robots":{"index":"index","follow":"follow","max-snippet":"max-snippet:-1","max-image-preview":"max-image-preview:large","max-video-preview":"max-video-preview:-1"},"canonical":"https:\/\/caviar-de-neuvic.com\/es_es\/p\/accueil\/l-epicerie-neuvic\/epicerie-truffe\/truffes\/truffe-noire-fraiche\/","og_locale":"es_ES","og_type":"article","og_title":"Truffe noire fraiche - Caviar de Neuvic","og_description":"Caviar de Neuvic vous propose des truffes noires fraiches. Nos truffes noires fra\u00eeches sont s\u00e9lectionn\u00e9es et conditionn\u00e9es avec soin par des experts.","og_url":"https:\/\/caviar-de-neuvic.com\/es_es\/p\/accueil\/l-epicerie-neuvic\/epicerie-truffe\/truffes\/truffe-noire-fraiche\/","og_site_name":"Producteur Fran\u00e7ais De Caviar","article_modified_time":"2026-04-09T13:17:11+00:00","og_image":[{"width":1100,"height":1422,"url":"https:\/\/caviar-de-neuvic.com\/wp-content\/uploads\/2017\/10\/2647-Truffe-noire-fraiche.jpg","type":"image\/jpeg"}],"twitter_card":"summary_large_image","twitter_misc":{"Tiempo de lectura":"1 minuto"},"schema":{"@context":"https:\/\/schema.org","@graph":[{"@type":"WebPage","@id":"https:\/\/caviar-de-neuvic.com\/p\/accueil\/l-epicerie-neuvic\/epicerie-truffe\/truffes\/truffe-noire-fraiche\/","url":"https:\/\/caviar-de-neuvic.com\/p\/accueil\/l-epicerie-neuvic\/epicerie-truffe\/truffes\/truffe-noire-fraiche\/","name":"Truffe noire fraiche - Caviar de Neuvic","isPartOf":{"@id":"http:\/\/caviar-de-neuvic.com\/fr\/#website"},"primaryImageOfPage":{"@id":"https:\/\/caviar-de-neuvic.com\/p\/accueil\/l-epicerie-neuvic\/epicerie-truffe\/truffes\/truffe-noire-fraiche\/#primaryimage"},"image":{"@id":"https:\/\/caviar-de-neuvic.com\/p\/accueil\/l-epicerie-neuvic\/epicerie-truffe\/truffes\/truffe-noire-fraiche\/#primaryimage"},"thumbnailUrl":"https:\/\/caviar-de-neuvic.com\/wp-content\/uploads\/2017\/10\/2647-Truffe-noire-fraiche.jpg","datePublished":"2017-10-16T16:11:02+00:00","dateModified":"2026-04-09T13:17:11+00:00","description":"Caviar de Neuvic vous propose des truffes noires fraiches. Nos truffes noires fra\u00eeches sont s\u00e9lectionn\u00e9es et conditionn\u00e9es avec soin par des experts.","breadcrumb":{"@id":"https:\/\/caviar-de-neuvic.com\/p\/accueil\/l-epicerie-neuvic\/epicerie-truffe\/truffes\/truffe-noire-fraiche\/#breadcrumb"},"inLanguage":"es","potentialAction":[{"@type":"ReadAction","target":["https:\/\/caviar-de-neuvic.com\/p\/accueil\/l-epicerie-neuvic\/epicerie-truffe\/truffes\/truffe-noire-fraiche\/"]}]},{"@type":"ImageObject","inLanguage":"es","@id":"https:\/\/caviar-de-neuvic.com\/p\/accueil\/l-epicerie-neuvic\/epicerie-truffe\/truffes\/truffe-noire-fraiche\/#primaryimage","url":"https:\/\/caviar-de-neuvic.com\/wp-content\/uploads\/2017\/10\/2647-Truffe-noire-fraiche.jpg","contentUrl":"https:\/\/caviar-de-neuvic.com\/wp-content\/uploads\/2017\/10\/2647-Truffe-noire-fraiche.jpg","width":1100,"height":1422,"caption":"Truffe noire fraiche"},{"@type":"BreadcrumbList","@id":"https:\/\/caviar-de-neuvic.com\/p\/accueil\/l-epicerie-neuvic\/epicerie-truffe\/truffes\/truffe-noire-fraiche\/#breadcrumb","itemListElement":[{"@type":"ListItem","position":1,"name":"Caviar de Neuvic","item":"https:\/\/caviar-de-neuvic.com\/"},{"@type":"ListItem","position":2,"name":"Shop","item":"https:\/\/caviar-de-neuvic.com\/en\/shop\/"},{"@type":"ListItem","position":3,"name":"Truffe noire fraiche"}]},{"@type":"WebSite","@id":"http:\/\/caviar-de-neuvic.com\/fr\/#website","url":"http:\/\/caviar-de-neuvic.com\/fr\/","name":"Producteur Fran\u00e7ais De Caviar","description":"","publisher":{"@id":"http:\/\/caviar-de-neuvic.com\/fr\/#organization"},"potentialAction":[{"@type":"SearchAction","target":{"@type":"EntryPoint","urlTemplate":"http:\/\/caviar-de-neuvic.com\/fr\/?s={search_term_string}"},"query-input":{"@type":"PropertyValueSpecification","valueRequired":true,"valueName":"search_term_string"}}],"inLanguage":"es"},{"@type":"Organization","@id":"http:\/\/caviar-de-neuvic.com\/fr\/#organization","name":"Producteur Fran\u00e7ais De Caviar","url":"http:\/\/caviar-de-neuvic.com\/fr\/","logo":{"@type":"ImageObject","inLanguage":"es","@id":"http:\/\/caviar-de-neuvic.com\/fr\/#\/schema\/logo\/image\/","url":"","contentUrl":"","caption":"Producteur Fran\u00e7ais De Caviar"},"image":{"@id":"http:\/\/caviar-de-neuvic.com\/fr\/#\/schema\/logo\/image\/"}}]}},"_links":{"self":[{"href":"https:\/\/caviar-de-neuvic.com\/es_es\/wp-json\/wp\/v2\/product\/508","targetHints":{"allow":["GET"]}}],"collection":[{"href":"https:\/\/caviar-de-neuvic.com\/es_es\/wp-json\/wp\/v2\/product"}],"about":[{"href":"https:\/\/caviar-de-neuvic.com\/es_es\/wp-json\/wp\/v2\/types\/product"}],"version-history":[{"count":8,"href":"https:\/\/caviar-de-neuvic.com\/es_es\/wp-json\/wp\/v2\/product\/508\/revisions"}],"predecessor-version":[{"id":36968,"href":"https:\/\/caviar-de-neuvic.com\/es_es\/wp-json\/wp\/v2\/product\/508\/revisions\/36968"}],"wp:featuredmedia":[{"embeddable":true,"href":"https:\/\/caviar-de-neuvic.com\/es_es\/wp-json\/wp\/v2\/media\/505"}],"wp:attachment":[{"href":"https:\/\/caviar-de-neuvic.com\/es_es\/wp-json\/wp\/v2\/media?parent=508"}],"wp:term":[{"taxonomy":"product_brand","embeddable":true,"href":"https:\/\/caviar-de-neuvic.com\/es_es\/wp-json\/wp\/v2\/product_brand?post=508"},{"taxonomy":"product_cat","embeddable":true,"href":"https:\/\/caviar-de-neuvic.com\/es_es\/wp-json\/wp\/v2\/product_cat?post=508"},{"taxonomy":"product_tag","embeddable":true,"href":"https:\/\/caviar-de-neuvic.com\/es_es\/wp-json\/wp\/v2\/product_tag?post=508"}],"curies":[{"name":"wp","href":"https:\/\/api.w.org\/{rel}","templated":true}]}}