{"id":732,"date":"2018-04-17T15:58:09","date_gmt":"2018-04-17T15:58:09","guid":{"rendered":"https:\/\/caviar-de-neuvic.com\/produits\/caviar-beluga-reserve-boite-origine\/"},"modified":"2026-03-11T08:45:09","modified_gmt":"2026-03-11T07:45:09","slug":"caviar-beluga-reserve-boite-origine","status":"publish","type":"product","link":"https:\/\/caviar-de-neuvic.com\/es_es\/p\/accueil\/caviar\/caviar-beluga\/caviar-beluga-reserve-boite-origine\/","title":{"rendered":"Caviar Belgua R\u00e9serve \u2013 Caja Origine"},"content":{"rendered":"<h3>Servir el caviar con una caja \u00abOrigine\u00bb.<\/h3>\n<p>Retire la goma el\u00e1stica que rodea la caja y levante con cuidado la tapa. Saque una buena cantidad de caviar del centro de la caja con una cuchara de n\u00e1car. Coloque el caviar en el dorso de la mano, entre el pulgar y el \u00edndice, para calentarlo ligeramente. Deg\u00fastelo directamente sobre la piel y deje que los granos se derritan en la lengua.<\/p>\n<h3>M\u00e1s informaci\u00f3n en el blog<\/h3>\n<ul style=\"list-style-type: circle;\">\n<li><a href=\"https:\/\/caviar-de-neuvic.com\/es_es\/universducaviar\/comment-servir-du-caviar\/\">\u00bfC\u00f3mo servir el caviar?<\/a><\/li>\n<li><a href=\"https:\/\/caviar-de-neuvic.com\/es_es\/universducaviar\/quels-sens-mobiliser-pour-la-degustation-de-caviar\/\">\u00bfQu\u00e9 sentidos se deben movilizar para la degustaci\u00f3n del caviar?<\/a><\/li>\n<li><a href=\"https:\/\/caviar-de-neuvic.com\/es_es\/universducaviar\/comment-accompagner-le-caviar\/\">\u00bfC\u00f3mo acompa\u00f1ar el caviar?<\/a><\/li>\n<li><a href=\"https:\/\/caviar-de-neuvic.com\/es_es\/universducaviar\/comment-deguster-le-caviar\/\">\u00bfC\u00f3mo degustar el caviar?<\/a><\/li>\n<li><a href=\"https:\/\/caviar-de-neuvic.com\/es_es\/universducaviar\/conserver-le-caviar\/\">\u00bfC\u00f3mo conservar el caviar?<\/a><\/li>\n<li><a href=\"https:\/\/caviar-de-neuvic.com\/es_es\/universducaviar\/que-boire-avec-le-caviar\/\">\u00bfQu\u00e9 beber con el caviar?<\/a><\/li>\n<\/ul>","protected":false},"excerpt":{"rendered":"<p>La m\u00edtica caja original con los colores de Caviar de Neuvic. La caja original del caviar inspira una degustaci\u00f3n generosa e inolvidable. Formato original dedicado a la maduraci\u00f3n del caviar y en exclusiva con los colores de Caviar de Neuvic.<\/p>\n<p>La Caja Origine encierra toda la magia del caviar desde ayer hasta hoy... Era ella la que recog\u00eda el caviar justo despu\u00e9s de la pesca en los barcos en la \u00e9poca del caviar salvaje.<\/p>\n<h2>Un caviar excepcional en una caja ic\u00f3nica<\/h2>\n<p>El caviar Beluga R\u00e9serve encarna la excelencia absoluta. Sus granos, de un tama\u00f1o excepcional y con tonos que van del gris claro al plateado, ofrecen una textura fundente sin igual. En boca, se despliega una explosi\u00f3n de sabores refinados: notas mantecosas, matices de avellana y una sutil dulzura marina. Su incre\u00edble persistencia en boca lo convierte en un manjar raro y codiciado. Acompa\u00f1ado de un champ\u00e1n a\u00f1ejo, revela una complejidad y una elegancia incomparables, s\u00edmbolo definitivo del lujo gastron\u00f3mico.<\/p>","protected":false},"featured_media":731,"template":"","meta":{"_acf_changed":false,"ocean_post_layout":"","ocean_both_sidebars_style":"","ocean_both_sidebars_content_width":0,"ocean_both_sidebars_sidebars_width":0,"ocean_sidebar":"0","ocean_second_sidebar":"0","ocean_disable_margins":"enable","ocean_add_body_class":"","ocean_shortcode_before_top_bar":"","ocean_shortcode_after_top_bar":"","ocean_shortcode_before_header":"","ocean_shortcode_after_header":"","ocean_has_shortcode":"","ocean_shortcode_after_title":"","ocean_shortcode_before_footer_widgets":"","ocean_shortcode_after_footer_widgets":"","ocean_shortcode_before_footer_bottom":"","ocean_shortcode_after_footer_bottom":"","ocean_display_top_bar":"default","ocean_display_header":"default","ocean_header_style":"","ocean_center_header_left_menu":"0","ocean_custom_header_template":"0","ocean_custom_logo":0,"ocean_custom_retina_logo":0,"ocean_custom_logo_max_width":0,"ocean_custom_logo_tablet_max_width":0,"ocean_custom_logo_mobile_max_width":0,"ocean_custom_logo_max_height":0,"ocean_custom_logo_tablet_max_height":0,"ocean_custom_logo_mobile_max_height":0,"ocean_header_custom_menu":"0","ocean_menu_typo_font_family":"0","ocean_menu_typo_font_subset":"","ocean_menu_typo_font_size":0,"ocean_menu_typo_font_size_tablet":0,"ocean_menu_typo_font_size_mobile":0,"ocean_menu_typo_font_size_unit":"px","ocean_menu_typo_font_weight":"","ocean_menu_typo_font_weight_tablet":"","ocean_menu_typo_font_weight_mobile":"","ocean_menu_typo_transform":"","ocean_menu_typo_transform_tablet":"","ocean_menu_typo_transform_mobile":"","ocean_menu_typo_line_height":0,"ocean_menu_typo_line_height_tablet":0,"ocean_menu_typo_line_height_mobile":0,"ocean_menu_typo_line_height_unit":"","ocean_menu_typo_spacing":0,"ocean_menu_typo_spacing_tablet":0,"ocean_menu_typo_spacing_mobile":0,"ocean_menu_typo_spacing_unit":"","ocean_menu_link_color":"","ocean_menu_link_color_hover":"","ocean_menu_link_color_active":"","ocean_menu_link_background":"","ocean_menu_link_hover_background":"","ocean_menu_link_active_background":"","ocean_menu_social_links_bg":"","ocean_menu_social_hover_links_bg":"","ocean_menu_social_links_color":"","ocean_menu_social_hover_links_color":"","ocean_disable_title":"default","ocean_disable_heading":"default","ocean_post_title":"","ocean_post_subheading":"","ocean_post_title_style":"","ocean_post_title_background_color":"","ocean_post_title_background":0,"ocean_post_title_bg_image_position":"","ocean_post_title_bg_image_attachment":"","ocean_post_title_bg_image_repeat":"","ocean_post_title_bg_image_size":"","ocean_post_title_height":0,"ocean_post_title_bg_overlay":0.5,"ocean_post_title_bg_overlay_color":"","ocean_disable_breadcrumbs":"default","ocean_breadcrumbs_color":"","ocean_breadcrumbs_separator_color":"","ocean_breadcrumbs_links_color":"","ocean_breadcrumbs_links_hover_color":"","ocean_display_footer_widgets":"default","ocean_display_footer_bottom":"default","ocean_custom_footer_template":"0","omw_enable_modal_window":"enable"},"product_brand":[316],"product_cat":[51,53,312],"product_tag":[],"class_list":{"0":"post-732","1":"product","2":"type-product","3":"status-publish","4":"has-post-thumbnail","6":"product_brand-caviar-reserve","7":"product_cat-caviar-beluga","8":"product_cat-les-boites-origine","9":"product_cat-nos-caviars-reserve","10":"pa_choisissezlepoids-250g","11":"pa_choisissezlepoids-500g","12":"pa_conservation-88-aurefrigerateurentre0et4c","13":"pa_origine-bulgarie","15":"entry","16":"has-media","18":"first","19":"instock","20":"sale","21":"taxable","22":"shipping-taxable","23":"purchasable","24":"product-type-variable","25":"has-default-attributes","26":"col","27":"span_1_of_3","28":"owp-content-center","29":"item-entry","30":"owp-thumbs-layout-vertical","31":"owp-btn-normal","32":"owp-tabs-layout-horizontal"},"acf":[],"yoast_head":"<!-- This site is optimized with the Yoast SEO plugin v27.4 - https:\/\/yoast.com\/product\/yoast-seo-wordpress\/ -->\n<title>Caviar Beluga R\u00e9serve - Boite Origine - Caviar de Neuvic<\/title>\n<meta name=\"description\" content=\"Caviar Beluga R\u00e9serve en Boite Origine. Le luxe ultime ! Ce caviar se distingue par ses gros grains aux nuances de gris d\u00e9licatement beurr\u00e9s.\" \/>\n<meta name=\"robots\" content=\"index, follow, max-snippet:-1, max-image-preview:large, max-video-preview:-1\" \/>\n<link rel=\"canonical\" href=\"https:\/\/caviar-de-neuvic.com\/es_es\/p\/accueil\/caviar\/caviar-beluga\/caviar-beluga-reserve-boite-origine\/\" \/>\n<meta property=\"og:locale\" content=\"es_ES\" \/>\n<meta property=\"og:type\" content=\"article\" \/>\n<meta property=\"og:title\" content=\"Caviar Beluga R\u00e9serve - Boite Origine - Caviar de Neuvic\" \/>\n<meta property=\"og:description\" content=\"Caviar Beluga R\u00e9serve en Boite Origine. Le luxe ultime ! Ce caviar se distingue par ses gros grains aux nuances de gris d\u00e9licatement beurr\u00e9s.\" \/>\n<meta property=\"og:url\" content=\"https:\/\/caviar-de-neuvic.com\/es_es\/p\/accueil\/caviar\/caviar-beluga\/caviar-beluga-reserve-boite-origine\/\" \/>\n<meta property=\"og:site_name\" content=\"Producteur Fran\u00e7ais De Caviar\" \/>\n<meta property=\"article:modified_time\" content=\"2026-03-11T07:45:09+00:00\" \/>\n<meta property=\"og:image\" content=\"https:\/\/caviar-de-neuvic.com\/wp-content\/uploads\/2018\/04\/2826-Caviar-Beluga-Reserve-Boite-Origine.jpg\" \/>\n\t<meta property=\"og:image:width\" content=\"1100\" \/>\n\t<meta property=\"og:image:height\" content=\"1422\" \/>\n\t<meta property=\"og:image:type\" content=\"image\/jpeg\" \/>\n<meta name=\"twitter:card\" content=\"summary_large_image\" \/>\n<meta name=\"twitter:label1\" content=\"Tiempo de lectura\" \/>\n\t<meta name=\"twitter:data1\" content=\"1 minuto\" \/>\n<script type=\"application\/ld+json\" class=\"yoast-schema-graph\">{\"@context\":\"https:\\\/\\\/schema.org\",\"@graph\":[{\"@type\":\"WebPage\",\"@id\":\"https:\\\/\\\/caviar-de-neuvic.com\\\/p\\\/accueil\\\/caviar\\\/caviar-beluga\\\/caviar-beluga-reserve-boite-origine\\\/\",\"url\":\"https:\\\/\\\/caviar-de-neuvic.com\\\/p\\\/accueil\\\/caviar\\\/caviar-beluga\\\/caviar-beluga-reserve-boite-origine\\\/\",\"name\":\"Caviar Beluga R\u00e9serve - Boite Origine - Caviar de Neuvic\",\"isPartOf\":{\"@id\":\"http:\\\/\\\/caviar-de-neuvic.com\\\/fr\\\/#website\"},\"primaryImageOfPage\":{\"@id\":\"https:\\\/\\\/caviar-de-neuvic.com\\\/p\\\/accueil\\\/caviar\\\/caviar-beluga\\\/caviar-beluga-reserve-boite-origine\\\/#primaryimage\"},\"image\":{\"@id\":\"https:\\\/\\\/caviar-de-neuvic.com\\\/p\\\/accueil\\\/caviar\\\/caviar-beluga\\\/caviar-beluga-reserve-boite-origine\\\/#primaryimage\"},\"thumbnailUrl\":\"https:\\\/\\\/caviar-de-neuvic.com\\\/wp-content\\\/uploads\\\/2018\\\/04\\\/2826-Caviar-Beluga-Reserve-Boite-Origine.jpg\",\"datePublished\":\"2018-04-17T15:58:09+00:00\",\"dateModified\":\"2026-03-11T07:45:09+00:00\",\"description\":\"Caviar Beluga R\u00e9serve en Boite Origine. Le luxe ultime ! Ce caviar se distingue par ses gros grains aux nuances de gris d\u00e9licatement beurr\u00e9s.\",\"breadcrumb\":{\"@id\":\"https:\\\/\\\/caviar-de-neuvic.com\\\/p\\\/accueil\\\/caviar\\\/caviar-beluga\\\/caviar-beluga-reserve-boite-origine\\\/#breadcrumb\"},\"inLanguage\":\"es\",\"potentialAction\":[{\"@type\":\"ReadAction\",\"target\":[\"https:\\\/\\\/caviar-de-neuvic.com\\\/p\\\/accueil\\\/caviar\\\/caviar-beluga\\\/caviar-beluga-reserve-boite-origine\\\/\"]}]},{\"@type\":\"ImageObject\",\"inLanguage\":\"es\",\"@id\":\"https:\\\/\\\/caviar-de-neuvic.com\\\/p\\\/accueil\\\/caviar\\\/caviar-beluga\\\/caviar-beluga-reserve-boite-origine\\\/#primaryimage\",\"url\":\"https:\\\/\\\/caviar-de-neuvic.com\\\/wp-content\\\/uploads\\\/2018\\\/04\\\/2826-Caviar-Beluga-Reserve-Boite-Origine.jpg\",\"contentUrl\":\"https:\\\/\\\/caviar-de-neuvic.com\\\/wp-content\\\/uploads\\\/2018\\\/04\\\/2826-Caviar-Beluga-Reserve-Boite-Origine.jpg\",\"width\":1100,\"height\":1422,\"caption\":\"Caviar Beluga R\u00e9serve - Boite Origine\"},{\"@type\":\"BreadcrumbList\",\"@id\":\"https:\\\/\\\/caviar-de-neuvic.com\\\/p\\\/accueil\\\/caviar\\\/caviar-beluga\\\/caviar-beluga-reserve-boite-origine\\\/#breadcrumb\",\"itemListElement\":[{\"@type\":\"ListItem\",\"position\":1,\"name\":\"Caviar de Neuvic\",\"item\":\"https:\\\/\\\/caviar-de-neuvic.com\\\/\"},{\"@type\":\"ListItem\",\"position\":2,\"name\":\"Shop\",\"item\":\"https:\\\/\\\/caviar-de-neuvic.com\\\/en\\\/shop\\\/\"},{\"@type\":\"ListItem\",\"position\":3,\"name\":\"Caviar Beluga R\u00e9serve &#8211; Boite Origine\"}]},{\"@type\":\"WebSite\",\"@id\":\"http:\\\/\\\/caviar-de-neuvic.com\\\/fr\\\/#website\",\"url\":\"http:\\\/\\\/caviar-de-neuvic.com\\\/fr\\\/\",\"name\":\"Producteur Fran\u00e7ais De Caviar\",\"description\":\"\",\"publisher\":{\"@id\":\"http:\\\/\\\/caviar-de-neuvic.com\\\/fr\\\/#organization\"},\"potentialAction\":[{\"@type\":\"SearchAction\",\"target\":{\"@type\":\"EntryPoint\",\"urlTemplate\":\"http:\\\/\\\/caviar-de-neuvic.com\\\/fr\\\/?s={search_term_string}\"},\"query-input\":{\"@type\":\"PropertyValueSpecification\",\"valueRequired\":true,\"valueName\":\"search_term_string\"}}],\"inLanguage\":\"es\"},{\"@type\":\"Organization\",\"@id\":\"http:\\\/\\\/caviar-de-neuvic.com\\\/fr\\\/#organization\",\"name\":\"Producteur Fran\u00e7ais De Caviar\",\"url\":\"http:\\\/\\\/caviar-de-neuvic.com\\\/fr\\\/\",\"logo\":{\"@type\":\"ImageObject\",\"inLanguage\":\"es\",\"@id\":\"http:\\\/\\\/caviar-de-neuvic.com\\\/fr\\\/#\\\/schema\\\/logo\\\/image\\\/\",\"url\":\"\",\"contentUrl\":\"\",\"caption\":\"Producteur Fran\u00e7ais De Caviar\"},\"image\":{\"@id\":\"http:\\\/\\\/caviar-de-neuvic.com\\\/fr\\\/#\\\/schema\\\/logo\\\/image\\\/\"}}]}<\/script>\n<!-- \/ Yoast SEO plugin. -->","yoast_head_json":{"title":"Caviar Beluga R\u00e9serve - Boite Origine - Caviar de Neuvic","description":"Caviar Beluga R\u00e9serve en Boite Origine. Le luxe ultime ! Ce caviar se distingue par ses gros grains aux nuances de gris d\u00e9licatement beurr\u00e9s.","robots":{"index":"index","follow":"follow","max-snippet":"max-snippet:-1","max-image-preview":"max-image-preview:large","max-video-preview":"max-video-preview:-1"},"canonical":"https:\/\/caviar-de-neuvic.com\/es_es\/p\/accueil\/caviar\/caviar-beluga\/caviar-beluga-reserve-boite-origine\/","og_locale":"es_ES","og_type":"article","og_title":"Caviar Beluga R\u00e9serve - Boite Origine - Caviar de Neuvic","og_description":"Caviar Beluga R\u00e9serve en Boite Origine. Le luxe ultime ! Ce caviar se distingue par ses gros grains aux nuances de gris d\u00e9licatement beurr\u00e9s.","og_url":"https:\/\/caviar-de-neuvic.com\/es_es\/p\/accueil\/caviar\/caviar-beluga\/caviar-beluga-reserve-boite-origine\/","og_site_name":"Producteur Fran\u00e7ais De Caviar","article_modified_time":"2026-03-11T07:45:09+00:00","og_image":[{"width":1100,"height":1422,"url":"https:\/\/caviar-de-neuvic.com\/wp-content\/uploads\/2018\/04\/2826-Caviar-Beluga-Reserve-Boite-Origine.jpg","type":"image\/jpeg"}],"twitter_card":"summary_large_image","twitter_misc":{"Tiempo de lectura":"1 minuto"},"schema":{"@context":"https:\/\/schema.org","@graph":[{"@type":"WebPage","@id":"https:\/\/caviar-de-neuvic.com\/p\/accueil\/caviar\/caviar-beluga\/caviar-beluga-reserve-boite-origine\/","url":"https:\/\/caviar-de-neuvic.com\/p\/accueil\/caviar\/caviar-beluga\/caviar-beluga-reserve-boite-origine\/","name":"Caviar Beluga R\u00e9serve - Boite Origine - Caviar de Neuvic","isPartOf":{"@id":"http:\/\/caviar-de-neuvic.com\/fr\/#website"},"primaryImageOfPage":{"@id":"https:\/\/caviar-de-neuvic.com\/p\/accueil\/caviar\/caviar-beluga\/caviar-beluga-reserve-boite-origine\/#primaryimage"},"image":{"@id":"https:\/\/caviar-de-neuvic.com\/p\/accueil\/caviar\/caviar-beluga\/caviar-beluga-reserve-boite-origine\/#primaryimage"},"thumbnailUrl":"https:\/\/caviar-de-neuvic.com\/wp-content\/uploads\/2018\/04\/2826-Caviar-Beluga-Reserve-Boite-Origine.jpg","datePublished":"2018-04-17T15:58:09+00:00","dateModified":"2026-03-11T07:45:09+00:00","description":"Caviar Beluga R\u00e9serve en Boite Origine. Le luxe ultime ! Ce caviar se distingue par ses gros grains aux nuances de gris d\u00e9licatement beurr\u00e9s.","breadcrumb":{"@id":"https:\/\/caviar-de-neuvic.com\/p\/accueil\/caviar\/caviar-beluga\/caviar-beluga-reserve-boite-origine\/#breadcrumb"},"inLanguage":"es","potentialAction":[{"@type":"ReadAction","target":["https:\/\/caviar-de-neuvic.com\/p\/accueil\/caviar\/caviar-beluga\/caviar-beluga-reserve-boite-origine\/"]}]},{"@type":"ImageObject","inLanguage":"es","@id":"https:\/\/caviar-de-neuvic.com\/p\/accueil\/caviar\/caviar-beluga\/caviar-beluga-reserve-boite-origine\/#primaryimage","url":"https:\/\/caviar-de-neuvic.com\/wp-content\/uploads\/2018\/04\/2826-Caviar-Beluga-Reserve-Boite-Origine.jpg","contentUrl":"https:\/\/caviar-de-neuvic.com\/wp-content\/uploads\/2018\/04\/2826-Caviar-Beluga-Reserve-Boite-Origine.jpg","width":1100,"height":1422,"caption":"Caviar Beluga R\u00e9serve - Boite Origine"},{"@type":"BreadcrumbList","@id":"https:\/\/caviar-de-neuvic.com\/p\/accueil\/caviar\/caviar-beluga\/caviar-beluga-reserve-boite-origine\/#breadcrumb","itemListElement":[{"@type":"ListItem","position":1,"name":"Caviar de Neuvic","item":"https:\/\/caviar-de-neuvic.com\/"},{"@type":"ListItem","position":2,"name":"Shop","item":"https:\/\/caviar-de-neuvic.com\/en\/shop\/"},{"@type":"ListItem","position":3,"name":"Caviar Beluga R\u00e9serve &#8211; Boite Origine"}]},{"@type":"WebSite","@id":"http:\/\/caviar-de-neuvic.com\/fr\/#website","url":"http:\/\/caviar-de-neuvic.com\/fr\/","name":"Producteur Fran\u00e7ais De Caviar","description":"","publisher":{"@id":"http:\/\/caviar-de-neuvic.com\/fr\/#organization"},"potentialAction":[{"@type":"SearchAction","target":{"@type":"EntryPoint","urlTemplate":"http:\/\/caviar-de-neuvic.com\/fr\/?s={search_term_string}"},"query-input":{"@type":"PropertyValueSpecification","valueRequired":true,"valueName":"search_term_string"}}],"inLanguage":"es"},{"@type":"Organization","@id":"http:\/\/caviar-de-neuvic.com\/fr\/#organization","name":"Producteur Fran\u00e7ais De Caviar","url":"http:\/\/caviar-de-neuvic.com\/fr\/","logo":{"@type":"ImageObject","inLanguage":"es","@id":"http:\/\/caviar-de-neuvic.com\/fr\/#\/schema\/logo\/image\/","url":"","contentUrl":"","caption":"Producteur Fran\u00e7ais De Caviar"},"image":{"@id":"http:\/\/caviar-de-neuvic.com\/fr\/#\/schema\/logo\/image\/"}}]}},"_links":{"self":[{"href":"https:\/\/caviar-de-neuvic.com\/es_es\/wp-json\/wp\/v2\/product\/732","targetHints":{"allow":["GET"]}}],"collection":[{"href":"https:\/\/caviar-de-neuvic.com\/es_es\/wp-json\/wp\/v2\/product"}],"about":[{"href":"https:\/\/caviar-de-neuvic.com\/es_es\/wp-json\/wp\/v2\/types\/product"}],"version-history":[{"count":5,"href":"https:\/\/caviar-de-neuvic.com\/es_es\/wp-json\/wp\/v2\/product\/732\/revisions"}],"predecessor-version":[{"id":29985,"href":"https:\/\/caviar-de-neuvic.com\/es_es\/wp-json\/wp\/v2\/product\/732\/revisions\/29985"}],"wp:featuredmedia":[{"embeddable":true,"href":"https:\/\/caviar-de-neuvic.com\/es_es\/wp-json\/wp\/v2\/media\/731"}],"wp:attachment":[{"href":"https:\/\/caviar-de-neuvic.com\/es_es\/wp-json\/wp\/v2\/media?parent=732"}],"wp:term":[{"taxonomy":"product_brand","embeddable":true,"href":"https:\/\/caviar-de-neuvic.com\/es_es\/wp-json\/wp\/v2\/product_brand?post=732"},{"taxonomy":"product_cat","embeddable":true,"href":"https:\/\/caviar-de-neuvic.com\/es_es\/wp-json\/wp\/v2\/product_cat?post=732"},{"taxonomy":"product_tag","embeddable":true,"href":"https:\/\/caviar-de-neuvic.com\/es_es\/wp-json\/wp\/v2\/product_tag?post=732"}],"curies":[{"name":"wp","href":"https:\/\/api.w.org\/{rel}","templated":true}]}}