{"id":961,"date":"2019-10-20T15:12:21","date_gmt":"2019-10-20T15:12:21","guid":{"rendered":"https:\/\/caviar-de-neuvic.com\/produits\/beurre-de-caviar\/"},"modified":"2026-04-15T22:46:31","modified_gmt":"2026-04-15T20:46:31","slug":"beurre-de-caviar","status":"publish","type":"product","link":"https:\/\/caviar-de-neuvic.com\/es_es\/p\/accueil\/l-epicerie-neuvic\/epicerie-caviar\/beurre-de-caviar\/","title":{"rendered":"Mantequilla de caviar"},"content":{"rendered":"<h3>Sugerencia de consumo<\/h3>\n<p>La Mantequilla de Caviar debe sacarse del frigor\u00edfico unos minutos antes para atemperarla y poder untarla de manera homog\u00e9nea. Se recomienda consumirla en las 48 horas siguientes a su apertura para mantener intacto el equilibrio y la frescura de sus sabores.<\/p>\n<h3>Maridaje<\/h3>\n<p>La Mantequilla de Caviar se aprecia con vodka y champ\u00e1n, pero tambi\u00e9n armoniza perfectamente con la riqueza estructural y la sutileza arom\u00e1tica de un buen Borgo\u00f1a blanco.<\/p>\n<h3>Recetas<\/h3>\n<p>La Mantequilla de Caviar es una fuente infinita de inspiraci\u00f3n para la creatividad culinaria. Puede degustarse sobre todo tipo de panes finamente tostados, con ostras, sobre un filete de pescado blanco adornado con algunos granos de caviar, o untada en bastoncitos de pan para acompa\u00f1ar un huevo pasado por agua.<\/p>","protected":false},"excerpt":{"rendered":"<p>\u00a1A menudo imitado, pero nunca igualado! La mantequilla de caviar es una receta elaborada por Caviar de Neuvic junto al chef con estrella Michelin Cyril Haberland.<\/p>\n<p>Es, sencillamente, mantequilla mezclada con un 25% de caviar Baeri madurado. Con un porcentaje inferior, el sabor del caviar ser\u00eda menos perceptible, y con m\u00e1s no resultar\u00eda m\u00e1s intenso. Consejo: al calentarse es cuando aparecen los sabores; demasiado fr\u00edo solo se percibe la mantequilla. S\u00e1quelo del frigor\u00edfico 10 minutos antes de utilizarlo.<\/p>\n<h2>\u00a1Deguste el caviar de otra manera!<\/h2>\n<p>La receta contiene mantequilla y Caviar de Neuvic y ofrece un color y un sabor decididamente a caviar. La untuosidad de la mantequilla y la textura del caviar componen un bouquet de sabores sutiles y originales.<\/p>\n<p>Caviar de Neuvic fue precursor de este producto, hoy tambi\u00e9n propuesto por otros actores del caviar. Permite dar a conocer el caviar.<\/p>\n<p>Por su facilidad de uso, este producto deja espacio a su creatividad. Con una lata de 45 g se pueden preparar unas 25 tostas para dar un toque chic a los aperitivos.<\/p>","protected":false},"featured_media":957,"template":"","meta":{"_acf_changed":false,"ocean_post_layout":"","ocean_both_sidebars_style":"","ocean_both_sidebars_content_width":0,"ocean_both_sidebars_sidebars_width":0,"ocean_sidebar":"0","ocean_second_sidebar":"0","ocean_disable_margins":"enable","ocean_add_body_class":"","ocean_shortcode_before_top_bar":"","ocean_shortcode_after_top_bar":"","ocean_shortcode_before_header":"","ocean_shortcode_after_header":"","ocean_has_shortcode":"","ocean_shortcode_after_title":"","ocean_shortcode_before_footer_widgets":"","ocean_shortcode_after_footer_widgets":"","ocean_shortcode_before_footer_bottom":"","ocean_shortcode_after_footer_bottom":"","ocean_display_top_bar":"default","ocean_display_header":"default","ocean_header_style":"","ocean_center_header_left_menu":"0","ocean_custom_header_template":"0","ocean_custom_logo":0,"ocean_custom_retina_logo":0,"ocean_custom_logo_max_width":0,"ocean_custom_logo_tablet_max_width":0,"ocean_custom_logo_mobile_max_width":0,"ocean_custom_logo_max_height":0,"ocean_custom_logo_tablet_max_height":0,"ocean_custom_logo_mobile_max_height":0,"ocean_header_custom_menu":"0","ocean_menu_typo_font_family":"0","ocean_menu_typo_font_subset":"","ocean_menu_typo_font_size":0,"ocean_menu_typo_font_size_tablet":0,"ocean_menu_typo_font_size_mobile":0,"ocean_menu_typo_font_size_unit":"px","ocean_menu_typo_font_weight":"","ocean_menu_typo_font_weight_tablet":"","ocean_menu_typo_font_weight_mobile":"","ocean_menu_typo_transform":"","ocean_menu_typo_transform_tablet":"","ocean_menu_typo_transform_mobile":"","ocean_menu_typo_line_height":0,"ocean_menu_typo_line_height_tablet":0,"ocean_menu_typo_line_height_mobile":0,"ocean_menu_typo_line_height_unit":"","ocean_menu_typo_spacing":0,"ocean_menu_typo_spacing_tablet":0,"ocean_menu_typo_spacing_mobile":0,"ocean_menu_typo_spacing_unit":"","ocean_menu_link_color":"","ocean_menu_link_color_hover":"","ocean_menu_link_color_active":"","ocean_menu_link_background":"","ocean_menu_link_hover_background":"","ocean_menu_link_active_background":"","ocean_menu_social_links_bg":"","ocean_menu_social_hover_links_bg":"","ocean_menu_social_links_color":"","ocean_menu_social_hover_links_color":"","ocean_disable_title":"default","ocean_disable_heading":"default","ocean_post_title":"","ocean_post_subheading":"","ocean_post_title_style":"","ocean_post_title_background_color":"","ocean_post_title_background":0,"ocean_post_title_bg_image_position":"","ocean_post_title_bg_image_attachment":"","ocean_post_title_bg_image_repeat":"","ocean_post_title_bg_image_size":"","ocean_post_title_height":0,"ocean_post_title_bg_overlay":0.5,"ocean_post_title_bg_overlay_color":"","ocean_disable_breadcrumbs":"default","ocean_breadcrumbs_color":"","ocean_breadcrumbs_separator_color":"","ocean_breadcrumbs_links_color":"","ocean_breadcrumbs_links_hover_color":"","ocean_display_footer_widgets":"default","ocean_display_footer_bottom":"default","ocean_custom_footer_template":"0","omw_enable_modal_window":"enable"},"product_brand":[],"product_cat":[23,45,22],"product_tag":[],"class_list":{"0":"post-961","1":"product","2":"type-product","3":"status-publish","4":"has-post-thumbnail","6":"product_cat-beurres-et-taramas","7":"product_cat-epicerie-caviar","8":"product_cat-l-epicerie-neuvic","9":"pa_choisissezlepoids-45g","10":"pa_choisissezlepoids-95g","11":"pa_conservation-1a-aurefrigerateurentre0et4c","12":"pa_dlc-3mois","13":"pa_origine-france","15":"entry","16":"has-media","18":"first","19":"instock","20":"taxable","21":"shipping-taxable","22":"purchasable","23":"product-type-variable","24":"has-default-attributes","25":"col","26":"span_1_of_3","27":"owp-content-center","28":"item-entry","29":"owp-thumbs-layout-vertical","30":"owp-btn-normal","31":"owp-tabs-layout-horizontal"},"acf":[],"yoast_head":"<!-- This site is optimized with the Yoast SEO plugin v27.4 - https:\/\/yoast.com\/product\/yoast-seo-wordpress\/ -->\n<title>Beurre de Caviar - Caviar de Neuvic<\/title>\n<meta name=\"description\" content=\"Souvent imit\u00e9, mais jamais \u00e9gal\u00e9 ! Le Beurre de Caviar est une recette originale d\u00e9velopp\u00e9e par Caviar de Neuvic. La recette contient du beurre et du Caviar de Neuvic et affiche une couleur et une saveur r\u00e9solument caviar. L&#039;onctuosit\u00e9 du beurre et la texture du caviar composent un bouquet de saveurs subtiles et originales.\" \/>\n<meta name=\"robots\" content=\"index, follow, max-snippet:-1, max-image-preview:large, max-video-preview:-1\" \/>\n<link rel=\"canonical\" href=\"https:\/\/caviar-de-neuvic.com\/es_es\/p\/accueil\/l-epicerie-neuvic\/epicerie-caviar\/beurre-de-caviar\/\" \/>\n<meta property=\"og:locale\" content=\"es_ES\" \/>\n<meta property=\"og:type\" content=\"article\" \/>\n<meta property=\"og:title\" content=\"Beurre de Caviar - Caviar de Neuvic\" \/>\n<meta property=\"og:description\" content=\"Souvent imit\u00e9, mais jamais \u00e9gal\u00e9 ! Le Beurre de Caviar est une recette originale d\u00e9velopp\u00e9e par Caviar de Neuvic. La recette contient du beurre et du Caviar de Neuvic et affiche une couleur et une saveur r\u00e9solument caviar. L&#039;onctuosit\u00e9 du beurre et la texture du caviar composent un bouquet de saveurs subtiles et originales.\" \/>\n<meta property=\"og:url\" content=\"https:\/\/caviar-de-neuvic.com\/es_es\/p\/accueil\/l-epicerie-neuvic\/epicerie-caviar\/beurre-de-caviar\/\" \/>\n<meta property=\"og:site_name\" content=\"Producteur Fran\u00e7ais De Caviar\" \/>\n<meta property=\"article:modified_time\" content=\"2026-04-15T20:46:31+00:00\" \/>\n<meta property=\"og:image\" content=\"https:\/\/caviar-de-neuvic.com\/wp-content\/uploads\/2019\/10\/2142-Beurre-de-Caviar.jpg\" \/>\n\t<meta property=\"og:image:width\" content=\"1100\" \/>\n\t<meta property=\"og:image:height\" content=\"1422\" \/>\n\t<meta property=\"og:image:type\" content=\"image\/jpeg\" \/>\n<meta name=\"twitter:card\" content=\"summary_large_image\" \/>\n<meta name=\"twitter:label1\" content=\"Tiempo de lectura\" \/>\n\t<meta name=\"twitter:data1\" content=\"1 minuto\" \/>\n<script type=\"application\/ld+json\" class=\"yoast-schema-graph\">{\"@context\":\"https:\\\/\\\/schema.org\",\"@graph\":[{\"@type\":\"WebPage\",\"@id\":\"https:\\\/\\\/caviar-de-neuvic.com\\\/p\\\/accueil\\\/l-epicerie-neuvic\\\/epicerie-caviar\\\/beurre-de-caviar\\\/\",\"url\":\"https:\\\/\\\/caviar-de-neuvic.com\\\/p\\\/accueil\\\/l-epicerie-neuvic\\\/epicerie-caviar\\\/beurre-de-caviar\\\/\",\"name\":\"Beurre de Caviar - Caviar de Neuvic\",\"isPartOf\":{\"@id\":\"http:\\\/\\\/caviar-de-neuvic.com\\\/fr\\\/#website\"},\"primaryImageOfPage\":{\"@id\":\"https:\\\/\\\/caviar-de-neuvic.com\\\/p\\\/accueil\\\/l-epicerie-neuvic\\\/epicerie-caviar\\\/beurre-de-caviar\\\/#primaryimage\"},\"image\":{\"@id\":\"https:\\\/\\\/caviar-de-neuvic.com\\\/p\\\/accueil\\\/l-epicerie-neuvic\\\/epicerie-caviar\\\/beurre-de-caviar\\\/#primaryimage\"},\"thumbnailUrl\":\"https:\\\/\\\/caviar-de-neuvic.com\\\/wp-content\\\/uploads\\\/2019\\\/10\\\/2142-Beurre-de-Caviar.jpg\",\"datePublished\":\"2019-10-20T15:12:21+00:00\",\"dateModified\":\"2026-04-15T20:46:31+00:00\",\"description\":\"Souvent imit\u00e9, mais jamais \u00e9gal\u00e9 ! Le Beurre de Caviar est une recette originale d\u00e9velopp\u00e9e par Caviar de Neuvic. La recette contient du beurre et du Caviar de Neuvic et affiche une couleur et une saveur r\u00e9solument caviar. L'onctuosit\u00e9 du beurre et la texture du caviar composent un bouquet de saveurs subtiles et originales.\",\"breadcrumb\":{\"@id\":\"https:\\\/\\\/caviar-de-neuvic.com\\\/p\\\/accueil\\\/l-epicerie-neuvic\\\/epicerie-caviar\\\/beurre-de-caviar\\\/#breadcrumb\"},\"inLanguage\":\"es\",\"potentialAction\":[{\"@type\":\"ReadAction\",\"target\":[\"https:\\\/\\\/caviar-de-neuvic.com\\\/p\\\/accueil\\\/l-epicerie-neuvic\\\/epicerie-caviar\\\/beurre-de-caviar\\\/\"]}]},{\"@type\":\"ImageObject\",\"inLanguage\":\"es\",\"@id\":\"https:\\\/\\\/caviar-de-neuvic.com\\\/p\\\/accueil\\\/l-epicerie-neuvic\\\/epicerie-caviar\\\/beurre-de-caviar\\\/#primaryimage\",\"url\":\"https:\\\/\\\/caviar-de-neuvic.com\\\/wp-content\\\/uploads\\\/2019\\\/10\\\/2142-Beurre-de-Caviar.jpg\",\"contentUrl\":\"https:\\\/\\\/caviar-de-neuvic.com\\\/wp-content\\\/uploads\\\/2019\\\/10\\\/2142-Beurre-de-Caviar.jpg\",\"width\":1100,\"height\":1422,\"caption\":\"Beurre de Caviar\"},{\"@type\":\"BreadcrumbList\",\"@id\":\"https:\\\/\\\/caviar-de-neuvic.com\\\/p\\\/accueil\\\/l-epicerie-neuvic\\\/epicerie-caviar\\\/beurre-de-caviar\\\/#breadcrumb\",\"itemListElement\":[{\"@type\":\"ListItem\",\"position\":1,\"name\":\"Caviar de Neuvic\",\"item\":\"https:\\\/\\\/caviar-de-neuvic.com\\\/\"},{\"@type\":\"ListItem\",\"position\":2,\"name\":\"Shop\",\"item\":\"https:\\\/\\\/caviar-de-neuvic.com\\\/en\\\/shop\\\/\"},{\"@type\":\"ListItem\",\"position\":3,\"name\":\"Beurre de Caviar\"}]},{\"@type\":\"WebSite\",\"@id\":\"http:\\\/\\\/caviar-de-neuvic.com\\\/fr\\\/#website\",\"url\":\"http:\\\/\\\/caviar-de-neuvic.com\\\/fr\\\/\",\"name\":\"Producteur Fran\u00e7ais De Caviar\",\"description\":\"\",\"publisher\":{\"@id\":\"http:\\\/\\\/caviar-de-neuvic.com\\\/fr\\\/#organization\"},\"potentialAction\":[{\"@type\":\"SearchAction\",\"target\":{\"@type\":\"EntryPoint\",\"urlTemplate\":\"http:\\\/\\\/caviar-de-neuvic.com\\\/fr\\\/?s={search_term_string}\"},\"query-input\":{\"@type\":\"PropertyValueSpecification\",\"valueRequired\":true,\"valueName\":\"search_term_string\"}}],\"inLanguage\":\"es\"},{\"@type\":\"Organization\",\"@id\":\"http:\\\/\\\/caviar-de-neuvic.com\\\/fr\\\/#organization\",\"name\":\"Producteur Fran\u00e7ais De Caviar\",\"url\":\"http:\\\/\\\/caviar-de-neuvic.com\\\/fr\\\/\",\"logo\":{\"@type\":\"ImageObject\",\"inLanguage\":\"es\",\"@id\":\"http:\\\/\\\/caviar-de-neuvic.com\\\/fr\\\/#\\\/schema\\\/logo\\\/image\\\/\",\"url\":\"\",\"contentUrl\":\"\",\"caption\":\"Producteur Fran\u00e7ais De Caviar\"},\"image\":{\"@id\":\"http:\\\/\\\/caviar-de-neuvic.com\\\/fr\\\/#\\\/schema\\\/logo\\\/image\\\/\"}}]}<\/script>\n<!-- \/ Yoast SEO plugin. -->","yoast_head_json":{"title":"Beurre de Caviar - Caviar de Neuvic","description":"Souvent imit\u00e9, mais jamais \u00e9gal\u00e9 ! Le Beurre de Caviar est une recette originale d\u00e9velopp\u00e9e par Caviar de Neuvic. La recette contient du beurre et du Caviar de Neuvic et affiche une couleur et une saveur r\u00e9solument caviar. L'onctuosit\u00e9 du beurre et la texture du caviar composent un bouquet de saveurs subtiles et originales.","robots":{"index":"index","follow":"follow","max-snippet":"max-snippet:-1","max-image-preview":"max-image-preview:large","max-video-preview":"max-video-preview:-1"},"canonical":"https:\/\/caviar-de-neuvic.com\/es_es\/p\/accueil\/l-epicerie-neuvic\/epicerie-caviar\/beurre-de-caviar\/","og_locale":"es_ES","og_type":"article","og_title":"Beurre de Caviar - Caviar de Neuvic","og_description":"Souvent imit\u00e9, mais jamais \u00e9gal\u00e9 ! Le Beurre de Caviar est une recette originale d\u00e9velopp\u00e9e par Caviar de Neuvic. La recette contient du beurre et du Caviar de Neuvic et affiche une couleur et une saveur r\u00e9solument caviar. L'onctuosit\u00e9 du beurre et la texture du caviar composent un bouquet de saveurs subtiles et originales.","og_url":"https:\/\/caviar-de-neuvic.com\/es_es\/p\/accueil\/l-epicerie-neuvic\/epicerie-caviar\/beurre-de-caviar\/","og_site_name":"Producteur Fran\u00e7ais De Caviar","article_modified_time":"2026-04-15T20:46:31+00:00","og_image":[{"width":1100,"height":1422,"url":"https:\/\/caviar-de-neuvic.com\/wp-content\/uploads\/2019\/10\/2142-Beurre-de-Caviar.jpg","type":"image\/jpeg"}],"twitter_card":"summary_large_image","twitter_misc":{"Tiempo de lectura":"1 minuto"},"schema":{"@context":"https:\/\/schema.org","@graph":[{"@type":"WebPage","@id":"https:\/\/caviar-de-neuvic.com\/p\/accueil\/l-epicerie-neuvic\/epicerie-caviar\/beurre-de-caviar\/","url":"https:\/\/caviar-de-neuvic.com\/p\/accueil\/l-epicerie-neuvic\/epicerie-caviar\/beurre-de-caviar\/","name":"Beurre de Caviar - Caviar de Neuvic","isPartOf":{"@id":"http:\/\/caviar-de-neuvic.com\/fr\/#website"},"primaryImageOfPage":{"@id":"https:\/\/caviar-de-neuvic.com\/p\/accueil\/l-epicerie-neuvic\/epicerie-caviar\/beurre-de-caviar\/#primaryimage"},"image":{"@id":"https:\/\/caviar-de-neuvic.com\/p\/accueil\/l-epicerie-neuvic\/epicerie-caviar\/beurre-de-caviar\/#primaryimage"},"thumbnailUrl":"https:\/\/caviar-de-neuvic.com\/wp-content\/uploads\/2019\/10\/2142-Beurre-de-Caviar.jpg","datePublished":"2019-10-20T15:12:21+00:00","dateModified":"2026-04-15T20:46:31+00:00","description":"Souvent imit\u00e9, mais jamais \u00e9gal\u00e9 ! Le Beurre de Caviar est une recette originale d\u00e9velopp\u00e9e par Caviar de Neuvic. La recette contient du beurre et du Caviar de Neuvic et affiche une couleur et une saveur r\u00e9solument caviar. L'onctuosit\u00e9 du beurre et la texture du caviar composent un bouquet de saveurs subtiles et originales.","breadcrumb":{"@id":"https:\/\/caviar-de-neuvic.com\/p\/accueil\/l-epicerie-neuvic\/epicerie-caviar\/beurre-de-caviar\/#breadcrumb"},"inLanguage":"es","potentialAction":[{"@type":"ReadAction","target":["https:\/\/caviar-de-neuvic.com\/p\/accueil\/l-epicerie-neuvic\/epicerie-caviar\/beurre-de-caviar\/"]}]},{"@type":"ImageObject","inLanguage":"es","@id":"https:\/\/caviar-de-neuvic.com\/p\/accueil\/l-epicerie-neuvic\/epicerie-caviar\/beurre-de-caviar\/#primaryimage","url":"https:\/\/caviar-de-neuvic.com\/wp-content\/uploads\/2019\/10\/2142-Beurre-de-Caviar.jpg","contentUrl":"https:\/\/caviar-de-neuvic.com\/wp-content\/uploads\/2019\/10\/2142-Beurre-de-Caviar.jpg","width":1100,"height":1422,"caption":"Beurre de Caviar"},{"@type":"BreadcrumbList","@id":"https:\/\/caviar-de-neuvic.com\/p\/accueil\/l-epicerie-neuvic\/epicerie-caviar\/beurre-de-caviar\/#breadcrumb","itemListElement":[{"@type":"ListItem","position":1,"name":"Caviar de Neuvic","item":"https:\/\/caviar-de-neuvic.com\/"},{"@type":"ListItem","position":2,"name":"Shop","item":"https:\/\/caviar-de-neuvic.com\/en\/shop\/"},{"@type":"ListItem","position":3,"name":"Beurre de Caviar"}]},{"@type":"WebSite","@id":"http:\/\/caviar-de-neuvic.com\/fr\/#website","url":"http:\/\/caviar-de-neuvic.com\/fr\/","name":"Producteur Fran\u00e7ais De Caviar","description":"","publisher":{"@id":"http:\/\/caviar-de-neuvic.com\/fr\/#organization"},"potentialAction":[{"@type":"SearchAction","target":{"@type":"EntryPoint","urlTemplate":"http:\/\/caviar-de-neuvic.com\/fr\/?s={search_term_string}"},"query-input":{"@type":"PropertyValueSpecification","valueRequired":true,"valueName":"search_term_string"}}],"inLanguage":"es"},{"@type":"Organization","@id":"http:\/\/caviar-de-neuvic.com\/fr\/#organization","name":"Producteur Fran\u00e7ais De Caviar","url":"http:\/\/caviar-de-neuvic.com\/fr\/","logo":{"@type":"ImageObject","inLanguage":"es","@id":"http:\/\/caviar-de-neuvic.com\/fr\/#\/schema\/logo\/image\/","url":"","contentUrl":"","caption":"Producteur Fran\u00e7ais De Caviar"},"image":{"@id":"http:\/\/caviar-de-neuvic.com\/fr\/#\/schema\/logo\/image\/"}}]}},"_links":{"self":[{"href":"https:\/\/caviar-de-neuvic.com\/es_es\/wp-json\/wp\/v2\/product\/961","targetHints":{"allow":["GET"]}}],"collection":[{"href":"https:\/\/caviar-de-neuvic.com\/es_es\/wp-json\/wp\/v2\/product"}],"about":[{"href":"https:\/\/caviar-de-neuvic.com\/es_es\/wp-json\/wp\/v2\/types\/product"}],"version-history":[{"count":4,"href":"https:\/\/caviar-de-neuvic.com\/es_es\/wp-json\/wp\/v2\/product\/961\/revisions"}],"predecessor-version":[{"id":29969,"href":"https:\/\/caviar-de-neuvic.com\/es_es\/wp-json\/wp\/v2\/product\/961\/revisions\/29969"}],"wp:featuredmedia":[{"embeddable":true,"href":"https:\/\/caviar-de-neuvic.com\/es_es\/wp-json\/wp\/v2\/media\/957"}],"wp:attachment":[{"href":"https:\/\/caviar-de-neuvic.com\/es_es\/wp-json\/wp\/v2\/media?parent=961"}],"wp:term":[{"taxonomy":"product_brand","embeddable":true,"href":"https:\/\/caviar-de-neuvic.com\/es_es\/wp-json\/wp\/v2\/product_brand?post=961"},{"taxonomy":"product_cat","embeddable":true,"href":"https:\/\/caviar-de-neuvic.com\/es_es\/wp-json\/wp\/v2\/product_cat?post=961"},{"taxonomy":"product_tag","embeddable":true,"href":"https:\/\/caviar-de-neuvic.com\/es_es\/wp-json\/wp\/v2\/product_tag?post=961"}],"curies":[{"name":"wp","href":"https:\/\/api.w.org\/{rel}","templated":true}]}}