{"id":1121,"date":"2019-10-21T10:02:42","date_gmt":"2019-10-21T10:02:42","guid":{"rendered":"https:\/\/caviar-de-neuvic.com\/produits\/caviar-oscietre-reserve-boite-origine\/"},"modified":"2026-04-07T13:56:46","modified_gmt":"2026-04-07T11:56:46","slug":"caviar-oscietre-reserve-boite-origine","status":"publish","type":"product","link":"https:\/\/caviar-de-neuvic.com\/fr\/p\/accueil\/caviar\/caviar-oscietre\/caviar-oscietre-reserve-boite-origine\/","title":{"rendered":"Caviar Osci\u00e8tre R\u00e9serve &#8211; Boite Origine"},"content":{"rendered":"<h3>Servir le caviar avec une Boite Origine<\/h3>\n<p>Retirez l\u2019\u00e9lastique en caoutchouc autour de la bo\u00eete et soulevez d\u00e9licatement le couvercle. Puisez une belle quantit\u00e9 de caviar au c\u0153ur de la bo\u00eete avec une cuill\u00e8re en nacre. D\u00e9posez le caviar sur le dos de la main entre le pouce et l\u2019index pour le r\u00e9chauffer l\u00e9g\u00e8rement. D\u00e9gustez \u00e0 m\u00eame la peau et laissant fondre les grains sur la langue.<\/p>\n<h3>En savoir plus sur le blog<\/h3>\n<ul style=\"list-style-type: circle;\">\n<li><a href=\"https:\/\/caviar-de-neuvic.com\/fr\/universducaviar\/comment-servir-du-caviar\/\">Comment servir du caviar ?<\/a><\/li>\n<li><a href=\"https:\/\/caviar-de-neuvic.com\/fr\/universducaviar\/quels-sens-mobiliser-pour-la-degustation-de-caviar\/\">Quels sens mobiliser pour la d\u00e9gustation de caviar ?<\/a><\/li>\n<li><a href=\"https:\/\/caviar-de-neuvic.com\/fr\/universducaviar\/comment-accompagner-le-caviar\/\">Comment accompagner le caviar ?<\/a><\/li>\n<li><a href=\"https:\/\/caviar-de-neuvic.com\/fr\/universducaviar\/comment-deguster-le-caviar\/\">Comment d\u00e9guster le caviar ?<\/a><\/li>\n<li><a href=\"https:\/\/caviar-de-neuvic.com\/fr\/universducaviar\/conserver-le-caviar\/\">Comment conserver le caviar ?<\/a><\/li>\n<li><a href=\"https:\/\/caviar-de-neuvic.com\/fr\/universducaviar\/que-boire-avec-le-caviar\/\">Que boire avec le caviar ?<\/a><\/li>\n<\/ul>\n","protected":false},"excerpt":{"rendered":"<p>La mythique bo\u00eete origine aux couleurs de Caviar de Neuvic. La bo\u00eete origine de caviar inspire une d\u00e9gustation g\u00e9n\u00e9reuse et inoubliable. Format original d\u00e9di\u00e9 \u00e0 la maturation du caviar et en exclusivit\u00e9 aux couleurs de Caviar de Neuvic.<\/p>\n<p>La Bo\u00eete Origine porte en elle toute la magie du caviar d\u2019hier \u00e0 aujourd\u2019hui&#8230; C\u2019est elle qui recueillait d\u00e9j\u00e0 le caviar juste apr\u00e8s la p\u00eache sur les bateaux du temps du caviar sauvage.<\/p>\n<h2>Un caviar embl\u00e9matique d&rsquo;excellence<\/h2>\n<p>Les plus beaux grains sont s\u00e9lectionn\u00e9s pour leur taille et leur longueur en bouche incomparable. La texture ferme et \u00e9clatante des \u0153ufs d\u00e9ploie en bouche des notes marines et de noisettes dont les accords se prolongent longuement.<\/p>\n<p>Issu de l\u2019esturgeon <em>Acipenser Gueldenstaedti, <\/em>le caviar Osci\u00e8tre R\u00e9serve est pris\u00e9 pour ses grains d\u2019une taille harmonieuse, aux nuances dor\u00e9es et ambr\u00e9es. Sa texture ferme et fondante d\u00e9voile un profil aromatique d\u2019une grande finesse. Son \u00e9l\u00e9gance et sa longueur en bouche en font un choix privil\u00e9gi\u00e9 des connaisseurs.<\/p>\n","protected":false},"featured_media":1120,"template":"","meta":{"_acf_changed":false,"ocean_post_layout":"","ocean_both_sidebars_style":"","ocean_both_sidebars_content_width":0,"ocean_both_sidebars_sidebars_width":0,"ocean_sidebar":"0","ocean_second_sidebar":"0","ocean_disable_margins":"enable","ocean_add_body_class":"","ocean_shortcode_before_top_bar":"","ocean_shortcode_after_top_bar":"","ocean_shortcode_before_header":"","ocean_shortcode_after_header":"","ocean_has_shortcode":"","ocean_shortcode_after_title":"","ocean_shortcode_before_footer_widgets":"","ocean_shortcode_after_footer_widgets":"","ocean_shortcode_before_footer_bottom":"","ocean_shortcode_after_footer_bottom":"","ocean_display_top_bar":"default","ocean_display_header":"default","ocean_header_style":"","ocean_center_header_left_menu":"0","ocean_custom_header_template":"0","ocean_custom_logo":0,"ocean_custom_retina_logo":0,"ocean_custom_logo_max_width":0,"ocean_custom_logo_tablet_max_width":0,"ocean_custom_logo_mobile_max_width":0,"ocean_custom_logo_max_height":0,"ocean_custom_logo_tablet_max_height":0,"ocean_custom_logo_mobile_max_height":0,"ocean_header_custom_menu":"0","ocean_menu_typo_font_family":"0","ocean_menu_typo_font_subset":"","ocean_menu_typo_font_size":0,"ocean_menu_typo_font_size_tablet":0,"ocean_menu_typo_font_size_mobile":0,"ocean_menu_typo_font_size_unit":"px","ocean_menu_typo_font_weight":"","ocean_menu_typo_font_weight_tablet":"","ocean_menu_typo_font_weight_mobile":"","ocean_menu_typo_transform":"","ocean_menu_typo_transform_tablet":"","ocean_menu_typo_transform_mobile":"","ocean_menu_typo_line_height":0,"ocean_menu_typo_line_height_tablet":0,"ocean_menu_typo_line_height_mobile":0,"ocean_menu_typo_line_height_unit":"","ocean_menu_typo_spacing":0,"ocean_menu_typo_spacing_tablet":0,"ocean_menu_typo_spacing_mobile":0,"ocean_menu_typo_spacing_unit":"","ocean_menu_link_color":"","ocean_menu_link_color_hover":"","ocean_menu_link_color_active":"","ocean_menu_link_background":"","ocean_menu_link_hover_background":"","ocean_menu_link_active_background":"","ocean_menu_social_links_bg":"","ocean_menu_social_hover_links_bg":"","ocean_menu_social_links_color":"","ocean_menu_social_hover_links_color":"","ocean_disable_title":"default","ocean_disable_heading":"default","ocean_post_title":"","ocean_post_subheading":"","ocean_post_title_style":"","ocean_post_title_background_color":"","ocean_post_title_background":0,"ocean_post_title_bg_image_position":"","ocean_post_title_bg_image_attachment":"","ocean_post_title_bg_image_repeat":"","ocean_post_title_bg_image_size":"","ocean_post_title_height":0,"ocean_post_title_bg_overlay":0.5,"ocean_post_title_bg_overlay_color":"","ocean_disable_breadcrumbs":"default","ocean_breadcrumbs_color":"","ocean_breadcrumbs_separator_color":"","ocean_breadcrumbs_links_color":"","ocean_breadcrumbs_links_hover_color":"","ocean_display_footer_widgets":"default","ocean_display_footer_bottom":"default","ocean_custom_footer_template":"0","omw_enable_modal_window":"enable"},"product_brand":[316],"product_cat":[47,53,312],"product_tag":[],"class_list":{"0":"post-1121","1":"product","2":"type-product","3":"status-publish","4":"has-post-thumbnail","6":"product_brand-caviar-reserve","7":"product_cat-caviar-oscietre","8":"product_cat-les-boites-origine","9":"product_cat-nos-caviars-reserve","10":"pa_choisissezlepoids-250g","11":"pa_choisissezlepoids-500g","12":"pa_conservation-88-aurefrigerateurentre0et4c","13":"pa_origine-france","15":"entry","16":"has-media","18":"first","19":"instock","20":"sale","21":"taxable","22":"shipping-taxable","23":"purchasable","24":"product-type-variable","25":"has-default-attributes","26":"has-product-nav","27":"col","28":"span_1_of_3","29":"owp-content-center","30":"item-entry","31":"owp-thumbs-layout-vertical","32":"owp-btn-normal","33":"owp-tabs-layout-horizontal"},"acf":[],"yoast_head":"<!-- This site is optimized with the Yoast SEO plugin v27.5 - https:\/\/yoast.com\/product\/yoast-seo-wordpress\/ -->\n<title>Caviar Osci\u00e8tre R\u00e9serve - Boite Origine - Caviar de Neuvic<\/title>\n<meta name=\"description\" content=\"Caviar Osci\u00e8tre R\u00e9serve en Boite Origine. Le Caviar Osci\u00e8tre R\u00e9serve correspond \u00e0 la s\u00e9lection des meilleurs grains de cette esp\u00e8ce. Tr\u00e8s peu d\u2019esturgeons donnent un caviar de cette qualit\u00e9.\" \/>\n<meta name=\"robots\" content=\"index, follow, max-snippet:-1, max-image-preview:large, max-video-preview:-1\" \/>\n<link rel=\"canonical\" href=\"https:\/\/caviar-de-neuvic.com\/fr\/p\/accueil\/caviar\/caviar-oscietre\/caviar-oscietre-reserve-boite-origine\/\" \/>\n<meta property=\"og:locale\" content=\"fr_FR\" \/>\n<meta property=\"og:type\" content=\"article\" \/>\n<meta property=\"og:title\" content=\"Caviar Osci\u00e8tre R\u00e9serve - Boite Origine - Caviar de Neuvic\" \/>\n<meta property=\"og:description\" content=\"Caviar Osci\u00e8tre R\u00e9serve en Boite Origine. Le Caviar Osci\u00e8tre R\u00e9serve correspond \u00e0 la s\u00e9lection des meilleurs grains de cette esp\u00e8ce. Tr\u00e8s peu d\u2019esturgeons donnent un caviar de cette qualit\u00e9.\" \/>\n<meta property=\"og:url\" content=\"https:\/\/caviar-de-neuvic.com\/fr\/p\/accueil\/caviar\/caviar-oscietre\/caviar-oscietre-reserve-boite-origine\/\" \/>\n<meta property=\"og:site_name\" content=\"Producteur Fran\u00e7ais De Caviar\" \/>\n<meta property=\"article:modified_time\" content=\"2026-04-07T11:56:46+00:00\" \/>\n<meta property=\"og:image\" content=\"https:\/\/caviar-de-neuvic.com\/wp-content\/uploads\/2019\/10\/2825-Caviar-Oscietre-Reserve-Boite-Origine.jpg\" \/>\n\t<meta property=\"og:image:width\" content=\"1100\" \/>\n\t<meta property=\"og:image:height\" content=\"1422\" \/>\n\t<meta property=\"og:image:type\" content=\"image\/jpeg\" \/>\n<meta name=\"twitter:card\" content=\"summary_large_image\" \/>\n<meta name=\"twitter:label1\" content=\"Dur\u00e9e de lecture estim\u00e9e\" \/>\n\t<meta name=\"twitter:data1\" content=\"1 minute\" \/>\n<script type=\"application\/ld+json\" class=\"yoast-schema-graph\">{\"@context\":\"https:\\\/\\\/schema.org\",\"@graph\":[{\"@type\":\"WebPage\",\"@id\":\"https:\\\/\\\/caviar-de-neuvic.com\\\/p\\\/accueil\\\/caviar\\\/caviar-oscietre\\\/caviar-oscietre-reserve-boite-origine\\\/\",\"url\":\"https:\\\/\\\/caviar-de-neuvic.com\\\/p\\\/accueil\\\/caviar\\\/caviar-oscietre\\\/caviar-oscietre-reserve-boite-origine\\\/\",\"name\":\"Caviar Osci\u00e8tre R\u00e9serve - Boite Origine - Caviar de Neuvic\",\"isPartOf\":{\"@id\":\"http:\\\/\\\/caviar-de-neuvic.com\\\/fr\\\/#website\"},\"primaryImageOfPage\":{\"@id\":\"https:\\\/\\\/caviar-de-neuvic.com\\\/p\\\/accueil\\\/caviar\\\/caviar-oscietre\\\/caviar-oscietre-reserve-boite-origine\\\/#primaryimage\"},\"image\":{\"@id\":\"https:\\\/\\\/caviar-de-neuvic.com\\\/p\\\/accueil\\\/caviar\\\/caviar-oscietre\\\/caviar-oscietre-reserve-boite-origine\\\/#primaryimage\"},\"thumbnailUrl\":\"https:\\\/\\\/caviar-de-neuvic.com\\\/wp-content\\\/uploads\\\/2019\\\/10\\\/2825-Caviar-Oscietre-Reserve-Boite-Origine.jpg\",\"datePublished\":\"2019-10-21T10:02:42+00:00\",\"dateModified\":\"2026-04-07T11:56:46+00:00\",\"description\":\"Caviar Osci\u00e8tre R\u00e9serve en Boite Origine. Le Caviar Osci\u00e8tre R\u00e9serve correspond \u00e0 la s\u00e9lection des meilleurs grains de cette esp\u00e8ce. Tr\u00e8s peu d\u2019esturgeons donnent un caviar de cette qualit\u00e9.\",\"breadcrumb\":{\"@id\":\"https:\\\/\\\/caviar-de-neuvic.com\\\/p\\\/accueil\\\/caviar\\\/caviar-oscietre\\\/caviar-oscietre-reserve-boite-origine\\\/#breadcrumb\"},\"inLanguage\":\"fr-FR\",\"potentialAction\":[{\"@type\":\"ReadAction\",\"target\":[\"https:\\\/\\\/caviar-de-neuvic.com\\\/p\\\/accueil\\\/caviar\\\/caviar-oscietre\\\/caviar-oscietre-reserve-boite-origine\\\/\"]}]},{\"@type\":\"ImageObject\",\"inLanguage\":\"fr-FR\",\"@id\":\"https:\\\/\\\/caviar-de-neuvic.com\\\/p\\\/accueil\\\/caviar\\\/caviar-oscietre\\\/caviar-oscietre-reserve-boite-origine\\\/#primaryimage\",\"url\":\"https:\\\/\\\/caviar-de-neuvic.com\\\/wp-content\\\/uploads\\\/2019\\\/10\\\/2825-Caviar-Oscietre-Reserve-Boite-Origine.jpg\",\"contentUrl\":\"https:\\\/\\\/caviar-de-neuvic.com\\\/wp-content\\\/uploads\\\/2019\\\/10\\\/2825-Caviar-Oscietre-Reserve-Boite-Origine.jpg\",\"width\":1100,\"height\":1422,\"caption\":\"Caviar Osci\u00e8tre R\u00e9serve - Boite Origine\"},{\"@type\":\"BreadcrumbList\",\"@id\":\"https:\\\/\\\/caviar-de-neuvic.com\\\/p\\\/accueil\\\/caviar\\\/caviar-oscietre\\\/caviar-oscietre-reserve-boite-origine\\\/#breadcrumb\",\"itemListElement\":[{\"@type\":\"ListItem\",\"position\":1,\"name\":\"Caviar de Neuvic\",\"item\":\"https:\\\/\\\/caviar-de-neuvic.com\\\/\"},{\"@type\":\"ListItem\",\"position\":2,\"name\":\"Shop\",\"item\":\"https:\\\/\\\/caviar-de-neuvic.com\\\/en\\\/shop\\\/\"},{\"@type\":\"ListItem\",\"position\":3,\"name\":\"Caviar Osci\u00e8tre R\u00e9serve &#8211; Boite Origine\"}]},{\"@type\":\"WebSite\",\"@id\":\"http:\\\/\\\/caviar-de-neuvic.com\\\/fr\\\/#website\",\"url\":\"http:\\\/\\\/caviar-de-neuvic.com\\\/fr\\\/\",\"name\":\"Producteur Fran\u00e7ais De Caviar\",\"description\":\"\",\"publisher\":{\"@id\":\"http:\\\/\\\/caviar-de-neuvic.com\\\/fr\\\/#organization\"},\"potentialAction\":[{\"@type\":\"SearchAction\",\"target\":{\"@type\":\"EntryPoint\",\"urlTemplate\":\"http:\\\/\\\/caviar-de-neuvic.com\\\/fr\\\/?s={search_term_string}\"},\"query-input\":{\"@type\":\"PropertyValueSpecification\",\"valueRequired\":true,\"valueName\":\"search_term_string\"}}],\"inLanguage\":\"fr-FR\"},{\"@type\":\"Organization\",\"@id\":\"http:\\\/\\\/caviar-de-neuvic.com\\\/fr\\\/#organization\",\"name\":\"Producteur Fran\u00e7ais De Caviar\",\"url\":\"http:\\\/\\\/caviar-de-neuvic.com\\\/fr\\\/\",\"logo\":{\"@type\":\"ImageObject\",\"inLanguage\":\"fr-FR\",\"@id\":\"http:\\\/\\\/caviar-de-neuvic.com\\\/fr\\\/#\\\/schema\\\/logo\\\/image\\\/\",\"url\":\"\",\"contentUrl\":\"\",\"caption\":\"Producteur Fran\u00e7ais De Caviar\"},\"image\":{\"@id\":\"http:\\\/\\\/caviar-de-neuvic.com\\\/fr\\\/#\\\/schema\\\/logo\\\/image\\\/\"}}]}<\/script>\n<!-- \/ Yoast SEO plugin. -->","yoast_head_json":{"title":"Caviar Osci\u00e8tre R\u00e9serve - Boite Origine - Caviar de Neuvic","description":"Caviar Osci\u00e8tre R\u00e9serve en Boite Origine. Le Caviar Osci\u00e8tre R\u00e9serve correspond \u00e0 la s\u00e9lection des meilleurs grains de cette esp\u00e8ce. Tr\u00e8s peu d\u2019esturgeons donnent un caviar de cette qualit\u00e9.","robots":{"index":"index","follow":"follow","max-snippet":"max-snippet:-1","max-image-preview":"max-image-preview:large","max-video-preview":"max-video-preview:-1"},"canonical":"https:\/\/caviar-de-neuvic.com\/fr\/p\/accueil\/caviar\/caviar-oscietre\/caviar-oscietre-reserve-boite-origine\/","og_locale":"fr_FR","og_type":"article","og_title":"Caviar Osci\u00e8tre R\u00e9serve - Boite Origine - Caviar de Neuvic","og_description":"Caviar Osci\u00e8tre R\u00e9serve en Boite Origine. Le Caviar Osci\u00e8tre R\u00e9serve correspond \u00e0 la s\u00e9lection des meilleurs grains de cette esp\u00e8ce. Tr\u00e8s peu d\u2019esturgeons donnent un caviar de cette qualit\u00e9.","og_url":"https:\/\/caviar-de-neuvic.com\/fr\/p\/accueil\/caviar\/caviar-oscietre\/caviar-oscietre-reserve-boite-origine\/","og_site_name":"Producteur Fran\u00e7ais De Caviar","article_modified_time":"2026-04-07T11:56:46+00:00","og_image":[{"width":1100,"height":1422,"url":"https:\/\/caviar-de-neuvic.com\/wp-content\/uploads\/2019\/10\/2825-Caviar-Oscietre-Reserve-Boite-Origine.jpg","type":"image\/jpeg"}],"twitter_card":"summary_large_image","twitter_misc":{"Dur\u00e9e de lecture estim\u00e9e":"1 minute"},"schema":{"@context":"https:\/\/schema.org","@graph":[{"@type":"WebPage","@id":"https:\/\/caviar-de-neuvic.com\/p\/accueil\/caviar\/caviar-oscietre\/caviar-oscietre-reserve-boite-origine\/","url":"https:\/\/caviar-de-neuvic.com\/p\/accueil\/caviar\/caviar-oscietre\/caviar-oscietre-reserve-boite-origine\/","name":"Caviar Osci\u00e8tre R\u00e9serve - Boite Origine - Caviar de Neuvic","isPartOf":{"@id":"http:\/\/caviar-de-neuvic.com\/fr\/#website"},"primaryImageOfPage":{"@id":"https:\/\/caviar-de-neuvic.com\/p\/accueil\/caviar\/caviar-oscietre\/caviar-oscietre-reserve-boite-origine\/#primaryimage"},"image":{"@id":"https:\/\/caviar-de-neuvic.com\/p\/accueil\/caviar\/caviar-oscietre\/caviar-oscietre-reserve-boite-origine\/#primaryimage"},"thumbnailUrl":"https:\/\/caviar-de-neuvic.com\/wp-content\/uploads\/2019\/10\/2825-Caviar-Oscietre-Reserve-Boite-Origine.jpg","datePublished":"2019-10-21T10:02:42+00:00","dateModified":"2026-04-07T11:56:46+00:00","description":"Caviar Osci\u00e8tre R\u00e9serve en Boite Origine. Le Caviar Osci\u00e8tre R\u00e9serve correspond \u00e0 la s\u00e9lection des meilleurs grains de cette esp\u00e8ce. Tr\u00e8s peu d\u2019esturgeons donnent un caviar de cette qualit\u00e9.","breadcrumb":{"@id":"https:\/\/caviar-de-neuvic.com\/p\/accueil\/caviar\/caviar-oscietre\/caviar-oscietre-reserve-boite-origine\/#breadcrumb"},"inLanguage":"fr-FR","potentialAction":[{"@type":"ReadAction","target":["https:\/\/caviar-de-neuvic.com\/p\/accueil\/caviar\/caviar-oscietre\/caviar-oscietre-reserve-boite-origine\/"]}]},{"@type":"ImageObject","inLanguage":"fr-FR","@id":"https:\/\/caviar-de-neuvic.com\/p\/accueil\/caviar\/caviar-oscietre\/caviar-oscietre-reserve-boite-origine\/#primaryimage","url":"https:\/\/caviar-de-neuvic.com\/wp-content\/uploads\/2019\/10\/2825-Caviar-Oscietre-Reserve-Boite-Origine.jpg","contentUrl":"https:\/\/caviar-de-neuvic.com\/wp-content\/uploads\/2019\/10\/2825-Caviar-Oscietre-Reserve-Boite-Origine.jpg","width":1100,"height":1422,"caption":"Caviar Osci\u00e8tre R\u00e9serve - Boite Origine"},{"@type":"BreadcrumbList","@id":"https:\/\/caviar-de-neuvic.com\/p\/accueil\/caviar\/caviar-oscietre\/caviar-oscietre-reserve-boite-origine\/#breadcrumb","itemListElement":[{"@type":"ListItem","position":1,"name":"Caviar de Neuvic","item":"https:\/\/caviar-de-neuvic.com\/"},{"@type":"ListItem","position":2,"name":"Shop","item":"https:\/\/caviar-de-neuvic.com\/en\/shop\/"},{"@type":"ListItem","position":3,"name":"Caviar Osci\u00e8tre R\u00e9serve &#8211; Boite Origine"}]},{"@type":"WebSite","@id":"http:\/\/caviar-de-neuvic.com\/fr\/#website","url":"http:\/\/caviar-de-neuvic.com\/fr\/","name":"Producteur Fran\u00e7ais De Caviar","description":"","publisher":{"@id":"http:\/\/caviar-de-neuvic.com\/fr\/#organization"},"potentialAction":[{"@type":"SearchAction","target":{"@type":"EntryPoint","urlTemplate":"http:\/\/caviar-de-neuvic.com\/fr\/?s={search_term_string}"},"query-input":{"@type":"PropertyValueSpecification","valueRequired":true,"valueName":"search_term_string"}}],"inLanguage":"fr-FR"},{"@type":"Organization","@id":"http:\/\/caviar-de-neuvic.com\/fr\/#organization","name":"Producteur Fran\u00e7ais De Caviar","url":"http:\/\/caviar-de-neuvic.com\/fr\/","logo":{"@type":"ImageObject","inLanguage":"fr-FR","@id":"http:\/\/caviar-de-neuvic.com\/fr\/#\/schema\/logo\/image\/","url":"","contentUrl":"","caption":"Producteur Fran\u00e7ais De Caviar"},"image":{"@id":"http:\/\/caviar-de-neuvic.com\/fr\/#\/schema\/logo\/image\/"}}]}},"_links":{"self":[{"href":"https:\/\/caviar-de-neuvic.com\/fr\/wp-json\/wp\/v2\/product\/1121","targetHints":{"allow":["GET"]}}],"collection":[{"href":"https:\/\/caviar-de-neuvic.com\/fr\/wp-json\/wp\/v2\/product"}],"about":[{"href":"https:\/\/caviar-de-neuvic.com\/fr\/wp-json\/wp\/v2\/types\/product"}],"version-history":[{"count":6,"href":"https:\/\/caviar-de-neuvic.com\/fr\/wp-json\/wp\/v2\/product\/1121\/revisions"}],"predecessor-version":[{"id":29974,"href":"https:\/\/caviar-de-neuvic.com\/fr\/wp-json\/wp\/v2\/product\/1121\/revisions\/29974"}],"wp:featuredmedia":[{"embeddable":true,"href":"https:\/\/caviar-de-neuvic.com\/fr\/wp-json\/wp\/v2\/media\/1120"}],"wp:attachment":[{"href":"https:\/\/caviar-de-neuvic.com\/fr\/wp-json\/wp\/v2\/media?parent=1121"}],"wp:term":[{"taxonomy":"product_brand","embeddable":true,"href":"https:\/\/caviar-de-neuvic.com\/fr\/wp-json\/wp\/v2\/product_brand?post=1121"},{"taxonomy":"product_cat","embeddable":true,"href":"https:\/\/caviar-de-neuvic.com\/fr\/wp-json\/wp\/v2\/product_cat?post=1121"},{"taxonomy":"product_tag","embeddable":true,"href":"https:\/\/caviar-de-neuvic.com\/fr\/wp-json\/wp\/v2\/product_tag?post=1121"}],"curies":[{"name":"wp","href":"https:\/\/api.w.org\/{rel}","templated":true}]}}