{"id":1356,"date":"2026-05-06T09:12:27","date_gmt":"2026-05-06T07:12:27","guid":{"rendered":"https:\/\/caviar-de-neuvic.com\/?post_type=product&#038;p=1356"},"modified":"2026-05-13T16:42:47","modified_gmt":"2026-05-13T14:42:47","slug":"caviar-baeri-reserve-courte-ddm","status":"publish","type":"product","link":"https:\/\/caviar-de-neuvic.com\/fr\/p\/accueil\/offres-anti-gaspillage\/caviar-baeri-reserve-courte-ddm\/","title":{"rendered":"Caviar Baeri R\u00e9serve &#8211; Courte DDM"},"content":{"rendered":"<div class=\"col-md-3 titre\">Accompagner<\/div>\n<div class=\"col-md-9\">\n<p>La min\u00e9ralit\u00e9 vive et les accords d\u00e9licatement floraux d&rsquo;un grand Puligny Montrachet rencontreront avec bonheur les notes sensuelles et subtilement beurr\u00e9es d&rsquo;un caviar R\u00e9serve. La belle rencontre de deux structures pures, pr\u00e9cises, puissantes sublim\u00e9es par une \u00e9tonnante fra\u00eecheur.<\/p>\n<\/div>\n<div class=\"col-md-3 titre\">Recette gastro mais pas trop<\/div>\n<div class=\"col-md-9\">\n<p>Quelques filets de sole l\u00e9g\u00e8rement cr\u00e9m\u00e9s sur lesquels on disposera tout simplement une petite frise de caviar. Ce mariage en blanc et noir conjugue l&rsquo;harmonie des textures \u00e0 la fois fermes et fondantes et promet un moment m\u00e9morable.<\/p>\n<\/div>\n<div class=\"col-md-3 titre\">Valeurs nutritionnelles<\/div>\n<div class=\"col-md-9\">\n<table class=\"table table-bordered valeurs\" border=\"1\">\n<thead>\n<tr>\n<th colspan=\"4\">Pour 100 g<\/th>\n<\/tr>\n<\/thead>\n<tbody>\n<tr>\n<td>Valeur \u00e9nerg\u00e9tique (Kcal)<\/td>\n<td>242<\/td>\n<td>Mati\u00e8res grasses\u00a0(g) dont acides gras satur\u00e9s (g)<\/td>\n<td>14,3 (3)<\/td>\n<\/tr>\n<tr>\n<td>Valeur \u00e9nerg\u00e9tique (Kj)<\/td>\n<td>1012<\/td>\n<td>Glucides (g) dont sucres (g)<\/td>\n<td>7,2 (0,1)<\/td>\n<\/tr>\n<tr>\n<td>Prot\u00e9ines (g)<\/td>\n<td>21,2<\/td>\n<td>Sel\u00a0(g)<\/td>\n<td>2,93<\/td>\n<\/tr>\n<\/tbody>\n<\/table>\n<\/div>\n","protected":false},"excerpt":{"rendered":"<p>Le Caviar Baeri R\u00e9serve est issu de l\u2019esturgeon Acipenser Baeri \u00e9lev\u00e9 \u00e0 Neuvic, en Aquitaine.<\/p>\n<p>Comme la nature r\u00e9serve parfois des surprises, certains esturgeons nous font l&rsquo;honneur de d\u00e9livrer un caviar d&rsquo;exception avec une longueur en bouche impressionnante qui donne la qualit\u00e9 du caviar r\u00e9serve.<\/p>\n<h2>Un caviar d&rsquo;exception<\/h2>\n<p>Les plus beaux grains sont s\u00e9lectionn\u00e9s pour leur raret\u00e9 et leur longueur en bouche incomparable.<\/p>\n<p>La texture ferme et soyeuse des \u0153ufs d\u00e9ploie en bouche des notes beurr\u00e9es et bois\u00e9es dont les accords se prolongent longuement.<\/p>\n<p>Les esturgeons qui nous donnent le Caviar de Neuvic sont tous \u00e9lev\u00e9s dans les meilleures conditions. Une eau de qualit\u00e9 et renouvel\u00e9e, une alimentation Bio, une faible densit\u00e9 et peu de manipulations.<\/p>\n<p><strong>DDM : 12\/07\/2026<\/strong><\/p>\n","protected":false},"featured_media":1354,"template":"","meta":{"_acf_changed":false,"ocean_post_layout":"","ocean_both_sidebars_style":"","ocean_both_sidebars_content_width":0,"ocean_both_sidebars_sidebars_width":0,"ocean_sidebar":"0","ocean_second_sidebar":"0","ocean_disable_margins":"enable","ocean_add_body_class":"","ocean_shortcode_before_top_bar":"","ocean_shortcode_after_top_bar":"","ocean_shortcode_before_header":"","ocean_shortcode_after_header":"","ocean_has_shortcode":"","ocean_shortcode_after_title":"","ocean_shortcode_before_footer_widgets":"","ocean_shortcode_after_footer_widgets":"","ocean_shortcode_before_footer_bottom":"","ocean_shortcode_after_footer_bottom":"","ocean_display_top_bar":"default","ocean_display_header":"default","ocean_header_style":"","ocean_center_header_left_menu":"0","ocean_custom_header_template":"0","ocean_custom_logo":0,"ocean_custom_retina_logo":0,"ocean_custom_logo_max_width":0,"ocean_custom_logo_tablet_max_width":0,"ocean_custom_logo_mobile_max_width":0,"ocean_custom_logo_max_height":0,"ocean_custom_logo_tablet_max_height":0,"ocean_custom_logo_mobile_max_height":0,"ocean_header_custom_menu":"0","ocean_menu_typo_font_family":"0","ocean_menu_typo_font_subset":"","ocean_menu_typo_font_size":0,"ocean_menu_typo_font_size_tablet":0,"ocean_menu_typo_font_size_mobile":0,"ocean_menu_typo_font_size_unit":"px","ocean_menu_typo_font_weight":"","ocean_menu_typo_font_weight_tablet":"","ocean_menu_typo_font_weight_mobile":"","ocean_menu_typo_transform":"","ocean_menu_typo_transform_tablet":"","ocean_menu_typo_transform_mobile":"","ocean_menu_typo_line_height":0,"ocean_menu_typo_line_height_tablet":0,"ocean_menu_typo_line_height_mobile":0,"ocean_menu_typo_line_height_unit":"","ocean_menu_typo_spacing":0,"ocean_menu_typo_spacing_tablet":0,"ocean_menu_typo_spacing_mobile":0,"ocean_menu_typo_spacing_unit":"","ocean_menu_link_color":"","ocean_menu_link_color_hover":"","ocean_menu_link_color_active":"","ocean_menu_link_background":"","ocean_menu_link_hover_background":"","ocean_menu_link_active_background":"","ocean_menu_social_links_bg":"","ocean_menu_social_hover_links_bg":"","ocean_menu_social_links_color":"","ocean_menu_social_hover_links_color":"","ocean_disable_title":"default","ocean_disable_heading":"default","ocean_post_title":"","ocean_post_subheading":"","ocean_post_title_style":"","ocean_post_title_background_color":"","ocean_post_title_background":0,"ocean_post_title_bg_image_position":"","ocean_post_title_bg_image_attachment":"","ocean_post_title_bg_image_repeat":"","ocean_post_title_bg_image_size":"","ocean_post_title_height":0,"ocean_post_title_bg_overlay":0.5,"ocean_post_title_bg_overlay_color":"","ocean_disable_breadcrumbs":"default","ocean_breadcrumbs_color":"","ocean_breadcrumbs_separator_color":"","ocean_breadcrumbs_links_color":"","ocean_breadcrumbs_links_hover_color":"","ocean_display_footer_widgets":"default","ocean_display_footer_bottom":"default","ocean_custom_footer_template":"0","omw_enable_modal_window":"enable"},"product_brand":[],"product_cat":[29],"product_tag":[],"class_list":{"0":"post-1356","1":"product","2":"type-product","3":"status-publish","4":"has-post-thumbnail","6":"product_cat-offres-anti-gaspillage","7":"pa_choisissezlepoids-100g","8":"pa_choisissezlepoids-250g","9":"pa_choisissezlepoids-30g","10":"pa_choisissezlepoids-50g","11":"pa_conservation-88-aurefrigerateurentre0et4c","12":"pa_origine-france","14":"entry","15":"has-media","17":"first","18":"instock","19":"sale","20":"taxable","21":"shipping-taxable","22":"purchasable","23":"product-type-variable","24":"has-default-attributes","25":"has-product-nav","26":"col","27":"span_1_of_3","28":"owp-content-center","29":"item-entry","30":"owp-thumbs-layout-vertical","31":"owp-btn-normal","32":"owp-tabs-layout-horizontal"},"acf":[],"yoast_head":"<!-- This site is optimized with the Yoast SEO plugin v27.6 - https:\/\/yoast.com\/product\/yoast-seo-wordpress\/ -->\n<title>Caviar Baeri Reserve<\/title>\n<meta name=\"description\" content=\"Le Caviar Baeri R\u00e9serve est issu de l\u2019esturgeon Acipenser Baeri. Comme la nature r\u00e9serve des surprises, certains esturgeons nous d\u00e9livre un caviar d&#039;exception\" \/>\n<meta name=\"robots\" content=\"index, follow, max-snippet:-1, max-image-preview:large, max-video-preview:-1\" \/>\n<link rel=\"canonical\" href=\"https:\/\/caviar-de-neuvic.com\/fr\/p\/accueil\/offres-anti-gaspillage\/caviar-baeri-reserve-courte-ddm\/\" \/>\n<meta property=\"og:locale\" content=\"fr_FR\" \/>\n<meta property=\"og:type\" content=\"article\" \/>\n<meta property=\"og:title\" content=\"Caviar Baeri Reserve\" \/>\n<meta property=\"og:description\" content=\"Le Caviar Baeri R\u00e9serve est issu de l\u2019esturgeon Acipenser Baeri. Comme la nature r\u00e9serve des surprises, certains esturgeons nous d\u00e9livre un caviar d&#039;exception\" \/>\n<meta property=\"og:url\" content=\"https:\/\/caviar-de-neuvic.com\/fr\/p\/accueil\/offres-anti-gaspillage\/caviar-baeri-reserve-courte-ddm\/\" \/>\n<meta property=\"og:site_name\" content=\"Producteur Fran\u00e7ais De Caviar\" \/>\n<meta property=\"article:modified_time\" content=\"2026-05-13T14:42:47+00:00\" \/>\n<meta property=\"og:image\" content=\"https:\/\/caviar-de-neuvic.com\/wp-content\/uploads\/2020\/04\/2708-Caviar-Baeri-Reserve-Courte-DDM.jpg\" \/>\n\t<meta property=\"og:image:width\" content=\"1100\" \/>\n\t<meta property=\"og:image:height\" content=\"1422\" \/>\n\t<meta property=\"og:image:type\" content=\"image\/jpeg\" \/>\n<meta name=\"twitter:card\" content=\"summary_large_image\" \/>\n<meta name=\"twitter:label1\" content=\"Dur\u00e9e de lecture estim\u00e9e\" \/>\n\t<meta name=\"twitter:data1\" content=\"1 minute\" \/>\n<script type=\"application\/ld+json\" class=\"yoast-schema-graph\">{\"@context\":\"https:\\\/\\\/schema.org\",\"@graph\":[{\"@type\":\"WebPage\",\"@id\":\"https:\\\/\\\/caviar-de-neuvic.com\\\/p\\\/accueil\\\/offres-anti-gaspillage\\\/caviar-baeri-reserve-courte-ddm\\\/\",\"url\":\"https:\\\/\\\/caviar-de-neuvic.com\\\/p\\\/accueil\\\/offres-anti-gaspillage\\\/caviar-baeri-reserve-courte-ddm\\\/\",\"name\":\"Caviar Baeri Reserve\",\"isPartOf\":{\"@id\":\"http:\\\/\\\/caviar-de-neuvic.com\\\/fr\\\/#website\"},\"primaryImageOfPage\":{\"@id\":\"https:\\\/\\\/caviar-de-neuvic.com\\\/p\\\/accueil\\\/offres-anti-gaspillage\\\/caviar-baeri-reserve-courte-ddm\\\/#primaryimage\"},\"image\":{\"@id\":\"https:\\\/\\\/caviar-de-neuvic.com\\\/p\\\/accueil\\\/offres-anti-gaspillage\\\/caviar-baeri-reserve-courte-ddm\\\/#primaryimage\"},\"thumbnailUrl\":\"https:\\\/\\\/caviar-de-neuvic.com\\\/wp-content\\\/uploads\\\/2020\\\/04\\\/2708-Caviar-Baeri-Reserve-Courte-DDM.jpg\",\"datePublished\":\"2026-05-06T07:12:27+00:00\",\"dateModified\":\"2026-05-13T14:42:47+00:00\",\"description\":\"Le Caviar Baeri R\u00e9serve est issu de l\u2019esturgeon Acipenser Baeri. Comme la nature r\u00e9serve des surprises, certains esturgeons nous d\u00e9livre un caviar d'exception\",\"breadcrumb\":{\"@id\":\"https:\\\/\\\/caviar-de-neuvic.com\\\/p\\\/accueil\\\/offres-anti-gaspillage\\\/caviar-baeri-reserve-courte-ddm\\\/#breadcrumb\"},\"inLanguage\":\"fr-FR\",\"potentialAction\":[{\"@type\":\"ReadAction\",\"target\":[\"https:\\\/\\\/caviar-de-neuvic.com\\\/p\\\/accueil\\\/offres-anti-gaspillage\\\/caviar-baeri-reserve-courte-ddm\\\/\"]}]},{\"@type\":\"ImageObject\",\"inLanguage\":\"fr-FR\",\"@id\":\"https:\\\/\\\/caviar-de-neuvic.com\\\/p\\\/accueil\\\/offres-anti-gaspillage\\\/caviar-baeri-reserve-courte-ddm\\\/#primaryimage\",\"url\":\"https:\\\/\\\/caviar-de-neuvic.com\\\/wp-content\\\/uploads\\\/2020\\\/04\\\/2708-Caviar-Baeri-Reserve-Courte-DDM.jpg\",\"contentUrl\":\"https:\\\/\\\/caviar-de-neuvic.com\\\/wp-content\\\/uploads\\\/2020\\\/04\\\/2708-Caviar-Baeri-Reserve-Courte-DDM.jpg\",\"width\":1100,\"height\":1422,\"caption\":\"Caviar Baeri R\u00e9serve - Courte DDM\"},{\"@type\":\"BreadcrumbList\",\"@id\":\"https:\\\/\\\/caviar-de-neuvic.com\\\/p\\\/accueil\\\/offres-anti-gaspillage\\\/caviar-baeri-reserve-courte-ddm\\\/#breadcrumb\",\"itemListElement\":[{\"@type\":\"ListItem\",\"position\":1,\"name\":\"Caviar de Neuvic\",\"item\":\"https:\\\/\\\/caviar-de-neuvic.com\\\/\"},{\"@type\":\"ListItem\",\"position\":2,\"name\":\"Shop\",\"item\":\"https:\\\/\\\/caviar-de-neuvic.com\\\/en\\\/shop\\\/\"},{\"@type\":\"ListItem\",\"position\":3,\"name\":\"Caviar Baeri R\u00e9serve &#8211; Courte DDM\"}]},{\"@type\":\"WebSite\",\"@id\":\"http:\\\/\\\/caviar-de-neuvic.com\\\/fr\\\/#website\",\"url\":\"http:\\\/\\\/caviar-de-neuvic.com\\\/fr\\\/\",\"name\":\"Producteur Fran\u00e7ais De Caviar\",\"description\":\"\",\"publisher\":{\"@id\":\"http:\\\/\\\/caviar-de-neuvic.com\\\/fr\\\/#organization\"},\"potentialAction\":[{\"@type\":\"SearchAction\",\"target\":{\"@type\":\"EntryPoint\",\"urlTemplate\":\"http:\\\/\\\/caviar-de-neuvic.com\\\/fr\\\/?s={search_term_string}\"},\"query-input\":{\"@type\":\"PropertyValueSpecification\",\"valueRequired\":true,\"valueName\":\"search_term_string\"}}],\"inLanguage\":\"fr-FR\"},{\"@type\":\"Organization\",\"@id\":\"http:\\\/\\\/caviar-de-neuvic.com\\\/fr\\\/#organization\",\"name\":\"Producteur Fran\u00e7ais De Caviar\",\"url\":\"http:\\\/\\\/caviar-de-neuvic.com\\\/fr\\\/\",\"logo\":{\"@type\":\"ImageObject\",\"inLanguage\":\"fr-FR\",\"@id\":\"http:\\\/\\\/caviar-de-neuvic.com\\\/fr\\\/#\\\/schema\\\/logo\\\/image\\\/\",\"url\":\"\",\"contentUrl\":\"\",\"caption\":\"Producteur Fran\u00e7ais De Caviar\"},\"image\":{\"@id\":\"http:\\\/\\\/caviar-de-neuvic.com\\\/fr\\\/#\\\/schema\\\/logo\\\/image\\\/\"}}]}<\/script>\n<!-- \/ Yoast SEO plugin. -->","yoast_head_json":{"title":"Caviar Baeri Reserve","description":"Le Caviar Baeri R\u00e9serve est issu de l\u2019esturgeon Acipenser Baeri. Comme la nature r\u00e9serve des surprises, certains esturgeons nous d\u00e9livre un caviar d'exception","robots":{"index":"index","follow":"follow","max-snippet":"max-snippet:-1","max-image-preview":"max-image-preview:large","max-video-preview":"max-video-preview:-1"},"canonical":"https:\/\/caviar-de-neuvic.com\/fr\/p\/accueil\/offres-anti-gaspillage\/caviar-baeri-reserve-courte-ddm\/","og_locale":"fr_FR","og_type":"article","og_title":"Caviar Baeri Reserve","og_description":"Le Caviar Baeri R\u00e9serve est issu de l\u2019esturgeon Acipenser Baeri. Comme la nature r\u00e9serve des surprises, certains esturgeons nous d\u00e9livre un caviar d'exception","og_url":"https:\/\/caviar-de-neuvic.com\/fr\/p\/accueil\/offres-anti-gaspillage\/caviar-baeri-reserve-courte-ddm\/","og_site_name":"Producteur Fran\u00e7ais De Caviar","article_modified_time":"2026-05-13T14:42:47+00:00","og_image":[{"width":1100,"height":1422,"url":"https:\/\/caviar-de-neuvic.com\/wp-content\/uploads\/2020\/04\/2708-Caviar-Baeri-Reserve-Courte-DDM.jpg","type":"image\/jpeg"}],"twitter_card":"summary_large_image","twitter_misc":{"Dur\u00e9e de lecture estim\u00e9e":"1 minute"},"schema":{"@context":"https:\/\/schema.org","@graph":[{"@type":"WebPage","@id":"https:\/\/caviar-de-neuvic.com\/p\/accueil\/offres-anti-gaspillage\/caviar-baeri-reserve-courte-ddm\/","url":"https:\/\/caviar-de-neuvic.com\/p\/accueil\/offres-anti-gaspillage\/caviar-baeri-reserve-courte-ddm\/","name":"Caviar Baeri Reserve","isPartOf":{"@id":"http:\/\/caviar-de-neuvic.com\/fr\/#website"},"primaryImageOfPage":{"@id":"https:\/\/caviar-de-neuvic.com\/p\/accueil\/offres-anti-gaspillage\/caviar-baeri-reserve-courte-ddm\/#primaryimage"},"image":{"@id":"https:\/\/caviar-de-neuvic.com\/p\/accueil\/offres-anti-gaspillage\/caviar-baeri-reserve-courte-ddm\/#primaryimage"},"thumbnailUrl":"https:\/\/caviar-de-neuvic.com\/wp-content\/uploads\/2020\/04\/2708-Caviar-Baeri-Reserve-Courte-DDM.jpg","datePublished":"2026-05-06T07:12:27+00:00","dateModified":"2026-05-13T14:42:47+00:00","description":"Le Caviar Baeri R\u00e9serve est issu de l\u2019esturgeon Acipenser Baeri. Comme la nature r\u00e9serve des surprises, certains esturgeons nous d\u00e9livre un caviar d'exception","breadcrumb":{"@id":"https:\/\/caviar-de-neuvic.com\/p\/accueil\/offres-anti-gaspillage\/caviar-baeri-reserve-courte-ddm\/#breadcrumb"},"inLanguage":"fr-FR","potentialAction":[{"@type":"ReadAction","target":["https:\/\/caviar-de-neuvic.com\/p\/accueil\/offres-anti-gaspillage\/caviar-baeri-reserve-courte-ddm\/"]}]},{"@type":"ImageObject","inLanguage":"fr-FR","@id":"https:\/\/caviar-de-neuvic.com\/p\/accueil\/offres-anti-gaspillage\/caviar-baeri-reserve-courte-ddm\/#primaryimage","url":"https:\/\/caviar-de-neuvic.com\/wp-content\/uploads\/2020\/04\/2708-Caviar-Baeri-Reserve-Courte-DDM.jpg","contentUrl":"https:\/\/caviar-de-neuvic.com\/wp-content\/uploads\/2020\/04\/2708-Caviar-Baeri-Reserve-Courte-DDM.jpg","width":1100,"height":1422,"caption":"Caviar Baeri R\u00e9serve - Courte DDM"},{"@type":"BreadcrumbList","@id":"https:\/\/caviar-de-neuvic.com\/p\/accueil\/offres-anti-gaspillage\/caviar-baeri-reserve-courte-ddm\/#breadcrumb","itemListElement":[{"@type":"ListItem","position":1,"name":"Caviar de Neuvic","item":"https:\/\/caviar-de-neuvic.com\/"},{"@type":"ListItem","position":2,"name":"Shop","item":"https:\/\/caviar-de-neuvic.com\/en\/shop\/"},{"@type":"ListItem","position":3,"name":"Caviar Baeri R\u00e9serve &#8211; Courte DDM"}]},{"@type":"WebSite","@id":"http:\/\/caviar-de-neuvic.com\/fr\/#website","url":"http:\/\/caviar-de-neuvic.com\/fr\/","name":"Producteur Fran\u00e7ais De Caviar","description":"","publisher":{"@id":"http:\/\/caviar-de-neuvic.com\/fr\/#organization"},"potentialAction":[{"@type":"SearchAction","target":{"@type":"EntryPoint","urlTemplate":"http:\/\/caviar-de-neuvic.com\/fr\/?s={search_term_string}"},"query-input":{"@type":"PropertyValueSpecification","valueRequired":true,"valueName":"search_term_string"}}],"inLanguage":"fr-FR"},{"@type":"Organization","@id":"http:\/\/caviar-de-neuvic.com\/fr\/#organization","name":"Producteur Fran\u00e7ais De Caviar","url":"http:\/\/caviar-de-neuvic.com\/fr\/","logo":{"@type":"ImageObject","inLanguage":"fr-FR","@id":"http:\/\/caviar-de-neuvic.com\/fr\/#\/schema\/logo\/image\/","url":"","contentUrl":"","caption":"Producteur Fran\u00e7ais De Caviar"},"image":{"@id":"http:\/\/caviar-de-neuvic.com\/fr\/#\/schema\/logo\/image\/"}}]}},"_links":{"self":[{"href":"https:\/\/caviar-de-neuvic.com\/fr\/wp-json\/wp\/v2\/product\/1356","targetHints":{"allow":["GET"]}}],"collection":[{"href":"https:\/\/caviar-de-neuvic.com\/fr\/wp-json\/wp\/v2\/product"}],"about":[{"href":"https:\/\/caviar-de-neuvic.com\/fr\/wp-json\/wp\/v2\/types\/product"}],"version-history":[{"count":3,"href":"https:\/\/caviar-de-neuvic.com\/fr\/wp-json\/wp\/v2\/product\/1356\/revisions"}],"predecessor-version":[{"id":38271,"href":"https:\/\/caviar-de-neuvic.com\/fr\/wp-json\/wp\/v2\/product\/1356\/revisions\/38271"}],"wp:featuredmedia":[{"embeddable":true,"href":"https:\/\/caviar-de-neuvic.com\/fr\/wp-json\/wp\/v2\/media\/1354"}],"wp:attachment":[{"href":"https:\/\/caviar-de-neuvic.com\/fr\/wp-json\/wp\/v2\/media?parent=1356"}],"wp:term":[{"taxonomy":"product_brand","embeddable":true,"href":"https:\/\/caviar-de-neuvic.com\/fr\/wp-json\/wp\/v2\/product_brand?post=1356"},{"taxonomy":"product_cat","embeddable":true,"href":"https:\/\/caviar-de-neuvic.com\/fr\/wp-json\/wp\/v2\/product_cat?post=1356"},{"taxonomy":"product_tag","embeddable":true,"href":"https:\/\/caviar-de-neuvic.com\/fr\/wp-json\/wp\/v2\/product_tag?post=1356"}],"curies":[{"name":"wp","href":"https:\/\/api.w.org\/{rel}","templated":true}]}}