{"id":1452,"date":"2026-01-19T11:09:38","date_gmt":"2026-01-19T10:09:38","guid":{"rendered":"https:\/\/caviar-de-neuvic.com\/?post_type=product&#038;p=1452"},"modified":"2026-01-26T14:59:17","modified_gmt":"2026-01-26T13:59:17","slug":"vodka-viche-pitia-lemon-milk","status":"publish","type":"product","link":"https:\/\/caviar-de-neuvic.com\/fr\/p\/accueil\/vodka\/vodka-viche-pitia-lemon-milk\/","title":{"rendered":"Vodka Viche Pitia &#8211; Lemon Milk"},"content":{"rendered":"","protected":false},"excerpt":{"rendered":"<p>Vodka gastronomique produite en France, Viche Pitia (spiritueux nobles en russe) est la renaissance des vodkas originelles produites au XVIII\u00e8me si\u00e8cle en Russie par l&rsquo;aristocratie russe et distill\u00e9es dans un alambic en cuivre de type charentais.<\/p>\n<h2>Vodka Lemon Milk de Viche Pitia<\/h2>\n<p>De couleur cristalline, cette Vodka Lemon Milk a un nez aromatique, subtil, intenses ar\u00f4mes de citron, subtils ar\u00f4mes de fruits exotiques, subtils ar\u00f4mes de cr\u00e8me, subtils ar\u00f4mes de lait, ar\u00f4mes de bonbon anglais.<\/p>\n<p>La bouche est gourmande, g\u00e9n\u00e9reuse, ronde avec des notes de fleurs de citronnier. G\u00e9n\u00e9reuses notes de citron, souple, corps puissant, bonne intensit\u00e9, bonne persistance, notes de lait.<\/p>\n","protected":false},"featured_media":1451,"template":"","meta":{"_acf_changed":false,"ocean_post_layout":"","ocean_both_sidebars_style":"","ocean_both_sidebars_content_width":0,"ocean_both_sidebars_sidebars_width":0,"ocean_sidebar":"0","ocean_second_sidebar":"0","ocean_disable_margins":"enable","ocean_add_body_class":"","ocean_shortcode_before_top_bar":"","ocean_shortcode_after_top_bar":"","ocean_shortcode_before_header":"","ocean_shortcode_after_header":"","ocean_has_shortcode":"","ocean_shortcode_after_title":"","ocean_shortcode_before_footer_widgets":"","ocean_shortcode_after_footer_widgets":"","ocean_shortcode_before_footer_bottom":"","ocean_shortcode_after_footer_bottom":"","ocean_display_top_bar":"default","ocean_display_header":"default","ocean_header_style":"","ocean_center_header_left_menu":"0","ocean_custom_header_template":"0","ocean_custom_logo":0,"ocean_custom_retina_logo":0,"ocean_custom_logo_max_width":0,"ocean_custom_logo_tablet_max_width":0,"ocean_custom_logo_mobile_max_width":0,"ocean_custom_logo_max_height":0,"ocean_custom_logo_tablet_max_height":0,"ocean_custom_logo_mobile_max_height":0,"ocean_header_custom_menu":"0","ocean_menu_typo_font_family":"0","ocean_menu_typo_font_subset":"","ocean_menu_typo_font_size":0,"ocean_menu_typo_font_size_tablet":0,"ocean_menu_typo_font_size_mobile":0,"ocean_menu_typo_font_size_unit":"px","ocean_menu_typo_font_weight":"","ocean_menu_typo_font_weight_tablet":"","ocean_menu_typo_font_weight_mobile":"","ocean_menu_typo_transform":"","ocean_menu_typo_transform_tablet":"","ocean_menu_typo_transform_mobile":"","ocean_menu_typo_line_height":0,"ocean_menu_typo_line_height_tablet":0,"ocean_menu_typo_line_height_mobile":0,"ocean_menu_typo_line_height_unit":"","ocean_menu_typo_spacing":0,"ocean_menu_typo_spacing_tablet":0,"ocean_menu_typo_spacing_mobile":0,"ocean_menu_typo_spacing_unit":"","ocean_menu_link_color":"","ocean_menu_link_color_hover":"","ocean_menu_link_color_active":"","ocean_menu_link_background":"","ocean_menu_link_hover_background":"","ocean_menu_link_active_background":"","ocean_menu_social_links_bg":"","ocean_menu_social_hover_links_bg":"","ocean_menu_social_links_color":"","ocean_menu_social_hover_links_color":"","ocean_disable_title":"default","ocean_disable_heading":"default","ocean_post_title":"","ocean_post_subheading":"","ocean_post_title_style":"","ocean_post_title_background_color":"","ocean_post_title_background":0,"ocean_post_title_bg_image_position":"","ocean_post_title_bg_image_attachment":"","ocean_post_title_bg_image_repeat":"","ocean_post_title_bg_image_size":"","ocean_post_title_height":0,"ocean_post_title_bg_overlay":0.5,"ocean_post_title_bg_overlay_color":"","ocean_disable_breadcrumbs":"default","ocean_breadcrumbs_color":"","ocean_breadcrumbs_separator_color":"","ocean_breadcrumbs_links_color":"","ocean_breadcrumbs_links_hover_color":"","ocean_display_footer_widgets":"default","ocean_display_footer_bottom":"default","ocean_custom_footer_template":"0","omw_enable_modal_window":"enable"},"product_brand":[],"product_cat":[29,27],"product_tag":[],"class_list":{"0":"post-1452","1":"product","2":"type-product","3":"status-publish","4":"has-post-thumbnail","6":"product_cat-offres-anti-gaspillage","7":"product_cat-vodka","8":"product_shipping_class-sec","9":"pa_conservation-servirentre4cet10c","10":"pa_degredalcool-172","12":"entry","13":"has-media","15":"first","16":"instock","17":"sale","18":"taxable","19":"shipping-taxable","20":"purchasable","21":"product-type-simple","22":"col","23":"span_1_of_3","24":"owp-content-center","25":"item-entry","26":"owp-thumbs-layout-vertical","27":"owp-btn-normal","28":"owp-tabs-layout-horizontal"},"acf":[],"yoast_head":"<!-- This site is optimized with the Yoast SEO plugin v27.4 - https:\/\/yoast.com\/product\/yoast-seo-wordpress\/ -->\n<title>Vodka Viche Pitia - Lemon Milk - Caviar de Neuvic - Producteur Fran\u00e7ais de Caviar<\/title>\n<meta name=\"description\" content=\"Vodka gastronomique produite en France, Viche Pitia (spiritueux nobles en russe) est la renaissance des vodkas originelles produites au XVIII\u00e8me si\u00e8cle en Russie par l&#039;aristocratie russe et distill\u00e9es dans un alambic en cuivre de type charentais.\" \/>\n<meta name=\"robots\" content=\"index, follow, max-snippet:-1, max-image-preview:large, max-video-preview:-1\" \/>\n<link rel=\"canonical\" href=\"https:\/\/caviar-de-neuvic.com\/fr\/?post_type=product&p=1452\" \/>\n<meta property=\"og:locale\" content=\"fr_FR\" \/>\n<meta property=\"og:type\" content=\"article\" \/>\n<meta property=\"og:title\" content=\"Vodka Viche Pitia - Lemon Milk - Caviar de Neuvic - Producteur Fran\u00e7ais de Caviar\" \/>\n<meta property=\"og:description\" content=\"Vodka gastronomique produite en France, Viche Pitia (spiritueux nobles en russe) est la renaissance des vodkas originelles produites au XVIII\u00e8me si\u00e8cle en Russie par l&#039;aristocratie russe et distill\u00e9es dans un alambic en cuivre de type charentais.\" \/>\n<meta property=\"og:url\" content=\"https:\/\/caviar-de-neuvic.com\/fr\/?post_type=product&amp;p=1452\" \/>\n<meta property=\"og:site_name\" content=\"Producteur Fran\u00e7ais De Caviar\" \/>\n<meta property=\"article:modified_time\" content=\"2026-01-26T13:59:17+00:00\" \/>\n<meta property=\"og:image\" content=\"https:\/\/caviar-de-neuvic.com\/wp-content\/uploads\/2020\/10\/1334-Vodka-Viche-Pitia-Lemon-Milk.jpg\" \/>\n\t<meta property=\"og:image:width\" content=\"1000\" \/>\n\t<meta property=\"og:image:height\" content=\"1000\" \/>\n\t<meta property=\"og:image:type\" content=\"image\/jpeg\" \/>\n<meta name=\"twitter:card\" content=\"summary_large_image\" \/>\n<script type=\"application\/ld+json\" class=\"yoast-schema-graph\">{\"@context\":\"https:\\\/\\\/schema.org\",\"@graph\":[{\"@type\":\"WebPage\",\"@id\":\"https:\\\/\\\/caviar-de-neuvic.com\\\/?post_type=product&p=1452\",\"url\":\"https:\\\/\\\/caviar-de-neuvic.com\\\/?post_type=product&p=1452\",\"name\":\"Vodka Viche Pitia - Lemon Milk - Caviar de Neuvic - Producteur Fran\u00e7ais de Caviar\",\"isPartOf\":{\"@id\":\"http:\\\/\\\/caviar-de-neuvic.com\\\/fr\\\/#website\"},\"primaryImageOfPage\":{\"@id\":\"https:\\\/\\\/caviar-de-neuvic.com\\\/?post_type=product&p=1452#primaryimage\"},\"image\":{\"@id\":\"https:\\\/\\\/caviar-de-neuvic.com\\\/?post_type=product&p=1452#primaryimage\"},\"thumbnailUrl\":\"https:\\\/\\\/caviar-de-neuvic.com\\\/wp-content\\\/uploads\\\/2020\\\/10\\\/1334-Vodka-Viche-Pitia-Lemon-Milk.jpg\",\"datePublished\":\"2026-01-19T10:09:38+00:00\",\"dateModified\":\"2026-01-26T13:59:17+00:00\",\"description\":\"Vodka gastronomique produite en France, Viche Pitia (spiritueux nobles en russe) est la renaissance des vodkas originelles produites au XVIII\u00e8me si\u00e8cle en Russie par l'aristocratie russe et distill\u00e9es dans un alambic en cuivre de type charentais.\",\"breadcrumb\":{\"@id\":\"https:\\\/\\\/caviar-de-neuvic.com\\\/?post_type=product&p=1452#breadcrumb\"},\"inLanguage\":\"fr-FR\",\"potentialAction\":[{\"@type\":\"ReadAction\",\"target\":[\"https:\\\/\\\/caviar-de-neuvic.com\\\/?post_type=product&p=1452\"]}]},{\"@type\":\"ImageObject\",\"inLanguage\":\"fr-FR\",\"@id\":\"https:\\\/\\\/caviar-de-neuvic.com\\\/?post_type=product&p=1452#primaryimage\",\"url\":\"https:\\\/\\\/caviar-de-neuvic.com\\\/wp-content\\\/uploads\\\/2020\\\/10\\\/1334-Vodka-Viche-Pitia-Lemon-Milk.jpg\",\"contentUrl\":\"https:\\\/\\\/caviar-de-neuvic.com\\\/wp-content\\\/uploads\\\/2020\\\/10\\\/1334-Vodka-Viche-Pitia-Lemon-Milk.jpg\",\"width\":1000,\"height\":1000,\"caption\":\"Vodka Viche Pitia - Lemon Milk\"},{\"@type\":\"BreadcrumbList\",\"@id\":\"https:\\\/\\\/caviar-de-neuvic.com\\\/?post_type=product&p=1452#breadcrumb\",\"itemListElement\":[{\"@type\":\"ListItem\",\"position\":1,\"name\":\"Caviar de Neuvic\",\"item\":\"https:\\\/\\\/caviar-de-neuvic.com\\\/\"},{\"@type\":\"ListItem\",\"position\":2,\"name\":\"Shop\",\"item\":\"https:\\\/\\\/caviar-de-neuvic.com\\\/en\\\/shop\\\/\"},{\"@type\":\"ListItem\",\"position\":3,\"name\":\"Vodka Viche Pitia &#8211; Lemon Milk\"}]},{\"@type\":\"WebSite\",\"@id\":\"http:\\\/\\\/caviar-de-neuvic.com\\\/fr\\\/#website\",\"url\":\"http:\\\/\\\/caviar-de-neuvic.com\\\/fr\\\/\",\"name\":\"Producteur Fran\u00e7ais De Caviar\",\"description\":\"\",\"publisher\":{\"@id\":\"http:\\\/\\\/caviar-de-neuvic.com\\\/fr\\\/#organization\"},\"potentialAction\":[{\"@type\":\"SearchAction\",\"target\":{\"@type\":\"EntryPoint\",\"urlTemplate\":\"http:\\\/\\\/caviar-de-neuvic.com\\\/fr\\\/?s={search_term_string}\"},\"query-input\":{\"@type\":\"PropertyValueSpecification\",\"valueRequired\":true,\"valueName\":\"search_term_string\"}}],\"inLanguage\":\"fr-FR\"},{\"@type\":\"Organization\",\"@id\":\"http:\\\/\\\/caviar-de-neuvic.com\\\/fr\\\/#organization\",\"name\":\"Producteur Fran\u00e7ais De Caviar\",\"url\":\"http:\\\/\\\/caviar-de-neuvic.com\\\/fr\\\/\",\"logo\":{\"@type\":\"ImageObject\",\"inLanguage\":\"fr-FR\",\"@id\":\"http:\\\/\\\/caviar-de-neuvic.com\\\/fr\\\/#\\\/schema\\\/logo\\\/image\\\/\",\"url\":\"\",\"contentUrl\":\"\",\"caption\":\"Producteur Fran\u00e7ais De Caviar\"},\"image\":{\"@id\":\"http:\\\/\\\/caviar-de-neuvic.com\\\/fr\\\/#\\\/schema\\\/logo\\\/image\\\/\"}}]}<\/script>\n<!-- \/ Yoast SEO plugin. -->","yoast_head_json":{"title":"Vodka Viche Pitia - Lemon Milk - Caviar de Neuvic - Producteur Fran\u00e7ais de Caviar","description":"Vodka gastronomique produite en France, Viche Pitia (spiritueux nobles en russe) est la renaissance des vodkas originelles produites au XVIII\u00e8me si\u00e8cle en Russie par l'aristocratie russe et distill\u00e9es dans un alambic en cuivre de type charentais.","robots":{"index":"index","follow":"follow","max-snippet":"max-snippet:-1","max-image-preview":"max-image-preview:large","max-video-preview":"max-video-preview:-1"},"canonical":"https:\/\/caviar-de-neuvic.com\/fr\/?post_type=product&p=1452","og_locale":"fr_FR","og_type":"article","og_title":"Vodka Viche Pitia - Lemon Milk - Caviar de Neuvic - Producteur Fran\u00e7ais de Caviar","og_description":"Vodka gastronomique produite en France, Viche Pitia (spiritueux nobles en russe) est la renaissance des vodkas originelles produites au XVIII\u00e8me si\u00e8cle en Russie par l'aristocratie russe et distill\u00e9es dans un alambic en cuivre de type charentais.","og_url":"https:\/\/caviar-de-neuvic.com\/fr\/?post_type=product&p=1452","og_site_name":"Producteur Fran\u00e7ais De Caviar","article_modified_time":"2026-01-26T13:59:17+00:00","og_image":[{"width":1000,"height":1000,"url":"https:\/\/caviar-de-neuvic.com\/wp-content\/uploads\/2020\/10\/1334-Vodka-Viche-Pitia-Lemon-Milk.jpg","type":"image\/jpeg"}],"twitter_card":"summary_large_image","schema":{"@context":"https:\/\/schema.org","@graph":[{"@type":"WebPage","@id":"https:\/\/caviar-de-neuvic.com\/?post_type=product&p=1452","url":"https:\/\/caviar-de-neuvic.com\/?post_type=product&p=1452","name":"Vodka Viche Pitia - Lemon Milk - Caviar de Neuvic - Producteur Fran\u00e7ais de Caviar","isPartOf":{"@id":"http:\/\/caviar-de-neuvic.com\/fr\/#website"},"primaryImageOfPage":{"@id":"https:\/\/caviar-de-neuvic.com\/?post_type=product&p=1452#primaryimage"},"image":{"@id":"https:\/\/caviar-de-neuvic.com\/?post_type=product&p=1452#primaryimage"},"thumbnailUrl":"https:\/\/caviar-de-neuvic.com\/wp-content\/uploads\/2020\/10\/1334-Vodka-Viche-Pitia-Lemon-Milk.jpg","datePublished":"2026-01-19T10:09:38+00:00","dateModified":"2026-01-26T13:59:17+00:00","description":"Vodka gastronomique produite en France, Viche Pitia (spiritueux nobles en russe) est la renaissance des vodkas originelles produites au XVIII\u00e8me si\u00e8cle en Russie par l'aristocratie russe et distill\u00e9es dans un alambic en cuivre de type charentais.","breadcrumb":{"@id":"https:\/\/caviar-de-neuvic.com\/?post_type=product&p=1452#breadcrumb"},"inLanguage":"fr-FR","potentialAction":[{"@type":"ReadAction","target":["https:\/\/caviar-de-neuvic.com\/?post_type=product&p=1452"]}]},{"@type":"ImageObject","inLanguage":"fr-FR","@id":"https:\/\/caviar-de-neuvic.com\/?post_type=product&p=1452#primaryimage","url":"https:\/\/caviar-de-neuvic.com\/wp-content\/uploads\/2020\/10\/1334-Vodka-Viche-Pitia-Lemon-Milk.jpg","contentUrl":"https:\/\/caviar-de-neuvic.com\/wp-content\/uploads\/2020\/10\/1334-Vodka-Viche-Pitia-Lemon-Milk.jpg","width":1000,"height":1000,"caption":"Vodka Viche Pitia - Lemon Milk"},{"@type":"BreadcrumbList","@id":"https:\/\/caviar-de-neuvic.com\/?post_type=product&p=1452#breadcrumb","itemListElement":[{"@type":"ListItem","position":1,"name":"Caviar de Neuvic","item":"https:\/\/caviar-de-neuvic.com\/"},{"@type":"ListItem","position":2,"name":"Shop","item":"https:\/\/caviar-de-neuvic.com\/en\/shop\/"},{"@type":"ListItem","position":3,"name":"Vodka Viche Pitia &#8211; Lemon Milk"}]},{"@type":"WebSite","@id":"http:\/\/caviar-de-neuvic.com\/fr\/#website","url":"http:\/\/caviar-de-neuvic.com\/fr\/","name":"Producteur Fran\u00e7ais De Caviar","description":"","publisher":{"@id":"http:\/\/caviar-de-neuvic.com\/fr\/#organization"},"potentialAction":[{"@type":"SearchAction","target":{"@type":"EntryPoint","urlTemplate":"http:\/\/caviar-de-neuvic.com\/fr\/?s={search_term_string}"},"query-input":{"@type":"PropertyValueSpecification","valueRequired":true,"valueName":"search_term_string"}}],"inLanguage":"fr-FR"},{"@type":"Organization","@id":"http:\/\/caviar-de-neuvic.com\/fr\/#organization","name":"Producteur Fran\u00e7ais De Caviar","url":"http:\/\/caviar-de-neuvic.com\/fr\/","logo":{"@type":"ImageObject","inLanguage":"fr-FR","@id":"http:\/\/caviar-de-neuvic.com\/fr\/#\/schema\/logo\/image\/","url":"","contentUrl":"","caption":"Producteur Fran\u00e7ais De Caviar"},"image":{"@id":"http:\/\/caviar-de-neuvic.com\/fr\/#\/schema\/logo\/image\/"}}]}},"_links":{"self":[{"href":"https:\/\/caviar-de-neuvic.com\/fr\/wp-json\/wp\/v2\/product\/1452","targetHints":{"allow":["GET"]}}],"collection":[{"href":"https:\/\/caviar-de-neuvic.com\/fr\/wp-json\/wp\/v2\/product"}],"about":[{"href":"https:\/\/caviar-de-neuvic.com\/fr\/wp-json\/wp\/v2\/types\/product"}],"version-history":[{"count":2,"href":"https:\/\/caviar-de-neuvic.com\/fr\/wp-json\/wp\/v2\/product\/1452\/revisions"}],"predecessor-version":[{"id":36169,"href":"https:\/\/caviar-de-neuvic.com\/fr\/wp-json\/wp\/v2\/product\/1452\/revisions\/36169"}],"wp:featuredmedia":[{"embeddable":true,"href":"https:\/\/caviar-de-neuvic.com\/fr\/wp-json\/wp\/v2\/media\/1451"}],"wp:attachment":[{"href":"https:\/\/caviar-de-neuvic.com\/fr\/wp-json\/wp\/v2\/media?parent=1452"}],"wp:term":[{"taxonomy":"product_brand","embeddable":true,"href":"https:\/\/caviar-de-neuvic.com\/fr\/wp-json\/wp\/v2\/product_brand?post=1452"},{"taxonomy":"product_cat","embeddable":true,"href":"https:\/\/caviar-de-neuvic.com\/fr\/wp-json\/wp\/v2\/product_cat?post=1452"},{"taxonomy":"product_tag","embeddable":true,"href":"https:\/\/caviar-de-neuvic.com\/fr\/wp-json\/wp\/v2\/product_tag?post=1452"}],"curies":[{"name":"wp","href":"https:\/\/api.w.org\/{rel}","templated":true}]}}