{"id":1641,"date":"2021-07-21T16:15:22","date_gmt":"2021-07-21T16:15:22","guid":{"rendered":"https:\/\/caviar-de-neuvic.com\/produits\/oeufs-de-saumon-sauvage\/"},"modified":"2026-05-09T12:59:53","modified_gmt":"2026-05-09T10:59:53","slug":"oeufs-de-saumon-sauvage-2","status":"publish","type":"product","link":"https:\/\/caviar-de-neuvic.com\/fr\/p\/accueil\/oeufs-de-poisson\/oeufs-de-saumon-sauvage-2\/","title":{"rendered":"Oeufs de saumon sauvage"},"content":{"rendered":"<div class=\"col-md-3 titre\">Servir<\/div>\n<div class=\"col-md-9\">\n<p>A d\u00e9guster seul ou sur des toasts (blinis), avec un peu de cr\u00e8me fra\u00eeche. Les oeufs de saumon s&rsquo;accordent parfaitement avec un carpaccio de St Jacques, du saumon frais, des oeufs brouill\u00e9s ou \u00e0 la coque, des pommes de terre.<\/p>\n<\/div>\n<div class=\"col-md-3 titre\">Valeurs nutritionnelles<\/div>\n<div class=\"col-md-9\">\n<table class=\"table table-bordered valeurs\" border=\"1\">\n<thead>\n<tr>\n<th colspan=\"4\">Pour 100 g<\/th>\n<\/tr>\n<\/thead>\n<tbody>\n<tr>\n<td>Valeur \u00e9nerg\u00e9tique (Kcal)<\/td>\n<td>212<\/td>\n<td>Mati\u00e8res grasses (g) dont acides gras satur\u00e9s (g)<\/td>\n<td>12,9 (3,1)<\/td>\n<\/tr>\n<tr>\n<td>Valeur \u00e9nerg\u00e9tique (Kj)<\/td>\n<td>887<\/td>\n<td>Glucides (g) dont sucres (g)<\/td>\n<td>1,6 (1,6)<\/td>\n<\/tr>\n<tr>\n<td>Prot\u00e9ines (g)<\/td>\n<td>32<\/td>\n<td>Sel (g)<\/td>\n<td>3,5<\/td>\n<\/tr>\n<\/tbody>\n<\/table>\n<\/div>\n","protected":false},"excerpt":{"rendered":"<p>Les \u0153ufs de Saumon sont issus de poissons origine Alaska ou Canada (Oncorhynchus Keta), une esp\u00e8ce sauvage de l\u2019oc\u00e9an Pacifique.<\/p>\n<p>Ses \u0153ufs sont d\u2019une taille g\u00e9n\u00e9reuse avec une texture plut\u00f4t confitur\u00e9e. En bouche, ils roulent sur la langue puis \u00e9clatent sous le palais pour procurer une sensation de fra\u00eecheur et des saveurs iod\u00e9es intenses. Une texture d\u00e9licate aux notes marines pour parfumer vos ap\u00e9ritifs, cocktails et salades. Id\u00e9al \u00e9galement avec un \u00e9cras\u00e9 de pommes de terre.<\/p>\n<h2>Le caviar rouge<\/h2>\n<p>Son tarif, moins \u00e9lev\u00e9 que le caviar, explique le fait qu\u2019ils soient plus largement consomm\u00e9s. Caviar de Neuvic s\u00e9lectionne son fournisseur d\u2019\u0153ufs de Saumon pour assurer une qualit\u00e9 sup\u00e9rieure et r\u00e9pondre aux standards de la gamme <a href=\"https:\/\/www.caviar-de-neuvic.com\/35-neuvic-epicerie\">Neuvic l&rsquo;\u00c9picerie<\/a>.<\/p>\n<p>Petite anecdote : En dehors de la France, ces \u0153ufs sont surnomm\u00e9s \u00ab caviar rouge \u00bb notamment en Russie o\u00f9 il sont tr\u00e8s populaires.<\/p>\n<p>Origine : Canada ou Alaska<\/p>\n","protected":false},"featured_media":1637,"template":"","meta":{"_acf_changed":false,"ocean_post_layout":"","ocean_both_sidebars_style":"","ocean_both_sidebars_content_width":0,"ocean_both_sidebars_sidebars_width":0,"ocean_sidebar":"0","ocean_second_sidebar":"0","ocean_disable_margins":"enable","ocean_add_body_class":"","ocean_shortcode_before_top_bar":"","ocean_shortcode_after_top_bar":"","ocean_shortcode_before_header":"","ocean_shortcode_after_header":"","ocean_has_shortcode":"","ocean_shortcode_after_title":"","ocean_shortcode_before_footer_widgets":"","ocean_shortcode_after_footer_widgets":"","ocean_shortcode_before_footer_bottom":"","ocean_shortcode_after_footer_bottom":"","ocean_display_top_bar":"default","ocean_display_header":"default","ocean_header_style":"","ocean_center_header_left_menu":"0","ocean_custom_header_template":"0","ocean_custom_logo":0,"ocean_custom_retina_logo":0,"ocean_custom_logo_max_width":0,"ocean_custom_logo_tablet_max_width":0,"ocean_custom_logo_mobile_max_width":0,"ocean_custom_logo_max_height":0,"ocean_custom_logo_tablet_max_height":0,"ocean_custom_logo_mobile_max_height":0,"ocean_header_custom_menu":"0","ocean_menu_typo_font_family":"0","ocean_menu_typo_font_subset":"","ocean_menu_typo_font_size":0,"ocean_menu_typo_font_size_tablet":0,"ocean_menu_typo_font_size_mobile":0,"ocean_menu_typo_font_size_unit":"px","ocean_menu_typo_font_weight":"","ocean_menu_typo_font_weight_tablet":"","ocean_menu_typo_font_weight_mobile":"","ocean_menu_typo_transform":"","ocean_menu_typo_transform_tablet":"","ocean_menu_typo_transform_mobile":"","ocean_menu_typo_line_height":0,"ocean_menu_typo_line_height_tablet":0,"ocean_menu_typo_line_height_mobile":0,"ocean_menu_typo_line_height_unit":"","ocean_menu_typo_spacing":0,"ocean_menu_typo_spacing_tablet":0,"ocean_menu_typo_spacing_mobile":0,"ocean_menu_typo_spacing_unit":"","ocean_menu_link_color":"","ocean_menu_link_color_hover":"","ocean_menu_link_color_active":"","ocean_menu_link_background":"","ocean_menu_link_hover_background":"","ocean_menu_link_active_background":"","ocean_menu_social_links_bg":"","ocean_menu_social_hover_links_bg":"","ocean_menu_social_links_color":"","ocean_menu_social_hover_links_color":"","ocean_disable_title":"default","ocean_disable_heading":"default","ocean_post_title":"","ocean_post_subheading":"","ocean_post_title_style":"","ocean_post_title_background_color":"","ocean_post_title_background":0,"ocean_post_title_bg_image_position":"","ocean_post_title_bg_image_attachment":"","ocean_post_title_bg_image_repeat":"","ocean_post_title_bg_image_size":"","ocean_post_title_height":0,"ocean_post_title_bg_overlay":0.5,"ocean_post_title_bg_overlay_color":"","ocean_disable_breadcrumbs":"default","ocean_breadcrumbs_color":"","ocean_breadcrumbs_separator_color":"","ocean_breadcrumbs_links_color":"","ocean_breadcrumbs_links_hover_color":"","ocean_display_footer_widgets":"default","ocean_display_footer_bottom":"default","ocean_custom_footer_template":"0","omw_enable_modal_window":"enable"},"product_brand":[],"product_cat":[26],"product_tag":[],"class_list":{"0":"post-1641","1":"product","2":"type-product","3":"status-publish","4":"has-post-thumbnail","6":"product_cat-oeufs-de-poisson","7":"pa_choisissezlepoids-100g","8":"pa_choisissezlepoids-250g","9":"pa_choisissezlepoids-50g","10":"pa_conservation-04c","11":"pa_dlc-12mois","13":"entry","14":"has-media","16":"first","17":"instock","18":"taxable","19":"shipping-taxable","20":"purchasable","21":"product-type-variable","22":"has-default-attributes","23":"has-product-nav","24":"col","25":"span_1_of_3","26":"owp-content-center","27":"item-entry","28":"owp-thumbs-layout-vertical","29":"owp-btn-normal","30":"owp-tabs-layout-horizontal"},"acf":[],"yoast_head":"<!-- This site is optimized with the Yoast SEO plugin v27.6 - https:\/\/yoast.com\/product\/yoast-seo-wordpress\/ -->\n<title>Oeufs de saumon sauvage - Caviar de Neuvic<\/title>\n<meta name=\"description\" content=\"Les \u0153ufs de Saumon sont issus de poissons origine Alaska (Oncorhynchus Keta), une esp\u00e8ce sauvage de l\u2019oc\u00e9an Pacifique. Ses \u0153ufs sont d\u2019une taille g\u00e9n\u00e9reuse\" \/>\n<meta name=\"robots\" content=\"index, follow, max-snippet:-1, max-image-preview:large, max-video-preview:-1\" \/>\n<link rel=\"canonical\" href=\"https:\/\/caviar-de-neuvic.com\/fr\/p\/accueil\/oeufs-de-poisson\/oeufs-de-saumon-sauvage-2\/\" \/>\n<meta property=\"og:locale\" content=\"fr_FR\" \/>\n<meta property=\"og:type\" content=\"article\" \/>\n<meta property=\"og:title\" content=\"Oeufs de saumon sauvage - Caviar de Neuvic\" \/>\n<meta property=\"og:description\" content=\"Les \u0153ufs de Saumon sont issus de poissons origine Alaska (Oncorhynchus Keta), une esp\u00e8ce sauvage de l\u2019oc\u00e9an Pacifique. Ses \u0153ufs sont d\u2019une taille g\u00e9n\u00e9reuse\" \/>\n<meta property=\"og:url\" content=\"https:\/\/caviar-de-neuvic.com\/fr\/p\/accueil\/oeufs-de-poisson\/oeufs-de-saumon-sauvage-2\/\" \/>\n<meta property=\"og:site_name\" content=\"Producteur Fran\u00e7ais De Caviar\" \/>\n<meta property=\"article:modified_time\" content=\"2026-05-09T10:59:53+00:00\" \/>\n<meta property=\"og:image\" content=\"https:\/\/caviar-de-neuvic.com\/wp-content\/uploads\/2021\/07\/2755-Oeufs-de-saumon-sauvage.jpg\" \/>\n\t<meta property=\"og:image:width\" content=\"1100\" \/>\n\t<meta property=\"og:image:height\" content=\"1422\" \/>\n\t<meta property=\"og:image:type\" content=\"image\/jpeg\" \/>\n<meta name=\"twitter:card\" content=\"summary_large_image\" \/>\n<meta name=\"twitter:label1\" content=\"Dur\u00e9e de lecture estim\u00e9e\" \/>\n\t<meta name=\"twitter:data1\" content=\"1 minute\" \/>\n<script type=\"application\/ld+json\" class=\"yoast-schema-graph\">{\"@context\":\"https:\\\/\\\/schema.org\",\"@graph\":[{\"@type\":\"WebPage\",\"@id\":\"https:\\\/\\\/caviar-de-neuvic.com\\\/p\\\/accueil\\\/oeufs-de-poisson\\\/oeufs-de-saumon-sauvage-2\\\/\",\"url\":\"https:\\\/\\\/caviar-de-neuvic.com\\\/p\\\/accueil\\\/oeufs-de-poisson\\\/oeufs-de-saumon-sauvage-2\\\/\",\"name\":\"Oeufs de saumon sauvage - Caviar de Neuvic\",\"isPartOf\":{\"@id\":\"http:\\\/\\\/caviar-de-neuvic.com\\\/fr\\\/#website\"},\"primaryImageOfPage\":{\"@id\":\"https:\\\/\\\/caviar-de-neuvic.com\\\/p\\\/accueil\\\/oeufs-de-poisson\\\/oeufs-de-saumon-sauvage-2\\\/#primaryimage\"},\"image\":{\"@id\":\"https:\\\/\\\/caviar-de-neuvic.com\\\/p\\\/accueil\\\/oeufs-de-poisson\\\/oeufs-de-saumon-sauvage-2\\\/#primaryimage\"},\"thumbnailUrl\":\"https:\\\/\\\/caviar-de-neuvic.com\\\/wp-content\\\/uploads\\\/2021\\\/07\\\/2755-Oeufs-de-saumon-sauvage.jpg\",\"datePublished\":\"2021-07-21T16:15:22+00:00\",\"dateModified\":\"2026-05-09T10:59:53+00:00\",\"description\":\"Les \u0153ufs de Saumon sont issus de poissons origine Alaska (Oncorhynchus Keta), une esp\u00e8ce sauvage de l\u2019oc\u00e9an Pacifique. Ses \u0153ufs sont d\u2019une taille g\u00e9n\u00e9reuse\",\"breadcrumb\":{\"@id\":\"https:\\\/\\\/caviar-de-neuvic.com\\\/p\\\/accueil\\\/oeufs-de-poisson\\\/oeufs-de-saumon-sauvage-2\\\/#breadcrumb\"},\"inLanguage\":\"fr-FR\",\"potentialAction\":[{\"@type\":\"ReadAction\",\"target\":[\"https:\\\/\\\/caviar-de-neuvic.com\\\/p\\\/accueil\\\/oeufs-de-poisson\\\/oeufs-de-saumon-sauvage-2\\\/\"]}]},{\"@type\":\"ImageObject\",\"inLanguage\":\"fr-FR\",\"@id\":\"https:\\\/\\\/caviar-de-neuvic.com\\\/p\\\/accueil\\\/oeufs-de-poisson\\\/oeufs-de-saumon-sauvage-2\\\/#primaryimage\",\"url\":\"https:\\\/\\\/caviar-de-neuvic.com\\\/wp-content\\\/uploads\\\/2021\\\/07\\\/2755-Oeufs-de-saumon-sauvage.jpg\",\"contentUrl\":\"https:\\\/\\\/caviar-de-neuvic.com\\\/wp-content\\\/uploads\\\/2021\\\/07\\\/2755-Oeufs-de-saumon-sauvage.jpg\",\"width\":1100,\"height\":1422,\"caption\":\"Oeufs de saumon sauvage\"},{\"@type\":\"BreadcrumbList\",\"@id\":\"https:\\\/\\\/caviar-de-neuvic.com\\\/p\\\/accueil\\\/oeufs-de-poisson\\\/oeufs-de-saumon-sauvage-2\\\/#breadcrumb\",\"itemListElement\":[{\"@type\":\"ListItem\",\"position\":1,\"name\":\"Caviar de Neuvic\",\"item\":\"https:\\\/\\\/caviar-de-neuvic.com\\\/\"},{\"@type\":\"ListItem\",\"position\":2,\"name\":\"Shop\",\"item\":\"https:\\\/\\\/caviar-de-neuvic.com\\\/en\\\/shop\\\/\"},{\"@type\":\"ListItem\",\"position\":3,\"name\":\"Oeufs de saumon sauvage\"}]},{\"@type\":\"WebSite\",\"@id\":\"http:\\\/\\\/caviar-de-neuvic.com\\\/fr\\\/#website\",\"url\":\"http:\\\/\\\/caviar-de-neuvic.com\\\/fr\\\/\",\"name\":\"Producteur Fran\u00e7ais De Caviar\",\"description\":\"\",\"publisher\":{\"@id\":\"http:\\\/\\\/caviar-de-neuvic.com\\\/fr\\\/#organization\"},\"potentialAction\":[{\"@type\":\"SearchAction\",\"target\":{\"@type\":\"EntryPoint\",\"urlTemplate\":\"http:\\\/\\\/caviar-de-neuvic.com\\\/fr\\\/?s={search_term_string}\"},\"query-input\":{\"@type\":\"PropertyValueSpecification\",\"valueRequired\":true,\"valueName\":\"search_term_string\"}}],\"inLanguage\":\"fr-FR\"},{\"@type\":\"Organization\",\"@id\":\"http:\\\/\\\/caviar-de-neuvic.com\\\/fr\\\/#organization\",\"name\":\"Producteur Fran\u00e7ais De Caviar\",\"url\":\"http:\\\/\\\/caviar-de-neuvic.com\\\/fr\\\/\",\"logo\":{\"@type\":\"ImageObject\",\"inLanguage\":\"fr-FR\",\"@id\":\"http:\\\/\\\/caviar-de-neuvic.com\\\/fr\\\/#\\\/schema\\\/logo\\\/image\\\/\",\"url\":\"\",\"contentUrl\":\"\",\"caption\":\"Producteur Fran\u00e7ais De Caviar\"},\"image\":{\"@id\":\"http:\\\/\\\/caviar-de-neuvic.com\\\/fr\\\/#\\\/schema\\\/logo\\\/image\\\/\"}}]}<\/script>\n<!-- \/ Yoast SEO plugin. -->","yoast_head_json":{"title":"Oeufs de saumon sauvage - Caviar de Neuvic","description":"Les \u0153ufs de Saumon sont issus de poissons origine Alaska (Oncorhynchus Keta), une esp\u00e8ce sauvage de l\u2019oc\u00e9an Pacifique. Ses \u0153ufs sont d\u2019une taille g\u00e9n\u00e9reuse","robots":{"index":"index","follow":"follow","max-snippet":"max-snippet:-1","max-image-preview":"max-image-preview:large","max-video-preview":"max-video-preview:-1"},"canonical":"https:\/\/caviar-de-neuvic.com\/fr\/p\/accueil\/oeufs-de-poisson\/oeufs-de-saumon-sauvage-2\/","og_locale":"fr_FR","og_type":"article","og_title":"Oeufs de saumon sauvage - Caviar de Neuvic","og_description":"Les \u0153ufs de Saumon sont issus de poissons origine Alaska (Oncorhynchus Keta), une esp\u00e8ce sauvage de l\u2019oc\u00e9an Pacifique. Ses \u0153ufs sont d\u2019une taille g\u00e9n\u00e9reuse","og_url":"https:\/\/caviar-de-neuvic.com\/fr\/p\/accueil\/oeufs-de-poisson\/oeufs-de-saumon-sauvage-2\/","og_site_name":"Producteur Fran\u00e7ais De Caviar","article_modified_time":"2026-05-09T10:59:53+00:00","og_image":[{"width":1100,"height":1422,"url":"https:\/\/caviar-de-neuvic.com\/wp-content\/uploads\/2021\/07\/2755-Oeufs-de-saumon-sauvage.jpg","type":"image\/jpeg"}],"twitter_card":"summary_large_image","twitter_misc":{"Dur\u00e9e de lecture estim\u00e9e":"1 minute"},"schema":{"@context":"https:\/\/schema.org","@graph":[{"@type":"WebPage","@id":"https:\/\/caviar-de-neuvic.com\/p\/accueil\/oeufs-de-poisson\/oeufs-de-saumon-sauvage-2\/","url":"https:\/\/caviar-de-neuvic.com\/p\/accueil\/oeufs-de-poisson\/oeufs-de-saumon-sauvage-2\/","name":"Oeufs de saumon sauvage - Caviar de Neuvic","isPartOf":{"@id":"http:\/\/caviar-de-neuvic.com\/fr\/#website"},"primaryImageOfPage":{"@id":"https:\/\/caviar-de-neuvic.com\/p\/accueil\/oeufs-de-poisson\/oeufs-de-saumon-sauvage-2\/#primaryimage"},"image":{"@id":"https:\/\/caviar-de-neuvic.com\/p\/accueil\/oeufs-de-poisson\/oeufs-de-saumon-sauvage-2\/#primaryimage"},"thumbnailUrl":"https:\/\/caviar-de-neuvic.com\/wp-content\/uploads\/2021\/07\/2755-Oeufs-de-saumon-sauvage.jpg","datePublished":"2021-07-21T16:15:22+00:00","dateModified":"2026-05-09T10:59:53+00:00","description":"Les \u0153ufs de Saumon sont issus de poissons origine Alaska (Oncorhynchus Keta), une esp\u00e8ce sauvage de l\u2019oc\u00e9an Pacifique. Ses \u0153ufs sont d\u2019une taille g\u00e9n\u00e9reuse","breadcrumb":{"@id":"https:\/\/caviar-de-neuvic.com\/p\/accueil\/oeufs-de-poisson\/oeufs-de-saumon-sauvage-2\/#breadcrumb"},"inLanguage":"fr-FR","potentialAction":[{"@type":"ReadAction","target":["https:\/\/caviar-de-neuvic.com\/p\/accueil\/oeufs-de-poisson\/oeufs-de-saumon-sauvage-2\/"]}]},{"@type":"ImageObject","inLanguage":"fr-FR","@id":"https:\/\/caviar-de-neuvic.com\/p\/accueil\/oeufs-de-poisson\/oeufs-de-saumon-sauvage-2\/#primaryimage","url":"https:\/\/caviar-de-neuvic.com\/wp-content\/uploads\/2021\/07\/2755-Oeufs-de-saumon-sauvage.jpg","contentUrl":"https:\/\/caviar-de-neuvic.com\/wp-content\/uploads\/2021\/07\/2755-Oeufs-de-saumon-sauvage.jpg","width":1100,"height":1422,"caption":"Oeufs de saumon sauvage"},{"@type":"BreadcrumbList","@id":"https:\/\/caviar-de-neuvic.com\/p\/accueil\/oeufs-de-poisson\/oeufs-de-saumon-sauvage-2\/#breadcrumb","itemListElement":[{"@type":"ListItem","position":1,"name":"Caviar de Neuvic","item":"https:\/\/caviar-de-neuvic.com\/"},{"@type":"ListItem","position":2,"name":"Shop","item":"https:\/\/caviar-de-neuvic.com\/en\/shop\/"},{"@type":"ListItem","position":3,"name":"Oeufs de saumon sauvage"}]},{"@type":"WebSite","@id":"http:\/\/caviar-de-neuvic.com\/fr\/#website","url":"http:\/\/caviar-de-neuvic.com\/fr\/","name":"Producteur Fran\u00e7ais De Caviar","description":"","publisher":{"@id":"http:\/\/caviar-de-neuvic.com\/fr\/#organization"},"potentialAction":[{"@type":"SearchAction","target":{"@type":"EntryPoint","urlTemplate":"http:\/\/caviar-de-neuvic.com\/fr\/?s={search_term_string}"},"query-input":{"@type":"PropertyValueSpecification","valueRequired":true,"valueName":"search_term_string"}}],"inLanguage":"fr-FR"},{"@type":"Organization","@id":"http:\/\/caviar-de-neuvic.com\/fr\/#organization","name":"Producteur Fran\u00e7ais De Caviar","url":"http:\/\/caviar-de-neuvic.com\/fr\/","logo":{"@type":"ImageObject","inLanguage":"fr-FR","@id":"http:\/\/caviar-de-neuvic.com\/fr\/#\/schema\/logo\/image\/","url":"","contentUrl":"","caption":"Producteur Fran\u00e7ais De Caviar"},"image":{"@id":"http:\/\/caviar-de-neuvic.com\/fr\/#\/schema\/logo\/image\/"}}]}},"_links":{"self":[{"href":"https:\/\/caviar-de-neuvic.com\/fr\/wp-json\/wp\/v2\/product\/1641","targetHints":{"allow":["GET"]}}],"collection":[{"href":"https:\/\/caviar-de-neuvic.com\/fr\/wp-json\/wp\/v2\/product"}],"about":[{"href":"https:\/\/caviar-de-neuvic.com\/fr\/wp-json\/wp\/v2\/types\/product"}],"version-history":[{"count":3,"href":"https:\/\/caviar-de-neuvic.com\/fr\/wp-json\/wp\/v2\/product\/1641\/revisions"}],"predecessor-version":[{"id":32223,"href":"https:\/\/caviar-de-neuvic.com\/fr\/wp-json\/wp\/v2\/product\/1641\/revisions\/32223"}],"wp:featuredmedia":[{"embeddable":true,"href":"https:\/\/caviar-de-neuvic.com\/fr\/wp-json\/wp\/v2\/media\/1637"}],"wp:attachment":[{"href":"https:\/\/caviar-de-neuvic.com\/fr\/wp-json\/wp\/v2\/media?parent=1641"}],"wp:term":[{"taxonomy":"product_brand","embeddable":true,"href":"https:\/\/caviar-de-neuvic.com\/fr\/wp-json\/wp\/v2\/product_brand?post=1641"},{"taxonomy":"product_cat","embeddable":true,"href":"https:\/\/caviar-de-neuvic.com\/fr\/wp-json\/wp\/v2\/product_cat?post=1641"},{"taxonomy":"product_tag","embeddable":true,"href":"https:\/\/caviar-de-neuvic.com\/fr\/wp-json\/wp\/v2\/product_tag?post=1641"}],"curies":[{"name":"wp","href":"https:\/\/api.w.org\/{rel}","templated":true}]}}