{"id":2157,"date":"2023-10-12T17:19:03","date_gmt":"2023-10-12T17:19:03","guid":{"rendered":"https:\/\/caviar-de-neuvic.com\/produits\/tarama-au-caviar\/"},"modified":"2026-04-22T18:25:38","modified_gmt":"2026-04-22T16:25:38","slug":"tarama-au-caviar","status":"publish","type":"product","link":"https:\/\/caviar-de-neuvic.com\/fr\/p\/accueil\/l-epicerie-neuvic\/epicerie-caviar\/tarama-au-caviar\/","title":{"rendered":"Tarama au caviar"},"content":{"rendered":"<p><strong>Servir<\/strong><\/p>\n<p>Oeufs de cabillaud fum\u00e9s (oeufs de cabillaud (Gadus Morhua), sel) (p\u00each\u00e9 en Atlantique Nord Est \u2013 FAO 27) (40%), huile de tournesol (UE), caviar (oeufs d\u2019esturgeon (Acipenser spp) (96%), sel) (France) (10%), eau, jus de citron, chapelure (farine de bl\u00e9, sel, levure), poivre\u200b<\/p>\n<p><strong>Valeurs nutritionnelles<\/strong><\/p>\n<table class=\"table table-bordered valeurs\" border=\"1\">\n<thead>\n<tr>\n<th colspan=\"4\">Pour 100 g<\/th>\n<\/tr>\n<\/thead>\n<tbody>\n<tr>\n<td>Valeur \u00e9nerg\u00e9tique (Kcal)<\/td>\n<td>390<\/td>\n<td>Lipides (g) dont acides gras satur\u00e9s (g)<\/td>\n<td>38\u00a0(2,6)<\/td>\n<\/tr>\n<tr>\n<td>Valeur \u00e9nerg\u00e9tique (Kj)<\/td>\n<td>1607<\/td>\n<td>Glucides (g) dont sucres (g)<\/td>\n<td>&lt;0,5\u00a0(&lt;0,5)<\/td>\n<\/tr>\n<tr>\n<td>Prot\u00e9ines (g)<\/td>\n<td>12<\/td>\n<td>Sodium (g)<\/td>\n<td>1,3<\/td>\n<\/tr>\n<\/tbody>\n<\/table>\n","protected":false},"excerpt":{"rendered":"<p>Le tarama au caviar est \u00e9labor\u00e9 \u00e0 base d\u2019\u0153ufs de cabillaud fum\u00e9s \u00e9mulsionn\u00e9s. Il se caract\u00e9rise par sa texture l\u00e9g\u00e8re et onctueuse et sa couleur beige-ros\u00e9e. Un tarama de qualit\u00e9 sup\u00e9rieure se distingue par sa teneur en \u0153ufs, c\u2019est pourquoi notre recette compte 40% d\u2019\u0153ufs, sans colorant ajout\u00e9 auquel nous ajoutons 10% de caviar.<\/p>\n<p>Le tarama selon la recette traditionnelle est \u00e9labor\u00e9 en utilisant des \u0153ufs de cabillaud sal\u00e9s et fum\u00e9s puis \u00e9cras\u00e9s en une pur\u00e9e fine, et m\u00e9lang\u00e9s avec de l\u2019huile pour obtenir cette texture cr\u00e9meuse et d\u00e9licieuse. Dans cette recette vous retrouvez \u00e9galement 10% de grains de caviar pour apporter une touche iod\u00e9e.<\/p>\n<p>A d\u00e9guster sur des blinis ou un toast de pain grill\u00e9. Il s\u2019associe \u00e9galement tr\u00e8s bien avec des l\u00e9gumes croquants \u00e0 diper.<\/p>\n","protected":false},"featured_media":2155,"template":"","meta":{"_acf_changed":false,"ocean_post_layout":"","ocean_both_sidebars_style":"","ocean_both_sidebars_content_width":0,"ocean_both_sidebars_sidebars_width":0,"ocean_sidebar":"0","ocean_second_sidebar":"0","ocean_disable_margins":"enable","ocean_add_body_class":"","ocean_shortcode_before_top_bar":"","ocean_shortcode_after_top_bar":"","ocean_shortcode_before_header":"","ocean_shortcode_after_header":"","ocean_has_shortcode":"","ocean_shortcode_after_title":"","ocean_shortcode_before_footer_widgets":"","ocean_shortcode_after_footer_widgets":"","ocean_shortcode_before_footer_bottom":"","ocean_shortcode_after_footer_bottom":"","ocean_display_top_bar":"default","ocean_display_header":"default","ocean_header_style":"","ocean_center_header_left_menu":"0","ocean_custom_header_template":"0","ocean_custom_logo":0,"ocean_custom_retina_logo":0,"ocean_custom_logo_max_width":0,"ocean_custom_logo_tablet_max_width":0,"ocean_custom_logo_mobile_max_width":0,"ocean_custom_logo_max_height":0,"ocean_custom_logo_tablet_max_height":0,"ocean_custom_logo_mobile_max_height":0,"ocean_header_custom_menu":"0","ocean_menu_typo_font_family":"0","ocean_menu_typo_font_subset":"","ocean_menu_typo_font_size":0,"ocean_menu_typo_font_size_tablet":0,"ocean_menu_typo_font_size_mobile":0,"ocean_menu_typo_font_size_unit":"px","ocean_menu_typo_font_weight":"","ocean_menu_typo_font_weight_tablet":"","ocean_menu_typo_font_weight_mobile":"","ocean_menu_typo_transform":"","ocean_menu_typo_transform_tablet":"","ocean_menu_typo_transform_mobile":"","ocean_menu_typo_line_height":0,"ocean_menu_typo_line_height_tablet":0,"ocean_menu_typo_line_height_mobile":0,"ocean_menu_typo_line_height_unit":"","ocean_menu_typo_spacing":0,"ocean_menu_typo_spacing_tablet":0,"ocean_menu_typo_spacing_mobile":0,"ocean_menu_typo_spacing_unit":"","ocean_menu_link_color":"","ocean_menu_link_color_hover":"","ocean_menu_link_color_active":"","ocean_menu_link_background":"","ocean_menu_link_hover_background":"","ocean_menu_link_active_background":"","ocean_menu_social_links_bg":"","ocean_menu_social_hover_links_bg":"","ocean_menu_social_links_color":"","ocean_menu_social_hover_links_color":"","ocean_disable_title":"default","ocean_disable_heading":"default","ocean_post_title":"","ocean_post_subheading":"","ocean_post_title_style":"","ocean_post_title_background_color":"","ocean_post_title_background":0,"ocean_post_title_bg_image_position":"","ocean_post_title_bg_image_attachment":"","ocean_post_title_bg_image_repeat":"","ocean_post_title_bg_image_size":"","ocean_post_title_height":0,"ocean_post_title_bg_overlay":0.5,"ocean_post_title_bg_overlay_color":"","ocean_disable_breadcrumbs":"default","ocean_breadcrumbs_color":"","ocean_breadcrumbs_separator_color":"","ocean_breadcrumbs_links_color":"","ocean_breadcrumbs_links_hover_color":"","ocean_display_footer_widgets":"default","ocean_display_footer_bottom":"default","ocean_custom_footer_template":"0","omw_enable_modal_window":"enable"},"product_brand":[],"product_cat":[23,45,22],"product_tag":[],"class_list":{"0":"post-2157","1":"product","2":"type-product","3":"status-publish","4":"has-post-thumbnail","6":"product_cat-beurres-et-taramas","7":"product_cat-epicerie-caviar","8":"product_cat-l-epicerie-neuvic","10":"entry","11":"has-media","13":"first","14":"instock","15":"taxable","16":"shipping-taxable","17":"purchasable","18":"product-type-simple","19":"has-product-nav","20":"col","21":"span_1_of_3","22":"owp-content-center","23":"item-entry","24":"owp-thumbs-layout-vertical","25":"owp-btn-normal","26":"owp-tabs-layout-horizontal"},"acf":[],"yoast_head":"<!-- This site is optimized with the Yoast SEO plugin v27.6 - https:\/\/yoast.com\/product\/yoast-seo-wordpress\/ -->\n<title>Tarama au Caviar - Caviar de Neuvic<\/title>\n<meta name=\"description\" content=\"Le tarama au caviar se caract\u00e9rise par sa texture l\u00e9g\u00e8re et onctueuse et sa couleur beige-ros\u00e9e. Notre recette compte 40% d\u2019\u0153ufs et 10% de caviar.\" \/>\n<meta name=\"robots\" content=\"index, follow, max-snippet:-1, max-image-preview:large, max-video-preview:-1\" \/>\n<link rel=\"canonical\" href=\"https:\/\/caviar-de-neuvic.com\/fr\/p\/accueil\/l-epicerie-neuvic\/epicerie-caviar\/tarama-au-caviar\/\" \/>\n<meta property=\"og:locale\" content=\"fr_FR\" \/>\n<meta property=\"og:type\" content=\"article\" \/>\n<meta property=\"og:title\" content=\"Tarama au Caviar - Caviar de Neuvic\" \/>\n<meta property=\"og:description\" content=\"Le tarama au caviar se caract\u00e9rise par sa texture l\u00e9g\u00e8re et onctueuse et sa couleur beige-ros\u00e9e. Notre recette compte 40% d\u2019\u0153ufs et 10% de caviar.\" \/>\n<meta property=\"og:url\" content=\"https:\/\/caviar-de-neuvic.com\/fr\/p\/accueil\/l-epicerie-neuvic\/epicerie-caviar\/tarama-au-caviar\/\" \/>\n<meta property=\"og:site_name\" content=\"Producteur Fran\u00e7ais De Caviar\" \/>\n<meta property=\"article:modified_time\" content=\"2026-04-22T16:25:38+00:00\" \/>\n<meta property=\"og:image\" content=\"https:\/\/caviar-de-neuvic.com\/wp-content\/uploads\/2023\/10\/2597-Tarama-au-caviar.jpg\" \/>\n\t<meta property=\"og:image:width\" content=\"1100\" \/>\n\t<meta property=\"og:image:height\" content=\"1422\" \/>\n\t<meta property=\"og:image:type\" content=\"image\/jpeg\" \/>\n<meta name=\"twitter:card\" content=\"summary_large_image\" \/>\n<meta name=\"twitter:label1\" content=\"Dur\u00e9e de lecture estim\u00e9e\" \/>\n\t<meta name=\"twitter:data1\" content=\"1 minute\" \/>\n<script type=\"application\/ld+json\" class=\"yoast-schema-graph\">{\"@context\":\"https:\\\/\\\/schema.org\",\"@graph\":[{\"@type\":\"WebPage\",\"@id\":\"https:\\\/\\\/caviar-de-neuvic.com\\\/p\\\/accueil\\\/l-epicerie-neuvic\\\/epicerie-caviar\\\/tarama-au-caviar\\\/\",\"url\":\"https:\\\/\\\/caviar-de-neuvic.com\\\/p\\\/accueil\\\/l-epicerie-neuvic\\\/epicerie-caviar\\\/tarama-au-caviar\\\/\",\"name\":\"Tarama au Caviar - Caviar de Neuvic\",\"isPartOf\":{\"@id\":\"http:\\\/\\\/caviar-de-neuvic.com\\\/fr\\\/#website\"},\"primaryImageOfPage\":{\"@id\":\"https:\\\/\\\/caviar-de-neuvic.com\\\/p\\\/accueil\\\/l-epicerie-neuvic\\\/epicerie-caviar\\\/tarama-au-caviar\\\/#primaryimage\"},\"image\":{\"@id\":\"https:\\\/\\\/caviar-de-neuvic.com\\\/p\\\/accueil\\\/l-epicerie-neuvic\\\/epicerie-caviar\\\/tarama-au-caviar\\\/#primaryimage\"},\"thumbnailUrl\":\"https:\\\/\\\/caviar-de-neuvic.com\\\/wp-content\\\/uploads\\\/2023\\\/10\\\/2597-Tarama-au-caviar.jpg\",\"datePublished\":\"2023-10-12T17:19:03+00:00\",\"dateModified\":\"2026-04-22T16:25:38+00:00\",\"description\":\"Le tarama au caviar se caract\u00e9rise par sa texture l\u00e9g\u00e8re et onctueuse et sa couleur beige-ros\u00e9e. Notre recette compte 40% d\u2019\u0153ufs et 10% de caviar.\",\"breadcrumb\":{\"@id\":\"https:\\\/\\\/caviar-de-neuvic.com\\\/p\\\/accueil\\\/l-epicerie-neuvic\\\/epicerie-caviar\\\/tarama-au-caviar\\\/#breadcrumb\"},\"inLanguage\":\"fr-FR\",\"potentialAction\":[{\"@type\":\"ReadAction\",\"target\":[\"https:\\\/\\\/caviar-de-neuvic.com\\\/p\\\/accueil\\\/l-epicerie-neuvic\\\/epicerie-caviar\\\/tarama-au-caviar\\\/\"]}]},{\"@type\":\"ImageObject\",\"inLanguage\":\"fr-FR\",\"@id\":\"https:\\\/\\\/caviar-de-neuvic.com\\\/p\\\/accueil\\\/l-epicerie-neuvic\\\/epicerie-caviar\\\/tarama-au-caviar\\\/#primaryimage\",\"url\":\"https:\\\/\\\/caviar-de-neuvic.com\\\/wp-content\\\/uploads\\\/2023\\\/10\\\/2597-Tarama-au-caviar.jpg\",\"contentUrl\":\"https:\\\/\\\/caviar-de-neuvic.com\\\/wp-content\\\/uploads\\\/2023\\\/10\\\/2597-Tarama-au-caviar.jpg\",\"width\":1100,\"height\":1422,\"caption\":\"Tarama au caviar\"},{\"@type\":\"BreadcrumbList\",\"@id\":\"https:\\\/\\\/caviar-de-neuvic.com\\\/p\\\/accueil\\\/l-epicerie-neuvic\\\/epicerie-caviar\\\/tarama-au-caviar\\\/#breadcrumb\",\"itemListElement\":[{\"@type\":\"ListItem\",\"position\":1,\"name\":\"Caviar de Neuvic\",\"item\":\"https:\\\/\\\/caviar-de-neuvic.com\\\/\"},{\"@type\":\"ListItem\",\"position\":2,\"name\":\"Shop\",\"item\":\"https:\\\/\\\/caviar-de-neuvic.com\\\/en\\\/shop\\\/\"},{\"@type\":\"ListItem\",\"position\":3,\"name\":\"Tarama au caviar\"}]},{\"@type\":\"WebSite\",\"@id\":\"http:\\\/\\\/caviar-de-neuvic.com\\\/fr\\\/#website\",\"url\":\"http:\\\/\\\/caviar-de-neuvic.com\\\/fr\\\/\",\"name\":\"Producteur Fran\u00e7ais De Caviar\",\"description\":\"\",\"publisher\":{\"@id\":\"http:\\\/\\\/caviar-de-neuvic.com\\\/fr\\\/#organization\"},\"potentialAction\":[{\"@type\":\"SearchAction\",\"target\":{\"@type\":\"EntryPoint\",\"urlTemplate\":\"http:\\\/\\\/caviar-de-neuvic.com\\\/fr\\\/?s={search_term_string}\"},\"query-input\":{\"@type\":\"PropertyValueSpecification\",\"valueRequired\":true,\"valueName\":\"search_term_string\"}}],\"inLanguage\":\"fr-FR\"},{\"@type\":\"Organization\",\"@id\":\"http:\\\/\\\/caviar-de-neuvic.com\\\/fr\\\/#organization\",\"name\":\"Producteur Fran\u00e7ais De Caviar\",\"url\":\"http:\\\/\\\/caviar-de-neuvic.com\\\/fr\\\/\",\"logo\":{\"@type\":\"ImageObject\",\"inLanguage\":\"fr-FR\",\"@id\":\"http:\\\/\\\/caviar-de-neuvic.com\\\/fr\\\/#\\\/schema\\\/logo\\\/image\\\/\",\"url\":\"\",\"contentUrl\":\"\",\"caption\":\"Producteur Fran\u00e7ais De Caviar\"},\"image\":{\"@id\":\"http:\\\/\\\/caviar-de-neuvic.com\\\/fr\\\/#\\\/schema\\\/logo\\\/image\\\/\"}}]}<\/script>\n<!-- \/ Yoast SEO plugin. -->","yoast_head_json":{"title":"Tarama au Caviar - Caviar de Neuvic","description":"Le tarama au caviar se caract\u00e9rise par sa texture l\u00e9g\u00e8re et onctueuse et sa couleur beige-ros\u00e9e. Notre recette compte 40% d\u2019\u0153ufs et 10% de caviar.","robots":{"index":"index","follow":"follow","max-snippet":"max-snippet:-1","max-image-preview":"max-image-preview:large","max-video-preview":"max-video-preview:-1"},"canonical":"https:\/\/caviar-de-neuvic.com\/fr\/p\/accueil\/l-epicerie-neuvic\/epicerie-caviar\/tarama-au-caviar\/","og_locale":"fr_FR","og_type":"article","og_title":"Tarama au Caviar - Caviar de Neuvic","og_description":"Le tarama au caviar se caract\u00e9rise par sa texture l\u00e9g\u00e8re et onctueuse et sa couleur beige-ros\u00e9e. Notre recette compte 40% d\u2019\u0153ufs et 10% de caviar.","og_url":"https:\/\/caviar-de-neuvic.com\/fr\/p\/accueil\/l-epicerie-neuvic\/epicerie-caviar\/tarama-au-caviar\/","og_site_name":"Producteur Fran\u00e7ais De Caviar","article_modified_time":"2026-04-22T16:25:38+00:00","og_image":[{"width":1100,"height":1422,"url":"https:\/\/caviar-de-neuvic.com\/wp-content\/uploads\/2023\/10\/2597-Tarama-au-caviar.jpg","type":"image\/jpeg"}],"twitter_card":"summary_large_image","twitter_misc":{"Dur\u00e9e de lecture estim\u00e9e":"1 minute"},"schema":{"@context":"https:\/\/schema.org","@graph":[{"@type":"WebPage","@id":"https:\/\/caviar-de-neuvic.com\/p\/accueil\/l-epicerie-neuvic\/epicerie-caviar\/tarama-au-caviar\/","url":"https:\/\/caviar-de-neuvic.com\/p\/accueil\/l-epicerie-neuvic\/epicerie-caviar\/tarama-au-caviar\/","name":"Tarama au Caviar - Caviar de Neuvic","isPartOf":{"@id":"http:\/\/caviar-de-neuvic.com\/fr\/#website"},"primaryImageOfPage":{"@id":"https:\/\/caviar-de-neuvic.com\/p\/accueil\/l-epicerie-neuvic\/epicerie-caviar\/tarama-au-caviar\/#primaryimage"},"image":{"@id":"https:\/\/caviar-de-neuvic.com\/p\/accueil\/l-epicerie-neuvic\/epicerie-caviar\/tarama-au-caviar\/#primaryimage"},"thumbnailUrl":"https:\/\/caviar-de-neuvic.com\/wp-content\/uploads\/2023\/10\/2597-Tarama-au-caviar.jpg","datePublished":"2023-10-12T17:19:03+00:00","dateModified":"2026-04-22T16:25:38+00:00","description":"Le tarama au caviar se caract\u00e9rise par sa texture l\u00e9g\u00e8re et onctueuse et sa couleur beige-ros\u00e9e. Notre recette compte 40% d\u2019\u0153ufs et 10% de caviar.","breadcrumb":{"@id":"https:\/\/caviar-de-neuvic.com\/p\/accueil\/l-epicerie-neuvic\/epicerie-caviar\/tarama-au-caviar\/#breadcrumb"},"inLanguage":"fr-FR","potentialAction":[{"@type":"ReadAction","target":["https:\/\/caviar-de-neuvic.com\/p\/accueil\/l-epicerie-neuvic\/epicerie-caviar\/tarama-au-caviar\/"]}]},{"@type":"ImageObject","inLanguage":"fr-FR","@id":"https:\/\/caviar-de-neuvic.com\/p\/accueil\/l-epicerie-neuvic\/epicerie-caviar\/tarama-au-caviar\/#primaryimage","url":"https:\/\/caviar-de-neuvic.com\/wp-content\/uploads\/2023\/10\/2597-Tarama-au-caviar.jpg","contentUrl":"https:\/\/caviar-de-neuvic.com\/wp-content\/uploads\/2023\/10\/2597-Tarama-au-caviar.jpg","width":1100,"height":1422,"caption":"Tarama au caviar"},{"@type":"BreadcrumbList","@id":"https:\/\/caviar-de-neuvic.com\/p\/accueil\/l-epicerie-neuvic\/epicerie-caviar\/tarama-au-caviar\/#breadcrumb","itemListElement":[{"@type":"ListItem","position":1,"name":"Caviar de Neuvic","item":"https:\/\/caviar-de-neuvic.com\/"},{"@type":"ListItem","position":2,"name":"Shop","item":"https:\/\/caviar-de-neuvic.com\/en\/shop\/"},{"@type":"ListItem","position":3,"name":"Tarama au caviar"}]},{"@type":"WebSite","@id":"http:\/\/caviar-de-neuvic.com\/fr\/#website","url":"http:\/\/caviar-de-neuvic.com\/fr\/","name":"Producteur Fran\u00e7ais De Caviar","description":"","publisher":{"@id":"http:\/\/caviar-de-neuvic.com\/fr\/#organization"},"potentialAction":[{"@type":"SearchAction","target":{"@type":"EntryPoint","urlTemplate":"http:\/\/caviar-de-neuvic.com\/fr\/?s={search_term_string}"},"query-input":{"@type":"PropertyValueSpecification","valueRequired":true,"valueName":"search_term_string"}}],"inLanguage":"fr-FR"},{"@type":"Organization","@id":"http:\/\/caviar-de-neuvic.com\/fr\/#organization","name":"Producteur Fran\u00e7ais De Caviar","url":"http:\/\/caviar-de-neuvic.com\/fr\/","logo":{"@type":"ImageObject","inLanguage":"fr-FR","@id":"http:\/\/caviar-de-neuvic.com\/fr\/#\/schema\/logo\/image\/","url":"","contentUrl":"","caption":"Producteur Fran\u00e7ais De Caviar"},"image":{"@id":"http:\/\/caviar-de-neuvic.com\/fr\/#\/schema\/logo\/image\/"}}]}},"_links":{"self":[{"href":"https:\/\/caviar-de-neuvic.com\/fr\/wp-json\/wp\/v2\/product\/2157","targetHints":{"allow":["GET"]}}],"collection":[{"href":"https:\/\/caviar-de-neuvic.com\/fr\/wp-json\/wp\/v2\/product"}],"about":[{"href":"https:\/\/caviar-de-neuvic.com\/fr\/wp-json\/wp\/v2\/types\/product"}],"version-history":[{"count":2,"href":"https:\/\/caviar-de-neuvic.com\/fr\/wp-json\/wp\/v2\/product\/2157\/revisions"}],"predecessor-version":[{"id":29585,"href":"https:\/\/caviar-de-neuvic.com\/fr\/wp-json\/wp\/v2\/product\/2157\/revisions\/29585"}],"wp:featuredmedia":[{"embeddable":true,"href":"https:\/\/caviar-de-neuvic.com\/fr\/wp-json\/wp\/v2\/media\/2155"}],"wp:attachment":[{"href":"https:\/\/caviar-de-neuvic.com\/fr\/wp-json\/wp\/v2\/media?parent=2157"}],"wp:term":[{"taxonomy":"product_brand","embeddable":true,"href":"https:\/\/caviar-de-neuvic.com\/fr\/wp-json\/wp\/v2\/product_brand?post=2157"},{"taxonomy":"product_cat","embeddable":true,"href":"https:\/\/caviar-de-neuvic.com\/fr\/wp-json\/wp\/v2\/product_cat?post=2157"},{"taxonomy":"product_tag","embeddable":true,"href":"https:\/\/caviar-de-neuvic.com\/fr\/wp-json\/wp\/v2\/product_tag?post=2157"}],"curies":[{"name":"wp","href":"https:\/\/api.w.org\/{rel}","templated":true}]}}