{"id":2159,"date":"2023-11-06T15:26:12","date_gmt":"2023-11-06T15:26:12","guid":{"rendered":"https:\/\/caviar-de-neuvic.com\/produits\/saumon-fume-entier\/"},"modified":"2025-12-30T16:02:49","modified_gmt":"2025-12-30T15:02:49","slug":"saumon-fume-entier","status":"publish","type":"product","link":"https:\/\/caviar-de-neuvic.com\/fr\/p\/accueil\/poisson-fume\/saumon-fume\/saumon-fume-entier\/","title":{"rendered":"Saumon fum\u00e9 entier"},"content":{"rendered":"<p><strong>Servir<\/strong><\/p>\n<p>Il peut \u00eatre pr\u00e9sent\u00e9 en ap\u00e9ritif sur une tranche de pain grill\u00e9 avec un filet de citron. Il peut \u00e9galement agr\u00e9menter vos salades, p\u00e2tes ou \u00e9cras\u00e9 de pommes de terre\u2026<\/p>\n<p><strong>Valeurs nutritionnelles<\/strong><\/p>\n<table class=\"table table-bordered valeurs\" border=\"1\">\n<thead>\n<tr>\n<th colspan=\"4\">Pour 100 g<\/th>\n<\/tr>\n<\/thead>\n<tbody>\n<tr>\n<td>Valeur \u00e9nerg\u00e9tique (Kcal)<\/td>\n<td>229<\/td>\n<td>Lipides (g) dont acides gras satur\u00e9s (g)<\/td>\n<td>18,6\u00a0(3,89)<\/td>\n<\/tr>\n<tr>\n<td>Valeur \u00e9nerg\u00e9tique (Kj)<\/td>\n<td>955<\/td>\n<td>Glucides (g) dont sucres (g)<\/td>\n<td>0 (0)<\/td>\n<\/tr>\n<tr>\n<td>Prot\u00e9ines (g)<\/td>\n<td>23,6<\/td>\n<td>Sodium (g)<\/td>\n<td>1,3<\/td>\n<\/tr>\n<\/tbody>\n<\/table>\n","protected":false},"excerpt":{"rendered":"<p>D\u2019origine Norv\u00e9gienne, notre saumon fum\u00e9 entier labellis\u00e9 B\u00f6mlo\u00a0est\u00a0ensuite transform\u00e9 par nos soins au domaine \u00e0 Neuvic. Dans un\u00a0premier temps, ils sont sal\u00e9s \u00e0 la main avant d\u2019\u00eatre fum\u00e9s entiers pendant de nombreuses heures au bois de h\u00eatre.<\/p>\n<h2>Saumon labellis\u00e9 B\u00f6mlo<\/h2>\n<p>D\u00e9couvrez le saumon B\u00f6mlo, un produit d\u2019exception issu d\u2019un \u00e9levage dans un cadre naturel id\u00e9al. Baign\u00e9 par une eau froide et des courants marins puissants, il grandit dans des conditions proches de son habitat sauvage. Son bien-\u00eatre est pr\u00e9serv\u00e9 gr\u00e2ce \u00e0 une faible densit\u00e9 d\u2019\u00e9levage (1 % de saumon pour 99 % d\u2019eau), garantissant une croissance sans stress et sans recours aux antibiotiques. Nourri avec une alimentation naturelle, sans OGM ni antibiotiques, il offre une chair d\u2019une qualit\u00e9 remarquable. Fid\u00e8le \u00e0 ses engagements responsables et respectueux de l\u2019environnement, la Maison Neuvic s\u00e9lectionne rigoureusement ses mati\u00e8res premi\u00e8res.<\/p>\n<p>C\u2019est un produit incontournable pour vos r\u00e9ceptions ou diners entre amis. Notre saumon fum\u00e9 \u00e0 une texture moelleuse et fondante incomparable.<\/p>\n<p><strong>Saumon fum\u00e9 entier : ultra frais, tout juste sorti de notre fumoir !<\/strong><br \/>\nNe manquez pas l\u2019occasion de d\u00e9guster un saumon fum\u00e9 entier, pr\u00e9par\u00e9 avec soin dans notre fumoir artisanal.<br \/>\n<strong>Livraison pr\u00e9vue \u00e0 partir de la prochaine production<\/strong><\/p>\n<p>Poids : 1,150 kg<br \/>\nDLC :<\/p>\n","protected":false},"featured_media":2158,"template":"","meta":{"_acf_changed":false,"ocean_post_layout":"","ocean_both_sidebars_style":"","ocean_both_sidebars_content_width":0,"ocean_both_sidebars_sidebars_width":0,"ocean_sidebar":"0","ocean_second_sidebar":"0","ocean_disable_margins":"enable","ocean_add_body_class":"","ocean_shortcode_before_top_bar":"","ocean_shortcode_after_top_bar":"","ocean_shortcode_before_header":"","ocean_shortcode_after_header":"","ocean_has_shortcode":"","ocean_shortcode_after_title":"","ocean_shortcode_before_footer_widgets":"","ocean_shortcode_after_footer_widgets":"","ocean_shortcode_before_footer_bottom":"","ocean_shortcode_after_footer_bottom":"","ocean_display_top_bar":"default","ocean_display_header":"default","ocean_header_style":"","ocean_center_header_left_menu":"0","ocean_custom_header_template":"0","ocean_custom_logo":0,"ocean_custom_retina_logo":0,"ocean_custom_logo_max_width":0,"ocean_custom_logo_tablet_max_width":0,"ocean_custom_logo_mobile_max_width":0,"ocean_custom_logo_max_height":0,"ocean_custom_logo_tablet_max_height":0,"ocean_custom_logo_mobile_max_height":0,"ocean_header_custom_menu":"0","ocean_menu_typo_font_family":"0","ocean_menu_typo_font_subset":"","ocean_menu_typo_font_size":0,"ocean_menu_typo_font_size_tablet":0,"ocean_menu_typo_font_size_mobile":0,"ocean_menu_typo_font_size_unit":"px","ocean_menu_typo_font_weight":"","ocean_menu_typo_font_weight_tablet":"","ocean_menu_typo_font_weight_mobile":"","ocean_menu_typo_transform":"","ocean_menu_typo_transform_tablet":"","ocean_menu_typo_transform_mobile":"","ocean_menu_typo_line_height":0,"ocean_menu_typo_line_height_tablet":0,"ocean_menu_typo_line_height_mobile":0,"ocean_menu_typo_line_height_unit":"","ocean_menu_typo_spacing":0,"ocean_menu_typo_spacing_tablet":0,"ocean_menu_typo_spacing_mobile":0,"ocean_menu_typo_spacing_unit":"","ocean_menu_link_color":"","ocean_menu_link_color_hover":"","ocean_menu_link_color_active":"","ocean_menu_link_background":"","ocean_menu_link_hover_background":"","ocean_menu_link_active_background":"","ocean_menu_social_links_bg":"","ocean_menu_social_hover_links_bg":"","ocean_menu_social_links_color":"","ocean_menu_social_hover_links_color":"","ocean_disable_title":"default","ocean_disable_heading":"default","ocean_post_title":"","ocean_post_subheading":"","ocean_post_title_style":"","ocean_post_title_background_color":"","ocean_post_title_background":0,"ocean_post_title_bg_image_position":"","ocean_post_title_bg_image_attachment":"","ocean_post_title_bg_image_repeat":"","ocean_post_title_bg_image_size":"","ocean_post_title_height":0,"ocean_post_title_bg_overlay":0.5,"ocean_post_title_bg_overlay_color":"","ocean_disable_breadcrumbs":"default","ocean_breadcrumbs_color":"","ocean_breadcrumbs_separator_color":"","ocean_breadcrumbs_links_color":"","ocean_breadcrumbs_links_hover_color":"","ocean_display_footer_widgets":"default","ocean_display_footer_bottom":"default","ocean_custom_footer_template":"0","omw_enable_modal_window":"enable"},"product_brand":[],"product_cat":[25,511],"product_tag":[],"class_list":{"0":"post-2159","1":"product","2":"type-product","3":"status-publish","4":"has-post-thumbnail","6":"product_cat-poisson-fume","7":"product_cat-saumon-fume","8":"pa_conservation-ca-aurefrigerateurentre0et4c","10":"entry","11":"has-media","13":"first","14":"outofstock","15":"taxable","16":"shipping-taxable","17":"purchasable","18":"product-type-simple","19":"col","20":"span_1_of_3","21":"owp-content-center","22":"item-entry","23":"owp-thumbs-layout-vertical","24":"owp-btn-normal","25":"owp-tabs-layout-horizontal"},"acf":[],"yoast_head":"<!-- This site is optimized with the Yoast SEO plugin v27.4 - https:\/\/yoast.com\/product\/yoast-seo-wordpress\/ -->\n<title>Saumon fum\u00e9 entier - Caviar de Neuvic<\/title>\n<meta name=\"description\" content=\"Le saumon fum\u00e9 entier est un produit incontournable pour vos r\u00e9ceptions ou diners entre amis. Notre saumon fum\u00e9 \u00e0 une texture moelleuse et fondante incomparable.\" \/>\n<meta name=\"robots\" content=\"index, follow, max-snippet:-1, max-image-preview:large, max-video-preview:-1\" \/>\n<link rel=\"canonical\" href=\"https:\/\/caviar-de-neuvic.com\/fr\/p\/accueil\/poisson-fume\/saumon-fume\/saumon-fume-entier\/\" \/>\n<meta property=\"og:locale\" content=\"fr_FR\" \/>\n<meta property=\"og:type\" content=\"article\" \/>\n<meta property=\"og:title\" content=\"Saumon fum\u00e9 entier - Caviar de Neuvic\" \/>\n<meta property=\"og:description\" content=\"Le saumon fum\u00e9 entier est un produit incontournable pour vos r\u00e9ceptions ou diners entre amis. Notre saumon fum\u00e9 \u00e0 une texture moelleuse et fondante incomparable.\" \/>\n<meta property=\"og:url\" content=\"https:\/\/caviar-de-neuvic.com\/fr\/p\/accueil\/poisson-fume\/saumon-fume\/saumon-fume-entier\/\" \/>\n<meta property=\"og:site_name\" content=\"Producteur Fran\u00e7ais De Caviar\" \/>\n<meta property=\"article:modified_time\" content=\"2025-12-30T15:02:49+00:00\" \/>\n<meta property=\"og:image\" content=\"https:\/\/caviar-de-neuvic.com\/wp-content\/uploads\/2023\/11\/2603-Saumon-fume-entier.jpg\" \/>\n\t<meta property=\"og:image:width\" content=\"1100\" \/>\n\t<meta property=\"og:image:height\" content=\"1422\" \/>\n\t<meta property=\"og:image:type\" content=\"image\/jpeg\" \/>\n<meta name=\"twitter:card\" content=\"summary_large_image\" \/>\n<meta name=\"twitter:label1\" content=\"Dur\u00e9e de lecture estim\u00e9e\" \/>\n\t<meta name=\"twitter:data1\" content=\"1 minute\" \/>\n<script type=\"application\/ld+json\" class=\"yoast-schema-graph\">{\"@context\":\"https:\\\/\\\/schema.org\",\"@graph\":[{\"@type\":\"WebPage\",\"@id\":\"https:\\\/\\\/caviar-de-neuvic.com\\\/p\\\/accueil\\\/poisson-fume\\\/saumon-fume\\\/saumon-fume-entier\\\/\",\"url\":\"https:\\\/\\\/caviar-de-neuvic.com\\\/p\\\/accueil\\\/poisson-fume\\\/saumon-fume\\\/saumon-fume-entier\\\/\",\"name\":\"Saumon fum\u00e9 entier - Caviar de Neuvic\",\"isPartOf\":{\"@id\":\"http:\\\/\\\/caviar-de-neuvic.com\\\/fr\\\/#website\"},\"primaryImageOfPage\":{\"@id\":\"https:\\\/\\\/caviar-de-neuvic.com\\\/p\\\/accueil\\\/poisson-fume\\\/saumon-fume\\\/saumon-fume-entier\\\/#primaryimage\"},\"image\":{\"@id\":\"https:\\\/\\\/caviar-de-neuvic.com\\\/p\\\/accueil\\\/poisson-fume\\\/saumon-fume\\\/saumon-fume-entier\\\/#primaryimage\"},\"thumbnailUrl\":\"https:\\\/\\\/caviar-de-neuvic.com\\\/wp-content\\\/uploads\\\/2023\\\/11\\\/2603-Saumon-fume-entier.jpg\",\"datePublished\":\"2023-11-06T15:26:12+00:00\",\"dateModified\":\"2025-12-30T15:02:49+00:00\",\"description\":\"Le saumon fum\u00e9 entier est un produit incontournable pour vos r\u00e9ceptions ou diners entre amis. Notre saumon fum\u00e9 \u00e0 une texture moelleuse et fondante incomparable.\",\"breadcrumb\":{\"@id\":\"https:\\\/\\\/caviar-de-neuvic.com\\\/p\\\/accueil\\\/poisson-fume\\\/saumon-fume\\\/saumon-fume-entier\\\/#breadcrumb\"},\"inLanguage\":\"fr-FR\",\"potentialAction\":[{\"@type\":\"ReadAction\",\"target\":[\"https:\\\/\\\/caviar-de-neuvic.com\\\/p\\\/accueil\\\/poisson-fume\\\/saumon-fume\\\/saumon-fume-entier\\\/\"]}]},{\"@type\":\"ImageObject\",\"inLanguage\":\"fr-FR\",\"@id\":\"https:\\\/\\\/caviar-de-neuvic.com\\\/p\\\/accueil\\\/poisson-fume\\\/saumon-fume\\\/saumon-fume-entier\\\/#primaryimage\",\"url\":\"https:\\\/\\\/caviar-de-neuvic.com\\\/wp-content\\\/uploads\\\/2023\\\/11\\\/2603-Saumon-fume-entier.jpg\",\"contentUrl\":\"https:\\\/\\\/caviar-de-neuvic.com\\\/wp-content\\\/uploads\\\/2023\\\/11\\\/2603-Saumon-fume-entier.jpg\",\"width\":1100,\"height\":1422,\"caption\":\"Saumon fum\u00e9 entier\"},{\"@type\":\"BreadcrumbList\",\"@id\":\"https:\\\/\\\/caviar-de-neuvic.com\\\/p\\\/accueil\\\/poisson-fume\\\/saumon-fume\\\/saumon-fume-entier\\\/#breadcrumb\",\"itemListElement\":[{\"@type\":\"ListItem\",\"position\":1,\"name\":\"Caviar de Neuvic\",\"item\":\"https:\\\/\\\/caviar-de-neuvic.com\\\/\"},{\"@type\":\"ListItem\",\"position\":2,\"name\":\"Shop\",\"item\":\"https:\\\/\\\/caviar-de-neuvic.com\\\/en\\\/shop\\\/\"},{\"@type\":\"ListItem\",\"position\":3,\"name\":\"Saumon fum\u00e9 entier\"}]},{\"@type\":\"WebSite\",\"@id\":\"http:\\\/\\\/caviar-de-neuvic.com\\\/fr\\\/#website\",\"url\":\"http:\\\/\\\/caviar-de-neuvic.com\\\/fr\\\/\",\"name\":\"Producteur Fran\u00e7ais De Caviar\",\"description\":\"\",\"publisher\":{\"@id\":\"http:\\\/\\\/caviar-de-neuvic.com\\\/fr\\\/#organization\"},\"potentialAction\":[{\"@type\":\"SearchAction\",\"target\":{\"@type\":\"EntryPoint\",\"urlTemplate\":\"http:\\\/\\\/caviar-de-neuvic.com\\\/fr\\\/?s={search_term_string}\"},\"query-input\":{\"@type\":\"PropertyValueSpecification\",\"valueRequired\":true,\"valueName\":\"search_term_string\"}}],\"inLanguage\":\"fr-FR\"},{\"@type\":\"Organization\",\"@id\":\"http:\\\/\\\/caviar-de-neuvic.com\\\/fr\\\/#organization\",\"name\":\"Producteur Fran\u00e7ais De Caviar\",\"url\":\"http:\\\/\\\/caviar-de-neuvic.com\\\/fr\\\/\",\"logo\":{\"@type\":\"ImageObject\",\"inLanguage\":\"fr-FR\",\"@id\":\"http:\\\/\\\/caviar-de-neuvic.com\\\/fr\\\/#\\\/schema\\\/logo\\\/image\\\/\",\"url\":\"\",\"contentUrl\":\"\",\"caption\":\"Producteur Fran\u00e7ais De Caviar\"},\"image\":{\"@id\":\"http:\\\/\\\/caviar-de-neuvic.com\\\/fr\\\/#\\\/schema\\\/logo\\\/image\\\/\"}}]}<\/script>\n<!-- \/ Yoast SEO plugin. -->","yoast_head_json":{"title":"Saumon fum\u00e9 entier - Caviar de Neuvic","description":"Le saumon fum\u00e9 entier est un produit incontournable pour vos r\u00e9ceptions ou diners entre amis. Notre saumon fum\u00e9 \u00e0 une texture moelleuse et fondante incomparable.","robots":{"index":"index","follow":"follow","max-snippet":"max-snippet:-1","max-image-preview":"max-image-preview:large","max-video-preview":"max-video-preview:-1"},"canonical":"https:\/\/caviar-de-neuvic.com\/fr\/p\/accueil\/poisson-fume\/saumon-fume\/saumon-fume-entier\/","og_locale":"fr_FR","og_type":"article","og_title":"Saumon fum\u00e9 entier - Caviar de Neuvic","og_description":"Le saumon fum\u00e9 entier est un produit incontournable pour vos r\u00e9ceptions ou diners entre amis. Notre saumon fum\u00e9 \u00e0 une texture moelleuse et fondante incomparable.","og_url":"https:\/\/caviar-de-neuvic.com\/fr\/p\/accueil\/poisson-fume\/saumon-fume\/saumon-fume-entier\/","og_site_name":"Producteur Fran\u00e7ais De Caviar","article_modified_time":"2025-12-30T15:02:49+00:00","og_image":[{"width":1100,"height":1422,"url":"https:\/\/caviar-de-neuvic.com\/wp-content\/uploads\/2023\/11\/2603-Saumon-fume-entier.jpg","type":"image\/jpeg"}],"twitter_card":"summary_large_image","twitter_misc":{"Dur\u00e9e de lecture estim\u00e9e":"1 minute"},"schema":{"@context":"https:\/\/schema.org","@graph":[{"@type":"WebPage","@id":"https:\/\/caviar-de-neuvic.com\/p\/accueil\/poisson-fume\/saumon-fume\/saumon-fume-entier\/","url":"https:\/\/caviar-de-neuvic.com\/p\/accueil\/poisson-fume\/saumon-fume\/saumon-fume-entier\/","name":"Saumon fum\u00e9 entier - Caviar de Neuvic","isPartOf":{"@id":"http:\/\/caviar-de-neuvic.com\/fr\/#website"},"primaryImageOfPage":{"@id":"https:\/\/caviar-de-neuvic.com\/p\/accueil\/poisson-fume\/saumon-fume\/saumon-fume-entier\/#primaryimage"},"image":{"@id":"https:\/\/caviar-de-neuvic.com\/p\/accueil\/poisson-fume\/saumon-fume\/saumon-fume-entier\/#primaryimage"},"thumbnailUrl":"https:\/\/caviar-de-neuvic.com\/wp-content\/uploads\/2023\/11\/2603-Saumon-fume-entier.jpg","datePublished":"2023-11-06T15:26:12+00:00","dateModified":"2025-12-30T15:02:49+00:00","description":"Le saumon fum\u00e9 entier est un produit incontournable pour vos r\u00e9ceptions ou diners entre amis. Notre saumon fum\u00e9 \u00e0 une texture moelleuse et fondante incomparable.","breadcrumb":{"@id":"https:\/\/caviar-de-neuvic.com\/p\/accueil\/poisson-fume\/saumon-fume\/saumon-fume-entier\/#breadcrumb"},"inLanguage":"fr-FR","potentialAction":[{"@type":"ReadAction","target":["https:\/\/caviar-de-neuvic.com\/p\/accueil\/poisson-fume\/saumon-fume\/saumon-fume-entier\/"]}]},{"@type":"ImageObject","inLanguage":"fr-FR","@id":"https:\/\/caviar-de-neuvic.com\/p\/accueil\/poisson-fume\/saumon-fume\/saumon-fume-entier\/#primaryimage","url":"https:\/\/caviar-de-neuvic.com\/wp-content\/uploads\/2023\/11\/2603-Saumon-fume-entier.jpg","contentUrl":"https:\/\/caviar-de-neuvic.com\/wp-content\/uploads\/2023\/11\/2603-Saumon-fume-entier.jpg","width":1100,"height":1422,"caption":"Saumon fum\u00e9 entier"},{"@type":"BreadcrumbList","@id":"https:\/\/caviar-de-neuvic.com\/p\/accueil\/poisson-fume\/saumon-fume\/saumon-fume-entier\/#breadcrumb","itemListElement":[{"@type":"ListItem","position":1,"name":"Caviar de Neuvic","item":"https:\/\/caviar-de-neuvic.com\/"},{"@type":"ListItem","position":2,"name":"Shop","item":"https:\/\/caviar-de-neuvic.com\/en\/shop\/"},{"@type":"ListItem","position":3,"name":"Saumon fum\u00e9 entier"}]},{"@type":"WebSite","@id":"http:\/\/caviar-de-neuvic.com\/fr\/#website","url":"http:\/\/caviar-de-neuvic.com\/fr\/","name":"Producteur Fran\u00e7ais De Caviar","description":"","publisher":{"@id":"http:\/\/caviar-de-neuvic.com\/fr\/#organization"},"potentialAction":[{"@type":"SearchAction","target":{"@type":"EntryPoint","urlTemplate":"http:\/\/caviar-de-neuvic.com\/fr\/?s={search_term_string}"},"query-input":{"@type":"PropertyValueSpecification","valueRequired":true,"valueName":"search_term_string"}}],"inLanguage":"fr-FR"},{"@type":"Organization","@id":"http:\/\/caviar-de-neuvic.com\/fr\/#organization","name":"Producteur Fran\u00e7ais De Caviar","url":"http:\/\/caviar-de-neuvic.com\/fr\/","logo":{"@type":"ImageObject","inLanguage":"fr-FR","@id":"http:\/\/caviar-de-neuvic.com\/fr\/#\/schema\/logo\/image\/","url":"","contentUrl":"","caption":"Producteur Fran\u00e7ais De Caviar"},"image":{"@id":"http:\/\/caviar-de-neuvic.com\/fr\/#\/schema\/logo\/image\/"}}]}},"_links":{"self":[{"href":"https:\/\/caviar-de-neuvic.com\/fr\/wp-json\/wp\/v2\/product\/2159","targetHints":{"allow":["GET"]}}],"collection":[{"href":"https:\/\/caviar-de-neuvic.com\/fr\/wp-json\/wp\/v2\/product"}],"about":[{"href":"https:\/\/caviar-de-neuvic.com\/fr\/wp-json\/wp\/v2\/types\/product"}],"version-history":[{"count":3,"href":"https:\/\/caviar-de-neuvic.com\/fr\/wp-json\/wp\/v2\/product\/2159\/revisions"}],"predecessor-version":[{"id":29962,"href":"https:\/\/caviar-de-neuvic.com\/fr\/wp-json\/wp\/v2\/product\/2159\/revisions\/29962"}],"wp:featuredmedia":[{"embeddable":true,"href":"https:\/\/caviar-de-neuvic.com\/fr\/wp-json\/wp\/v2\/media\/2158"}],"wp:attachment":[{"href":"https:\/\/caviar-de-neuvic.com\/fr\/wp-json\/wp\/v2\/media?parent=2159"}],"wp:term":[{"taxonomy":"product_brand","embeddable":true,"href":"https:\/\/caviar-de-neuvic.com\/fr\/wp-json\/wp\/v2\/product_brand?post=2159"},{"taxonomy":"product_cat","embeddable":true,"href":"https:\/\/caviar-de-neuvic.com\/fr\/wp-json\/wp\/v2\/product_cat?post=2159"},{"taxonomy":"product_tag","embeddable":true,"href":"https:\/\/caviar-de-neuvic.com\/fr\/wp-json\/wp\/v2\/product_tag?post=2159"}],"curies":[{"name":"wp","href":"https:\/\/api.w.org\/{rel}","templated":true}]}}