{"id":2482,"date":"2025-01-28T09:42:03","date_gmt":"2025-01-28T09:42:03","guid":{"rendered":"https:\/\/caviar-de-neuvic.com\/produits\/taittinger-cuvee-prestige-375cl\/"},"modified":"2026-02-17T17:31:14","modified_gmt":"2026-02-17T16:31:14","slug":"taittinger-cuvee-prestige-375cl","status":"publish","type":"product","link":"https:\/\/caviar-de-neuvic.com\/fr\/p\/accueil\/accompagner-le-caviar\/taittinger-cuvee-prestige-375cl\/","title":{"rendered":"Taittinger &#8211; Cuv\u00e9e Prestige &#8211; 37,5cl"},"content":{"rendered":"","protected":false},"excerpt":{"rendered":"<p>D\u00e9couvrez la Cuv\u00e9e Prestige de Taittinger, un champagne embl\u00e9matique qui incarne l\u2019\u00e9l\u00e9gance et le savoir-faire d\u2019une maison historique. Taittinger est l\u2019une des derni\u00e8res grandes maisons de Champagne \u00e0 avoir conserv\u00e9 son ind\u00e9pendance et \u00e0 porter fi\u00e8rement le nom de ses propri\u00e9taires et dirigeants. Ce gage de tradition garantit un savoir-faire intact et un style unique, caract\u00e9ris\u00e9 par une forte proportion de Chardonnay, synonyme de finesse et d\u2019\u00e9l\u00e9gance.<\/p>\n<h2>Cuv\u00e9e Prestige Taittinger : assemblage et saveurs<\/h2>\n<p>La Cuv\u00e9e Prestige est le fruit d\u2019un assemblage harmonieux de Pinot Noir (60 %) et de Chardonnay (40 %). Sa robe dor\u00e9e et ses fines bulles r\u00e9v\u00e8lent un bouquet aromatique subtil, m\u00ealant notes de fruits frais (p\u00eache, poire) et ar\u00f4mes floraux d\u00e9licats. En bouche, son \u00e9quilibre parfait entre fra\u00eecheur et rondeur offre une exp\u00e9rience gustative raffin\u00e9e et persistante.<\/p>\n<h2>Le format id\u00e9al pour un instant \u00e0 2<\/h2>\n<p>Cette demi-bouteille de 37,5 cl est id\u00e9ale pour un moment de d\u00e9gustation \u00e0 deux, un ap\u00e9ritif \u00e9l\u00e9gant ou une c\u00e9l\u00e9bration intimiste. Son format pratique permet de savourer le charme de Taittinger sans compromis.<\/p>\n","protected":false},"featured_media":25852,"template":"","meta":{"_acf_changed":false,"ocean_post_layout":"","ocean_both_sidebars_style":"","ocean_both_sidebars_content_width":0,"ocean_both_sidebars_sidebars_width":0,"ocean_sidebar":"0","ocean_second_sidebar":"0","ocean_disable_margins":"enable","ocean_add_body_class":"","ocean_shortcode_before_top_bar":"","ocean_shortcode_after_top_bar":"","ocean_shortcode_before_header":"","ocean_shortcode_after_header":"","ocean_has_shortcode":"","ocean_shortcode_after_title":"","ocean_shortcode_before_footer_widgets":"","ocean_shortcode_after_footer_widgets":"","ocean_shortcode_before_footer_bottom":"","ocean_shortcode_after_footer_bottom":"","ocean_display_top_bar":"default","ocean_display_header":"default","ocean_header_style":"","ocean_center_header_left_menu":"0","ocean_custom_header_template":"0","ocean_custom_logo":0,"ocean_custom_retina_logo":0,"ocean_custom_logo_max_width":0,"ocean_custom_logo_tablet_max_width":0,"ocean_custom_logo_mobile_max_width":0,"ocean_custom_logo_max_height":0,"ocean_custom_logo_tablet_max_height":0,"ocean_custom_logo_mobile_max_height":0,"ocean_header_custom_menu":"0","ocean_menu_typo_font_family":"0","ocean_menu_typo_font_subset":"","ocean_menu_typo_font_size":0,"ocean_menu_typo_font_size_tablet":0,"ocean_menu_typo_font_size_mobile":0,"ocean_menu_typo_font_size_unit":"px","ocean_menu_typo_font_weight":"","ocean_menu_typo_font_weight_tablet":"","ocean_menu_typo_font_weight_mobile":"","ocean_menu_typo_transform":"","ocean_menu_typo_transform_tablet":"","ocean_menu_typo_transform_mobile":"","ocean_menu_typo_line_height":0,"ocean_menu_typo_line_height_tablet":0,"ocean_menu_typo_line_height_mobile":0,"ocean_menu_typo_line_height_unit":"","ocean_menu_typo_spacing":0,"ocean_menu_typo_spacing_tablet":0,"ocean_menu_typo_spacing_mobile":0,"ocean_menu_typo_spacing_unit":"","ocean_menu_link_color":"","ocean_menu_link_color_hover":"","ocean_menu_link_color_active":"","ocean_menu_link_background":"","ocean_menu_link_hover_background":"","ocean_menu_link_active_background":"","ocean_menu_social_links_bg":"","ocean_menu_social_hover_links_bg":"","ocean_menu_social_links_color":"","ocean_menu_social_hover_links_color":"","ocean_disable_title":"default","ocean_disable_heading":"default","ocean_post_title":"","ocean_post_subheading":"","ocean_post_title_style":"","ocean_post_title_background_color":"","ocean_post_title_background":0,"ocean_post_title_bg_image_position":"","ocean_post_title_bg_image_attachment":"","ocean_post_title_bg_image_repeat":"","ocean_post_title_bg_image_size":"","ocean_post_title_height":0,"ocean_post_title_bg_overlay":0.5,"ocean_post_title_bg_overlay_color":"","ocean_disable_breadcrumbs":"default","ocean_breadcrumbs_color":"","ocean_breadcrumbs_separator_color":"","ocean_breadcrumbs_links_color":"","ocean_breadcrumbs_links_hover_color":"","ocean_display_footer_widgets":"default","ocean_display_footer_bottom":"default","ocean_custom_footer_template":"0","omw_enable_modal_window":"enable"},"product_brand":[],"product_cat":[21,27],"product_tag":[],"class_list":{"0":"post-2482","1":"product","2":"type-product","3":"status-publish","4":"has-post-thumbnail","6":"product_cat-accompagner-le-caviar","7":"product_cat-vodka","8":"product_shipping_class-sec","9":"pa_conservation-endroitfraisetsec","10":"pa_degredalcool-175","11":"pa_livraison-sec","13":"entry","14":"has-media","16":"first","17":"instock","18":"taxable","19":"shipping-taxable","20":"purchasable","21":"product-type-simple","22":"has-product-nav","23":"col","24":"span_1_of_3","25":"owp-content-center","26":"item-entry","27":"owp-thumbs-layout-vertical","28":"owp-btn-normal","29":"owp-tabs-layout-horizontal"},"acf":[],"yoast_head":"<!-- This site is optimized with the Yoast SEO plugin v27.5 - https:\/\/yoast.com\/product\/yoast-seo-wordpress\/ -->\n<title>Taittinger Prestige 37,5cl - Caviar de Neuvic<\/title>\n<meta name=\"description\" content=\"Cette demi-bouteille de 37,5 cl est id\u00e9ale pour un moment de d\u00e9gustation \u00e0 deux, un ap\u00e9ritif \u00e9l\u00e9gant ou une c\u00e9l\u00e9bration intimiste. Son format pratique permet de savourer le charme de Taittinger sans compromis.\" \/>\n<meta name=\"robots\" content=\"index, follow, max-snippet:-1, max-image-preview:large, max-video-preview:-1\" \/>\n<link rel=\"canonical\" href=\"https:\/\/caviar-de-neuvic.com\/fr\/p\/accueil\/accompagner-le-caviar\/taittinger-cuvee-prestige-375cl\/\" \/>\n<meta property=\"og:locale\" content=\"fr_FR\" \/>\n<meta property=\"og:type\" content=\"article\" \/>\n<meta property=\"og:title\" content=\"Taittinger Prestige 37,5cl - Caviar de Neuvic\" \/>\n<meta property=\"og:description\" content=\"Cette demi-bouteille de 37,5 cl est id\u00e9ale pour un moment de d\u00e9gustation \u00e0 deux, un ap\u00e9ritif \u00e9l\u00e9gant ou une c\u00e9l\u00e9bration intimiste. Son format pratique permet de savourer le charme de Taittinger sans compromis.\" \/>\n<meta property=\"og:url\" content=\"https:\/\/caviar-de-neuvic.com\/fr\/p\/accueil\/accompagner-le-caviar\/taittinger-cuvee-prestige-375cl\/\" \/>\n<meta property=\"og:site_name\" content=\"Producteur Fran\u00e7ais De Caviar\" \/>\n<meta property=\"article:modified_time\" content=\"2026-02-17T16:31:14+00:00\" \/>\n<meta property=\"og:image\" content=\"https:\/\/caviar-de-neuvic.com\/wp-content\/uploads\/2025\/01\/2938-Taittinger-Cuvee-Prestige-375cl.jpg\" \/>\n\t<meta property=\"og:image:width\" content=\"1100\" \/>\n\t<meta property=\"og:image:height\" content=\"1422\" \/>\n\t<meta property=\"og:image:type\" content=\"image\/jpeg\" \/>\n<meta name=\"twitter:card\" content=\"summary_large_image\" \/>\n<meta name=\"twitter:label1\" content=\"Dur\u00e9e de lecture estim\u00e9e\" \/>\n\t<meta name=\"twitter:data1\" content=\"1 minute\" \/>\n<script type=\"application\/ld+json\" class=\"yoast-schema-graph\">{\"@context\":\"https:\\\/\\\/schema.org\",\"@graph\":[{\"@type\":\"WebPage\",\"@id\":\"https:\\\/\\\/caviar-de-neuvic.com\\\/p\\\/accueil\\\/accompagner-le-caviar\\\/taittinger-cuvee-prestige-375cl\\\/\",\"url\":\"https:\\\/\\\/caviar-de-neuvic.com\\\/p\\\/accueil\\\/accompagner-le-caviar\\\/taittinger-cuvee-prestige-375cl\\\/\",\"name\":\"Taittinger Prestige 37,5cl - Caviar de Neuvic\",\"isPartOf\":{\"@id\":\"http:\\\/\\\/caviar-de-neuvic.com\\\/fr\\\/#website\"},\"primaryImageOfPage\":{\"@id\":\"https:\\\/\\\/caviar-de-neuvic.com\\\/p\\\/accueil\\\/accompagner-le-caviar\\\/taittinger-cuvee-prestige-375cl\\\/#primaryimage\"},\"image\":{\"@id\":\"https:\\\/\\\/caviar-de-neuvic.com\\\/p\\\/accueil\\\/accompagner-le-caviar\\\/taittinger-cuvee-prestige-375cl\\\/#primaryimage\"},\"thumbnailUrl\":\"https:\\\/\\\/caviar-de-neuvic.com\\\/wp-content\\\/uploads\\\/2025\\\/01\\\/2938-Taittinger-Cuvee-Prestige-375cl.jpg\",\"datePublished\":\"2025-01-28T09:42:03+00:00\",\"dateModified\":\"2026-02-17T16:31:14+00:00\",\"description\":\"Cette demi-bouteille de 37,5 cl est id\u00e9ale pour un moment de d\u00e9gustation \u00e0 deux, un ap\u00e9ritif \u00e9l\u00e9gant ou une c\u00e9l\u00e9bration intimiste. Son format pratique permet de savourer le charme de Taittinger sans compromis.\",\"breadcrumb\":{\"@id\":\"https:\\\/\\\/caviar-de-neuvic.com\\\/p\\\/accueil\\\/accompagner-le-caviar\\\/taittinger-cuvee-prestige-375cl\\\/#breadcrumb\"},\"inLanguage\":\"fr-FR\",\"potentialAction\":[{\"@type\":\"ReadAction\",\"target\":[\"https:\\\/\\\/caviar-de-neuvic.com\\\/p\\\/accueil\\\/accompagner-le-caviar\\\/taittinger-cuvee-prestige-375cl\\\/\"]}]},{\"@type\":\"ImageObject\",\"inLanguage\":\"fr-FR\",\"@id\":\"https:\\\/\\\/caviar-de-neuvic.com\\\/p\\\/accueil\\\/accompagner-le-caviar\\\/taittinger-cuvee-prestige-375cl\\\/#primaryimage\",\"url\":\"https:\\\/\\\/caviar-de-neuvic.com\\\/wp-content\\\/uploads\\\/2025\\\/01\\\/2938-Taittinger-Cuvee-Prestige-375cl.jpg\",\"contentUrl\":\"https:\\\/\\\/caviar-de-neuvic.com\\\/wp-content\\\/uploads\\\/2025\\\/01\\\/2938-Taittinger-Cuvee-Prestige-375cl.jpg\",\"width\":1100,\"height\":1422,\"caption\":\"Taittinger - Cuv\u00e9e Prestige - 37,5cl\"},{\"@type\":\"BreadcrumbList\",\"@id\":\"https:\\\/\\\/caviar-de-neuvic.com\\\/p\\\/accueil\\\/accompagner-le-caviar\\\/taittinger-cuvee-prestige-375cl\\\/#breadcrumb\",\"itemListElement\":[{\"@type\":\"ListItem\",\"position\":1,\"name\":\"Caviar de Neuvic\",\"item\":\"https:\\\/\\\/caviar-de-neuvic.com\\\/\"},{\"@type\":\"ListItem\",\"position\":2,\"name\":\"Shop\",\"item\":\"https:\\\/\\\/caviar-de-neuvic.com\\\/en\\\/shop\\\/\"},{\"@type\":\"ListItem\",\"position\":3,\"name\":\"Taittinger &#8211; Cuv\u00e9e Prestige &#8211; 37,5cl\"}]},{\"@type\":\"WebSite\",\"@id\":\"http:\\\/\\\/caviar-de-neuvic.com\\\/fr\\\/#website\",\"url\":\"http:\\\/\\\/caviar-de-neuvic.com\\\/fr\\\/\",\"name\":\"Producteur Fran\u00e7ais De Caviar\",\"description\":\"\",\"publisher\":{\"@id\":\"http:\\\/\\\/caviar-de-neuvic.com\\\/fr\\\/#organization\"},\"potentialAction\":[{\"@type\":\"SearchAction\",\"target\":{\"@type\":\"EntryPoint\",\"urlTemplate\":\"http:\\\/\\\/caviar-de-neuvic.com\\\/fr\\\/?s={search_term_string}\"},\"query-input\":{\"@type\":\"PropertyValueSpecification\",\"valueRequired\":true,\"valueName\":\"search_term_string\"}}],\"inLanguage\":\"fr-FR\"},{\"@type\":\"Organization\",\"@id\":\"http:\\\/\\\/caviar-de-neuvic.com\\\/fr\\\/#organization\",\"name\":\"Producteur Fran\u00e7ais De Caviar\",\"url\":\"http:\\\/\\\/caviar-de-neuvic.com\\\/fr\\\/\",\"logo\":{\"@type\":\"ImageObject\",\"inLanguage\":\"fr-FR\",\"@id\":\"http:\\\/\\\/caviar-de-neuvic.com\\\/fr\\\/#\\\/schema\\\/logo\\\/image\\\/\",\"url\":\"\",\"contentUrl\":\"\",\"caption\":\"Producteur Fran\u00e7ais De Caviar\"},\"image\":{\"@id\":\"http:\\\/\\\/caviar-de-neuvic.com\\\/fr\\\/#\\\/schema\\\/logo\\\/image\\\/\"}}]}<\/script>\n<!-- \/ Yoast SEO plugin. -->","yoast_head_json":{"title":"Taittinger Prestige 37,5cl - Caviar de Neuvic","description":"Cette demi-bouteille de 37,5 cl est id\u00e9ale pour un moment de d\u00e9gustation \u00e0 deux, un ap\u00e9ritif \u00e9l\u00e9gant ou une c\u00e9l\u00e9bration intimiste. Son format pratique permet de savourer le charme de Taittinger sans compromis.","robots":{"index":"index","follow":"follow","max-snippet":"max-snippet:-1","max-image-preview":"max-image-preview:large","max-video-preview":"max-video-preview:-1"},"canonical":"https:\/\/caviar-de-neuvic.com\/fr\/p\/accueil\/accompagner-le-caviar\/taittinger-cuvee-prestige-375cl\/","og_locale":"fr_FR","og_type":"article","og_title":"Taittinger Prestige 37,5cl - Caviar de Neuvic","og_description":"Cette demi-bouteille de 37,5 cl est id\u00e9ale pour un moment de d\u00e9gustation \u00e0 deux, un ap\u00e9ritif \u00e9l\u00e9gant ou une c\u00e9l\u00e9bration intimiste. Son format pratique permet de savourer le charme de Taittinger sans compromis.","og_url":"https:\/\/caviar-de-neuvic.com\/fr\/p\/accueil\/accompagner-le-caviar\/taittinger-cuvee-prestige-375cl\/","og_site_name":"Producteur Fran\u00e7ais De Caviar","article_modified_time":"2026-02-17T16:31:14+00:00","og_image":[{"width":1100,"height":1422,"url":"https:\/\/caviar-de-neuvic.com\/wp-content\/uploads\/2025\/01\/2938-Taittinger-Cuvee-Prestige-375cl.jpg","type":"image\/jpeg"}],"twitter_card":"summary_large_image","twitter_misc":{"Dur\u00e9e de lecture estim\u00e9e":"1 minute"},"schema":{"@context":"https:\/\/schema.org","@graph":[{"@type":"WebPage","@id":"https:\/\/caviar-de-neuvic.com\/p\/accueil\/accompagner-le-caviar\/taittinger-cuvee-prestige-375cl\/","url":"https:\/\/caviar-de-neuvic.com\/p\/accueil\/accompagner-le-caviar\/taittinger-cuvee-prestige-375cl\/","name":"Taittinger Prestige 37,5cl - Caviar de Neuvic","isPartOf":{"@id":"http:\/\/caviar-de-neuvic.com\/fr\/#website"},"primaryImageOfPage":{"@id":"https:\/\/caviar-de-neuvic.com\/p\/accueil\/accompagner-le-caviar\/taittinger-cuvee-prestige-375cl\/#primaryimage"},"image":{"@id":"https:\/\/caviar-de-neuvic.com\/p\/accueil\/accompagner-le-caviar\/taittinger-cuvee-prestige-375cl\/#primaryimage"},"thumbnailUrl":"https:\/\/caviar-de-neuvic.com\/wp-content\/uploads\/2025\/01\/2938-Taittinger-Cuvee-Prestige-375cl.jpg","datePublished":"2025-01-28T09:42:03+00:00","dateModified":"2026-02-17T16:31:14+00:00","description":"Cette demi-bouteille de 37,5 cl est id\u00e9ale pour un moment de d\u00e9gustation \u00e0 deux, un ap\u00e9ritif \u00e9l\u00e9gant ou une c\u00e9l\u00e9bration intimiste. Son format pratique permet de savourer le charme de Taittinger sans compromis.","breadcrumb":{"@id":"https:\/\/caviar-de-neuvic.com\/p\/accueil\/accompagner-le-caviar\/taittinger-cuvee-prestige-375cl\/#breadcrumb"},"inLanguage":"fr-FR","potentialAction":[{"@type":"ReadAction","target":["https:\/\/caviar-de-neuvic.com\/p\/accueil\/accompagner-le-caviar\/taittinger-cuvee-prestige-375cl\/"]}]},{"@type":"ImageObject","inLanguage":"fr-FR","@id":"https:\/\/caviar-de-neuvic.com\/p\/accueil\/accompagner-le-caviar\/taittinger-cuvee-prestige-375cl\/#primaryimage","url":"https:\/\/caviar-de-neuvic.com\/wp-content\/uploads\/2025\/01\/2938-Taittinger-Cuvee-Prestige-375cl.jpg","contentUrl":"https:\/\/caviar-de-neuvic.com\/wp-content\/uploads\/2025\/01\/2938-Taittinger-Cuvee-Prestige-375cl.jpg","width":1100,"height":1422,"caption":"Taittinger - Cuv\u00e9e Prestige - 37,5cl"},{"@type":"BreadcrumbList","@id":"https:\/\/caviar-de-neuvic.com\/p\/accueil\/accompagner-le-caviar\/taittinger-cuvee-prestige-375cl\/#breadcrumb","itemListElement":[{"@type":"ListItem","position":1,"name":"Caviar de Neuvic","item":"https:\/\/caviar-de-neuvic.com\/"},{"@type":"ListItem","position":2,"name":"Shop","item":"https:\/\/caviar-de-neuvic.com\/en\/shop\/"},{"@type":"ListItem","position":3,"name":"Taittinger &#8211; Cuv\u00e9e Prestige &#8211; 37,5cl"}]},{"@type":"WebSite","@id":"http:\/\/caviar-de-neuvic.com\/fr\/#website","url":"http:\/\/caviar-de-neuvic.com\/fr\/","name":"Producteur Fran\u00e7ais De Caviar","description":"","publisher":{"@id":"http:\/\/caviar-de-neuvic.com\/fr\/#organization"},"potentialAction":[{"@type":"SearchAction","target":{"@type":"EntryPoint","urlTemplate":"http:\/\/caviar-de-neuvic.com\/fr\/?s={search_term_string}"},"query-input":{"@type":"PropertyValueSpecification","valueRequired":true,"valueName":"search_term_string"}}],"inLanguage":"fr-FR"},{"@type":"Organization","@id":"http:\/\/caviar-de-neuvic.com\/fr\/#organization","name":"Producteur Fran\u00e7ais De Caviar","url":"http:\/\/caviar-de-neuvic.com\/fr\/","logo":{"@type":"ImageObject","inLanguage":"fr-FR","@id":"http:\/\/caviar-de-neuvic.com\/fr\/#\/schema\/logo\/image\/","url":"","contentUrl":"","caption":"Producteur Fran\u00e7ais De Caviar"},"image":{"@id":"http:\/\/caviar-de-neuvic.com\/fr\/#\/schema\/logo\/image\/"}}]}},"_links":{"self":[{"href":"https:\/\/caviar-de-neuvic.com\/fr\/wp-json\/wp\/v2\/product\/2482","targetHints":{"allow":["GET"]}}],"collection":[{"href":"https:\/\/caviar-de-neuvic.com\/fr\/wp-json\/wp\/v2\/product"}],"about":[{"href":"https:\/\/caviar-de-neuvic.com\/fr\/wp-json\/wp\/v2\/types\/product"}],"version-history":[{"count":2,"href":"https:\/\/caviar-de-neuvic.com\/fr\/wp-json\/wp\/v2\/product\/2482\/revisions"}],"predecessor-version":[{"id":29904,"href":"https:\/\/caviar-de-neuvic.com\/fr\/wp-json\/wp\/v2\/product\/2482\/revisions\/29904"}],"wp:featuredmedia":[{"embeddable":true,"href":"https:\/\/caviar-de-neuvic.com\/fr\/wp-json\/wp\/v2\/media\/25852"}],"wp:attachment":[{"href":"https:\/\/caviar-de-neuvic.com\/fr\/wp-json\/wp\/v2\/media?parent=2482"}],"wp:term":[{"taxonomy":"product_brand","embeddable":true,"href":"https:\/\/caviar-de-neuvic.com\/fr\/wp-json\/wp\/v2\/product_brand?post=2482"},{"taxonomy":"product_cat","embeddable":true,"href":"https:\/\/caviar-de-neuvic.com\/fr\/wp-json\/wp\/v2\/product_cat?post=2482"},{"taxonomy":"product_tag","embeddable":true,"href":"https:\/\/caviar-de-neuvic.com\/fr\/wp-json\/wp\/v2\/product_tag?post=2482"}],"curies":[{"name":"wp","href":"https:\/\/api.w.org\/{rel}","templated":true}]}}